{"id":1727,"date":"2019-10-07T17:52:50","date_gmt":"2019-10-07T16:52:50","guid":{"rendered":"https:\/\/www.healthy-heart.org\/factores-de-riesgo-de-sufrir-un-segundo-infarto-de-miocardio\/"},"modified":"2025-08-29T13:22:21","modified_gmt":"2025-08-29T12:22:21","slug":"factores-de-riesgo-de-sufrir-un-segundo-infarto-de-miocardio","status":"publish","type":"page","link":"https:\/\/www.healthy-heart.org\/es\/vivir-con-una-cardiopatia\/factores-de-riesgo-de-sufrir-un-segundo-infarto-de-miocardio\/","title":{"rendered":"Factores de riesgo de sufrir un segundo infarto de miocardio"},"content":{"rendered":"<p><img loading=\"lazy\" decoding=\"async\" class=\"alignright size-medium wp-image-494\" src=\"https:\/\/cdn-endpoint-prev.azureedge.net\/healthy-heart\/2019\/07\/iStock-908134236-e1565872918492-350x246.jpg\" alt=\"\" width=\"350\" height=\"246\" srcset=\"https:\/\/www.healthy-heart.org\/wp-content\/uploads\/2019\/07\/iStock-908134236-e1565872918492-350x246.jpg 350w, https:\/\/www.healthy-heart.org\/wp-content\/uploads\/2019\/07\/iStock-908134236-e1565872918492-200x140.jpg 200w, https:\/\/www.healthy-heart.org\/wp-content\/uploads\/2019\/07\/iStock-908134236-e1565872918492-768x539.jpg 768w, https:\/\/www.healthy-heart.org\/wp-content\/uploads\/2019\/07\/iStock-908134236-e1565872918492-1024x719.jpg 1024w, https:\/\/www.healthy-heart.org\/wp-content\/uploads\/2019\/07\/iStock-908134236-e1565872918492-1536x1079.jpg 1536w, https:\/\/www.healthy-heart.org\/wp-content\/uploads\/2019\/07\/iStock-908134236-e1565872918492-2048x1438.jpg 2048w, https:\/\/www.healthy-heart.org\/wp-content\/uploads\/2019\/07\/iStock-908134236-e1565872918492-625x439.jpg 625w, https:\/\/www.healthy-heart.org\/wp-content\/uploads\/2019\/07\/iStock-908134236-e1565872918492-661x464.jpg 661w\" sizes=\"auto, (max-width: 350px) 100vw, 350px\" \/><\/p>\n<p>Es posible que se haya sometido a una cirug\u00eda y que siga un tratamiento para restablecer el suministro de sangre y ox\u00edgeno al m\u00fasculo card\u00edaco. Aunque estos tratamientos pueden aliviar los s\u00edntomas, el vaso sangu\u00edneo afectado puede estrecharse u obstruirse de nuevo. Adem\u00e1s, es posible que los mismos factores que causaron el primer ataque card\u00edaco hayan da\u00f1ado otros vasos sangu\u00edneos del organismo. Si estos vasos da\u00f1ados irrigan el coraz\u00f3n, podr\u00eda producirse otro infarto. Si irrigan el cerebro, pueden causar un ictus. La obstrucci\u00f3n de los vasos sangu\u00edneos de las piernas puede causar enfermedad arterial perif\u00e9rica.<\/p>\n<p>El riesgo de sufrir un segundo infarto u otro episodio cardiovascular var\u00eda de una persona a otra. Depende de numerosos factores, algunos modificables y otros no. Los factores de riesgo m\u00e1s importantes son:<\/p>\n<p><span style=\"text-decoration: underline;\"><strong>Factores de riesgo no modificables:<\/strong><\/span><\/p>\n<ul>\n<li>Edad<\/li>\n<li><a href=\"https:\/\/www.healthy-heart.org\/keep-your-heart-healthy\/differences-between-men-and-women\/\">Sexo<\/a><\/li>\n<li>N\u00famero y tipo de episodios cardiovasculares previos<\/li>\n<li>Capacidad restante de bombeo del coraz\u00f3n<\/li>\n<li>Presencia de fibrilaci\u00f3n auricular (trastorno del ritmo card\u00edaco &#8211; irregular y anormal)<\/li>\n<li>Disfunci\u00f3n renal<\/li>\n<\/ul>\n<p><span style=\"text-decoration: underline;\"><strong>Factores de riesgo modificables:<\/strong><\/span><\/p>\n<ul>\n<li><a href=\"https:\/\/www.healthy-heart.org\/keep-your-heart-healthy\/smoking\/\">Tabaquismo<\/a><\/li>\n<li><a href=\"https:\/\/www.healthy-heart.org\/keep-your-heart-healthy\/keeping-a-healthy-weight\/\">Peso corporal<\/a><\/li>\n<li><a href=\"https:\/\/www.healthy-heart.org\/keep-your-heart-healthy\/physical-activity\/\">Ejercicio f\u00edsico<\/a> frente a sedentarismo<\/li>\n<li><a href=\"https:\/\/www.healthy-heart.org\/keep-your-heart-healthy\/heart-friendly-diet\/\">Dieta saludable frente a poco saludable<\/a><\/li>\n<li><a href=\"https:\/\/www.healthy-heart.org\/keep-your-heart-healthy\/stress-and-sleep\/\">Estr\u00e9s psicosocial<\/a><\/li>\n<li><a href=\"https:\/\/www.healthy-heart.org\/keep-your-heart-healthy\/cholesterol\/\">Control del colesterol en sangre<\/a><\/li>\n<li><a href=\"https:\/\/www.healthy-heart.org\/keep-your-heart-healthy\/blood-pressure\/\">Control de la presi\u00f3n arterial<\/a><\/li>\n<li><a href=\"https:\/\/www.healthy-heart.org\/keep-your-heart-healthy\/diabetes\/\">Presencia y control de la diabetes mellitus<\/a><\/li>\n<li>Inflamaci\u00f3n cr\u00f3nica<\/li>\n<\/ul>\n<p>Es importante evaluar sus factores de riesgo para, en consecuencia, determinar los cambios de conducta y <a href=\"https:\/\/www.healthy-heart.org\/living-with-heart-disease\/types-of-medication\/\">el tratamiento farmacol\u00f3gico<\/a> necesarios para prevenir nuevos episodios cardiovasculares. Cualesquiera que sean sus niveles de riesgo, un estilo de vida saludable es crucial para prevenir un segundo infarto de miocardio. Esto incluye no <a href=\"https:\/\/www.healthy-heart.org\/keep-your-heart-healthy\/smoking\/\">fumar<\/a>, mantener un <a href=\"https:\/\/www.healthy-heart.org\/keep-your-heart-healthy\/keeping-a-healthy-weight\/\">peso saludable<\/a>, seguir una <a href=\"https:\/\/www.healthy-heart.org\/keep-your-heart-healthy\/heart-friendly-diet\/\">dieta equilibrada<\/a>, practicar <a href=\"https:\/\/www.healthy-heart.org\/keep-your-heart-healthy\/physical-activity\/\">actividad f\u00edsica<\/a> y gestionar con eficacia <a href=\"https:\/\/www.healthy-heart.org\/keep-your-heart-healthy\/stress-and-sleep\/\">el estr\u00e9s<\/a>, <a href=\"https:\/\/www.healthy-heart.org\/keep-your-heart-healthy\/blood-pressure\/\">la tensi\u00f3n arterial<\/a>, <a href=\"https:\/\/www.healthy-heart.org\/keep-your-heart-healthy\/cholesterol\/\">el colesterol<\/a> y <a href=\"https:\/\/www.healthy-heart.org\/keep-your-heart-healthy\/diabetes\/\">la diabetes<\/a>.<\/p>\n","protected":false},"excerpt":{"rendered":"<p>Es posible que se haya sometido a una cirug\u00eda y que siga un tratamiento para restablecer el suministro de sangre y ox\u00edgeno al m\u00fasculo card\u00edaco. Aunque estos tratamientos pueden aliviar los s\u00edntomas, el vaso sangu\u00edneo afectado puede estrecharse u obstruirse de nuevo. Adem\u00e1s, es posible que los mismos factores que causaron el primer ataque card\u00edaco [&hellip;]<\/p>\n","protected":false},"author":1,"featured_media":502,"parent":1865,"menu_order":10,"comment_status":"closed","ping_status":"closed","template":"","meta":{"_acf_changed":false,"footnotes":""},"categories":[63],"tags":[],"class_list":["post-1727","page","type-page","status-publish","has-post-thumbnail","hentry","category-vivir-con-una-cardiopatia"],"acf":[],"yoast_head":"<!-- This site is optimized with the Yoast SEO plugin v24.0 - https:\/\/yoast.com\/wordpress\/plugins\/seo\/ -->\n<title>Factores de riesgo para un segundo infarto de miocardio - Healthy-Heart.org<\/title>\n<meta name=\"description\" content=\"El riesgo de sufrir un segundo infarto de miocardio no es igual para todos. Depende de numerosos factores, de los cuales algunos pueden estar influenciados y otros no.\" \/>\n<meta name=\"robots\" content=\"index, follow, max-snippet:-1, max-image-preview:large, max-video-preview:-1\" \/>\n<link rel=\"canonical\" href=\"https:\/\/www.healthy-heart.org\/es\/vivir-con-una-cardiopatia\/factores-de-riesgo-de-sufrir-un-segundo-infarto-de-miocardio\/\" \/>\n<meta property=\"og:locale\" content=\"es_ES\" \/>\n<meta property=\"og:type\" content=\"article\" \/>\n<meta property=\"og:title\" content=\"Factores de riesgo para un segundo infarto de miocardio - Healthy-Heart.org\" \/>\n<meta property=\"og:description\" content=\"El riesgo de sufrir un segundo infarto de miocardio no es igual para todos. Depende de numerosos factores, de los cuales algunos pueden estar influenciados y otros no.\" \/>\n<meta property=\"og:url\" content=\"https:\/\/www.healthy-heart.org\/es\/vivir-con-una-cardiopatia\/factores-de-riesgo-de-sufrir-un-segundo-infarto-de-miocardio\/\" \/>\n<meta property=\"og:site_name\" content=\"Healthy-Heart.org\" \/>\n<meta property=\"article:modified_time\" content=\"2025-08-29T12:22:21+00:00\" \/>\n<meta property=\"og:image\" content=\"https:\/\/www.healthy-heart.org\/wp-content\/uploads\/2019\/07\/iStock-908134236-1024x640.jpg\" \/>\n\t<meta property=\"og:image:width\" content=\"1024\" \/>\n\t<meta property=\"og:image:height\" content=\"640\" \/>\n\t<meta property=\"og:image:type\" content=\"image\/jpeg\" \/>\n<meta name=\"twitter:card\" content=\"summary_large_image\" \/>\n<meta name=\"twitter:label1\" content=\"Tiempo de lectura\" \/>\n\t<meta name=\"twitter:data1\" content=\"2 minutos\" \/>\n<script type=\"application\/ld+json\" class=\"yoast-schema-graph\">{\"@context\":\"https:\/\/schema.org\",\"@graph\":[{\"@type\":\"WebPage\",\"@id\":\"https:\/\/www.healthy-heart.org\/es\/vivir-con-una-cardiopatia\/factores-de-riesgo-de-sufrir-un-segundo-infarto-de-miocardio\/\",\"url\":\"https:\/\/www.healthy-heart.org\/es\/vivir-con-una-cardiopatia\/factores-de-riesgo-de-sufrir-un-segundo-infarto-de-miocardio\/\",\"name\":\"Factores de riesgo para un segundo infarto de miocardio - Healthy-Heart.org\",\"isPartOf\":{\"@id\":\"https:\/\/www.healthy-heart.org\/es\/#website\"},\"primaryImageOfPage\":{\"@id\":\"https:\/\/www.healthy-heart.org\/es\/vivir-con-una-cardiopatia\/factores-de-riesgo-de-sufrir-un-segundo-infarto-de-miocardio\/#primaryimage\"},\"image\":{\"@id\":\"https:\/\/www.healthy-heart.org\/es\/vivir-con-una-cardiopatia\/factores-de-riesgo-de-sufrir-un-segundo-infarto-de-miocardio\/#primaryimage\"},\"thumbnailUrl\":\"https:\/\/www.healthy-heart.org\/wp-content\/uploads\/2019\/07\/iStock-908134236.jpg\",\"datePublished\":\"2019-10-07T16:52:50+00:00\",\"dateModified\":\"2025-08-29T12:22:21+00:00\",\"description\":\"El riesgo de sufrir un segundo infarto de miocardio no es igual para todos. Depende de numerosos factores, de los cuales algunos pueden estar influenciados y otros no.\",\"breadcrumb\":{\"@id\":\"https:\/\/www.healthy-heart.org\/es\/vivir-con-una-cardiopatia\/factores-de-riesgo-de-sufrir-un-segundo-infarto-de-miocardio\/#breadcrumb\"},\"inLanguage\":\"es\",\"potentialAction\":[{\"@type\":\"ReadAction\",\"target\":[\"https:\/\/www.healthy-heart.org\/es\/vivir-con-una-cardiopatia\/factores-de-riesgo-de-sufrir-un-segundo-infarto-de-miocardio\/\"]}]},{\"@type\":\"ImageObject\",\"inLanguage\":\"es\",\"@id\":\"https:\/\/www.healthy-heart.org\/es\/vivir-con-una-cardiopatia\/factores-de-riesgo-de-sufrir-un-segundo-infarto-de-miocardio\/#primaryimage\",\"url\":\"https:\/\/www.healthy-heart.org\/wp-content\/uploads\/2019\/07\/iStock-908134236.jpg\",\"contentUrl\":\"https:\/\/www.healthy-heart.org\/wp-content\/uploads\/2019\/07\/iStock-908134236.jpg\",\"width\":8000,\"height\":5000,\"caption\":\"Push button on brushed metal surface. There is risk text and an arrow symbol on the button. The arrow is pointing high text on metal surface. Horizontal composition with copy space and selective focus.\"},{\"@type\":\"BreadcrumbList\",\"@id\":\"https:\/\/www.healthy-heart.org\/es\/vivir-con-una-cardiopatia\/factores-de-riesgo-de-sufrir-un-segundo-infarto-de-miocardio\/#breadcrumb\",\"itemListElement\":[{\"@type\":\"ListItem\",\"position\":1,\"name\":\"Home\",\"item\":\"https:\/\/www.healthy-heart.org\/es\/\"},{\"@type\":\"ListItem\",\"position\":2,\"name\":\"Vivir con una cardiopat\u00eda\",\"item\":\"https:\/\/www.healthy-heart.org\/es\/vivir-con-una-cardiopatia\/\"},{\"@type\":\"ListItem\",\"position\":3,\"name\":\"Factores de riesgo de sufrir un segundo infarto de miocardio\"}]},{\"@type\":\"WebSite\",\"@id\":\"https:\/\/www.healthy-heart.org\/es\/#website\",\"url\":\"https:\/\/www.healthy-heart.org\/es\/\",\"name\":\"Healthy-Heart.org\",\"description\":\"Practical advice for patients and family care givers on the prevention of cardiovascular disease\",\"potentialAction\":[{\"@type\":\"SearchAction\",\"target\":{\"@type\":\"EntryPoint\",\"urlTemplate\":\"https:\/\/www.healthy-heart.org\/es\/?s={search_term_string}\"},\"query-input\":{\"@type\":\"PropertyValueSpecification\",\"valueRequired\":true,\"valueName\":\"search_term_string\"}}],\"inLanguage\":\"es\"}]}<\/script>\n<!-- \/ Yoast SEO plugin. -->","yoast_head_json":{"title":"Factores de riesgo para un segundo infarto de miocardio - Healthy-Heart.org","description":"El riesgo de sufrir un segundo infarto de miocardio no es igual para todos. Depende de numerosos factores, de los cuales algunos pueden estar influenciados y otros no.","robots":{"index":"index","follow":"follow","max-snippet":"max-snippet:-1","max-image-preview":"max-image-preview:large","max-video-preview":"max-video-preview:-1"},"canonical":"https:\/\/www.healthy-heart.org\/es\/vivir-con-una-cardiopatia\/factores-de-riesgo-de-sufrir-un-segundo-infarto-de-miocardio\/","og_locale":"es_ES","og_type":"article","og_title":"Factores de riesgo para un segundo infarto de miocardio - Healthy-Heart.org","og_description":"El riesgo de sufrir un segundo infarto de miocardio no es igual para todos. Depende de numerosos factores, de los cuales algunos pueden estar influenciados y otros no.","og_url":"https:\/\/www.healthy-heart.org\/es\/vivir-con-una-cardiopatia\/factores-de-riesgo-de-sufrir-un-segundo-infarto-de-miocardio\/","og_site_name":"Healthy-Heart.org","article_modified_time":"2025-08-29T12:22:21+00:00","og_image":[{"width":1024,"height":640,"url":"https:\/\/www.healthy-heart.org\/wp-content\/uploads\/2019\/07\/iStock-908134236-1024x640.jpg","type":"image\/jpeg"}],"twitter_card":"summary_large_image","twitter_misc":{"Tiempo de lectura":"2 minutos"},"schema":{"@context":"https:\/\/schema.org","@graph":[{"@type":"WebPage","@id":"https:\/\/www.healthy-heart.org\/es\/vivir-con-una-cardiopatia\/factores-de-riesgo-de-sufrir-un-segundo-infarto-de-miocardio\/","url":"https:\/\/www.healthy-heart.org\/es\/vivir-con-una-cardiopatia\/factores-de-riesgo-de-sufrir-un-segundo-infarto-de-miocardio\/","name":"Factores de riesgo para un segundo infarto de miocardio - Healthy-Heart.org","isPartOf":{"@id":"https:\/\/www.healthy-heart.org\/es\/#website"},"primaryImageOfPage":{"@id":"https:\/\/www.healthy-heart.org\/es\/vivir-con-una-cardiopatia\/factores-de-riesgo-de-sufrir-un-segundo-infarto-de-miocardio\/#primaryimage"},"image":{"@id":"https:\/\/www.healthy-heart.org\/es\/vivir-con-una-cardiopatia\/factores-de-riesgo-de-sufrir-un-segundo-infarto-de-miocardio\/#primaryimage"},"thumbnailUrl":"https:\/\/www.healthy-heart.org\/wp-content\/uploads\/2019\/07\/iStock-908134236.jpg","datePublished":"2019-10-07T16:52:50+00:00","dateModified":"2025-08-29T12:22:21+00:00","description":"El riesgo de sufrir un segundo infarto de miocardio no es igual para todos. Depende de numerosos factores, de los cuales algunos pueden estar influenciados y otros no.","breadcrumb":{"@id":"https:\/\/www.healthy-heart.org\/es\/vivir-con-una-cardiopatia\/factores-de-riesgo-de-sufrir-un-segundo-infarto-de-miocardio\/#breadcrumb"},"inLanguage":"es","potentialAction":[{"@type":"ReadAction","target":["https:\/\/www.healthy-heart.org\/es\/vivir-con-una-cardiopatia\/factores-de-riesgo-de-sufrir-un-segundo-infarto-de-miocardio\/"]}]},{"@type":"ImageObject","inLanguage":"es","@id":"https:\/\/www.healthy-heart.org\/es\/vivir-con-una-cardiopatia\/factores-de-riesgo-de-sufrir-un-segundo-infarto-de-miocardio\/#primaryimage","url":"https:\/\/www.healthy-heart.org\/wp-content\/uploads\/2019\/07\/iStock-908134236.jpg","contentUrl":"https:\/\/www.healthy-heart.org\/wp-content\/uploads\/2019\/07\/iStock-908134236.jpg","width":8000,"height":5000,"caption":"Push button on brushed metal surface. There is risk text and an arrow symbol on the button. The arrow is pointing high text on metal surface. Horizontal composition with copy space and selective focus."},{"@type":"BreadcrumbList","@id":"https:\/\/www.healthy-heart.org\/es\/vivir-con-una-cardiopatia\/factores-de-riesgo-de-sufrir-un-segundo-infarto-de-miocardio\/#breadcrumb","itemListElement":[{"@type":"ListItem","position":1,"name":"Home","item":"https:\/\/www.healthy-heart.org\/es\/"},{"@type":"ListItem","position":2,"name":"Vivir con una cardiopat\u00eda","item":"https:\/\/www.healthy-heart.org\/es\/vivir-con-una-cardiopatia\/"},{"@type":"ListItem","position":3,"name":"Factores de riesgo de sufrir un segundo infarto de miocardio"}]},{"@type":"WebSite","@id":"https:\/\/www.healthy-heart.org\/es\/#website","url":"https:\/\/www.healthy-heart.org\/es\/","name":"Healthy-Heart.org","description":"Practical advice for patients and family care givers on the prevention of cardiovascular disease","potentialAction":[{"@type":"SearchAction","target":{"@type":"EntryPoint","urlTemplate":"https:\/\/www.healthy-heart.org\/es\/?s={search_term_string}"},"query-input":{"@type":"PropertyValueSpecification","valueRequired":true,"valueName":"search_term_string"}}],"inLanguage":"es"}]}},"_links":{"self":[{"href":"https:\/\/www.healthy-heart.org\/es\/wp-json\/wp\/v2\/pages\/1727","targetHints":{"allow":["GET"]}}],"collection":[{"href":"https:\/\/www.healthy-heart.org\/es\/wp-json\/wp\/v2\/pages"}],"about":[{"href":"https:\/\/www.healthy-heart.org\/es\/wp-json\/wp\/v2\/types\/page"}],"author":[{"embeddable":true,"href":"https:\/\/www.healthy-heart.org\/es\/wp-json\/wp\/v2\/users\/1"}],"replies":[{"embeddable":true,"href":"https:\/\/www.healthy-heart.org\/es\/wp-json\/wp\/v2\/comments?post=1727"}],"version-history":[{"count":5,"href":"https:\/\/www.healthy-heart.org\/es\/wp-json\/wp\/v2\/pages\/1727\/revisions"}],"predecessor-version":[{"id":7844,"href":"https:\/\/www.healthy-heart.org\/es\/wp-json\/wp\/v2\/pages\/1727\/revisions\/7844"}],"up":[{"embeddable":true,"href":"https:\/\/www.healthy-heart.org\/es\/wp-json\/wp\/v2\/pages\/1865"}],"wp:featuredmedia":[{"embeddable":true,"href":"https:\/\/www.healthy-heart.org\/es\/wp-json\/wp\/v2\/media\/502"}],"wp:attachment":[{"href":"https:\/\/www.healthy-heart.org\/es\/wp-json\/wp\/v2\/media?parent=1727"}],"wp:term":[{"taxonomy":"category","embeddable":true,"href":"https:\/\/www.healthy-heart.org\/es\/wp-json\/wp\/v2\/categories?post=1727"},{"taxonomy":"post_tag","embeddable":true,"href":"https:\/\/www.healthy-heart.org\/es\/wp-json\/wp\/v2\/tags?post=1727"}],"curies":[{"name":"wp","href":"https:\/\/api.w.org\/{rel}","templated":true}]}}