{"id":1722,"date":"2019-10-07T17:52:14","date_gmt":"2019-10-07T16:52:14","guid":{"rendered":"https:\/\/www.healthy-heart.org\/mantenga-su-corazon-sano\/diferencias-entre-hombres-y-mujeres\/"},"modified":"2024-12-24T11:49:33","modified_gmt":"2024-12-24T11:49:33","slug":"diferencias-entre-hombres-y-mujeres","status":"publish","type":"page","link":"https:\/\/www.healthy-heart.org\/es\/mantenga-su-corazon-sano\/diferencias-entre-hombres-y-mujeres\/","title":{"rendered":"Enfermedades cardiovasculares en mujeres"},"content":{"rendered":"<p><img loading=\"lazy\" decoding=\"async\" class=\"size-medium wp-image-652 alignright\" src=\"https:\/\/cdn-endpoint-prev.azureedge.net\/healthy-heart\/2019\/07\/iStock-1060172678-2-350x233.jpg\" alt=\"\" width=\"350\" height=\"233\" srcset=\"https:\/\/www.healthy-heart.org\/wp-content\/uploads\/2019\/07\/iStock-1060172678-2-350x233.jpg 350w, https:\/\/cdn-endpoint-prev.azureedge.net\/healthy-heart\/2019\/07\/iStock-1060172678-2-2048x1365.jpg 2048w, https:\/\/cdn-endpoint-prev.azureedge.net\/healthy-heart\/2019\/07\/iStock-1060172678-2-659x439.jpg 659w, https:\/\/www.healthy-heart.org\/wp-content\/uploads\/2019\/07\/iStock-1060172678-2-200x133.jpg 200w, https:\/\/www.healthy-heart.org\/wp-content\/uploads\/2019\/07\/iStock-1060172678-2-768x512.jpg 768w, https:\/\/www.healthy-heart.org\/wp-content\/uploads\/2019\/07\/iStock-1060172678-2-1024x683.jpg 1024w, https:\/\/www.healthy-heart.org\/wp-content\/uploads\/2019\/07\/iStock-1060172678-2-1536x1024.jpg 1536w, https:\/\/www.healthy-heart.org\/wp-content\/uploads\/2019\/07\/iStock-1060172678-2-696x464.jpg 696w\" sizes=\"auto, (max-width: 350px) 100vw, 350px\" \/>El impacto de algunos factores de riesgo tradicionales de las enfermedades cardiovasculares difiere seg\u00fan el sexo. Por ejemplo, el riesgo de tener enfermedades cardiovasculares aumenta a partir de un nivel de presi\u00f3n arterial menor en las mujeres que en los hombres, y la diabetes afecta en mayor medida al riesgo de padecer enfermedades cardiovasculares en las mujeres que en los hombres. Las mujeres tambi\u00e9n tienen factores de riesgo espec\u00edficos asociados con el embarazo y la menopausia, por lo que estos acontecimientos vitales podr\u00edan ser puntos temporales adecuados para evaluar su salud cardiovascular.<\/p>\n<p>Las mujeres tienen niveles de <a href=\"https:\/\/www.healthy-heart.org\/keep-your-heart-healthy\/cholesterol\/\">colesterol<\/a> m\u00e1s altos que los hombres despu\u00e9s de la quinta d\u00e9cada de vida, y su colesterol \u00abbueno\u00bb tiende a disminuir despu\u00e9s de la menopausia. Los cambios hormonales tras la menopausia inducen la agrupaci\u00f3n de varios factores de riesgo para el coraz\u00f3n y los vasos sangu\u00edneos, como el aumento de la <a href=\"https:\/\/www.healthy-heart.org\/keep-your-heart-healthy\/blood-pressure\/\">presi\u00f3n arterial<\/a>, el aumento de <a href=\"https:\/\/www.healthy-heart.org\/keep-your-heart-healthy\/keeping-a-healthy-weight\/\">peso<\/a> y la elevaci\u00f3n de los niveles de l\u00edpidos.<\/p>\n<p>En comparaci\u00f3n con los hombres, las mujeres presentan menos s\u00edntomas cl\u00e1sicos de dolor tor\u00e1cico. A menudo, presentan dolor de mand\u00edbula espalda o brazo, disnea (dificultad para respirar o falta de aire), astenia, palpitaciones y sensaci\u00f3n de mareo. Consulte m\u00e1s informaci\u00f3n sobre las <a href=\"https:\/\/www.healthy-heart.org\/your-heart\/warning-signs-symptoms\/\">se\u00f1ales de alarma<\/a>.<\/p>\n<p>Los sistemas convencionales de valoraci\u00f3n del riesgo cardiovascular a menudo infravaloran el riesgo espec\u00edfico en mujeres, por lo que los profesionales de la salud deben utilizar baremos ajustados al sexo.<\/p>\n<p>La seguridad y eficacia de la terapia hormonal sustitutiva son objeto de debate, por lo que le recomendamos que consulte a su m\u00e9dico si es una opci\u00f3n para usted.<\/p>\n","protected":false},"excerpt":{"rendered":"<p>El impacto de algunos factores de riesgo tradicionales de las enfermedades cardiovasculares difiere seg\u00fan el sexo. Por ejemplo, el riesgo de tener enfermedades cardiovasculares aumenta a partir de un nivel de presi\u00f3n arterial menor en las mujeres que en los hombres, y la diabetes afecta en mayor medida al riesgo de padecer enfermedades cardiovasculares en [&hellip;]<\/p>\n","protected":false},"author":1,"featured_media":660,"parent":1682,"menu_order":10,"comment_status":"closed","ping_status":"closed","template":"","meta":{"_acf_changed":false,"footnotes":""},"categories":[58],"tags":[],"class_list":["post-1722","page","type-page","status-publish","has-post-thumbnail","hentry","category-mantenga-su-corazon-sano"],"acf":[],"yoast_head":"<!-- This site is optimized with the Yoast SEO plugin v24.0 - https:\/\/yoast.com\/wordpress\/plugins\/seo\/ -->\n<title>Diferencias entre hombres y mujeres - Healthy-Heart.org<\/title>\n<meta name=\"description\" content=\"Descubra los diferentes factores de riesgo cardiovasculares (FRC) en hombres y mujeres,\" \/>\n<meta name=\"robots\" content=\"index, follow, max-snippet:-1, max-image-preview:large, max-video-preview:-1\" \/>\n<link rel=\"canonical\" href=\"https:\/\/www.healthy-heart.org\/es\/mantenga-su-corazon-sano\/diferencias-entre-hombres-y-mujeres\/\" \/>\n<meta property=\"og:locale\" content=\"es_ES\" \/>\n<meta property=\"og:type\" content=\"article\" \/>\n<meta property=\"og:title\" content=\"Diferencias entre hombres y mujeres - Healthy-Heart.org\" \/>\n<meta property=\"og:description\" content=\"Descubra los diferentes factores de riesgo cardiovasculares (FRC) en hombres y mujeres,\" \/>\n<meta property=\"og:url\" content=\"https:\/\/www.healthy-heart.org\/es\/mantenga-su-corazon-sano\/diferencias-entre-hombres-y-mujeres\/\" \/>\n<meta property=\"og:site_name\" content=\"Healthy-Heart.org\" \/>\n<meta property=\"article:modified_time\" content=\"2024-12-24T11:49:33+00:00\" \/>\n<meta property=\"og:image\" content=\"https:\/\/www.healthy-heart.org\/wp-content\/uploads\/2019\/07\/iStock-1060172678-2-1024x683.jpg\" \/>\n\t<meta property=\"og:image:width\" content=\"1024\" \/>\n\t<meta property=\"og:image:height\" content=\"683\" \/>\n\t<meta property=\"og:image:type\" content=\"image\/jpeg\" \/>\n<meta name=\"twitter:card\" content=\"summary_large_image\" \/>\n<meta name=\"twitter:label1\" content=\"Tiempo de lectura\" \/>\n\t<meta name=\"twitter:data1\" content=\"2 minutos\" \/>\n<script type=\"application\/ld+json\" class=\"yoast-schema-graph\">{\"@context\":\"https:\/\/schema.org\",\"@graph\":[{\"@type\":\"WebPage\",\"@id\":\"https:\/\/www.healthy-heart.org\/es\/mantenga-su-corazon-sano\/diferencias-entre-hombres-y-mujeres\/\",\"url\":\"https:\/\/www.healthy-heart.org\/es\/mantenga-su-corazon-sano\/diferencias-entre-hombres-y-mujeres\/\",\"name\":\"Diferencias entre hombres y mujeres - Healthy-Heart.org\",\"isPartOf\":{\"@id\":\"https:\/\/www.healthy-heart.org\/es\/#website\"},\"primaryImageOfPage\":{\"@id\":\"https:\/\/www.healthy-heart.org\/es\/mantenga-su-corazon-sano\/diferencias-entre-hombres-y-mujeres\/#primaryimage\"},\"image\":{\"@id\":\"https:\/\/www.healthy-heart.org\/es\/mantenga-su-corazon-sano\/diferencias-entre-hombres-y-mujeres\/#primaryimage\"},\"thumbnailUrl\":\"https:\/\/www.healthy-heart.org\/wp-content\/uploads\/2019\/07\/iStock-1060172678-2.jpg\",\"datePublished\":\"2019-10-07T16:52:14+00:00\",\"dateModified\":\"2024-12-24T11:49:33+00:00\",\"description\":\"Descubra los diferentes factores de riesgo cardiovasculares (FRC) en hombres y mujeres,\",\"breadcrumb\":{\"@id\":\"https:\/\/www.healthy-heart.org\/es\/mantenga-su-corazon-sano\/diferencias-entre-hombres-y-mujeres\/#breadcrumb\"},\"inLanguage\":\"es\",\"potentialAction\":[{\"@type\":\"ReadAction\",\"target\":[\"https:\/\/www.healthy-heart.org\/es\/mantenga-su-corazon-sano\/diferencias-entre-hombres-y-mujeres\/\"]}]},{\"@type\":\"ImageObject\",\"inLanguage\":\"es\",\"@id\":\"https:\/\/www.healthy-heart.org\/es\/mantenga-su-corazon-sano\/diferencias-entre-hombres-y-mujeres\/#primaryimage\",\"url\":\"https:\/\/www.healthy-heart.org\/wp-content\/uploads\/2019\/07\/iStock-1060172678-2.jpg\",\"contentUrl\":\"https:\/\/www.healthy-heart.org\/wp-content\/uploads\/2019\/07\/iStock-1060172678-2.jpg\",\"width\":6000,\"height\":4000,\"caption\":\"Gender equality concept as woman hands holding a white paper sheet with male and female symbol over a crowded city street background. Sex sign as a metaphor of social issue.\"},{\"@type\":\"BreadcrumbList\",\"@id\":\"https:\/\/www.healthy-heart.org\/es\/mantenga-su-corazon-sano\/diferencias-entre-hombres-y-mujeres\/#breadcrumb\",\"itemListElement\":[{\"@type\":\"ListItem\",\"position\":1,\"name\":\"Home\",\"item\":\"https:\/\/www.healthy-heart.org\/es\/\"},{\"@type\":\"ListItem\",\"position\":2,\"name\":\"Mantenga su coraz\u00f3n sano\",\"item\":\"https:\/\/www.healthy-heart.org\/es\/mantenga-su-corazon-sano\/\"},{\"@type\":\"ListItem\",\"position\":3,\"name\":\"Enfermedades cardiovasculares en mujeres\"}]},{\"@type\":\"WebSite\",\"@id\":\"https:\/\/www.healthy-heart.org\/es\/#website\",\"url\":\"https:\/\/www.healthy-heart.org\/es\/\",\"name\":\"Healthy-Heart.org\",\"description\":\"Practical advice for patients and family care givers on the prevention of cardiovascular disease\",\"potentialAction\":[{\"@type\":\"SearchAction\",\"target\":{\"@type\":\"EntryPoint\",\"urlTemplate\":\"https:\/\/www.healthy-heart.org\/es\/?s={search_term_string}\"},\"query-input\":{\"@type\":\"PropertyValueSpecification\",\"valueRequired\":true,\"valueName\":\"search_term_string\"}}],\"inLanguage\":\"es\"}]}<\/script>\n<!-- \/ Yoast SEO plugin. -->","yoast_head_json":{"title":"Diferencias entre hombres y mujeres - Healthy-Heart.org","description":"Descubra los diferentes factores de riesgo cardiovasculares (FRC) en hombres y mujeres,","robots":{"index":"index","follow":"follow","max-snippet":"max-snippet:-1","max-image-preview":"max-image-preview:large","max-video-preview":"max-video-preview:-1"},"canonical":"https:\/\/www.healthy-heart.org\/es\/mantenga-su-corazon-sano\/diferencias-entre-hombres-y-mujeres\/","og_locale":"es_ES","og_type":"article","og_title":"Diferencias entre hombres y mujeres - Healthy-Heart.org","og_description":"Descubra los diferentes factores de riesgo cardiovasculares (FRC) en hombres y mujeres,","og_url":"https:\/\/www.healthy-heart.org\/es\/mantenga-su-corazon-sano\/diferencias-entre-hombres-y-mujeres\/","og_site_name":"Healthy-Heart.org","article_modified_time":"2024-12-24T11:49:33+00:00","og_image":[{"width":1024,"height":683,"url":"https:\/\/www.healthy-heart.org\/wp-content\/uploads\/2019\/07\/iStock-1060172678-2-1024x683.jpg","type":"image\/jpeg"}],"twitter_card":"summary_large_image","twitter_misc":{"Tiempo de lectura":"2 minutos"},"schema":{"@context":"https:\/\/schema.org","@graph":[{"@type":"WebPage","@id":"https:\/\/www.healthy-heart.org\/es\/mantenga-su-corazon-sano\/diferencias-entre-hombres-y-mujeres\/","url":"https:\/\/www.healthy-heart.org\/es\/mantenga-su-corazon-sano\/diferencias-entre-hombres-y-mujeres\/","name":"Diferencias entre hombres y mujeres - Healthy-Heart.org","isPartOf":{"@id":"https:\/\/www.healthy-heart.org\/es\/#website"},"primaryImageOfPage":{"@id":"https:\/\/www.healthy-heart.org\/es\/mantenga-su-corazon-sano\/diferencias-entre-hombres-y-mujeres\/#primaryimage"},"image":{"@id":"https:\/\/www.healthy-heart.org\/es\/mantenga-su-corazon-sano\/diferencias-entre-hombres-y-mujeres\/#primaryimage"},"thumbnailUrl":"https:\/\/www.healthy-heart.org\/wp-content\/uploads\/2019\/07\/iStock-1060172678-2.jpg","datePublished":"2019-10-07T16:52:14+00:00","dateModified":"2024-12-24T11:49:33+00:00","description":"Descubra los diferentes factores de riesgo cardiovasculares (FRC) en hombres y mujeres,","breadcrumb":{"@id":"https:\/\/www.healthy-heart.org\/es\/mantenga-su-corazon-sano\/diferencias-entre-hombres-y-mujeres\/#breadcrumb"},"inLanguage":"es","potentialAction":[{"@type":"ReadAction","target":["https:\/\/www.healthy-heart.org\/es\/mantenga-su-corazon-sano\/diferencias-entre-hombres-y-mujeres\/"]}]},{"@type":"ImageObject","inLanguage":"es","@id":"https:\/\/www.healthy-heart.org\/es\/mantenga-su-corazon-sano\/diferencias-entre-hombres-y-mujeres\/#primaryimage","url":"https:\/\/www.healthy-heart.org\/wp-content\/uploads\/2019\/07\/iStock-1060172678-2.jpg","contentUrl":"https:\/\/www.healthy-heart.org\/wp-content\/uploads\/2019\/07\/iStock-1060172678-2.jpg","width":6000,"height":4000,"caption":"Gender equality concept as woman hands holding a white paper sheet with male and female symbol over a crowded city street background. Sex sign as a metaphor of social issue."},{"@type":"BreadcrumbList","@id":"https:\/\/www.healthy-heart.org\/es\/mantenga-su-corazon-sano\/diferencias-entre-hombres-y-mujeres\/#breadcrumb","itemListElement":[{"@type":"ListItem","position":1,"name":"Home","item":"https:\/\/www.healthy-heart.org\/es\/"},{"@type":"ListItem","position":2,"name":"Mantenga su coraz\u00f3n sano","item":"https:\/\/www.healthy-heart.org\/es\/mantenga-su-corazon-sano\/"},{"@type":"ListItem","position":3,"name":"Enfermedades cardiovasculares en mujeres"}]},{"@type":"WebSite","@id":"https:\/\/www.healthy-heart.org\/es\/#website","url":"https:\/\/www.healthy-heart.org\/es\/","name":"Healthy-Heart.org","description":"Practical advice for patients and family care givers on the prevention of cardiovascular disease","potentialAction":[{"@type":"SearchAction","target":{"@type":"EntryPoint","urlTemplate":"https:\/\/www.healthy-heart.org\/es\/?s={search_term_string}"},"query-input":{"@type":"PropertyValueSpecification","valueRequired":true,"valueName":"search_term_string"}}],"inLanguage":"es"}]}},"_links":{"self":[{"href":"https:\/\/www.healthy-heart.org\/es\/wp-json\/wp\/v2\/pages\/1722","targetHints":{"allow":["GET"]}}],"collection":[{"href":"https:\/\/www.healthy-heart.org\/es\/wp-json\/wp\/v2\/pages"}],"about":[{"href":"https:\/\/www.healthy-heart.org\/es\/wp-json\/wp\/v2\/types\/page"}],"author":[{"embeddable":true,"href":"https:\/\/www.healthy-heart.org\/es\/wp-json\/wp\/v2\/users\/1"}],"replies":[{"embeddable":true,"href":"https:\/\/www.healthy-heart.org\/es\/wp-json\/wp\/v2\/comments?post=1722"}],"version-history":[{"count":7,"href":"https:\/\/www.healthy-heart.org\/es\/wp-json\/wp\/v2\/pages\/1722\/revisions"}],"predecessor-version":[{"id":7523,"href":"https:\/\/www.healthy-heart.org\/es\/wp-json\/wp\/v2\/pages\/1722\/revisions\/7523"}],"up":[{"embeddable":true,"href":"https:\/\/www.healthy-heart.org\/es\/wp-json\/wp\/v2\/pages\/1682"}],"wp:featuredmedia":[{"embeddable":true,"href":"https:\/\/www.healthy-heart.org\/es\/wp-json\/wp\/v2\/media\/660"}],"wp:attachment":[{"href":"https:\/\/www.healthy-heart.org\/es\/wp-json\/wp\/v2\/media?parent=1722"}],"wp:term":[{"taxonomy":"category","embeddable":true,"href":"https:\/\/www.healthy-heart.org\/es\/wp-json\/wp\/v2\/categories?post=1722"},{"taxonomy":"post_tag","embeddable":true,"href":"https:\/\/www.healthy-heart.org\/es\/wp-json\/wp\/v2\/tags?post=1722"}],"curies":[{"name":"wp","href":"https:\/\/api.w.org\/{rel}","templated":true}]}}