{"id":1717,"date":"2019-10-07T17:52:04","date_gmt":"2019-10-07T16:52:04","guid":{"rendered":"https:\/\/www.healthy-heart.org\/mantenga-su-corazon-sano\/antecedentes-familiares-de-cardiopatia\/"},"modified":"2020-10-23T15:45:29","modified_gmt":"2020-10-23T14:45:29","slug":"antecedentes-familiares-de-cardiopatia","status":"publish","type":"page","link":"https:\/\/www.healthy-heart.org\/es\/mantenga-su-corazon-sano\/antecedentes-familiares-de-cardiopatia\/","title":{"rendered":"Antecedentes familiares de cardiopat\u00eda"},"content":{"rendered":"<p><img loading=\"lazy\" decoding=\"async\" class=\"size-medium wp-image-632 alignright\" src=\"https:\/\/cdn-endpoint-prev.azureedge.net\/healthy-heart\/2019\/07\/iStock-117150029-3-350x290.jpg\" alt=\"\" width=\"350\" height=\"290\" \/><\/p>\n<p>Los factores de riesgo relacionados con el estilo de vida son los m\u00e1s conocidos. Sin embargo, aunque menos conocido, tener un familiar en su familia que haya padecido una enfermedad cardiovascular a una edad temprana hace que el riesgo de que usted la desarrolle sea mayor.<\/p>\n<p>Se considera que tiene antecedentes familiares de enfermedad cardiovascular si su padre o hermano fue diagnosticado antes de los 55 a\u00f1os o si su hermana o madre fue diagnosticada antes de los 65 a\u00f1os.<br \/>\n\u00bfPor qu\u00e9 los antecedentes familiares afectan el <a href=\"https:\/\/www.healthy-heart.org\/es\/mantenga-su-corazon-sano\/pronostico-y-control-del-riesgo-de-las-cardiopatias\/\">riesgo cardiovascular<\/a>? Porque los h\u00e1bitos de estilo de vida a menudo son similares entre los miembros de la familia Adem\u00e1s, los genes se transmiten de padres a hijos y a veces pueden ser responsables de afecciones como presi\u00f3n arterial alta o <a href=\"https:\/\/www.healthy-heart.org\/es\/mantenga-su-corazon-sano\/colesterol\/\">colesterol<\/a> alto. La hipercolesterolemia familiar (HF) es una enfermedad gen\u00e9tica que cursa con concentraciones muy altas de colesterol y provoca enfermedades card\u00edacas a una edad muy temprana si no se trata a tiempo. Los <a href=\"https:\/\/www.healthy-heart.org\/es\/vivir-con-una-cardiopatia\/tipos-de-farmacos\/\">medicamentos<\/a> y un <a href=\"https:\/\/www.healthy-heart.org\/es\/su-corazon\/fomentar-un-estilo-de-vida-saludable\/\">estilo de vida saludable<\/a> pueden reducir el riesgo de enfermedades card\u00edacas.<\/p>\n<p>Debido a que las enfermedades cardiovasculares no est\u00e1n causadas por mutaciones en un solo gen, el an\u00e1lisis gen\u00e9tico no proporciona resultados definitivos de si una persona en concreto va a desarrollar o no la enfermedad.<\/p>\n<p>Los antecedentes familiares no pueden cambiarse, pero conocer su mapa gen\u00e9tico siempre resulta \u00fatil. Si tiene antecedentes familiares de enfermedad cardiovascular, es especialmente importante aplicar medidas <a href=\"https:\/\/www.healthy-heart.org\/keep-your-heart-healthy\/take-control-of-your-lifestyle\/\">preventivas cuanto antes<\/a>. Estas incluyen hacer ejercicio, llevar una dieta saludable, controlar el colesterol y la presi\u00f3n arterial, dejar de fumar y controlar el peso.<\/p>\n<blockquote><p>La modificaci\u00f3n de los h\u00e1bitos puede reducir su riesgo cardiovascular futuro, incluso si tiene antecedentes familiares.<\/p><\/blockquote>\n<p>\u00bfC\u00f3mo puede saber sus antecedentes familiares? \u00a1Preg\u00fantele a sus padres o familiares cuando los vea!<\/p>\n","protected":false},"excerpt":{"rendered":"<p>Los factores de riesgo relacionados con el estilo de vida son los m\u00e1s conocidos. Sin embargo, aunque menos conocido, tener un familiar en su familia que haya padecido una enfermedad cardiovascular a una edad temprana hace que el riesgo de que usted la desarrolle sea mayor. Se considera que tiene antecedentes familiares de enfermedad cardiovascular [&hellip;]<\/p>\n","protected":false},"author":1,"featured_media":640,"parent":1682,"menu_order":9,"comment_status":"closed","ping_status":"closed","template":"","meta":{"_acf_changed":false,"footnotes":""},"categories":[58],"tags":[],"class_list":["post-1717","page","type-page","status-publish","has-post-thumbnail","hentry","category-mantenga-su-corazon-sano"],"acf":[],"yoast_head":"<!-- This site is optimized with the Yoast SEO plugin v24.0 - https:\/\/yoast.com\/wordpress\/plugins\/seo\/ -->\n<title>Antecedentes familiares de ECV - Healthy-Heart.org<\/title>\n<meta name=\"description\" content=\"Aprenda a reducir el riesgo de enfermedades card\u00edacas con un estilo de vida saludable, incluso si tiene antecedentes familiares.\" \/>\n<meta name=\"robots\" content=\"index, follow, max-snippet:-1, max-image-preview:large, max-video-preview:-1\" \/>\n<link rel=\"canonical\" href=\"https:\/\/www.healthy-heart.org\/es\/mantenga-su-corazon-sano\/antecedentes-familiares-de-cardiopatia\/\" \/>\n<meta property=\"og:locale\" content=\"es_ES\" \/>\n<meta property=\"og:type\" content=\"article\" \/>\n<meta property=\"og:title\" content=\"Antecedentes familiares de ECV - Healthy-Heart.org\" \/>\n<meta property=\"og:description\" content=\"Aprenda a reducir el riesgo de enfermedades card\u00edacas con un estilo de vida saludable, incluso si tiene antecedentes familiares.\" \/>\n<meta property=\"og:url\" content=\"https:\/\/www.healthy-heart.org\/es\/mantenga-su-corazon-sano\/antecedentes-familiares-de-cardiopatia\/\" \/>\n<meta property=\"og:site_name\" content=\"Healthy-Heart.org\" \/>\n<meta property=\"article:modified_time\" content=\"2020-10-23T14:45:29+00:00\" \/>\n<meta property=\"og:image\" content=\"https:\/\/www.healthy-heart.org\/wp-content\/uploads\/2019\/07\/iStock-117150029-3-1024x849.jpg\" \/>\n\t<meta property=\"og:image:width\" content=\"1024\" \/>\n\t<meta property=\"og:image:height\" content=\"849\" \/>\n\t<meta property=\"og:image:type\" content=\"image\/jpeg\" \/>\n<meta name=\"twitter:card\" content=\"summary_large_image\" \/>\n<meta name=\"twitter:label1\" content=\"Tiempo de lectura\" \/>\n\t<meta name=\"twitter:data1\" content=\"2 minutos\" \/>\n<script type=\"application\/ld+json\" class=\"yoast-schema-graph\">{\"@context\":\"https:\/\/schema.org\",\"@graph\":[{\"@type\":\"WebPage\",\"@id\":\"https:\/\/www.healthy-heart.org\/es\/mantenga-su-corazon-sano\/antecedentes-familiares-de-cardiopatia\/\",\"url\":\"https:\/\/www.healthy-heart.org\/es\/mantenga-su-corazon-sano\/antecedentes-familiares-de-cardiopatia\/\",\"name\":\"Antecedentes familiares de ECV - Healthy-Heart.org\",\"isPartOf\":{\"@id\":\"https:\/\/www.healthy-heart.org\/es\/#website\"},\"primaryImageOfPage\":{\"@id\":\"https:\/\/www.healthy-heart.org\/es\/mantenga-su-corazon-sano\/antecedentes-familiares-de-cardiopatia\/#primaryimage\"},\"image\":{\"@id\":\"https:\/\/www.healthy-heart.org\/es\/mantenga-su-corazon-sano\/antecedentes-familiares-de-cardiopatia\/#primaryimage\"},\"thumbnailUrl\":\"https:\/\/www.healthy-heart.org\/wp-content\/uploads\/2019\/07\/iStock-117150029-3.jpg\",\"datePublished\":\"2019-10-07T16:52:04+00:00\",\"dateModified\":\"2020-10-23T14:45:29+00:00\",\"description\":\"Aprenda a reducir el riesgo de enfermedades card\u00edacas con un estilo de vida saludable, incluso si tiene antecedentes familiares.\",\"breadcrumb\":{\"@id\":\"https:\/\/www.healthy-heart.org\/es\/mantenga-su-corazon-sano\/antecedentes-familiares-de-cardiopatia\/#breadcrumb\"},\"inLanguage\":\"es\",\"potentialAction\":[{\"@type\":\"ReadAction\",\"target\":[\"https:\/\/www.healthy-heart.org\/es\/mantenga-su-corazon-sano\/antecedentes-familiares-de-cardiopatia\/\"]}]},{\"@type\":\"ImageObject\",\"inLanguage\":\"es\",\"@id\":\"https:\/\/www.healthy-heart.org\/es\/mantenga-su-corazon-sano\/antecedentes-familiares-de-cardiopatia\/#primaryimage\",\"url\":\"https:\/\/www.healthy-heart.org\/wp-content\/uploads\/2019\/07\/iStock-117150029-3.jpg\",\"contentUrl\":\"https:\/\/www.healthy-heart.org\/wp-content\/uploads\/2019\/07\/iStock-117150029-3.jpg\",\"width\":3766,\"height\":3123,\"caption\":\"Great-grandmother shows old photos (these are pictures of her and her grandmather) to her great-granddaughter.\"},{\"@type\":\"BreadcrumbList\",\"@id\":\"https:\/\/www.healthy-heart.org\/es\/mantenga-su-corazon-sano\/antecedentes-familiares-de-cardiopatia\/#breadcrumb\",\"itemListElement\":[{\"@type\":\"ListItem\",\"position\":1,\"name\":\"Home\",\"item\":\"https:\/\/www.healthy-heart.org\/es\/\"},{\"@type\":\"ListItem\",\"position\":2,\"name\":\"Mantenga su coraz\u00f3n sano\",\"item\":\"https:\/\/www.healthy-heart.org\/es\/mantenga-su-corazon-sano\/\"},{\"@type\":\"ListItem\",\"position\":3,\"name\":\"Antecedentes familiares de cardiopat\u00eda\"}]},{\"@type\":\"WebSite\",\"@id\":\"https:\/\/www.healthy-heart.org\/es\/#website\",\"url\":\"https:\/\/www.healthy-heart.org\/es\/\",\"name\":\"Healthy-Heart.org\",\"description\":\"Practical advice for patients and family care givers on the prevention of cardiovascular disease\",\"potentialAction\":[{\"@type\":\"SearchAction\",\"target\":{\"@type\":\"EntryPoint\",\"urlTemplate\":\"https:\/\/www.healthy-heart.org\/es\/?s={search_term_string}\"},\"query-input\":{\"@type\":\"PropertyValueSpecification\",\"valueRequired\":true,\"valueName\":\"search_term_string\"}}],\"inLanguage\":\"es\"}]}<\/script>\n<!-- \/ Yoast SEO plugin. -->","yoast_head_json":{"title":"Antecedentes familiares de ECV - Healthy-Heart.org","description":"Aprenda a reducir el riesgo de enfermedades card\u00edacas con un estilo de vida saludable, incluso si tiene antecedentes familiares.","robots":{"index":"index","follow":"follow","max-snippet":"max-snippet:-1","max-image-preview":"max-image-preview:large","max-video-preview":"max-video-preview:-1"},"canonical":"https:\/\/www.healthy-heart.org\/es\/mantenga-su-corazon-sano\/antecedentes-familiares-de-cardiopatia\/","og_locale":"es_ES","og_type":"article","og_title":"Antecedentes familiares de ECV - Healthy-Heart.org","og_description":"Aprenda a reducir el riesgo de enfermedades card\u00edacas con un estilo de vida saludable, incluso si tiene antecedentes familiares.","og_url":"https:\/\/www.healthy-heart.org\/es\/mantenga-su-corazon-sano\/antecedentes-familiares-de-cardiopatia\/","og_site_name":"Healthy-Heart.org","article_modified_time":"2020-10-23T14:45:29+00:00","og_image":[{"width":1024,"height":849,"url":"https:\/\/www.healthy-heart.org\/wp-content\/uploads\/2019\/07\/iStock-117150029-3-1024x849.jpg","type":"image\/jpeg"}],"twitter_card":"summary_large_image","twitter_misc":{"Tiempo de lectura":"2 minutos"},"schema":{"@context":"https:\/\/schema.org","@graph":[{"@type":"WebPage","@id":"https:\/\/www.healthy-heart.org\/es\/mantenga-su-corazon-sano\/antecedentes-familiares-de-cardiopatia\/","url":"https:\/\/www.healthy-heart.org\/es\/mantenga-su-corazon-sano\/antecedentes-familiares-de-cardiopatia\/","name":"Antecedentes familiares de ECV - Healthy-Heart.org","isPartOf":{"@id":"https:\/\/www.healthy-heart.org\/es\/#website"},"primaryImageOfPage":{"@id":"https:\/\/www.healthy-heart.org\/es\/mantenga-su-corazon-sano\/antecedentes-familiares-de-cardiopatia\/#primaryimage"},"image":{"@id":"https:\/\/www.healthy-heart.org\/es\/mantenga-su-corazon-sano\/antecedentes-familiares-de-cardiopatia\/#primaryimage"},"thumbnailUrl":"https:\/\/www.healthy-heart.org\/wp-content\/uploads\/2019\/07\/iStock-117150029-3.jpg","datePublished":"2019-10-07T16:52:04+00:00","dateModified":"2020-10-23T14:45:29+00:00","description":"Aprenda a reducir el riesgo de enfermedades card\u00edacas con un estilo de vida saludable, incluso si tiene antecedentes familiares.","breadcrumb":{"@id":"https:\/\/www.healthy-heart.org\/es\/mantenga-su-corazon-sano\/antecedentes-familiares-de-cardiopatia\/#breadcrumb"},"inLanguage":"es","potentialAction":[{"@type":"ReadAction","target":["https:\/\/www.healthy-heart.org\/es\/mantenga-su-corazon-sano\/antecedentes-familiares-de-cardiopatia\/"]}]},{"@type":"ImageObject","inLanguage":"es","@id":"https:\/\/www.healthy-heart.org\/es\/mantenga-su-corazon-sano\/antecedentes-familiares-de-cardiopatia\/#primaryimage","url":"https:\/\/www.healthy-heart.org\/wp-content\/uploads\/2019\/07\/iStock-117150029-3.jpg","contentUrl":"https:\/\/www.healthy-heart.org\/wp-content\/uploads\/2019\/07\/iStock-117150029-3.jpg","width":3766,"height":3123,"caption":"Great-grandmother shows old photos (these are pictures of her and her grandmather) to her great-granddaughter."},{"@type":"BreadcrumbList","@id":"https:\/\/www.healthy-heart.org\/es\/mantenga-su-corazon-sano\/antecedentes-familiares-de-cardiopatia\/#breadcrumb","itemListElement":[{"@type":"ListItem","position":1,"name":"Home","item":"https:\/\/www.healthy-heart.org\/es\/"},{"@type":"ListItem","position":2,"name":"Mantenga su coraz\u00f3n sano","item":"https:\/\/www.healthy-heart.org\/es\/mantenga-su-corazon-sano\/"},{"@type":"ListItem","position":3,"name":"Antecedentes familiares de cardiopat\u00eda"}]},{"@type":"WebSite","@id":"https:\/\/www.healthy-heart.org\/es\/#website","url":"https:\/\/www.healthy-heart.org\/es\/","name":"Healthy-Heart.org","description":"Practical advice for patients and family care givers on the prevention of cardiovascular disease","potentialAction":[{"@type":"SearchAction","target":{"@type":"EntryPoint","urlTemplate":"https:\/\/www.healthy-heart.org\/es\/?s={search_term_string}"},"query-input":{"@type":"PropertyValueSpecification","valueRequired":true,"valueName":"search_term_string"}}],"inLanguage":"es"}]}},"_links":{"self":[{"href":"https:\/\/www.healthy-heart.org\/es\/wp-json\/wp\/v2\/pages\/1717","targetHints":{"allow":["GET"]}}],"collection":[{"href":"https:\/\/www.healthy-heart.org\/es\/wp-json\/wp\/v2\/pages"}],"about":[{"href":"https:\/\/www.healthy-heart.org\/es\/wp-json\/wp\/v2\/types\/page"}],"author":[{"embeddable":true,"href":"https:\/\/www.healthy-heart.org\/es\/wp-json\/wp\/v2\/users\/1"}],"replies":[{"embeddable":true,"href":"https:\/\/www.healthy-heart.org\/es\/wp-json\/wp\/v2\/comments?post=1717"}],"version-history":[{"count":2,"href":"https:\/\/www.healthy-heart.org\/es\/wp-json\/wp\/v2\/pages\/1717\/revisions"}],"predecessor-version":[{"id":4774,"href":"https:\/\/www.healthy-heart.org\/es\/wp-json\/wp\/v2\/pages\/1717\/revisions\/4774"}],"up":[{"embeddable":true,"href":"https:\/\/www.healthy-heart.org\/es\/wp-json\/wp\/v2\/pages\/1682"}],"wp:featuredmedia":[{"embeddable":true,"href":"https:\/\/www.healthy-heart.org\/es\/wp-json\/wp\/v2\/media\/640"}],"wp:attachment":[{"href":"https:\/\/www.healthy-heart.org\/es\/wp-json\/wp\/v2\/media?parent=1717"}],"wp:term":[{"taxonomy":"category","embeddable":true,"href":"https:\/\/www.healthy-heart.org\/es\/wp-json\/wp\/v2\/categories?post=1717"},{"taxonomy":"post_tag","embeddable":true,"href":"https:\/\/www.healthy-heart.org\/es\/wp-json\/wp\/v2\/tags?post=1717"}],"curies":[{"name":"wp","href":"https:\/\/api.w.org\/{rel}","templated":true}]}}