{"id":1682,"date":"2019-10-07T17:49:16","date_gmt":"2019-10-07T16:49:16","guid":{"rendered":"https:\/\/www.healthy-heart.org\/mantenga-su-corazon-sano\/"},"modified":"2020-06-04T17:37:08","modified_gmt":"2020-06-04T16:37:08","slug":"mantenga-su-corazon-sano","status":"publish","type":"page","link":"https:\/\/www.healthy-heart.org\/es\/mantenga-su-corazon-sano\/","title":{"rendered":"Mantenga su coraz\u00f3n sano"},"content":{"rendered":"","protected":false},"excerpt":{"rendered":"","protected":false},"author":1,"featured_media":0,"parent":0,"menu_order":0,"comment_status":"closed","ping_status":"closed","template":"","meta":{"_acf_changed":false,"footnotes":""},"categories":[58],"tags":[],"class_list":["post-1682","page","type-page","status-publish","hentry","category-mantenga-su-corazon-sano"],"acf":[],"yoast_head":"<!-- This site is optimized with the Yoast SEO plugin v24.0 - https:\/\/yoast.com\/wordpress\/plugins\/seo\/ -->\n<title>Mantenga su coraz\u00f3n sano - Healthy-Heart.org<\/title>\n<meta name=\"description\" content=\"Llevar un estilo de vida saludable es la mejor manera de cuidar su coraz\u00f3n. Conozca los factores de riesgo y c\u00f3mo controlar y mantener su salud cardiovascular.\" \/>\n<meta name=\"robots\" content=\"index, follow, max-snippet:-1, max-image-preview:large, max-video-preview:-1\" \/>\n<link rel=\"canonical\" href=\"https:\/\/www.healthy-heart.org\/es\/mantenga-su-corazon-sano\/\" \/>\n<meta property=\"og:locale\" content=\"es_ES\" \/>\n<meta property=\"og:type\" content=\"article\" \/>\n<meta property=\"og:title\" content=\"Mantenga su coraz\u00f3n sano - Healthy-Heart.org\" \/>\n<meta property=\"og:description\" content=\"Llevar un estilo de vida saludable es la mejor manera de cuidar su coraz\u00f3n. Conozca los factores de riesgo y c\u00f3mo controlar y mantener su salud cardiovascular.\" \/>\n<meta property=\"og:url\" content=\"https:\/\/www.healthy-heart.org\/es\/mantenga-su-corazon-sano\/\" \/>\n<meta property=\"og:site_name\" content=\"Healthy-Heart.org\" \/>\n<meta property=\"article:modified_time\" content=\"2020-06-04T16:37:08+00:00\" \/>\n<meta name=\"twitter:card\" content=\"summary_large_image\" \/>\n<script type=\"application\/ld+json\" class=\"yoast-schema-graph\">{\"@context\":\"https:\/\/schema.org\",\"@graph\":[{\"@type\":\"WebPage\",\"@id\":\"https:\/\/www.healthy-heart.org\/es\/mantenga-su-corazon-sano\/\",\"url\":\"https:\/\/www.healthy-heart.org\/es\/mantenga-su-corazon-sano\/\",\"name\":\"Mantenga su coraz\u00f3n sano - Healthy-Heart.org\",\"isPartOf\":{\"@id\":\"https:\/\/www.healthy-heart.org\/es\/#website\"},\"datePublished\":\"2019-10-07T16:49:16+00:00\",\"dateModified\":\"2020-06-04T16:37:08+00:00\",\"description\":\"Llevar un estilo de vida saludable es la mejor manera de cuidar su coraz\u00f3n. Conozca los factores de riesgo y c\u00f3mo controlar y mantener su salud cardiovascular.\",\"breadcrumb\":{\"@id\":\"https:\/\/www.healthy-heart.org\/es\/mantenga-su-corazon-sano\/#breadcrumb\"},\"inLanguage\":\"es\",\"potentialAction\":[{\"@type\":\"ReadAction\",\"target\":[\"https:\/\/www.healthy-heart.org\/es\/mantenga-su-corazon-sano\/\"]}]},{\"@type\":\"BreadcrumbList\",\"@id\":\"https:\/\/www.healthy-heart.org\/es\/mantenga-su-corazon-sano\/#breadcrumb\",\"itemListElement\":[{\"@type\":\"ListItem\",\"position\":1,\"name\":\"Home\",\"item\":\"https:\/\/www.healthy-heart.org\/es\/\"},{\"@type\":\"ListItem\",\"position\":2,\"name\":\"Mantenga su coraz\u00f3n sano\"}]},{\"@type\":\"WebSite\",\"@id\":\"https:\/\/www.healthy-heart.org\/es\/#website\",\"url\":\"https:\/\/www.healthy-heart.org\/es\/\",\"name\":\"Healthy-Heart.org\",\"description\":\"Practical advice for patients and family care givers on the prevention of cardiovascular disease\",\"potentialAction\":[{\"@type\":\"SearchAction\",\"target\":{\"@type\":\"EntryPoint\",\"urlTemplate\":\"https:\/\/www.healthy-heart.org\/es\/?s={search_term_string}\"},\"query-input\":{\"@type\":\"PropertyValueSpecification\",\"valueRequired\":true,\"valueName\":\"search_term_string\"}}],\"inLanguage\":\"es\"}]}<\/script>\n<!-- \/ Yoast SEO plugin. -->","yoast_head_json":{"title":"Mantenga su coraz\u00f3n sano - Healthy-Heart.org","description":"Llevar un estilo de vida saludable es la mejor manera de cuidar su coraz\u00f3n. Conozca los factores de riesgo y c\u00f3mo controlar y mantener su salud cardiovascular.","robots":{"index":"index","follow":"follow","max-snippet":"max-snippet:-1","max-image-preview":"max-image-preview:large","max-video-preview":"max-video-preview:-1"},"canonical":"https:\/\/www.healthy-heart.org\/es\/mantenga-su-corazon-sano\/","og_locale":"es_ES","og_type":"article","og_title":"Mantenga su coraz\u00f3n sano - Healthy-Heart.org","og_description":"Llevar un estilo de vida saludable es la mejor manera de cuidar su coraz\u00f3n. Conozca los factores de riesgo y c\u00f3mo controlar y mantener su salud cardiovascular.","og_url":"https:\/\/www.healthy-heart.org\/es\/mantenga-su-corazon-sano\/","og_site_name":"Healthy-Heart.org","article_modified_time":"2020-06-04T16:37:08+00:00","twitter_card":"summary_large_image","schema":{"@context":"https:\/\/schema.org","@graph":[{"@type":"WebPage","@id":"https:\/\/www.healthy-heart.org\/es\/mantenga-su-corazon-sano\/","url":"https:\/\/www.healthy-heart.org\/es\/mantenga-su-corazon-sano\/","name":"Mantenga su coraz\u00f3n sano - Healthy-Heart.org","isPartOf":{"@id":"https:\/\/www.healthy-heart.org\/es\/#website"},"datePublished":"2019-10-07T16:49:16+00:00","dateModified":"2020-06-04T16:37:08+00:00","description":"Llevar un estilo de vida saludable es la mejor manera de cuidar su coraz\u00f3n. Conozca los factores de riesgo y c\u00f3mo controlar y mantener su salud cardiovascular.","breadcrumb":{"@id":"https:\/\/www.healthy-heart.org\/es\/mantenga-su-corazon-sano\/#breadcrumb"},"inLanguage":"es","potentialAction":[{"@type":"ReadAction","target":["https:\/\/www.healthy-heart.org\/es\/mantenga-su-corazon-sano\/"]}]},{"@type":"BreadcrumbList","@id":"https:\/\/www.healthy-heart.org\/es\/mantenga-su-corazon-sano\/#breadcrumb","itemListElement":[{"@type":"ListItem","position":1,"name":"Home","item":"https:\/\/www.healthy-heart.org\/es\/"},{"@type":"ListItem","position":2,"name":"Mantenga su coraz\u00f3n sano"}]},{"@type":"WebSite","@id":"https:\/\/www.healthy-heart.org\/es\/#website","url":"https:\/\/www.healthy-heart.org\/es\/","name":"Healthy-Heart.org","description":"Practical advice for patients and family care givers on the prevention of cardiovascular disease","potentialAction":[{"@type":"SearchAction","target":{"@type":"EntryPoint","urlTemplate":"https:\/\/www.healthy-heart.org\/es\/?s={search_term_string}"},"query-input":{"@type":"PropertyValueSpecification","valueRequired":true,"valueName":"search_term_string"}}],"inLanguage":"es"}]}},"_links":{"self":[{"href":"https:\/\/www.healthy-heart.org\/es\/wp-json\/wp\/v2\/pages\/1682","targetHints":{"allow":["GET"]}}],"collection":[{"href":"https:\/\/www.healthy-heart.org\/es\/wp-json\/wp\/v2\/pages"}],"about":[{"href":"https:\/\/www.healthy-heart.org\/es\/wp-json\/wp\/v2\/types\/page"}],"author":[{"embeddable":true,"href":"https:\/\/www.healthy-heart.org\/es\/wp-json\/wp\/v2\/users\/1"}],"replies":[{"embeddable":true,"href":"https:\/\/www.healthy-heart.org\/es\/wp-json\/wp\/v2\/comments?post=1682"}],"version-history":[{"count":1,"href":"https:\/\/www.healthy-heart.org\/es\/wp-json\/wp\/v2\/pages\/1682\/revisions"}],"predecessor-version":[{"id":4624,"href":"https:\/\/www.healthy-heart.org\/es\/wp-json\/wp\/v2\/pages\/1682\/revisions\/4624"}],"wp:attachment":[{"href":"https:\/\/www.healthy-heart.org\/es\/wp-json\/wp\/v2\/media?parent=1682"}],"wp:term":[{"taxonomy":"category","embeddable":true,"href":"https:\/\/www.healthy-heart.org\/es\/wp-json\/wp\/v2\/categories?post=1682"},{"taxonomy":"post_tag","embeddable":true,"href":"https:\/\/www.healthy-heart.org\/es\/wp-json\/wp\/v2\/tags?post=1682"}],"curies":[{"name":"wp","href":"https:\/\/api.w.org\/{rel}","templated":true}]}}