{"id":1677,"date":"2019-10-07T17:49:05","date_gmt":"2019-10-07T16:49:05","guid":{"rendered":"https:\/\/www.healthy-heart.org\/su-corazon\/fomentar-un-estilo-de-vida-saludable\/"},"modified":"2020-10-23T15:06:22","modified_gmt":"2020-10-23T14:06:22","slug":"fomentar-un-estilo-de-vida-saludable","status":"publish","type":"page","link":"https:\/\/www.healthy-heart.org\/es\/su-corazon\/fomentar-un-estilo-de-vida-saludable\/","title":{"rendered":"Fomentar un estilo de vida saludable."},"content":{"rendered":"<p><img loading=\"lazy\" decoding=\"async\" class=\"alignright size-medium wp-image-795\" src=\"https:\/\/cdn-endpoint-prev.azureedge.net\/healthy-heart\/2019\/07\/iStock-618870216-350x165.jpg\" alt=\"\" width=\"350\" height=\"165\" srcset=\"https:\/\/www.healthy-heart.org\/wp-content\/uploads\/2019\/07\/iStock-618870216-350x165.jpg 350w, https:\/\/www.healthy-heart.org\/wp-content\/uploads\/2019\/07\/iStock-618870216-200x95.jpg 200w, https:\/\/www.healthy-heart.org\/wp-content\/uploads\/2019\/07\/iStock-618870216-768x363.jpg 768w, https:\/\/www.healthy-heart.org\/wp-content\/uploads\/2019\/07\/iStock-618870216-1024x484.jpg 1024w, https:\/\/www.healthy-heart.org\/wp-content\/uploads\/2019\/07\/iStock-618870216-1536x726.jpg 1536w, https:\/\/www.healthy-heart.org\/wp-content\/uploads\/2019\/07\/iStock-618870216-2048x968.jpg 2048w, https:\/\/www.healthy-heart.org\/wp-content\/uploads\/2019\/07\/iStock-618870216-929x439.jpg 929w, https:\/\/www.healthy-heart.org\/wp-content\/uploads\/2019\/07\/iStock-618870216-700x331.jpg 700w\" sizes=\"auto, (max-width: 350px) 100vw, 350px\" \/>A nivel internacional, nacional y local hay gobiernos y organizaciones no gubernamentales interesados y responsables de promover y posibilitar cambios saludables en los estilos de vida. Entre ellos figuran la Organizaci\u00f3n Mundial de la Salud, la Uni\u00f3n Europea, los gobiernos nacionales y locales, las autoridades sanitarias, las fundaciones del coraz\u00f3n, as\u00ed como las asociaciones de consumidores y de pacientes.<\/p>\n<p>Las escuelas deben crear un entorno sano donde se practique ejercicio, adem\u00e1s de educar sobre la importancia de llevar estilo de vida saludable. Del mismo modo, los lugares de trabajo deben fomentar la <a href=\"https:\/\/www.healthy-heart.org\/es\/mantenga-su-corazon-sano\/ejercicio-fisico\/\">actividad f\u00edsica<\/a>, una alimentaci\u00f3n sana y desincentivar <a href=\"https:\/\/www.healthy-heart.org\/es\/mantenga-su-corazon-sano\/tabaquismo\/\">el h\u00e1bito de fumar<\/a>. Los planificadores urbanos pueden facilitar la movilidad urbana para que la gente vaya caminando o en bici al trabajo o al colegio.<\/p>\n<h3>Dieta<\/h3>\n<p><img loading=\"lazy\" decoding=\"async\" class=\"alignright size-medium wp-image-805\" src=\"https:\/\/cdn-endpoint-prev.azureedge.net\/healthy-heart\/2019\/07\/iStock-953674568-1-350x233.jpg\" alt=\"\" width=\"350\" height=\"233\" srcset=\"https:\/\/www.healthy-heart.org\/wp-content\/uploads\/2019\/07\/iStock-953674568-1-350x233.jpg 350w, https:\/\/cdn-endpoint-prev.azureedge.net\/healthy-heart\/2019\/07\/iStock-953674568-1-1024x683.jpg 1024w, https:\/\/www.healthy-heart.org\/wp-content\/uploads\/2019\/07\/iStock-953674568-1-200x133.jpg 200w, https:\/\/www.healthy-heart.org\/wp-content\/uploads\/2019\/07\/iStock-953674568-1-768x512.jpg 768w, https:\/\/www.healthy-heart.org\/wp-content\/uploads\/2019\/07\/iStock-953674568-1-1536x1024.jpg 1536w, https:\/\/www.healthy-heart.org\/wp-content\/uploads\/2019\/07\/iStock-953674568-1-2048x1365.jpg 2048w, https:\/\/www.healthy-heart.org\/wp-content\/uploads\/2019\/07\/iStock-953674568-1-659x439.jpg 659w, https:\/\/www.healthy-heart.org\/wp-content\/uploads\/2019\/07\/iStock-953674568-1-696x464.jpg 696w\" sizes=\"auto, (max-width: 350px) 100vw, 350px\" \/>Restringir el contenido de grasas, az\u00facar y sal de los alimentos procesados es una forma eficaz de mejorar la alimentaci\u00f3n de los ciudadanos, incluso sin percatarse de ello. Algunos pa\u00edses han prohibido las grasas transg\u00e9nicas en los alimentos. Muchos pa\u00edses est\u00e1n trabajando con la industria alimentaria para reducir los niveles de sal y az\u00facar. Los precios tambi\u00e9n influyen en el comportamiento, e imponer un gravamen en los alimentos poco saludables (por ejemplo, un impuesto sobre las grasas o el az\u00facar) o subvencionar opciones saludables puede provocar cambios en los h\u00e1bitos alimentarios. Las campa\u00f1as de sensibilizaci\u00f3n e informaci\u00f3n de buenos h\u00e1bitos alimenticios y el etiquetado alimentario claro, sencillo y entendible llevan al consumidor a realizar elecciones de comprar m\u00e1s saludables.<\/p>\n<h3>Ejercicio f\u00edsico<\/h3>\n<p>El entorno urbanizado puede fomentar la actividad f\u00edsica. Una mejor visibilidad de escaleras urbanas estimula a las personas a usarlas en lugar de ascensores. Promover el caminar o montar en bicicleta incluso para distancias cortas ayuda a incorporar la actividad f\u00edsica en la rutina diaria. La concienciaci\u00f3n sobre la importancia de la actividad f\u00edsica para la salud debe comenzar en la primera infancia. Los lugares de trabajo pueden ofrecer a sus empleados el uso de gimnasios, escritorios para poder trabajar de pie o sillas con pedales de bicicleta.<\/p>\n<h3>Tabaquismo<\/h3>\n<p>Cualquier forma de tabaquismo activo o pasivo aumenta el riesgo de padecer enfermedades cardiovasculares. La legislaci\u00f3n es una herramienta muy \u00fatil para prevenir y reducir el tabaquismo. Las medidas incluyen la prohibici\u00f3n de fumar, impuestos elevados, publicidad restringida y uso del empaquetado neutro de los productos de tabaco. Las campa\u00f1as en los medios de comunicaci\u00f3n han sensibilizado sobre los efectos nocivos del tabaquismo. Es especialmente importante evitar que los adolescentes empiecen a fumar.<\/p>\n<h3>Abuso del alcohol<\/h3>\n<p>El consumo excesivo de alcohol aumenta el <a href=\"https:\/\/www.healthy-heart.org\/es\/mantenga-su-corazon-sano\/pronostico-y-control-del-riesgo-de-las-cardiopatias\/\">riesgo cardiovascular<\/a>. La legislaci\u00f3n es un arma eficaz para prevenir el consumo nocivo de alcohol a trav\u00e9s de varias regulaciones: por ejemplo, una edad m\u00ednima para comprar o que se sirva alcohol, leyes m\u00e1s severas sobre la conducci\u00f3n bajo los efectos del alcohol, impuestos y la prohibici\u00f3n de la publicidad, promoci\u00f3n y patrocinio de eventos. La normativa sobre el consumo de alcohol en los lugares de trabajo y las escuelas tambi\u00e9n es beneficiosa.<\/p>\n","protected":false},"excerpt":{"rendered":"<p>A nivel internacional, nacional y local hay gobiernos y organizaciones no gubernamentales interesados y responsables de promover y posibilitar cambios saludables en los estilos de vida. Entre ellos figuran la Organizaci\u00f3n Mundial de la Salud, la Uni\u00f3n Europea, los gobiernos nacionales y locales, las autoridades sanitarias, las fundaciones del coraz\u00f3n, as\u00ed como las asociaciones de [&hellip;]<\/p>\n","protected":false},"author":1,"featured_media":1266,"parent":1654,"menu_order":5,"comment_status":"closed","ping_status":"closed","template":"","meta":{"_acf_changed":false,"footnotes":""},"categories":[53],"tags":[],"class_list":["post-1677","page","type-page","status-publish","has-post-thumbnail","hentry","category-su-corazon"],"acf":[],"yoast_head":"<!-- This site is optimized with the Yoast SEO plugin v24.0 - https:\/\/yoast.com\/wordpress\/plugins\/seo\/ -->\n<title>Fomento de un estilo de vida saludable - % % sitename%%<\/title>\n<meta name=\"description\" content=\"Lleve un estilo de vida saludable. Haga ejercicio, lleve una dieta saludable, deje de fumar y reduzca el consumo de alcohol.\" \/>\n<meta name=\"robots\" content=\"index, follow, max-snippet:-1, max-image-preview:large, max-video-preview:-1\" \/>\n<link rel=\"canonical\" href=\"https:\/\/www.healthy-heart.org\/es\/su-corazon\/fomentar-un-estilo-de-vida-saludable\/\" \/>\n<meta property=\"og:locale\" content=\"es_ES\" \/>\n<meta property=\"og:type\" content=\"article\" \/>\n<meta property=\"og:title\" content=\"Fomento de un estilo de vida saludable - % % sitename%%\" \/>\n<meta property=\"og:description\" content=\"Lleve un estilo de vida saludable. Haga ejercicio, lleve una dieta saludable, deje de fumar y reduzca el consumo de alcohol.\" \/>\n<meta property=\"og:url\" content=\"https:\/\/www.healthy-heart.org\/es\/su-corazon\/fomentar-un-estilo-de-vida-saludable\/\" \/>\n<meta property=\"og:site_name\" content=\"Healthy-Heart.org\" \/>\n<meta property=\"article:modified_time\" content=\"2020-10-23T14:06:22+00:00\" \/>\n<meta property=\"og:image\" content=\"https:\/\/www.healthy-heart.org\/wp-content\/uploads\/2019\/08\/healthy-lifestyle.jpg\" \/>\n\t<meta property=\"og:image:width\" content=\"518\" \/>\n\t<meta property=\"og:image:height\" content=\"345\" \/>\n\t<meta property=\"og:image:type\" content=\"image\/jpeg\" \/>\n<meta name=\"twitter:card\" content=\"summary_large_image\" \/>\n<meta name=\"twitter:label1\" content=\"Tiempo de lectura\" \/>\n\t<meta name=\"twitter:data1\" content=\"3 minutos\" \/>\n<script type=\"application\/ld+json\" class=\"yoast-schema-graph\">{\"@context\":\"https:\/\/schema.org\",\"@graph\":[{\"@type\":\"WebPage\",\"@id\":\"https:\/\/www.healthy-heart.org\/es\/su-corazon\/fomentar-un-estilo-de-vida-saludable\/\",\"url\":\"https:\/\/www.healthy-heart.org\/es\/su-corazon\/fomentar-un-estilo-de-vida-saludable\/\",\"name\":\"Fomento de un estilo de vida saludable - % % sitename%%\",\"isPartOf\":{\"@id\":\"https:\/\/www.healthy-heart.org\/es\/#website\"},\"primaryImageOfPage\":{\"@id\":\"https:\/\/www.healthy-heart.org\/es\/su-corazon\/fomentar-un-estilo-de-vida-saludable\/#primaryimage\"},\"image\":{\"@id\":\"https:\/\/www.healthy-heart.org\/es\/su-corazon\/fomentar-un-estilo-de-vida-saludable\/#primaryimage\"},\"thumbnailUrl\":\"https:\/\/www.healthy-heart.org\/wp-content\/uploads\/2019\/08\/healthy-lifestyle.jpg\",\"datePublished\":\"2019-10-07T16:49:05+00:00\",\"dateModified\":\"2020-10-23T14:06:22+00:00\",\"description\":\"Lleve un estilo de vida saludable. Haga ejercicio, lleve una dieta saludable, deje de fumar y reduzca el consumo de alcohol.\",\"breadcrumb\":{\"@id\":\"https:\/\/www.healthy-heart.org\/es\/su-corazon\/fomentar-un-estilo-de-vida-saludable\/#breadcrumb\"},\"inLanguage\":\"es\",\"potentialAction\":[{\"@type\":\"ReadAction\",\"target\":[\"https:\/\/www.healthy-heart.org\/es\/su-corazon\/fomentar-un-estilo-de-vida-saludable\/\"]}]},{\"@type\":\"ImageObject\",\"inLanguage\":\"es\",\"@id\":\"https:\/\/www.healthy-heart.org\/es\/su-corazon\/fomentar-un-estilo-de-vida-saludable\/#primaryimage\",\"url\":\"https:\/\/www.healthy-heart.org\/wp-content\/uploads\/2019\/08\/healthy-lifestyle.jpg\",\"contentUrl\":\"https:\/\/www.healthy-heart.org\/wp-content\/uploads\/2019\/08\/healthy-lifestyle.jpg\",\"width\":518,\"height\":345},{\"@type\":\"BreadcrumbList\",\"@id\":\"https:\/\/www.healthy-heart.org\/es\/su-corazon\/fomentar-un-estilo-de-vida-saludable\/#breadcrumb\",\"itemListElement\":[{\"@type\":\"ListItem\",\"position\":1,\"name\":\"Home\",\"item\":\"https:\/\/www.healthy-heart.org\/es\/\"},{\"@type\":\"ListItem\",\"position\":2,\"name\":\"Su coraz\u00f3n\",\"item\":\"https:\/\/www.healthy-heart.org\/es\/su-corazon\/\"},{\"@type\":\"ListItem\",\"position\":3,\"name\":\"Fomentar un estilo de vida saludable.\"}]},{\"@type\":\"WebSite\",\"@id\":\"https:\/\/www.healthy-heart.org\/es\/#website\",\"url\":\"https:\/\/www.healthy-heart.org\/es\/\",\"name\":\"Healthy-Heart.org\",\"description\":\"Practical advice for patients and family care givers on the prevention of cardiovascular disease\",\"potentialAction\":[{\"@type\":\"SearchAction\",\"target\":{\"@type\":\"EntryPoint\",\"urlTemplate\":\"https:\/\/www.healthy-heart.org\/es\/?s={search_term_string}\"},\"query-input\":{\"@type\":\"PropertyValueSpecification\",\"valueRequired\":true,\"valueName\":\"search_term_string\"}}],\"inLanguage\":\"es\"}]}<\/script>\n<!-- \/ Yoast SEO plugin. -->","yoast_head_json":{"title":"Fomento de un estilo de vida saludable - % % sitename%%","description":"Lleve un estilo de vida saludable. Haga ejercicio, lleve una dieta saludable, deje de fumar y reduzca el consumo de alcohol.","robots":{"index":"index","follow":"follow","max-snippet":"max-snippet:-1","max-image-preview":"max-image-preview:large","max-video-preview":"max-video-preview:-1"},"canonical":"https:\/\/www.healthy-heart.org\/es\/su-corazon\/fomentar-un-estilo-de-vida-saludable\/","og_locale":"es_ES","og_type":"article","og_title":"Fomento de un estilo de vida saludable - % % sitename%%","og_description":"Lleve un estilo de vida saludable. Haga ejercicio, lleve una dieta saludable, deje de fumar y reduzca el consumo de alcohol.","og_url":"https:\/\/www.healthy-heart.org\/es\/su-corazon\/fomentar-un-estilo-de-vida-saludable\/","og_site_name":"Healthy-Heart.org","article_modified_time":"2020-10-23T14:06:22+00:00","og_image":[{"width":518,"height":345,"url":"https:\/\/www.healthy-heart.org\/wp-content\/uploads\/2019\/08\/healthy-lifestyle.jpg","type":"image\/jpeg"}],"twitter_card":"summary_large_image","twitter_misc":{"Tiempo de lectura":"3 minutos"},"schema":{"@context":"https:\/\/schema.org","@graph":[{"@type":"WebPage","@id":"https:\/\/www.healthy-heart.org\/es\/su-corazon\/fomentar-un-estilo-de-vida-saludable\/","url":"https:\/\/www.healthy-heart.org\/es\/su-corazon\/fomentar-un-estilo-de-vida-saludable\/","name":"Fomento de un estilo de vida saludable - % % sitename%%","isPartOf":{"@id":"https:\/\/www.healthy-heart.org\/es\/#website"},"primaryImageOfPage":{"@id":"https:\/\/www.healthy-heart.org\/es\/su-corazon\/fomentar-un-estilo-de-vida-saludable\/#primaryimage"},"image":{"@id":"https:\/\/www.healthy-heart.org\/es\/su-corazon\/fomentar-un-estilo-de-vida-saludable\/#primaryimage"},"thumbnailUrl":"https:\/\/www.healthy-heart.org\/wp-content\/uploads\/2019\/08\/healthy-lifestyle.jpg","datePublished":"2019-10-07T16:49:05+00:00","dateModified":"2020-10-23T14:06:22+00:00","description":"Lleve un estilo de vida saludable. Haga ejercicio, lleve una dieta saludable, deje de fumar y reduzca el consumo de alcohol.","breadcrumb":{"@id":"https:\/\/www.healthy-heart.org\/es\/su-corazon\/fomentar-un-estilo-de-vida-saludable\/#breadcrumb"},"inLanguage":"es","potentialAction":[{"@type":"ReadAction","target":["https:\/\/www.healthy-heart.org\/es\/su-corazon\/fomentar-un-estilo-de-vida-saludable\/"]}]},{"@type":"ImageObject","inLanguage":"es","@id":"https:\/\/www.healthy-heart.org\/es\/su-corazon\/fomentar-un-estilo-de-vida-saludable\/#primaryimage","url":"https:\/\/www.healthy-heart.org\/wp-content\/uploads\/2019\/08\/healthy-lifestyle.jpg","contentUrl":"https:\/\/www.healthy-heart.org\/wp-content\/uploads\/2019\/08\/healthy-lifestyle.jpg","width":518,"height":345},{"@type":"BreadcrumbList","@id":"https:\/\/www.healthy-heart.org\/es\/su-corazon\/fomentar-un-estilo-de-vida-saludable\/#breadcrumb","itemListElement":[{"@type":"ListItem","position":1,"name":"Home","item":"https:\/\/www.healthy-heart.org\/es\/"},{"@type":"ListItem","position":2,"name":"Su coraz\u00f3n","item":"https:\/\/www.healthy-heart.org\/es\/su-corazon\/"},{"@type":"ListItem","position":3,"name":"Fomentar un estilo de vida saludable."}]},{"@type":"WebSite","@id":"https:\/\/www.healthy-heart.org\/es\/#website","url":"https:\/\/www.healthy-heart.org\/es\/","name":"Healthy-Heart.org","description":"Practical advice for patients and family care givers on the prevention of cardiovascular disease","potentialAction":[{"@type":"SearchAction","target":{"@type":"EntryPoint","urlTemplate":"https:\/\/www.healthy-heart.org\/es\/?s={search_term_string}"},"query-input":{"@type":"PropertyValueSpecification","valueRequired":true,"valueName":"search_term_string"}}],"inLanguage":"es"}]}},"_links":{"self":[{"href":"https:\/\/www.healthy-heart.org\/es\/wp-json\/wp\/v2\/pages\/1677","targetHints":{"allow":["GET"]}}],"collection":[{"href":"https:\/\/www.healthy-heart.org\/es\/wp-json\/wp\/v2\/pages"}],"about":[{"href":"https:\/\/www.healthy-heart.org\/es\/wp-json\/wp\/v2\/types\/page"}],"author":[{"embeddable":true,"href":"https:\/\/www.healthy-heart.org\/es\/wp-json\/wp\/v2\/users\/1"}],"replies":[{"embeddable":true,"href":"https:\/\/www.healthy-heart.org\/es\/wp-json\/wp\/v2\/comments?post=1677"}],"version-history":[{"count":2,"href":"https:\/\/www.healthy-heart.org\/es\/wp-json\/wp\/v2\/pages\/1677\/revisions"}],"predecessor-version":[{"id":4768,"href":"https:\/\/www.healthy-heart.org\/es\/wp-json\/wp\/v2\/pages\/1677\/revisions\/4768"}],"up":[{"embeddable":true,"href":"https:\/\/www.healthy-heart.org\/es\/wp-json\/wp\/v2\/pages\/1654"}],"wp:featuredmedia":[{"embeddable":true,"href":"https:\/\/www.healthy-heart.org\/es\/wp-json\/wp\/v2\/media\/1266"}],"wp:attachment":[{"href":"https:\/\/www.healthy-heart.org\/es\/wp-json\/wp\/v2\/media?parent=1677"}],"wp:term":[{"taxonomy":"category","embeddable":true,"href":"https:\/\/www.healthy-heart.org\/es\/wp-json\/wp\/v2\/categories?post=1677"},{"taxonomy":"post_tag","embeddable":true,"href":"https:\/\/www.healthy-heart.org\/es\/wp-json\/wp\/v2\/tags?post=1677"}],"curies":[{"name":"wp","href":"https:\/\/api.w.org\/{rel}","templated":true}]}}