{"id":1672,"date":"2019-10-07T17:48:37","date_gmt":"2019-10-07T16:48:37","guid":{"rendered":"https:\/\/www.healthy-heart.org\/su-corazon\/que-es-una-cardiopatia\/"},"modified":"2020-10-23T15:24:45","modified_gmt":"2020-10-23T14:24:45","slug":"que-es-una-cardiopatia","status":"publish","type":"page","link":"https:\/\/www.healthy-heart.org\/es\/su-corazon\/que-es-una-cardiopatia\/","title":{"rendered":"\u00bfQu\u00e9 es una cardiopat\u00eda?"},"content":{"rendered":"<p>Las ECV son trastornos que afectan al <a href=\"https:\/\/www.healthy-heart.org\/es\/su-corazon\/como-funciona-el-corazon\/\">coraz\u00f3n y los vasos sangu\u00edneos<\/a>. Incluyen enfermedades ateroescler\u00f3ticas, en las que los vasos sangu\u00edneos se obstruyen progresivamente por la proliferaci\u00f3n de placas ateromatosas en la pared arterial. Existen diferentes tipos de ateroesclerosis, seg\u00fan el tipo de vasos sangu\u00edneos que se obstruyan.<\/p>\n<ul>\n<li>Las cardiopat\u00edas coronarias, como los infartos de miocardio afectan a las arterias coronarias, que irrigan el coraz\u00f3n.<\/li>\n<li>La enfermedad cerebrovascular, que afecta a los vasos sangu\u00edneos cerebrales.<\/li>\n<li>La arteriopat\u00eda perif\u00e9rica afecta a los vasos sangu\u00edneos que suministran sangre a las extremidades inferiores.<\/li>\n<li>Otros tipos de enfermedades cardiovasculares son la insuficiencia card\u00edaca (en la que el coraz\u00f3n no puede bombear correctamente), las valvulopat\u00edas y las enfermedades del miocardio.<\/li>\n<\/ul>\n<h3>Definici\u00f3n<\/h3>\n<p><img loading=\"lazy\" decoding=\"async\" class=\"alignright wp-image-694 size-medium\" src=\"https:\/\/cdn-endpoint-prev.azureedge.net\/healthy-heart\/2019\/07\/iStock-1026729722-1-350x350.jpg\" alt=\"\" width=\"350\" height=\"350\" srcset=\"https:\/\/www.healthy-heart.org\/wp-content\/uploads\/2019\/07\/iStock-1026729722-1-350x350.jpg 350w, https:\/\/www.healthy-heart.org\/wp-content\/uploads\/2019\/07\/iStock-1026729722-1-200x200.jpg 200w, https:\/\/www.healthy-heart.org\/wp-content\/uploads\/2019\/07\/iStock-1026729722-1-768x768.jpg 768w, https:\/\/www.healthy-heart.org\/wp-content\/uploads\/2019\/07\/iStock-1026729722-1-1024x1024.jpg 1024w, https:\/\/www.healthy-heart.org\/wp-content\/uploads\/2019\/07\/iStock-1026729722-1-1536x1536.jpg 1536w, https:\/\/www.healthy-heart.org\/wp-content\/uploads\/2019\/07\/iStock-1026729722-1-2048x2048.jpg 2048w, https:\/\/www.healthy-heart.org\/wp-content\/uploads\/2019\/07\/iStock-1026729722-1-439x439.jpg 439w, https:\/\/www.healthy-heart.org\/wp-content\/uploads\/2019\/07\/iStock-1026729722-1-464x464.jpg 464w\" sizes=\"auto, (max-width: 350px) 100vw, 350px\" \/><br \/>\nLas ECV son: cardiopat\u00edas ateroescler\u00f3ticas: cardiopat\u00eda coronaria (infarto de miocardio), enfermedad cerebrovascular (derrame cerebral, ictus isqu\u00e9mico) y la arteriopat\u00eda perif\u00e9rica (enfermedad arterial cr\u00f3nica de las extremidades inferiores).<\/p>\n<p>La ateroesclerosis es una enfermedad causada principalmente por altos niveles de colesterol, especialmente el colesterol de las LDL o colesterol \u00abmalo\u00bb. El colesterol se acumula en la pared de los vasos sangu\u00edneos, causando inflamaci\u00f3n y acumulaci\u00f3n de placas que pueden llevar a estenosis (estrechamiento) de los vasos sangu\u00edneos. Cuanto m\u00e1s estrechos est\u00e9n los vasos sangu\u00edneos, menos sangre puede pasar. Esto puede causar dolor intermitente en las piernas al caminar si las arterias de las piernas se ven afectadas. Cuando los vasos que irrigan el coraz\u00f3n se estrechan, pueden causar dolor tor\u00e1cico, opresi\u00f3n o molestias (angina). Si los vasos que irrigan el coraz\u00f3n se estrechan mucho o se bloquean totalmente con placas, es posible que se produzca un infarto de miocardio (ataque al coraz\u00f3n).<\/p>\n<p>Las ECV se pueden prevenir o tratar con un <a href=\"https:\/\/www.healthy-heart.org\/es\/su-corazon\/fomentar-un-estilo-de-vida-saludable\/\">estilo de vida saludable<\/a>, <a href=\"https:\/\/www.healthy-heart.org\/es\/vivir-con-una-cardiopatia\/tipos-de-farmacos\/\">medicaci\u00f3n<\/a> y cirug\u00eda.<\/p>\n<h3>Frecuencia<\/h3>\n<p><img loading=\"lazy\" decoding=\"async\" class=\"alignright size-medium wp-image-719\" src=\"https:\/\/cdn-endpoint-prev.azureedge.net\/healthy-heart\/2019\/07\/iStock-457380571-350x350.png\" alt=\"\" width=\"350\" height=\"350\" srcset=\"https:\/\/www.healthy-heart.org\/wp-content\/uploads\/2019\/07\/iStock-457380571-350x350.png 350w, https:\/\/www.healthy-heart.org\/wp-content\/uploads\/2019\/07\/iStock-457380571-200x200.png 200w, https:\/\/www.healthy-heart.org\/wp-content\/uploads\/2019\/07\/iStock-457380571-768x768.png 768w, https:\/\/www.healthy-heart.org\/wp-content\/uploads\/2019\/07\/iStock-457380571-439x439.png 439w, https:\/\/www.healthy-heart.org\/wp-content\/uploads\/2019\/07\/iStock-457380571-464x464.png 464w, https:\/\/cdn-endpoint-prev.azureedge.net\/healthy-heart\/2019\/07\/iStock-457380571.png 800w\" sizes=\"auto, (max-width: 350px) 100vw, 350px\" \/>Las enfermedades cardiovasculares (ECV) son la primera causa de muerte en Europa, con m\u00e1s de cuatro millones de defunciones al a\u00f1o. Esto supone el 45\u00a0% de todas las muertes. Las ECV son las responsables del 49\u00a0% de las muertes en mujeres y del 40\u00a0% en hombres. La cardiopat\u00eda coronaria (CC; sobre todo los infartos de miocardio) y la enfermedad cerebrovascular (ECV, sobre todo el infarto cerebral) son las causas m\u00e1s frecuentes de muerte por causas cardiovasculares. Las cardiopat\u00edas coronarias causan 1,8 millones de muertes al a\u00f1o, lo que corresponde a una de cada cinco de todas las muertes.<\/p>\n<p>En toda Europa existen diferencias considerables en la incidencia de las ECV. En los \u00faltimos 10 a\u00f1os, la incidencia de las ECV ha sufrido un fuerte descenso en casi toda Europa occidental, con una reducci\u00f3n de hasta el 30\u201350\u00a0% en algunos pa\u00edses. Hoy en d\u00eda, la carga global de las ECV es mayor en los pa\u00edses de Europa Oriental, con una mayor mortalidad y morbilidad. El gradiente norte-sur anterior se ha reducido.<\/p>\n<p>La reducci\u00f3n de la incidencia de las ECV se observa tanto en hombres como en mujeres. La mayor parte de esto se debe a una mejor prevenci\u00f3n de las ECV al reducir los <a href=\"https:\/\/www.healthy-heart.org\/es\/mantenga-su-corazon-sano\/pronostico-y-control-del-riesgo-de-las-cardiopatias\/\">factores de riesgo cardiovascular<\/a> en personas sanas y en pacientes con ECV.<\/p>\n<p>Sin embargo, no todos los factores de riesgo muestran una tendencia beneficiosa. Si bien las tasas de <a href=\"https:\/\/www.healthy-heart.org\/es\/mantenga-su-corazon-sano\/tabaquismo\/\">tabaquismo<\/a> y los niveles de <a href=\"https:\/\/www.healthy-heart.org\/es\/mantenga-su-corazon-sano\/colesterol\/\">colesterol<\/a> han disminuido, la <a href=\"https:\/\/www.healthy-heart.org\/es\/mantenga-su-corazon-sano\/mantener-un-peso-saludable\/\">obesidad<\/a> y la <a href=\"https:\/\/www.healthy-heart.org\/es\/mantenga-su-corazon-sano\/diabetes\/\">diabetes<\/a> est\u00e1n aumentando y pueden frenar la ca\u00edda de las ECV. Hoy es sabido que el <a href=\"https:\/\/www.healthy-heart.org\/es\/mantenga-su-corazon-sano\/estres-y-sueno\/\">estr\u00e9s<\/a> psicosocial, como la depresi\u00f3n, la ansiedad y el agotamiento contribuyen en gran medida a la aparici\u00f3n y el pron\u00f3stico de la ECV, y la situaci\u00f3n no mejora.<\/p>\n<blockquote><p>Las ECV pueden evitarse en gran medida. Cambiar ciertos h\u00e1bitos que conforman un riesgo para la salud evitar\u00eda al menos el 80\u00a0% de las ECV.<\/p><\/blockquote>\n<p>La forma m\u00e1s importante de combatir las ECV es, por lo tanto, la prevenci\u00f3n (primaria y secundaria), lo que significa detener los primeros episodios as\u00ed como futuros. Uno de cada cinco pacientes que ha sufrido un infarto de miocardio sufre otro en el transcurso del primer a\u00f1o. Los profesionales de la salud y los pacientes deben colaborar codo con codo para <a href=\"https:\/\/www.healthy-heart.org\/es\/vivir-con-una-cardiopatia\/factores-de-riesgo-de-sufrir-un-segundo-infarto-de-miocardio\/\">prevenir los primeros y segundos episodios<\/a>. Por ejemplo, muchos pacientes que han sufrido un infarto de miocardio no saben que son diab\u00e9ticos, que de haberse diagnosticado a tiempo y tratado, hubiese evitado el infarto.<\/p>\n<p>Descubra las <a href=\"https:\/\/www.healthy-heart.org\/keep-your-heart-healthy\/keeping-healthy-habits\/\">medidas preventivas<\/a> de las ECV y qu\u00e9 se puede lograr junto con sus m\u00e9dicos y personal de enfermer\u00eda.<\/p>\n","protected":false},"excerpt":{"rendered":"<p>Las ECV son trastornos que afectan al coraz\u00f3n y los vasos sangu\u00edneos. Incluyen enfermedades ateroescler\u00f3ticas, en las que los vasos sangu\u00edneos se obstruyen progresivamente por la proliferaci\u00f3n de placas ateromatosas en la pared arterial. Existen diferentes tipos de ateroesclerosis, seg\u00fan el tipo de vasos sangu\u00edneos que se obstruyan. Las cardiopat\u00edas coronarias, como los infartos de [&hellip;]<\/p>\n","protected":false},"author":1,"featured_media":1238,"parent":1654,"menu_order":2,"comment_status":"closed","ping_status":"closed","template":"","meta":{"_acf_changed":false,"footnotes":""},"categories":[53],"tags":[],"class_list":["post-1672","page","type-page","status-publish","has-post-thumbnail","hentry","category-su-corazon"],"acf":[],"yoast_head":"<!-- This site is optimized with the Yoast SEO plugin v24.0 - https:\/\/yoast.com\/wordpress\/plugins\/seo\/ -->\n<title>Cardiopat\u00eda - Healthy-Heart.org<\/title>\n<meta name=\"description\" content=\"Las cardiopat\u00edas son trastornos del coraz\u00f3n y de los vasos sangu\u00edneos, como la cardiopat\u00eda isqu\u00e9mica, infarto de miocardio, accidente cerebrovascular, valvulopat\u00edas y enfermedades del miocardio.\" \/>\n<meta name=\"robots\" content=\"index, follow, max-snippet:-1, max-image-preview:large, max-video-preview:-1\" \/>\n<link rel=\"canonical\" href=\"https:\/\/www.healthy-heart.org\/es\/su-corazon\/que-es-una-cardiopatia\/\" \/>\n<meta property=\"og:locale\" content=\"es_ES\" \/>\n<meta property=\"og:type\" content=\"article\" \/>\n<meta property=\"og:title\" content=\"Cardiopat\u00eda - Healthy-Heart.org\" \/>\n<meta property=\"og:description\" content=\"Las cardiopat\u00edas son trastornos del coraz\u00f3n y de los vasos sangu\u00edneos, como la cardiopat\u00eda isqu\u00e9mica, infarto de miocardio, accidente cerebrovascular, valvulopat\u00edas y enfermedades del miocardio.\" \/>\n<meta property=\"og:url\" content=\"https:\/\/www.healthy-heart.org\/es\/su-corazon\/que-es-una-cardiopatia\/\" \/>\n<meta property=\"og:site_name\" content=\"Healthy-Heart.org\" \/>\n<meta property=\"article:modified_time\" content=\"2020-10-23T14:24:45+00:00\" \/>\n<meta property=\"og:image\" content=\"https:\/\/www.healthy-heart.org\/wp-content\/uploads\/2019\/08\/what-is-cardiovascular-disease.jpg\" \/>\n\t<meta property=\"og:image:width\" content=\"518\" \/>\n\t<meta property=\"og:image:height\" content=\"345\" \/>\n\t<meta property=\"og:image:type\" content=\"image\/jpeg\" \/>\n<meta name=\"twitter:card\" content=\"summary_large_image\" \/>\n<meta name=\"twitter:label1\" content=\"Tiempo de lectura\" \/>\n\t<meta name=\"twitter:data1\" content=\"4 minutos\" \/>\n<script type=\"application\/ld+json\" class=\"yoast-schema-graph\">{\"@context\":\"https:\/\/schema.org\",\"@graph\":[{\"@type\":\"WebPage\",\"@id\":\"https:\/\/www.healthy-heart.org\/es\/su-corazon\/que-es-una-cardiopatia\/\",\"url\":\"https:\/\/www.healthy-heart.org\/es\/su-corazon\/que-es-una-cardiopatia\/\",\"name\":\"Cardiopat\u00eda - Healthy-Heart.org\",\"isPartOf\":{\"@id\":\"https:\/\/www.healthy-heart.org\/es\/#website\"},\"primaryImageOfPage\":{\"@id\":\"https:\/\/www.healthy-heart.org\/es\/su-corazon\/que-es-una-cardiopatia\/#primaryimage\"},\"image\":{\"@id\":\"https:\/\/www.healthy-heart.org\/es\/su-corazon\/que-es-una-cardiopatia\/#primaryimage\"},\"thumbnailUrl\":\"https:\/\/www.healthy-heart.org\/wp-content\/uploads\/2019\/08\/what-is-cardiovascular-disease.jpg\",\"datePublished\":\"2019-10-07T16:48:37+00:00\",\"dateModified\":\"2020-10-23T14:24:45+00:00\",\"description\":\"Las cardiopat\u00edas son trastornos del coraz\u00f3n y de los vasos sangu\u00edneos, como la cardiopat\u00eda isqu\u00e9mica, infarto de miocardio, accidente cerebrovascular, valvulopat\u00edas y enfermedades del miocardio.\",\"breadcrumb\":{\"@id\":\"https:\/\/www.healthy-heart.org\/es\/su-corazon\/que-es-una-cardiopatia\/#breadcrumb\"},\"inLanguage\":\"es\",\"potentialAction\":[{\"@type\":\"ReadAction\",\"target\":[\"https:\/\/www.healthy-heart.org\/es\/su-corazon\/que-es-una-cardiopatia\/\"]}]},{\"@type\":\"ImageObject\",\"inLanguage\":\"es\",\"@id\":\"https:\/\/www.healthy-heart.org\/es\/su-corazon\/que-es-una-cardiopatia\/#primaryimage\",\"url\":\"https:\/\/www.healthy-heart.org\/wp-content\/uploads\/2019\/08\/what-is-cardiovascular-disease.jpg\",\"contentUrl\":\"https:\/\/www.healthy-heart.org\/wp-content\/uploads\/2019\/08\/what-is-cardiovascular-disease.jpg\",\"width\":518,\"height\":345},{\"@type\":\"BreadcrumbList\",\"@id\":\"https:\/\/www.healthy-heart.org\/es\/su-corazon\/que-es-una-cardiopatia\/#breadcrumb\",\"itemListElement\":[{\"@type\":\"ListItem\",\"position\":1,\"name\":\"Home\",\"item\":\"https:\/\/www.healthy-heart.org\/es\/\"},{\"@type\":\"ListItem\",\"position\":2,\"name\":\"Su coraz\u00f3n\",\"item\":\"https:\/\/www.healthy-heart.org\/es\/su-corazon\/\"},{\"@type\":\"ListItem\",\"position\":3,\"name\":\"\u00bfQu\u00e9 es una cardiopat\u00eda?\"}]},{\"@type\":\"WebSite\",\"@id\":\"https:\/\/www.healthy-heart.org\/es\/#website\",\"url\":\"https:\/\/www.healthy-heart.org\/es\/\",\"name\":\"Healthy-Heart.org\",\"description\":\"Practical advice for patients and family care givers on the prevention of cardiovascular disease\",\"potentialAction\":[{\"@type\":\"SearchAction\",\"target\":{\"@type\":\"EntryPoint\",\"urlTemplate\":\"https:\/\/www.healthy-heart.org\/es\/?s={search_term_string}\"},\"query-input\":{\"@type\":\"PropertyValueSpecification\",\"valueRequired\":true,\"valueName\":\"search_term_string\"}}],\"inLanguage\":\"es\"}]}<\/script>\n<!-- \/ Yoast SEO plugin. -->","yoast_head_json":{"title":"Cardiopat\u00eda - Healthy-Heart.org","description":"Las cardiopat\u00edas son trastornos del coraz\u00f3n y de los vasos sangu\u00edneos, como la cardiopat\u00eda isqu\u00e9mica, infarto de miocardio, accidente cerebrovascular, valvulopat\u00edas y enfermedades del miocardio.","robots":{"index":"index","follow":"follow","max-snippet":"max-snippet:-1","max-image-preview":"max-image-preview:large","max-video-preview":"max-video-preview:-1"},"canonical":"https:\/\/www.healthy-heart.org\/es\/su-corazon\/que-es-una-cardiopatia\/","og_locale":"es_ES","og_type":"article","og_title":"Cardiopat\u00eda - Healthy-Heart.org","og_description":"Las cardiopat\u00edas son trastornos del coraz\u00f3n y de los vasos sangu\u00edneos, como la cardiopat\u00eda isqu\u00e9mica, infarto de miocardio, accidente cerebrovascular, valvulopat\u00edas y enfermedades del miocardio.","og_url":"https:\/\/www.healthy-heart.org\/es\/su-corazon\/que-es-una-cardiopatia\/","og_site_name":"Healthy-Heart.org","article_modified_time":"2020-10-23T14:24:45+00:00","og_image":[{"width":518,"height":345,"url":"https:\/\/www.healthy-heart.org\/wp-content\/uploads\/2019\/08\/what-is-cardiovascular-disease.jpg","type":"image\/jpeg"}],"twitter_card":"summary_large_image","twitter_misc":{"Tiempo de lectura":"4 minutos"},"schema":{"@context":"https:\/\/schema.org","@graph":[{"@type":"WebPage","@id":"https:\/\/www.healthy-heart.org\/es\/su-corazon\/que-es-una-cardiopatia\/","url":"https:\/\/www.healthy-heart.org\/es\/su-corazon\/que-es-una-cardiopatia\/","name":"Cardiopat\u00eda - Healthy-Heart.org","isPartOf":{"@id":"https:\/\/www.healthy-heart.org\/es\/#website"},"primaryImageOfPage":{"@id":"https:\/\/www.healthy-heart.org\/es\/su-corazon\/que-es-una-cardiopatia\/#primaryimage"},"image":{"@id":"https:\/\/www.healthy-heart.org\/es\/su-corazon\/que-es-una-cardiopatia\/#primaryimage"},"thumbnailUrl":"https:\/\/www.healthy-heart.org\/wp-content\/uploads\/2019\/08\/what-is-cardiovascular-disease.jpg","datePublished":"2019-10-07T16:48:37+00:00","dateModified":"2020-10-23T14:24:45+00:00","description":"Las cardiopat\u00edas son trastornos del coraz\u00f3n y de los vasos sangu\u00edneos, como la cardiopat\u00eda isqu\u00e9mica, infarto de miocardio, accidente cerebrovascular, valvulopat\u00edas y enfermedades del miocardio.","breadcrumb":{"@id":"https:\/\/www.healthy-heart.org\/es\/su-corazon\/que-es-una-cardiopatia\/#breadcrumb"},"inLanguage":"es","potentialAction":[{"@type":"ReadAction","target":["https:\/\/www.healthy-heart.org\/es\/su-corazon\/que-es-una-cardiopatia\/"]}]},{"@type":"ImageObject","inLanguage":"es","@id":"https:\/\/www.healthy-heart.org\/es\/su-corazon\/que-es-una-cardiopatia\/#primaryimage","url":"https:\/\/www.healthy-heart.org\/wp-content\/uploads\/2019\/08\/what-is-cardiovascular-disease.jpg","contentUrl":"https:\/\/www.healthy-heart.org\/wp-content\/uploads\/2019\/08\/what-is-cardiovascular-disease.jpg","width":518,"height":345},{"@type":"BreadcrumbList","@id":"https:\/\/www.healthy-heart.org\/es\/su-corazon\/que-es-una-cardiopatia\/#breadcrumb","itemListElement":[{"@type":"ListItem","position":1,"name":"Home","item":"https:\/\/www.healthy-heart.org\/es\/"},{"@type":"ListItem","position":2,"name":"Su coraz\u00f3n","item":"https:\/\/www.healthy-heart.org\/es\/su-corazon\/"},{"@type":"ListItem","position":3,"name":"\u00bfQu\u00e9 es una cardiopat\u00eda?"}]},{"@type":"WebSite","@id":"https:\/\/www.healthy-heart.org\/es\/#website","url":"https:\/\/www.healthy-heart.org\/es\/","name":"Healthy-Heart.org","description":"Practical advice for patients and family care givers on the prevention of cardiovascular disease","potentialAction":[{"@type":"SearchAction","target":{"@type":"EntryPoint","urlTemplate":"https:\/\/www.healthy-heart.org\/es\/?s={search_term_string}"},"query-input":{"@type":"PropertyValueSpecification","valueRequired":true,"valueName":"search_term_string"}}],"inLanguage":"es"}]}},"_links":{"self":[{"href":"https:\/\/www.healthy-heart.org\/es\/wp-json\/wp\/v2\/pages\/1672","targetHints":{"allow":["GET"]}}],"collection":[{"href":"https:\/\/www.healthy-heart.org\/es\/wp-json\/wp\/v2\/pages"}],"about":[{"href":"https:\/\/www.healthy-heart.org\/es\/wp-json\/wp\/v2\/types\/page"}],"author":[{"embeddable":true,"href":"https:\/\/www.healthy-heart.org\/es\/wp-json\/wp\/v2\/users\/1"}],"replies":[{"embeddable":true,"href":"https:\/\/www.healthy-heart.org\/es\/wp-json\/wp\/v2\/comments?post=1672"}],"version-history":[{"count":3,"href":"https:\/\/www.healthy-heart.org\/es\/wp-json\/wp\/v2\/pages\/1672\/revisions"}],"predecessor-version":[{"id":4770,"href":"https:\/\/www.healthy-heart.org\/es\/wp-json\/wp\/v2\/pages\/1672\/revisions\/4770"}],"up":[{"embeddable":true,"href":"https:\/\/www.healthy-heart.org\/es\/wp-json\/wp\/v2\/pages\/1654"}],"wp:featuredmedia":[{"embeddable":true,"href":"https:\/\/www.healthy-heart.org\/es\/wp-json\/wp\/v2\/media\/1238"}],"wp:attachment":[{"href":"https:\/\/www.healthy-heart.org\/es\/wp-json\/wp\/v2\/media?parent=1672"}],"wp:term":[{"taxonomy":"category","embeddable":true,"href":"https:\/\/www.healthy-heart.org\/es\/wp-json\/wp\/v2\/categories?post=1672"},{"taxonomy":"post_tag","embeddable":true,"href":"https:\/\/www.healthy-heart.org\/es\/wp-json\/wp\/v2\/tags?post=1672"}],"curies":[{"name":"wp","href":"https:\/\/api.w.org\/{rel}","templated":true}]}}