{"id":1654,"date":"2019-10-07T17:47:34","date_gmt":"2019-10-07T16:47:34","guid":{"rendered":"https:\/\/www.healthy-heart.org\/su-corazon\/"},"modified":"2019-10-07T17:47:34","modified_gmt":"2019-10-07T16:47:34","slug":"su-corazon","status":"publish","type":"page","link":"https:\/\/www.healthy-heart.org\/es\/su-corazon\/","title":{"rendered":"Su coraz\u00f3n"},"content":{"rendered":"","protected":false},"excerpt":{"rendered":"","protected":false},"author":1,"featured_media":0,"parent":0,"menu_order":0,"comment_status":"closed","ping_status":"closed","template":"","meta":{"_acf_changed":false,"footnotes":""},"categories":[53],"tags":[],"class_list":["post-1654","page","type-page","status-publish","hentry","category-su-corazon"],"acf":[],"yoast_head":"<!-- This site is optimized with the Yoast SEO plugin v24.0 - https:\/\/yoast.com\/wordpress\/plugins\/seo\/ -->\n<title>Su coraz\u00f3n - Healthy-Heart.org<\/title>\n<meta name=\"description\" content=\"Descubra c\u00f3mo funciona el coraz\u00f3n, sepa reconocer los signos, s\u00edntomas y se\u00f1ales de alarma de las enfermedades cardiovasculares y aprenda a llevar un estilo de vida saludable.\" \/>\n<meta name=\"robots\" content=\"index, follow, max-snippet:-1, max-image-preview:large, max-video-preview:-1\" \/>\n<link rel=\"canonical\" href=\"https:\/\/www.healthy-heart.org\/es\/su-corazon\/\" \/>\n<meta property=\"og:locale\" content=\"es_ES\" \/>\n<meta property=\"og:type\" content=\"article\" \/>\n<meta property=\"og:title\" content=\"Su coraz\u00f3n - Healthy-Heart.org\" \/>\n<meta property=\"og:description\" content=\"Descubra c\u00f3mo funciona el coraz\u00f3n, sepa reconocer los signos, s\u00edntomas y se\u00f1ales de alarma de las enfermedades cardiovasculares y aprenda a llevar un estilo de vida saludable.\" \/>\n<meta property=\"og:url\" content=\"https:\/\/www.healthy-heart.org\/es\/su-corazon\/\" \/>\n<meta property=\"og:site_name\" content=\"Healthy-Heart.org\" \/>\n<meta name=\"twitter:card\" content=\"summary_large_image\" \/>\n<script type=\"application\/ld+json\" class=\"yoast-schema-graph\">{\"@context\":\"https:\/\/schema.org\",\"@graph\":[{\"@type\":\"WebPage\",\"@id\":\"https:\/\/www.healthy-heart.org\/es\/su-corazon\/\",\"url\":\"https:\/\/www.healthy-heart.org\/es\/su-corazon\/\",\"name\":\"Su coraz\u00f3n - Healthy-Heart.org\",\"isPartOf\":{\"@id\":\"https:\/\/www.healthy-heart.org\/es\/#website\"},\"datePublished\":\"2019-10-07T16:47:34+00:00\",\"dateModified\":\"2019-10-07T16:47:34+00:00\",\"description\":\"Descubra c\u00f3mo funciona el coraz\u00f3n, sepa reconocer los signos, s\u00edntomas y se\u00f1ales de alarma de las enfermedades cardiovasculares y aprenda a llevar un estilo de vida saludable.\",\"breadcrumb\":{\"@id\":\"https:\/\/www.healthy-heart.org\/es\/su-corazon\/#breadcrumb\"},\"inLanguage\":\"es\",\"potentialAction\":[{\"@type\":\"ReadAction\",\"target\":[\"https:\/\/www.healthy-heart.org\/es\/su-corazon\/\"]}]},{\"@type\":\"BreadcrumbList\",\"@id\":\"https:\/\/www.healthy-heart.org\/es\/su-corazon\/#breadcrumb\",\"itemListElement\":[{\"@type\":\"ListItem\",\"position\":1,\"name\":\"Home\",\"item\":\"https:\/\/www.healthy-heart.org\/es\/\"},{\"@type\":\"ListItem\",\"position\":2,\"name\":\"Su coraz\u00f3n\"}]},{\"@type\":\"WebSite\",\"@id\":\"https:\/\/www.healthy-heart.org\/es\/#website\",\"url\":\"https:\/\/www.healthy-heart.org\/es\/\",\"name\":\"Healthy-Heart.org\",\"description\":\"Practical advice for patients and family care givers on the prevention of cardiovascular disease\",\"potentialAction\":[{\"@type\":\"SearchAction\",\"target\":{\"@type\":\"EntryPoint\",\"urlTemplate\":\"https:\/\/www.healthy-heart.org\/es\/?s={search_term_string}\"},\"query-input\":{\"@type\":\"PropertyValueSpecification\",\"valueRequired\":true,\"valueName\":\"search_term_string\"}}],\"inLanguage\":\"es\"}]}<\/script>\n<!-- \/ Yoast SEO plugin. -->","yoast_head_json":{"title":"Su coraz\u00f3n - Healthy-Heart.org","description":"Descubra c\u00f3mo funciona el coraz\u00f3n, sepa reconocer los signos, s\u00edntomas y se\u00f1ales de alarma de las enfermedades cardiovasculares y aprenda a llevar un estilo de vida saludable.","robots":{"index":"index","follow":"follow","max-snippet":"max-snippet:-1","max-image-preview":"max-image-preview:large","max-video-preview":"max-video-preview:-1"},"canonical":"https:\/\/www.healthy-heart.org\/es\/su-corazon\/","og_locale":"es_ES","og_type":"article","og_title":"Su coraz\u00f3n - Healthy-Heart.org","og_description":"Descubra c\u00f3mo funciona el coraz\u00f3n, sepa reconocer los signos, s\u00edntomas y se\u00f1ales de alarma de las enfermedades cardiovasculares y aprenda a llevar un estilo de vida saludable.","og_url":"https:\/\/www.healthy-heart.org\/es\/su-corazon\/","og_site_name":"Healthy-Heart.org","twitter_card":"summary_large_image","schema":{"@context":"https:\/\/schema.org","@graph":[{"@type":"WebPage","@id":"https:\/\/www.healthy-heart.org\/es\/su-corazon\/","url":"https:\/\/www.healthy-heart.org\/es\/su-corazon\/","name":"Su coraz\u00f3n - Healthy-Heart.org","isPartOf":{"@id":"https:\/\/www.healthy-heart.org\/es\/#website"},"datePublished":"2019-10-07T16:47:34+00:00","dateModified":"2019-10-07T16:47:34+00:00","description":"Descubra c\u00f3mo funciona el coraz\u00f3n, sepa reconocer los signos, s\u00edntomas y se\u00f1ales de alarma de las enfermedades cardiovasculares y aprenda a llevar un estilo de vida saludable.","breadcrumb":{"@id":"https:\/\/www.healthy-heart.org\/es\/su-corazon\/#breadcrumb"},"inLanguage":"es","potentialAction":[{"@type":"ReadAction","target":["https:\/\/www.healthy-heart.org\/es\/su-corazon\/"]}]},{"@type":"BreadcrumbList","@id":"https:\/\/www.healthy-heart.org\/es\/su-corazon\/#breadcrumb","itemListElement":[{"@type":"ListItem","position":1,"name":"Home","item":"https:\/\/www.healthy-heart.org\/es\/"},{"@type":"ListItem","position":2,"name":"Su coraz\u00f3n"}]},{"@type":"WebSite","@id":"https:\/\/www.healthy-heart.org\/es\/#website","url":"https:\/\/www.healthy-heart.org\/es\/","name":"Healthy-Heart.org","description":"Practical advice for patients and family care givers on the prevention of cardiovascular disease","potentialAction":[{"@type":"SearchAction","target":{"@type":"EntryPoint","urlTemplate":"https:\/\/www.healthy-heart.org\/es\/?s={search_term_string}"},"query-input":{"@type":"PropertyValueSpecification","valueRequired":true,"valueName":"search_term_string"}}],"inLanguage":"es"}]}},"_links":{"self":[{"href":"https:\/\/www.healthy-heart.org\/es\/wp-json\/wp\/v2\/pages\/1654","targetHints":{"allow":["GET"]}}],"collection":[{"href":"https:\/\/www.healthy-heart.org\/es\/wp-json\/wp\/v2\/pages"}],"about":[{"href":"https:\/\/www.healthy-heart.org\/es\/wp-json\/wp\/v2\/types\/page"}],"author":[{"embeddable":true,"href":"https:\/\/www.healthy-heart.org\/es\/wp-json\/wp\/v2\/users\/1"}],"replies":[{"embeddable":true,"href":"https:\/\/www.healthy-heart.org\/es\/wp-json\/wp\/v2\/comments?post=1654"}],"version-history":[{"count":0,"href":"https:\/\/www.healthy-heart.org\/es\/wp-json\/wp\/v2\/pages\/1654\/revisions"}],"wp:attachment":[{"href":"https:\/\/www.healthy-heart.org\/es\/wp-json\/wp\/v2\/media?parent=1654"}],"wp:term":[{"taxonomy":"category","embeddable":true,"href":"https:\/\/www.healthy-heart.org\/es\/wp-json\/wp\/v2\/categories?post=1654"},{"taxonomy":"post_tag","embeddable":true,"href":"https:\/\/www.healthy-heart.org\/es\/wp-json\/wp\/v2\/tags?post=1654"}],"curies":[{"name":"wp","href":"https:\/\/api.w.org\/{rel}","templated":true}]}}