{"id":2234,"date":"2019-10-08T10:29:07","date_gmt":"2019-10-08T09:29:07","guid":{"rendered":"https:\/\/www.healthy-heart.org\/nutzungsbedingungen\/"},"modified":"2020-03-24T10:14:15","modified_gmt":"2020-03-24T10:14:15","slug":"nutzungsbedingungen","status":"publish","type":"page","link":"https:\/\/www.healthy-heart.org\/de\/nutzungsbedingungen\/","title":{"rendered":"Nutzungsbedingungen"},"content":{"rendered":"<h2>Zweck dieser Website:<\/h2>\n<ul>\n<li>Bereitstellung von Informationen und praktischen Tipps f\u00fcr Herz-Kreislauf-Erkrankungen und wie man diese vermeiden kann.<\/li>\n<li>Um die Kenntnisse in Bezug auf Herz-Kreislauf-Erkrankungen zu verbessern und einen gesunden Lebensstil zu vermitteln.<\/li>\n<\/ul>\n<p>Alle Empfehlungen auf dieser Website stehen im Einklang mit den europ\u00e4ischen Leitlinien (<a href=\"https:\/\/www.escardio.org\/Guidelines\/Clinical-Practice-Guidelines\/CVD-Prevention-in-clinical-practice-European-Guidelines-on\">siehe hier die europ\u00e4ischen Leitlinien zur CVD-Pr\u00e4vention in der klinischen Praxis<\/a>).<\/p>\n<h3>1.Nutzungsbedingungen<\/h3>\n<p>Die Website healthy-heart.org wurde unter der Leitung der European Association of Preventive Cardiology (EAPC) in Zusammenarbeit mit der Association for Acute CardioVascular Care (ACVC) und der Association of Cardiovascular Nursing &amp; Allied Professions (ACNAP), die Zweigstellen der European Society of Cardiology (ESC), erstellt. Der von der ESG zur Verf\u00fcgung gestellte Zugang zu dieser Website und deren Nutzung unterliegen folgenden Nutzungsbedingungen:<\/p>\n<ol>\n<li>Durch Ihre Nutzung dieser Website akzeptieren Sie diese Nutzungsbedingungen ab dem Datum Ihrer ersten Nutzung der Website.<\/li>\n<li>Die ESG beh\u00e4lt sich das Recht vor, diese Nutzungsbedingungen jederzeit zu \u00e4ndern, indem sie die \u00c4nderungen online ver\u00f6ffentlicht. Ihre weitere Nutzung dieser Website nach Ver\u00f6ffentlichung dieser \u00c4nderungen gilt als Annahme dieser Vereinbarung in ihrer ge\u00e4nderten Fassung.<\/li>\n<li>Sie stimmen zu, diese Website nur f\u00fcr rechtm\u00e4\u00dfige Zwecke und in einer Weise zu nutzen, die die Rechte nicht verletzt oder die Nutzung und den Genuss der Website durch Dritte einschr\u00e4nkt oder behindert.<\/li>\n<\/ol>\n<h3>2. Haftungsausschluss<\/h3>\n<ol>\n<li>In keinem Fall haftet die ESC gegen\u00fcber dem Nutzer oder Dritten f\u00fcr Entscheidungen oder Ma\u00dfnahmen, die im Vertrauen auf die in dieser Website enthaltenen oder durch die Nutzung dieser Website bereitgestellten Informationen getroffen oder ergriffen werden, sowie f\u00fcr zuf\u00e4llige, indirekte, besondere oder Folgesch\u00e4den.<\/li>\n<li>Die auf dieser Website enthaltenen Informationen sollen die Unterst\u00fctzung und Versorgung durch qualifiziertes medizinisches Fachpersonal erg\u00e4nzen und sind kein Ersatz f\u00fcr professionelle medizinische Beratung oder medizinische Versorgung. Sie sollten vor Beginn (oder Beendigung) jeder Form der medizinischen Behandlung stets den Rat eines Arztes einholen. Zu diesem Zweck werden alle auf der Website enthaltenen Informationen ausschlie\u00dflich zu Informations- und Schulungszwecken bereitgestellt.<\/li>\n<li>Obwohl die ESC bei der Erstellung dieser Website alle Vorsichtsma\u00dfnahmen getroffen hat, kann sie nicht alle Informationen genau pr\u00fcfen, um die Wahrhaftigkeit, Genauigkeit, Zuverl\u00e4ssigkeit, Vollst\u00e4ndigkeit oder Relevanz dieser Informationen zu ermitteln. In keinem Fall haftet die ESC f\u00fcr Sch\u00e4den, einschlie\u00dflich, aber nicht beschr\u00e4nkt auf indirekte oder Folgesch\u00e4den, oder f\u00fcr Sch\u00e4den oder entgangenen Gewinn, die sich aus der Nutzung oder im Zusammenhang mit einer solchen Nutzung oder einem solchen Verlust der Nutzung der Website ergeben, sei es vertraglich oder fahrl\u00e4ssig<\/li>\n<li>Unter keinen Umst\u00e4nden haftet ESG oder angeschlossene Mitarbeiter oder Website-Mitarbeiter Ihnen gegen\u00fcber als Website-Besucher oder einer anderen Person oder Einrichtung f\u00fcr Entscheidungen, die aufgrund des Vertrauens auf die auf der Website enthaltenen Informationen getroffen oder ergriffen wurden. Sie erkl\u00e4ren sich damit einverstanden, dass weder die ESC noch ihre Mitarbeiter oder Website-Beitragenden f\u00fcr Sch\u00e4den (einschlie\u00dflich, aber nicht beschr\u00e4nkt auf direkte, indirekte, zuf\u00e4llige, besondere oder Folgesch\u00e4den) oder Datenverluste oder Gewinnverluste verantwortlich sind, selbst wenn die HFA der ESC oder ihre Mitarbeiter oder Website-Beitragende \u00fcber die M\u00f6glichkeit solcher Sch\u00e4den informiert wurden.<\/li>\n<li>Die ESC garantiert nicht, dass die technischen Funktionen des auf dieser Website enthaltenen Materials ununterbrochen oder fehlerfrei sind, dass Fehler behoben werden oder dass diese Website oder der Server, der sie zur Verf\u00fcgung stellt, frei von Viren oder Fehlern ist oder die volle Funktionalit\u00e4t, Genauigkeit und Zuverl\u00e4ssigkeit der Materialien darstellt.<\/li>\n<\/ol>\n<h3>3. Einschr\u00e4nkungen des Urheberrechts<\/h3>\n<ol>\n<li>Die Website healthy-heart.org geh\u00f6rt der European Society of Cardiology (ESC). Die kommerzielle Nutzung oder Ver\u00f6ffentlichung jeglicher auf der Website dargestellten Informationen ist ohne vorherige schriftliche Genehmigung der ESC strengstens untersagt.<br \/>\nDokumente auf dieser Website d\u00fcrfen f\u00fcr den pers\u00f6nlichen, nicht-kommerziellen Gebrauch nur unter der Bedingung kopiert werden, dass auch Urheberrechts- und Quellenangaben kopiert werden, keine \u00c4nderungen vorgenommen werden und das Dokument vollst\u00e4ndig kopiert wird. Einige Dokumente und Fotos wurden jedoch mit Genehmigung der jeweiligen Urheberrechtsinhaber (die nicht der ESC angeh\u00f6rig sind) auf dieser Website ver\u00f6ffentlicht. Alle Rechte an diesen Dokumenten sind vorbehalten und die Erlaubnis zum Kopieren muss bei den Urheberrechtsinhabern angefordert werden (die Quellen sind in diesen Dokumenten\/Fotos angegeben).<\/li>\n<li>Jede nicht genehmigte Verwendung kann dazu f\u00fchren, dass die ESC Ma\u00dfnahmen ergreift, um die Entfernung des betreffenden Materials aus der Anzeige\/Ver\u00f6ffentlichung zu verlangen und m\u00f6gliche rechtliche Schritte einleitet.<\/li>\n<li>Die Website enth\u00e4lt Links zu Websites, die von anderen Parteien als der ESC betrieben werden. Solche Links dienen ausschlie\u00dflich der Benutzerfreundlichkeit. Die ESC hat keine Kontrolle \u00fcber solche Websites und ist nicht verantwortlich f\u00fcr deren Inhalt. Die Aufnahme von Links zu solchen Websites durch die ESC bedeutet weder eine Billigung der Inhalte dieser Websites noch eine Verbindung zu deren Betreibern. Der Nutzer ist allein verantwortlich f\u00fcr die Bewertung der Richtigkeit und Vollst\u00e4ndigkeit der auf den Websites Dritter enthaltenen Informationen sowie des Wertes und der Integrit\u00e4t der auf diesen Websites angebotenen Waren und Dienstleistungen.<br \/>\nWenn diese Nutzungsbedingungen nicht vollst\u00e4ndig akzeptiert werden, muss die Nutzung dieser Website unverz\u00fcglich beendet werden.<\/li>\n<li>Datenschutzrichtlinie<\/li>\n<\/ol>\n<p>Benutzerinformationen k\u00f6nnen bei der Nutzung der Websites erfasst werden. Weitere Informationen finden Sie in unserer <a href=\"https:\/\/www.healthy-heart.org\/privacy-policy\/\">Datenschutzrichtlinie<\/a>.<\/p>\n<p>Letzte Aktualisierung: Juli\/2019<\/p>\n","protected":false},"excerpt":{"rendered":"<p>Zweck dieser Website: Bereitstellung von Informationen und praktischen Tipps f\u00fcr Herz-Kreislauf-Erkrankungen und wie man diese vermeiden kann. Um die Kenntnisse in Bezug auf Herz-Kreislauf-Erkrankungen zu verbessern und einen gesunden Lebensstil zu vermitteln. Alle Empfehlungen auf dieser Website stehen im Einklang mit den europ\u00e4ischen Leitlinien (siehe hier die europ\u00e4ischen Leitlinien zur CVD-Pr\u00e4vention in der klinischen Praxis). [&hellip;]<\/p>\n","protected":false},"author":1,"featured_media":2054,"parent":0,"menu_order":0,"comment_status":"closed","ping_status":"closed","template":"templates\/full.php","meta":{"_acf_changed":false,"footnotes":""},"categories":[],"tags":[],"class_list":["post-2234","page","type-page","status-publish","has-post-thumbnail","hentry"],"acf":[],"yoast_head":"<!-- This site is optimized with the Yoast SEO plugin v24.0 - https:\/\/yoast.com\/wordpress\/plugins\/seo\/ -->\n<title>Nutzungsbedingungen - Healthy-Heart.org<\/title>\n<meta name=\"description\" content=\"Alle Empfehlungen auf dieser Website stehen im Einklang mit den europ\u00e4ischen Leitlinien.\" \/>\n<meta name=\"robots\" content=\"index, follow, max-snippet:-1, max-image-preview:large, max-video-preview:-1\" \/>\n<link rel=\"canonical\" href=\"https:\/\/www.healthy-heart.org\/de\/nutzungsbedingungen\/\" \/>\n<meta property=\"og:locale\" content=\"de_DE\" \/>\n<meta property=\"og:type\" content=\"article\" \/>\n<meta property=\"og:title\" content=\"Nutzungsbedingungen - Healthy-Heart.org\" \/>\n<meta property=\"og:description\" content=\"Alle Empfehlungen auf dieser Website stehen im Einklang mit den europ\u00e4ischen Leitlinien.\" \/>\n<meta property=\"og:url\" content=\"https:\/\/www.healthy-heart.org\/de\/nutzungsbedingungen\/\" \/>\n<meta property=\"og:site_name\" content=\"Healthy-Heart.org\" \/>\n<meta property=\"article:modified_time\" content=\"2020-03-24T10:14:15+00:00\" \/>\n<meta property=\"og:image\" content=\"https:\/\/www.healthy-heart.org\/wp-content\/uploads\/2019\/07\/primary.jpg\" \/>\n\t<meta property=\"og:image:width\" content=\"700\" \/>\n\t<meta property=\"og:image:height\" content=\"466\" \/>\n\t<meta property=\"og:image:type\" content=\"image\/jpeg\" \/>\n<meta name=\"twitter:card\" content=\"summary_large_image\" \/>\n<meta name=\"twitter:label1\" content=\"Gesch\u00e4tzte Lesezeit\" \/>\n\t<meta name=\"twitter:data1\" content=\"4\u00a0Minuten\" \/>\n<script type=\"application\/ld+json\" class=\"yoast-schema-graph\">{\"@context\":\"https:\/\/schema.org\",\"@graph\":[{\"@type\":\"WebPage\",\"@id\":\"https:\/\/www.healthy-heart.org\/de\/nutzungsbedingungen\/\",\"url\":\"https:\/\/www.healthy-heart.org\/de\/nutzungsbedingungen\/\",\"name\":\"Nutzungsbedingungen - Healthy-Heart.org\",\"isPartOf\":{\"@id\":\"https:\/\/www.healthy-heart.org\/es\/#website\"},\"primaryImageOfPage\":{\"@id\":\"https:\/\/www.healthy-heart.org\/de\/nutzungsbedingungen\/#primaryimage\"},\"image\":{\"@id\":\"https:\/\/www.healthy-heart.org\/de\/nutzungsbedingungen\/#primaryimage\"},\"thumbnailUrl\":\"https:\/\/www.healthy-heart.org\/wp-content\/uploads\/2019\/07\/primary.jpg\",\"datePublished\":\"2019-10-08T09:29:07+00:00\",\"dateModified\":\"2020-03-24T10:14:15+00:00\",\"description\":\"Alle Empfehlungen auf dieser Website stehen im Einklang mit den europ\u00e4ischen Leitlinien.\",\"breadcrumb\":{\"@id\":\"https:\/\/www.healthy-heart.org\/de\/nutzungsbedingungen\/#breadcrumb\"},\"inLanguage\":\"de\",\"potentialAction\":[{\"@type\":\"ReadAction\",\"target\":[\"https:\/\/www.healthy-heart.org\/de\/nutzungsbedingungen\/\"]}]},{\"@type\":\"ImageObject\",\"inLanguage\":\"de\",\"@id\":\"https:\/\/www.healthy-heart.org\/de\/nutzungsbedingungen\/#primaryimage\",\"url\":\"https:\/\/www.healthy-heart.org\/wp-content\/uploads\/2019\/07\/primary.jpg\",\"contentUrl\":\"https:\/\/www.healthy-heart.org\/wp-content\/uploads\/2019\/07\/primary.jpg\",\"width\":700,\"height\":466},{\"@type\":\"BreadcrumbList\",\"@id\":\"https:\/\/www.healthy-heart.org\/de\/nutzungsbedingungen\/#breadcrumb\",\"itemListElement\":[{\"@type\":\"ListItem\",\"position\":1,\"name\":\"Home\",\"item\":\"https:\/\/www.healthy-heart.org\/de\/\"},{\"@type\":\"ListItem\",\"position\":2,\"name\":\"Nutzungsbedingungen\"}]},{\"@type\":\"WebSite\",\"@id\":\"https:\/\/www.healthy-heart.org\/es\/#website\",\"url\":\"https:\/\/www.healthy-heart.org\/es\/\",\"name\":\"Healthy-Heart.org\",\"description\":\"Practical advice for patients and family care givers on the prevention of cardiovascular disease\",\"potentialAction\":[{\"@type\":\"SearchAction\",\"target\":{\"@type\":\"EntryPoint\",\"urlTemplate\":\"https:\/\/www.healthy-heart.org\/es\/?s={search_term_string}\"},\"query-input\":{\"@type\":\"PropertyValueSpecification\",\"valueRequired\":true,\"valueName\":\"search_term_string\"}}],\"inLanguage\":\"de\"}]}<\/script>\n<!-- \/ Yoast SEO plugin. -->","yoast_head_json":{"title":"Nutzungsbedingungen - Healthy-Heart.org","description":"Alle Empfehlungen auf dieser Website stehen im Einklang mit den europ\u00e4ischen Leitlinien.","robots":{"index":"index","follow":"follow","max-snippet":"max-snippet:-1","max-image-preview":"max-image-preview:large","max-video-preview":"max-video-preview:-1"},"canonical":"https:\/\/www.healthy-heart.org\/de\/nutzungsbedingungen\/","og_locale":"de_DE","og_type":"article","og_title":"Nutzungsbedingungen - Healthy-Heart.org","og_description":"Alle Empfehlungen auf dieser Website stehen im Einklang mit den europ\u00e4ischen Leitlinien.","og_url":"https:\/\/www.healthy-heart.org\/de\/nutzungsbedingungen\/","og_site_name":"Healthy-Heart.org","article_modified_time":"2020-03-24T10:14:15+00:00","og_image":[{"width":700,"height":466,"url":"https:\/\/www.healthy-heart.org\/wp-content\/uploads\/2019\/07\/primary.jpg","type":"image\/jpeg"}],"twitter_card":"summary_large_image","twitter_misc":{"Gesch\u00e4tzte Lesezeit":"4\u00a0Minuten"},"schema":{"@context":"https:\/\/schema.org","@graph":[{"@type":"WebPage","@id":"https:\/\/www.healthy-heart.org\/de\/nutzungsbedingungen\/","url":"https:\/\/www.healthy-heart.org\/de\/nutzungsbedingungen\/","name":"Nutzungsbedingungen - Healthy-Heart.org","isPartOf":{"@id":"https:\/\/www.healthy-heart.org\/es\/#website"},"primaryImageOfPage":{"@id":"https:\/\/www.healthy-heart.org\/de\/nutzungsbedingungen\/#primaryimage"},"image":{"@id":"https:\/\/www.healthy-heart.org\/de\/nutzungsbedingungen\/#primaryimage"},"thumbnailUrl":"https:\/\/www.healthy-heart.org\/wp-content\/uploads\/2019\/07\/primary.jpg","datePublished":"2019-10-08T09:29:07+00:00","dateModified":"2020-03-24T10:14:15+00:00","description":"Alle Empfehlungen auf dieser Website stehen im Einklang mit den europ\u00e4ischen Leitlinien.","breadcrumb":{"@id":"https:\/\/www.healthy-heart.org\/de\/nutzungsbedingungen\/#breadcrumb"},"inLanguage":"de","potentialAction":[{"@type":"ReadAction","target":["https:\/\/www.healthy-heart.org\/de\/nutzungsbedingungen\/"]}]},{"@type":"ImageObject","inLanguage":"de","@id":"https:\/\/www.healthy-heart.org\/de\/nutzungsbedingungen\/#primaryimage","url":"https:\/\/www.healthy-heart.org\/wp-content\/uploads\/2019\/07\/primary.jpg","contentUrl":"https:\/\/www.healthy-heart.org\/wp-content\/uploads\/2019\/07\/primary.jpg","width":700,"height":466},{"@type":"BreadcrumbList","@id":"https:\/\/www.healthy-heart.org\/de\/nutzungsbedingungen\/#breadcrumb","itemListElement":[{"@type":"ListItem","position":1,"name":"Home","item":"https:\/\/www.healthy-heart.org\/de\/"},{"@type":"ListItem","position":2,"name":"Nutzungsbedingungen"}]},{"@type":"WebSite","@id":"https:\/\/www.healthy-heart.org\/es\/#website","url":"https:\/\/www.healthy-heart.org\/es\/","name":"Healthy-Heart.org","description":"Practical advice for patients and family care givers on the prevention of cardiovascular disease","potentialAction":[{"@type":"SearchAction","target":{"@type":"EntryPoint","urlTemplate":"https:\/\/www.healthy-heart.org\/es\/?s={search_term_string}"},"query-input":{"@type":"PropertyValueSpecification","valueRequired":true,"valueName":"search_term_string"}}],"inLanguage":"de"}]}},"_links":{"self":[{"href":"https:\/\/www.healthy-heart.org\/de\/wp-json\/wp\/v2\/pages\/2234","targetHints":{"allow":["GET"]}}],"collection":[{"href":"https:\/\/www.healthy-heart.org\/de\/wp-json\/wp\/v2\/pages"}],"about":[{"href":"https:\/\/www.healthy-heart.org\/de\/wp-json\/wp\/v2\/types\/page"}],"author":[{"embeddable":true,"href":"https:\/\/www.healthy-heart.org\/de\/wp-json\/wp\/v2\/users\/1"}],"replies":[{"embeddable":true,"href":"https:\/\/www.healthy-heart.org\/de\/wp-json\/wp\/v2\/comments?post=2234"}],"version-history":[{"count":1,"href":"https:\/\/www.healthy-heart.org\/de\/wp-json\/wp\/v2\/pages\/2234\/revisions"}],"predecessor-version":[{"id":4346,"href":"https:\/\/www.healthy-heart.org\/de\/wp-json\/wp\/v2\/pages\/2234\/revisions\/4346"}],"wp:featuredmedia":[{"embeddable":true,"href":"https:\/\/www.healthy-heart.org\/de\/wp-json\/wp\/v2\/media\/2054"}],"wp:attachment":[{"href":"https:\/\/www.healthy-heart.org\/de\/wp-json\/wp\/v2\/media?parent=2234"}],"wp:term":[{"taxonomy":"category","embeddable":true,"href":"https:\/\/www.healthy-heart.org\/de\/wp-json\/wp\/v2\/categories?post=2234"},{"taxonomy":"post_tag","embeddable":true,"href":"https:\/\/www.healthy-heart.org\/de\/wp-json\/wp\/v2\/tags?post=2234"}],"curies":[{"name":"wp","href":"https:\/\/api.w.org\/{rel}","templated":true}]}}