{"id":2222,"date":"2019-10-08T10:29:01","date_gmt":"2019-10-08T09:29:01","guid":{"rendered":"https:\/\/www.healthy-heart.org\/hilfreiche-links\/"},"modified":"2024-02-27T16:13:21","modified_gmt":"2024-02-27T16:13:21","slug":"hilfreiche-links","status":"publish","type":"page","link":"https:\/\/www.healthy-heart.org\/de\/hilfreiche-links\/","title":{"rendered":"Hilfreiche Links"},"content":{"rendered":"<h3><a href=\"https:\/\/www.afibmatters.org\">www.AfibMatters.org<\/a><\/h3>\n<p>Leiden Sie oder jemand, den Sie kennen, an Vorhofflimmern? Auf dieser von Experten gestalteten, lehrreichen Website finden Sie alle n\u00f6tigen Informationen.<\/p>\n<p>&nbsp;<\/p>\n<h3><a href=\"https:\/\/www.heartfailurematters.org\">www.HeartFailureMatters.org<\/a><\/h3>\n<p>Praktische Informationen \u00fcber Herzinsuffizienz f\u00fcr Patienten, Familien und Pflegepersonen, bereitgestellt durch die Heart Failure Association der European Society of Cardiology.<\/p>\n<p>&nbsp;<\/p>\n<h3><a href=\"https:\/\/www.escardio.org\/Guidelines\/guidelines-for-patients\" target=\"_blank\" rel=\"noopener\">ESC-Leitf\u00e4den f\u00fcr Patienten<\/a><\/h3>\n<p>Ausgehend von den ESC-Leitf\u00e4den f\u00fcr die klinische Praxis sollen diese Dokumente dazu beitragen, dass Sie ein besseres Verst\u00e4ndnis Ihres Zustands erlangen. Ebenso sollen sie Ihnen das Wissen und Vertrauen vermitteln, um an gemeinsamen Entscheidungsprozessen mit Ihren Gesundheitsdienstleistern mitwirken zu k\u00f6nnen<br \/>\n<a href=\"https:\/\/www.escardio.org\/static-file\/Escardio\/Guidelines\/Documents\/ESC%20Patient%20Guidelines%20CVD%20in%20patients%20with%20diabetes\"><img loading=\"lazy\" decoding=\"async\" class=\"size-full wp-image-7162 alignright\" src=\"https:\/\/cdn-endpoint-prev.azureedge.net\/healthy-heart\/2024\/02\/CVD_diabetes_patient_GL_cover_escardio-vPhotoMedium.png\" alt=\"\" width=\"176\" height=\"250\" srcset=\"https:\/\/cdn-endpoint-prev.azureedge.net\/healthy-heart\/2024\/02\/CVD_diabetes_patient_GL_cover_escardio-vPhotoMedium.png 176w, https:\/\/cdn-endpoint-prev.azureedge.net\/healthy-heart\/2024\/02\/CVD_diabetes_patient_GL_cover_escardio-vPhotoMedium-141x200.png 141w\" sizes=\"auto, (max-width: 176px) 100vw, 176px\" \/><\/a><\/p>\n<h4><a href=\"https:\/\/www.escardio.org\/static-file\/Escardio\/Guidelines\/Documents\/ESC%20Patient%20Guidelines%20CVD%20in%20patients%20with%20diabetes\">Diabetes<\/a><\/h4>\n<p>Patienten mit Diabetes haben ein h\u00f6heres Risiko, Herz-Kreislauf-Erkrankungen zu entwickeln und kardiovaskul\u00e4re Events wie Herzinfarkte zu erleiden, als Patienten ohne Diabetes.<\/p>\n<p>Dieser Leitfaden bietet einen \u00dcberblick \u00fcber die neuesten evidenzbasierten Empfehlungen in Bezug auf Herz-Kreislauf-Erkrankungen und Diabetes. Insbesondere sollte es Ihnen helfen, Folgendes zu verstehen:<\/p>\n<ul>\n<li>Die verschiedenen Krankheiten, die das Risiko f\u00fcr kardiovaskul\u00e4re Events bei Patienten mit Diabetes erh\u00f6hen<\/li>\n<li>Die empfohlenen Behandlungen zur Reduzierung des kardiovaskul\u00e4ren Risikos<\/li>\n<li>\u00c4nderungen des Lebensstils, die das kardiovaskul\u00e4re Risiko verringern k\u00f6nnen<\/li>\n<\/ul>\n<p>&nbsp;<\/p>\n<h4><a href=\"https:\/\/www.escardio.org\/static-file\/Escardio\/Advocacy\/Documents\/ESC%20CVD%20prevention%20guidelines%20-%20final%20PDF.pdf\">Pr\u00e4vention von Herz-Kreislauf-Erkrankungen<\/a><a href=\"https:\/\/www.escardio.org\/static-file\/Escardio\/Advocacy\/Documents\/ESC%20CVD%20prevention%20guidelines%20-%20final%20PDF.pdf\"><img loading=\"lazy\" decoding=\"async\" class=\"alignright wp-image-7149 size-full\" src=\"https:\/\/cdn-endpoint-prev.azureedge.net\/healthy-heart\/2024\/02\/Cover-image-CVDPrevention_escardio-hPhotoSmall.png\" alt=\"\" width=\"178\" height=\"250\" srcset=\"https:\/\/cdn-endpoint-prev.azureedge.net\/healthy-heart\/2024\/02\/Cover-image-CVDPrevention_escardio-hPhotoSmall.png 178w, https:\/\/www.healthy-heart.org\/wp-content\/uploads\/2024\/02\/Cover-image-CVDPrevention_escardio-hPhotoSmall-142x200.png 142w\" sizes=\"auto, (max-width: 178px) 100vw, 178px\" \/><\/a><\/h4>\n<p>Dieser Leitfaden f\u00fcr Patienten soll Ihnen einen \u00dcberblick \u00fcber die neuesten evidenzbasierten Empfehlungen zur Pr\u00e4vention von Herz-Kreislauf-Erkrankungen geben. Insbesondere sollte es Ihnen helfen, Folgendes zu verstehen:<\/p>\n<ul>\n<li>Wie das Risiko von Herz-Kreislauf-Erkrankungen bewertet wird<\/li>\n<li>Die Bedeutung von \u00c4nderungen des Lebensstils f\u00fcr die Pr\u00e4vention von Herz-Kreislauf-Erkrankungen<\/li>\n<li>Behandlungen und Behandlungsziele, die auf der Grundlage Ihres Risikoprofils als angemessen angesehen werden k\u00f6nnen<\/li>\n<\/ul>\n<p>&nbsp;<\/p>\n<p>&nbsp;<\/p>\n<p>&nbsp;<\/p>\n<p>&nbsp;<\/p>\n","protected":false},"excerpt":{"rendered":"<p>www.AfibMatters.org Leiden Sie oder jemand, den Sie kennen, an Vorhofflimmern? Auf dieser von Experten gestalteten, lehrreichen Website finden Sie alle n\u00f6tigen Informationen. &nbsp; www.HeartFailureMatters.org Praktische Informationen \u00fcber Herzinsuffizienz f\u00fcr Patienten, Familien und Pflegepersonen, bereitgestellt durch die Heart Failure Association der European Society of Cardiology. &nbsp; ESC-Leitf\u00e4den f\u00fcr Patienten Ausgehend von den ESC-Leitf\u00e4den f\u00fcr die klinische [&hellip;]<\/p>\n","protected":false},"author":1,"featured_media":685,"parent":0,"menu_order":0,"comment_status":"closed","ping_status":"closed","template":"templates\/full.php","meta":{"_acf_changed":false,"footnotes":""},"categories":[],"tags":[],"class_list":["post-2222","page","type-page","status-publish","has-post-thumbnail","hentry"],"acf":[],"yoast_head":"<!-- This site is optimized with the Yoast SEO plugin v24.0 - https:\/\/yoast.com\/wordpress\/plugins\/seo\/ -->\n<title>Hilfreiche Links - Healthy-Heart.org<\/title>\n<meta name=\"description\" content=\"Auf das Herz bezogene Links mit hilfreichen Informationen.\" \/>\n<meta name=\"robots\" content=\"index, follow, max-snippet:-1, max-image-preview:large, max-video-preview:-1\" \/>\n<link rel=\"canonical\" href=\"https:\/\/www.healthy-heart.org\/de\/hilfreiche-links\/\" \/>\n<meta property=\"og:locale\" content=\"de_DE\" \/>\n<meta property=\"og:type\" content=\"article\" \/>\n<meta property=\"og:title\" content=\"Hilfreiche Links - Healthy-Heart.org\" \/>\n<meta property=\"og:description\" content=\"Auf das Herz bezogene Links mit hilfreichen Informationen.\" \/>\n<meta property=\"og:url\" content=\"https:\/\/www.healthy-heart.org\/de\/hilfreiche-links\/\" \/>\n<meta property=\"og:site_name\" content=\"Healthy-Heart.org\" \/>\n<meta property=\"article:modified_time\" content=\"2024-02-27T16:13:21+00:00\" \/>\n<meta property=\"og:image\" content=\"https:\/\/www.healthy-heart.org\/wp-content\/uploads\/2019\/07\/iStock-475709316-1024x773.jpg\" \/>\n\t<meta property=\"og:image:width\" content=\"1024\" \/>\n\t<meta property=\"og:image:height\" content=\"773\" \/>\n\t<meta property=\"og:image:type\" content=\"image\/jpeg\" \/>\n<meta name=\"twitter:card\" content=\"summary_large_image\" \/>\n<meta name=\"twitter:label1\" content=\"Gesch\u00e4tzte Lesezeit\" \/>\n\t<meta name=\"twitter:data1\" content=\"1\u00a0Minute\" \/>\n<script type=\"application\/ld+json\" class=\"yoast-schema-graph\">{\"@context\":\"https:\/\/schema.org\",\"@graph\":[{\"@type\":\"WebPage\",\"@id\":\"https:\/\/www.healthy-heart.org\/de\/hilfreiche-links\/\",\"url\":\"https:\/\/www.healthy-heart.org\/de\/hilfreiche-links\/\",\"name\":\"Hilfreiche Links - Healthy-Heart.org\",\"isPartOf\":{\"@id\":\"https:\/\/www.healthy-heart.org\/es\/#website\"},\"primaryImageOfPage\":{\"@id\":\"https:\/\/www.healthy-heart.org\/de\/hilfreiche-links\/#primaryimage\"},\"image\":{\"@id\":\"https:\/\/www.healthy-heart.org\/de\/hilfreiche-links\/#primaryimage\"},\"thumbnailUrl\":\"https:\/\/www.healthy-heart.org\/wp-content\/uploads\/2019\/07\/iStock-475709316.jpg\",\"datePublished\":\"2019-10-08T09:29:01+00:00\",\"dateModified\":\"2024-02-27T16:13:21+00:00\",\"description\":\"Auf das Herz bezogene Links mit hilfreichen Informationen.\",\"breadcrumb\":{\"@id\":\"https:\/\/www.healthy-heart.org\/de\/hilfreiche-links\/#breadcrumb\"},\"inLanguage\":\"de\",\"potentialAction\":[{\"@type\":\"ReadAction\",\"target\":[\"https:\/\/www.healthy-heart.org\/de\/hilfreiche-links\/\"]}]},{\"@type\":\"ImageObject\",\"inLanguage\":\"de\",\"@id\":\"https:\/\/www.healthy-heart.org\/de\/hilfreiche-links\/#primaryimage\",\"url\":\"https:\/\/www.healthy-heart.org\/wp-content\/uploads\/2019\/07\/iStock-475709316.jpg\",\"contentUrl\":\"https:\/\/www.healthy-heart.org\/wp-content\/uploads\/2019\/07\/iStock-475709316.jpg\",\"width\":5616,\"height\":4240},{\"@type\":\"BreadcrumbList\",\"@id\":\"https:\/\/www.healthy-heart.org\/de\/hilfreiche-links\/#breadcrumb\",\"itemListElement\":[{\"@type\":\"ListItem\",\"position\":1,\"name\":\"Home\",\"item\":\"https:\/\/www.healthy-heart.org\/de\/\"},{\"@type\":\"ListItem\",\"position\":2,\"name\":\"Hilfreiche Links\"}]},{\"@type\":\"WebSite\",\"@id\":\"https:\/\/www.healthy-heart.org\/es\/#website\",\"url\":\"https:\/\/www.healthy-heart.org\/es\/\",\"name\":\"Healthy-Heart.org\",\"description\":\"Practical advice for patients and family care givers on the prevention of cardiovascular disease\",\"potentialAction\":[{\"@type\":\"SearchAction\",\"target\":{\"@type\":\"EntryPoint\",\"urlTemplate\":\"https:\/\/www.healthy-heart.org\/es\/?s={search_term_string}\"},\"query-input\":{\"@type\":\"PropertyValueSpecification\",\"valueRequired\":true,\"valueName\":\"search_term_string\"}}],\"inLanguage\":\"de\"}]}<\/script>\n<!-- \/ Yoast SEO plugin. -->","yoast_head_json":{"title":"Hilfreiche Links - Healthy-Heart.org","description":"Auf das Herz bezogene Links mit hilfreichen Informationen.","robots":{"index":"index","follow":"follow","max-snippet":"max-snippet:-1","max-image-preview":"max-image-preview:large","max-video-preview":"max-video-preview:-1"},"canonical":"https:\/\/www.healthy-heart.org\/de\/hilfreiche-links\/","og_locale":"de_DE","og_type":"article","og_title":"Hilfreiche Links - Healthy-Heart.org","og_description":"Auf das Herz bezogene Links mit hilfreichen Informationen.","og_url":"https:\/\/www.healthy-heart.org\/de\/hilfreiche-links\/","og_site_name":"Healthy-Heart.org","article_modified_time":"2024-02-27T16:13:21+00:00","og_image":[{"width":1024,"height":773,"url":"https:\/\/www.healthy-heart.org\/wp-content\/uploads\/2019\/07\/iStock-475709316-1024x773.jpg","type":"image\/jpeg"}],"twitter_card":"summary_large_image","twitter_misc":{"Gesch\u00e4tzte Lesezeit":"1\u00a0Minute"},"schema":{"@context":"https:\/\/schema.org","@graph":[{"@type":"WebPage","@id":"https:\/\/www.healthy-heart.org\/de\/hilfreiche-links\/","url":"https:\/\/www.healthy-heart.org\/de\/hilfreiche-links\/","name":"Hilfreiche Links - Healthy-Heart.org","isPartOf":{"@id":"https:\/\/www.healthy-heart.org\/es\/#website"},"primaryImageOfPage":{"@id":"https:\/\/www.healthy-heart.org\/de\/hilfreiche-links\/#primaryimage"},"image":{"@id":"https:\/\/www.healthy-heart.org\/de\/hilfreiche-links\/#primaryimage"},"thumbnailUrl":"https:\/\/www.healthy-heart.org\/wp-content\/uploads\/2019\/07\/iStock-475709316.jpg","datePublished":"2019-10-08T09:29:01+00:00","dateModified":"2024-02-27T16:13:21+00:00","description":"Auf das Herz bezogene Links mit hilfreichen Informationen.","breadcrumb":{"@id":"https:\/\/www.healthy-heart.org\/de\/hilfreiche-links\/#breadcrumb"},"inLanguage":"de","potentialAction":[{"@type":"ReadAction","target":["https:\/\/www.healthy-heart.org\/de\/hilfreiche-links\/"]}]},{"@type":"ImageObject","inLanguage":"de","@id":"https:\/\/www.healthy-heart.org\/de\/hilfreiche-links\/#primaryimage","url":"https:\/\/www.healthy-heart.org\/wp-content\/uploads\/2019\/07\/iStock-475709316.jpg","contentUrl":"https:\/\/www.healthy-heart.org\/wp-content\/uploads\/2019\/07\/iStock-475709316.jpg","width":5616,"height":4240},{"@type":"BreadcrumbList","@id":"https:\/\/www.healthy-heart.org\/de\/hilfreiche-links\/#breadcrumb","itemListElement":[{"@type":"ListItem","position":1,"name":"Home","item":"https:\/\/www.healthy-heart.org\/de\/"},{"@type":"ListItem","position":2,"name":"Hilfreiche Links"}]},{"@type":"WebSite","@id":"https:\/\/www.healthy-heart.org\/es\/#website","url":"https:\/\/www.healthy-heart.org\/es\/","name":"Healthy-Heart.org","description":"Practical advice for patients and family care givers on the prevention of cardiovascular disease","potentialAction":[{"@type":"SearchAction","target":{"@type":"EntryPoint","urlTemplate":"https:\/\/www.healthy-heart.org\/es\/?s={search_term_string}"},"query-input":{"@type":"PropertyValueSpecification","valueRequired":true,"valueName":"search_term_string"}}],"inLanguage":"de"}]}},"_links":{"self":[{"href":"https:\/\/www.healthy-heart.org\/de\/wp-json\/wp\/v2\/pages\/2222","targetHints":{"allow":["GET"]}}],"collection":[{"href":"https:\/\/www.healthy-heart.org\/de\/wp-json\/wp\/v2\/pages"}],"about":[{"href":"https:\/\/www.healthy-heart.org\/de\/wp-json\/wp\/v2\/types\/page"}],"author":[{"embeddable":true,"href":"https:\/\/www.healthy-heart.org\/de\/wp-json\/wp\/v2\/users\/1"}],"replies":[{"embeddable":true,"href":"https:\/\/www.healthy-heart.org\/de\/wp-json\/wp\/v2\/comments?post=2222"}],"version-history":[{"count":5,"href":"https:\/\/www.healthy-heart.org\/de\/wp-json\/wp\/v2\/pages\/2222\/revisions"}],"predecessor-version":[{"id":7192,"href":"https:\/\/www.healthy-heart.org\/de\/wp-json\/wp\/v2\/pages\/2222\/revisions\/7192"}],"wp:featuredmedia":[{"embeddable":true,"href":"https:\/\/www.healthy-heart.org\/de\/wp-json\/wp\/v2\/media\/685"}],"wp:attachment":[{"href":"https:\/\/www.healthy-heart.org\/de\/wp-json\/wp\/v2\/media?parent=2222"}],"wp:term":[{"taxonomy":"category","embeddable":true,"href":"https:\/\/www.healthy-heart.org\/de\/wp-json\/wp\/v2\/categories?post=2222"},{"taxonomy":"post_tag","embeddable":true,"href":"https:\/\/www.healthy-heart.org\/de\/wp-json\/wp\/v2\/tags?post=2222"}],"curies":[{"name":"wp","href":"https:\/\/api.w.org\/{rel}","templated":true}]}}