{"id":2220,"date":"2019-10-08T10:29:01","date_gmt":"2019-10-08T09:29:01","guid":{"rendered":"https:\/\/www.healthy-heart.org\/uber-die-esc\/"},"modified":"2020-02-04T17:02:03","modified_gmt":"2020-02-04T17:02:03","slug":"uber-die-esc","status":"publish","type":"page","link":"https:\/\/www.healthy-heart.org\/de\/uber-die-esc\/","title":{"rendered":"\u00dcber die ESC"},"content":{"rendered":"<p>Wir sind eine gemeinn\u00fctzige medizinische Gesellschaft, die von Herz-Kreislauf-Fachleuten geleitet wird. Wir stellen unsere Zeit und unsere Fachkenntnisse ehrenamtlich zur Verf\u00fcgung.<br \/>\nWir konzentrieren uns auf die Pr\u00e4vention, Diagnose und Behandlung von Herz-, Kreislauf- und Gef\u00e4\u00dferkrankungen.<br \/>\nWir glauben, dass die Belastung durch Herz-Kreislauf-Erkrankungen durch Zusammenarbeit und Forschung verringert werden kann. Deshalb vereinen wir nationale kardiologische Fachgesellschaften, kardiovaskul\u00e4re Fachbereiche und einzelne ESC-Mitglieder aus der ganzen Welt.<br \/>\nWir verbreiten die neuesten, evidenzbasierten wissenschaftlichen Erkenntnisse an Herz-Kreislauf-Fachleute, damit sie ihre Patienten besser versorgen k\u00f6nnen.<\/p>\n<p>Die European Society of Cardiology (ESC) ist eine Organisation, die nach dem franz\u00f6sischen Gesetz \u00fcber Vereinigungen von 1901 unter der Nummer W061005017 registriert ist.<br \/>\nGesellschaftssitz: Soci\u00e9t\u00e9 Europ\u00e9enne de Cardiologie, 2035 route des Colles, Les Templiers, CS 80179 Biot, 06903 Sophia Antipolis, Frankreich.<\/p>\n<p>Weitere Informationen finden Sie auf der <a href=\"https:\/\/www.escardio.org\/\">ESC Website<\/a>.<\/p>\n<p>&nbsp;<\/p>\n<h2>\u00dcber healthy-heart.org<\/h2>\n<p>Weltweit besteht bei einer Vielzahl von Menschen das Risiko eines kardiovaskul\u00e4ren Ereignisses, einschlie\u00dflich Herzinfarkt und Schlaganfall. Bei Patienten, die ihren Lebensstil nicht verbessern und keine Medikamente zur Blutdruck- oder Cholesterinsenkung einnehmen, ist das Risiko f\u00fcr solch ein Ereignis sowie die Sterberate h\u00f6her.<\/p>\n<p>Das Ziel dieser Website ist es, der \u00d6ffentlichkeit klare, praktische Tipps zur Pr\u00e4vention von Herz-Kreislauf-Erkrankungen zur Verf\u00fcgung zu stellen. Diese stammen aus den aktuellen Leitlinien und sie wurden von f\u00fchrenden Experten aus dem Bereich Pr\u00e4vention von Herz-Kreislauf-Erkrankungen verfasst.<\/p>\n<p>Diese Informationen sollen die Unterst\u00fctzung und Pflege, die Sie von Ihrem Arzt oder einem anderen Gesundheitsdienstleister erhalten, erg\u00e4nzen und nicht ersetzen.<\/p>\n","protected":false},"excerpt":{"rendered":"<p>Wir sind eine gemeinn\u00fctzige medizinische Gesellschaft, die von Herz-Kreislauf-Fachleuten geleitet wird. Wir stellen unsere Zeit und unsere Fachkenntnisse ehrenamtlich zur Verf\u00fcgung. Wir konzentrieren uns auf die Pr\u00e4vention, Diagnose und Behandlung von Herz-, Kreislauf- und Gef\u00e4\u00dferkrankungen. Wir glauben, dass die Belastung durch Herz-Kreislauf-Erkrankungen durch Zusammenarbeit und Forschung verringert werden kann. Deshalb vereinen wir nationale kardiologische Fachgesellschaften, [&hellip;]<\/p>\n","protected":false},"author":1,"featured_media":1888,"parent":0,"menu_order":0,"comment_status":"closed","ping_status":"closed","template":"templates\/full.php","meta":{"_acf_changed":false,"footnotes":""},"categories":[],"tags":[],"class_list":["post-2220","page","type-page","status-publish","has-post-thumbnail","hentry"],"acf":[],"yoast_head":"<!-- This site is optimized with the Yoast SEO plugin v24.0 - https:\/\/yoast.com\/wordpress\/plugins\/seo\/ -->\n<title>\u00dcber die ESC - Healthy-Heart.org<\/title>\n<meta name=\"description\" content=\"Gemeinn\u00fctzige medizinische Gesellschaft, die von Herz-Kreislauf-Fachleuten geleitet wird und sich auf die Pr\u00e4vention, Diagnose und Behandlung von Herzerkrankungen konzentriert.\" \/>\n<meta name=\"robots\" content=\"index, follow, max-snippet:-1, max-image-preview:large, max-video-preview:-1\" \/>\n<link rel=\"canonical\" href=\"https:\/\/www.healthy-heart.org\/de\/uber-die-esc\/\" \/>\n<meta property=\"og:locale\" content=\"de_DE\" \/>\n<meta property=\"og:type\" content=\"article\" \/>\n<meta property=\"og:title\" content=\"\u00dcber die ESC - Healthy-Heart.org\" \/>\n<meta property=\"og:description\" content=\"Gemeinn\u00fctzige medizinische Gesellschaft, die von Herz-Kreislauf-Fachleuten geleitet wird und sich auf die Pr\u00e4vention, Diagnose und Behandlung von Herzerkrankungen konzentriert.\" \/>\n<meta property=\"og:url\" content=\"https:\/\/www.healthy-heart.org\/de\/uber-die-esc\/\" \/>\n<meta property=\"og:site_name\" content=\"Healthy-Heart.org\" \/>\n<meta property=\"article:modified_time\" content=\"2020-02-04T17:02:03+00:00\" \/>\n<meta property=\"og:image\" content=\"https:\/\/www.healthy-heart.org\/wp-content\/uploads\/2019\/07\/iStock-953674568-1024x683.jpg\" \/>\n\t<meta property=\"og:image:width\" content=\"1024\" \/>\n\t<meta property=\"og:image:height\" content=\"683\" \/>\n\t<meta property=\"og:image:type\" content=\"image\/jpeg\" \/>\n<meta name=\"twitter:card\" content=\"summary_large_image\" \/>\n<meta name=\"twitter:label1\" content=\"Gesch\u00e4tzte Lesezeit\" \/>\n\t<meta name=\"twitter:data1\" content=\"1\u00a0Minute\" \/>\n<script type=\"application\/ld+json\" class=\"yoast-schema-graph\">{\"@context\":\"https:\/\/schema.org\",\"@graph\":[{\"@type\":\"WebPage\",\"@id\":\"https:\/\/www.healthy-heart.org\/de\/uber-die-esc\/\",\"url\":\"https:\/\/www.healthy-heart.org\/de\/uber-die-esc\/\",\"name\":\"\u00dcber die ESC - Healthy-Heart.org\",\"isPartOf\":{\"@id\":\"https:\/\/www.healthy-heart.org\/es\/#website\"},\"primaryImageOfPage\":{\"@id\":\"https:\/\/www.healthy-heart.org\/de\/uber-die-esc\/#primaryimage\"},\"image\":{\"@id\":\"https:\/\/www.healthy-heart.org\/de\/uber-die-esc\/#primaryimage\"},\"thumbnailUrl\":\"https:\/\/www.healthy-heart.org\/wp-content\/uploads\/2019\/07\/iStock-953674568.jpg\",\"datePublished\":\"2019-10-08T09:29:01+00:00\",\"dateModified\":\"2020-02-04T17:02:03+00:00\",\"description\":\"Gemeinn\u00fctzige medizinische Gesellschaft, die von Herz-Kreislauf-Fachleuten geleitet wird und sich auf die Pr\u00e4vention, Diagnose und Behandlung von Herzerkrankungen konzentriert.\",\"breadcrumb\":{\"@id\":\"https:\/\/www.healthy-heart.org\/de\/uber-die-esc\/#breadcrumb\"},\"inLanguage\":\"de\",\"potentialAction\":[{\"@type\":\"ReadAction\",\"target\":[\"https:\/\/www.healthy-heart.org\/de\/uber-die-esc\/\"]}]},{\"@type\":\"ImageObject\",\"inLanguage\":\"de\",\"@id\":\"https:\/\/www.healthy-heart.org\/de\/uber-die-esc\/#primaryimage\",\"url\":\"https:\/\/www.healthy-heart.org\/wp-content\/uploads\/2019\/07\/iStock-953674568.jpg\",\"contentUrl\":\"https:\/\/www.healthy-heart.org\/wp-content\/uploads\/2019\/07\/iStock-953674568.jpg\",\"width\":3548,\"height\":2365},{\"@type\":\"BreadcrumbList\",\"@id\":\"https:\/\/www.healthy-heart.org\/de\/uber-die-esc\/#breadcrumb\",\"itemListElement\":[{\"@type\":\"ListItem\",\"position\":1,\"name\":\"Home\",\"item\":\"https:\/\/www.healthy-heart.org\/de\/\"},{\"@type\":\"ListItem\",\"position\":2,\"name\":\"\u00dcber die ESC\"}]},{\"@type\":\"WebSite\",\"@id\":\"https:\/\/www.healthy-heart.org\/es\/#website\",\"url\":\"https:\/\/www.healthy-heart.org\/es\/\",\"name\":\"Healthy-Heart.org\",\"description\":\"Practical advice for patients and family care givers on the prevention of cardiovascular disease\",\"potentialAction\":[{\"@type\":\"SearchAction\",\"target\":{\"@type\":\"EntryPoint\",\"urlTemplate\":\"https:\/\/www.healthy-heart.org\/es\/?s={search_term_string}\"},\"query-input\":{\"@type\":\"PropertyValueSpecification\",\"valueRequired\":true,\"valueName\":\"search_term_string\"}}],\"inLanguage\":\"de\"}]}<\/script>\n<!-- \/ Yoast SEO plugin. -->","yoast_head_json":{"title":"\u00dcber die ESC - Healthy-Heart.org","description":"Gemeinn\u00fctzige medizinische Gesellschaft, die von Herz-Kreislauf-Fachleuten geleitet wird und sich auf die Pr\u00e4vention, Diagnose und Behandlung von Herzerkrankungen konzentriert.","robots":{"index":"index","follow":"follow","max-snippet":"max-snippet:-1","max-image-preview":"max-image-preview:large","max-video-preview":"max-video-preview:-1"},"canonical":"https:\/\/www.healthy-heart.org\/de\/uber-die-esc\/","og_locale":"de_DE","og_type":"article","og_title":"\u00dcber die ESC - Healthy-Heart.org","og_description":"Gemeinn\u00fctzige medizinische Gesellschaft, die von Herz-Kreislauf-Fachleuten geleitet wird und sich auf die Pr\u00e4vention, Diagnose und Behandlung von Herzerkrankungen konzentriert.","og_url":"https:\/\/www.healthy-heart.org\/de\/uber-die-esc\/","og_site_name":"Healthy-Heart.org","article_modified_time":"2020-02-04T17:02:03+00:00","og_image":[{"width":1024,"height":683,"url":"https:\/\/www.healthy-heart.org\/wp-content\/uploads\/2019\/07\/iStock-953674568-1024x683.jpg","type":"image\/jpeg"}],"twitter_card":"summary_large_image","twitter_misc":{"Gesch\u00e4tzte Lesezeit":"1\u00a0Minute"},"schema":{"@context":"https:\/\/schema.org","@graph":[{"@type":"WebPage","@id":"https:\/\/www.healthy-heart.org\/de\/uber-die-esc\/","url":"https:\/\/www.healthy-heart.org\/de\/uber-die-esc\/","name":"\u00dcber die ESC - Healthy-Heart.org","isPartOf":{"@id":"https:\/\/www.healthy-heart.org\/es\/#website"},"primaryImageOfPage":{"@id":"https:\/\/www.healthy-heart.org\/de\/uber-die-esc\/#primaryimage"},"image":{"@id":"https:\/\/www.healthy-heart.org\/de\/uber-die-esc\/#primaryimage"},"thumbnailUrl":"https:\/\/www.healthy-heart.org\/wp-content\/uploads\/2019\/07\/iStock-953674568.jpg","datePublished":"2019-10-08T09:29:01+00:00","dateModified":"2020-02-04T17:02:03+00:00","description":"Gemeinn\u00fctzige medizinische Gesellschaft, die von Herz-Kreislauf-Fachleuten geleitet wird und sich auf die Pr\u00e4vention, Diagnose und Behandlung von Herzerkrankungen konzentriert.","breadcrumb":{"@id":"https:\/\/www.healthy-heart.org\/de\/uber-die-esc\/#breadcrumb"},"inLanguage":"de","potentialAction":[{"@type":"ReadAction","target":["https:\/\/www.healthy-heart.org\/de\/uber-die-esc\/"]}]},{"@type":"ImageObject","inLanguage":"de","@id":"https:\/\/www.healthy-heart.org\/de\/uber-die-esc\/#primaryimage","url":"https:\/\/www.healthy-heart.org\/wp-content\/uploads\/2019\/07\/iStock-953674568.jpg","contentUrl":"https:\/\/www.healthy-heart.org\/wp-content\/uploads\/2019\/07\/iStock-953674568.jpg","width":3548,"height":2365},{"@type":"BreadcrumbList","@id":"https:\/\/www.healthy-heart.org\/de\/uber-die-esc\/#breadcrumb","itemListElement":[{"@type":"ListItem","position":1,"name":"Home","item":"https:\/\/www.healthy-heart.org\/de\/"},{"@type":"ListItem","position":2,"name":"\u00dcber die ESC"}]},{"@type":"WebSite","@id":"https:\/\/www.healthy-heart.org\/es\/#website","url":"https:\/\/www.healthy-heart.org\/es\/","name":"Healthy-Heart.org","description":"Practical advice for patients and family care givers on the prevention of cardiovascular disease","potentialAction":[{"@type":"SearchAction","target":{"@type":"EntryPoint","urlTemplate":"https:\/\/www.healthy-heart.org\/es\/?s={search_term_string}"},"query-input":{"@type":"PropertyValueSpecification","valueRequired":true,"valueName":"search_term_string"}}],"inLanguage":"de"}]}},"_links":{"self":[{"href":"https:\/\/www.healthy-heart.org\/de\/wp-json\/wp\/v2\/pages\/2220","targetHints":{"allow":["GET"]}}],"collection":[{"href":"https:\/\/www.healthy-heart.org\/de\/wp-json\/wp\/v2\/pages"}],"about":[{"href":"https:\/\/www.healthy-heart.org\/de\/wp-json\/wp\/v2\/types\/page"}],"author":[{"embeddable":true,"href":"https:\/\/www.healthy-heart.org\/de\/wp-json\/wp\/v2\/users\/1"}],"replies":[{"embeddable":true,"href":"https:\/\/www.healthy-heart.org\/de\/wp-json\/wp\/v2\/comments?post=2220"}],"version-history":[{"count":1,"href":"https:\/\/www.healthy-heart.org\/de\/wp-json\/wp\/v2\/pages\/2220\/revisions"}],"predecessor-version":[{"id":4080,"href":"https:\/\/www.healthy-heart.org\/de\/wp-json\/wp\/v2\/pages\/2220\/revisions\/4080"}],"wp:featuredmedia":[{"embeddable":true,"href":"https:\/\/www.healthy-heart.org\/de\/wp-json\/wp\/v2\/media\/1888"}],"wp:attachment":[{"href":"https:\/\/www.healthy-heart.org\/de\/wp-json\/wp\/v2\/media?parent=2220"}],"wp:term":[{"taxonomy":"category","embeddable":true,"href":"https:\/\/www.healthy-heart.org\/de\/wp-json\/wp\/v2\/categories?post=2220"},{"taxonomy":"post_tag","embeddable":true,"href":"https:\/\/www.healthy-heart.org\/de\/wp-json\/wp\/v2\/tags?post=2220"}],"curies":[{"name":"wp","href":"https:\/\/api.w.org\/{rel}","templated":true}]}}