{"id":2207,"date":"2019-10-08T10:28:55","date_gmt":"2019-10-08T09:28:55","guid":{"rendered":"https:\/\/www.healthy-heart.org\/das-leben-mit-einer-herzerkrankung\/was-sollte-ich-meinen-kardiologen-fragen\/"},"modified":"2021-01-26T12:32:26","modified_gmt":"2021-01-26T12:32:26","slug":"was-sollte-ich-meinen-kardiologen-fragen","status":"publish","type":"page","link":"https:\/\/www.healthy-heart.org\/de\/das-leben-mit-einer-herzerkrankung\/was-sollte-ich-meinen-kardiologen-fragen\/","title":{"rendered":"Was sollte ich meinen Kardiologen fragen?"},"content":{"rendered":"<p><img loading=\"lazy\" decoding=\"async\" class=\"alignright size-medium wp-image-641\" src=\"https:\/\/cdn-endpoint-prev.azureedge.net\/healthy-heart\/2019\/07\/iStock-481073822-5-350x234.jpg\" alt=\"\" width=\"350\" height=\"234\" srcset=\"https:\/\/www.healthy-heart.org\/wp-content\/uploads\/2019\/07\/iStock-481073822-5-350x234.jpg 350w, https:\/\/cdn-endpoint-prev.azureedge.net\/healthy-heart\/2019\/07\/iStock-481073822-5-1024x683.jpg 1024w, https:\/\/cdn-endpoint-prev.azureedge.net\/healthy-heart\/2019\/07\/iStock-481073822-5-200x133.jpg 200w, https:\/\/www.healthy-heart.org\/wp-content\/uploads\/2019\/07\/iStock-481073822-5-768x513.jpg 768w, https:\/\/www.healthy-heart.org\/wp-content\/uploads\/2019\/07\/iStock-481073822-5-1536x1025.jpg 1536w, https:\/\/www.healthy-heart.org\/wp-content\/uploads\/2019\/07\/iStock-481073822-5-2048x1367.jpg 2048w, https:\/\/www.healthy-heart.org\/wp-content\/uploads\/2019\/07\/iStock-481073822-5-658x439.jpg 658w, https:\/\/www.healthy-heart.org\/wp-content\/uploads\/2019\/07\/iStock-481073822-5-695x464.jpg 695w\" sizes=\"auto, (max-width: 350px) 100vw, 350px\" \/>Herzerkrankungen wirken sich auf K\u00f6rper und Geist aus. Offene und ehrliche Gespr\u00e4che mit Ihrem Arzt tragen dazu bei, dass Sie Ihren Behandlungsplan und Ihren Gesundheitszustand nach einem Herzinfarkt erfolgreich in den Griff bekommen. Ihr Kardiologe kann Ihnen erkl\u00e4ren, was passiert ist und warum, was bisher getan wurde und was jetzt getan werden muss. Indem Sie die Ursachen eines Herzereignisses und die Behandlungsmethoden kennen, verstehen Sie besser, wie Sie ein etwaiges zuk\u00fcnftiges Ereignis vermeiden k\u00f6nnen. Zu den Fragen, die Sie Ihrem Kardiologen stellen k\u00f6nnen, geh\u00f6ren:<\/p>\n<p>1. Warum hatte ich einen Herzinfarkt?<br \/>\n2. H\u00e4tte ich es verhindern k\u00f6nnen?<br \/>\n3. Werde ich in der Lage sein, all die Dinge zu tun, die ich zuvor getan habe?<br \/>\n4. Kann es sein, dass sich die verstopfte Arterie wieder verengt und einen weiteren Infarkt verursacht?<br \/>\n5. Wenn ein Stent in einer Arterie eingesetzt wird, wie lange sollte ich \u201eblutverd\u00fcnnende\u201c Medikamente nehmen? Bleibt die Arterie f\u00fcr den Rest meines Lebens offen?<br \/>\n6. Welche <a href=\"https:\/\/www.healthy-heart.org\/de\/das-leben-mit-einer-herzerkrankung\/arten-von-medikamenten\/\">Medikamente<\/a> sind unerl\u00e4sslich und wie lange muss ich sie einnehmen?<br \/>\n7. Welche Medikamente darf ich nicht unregelm\u00e4\u00dfig nehmen oder gar vergessen?<br \/>\n8. Wie oft sollte ich nach einem Herzinfarkt einen Arzt aufsuchen?<br \/>\n9. Was kann ich in meinem t\u00e4glichen Leben dazu beitragen, einen weiteren Herzinfarkt zu verhindern?<br \/>\n10. Wie wichtig ist die Gewichtsabnahme? Sollte ich meine <a href=\"https:\/\/www.healthy-heart.org\/de\/halten-sie-ihr-herz-gesund\/herzfreundliche-ernahrung\/\">Ern\u00e4hrung<\/a> \u00e4ndern?<br \/>\n11. Wann kann ich mit dem <a href=\"https:\/\/www.healthy-heart.org\/de\/halten-sie-ihr-herz-gesund\/korperliche-aktivitat\/\">Sporttreiben<\/a> beginnen?<br \/>\n12. Sollte ich mich f\u00fcr die <a href=\"https:\/\/www.healthy-heart.org\/de\/das-leben-mit-einer-herzerkrankung\/verbessern-sie-die-gesundheit-ihres-herzens\/\">Herzrehabilitation<\/a> anmelden?<br \/>\n13. Wie oft sollte ich meinen <a href=\"https:\/\/www.healthy-heart.org\/de\/halten-sie-ihr-herz-gesund\/blutdruck\/\">Blutdruck<\/a> messen?<br \/>\n14. Wann kann ich <a href=\"https:\/\/www.healthy-heart.org\/de\/das-leben-mit-einer-herzerkrankung\/sex-und-herzkrankheit\/\">wieder Sex haben<\/a> und wann kann ich wieder zur Arbeit gehen?<br \/>\n15. Darf ich <a href=\"https:\/\/www.healthy-heart.org\/de\/das-leben-mit-einer-herzerkrankung\/reisen-nach-einem-herzinfarkt\/\">reisen<\/a>? Darf ich ins Gebirge?<br \/>\n16. Bei welchen Symptomen sollte ich sofort in die Notaufnahme?<\/p>\n","protected":false},"excerpt":{"rendered":"<p>Herzerkrankungen wirken sich auf K\u00f6rper und Geist aus. Offene und ehrliche Gespr\u00e4che mit Ihrem Arzt tragen dazu bei, dass Sie Ihren Behandlungsplan und Ihren Gesundheitszustand nach einem Herzinfarkt erfolgreich in den Griff bekommen. Ihr Kardiologe kann Ihnen erkl\u00e4ren, was passiert ist und warum, was bisher getan wurde und was jetzt getan werden muss. Indem Sie [&hellip;]<\/p>\n","protected":false},"author":1,"featured_media":644,"parent":2127,"menu_order":12,"comment_status":"closed","ping_status":"closed","template":"","meta":{"_acf_changed":false,"footnotes":""},"categories":[70],"tags":[],"class_list":["post-2207","page","type-page","status-publish","has-post-thumbnail","hentry","category-das-leben-mit-einer-herzerkrankung"],"acf":[],"yoast_head":"<!-- This site is optimized with the Yoast SEO plugin v24.0 - https:\/\/yoast.com\/wordpress\/plugins\/seo\/ -->\n<title>Was sollte ich meinen Kardiologen fragen? - Healthy-Heart.org<\/title>\n<meta name=\"description\" content=\"Ihr Kardiologe kann Ihnen erkl\u00e4ren, was passiert ist und warum, was bisher getan wurde und was jetzt getan werden muss. Lesen Sie die Fragen, die Sie Ihrem Arzt stellen k\u00f6nnen.\" \/>\n<meta name=\"robots\" content=\"index, follow, max-snippet:-1, max-image-preview:large, max-video-preview:-1\" \/>\n<link rel=\"canonical\" href=\"https:\/\/www.healthy-heart.org\/de\/das-leben-mit-einer-herzerkrankung\/was-sollte-ich-meinen-kardiologen-fragen\/\" \/>\n<meta property=\"og:locale\" content=\"de_DE\" \/>\n<meta property=\"og:type\" content=\"article\" \/>\n<meta property=\"og:title\" content=\"Was sollte ich meinen Kardiologen fragen? - Healthy-Heart.org\" \/>\n<meta property=\"og:description\" content=\"Ihr Kardiologe kann Ihnen erkl\u00e4ren, was passiert ist und warum, was bisher getan wurde und was jetzt getan werden muss. Lesen Sie die Fragen, die Sie Ihrem Arzt stellen k\u00f6nnen.\" \/>\n<meta property=\"og:url\" content=\"https:\/\/www.healthy-heart.org\/de\/das-leben-mit-einer-herzerkrankung\/was-sollte-ich-meinen-kardiologen-fragen\/\" \/>\n<meta property=\"og:site_name\" content=\"Healthy-Heart.org\" \/>\n<meta property=\"article:modified_time\" content=\"2021-01-26T12:32:26+00:00\" \/>\n<meta property=\"og:image\" content=\"https:\/\/www.healthy-heart.org\/wp-content\/uploads\/2019\/07\/iStock-481073822-5-1024x683.jpg\" \/>\n\t<meta property=\"og:image:width\" content=\"1024\" \/>\n\t<meta property=\"og:image:height\" content=\"683\" \/>\n\t<meta property=\"og:image:type\" content=\"image\/jpeg\" \/>\n<meta name=\"twitter:card\" content=\"summary_large_image\" \/>\n<meta name=\"twitter:label1\" content=\"Gesch\u00e4tzte Lesezeit\" \/>\n\t<meta name=\"twitter:data1\" content=\"1\u00a0Minute\" \/>\n<script type=\"application\/ld+json\" class=\"yoast-schema-graph\">{\"@context\":\"https:\/\/schema.org\",\"@graph\":[{\"@type\":\"WebPage\",\"@id\":\"https:\/\/www.healthy-heart.org\/de\/das-leben-mit-einer-herzerkrankung\/was-sollte-ich-meinen-kardiologen-fragen\/\",\"url\":\"https:\/\/www.healthy-heart.org\/de\/das-leben-mit-einer-herzerkrankung\/was-sollte-ich-meinen-kardiologen-fragen\/\",\"name\":\"Was sollte ich meinen Kardiologen fragen? - Healthy-Heart.org\",\"isPartOf\":{\"@id\":\"https:\/\/www.healthy-heart.org\/es\/#website\"},\"primaryImageOfPage\":{\"@id\":\"https:\/\/www.healthy-heart.org\/de\/das-leben-mit-einer-herzerkrankung\/was-sollte-ich-meinen-kardiologen-fragen\/#primaryimage\"},\"image\":{\"@id\":\"https:\/\/www.healthy-heart.org\/de\/das-leben-mit-einer-herzerkrankung\/was-sollte-ich-meinen-kardiologen-fragen\/#primaryimage\"},\"thumbnailUrl\":\"https:\/\/www.healthy-heart.org\/wp-content\/uploads\/2019\/07\/iStock-481073822-5.jpg\",\"datePublished\":\"2019-10-08T09:28:55+00:00\",\"dateModified\":\"2021-01-26T12:32:26+00:00\",\"description\":\"Ihr Kardiologe kann Ihnen erkl\u00e4ren, was passiert ist und warum, was bisher getan wurde und was jetzt getan werden muss. Lesen Sie die Fragen, die Sie Ihrem Arzt stellen k\u00f6nnen.\",\"breadcrumb\":{\"@id\":\"https:\/\/www.healthy-heart.org\/de\/das-leben-mit-einer-herzerkrankung\/was-sollte-ich-meinen-kardiologen-fragen\/#breadcrumb\"},\"inLanguage\":\"de\",\"potentialAction\":[{\"@type\":\"ReadAction\",\"target\":[\"https:\/\/www.healthy-heart.org\/de\/das-leben-mit-einer-herzerkrankung\/was-sollte-ich-meinen-kardiologen-fragen\/\"]}]},{\"@type\":\"ImageObject\",\"inLanguage\":\"de\",\"@id\":\"https:\/\/www.healthy-heart.org\/de\/das-leben-mit-einer-herzerkrankung\/was-sollte-ich-meinen-kardiologen-fragen\/#primaryimage\",\"url\":\"https:\/\/www.healthy-heart.org\/wp-content\/uploads\/2019\/07\/iStock-481073822-5.jpg\",\"contentUrl\":\"https:\/\/www.healthy-heart.org\/wp-content\/uploads\/2019\/07\/iStock-481073822-5.jpg\",\"width\":7360,\"height\":4912,\"caption\":\"Shot of a compassionate doctor comforting a young woman in a hospital waiting room\"},{\"@type\":\"BreadcrumbList\",\"@id\":\"https:\/\/www.healthy-heart.org\/de\/das-leben-mit-einer-herzerkrankung\/was-sollte-ich-meinen-kardiologen-fragen\/#breadcrumb\",\"itemListElement\":[{\"@type\":\"ListItem\",\"position\":1,\"name\":\"Home\",\"item\":\"https:\/\/www.healthy-heart.org\/de\/\"},{\"@type\":\"ListItem\",\"position\":2,\"name\":\"Das Leben mit einer Herzerkrankung\",\"item\":\"https:\/\/www.healthy-heart.org\/de\/das-leben-mit-einer-herzerkrankung\/\"},{\"@type\":\"ListItem\",\"position\":3,\"name\":\"Was sollte ich meinen Kardiologen fragen?\"}]},{\"@type\":\"WebSite\",\"@id\":\"https:\/\/www.healthy-heart.org\/es\/#website\",\"url\":\"https:\/\/www.healthy-heart.org\/es\/\",\"name\":\"Healthy-Heart.org\",\"description\":\"Practical advice for patients and family care givers on the prevention of cardiovascular disease\",\"potentialAction\":[{\"@type\":\"SearchAction\",\"target\":{\"@type\":\"EntryPoint\",\"urlTemplate\":\"https:\/\/www.healthy-heart.org\/es\/?s={search_term_string}\"},\"query-input\":{\"@type\":\"PropertyValueSpecification\",\"valueRequired\":true,\"valueName\":\"search_term_string\"}}],\"inLanguage\":\"de\"}]}<\/script>\n<!-- \/ Yoast SEO plugin. -->","yoast_head_json":{"title":"Was sollte ich meinen Kardiologen fragen? - Healthy-Heart.org","description":"Ihr Kardiologe kann Ihnen erkl\u00e4ren, was passiert ist und warum, was bisher getan wurde und was jetzt getan werden muss. Lesen Sie die Fragen, die Sie Ihrem Arzt stellen k\u00f6nnen.","robots":{"index":"index","follow":"follow","max-snippet":"max-snippet:-1","max-image-preview":"max-image-preview:large","max-video-preview":"max-video-preview:-1"},"canonical":"https:\/\/www.healthy-heart.org\/de\/das-leben-mit-einer-herzerkrankung\/was-sollte-ich-meinen-kardiologen-fragen\/","og_locale":"de_DE","og_type":"article","og_title":"Was sollte ich meinen Kardiologen fragen? - Healthy-Heart.org","og_description":"Ihr Kardiologe kann Ihnen erkl\u00e4ren, was passiert ist und warum, was bisher getan wurde und was jetzt getan werden muss. Lesen Sie die Fragen, die Sie Ihrem Arzt stellen k\u00f6nnen.","og_url":"https:\/\/www.healthy-heart.org\/de\/das-leben-mit-einer-herzerkrankung\/was-sollte-ich-meinen-kardiologen-fragen\/","og_site_name":"Healthy-Heart.org","article_modified_time":"2021-01-26T12:32:26+00:00","og_image":[{"width":1024,"height":683,"url":"https:\/\/www.healthy-heart.org\/wp-content\/uploads\/2019\/07\/iStock-481073822-5-1024x683.jpg","type":"image\/jpeg"}],"twitter_card":"summary_large_image","twitter_misc":{"Gesch\u00e4tzte Lesezeit":"1\u00a0Minute"},"schema":{"@context":"https:\/\/schema.org","@graph":[{"@type":"WebPage","@id":"https:\/\/www.healthy-heart.org\/de\/das-leben-mit-einer-herzerkrankung\/was-sollte-ich-meinen-kardiologen-fragen\/","url":"https:\/\/www.healthy-heart.org\/de\/das-leben-mit-einer-herzerkrankung\/was-sollte-ich-meinen-kardiologen-fragen\/","name":"Was sollte ich meinen Kardiologen fragen? - Healthy-Heart.org","isPartOf":{"@id":"https:\/\/www.healthy-heart.org\/es\/#website"},"primaryImageOfPage":{"@id":"https:\/\/www.healthy-heart.org\/de\/das-leben-mit-einer-herzerkrankung\/was-sollte-ich-meinen-kardiologen-fragen\/#primaryimage"},"image":{"@id":"https:\/\/www.healthy-heart.org\/de\/das-leben-mit-einer-herzerkrankung\/was-sollte-ich-meinen-kardiologen-fragen\/#primaryimage"},"thumbnailUrl":"https:\/\/www.healthy-heart.org\/wp-content\/uploads\/2019\/07\/iStock-481073822-5.jpg","datePublished":"2019-10-08T09:28:55+00:00","dateModified":"2021-01-26T12:32:26+00:00","description":"Ihr Kardiologe kann Ihnen erkl\u00e4ren, was passiert ist und warum, was bisher getan wurde und was jetzt getan werden muss. Lesen Sie die Fragen, die Sie Ihrem Arzt stellen k\u00f6nnen.","breadcrumb":{"@id":"https:\/\/www.healthy-heart.org\/de\/das-leben-mit-einer-herzerkrankung\/was-sollte-ich-meinen-kardiologen-fragen\/#breadcrumb"},"inLanguage":"de","potentialAction":[{"@type":"ReadAction","target":["https:\/\/www.healthy-heart.org\/de\/das-leben-mit-einer-herzerkrankung\/was-sollte-ich-meinen-kardiologen-fragen\/"]}]},{"@type":"ImageObject","inLanguage":"de","@id":"https:\/\/www.healthy-heart.org\/de\/das-leben-mit-einer-herzerkrankung\/was-sollte-ich-meinen-kardiologen-fragen\/#primaryimage","url":"https:\/\/www.healthy-heart.org\/wp-content\/uploads\/2019\/07\/iStock-481073822-5.jpg","contentUrl":"https:\/\/www.healthy-heart.org\/wp-content\/uploads\/2019\/07\/iStock-481073822-5.jpg","width":7360,"height":4912,"caption":"Shot of a compassionate doctor comforting a young woman in a hospital waiting room"},{"@type":"BreadcrumbList","@id":"https:\/\/www.healthy-heart.org\/de\/das-leben-mit-einer-herzerkrankung\/was-sollte-ich-meinen-kardiologen-fragen\/#breadcrumb","itemListElement":[{"@type":"ListItem","position":1,"name":"Home","item":"https:\/\/www.healthy-heart.org\/de\/"},{"@type":"ListItem","position":2,"name":"Das Leben mit einer Herzerkrankung","item":"https:\/\/www.healthy-heart.org\/de\/das-leben-mit-einer-herzerkrankung\/"},{"@type":"ListItem","position":3,"name":"Was sollte ich meinen Kardiologen fragen?"}]},{"@type":"WebSite","@id":"https:\/\/www.healthy-heart.org\/es\/#website","url":"https:\/\/www.healthy-heart.org\/es\/","name":"Healthy-Heart.org","description":"Practical advice for patients and family care givers on the prevention of cardiovascular disease","potentialAction":[{"@type":"SearchAction","target":{"@type":"EntryPoint","urlTemplate":"https:\/\/www.healthy-heart.org\/es\/?s={search_term_string}"},"query-input":{"@type":"PropertyValueSpecification","valueRequired":true,"valueName":"search_term_string"}}],"inLanguage":"de"}]}},"_links":{"self":[{"href":"https:\/\/www.healthy-heart.org\/de\/wp-json\/wp\/v2\/pages\/2207","targetHints":{"allow":["GET"]}}],"collection":[{"href":"https:\/\/www.healthy-heart.org\/de\/wp-json\/wp\/v2\/pages"}],"about":[{"href":"https:\/\/www.healthy-heart.org\/de\/wp-json\/wp\/v2\/types\/page"}],"author":[{"embeddable":true,"href":"https:\/\/www.healthy-heart.org\/de\/wp-json\/wp\/v2\/users\/1"}],"replies":[{"embeddable":true,"href":"https:\/\/www.healthy-heart.org\/de\/wp-json\/wp\/v2\/comments?post=2207"}],"version-history":[{"count":3,"href":"https:\/\/www.healthy-heart.org\/de\/wp-json\/wp\/v2\/pages\/2207\/revisions"}],"predecessor-version":[{"id":4985,"href":"https:\/\/www.healthy-heart.org\/de\/wp-json\/wp\/v2\/pages\/2207\/revisions\/4985"}],"up":[{"embeddable":true,"href":"https:\/\/www.healthy-heart.org\/de\/wp-json\/wp\/v2\/pages\/2127"}],"wp:featuredmedia":[{"embeddable":true,"href":"https:\/\/www.healthy-heart.org\/de\/wp-json\/wp\/v2\/media\/644"}],"wp:attachment":[{"href":"https:\/\/www.healthy-heart.org\/de\/wp-json\/wp\/v2\/media?parent=2207"}],"wp:term":[{"taxonomy":"category","embeddable":true,"href":"https:\/\/www.healthy-heart.org\/de\/wp-json\/wp\/v2\/categories?post=2207"},{"taxonomy":"post_tag","embeddable":true,"href":"https:\/\/www.healthy-heart.org\/de\/wp-json\/wp\/v2\/tags?post=2207"}],"curies":[{"name":"wp","href":"https:\/\/api.w.org\/{rel}","templated":true}]}}