{"id":2196,"date":"2019-10-08T10:28:52","date_gmt":"2019-10-08T09:28:52","guid":{"rendered":"https:\/\/www.healthy-heart.org\/das-leben-mit-einer-herzerkrankung\/unterstutzung-durch-die-familie\/"},"modified":"2019-10-08T10:28:52","modified_gmt":"2019-10-08T09:28:52","slug":"unterstutzung-durch-die-familie","status":"publish","type":"page","link":"https:\/\/www.healthy-heart.org\/de\/das-leben-mit-einer-herzerkrankung\/unterstutzung-durch-die-familie\/","title":{"rendered":"Unterst\u00fctzung durch die Familie"},"content":{"rendered":"<p><img loading=\"lazy\" decoding=\"async\" class=\"alignright size-medium wp-image-565\" src=\"https:\/\/www.healthy-heart.org\/wp-content\/uploads\/2019\/07\/iStock-1055062378-350x233.jpg\" alt=\"\" width=\"350\" height=\"233\"><br \/>\nIhr Partner und Ihre unmittelbare Familie k\u00f6nnen wesentlich zur Unterst\u00fctzung, Ermutigung und Motivation beitragen, wenn Sie sich von einer Herzkrankheit erholen. Viele Paare haben gesagt, dass die Herzerkrankung sie einander n\u00e4her gebracht hat.<\/p>\n<p>Herz-Kreislauf-Ereignisse k\u00f6nnen sich verheerend auf Familien auswirken. Man f\u00fchlt sich oft machtlos und \u00e4ngstlich in Bezug auf die Krankheit, den Krankenhausaufenthalt und die Behandlung. Partner sind m\u00f6glicherweise besorgt \u00fcber die n\u00e4chsten Schritte f\u00fcr die Gesundheit ihrer Angeh\u00f6rigen. Negative Gef\u00fchle k\u00f6nnen entstehen, wie beispielsweise Schuldgef\u00fchle (wenn ich nur &#8230;), Stimmungsschwankungen und Sorgen um die finanziellen Konsequenzen. Dies kann die Qualit\u00e4t der Beziehung und die Genesung des Patienten beeintr\u00e4chtigen. Daher ist es f\u00fcr Familienangeh\u00f6rige von entscheidender Bedeutung, weiterhin gut auf sich aufzupassen. Das bedeutet gen\u00fcgend Schlaf und Entspannung, ein <a href=\"https:\/\/www.healthy-heart.org\/keep-your-heart-healthy\/take-control-of-your-lifestyle\/\">gesunder Lebensstil <\/a>und Aktivit\u00e4ten, die ihnen Freude machen.<\/p>\n<p>Oftmals f\u00fchlen sich Partner f\u00fcr die Gesundheit des Patienten verantwortlich und ignorieren ihre eigenen Bed\u00fcrfnisse. Sie k\u00f6nnen zus\u00e4tzliche Aufgaben im Haushalt \u00fcbernehmen, wollen stets verf\u00fcgbar sein und den Patienten schonen, weil sie Angst vor negativen Auswirkungen auf das Herz haben. Patienten k\u00f6nnen dies als zu besch\u00fctzend und kontrollierend empfinden, sie wollen eventuell ihre Gef\u00fchle und Gedanken vor dem Partner verheimlichen, damit sich der Partner nicht noch mehr sorgt. Dies kann zu Irritationen f\u00fchren, die weder die Beziehung noch den Genesungsprozess f\u00f6rdern. Um sich erfolgreich an das Leben mit Herzkrankheiten zu gew\u00f6hnen, muss man offen und ehrlich sein und die Individualit\u00e4t des anderen anerkennen.<\/p>\n<p>Die Einbeziehung des Partners und der unmittelbaren Familie in das <a href=\"https:\/\/www.healthy-heart.org\/living-with-heart-disease\/improve-your-heart-condition\/\">Herzrehabilitationsprogramm<\/a> ist eine einmalige Gelegenheit, dass man gemeinsam am Genesungsprozess arbeitet und zusammen Entscheidungen \u00fcber eine gesunde Lebensweise trifft. Dadurch, dass man gemeinsam \u00fcber die medizinischen Aspekte des Herzproblems informiert wird, Ratschl\u00e4ge \u00fcber <a href=\"https:\/\/www.healthy-heart.org\/keep-your-heart-healthy\/heart-friendly-diet\/\">gesunde Ern\u00e4hrung<\/a> erh\u00e4lt und beobachtet, wie der Patient die Trainingsprogramme absolviert, kann jedes Familienmitglied die Verantwortung f\u00fcr seine eigene Rolle \u00fcbernehmen. Einige Rehabilitationsprogramme bieten auch Partnerberatungen an, in denen Themen wie Kommunikation, Umgang mit Herzproblemen als Paar und <a href=\"https:\/\/www.healthy-heart.org\/living-with-heart-disease\/sex-and-heart-disease\/\">sexuelle Probleme<\/a> angesprochen werden.<\/p>\n","protected":false},"excerpt":{"rendered":"<p>Ihr Partner und Ihre unmittelbare Familie k\u00f6nnen wesentlich zur Unterst\u00fctzung, Ermutigung und Motivation beitragen, wenn Sie sich von einer Herzkrankheit erholen. Viele Paare haben gesagt, dass die Herzerkrankung sie einander n\u00e4her gebracht hat. Herz-Kreislauf-Ereignisse k\u00f6nnen sich verheerend auf Familien auswirken. Man f\u00fchlt sich oft machtlos und \u00e4ngstlich in Bezug auf die Krankheit, den Krankenhausaufenthalt und [&hellip;]<\/p>\n","protected":false},"author":1,"featured_media":568,"parent":2127,"menu_order":9,"comment_status":"closed","ping_status":"closed","template":"","meta":{"_acf_changed":false,"footnotes":""},"categories":[70],"tags":[],"class_list":["post-2196","page","type-page","status-publish","has-post-thumbnail","hentry","category-das-leben-mit-einer-herzerkrankung"],"acf":[],"yoast_head":"<!-- This site is optimized with the Yoast SEO plugin v24.0 - https:\/\/yoast.com\/wordpress\/plugins\/seo\/ -->\n<title>Unterst\u00fctzung durch die Familie - Healthy-Heart.org<\/title>\n<meta name=\"description\" content=\"Partner oder eine Familie k\u00f6nnen wesentlich zur Unterst\u00fctzung und Motivation beitragen, wenn Sie sich von einer Herzkrankheit erholen.\" \/>\n<meta name=\"robots\" content=\"index, follow, max-snippet:-1, max-image-preview:large, max-video-preview:-1\" \/>\n<link rel=\"canonical\" href=\"https:\/\/www.healthy-heart.org\/de\/das-leben-mit-einer-herzerkrankung\/unterstutzung-durch-die-familie\/\" \/>\n<meta property=\"og:locale\" content=\"de_DE\" \/>\n<meta property=\"og:type\" content=\"article\" \/>\n<meta property=\"og:title\" content=\"Unterst\u00fctzung durch die Familie - Healthy-Heart.org\" \/>\n<meta property=\"og:description\" content=\"Partner oder eine Familie k\u00f6nnen wesentlich zur Unterst\u00fctzung und Motivation beitragen, wenn Sie sich von einer Herzkrankheit erholen.\" \/>\n<meta property=\"og:url\" content=\"https:\/\/www.healthy-heart.org\/de\/das-leben-mit-einer-herzerkrankung\/unterstutzung-durch-die-familie\/\" \/>\n<meta property=\"og:site_name\" content=\"Healthy-Heart.org\" \/>\n<meta property=\"og:image\" content=\"https:\/\/www.healthy-heart.org\/wp-content\/uploads\/2019\/07\/iStock-1055062378-1024x683.jpg\" \/>\n\t<meta property=\"og:image:width\" content=\"1024\" \/>\n\t<meta property=\"og:image:height\" content=\"683\" \/>\n\t<meta property=\"og:image:type\" content=\"image\/jpeg\" \/>\n<meta name=\"twitter:card\" content=\"summary_large_image\" \/>\n<meta name=\"twitter:label1\" content=\"Gesch\u00e4tzte Lesezeit\" \/>\n\t<meta name=\"twitter:data1\" content=\"2\u00a0Minuten\" \/>\n<script type=\"application\/ld+json\" class=\"yoast-schema-graph\">{\"@context\":\"https:\/\/schema.org\",\"@graph\":[{\"@type\":\"WebPage\",\"@id\":\"https:\/\/www.healthy-heart.org\/de\/das-leben-mit-einer-herzerkrankung\/unterstutzung-durch-die-familie\/\",\"url\":\"https:\/\/www.healthy-heart.org\/de\/das-leben-mit-einer-herzerkrankung\/unterstutzung-durch-die-familie\/\",\"name\":\"Unterst\u00fctzung durch die Familie - Healthy-Heart.org\",\"isPartOf\":{\"@id\":\"https:\/\/www.healthy-heart.org\/es\/#website\"},\"primaryImageOfPage\":{\"@id\":\"https:\/\/www.healthy-heart.org\/de\/das-leben-mit-einer-herzerkrankung\/unterstutzung-durch-die-familie\/#primaryimage\"},\"image\":{\"@id\":\"https:\/\/www.healthy-heart.org\/de\/das-leben-mit-einer-herzerkrankung\/unterstutzung-durch-die-familie\/#primaryimage\"},\"thumbnailUrl\":\"https:\/\/www.healthy-heart.org\/wp-content\/uploads\/2019\/07\/iStock-1055062378.jpg\",\"datePublished\":\"2019-10-08T09:28:52+00:00\",\"dateModified\":\"2019-10-08T09:28:52+00:00\",\"description\":\"Partner oder eine Familie k\u00f6nnen wesentlich zur Unterst\u00fctzung und Motivation beitragen, wenn Sie sich von einer Herzkrankheit erholen.\",\"breadcrumb\":{\"@id\":\"https:\/\/www.healthy-heart.org\/de\/das-leben-mit-einer-herzerkrankung\/unterstutzung-durch-die-familie\/#breadcrumb\"},\"inLanguage\":\"de\",\"potentialAction\":[{\"@type\":\"ReadAction\",\"target\":[\"https:\/\/www.healthy-heart.org\/de\/das-leben-mit-einer-herzerkrankung\/unterstutzung-durch-die-familie\/\"]}]},{\"@type\":\"ImageObject\",\"inLanguage\":\"de\",\"@id\":\"https:\/\/www.healthy-heart.org\/de\/das-leben-mit-einer-herzerkrankung\/unterstutzung-durch-die-familie\/#primaryimage\",\"url\":\"https:\/\/www.healthy-heart.org\/wp-content\/uploads\/2019\/07\/iStock-1055062378.jpg\",\"contentUrl\":\"https:\/\/www.healthy-heart.org\/wp-content\/uploads\/2019\/07\/iStock-1055062378.jpg\",\"width\":8256,\"height\":5504,\"caption\":\"Art work. Kind blonde pressing lips while looking downwards at family tree\"},{\"@type\":\"BreadcrumbList\",\"@id\":\"https:\/\/www.healthy-heart.org\/de\/das-leben-mit-einer-herzerkrankung\/unterstutzung-durch-die-familie\/#breadcrumb\",\"itemListElement\":[{\"@type\":\"ListItem\",\"position\":1,\"name\":\"Home\",\"item\":\"https:\/\/www.healthy-heart.org\/de\/\"},{\"@type\":\"ListItem\",\"position\":2,\"name\":\"Das Leben mit einer Herzerkrankung\",\"item\":\"https:\/\/www.healthy-heart.org\/de\/das-leben-mit-einer-herzerkrankung\/\"},{\"@type\":\"ListItem\",\"position\":3,\"name\":\"Unterst\u00fctzung durch die Familie\"}]},{\"@type\":\"WebSite\",\"@id\":\"https:\/\/www.healthy-heart.org\/es\/#website\",\"url\":\"https:\/\/www.healthy-heart.org\/es\/\",\"name\":\"Healthy-Heart.org\",\"description\":\"Practical advice for patients and family care givers on the prevention of cardiovascular disease\",\"potentialAction\":[{\"@type\":\"SearchAction\",\"target\":{\"@type\":\"EntryPoint\",\"urlTemplate\":\"https:\/\/www.healthy-heart.org\/es\/?s={search_term_string}\"},\"query-input\":{\"@type\":\"PropertyValueSpecification\",\"valueRequired\":true,\"valueName\":\"search_term_string\"}}],\"inLanguage\":\"de\"}]}<\/script>\n<!-- \/ Yoast SEO plugin. -->","yoast_head_json":{"title":"Unterst\u00fctzung durch die Familie - Healthy-Heart.org","description":"Partner oder eine Familie k\u00f6nnen wesentlich zur Unterst\u00fctzung und Motivation beitragen, wenn Sie sich von einer Herzkrankheit erholen.","robots":{"index":"index","follow":"follow","max-snippet":"max-snippet:-1","max-image-preview":"max-image-preview:large","max-video-preview":"max-video-preview:-1"},"canonical":"https:\/\/www.healthy-heart.org\/de\/das-leben-mit-einer-herzerkrankung\/unterstutzung-durch-die-familie\/","og_locale":"de_DE","og_type":"article","og_title":"Unterst\u00fctzung durch die Familie - Healthy-Heart.org","og_description":"Partner oder eine Familie k\u00f6nnen wesentlich zur Unterst\u00fctzung und Motivation beitragen, wenn Sie sich von einer Herzkrankheit erholen.","og_url":"https:\/\/www.healthy-heart.org\/de\/das-leben-mit-einer-herzerkrankung\/unterstutzung-durch-die-familie\/","og_site_name":"Healthy-Heart.org","og_image":[{"width":1024,"height":683,"url":"https:\/\/www.healthy-heart.org\/wp-content\/uploads\/2019\/07\/iStock-1055062378-1024x683.jpg","type":"image\/jpeg"}],"twitter_card":"summary_large_image","twitter_misc":{"Gesch\u00e4tzte Lesezeit":"2\u00a0Minuten"},"schema":{"@context":"https:\/\/schema.org","@graph":[{"@type":"WebPage","@id":"https:\/\/www.healthy-heart.org\/de\/das-leben-mit-einer-herzerkrankung\/unterstutzung-durch-die-familie\/","url":"https:\/\/www.healthy-heart.org\/de\/das-leben-mit-einer-herzerkrankung\/unterstutzung-durch-die-familie\/","name":"Unterst\u00fctzung durch die Familie - Healthy-Heart.org","isPartOf":{"@id":"https:\/\/www.healthy-heart.org\/es\/#website"},"primaryImageOfPage":{"@id":"https:\/\/www.healthy-heart.org\/de\/das-leben-mit-einer-herzerkrankung\/unterstutzung-durch-die-familie\/#primaryimage"},"image":{"@id":"https:\/\/www.healthy-heart.org\/de\/das-leben-mit-einer-herzerkrankung\/unterstutzung-durch-die-familie\/#primaryimage"},"thumbnailUrl":"https:\/\/www.healthy-heart.org\/wp-content\/uploads\/2019\/07\/iStock-1055062378.jpg","datePublished":"2019-10-08T09:28:52+00:00","dateModified":"2019-10-08T09:28:52+00:00","description":"Partner oder eine Familie k\u00f6nnen wesentlich zur Unterst\u00fctzung und Motivation beitragen, wenn Sie sich von einer Herzkrankheit erholen.","breadcrumb":{"@id":"https:\/\/www.healthy-heart.org\/de\/das-leben-mit-einer-herzerkrankung\/unterstutzung-durch-die-familie\/#breadcrumb"},"inLanguage":"de","potentialAction":[{"@type":"ReadAction","target":["https:\/\/www.healthy-heart.org\/de\/das-leben-mit-einer-herzerkrankung\/unterstutzung-durch-die-familie\/"]}]},{"@type":"ImageObject","inLanguage":"de","@id":"https:\/\/www.healthy-heart.org\/de\/das-leben-mit-einer-herzerkrankung\/unterstutzung-durch-die-familie\/#primaryimage","url":"https:\/\/www.healthy-heart.org\/wp-content\/uploads\/2019\/07\/iStock-1055062378.jpg","contentUrl":"https:\/\/www.healthy-heart.org\/wp-content\/uploads\/2019\/07\/iStock-1055062378.jpg","width":8256,"height":5504,"caption":"Art work. Kind blonde pressing lips while looking downwards at family tree"},{"@type":"BreadcrumbList","@id":"https:\/\/www.healthy-heart.org\/de\/das-leben-mit-einer-herzerkrankung\/unterstutzung-durch-die-familie\/#breadcrumb","itemListElement":[{"@type":"ListItem","position":1,"name":"Home","item":"https:\/\/www.healthy-heart.org\/de\/"},{"@type":"ListItem","position":2,"name":"Das Leben mit einer Herzerkrankung","item":"https:\/\/www.healthy-heart.org\/de\/das-leben-mit-einer-herzerkrankung\/"},{"@type":"ListItem","position":3,"name":"Unterst\u00fctzung durch die Familie"}]},{"@type":"WebSite","@id":"https:\/\/www.healthy-heart.org\/es\/#website","url":"https:\/\/www.healthy-heart.org\/es\/","name":"Healthy-Heart.org","description":"Practical advice for patients and family care givers on the prevention of cardiovascular disease","potentialAction":[{"@type":"SearchAction","target":{"@type":"EntryPoint","urlTemplate":"https:\/\/www.healthy-heart.org\/es\/?s={search_term_string}"},"query-input":{"@type":"PropertyValueSpecification","valueRequired":true,"valueName":"search_term_string"}}],"inLanguage":"de"}]}},"_links":{"self":[{"href":"https:\/\/www.healthy-heart.org\/de\/wp-json\/wp\/v2\/pages\/2196","targetHints":{"allow":["GET"]}}],"collection":[{"href":"https:\/\/www.healthy-heart.org\/de\/wp-json\/wp\/v2\/pages"}],"about":[{"href":"https:\/\/www.healthy-heart.org\/de\/wp-json\/wp\/v2\/types\/page"}],"author":[{"embeddable":true,"href":"https:\/\/www.healthy-heart.org\/de\/wp-json\/wp\/v2\/users\/1"}],"replies":[{"embeddable":true,"href":"https:\/\/www.healthy-heart.org\/de\/wp-json\/wp\/v2\/comments?post=2196"}],"version-history":[{"count":0,"href":"https:\/\/www.healthy-heart.org\/de\/wp-json\/wp\/v2\/pages\/2196\/revisions"}],"up":[{"embeddable":true,"href":"https:\/\/www.healthy-heart.org\/de\/wp-json\/wp\/v2\/pages\/2127"}],"wp:featuredmedia":[{"embeddable":true,"href":"https:\/\/www.healthy-heart.org\/de\/wp-json\/wp\/v2\/media\/568"}],"wp:attachment":[{"href":"https:\/\/www.healthy-heart.org\/de\/wp-json\/wp\/v2\/media?parent=2196"}],"wp:term":[{"taxonomy":"category","embeddable":true,"href":"https:\/\/www.healthy-heart.org\/de\/wp-json\/wp\/v2\/categories?post=2196"},{"taxonomy":"post_tag","embeddable":true,"href":"https:\/\/www.healthy-heart.org\/de\/wp-json\/wp\/v2\/tags?post=2196"}],"curies":[{"name":"wp","href":"https:\/\/api.w.org\/{rel}","templated":true}]}}