{"id":2187,"date":"2019-10-08T10:28:49","date_gmt":"2019-10-08T09:28:49","guid":{"rendered":"https:\/\/www.healthy-heart.org\/das-leben-mit-einer-herzerkrankung\/schatzung-des-restrisikos-nach-einem-herzinfarkt\/"},"modified":"2020-01-27T15:07:38","modified_gmt":"2020-01-27T15:07:38","slug":"schatzung-des-restrisikos-nach-einem-herzinfarkt","status":"publish","type":"page","link":"https:\/\/www.healthy-heart.org\/de\/das-leben-mit-einer-herzerkrankung\/schatzung-des-restrisikos-nach-einem-herzinfarkt\/","title":{"rendered":"Sch\u00e4tzung des Restrisikos nach einem Herzinfarkt"},"content":{"rendered":"<p><img loading=\"lazy\" decoding=\"async\" class=\"alignright size-medium wp-image-609\" src=\"https:\/\/cdn-endpoint-prev.azureedge.net\/healthy-heart\/2019\/07\/iStock-639627574-350x233.jpg\" alt=\"\" width=\"350\" height=\"233\" srcset=\"https:\/\/www.healthy-heart.org\/wp-content\/uploads\/2019\/07\/iStock-639627574-350x233.jpg 350w, https:\/\/cdn-endpoint-prev.azureedge.net\/healthy-heart\/2019\/07\/iStock-639627574-2048x1365.jpg 2048w, https:\/\/cdn-endpoint-prev.azureedge.net\/healthy-heart\/2019\/07\/iStock-639627574-659x439.jpg 659w, https:\/\/www.healthy-heart.org\/wp-content\/uploads\/2019\/07\/iStock-639627574-200x133.jpg 200w, https:\/\/www.healthy-heart.org\/wp-content\/uploads\/2019\/07\/iStock-639627574-768x512.jpg 768w, https:\/\/www.healthy-heart.org\/wp-content\/uploads\/2019\/07\/iStock-639627574-1024x683.jpg 1024w, https:\/\/www.healthy-heart.org\/wp-content\/uploads\/2019\/07\/iStock-639627574-1536x1024.jpg 1536w, https:\/\/www.healthy-heart.org\/wp-content\/uploads\/2019\/07\/iStock-639627574-696x464.jpg 696w\" sizes=\"auto, (max-width: 350px) 100vw, 350px\" \/>Dieses Risiko h\u00e4ngt von verschiedenen Faktoren ab. <a href=\"https:\/\/www.healthy-heart.org\/living-with-heart-disease\/risk-factors-for-a-second-heart-attack\/\">Sehen Sie dazu \u201eRisikofaktoren f\u00fcr einen zweiten Herzinfarkt\u201c<\/a>. Das bedeutet, dass die Wahrscheinlichkeit eines zweiten Herzinfarkts in den n\u00e4chsten zehn Jahren von 10\u00a0% oder \u201e1 von 10\u201c bis zu mehr als 50\u00a0% oder \u201e1 von 2\u201c reichen kann.<\/p>\n<p>Sie k\u00f6nnen sich das als zwei Gruppen mit je 100 Menschen vorstellen, die einen Herzinfarkt erlitten haben. In einer Gruppe erleiden innerhalb der n\u00e4chsten zehn Jahren zehn von ihnen einen zweiten Herzinfarkt. Doch in der zweiten Gruppe haben 50 von dieser Gruppe einen zweiten Herzinfarkt. Wenn Sie herausfinden k\u00f6nnten, zu welcher dieser beiden Gruppen Sie eher zugeh\u00f6ren, w\u00fcrde es helfen, mit Ihrem Arzt zu besprechen, ob Ihre Behandlung intensiver ausfallen sollte.<\/p>\n<p><a href=\"https:\/\/www.escardio.org\/Education\/ESC-Prevention-of-CVD-Programme\/Risk-assessment\/SMART-Risk-Score\">Der SMART-Risikokalkulator<\/a> kombiniert diese wichtigen Risikofaktoren und sch\u00e4tzt Ihr Risiko f\u00fcr einen zweiten Herzinfarkt oder eine damit zusammenh\u00e4ngende Beschwerden f\u00fcr die n\u00e4chsten zehn Jahre. Er ist f\u00fcr Personen konzipiert, die einen fr\u00fcheren Herzinfarkt hatten (oder damit zusammenh\u00e4ngende Erkrankungen wie Angina pectoris, Schlaganfall, eine \u201etransitorische isch\u00e4mische Attacke\u201c, Aneurysma, Probleme mit Blutgef\u00e4\u00dfen in den Beinen oder eine Kombination davon). Die Anwendung ist einfach und die Faktoren lassen sich einfach messen. Es ist wichtig, dass Sie die genaueste Bewertung erhalten, indem Sie alle Felder f\u00fcr den Kalkulator eintragen, und Sie m\u00fcssen m\u00f6glicherweise Ihren Arzt bitten, die erforderlichen Informationen bereitzustellen. Wenn Sie jedoch nicht alle Informationen zur Hand haben, dann k\u00f6nnen Sie stattdessen die \u201edurchschnittliche\u201c Bewertung verwenden, bis Ihnen alle Informationen zur Verf\u00fcgung stehen. Dazu k\u00f6nnen Bluttestergebnisse geh\u00f6ren, wie das hochempfindliche C-reaktive Protein (hsCRP) oder Cholesterinwerte, wie das High-Density-Lipoprotein (HDL). Es ist immer wichtig, die besten Behandlungsm\u00f6glichkeiten mit Ihrem Arzt durchzusprechen.<\/p>\n","protected":false},"excerpt":{"rendered":"<p>Dieses Risiko h\u00e4ngt von verschiedenen Faktoren ab. Sehen Sie dazu \u201eRisikofaktoren f\u00fcr einen zweiten Herzinfarkt\u201c. Das bedeutet, dass die Wahrscheinlichkeit eines zweiten Herzinfarkts in den n\u00e4chsten zehn Jahren von 10\u00a0% oder \u201e1 von 10\u201c bis zu mehr als 50\u00a0% oder \u201e1 von 2\u201c reichen kann. Sie k\u00f6nnen sich das als zwei Gruppen mit je 100 [&hellip;]<\/p>\n","protected":false},"author":1,"featured_media":612,"parent":2127,"menu_order":11,"comment_status":"closed","ping_status":"closed","template":"","meta":{"_acf_changed":false,"footnotes":""},"categories":[70],"tags":[],"class_list":["post-2187","page","type-page","status-publish","has-post-thumbnail","hentry","category-das-leben-mit-einer-herzerkrankung"],"acf":[],"yoast_head":"<!-- This site is optimized with the Yoast SEO plugin v24.0 - https:\/\/yoast.com\/wordpress\/plugins\/seo\/ -->\n<title>Restrisiko nach einem Herzinfarkt - Healthy-Heart.org<\/title>\n<meta name=\"description\" content=\"Der SMART-Risikokalkulator sch\u00e4tzt Ihr Risiko f\u00fcr einen zweiten Herzinfarkt oder eine damit zusammenh\u00e4ngende Beschwerde in den n\u00e4chsten zehn Jahren.\" \/>\n<meta name=\"robots\" content=\"index, follow, max-snippet:-1, max-image-preview:large, max-video-preview:-1\" \/>\n<link rel=\"canonical\" href=\"https:\/\/www.healthy-heart.org\/de\/das-leben-mit-einer-herzerkrankung\/schatzung-des-restrisikos-nach-einem-herzinfarkt\/\" \/>\n<meta property=\"og:locale\" content=\"de_DE\" \/>\n<meta property=\"og:type\" content=\"article\" \/>\n<meta property=\"og:title\" content=\"Restrisiko nach einem Herzinfarkt - Healthy-Heart.org\" \/>\n<meta property=\"og:description\" content=\"Der SMART-Risikokalkulator sch\u00e4tzt Ihr Risiko f\u00fcr einen zweiten Herzinfarkt oder eine damit zusammenh\u00e4ngende Beschwerde in den n\u00e4chsten zehn Jahren.\" \/>\n<meta property=\"og:url\" content=\"https:\/\/www.healthy-heart.org\/de\/das-leben-mit-einer-herzerkrankung\/schatzung-des-restrisikos-nach-einem-herzinfarkt\/\" \/>\n<meta property=\"og:site_name\" content=\"Healthy-Heart.org\" \/>\n<meta property=\"article:modified_time\" content=\"2020-01-27T15:07:38+00:00\" \/>\n<meta property=\"og:image\" content=\"https:\/\/www.healthy-heart.org\/wp-content\/uploads\/2019\/07\/iStock-639627574-1024x683.jpg\" \/>\n\t<meta property=\"og:image:width\" content=\"1024\" \/>\n\t<meta property=\"og:image:height\" content=\"683\" \/>\n\t<meta property=\"og:image:type\" content=\"image\/jpeg\" \/>\n<meta name=\"twitter:card\" content=\"summary_large_image\" \/>\n<meta name=\"twitter:label1\" content=\"Gesch\u00e4tzte Lesezeit\" \/>\n\t<meta name=\"twitter:data1\" content=\"1\u00a0Minute\" \/>\n<script type=\"application\/ld+json\" class=\"yoast-schema-graph\">{\"@context\":\"https:\/\/schema.org\",\"@graph\":[{\"@type\":\"WebPage\",\"@id\":\"https:\/\/www.healthy-heart.org\/de\/das-leben-mit-einer-herzerkrankung\/schatzung-des-restrisikos-nach-einem-herzinfarkt\/\",\"url\":\"https:\/\/www.healthy-heart.org\/de\/das-leben-mit-einer-herzerkrankung\/schatzung-des-restrisikos-nach-einem-herzinfarkt\/\",\"name\":\"Restrisiko nach einem Herzinfarkt - Healthy-Heart.org\",\"isPartOf\":{\"@id\":\"https:\/\/www.healthy-heart.org\/es\/#website\"},\"primaryImageOfPage\":{\"@id\":\"https:\/\/www.healthy-heart.org\/de\/das-leben-mit-einer-herzerkrankung\/schatzung-des-restrisikos-nach-einem-herzinfarkt\/#primaryimage\"},\"image\":{\"@id\":\"https:\/\/www.healthy-heart.org\/de\/das-leben-mit-einer-herzerkrankung\/schatzung-des-restrisikos-nach-einem-herzinfarkt\/#primaryimage\"},\"thumbnailUrl\":\"https:\/\/www.healthy-heart.org\/wp-content\/uploads\/2019\/07\/iStock-639627574.jpg\",\"datePublished\":\"2019-10-08T09:28:49+00:00\",\"dateModified\":\"2020-01-27T15:07:38+00:00\",\"description\":\"Der SMART-Risikokalkulator sch\u00e4tzt Ihr Risiko f\u00fcr einen zweiten Herzinfarkt oder eine damit zusammenh\u00e4ngende Beschwerde in den n\u00e4chsten zehn Jahren.\",\"breadcrumb\":{\"@id\":\"https:\/\/www.healthy-heart.org\/de\/das-leben-mit-einer-herzerkrankung\/schatzung-des-restrisikos-nach-einem-herzinfarkt\/#breadcrumb\"},\"inLanguage\":\"de\",\"potentialAction\":[{\"@type\":\"ReadAction\",\"target\":[\"https:\/\/www.healthy-heart.org\/de\/das-leben-mit-einer-herzerkrankung\/schatzung-des-restrisikos-nach-einem-herzinfarkt\/\"]}]},{\"@type\":\"ImageObject\",\"inLanguage\":\"de\",\"@id\":\"https:\/\/www.healthy-heart.org\/de\/das-leben-mit-einer-herzerkrankung\/schatzung-des-restrisikos-nach-einem-herzinfarkt\/#primaryimage\",\"url\":\"https:\/\/www.healthy-heart.org\/wp-content\/uploads\/2019\/07\/iStock-639627574.jpg\",\"contentUrl\":\"https:\/\/www.healthy-heart.org\/wp-content\/uploads\/2019\/07\/iStock-639627574.jpg\",\"width\":5336,\"height\":3557,\"caption\":\"A doctor is talking to a patient about her condition at her appointment.\"},{\"@type\":\"BreadcrumbList\",\"@id\":\"https:\/\/www.healthy-heart.org\/de\/das-leben-mit-einer-herzerkrankung\/schatzung-des-restrisikos-nach-einem-herzinfarkt\/#breadcrumb\",\"itemListElement\":[{\"@type\":\"ListItem\",\"position\":1,\"name\":\"Home\",\"item\":\"https:\/\/www.healthy-heart.org\/de\/\"},{\"@type\":\"ListItem\",\"position\":2,\"name\":\"Das Leben mit einer Herzerkrankung\",\"item\":\"https:\/\/www.healthy-heart.org\/de\/das-leben-mit-einer-herzerkrankung\/\"},{\"@type\":\"ListItem\",\"position\":3,\"name\":\"Sch\u00e4tzung des Restrisikos nach einem Herzinfarkt\"}]},{\"@type\":\"WebSite\",\"@id\":\"https:\/\/www.healthy-heart.org\/es\/#website\",\"url\":\"https:\/\/www.healthy-heart.org\/es\/\",\"name\":\"Healthy-Heart.org\",\"description\":\"Practical advice for patients and family care givers on the prevention of cardiovascular disease\",\"potentialAction\":[{\"@type\":\"SearchAction\",\"target\":{\"@type\":\"EntryPoint\",\"urlTemplate\":\"https:\/\/www.healthy-heart.org\/es\/?s={search_term_string}\"},\"query-input\":{\"@type\":\"PropertyValueSpecification\",\"valueRequired\":true,\"valueName\":\"search_term_string\"}}],\"inLanguage\":\"de\"}]}<\/script>\n<!-- \/ Yoast SEO plugin. -->","yoast_head_json":{"title":"Restrisiko nach einem Herzinfarkt - Healthy-Heart.org","description":"Der SMART-Risikokalkulator sch\u00e4tzt Ihr Risiko f\u00fcr einen zweiten Herzinfarkt oder eine damit zusammenh\u00e4ngende Beschwerde in den n\u00e4chsten zehn Jahren.","robots":{"index":"index","follow":"follow","max-snippet":"max-snippet:-1","max-image-preview":"max-image-preview:large","max-video-preview":"max-video-preview:-1"},"canonical":"https:\/\/www.healthy-heart.org\/de\/das-leben-mit-einer-herzerkrankung\/schatzung-des-restrisikos-nach-einem-herzinfarkt\/","og_locale":"de_DE","og_type":"article","og_title":"Restrisiko nach einem Herzinfarkt - Healthy-Heart.org","og_description":"Der SMART-Risikokalkulator sch\u00e4tzt Ihr Risiko f\u00fcr einen zweiten Herzinfarkt oder eine damit zusammenh\u00e4ngende Beschwerde in den n\u00e4chsten zehn Jahren.","og_url":"https:\/\/www.healthy-heart.org\/de\/das-leben-mit-einer-herzerkrankung\/schatzung-des-restrisikos-nach-einem-herzinfarkt\/","og_site_name":"Healthy-Heart.org","article_modified_time":"2020-01-27T15:07:38+00:00","og_image":[{"width":1024,"height":683,"url":"https:\/\/www.healthy-heart.org\/wp-content\/uploads\/2019\/07\/iStock-639627574-1024x683.jpg","type":"image\/jpeg"}],"twitter_card":"summary_large_image","twitter_misc":{"Gesch\u00e4tzte Lesezeit":"1\u00a0Minute"},"schema":{"@context":"https:\/\/schema.org","@graph":[{"@type":"WebPage","@id":"https:\/\/www.healthy-heart.org\/de\/das-leben-mit-einer-herzerkrankung\/schatzung-des-restrisikos-nach-einem-herzinfarkt\/","url":"https:\/\/www.healthy-heart.org\/de\/das-leben-mit-einer-herzerkrankung\/schatzung-des-restrisikos-nach-einem-herzinfarkt\/","name":"Restrisiko nach einem Herzinfarkt - Healthy-Heart.org","isPartOf":{"@id":"https:\/\/www.healthy-heart.org\/es\/#website"},"primaryImageOfPage":{"@id":"https:\/\/www.healthy-heart.org\/de\/das-leben-mit-einer-herzerkrankung\/schatzung-des-restrisikos-nach-einem-herzinfarkt\/#primaryimage"},"image":{"@id":"https:\/\/www.healthy-heart.org\/de\/das-leben-mit-einer-herzerkrankung\/schatzung-des-restrisikos-nach-einem-herzinfarkt\/#primaryimage"},"thumbnailUrl":"https:\/\/www.healthy-heart.org\/wp-content\/uploads\/2019\/07\/iStock-639627574.jpg","datePublished":"2019-10-08T09:28:49+00:00","dateModified":"2020-01-27T15:07:38+00:00","description":"Der SMART-Risikokalkulator sch\u00e4tzt Ihr Risiko f\u00fcr einen zweiten Herzinfarkt oder eine damit zusammenh\u00e4ngende Beschwerde in den n\u00e4chsten zehn Jahren.","breadcrumb":{"@id":"https:\/\/www.healthy-heart.org\/de\/das-leben-mit-einer-herzerkrankung\/schatzung-des-restrisikos-nach-einem-herzinfarkt\/#breadcrumb"},"inLanguage":"de","potentialAction":[{"@type":"ReadAction","target":["https:\/\/www.healthy-heart.org\/de\/das-leben-mit-einer-herzerkrankung\/schatzung-des-restrisikos-nach-einem-herzinfarkt\/"]}]},{"@type":"ImageObject","inLanguage":"de","@id":"https:\/\/www.healthy-heart.org\/de\/das-leben-mit-einer-herzerkrankung\/schatzung-des-restrisikos-nach-einem-herzinfarkt\/#primaryimage","url":"https:\/\/www.healthy-heart.org\/wp-content\/uploads\/2019\/07\/iStock-639627574.jpg","contentUrl":"https:\/\/www.healthy-heart.org\/wp-content\/uploads\/2019\/07\/iStock-639627574.jpg","width":5336,"height":3557,"caption":"A doctor is talking to a patient about her condition at her appointment."},{"@type":"BreadcrumbList","@id":"https:\/\/www.healthy-heart.org\/de\/das-leben-mit-einer-herzerkrankung\/schatzung-des-restrisikos-nach-einem-herzinfarkt\/#breadcrumb","itemListElement":[{"@type":"ListItem","position":1,"name":"Home","item":"https:\/\/www.healthy-heart.org\/de\/"},{"@type":"ListItem","position":2,"name":"Das Leben mit einer Herzerkrankung","item":"https:\/\/www.healthy-heart.org\/de\/das-leben-mit-einer-herzerkrankung\/"},{"@type":"ListItem","position":3,"name":"Sch\u00e4tzung des Restrisikos nach einem Herzinfarkt"}]},{"@type":"WebSite","@id":"https:\/\/www.healthy-heart.org\/es\/#website","url":"https:\/\/www.healthy-heart.org\/es\/","name":"Healthy-Heart.org","description":"Practical advice for patients and family care givers on the prevention of cardiovascular disease","potentialAction":[{"@type":"SearchAction","target":{"@type":"EntryPoint","urlTemplate":"https:\/\/www.healthy-heart.org\/es\/?s={search_term_string}"},"query-input":{"@type":"PropertyValueSpecification","valueRequired":true,"valueName":"search_term_string"}}],"inLanguage":"de"}]}},"_links":{"self":[{"href":"https:\/\/www.healthy-heart.org\/de\/wp-json\/wp\/v2\/pages\/2187","targetHints":{"allow":["GET"]}}],"collection":[{"href":"https:\/\/www.healthy-heart.org\/de\/wp-json\/wp\/v2\/pages"}],"about":[{"href":"https:\/\/www.healthy-heart.org\/de\/wp-json\/wp\/v2\/types\/page"}],"author":[{"embeddable":true,"href":"https:\/\/www.healthy-heart.org\/de\/wp-json\/wp\/v2\/users\/1"}],"replies":[{"embeddable":true,"href":"https:\/\/www.healthy-heart.org\/de\/wp-json\/wp\/v2\/comments?post=2187"}],"version-history":[{"count":1,"href":"https:\/\/www.healthy-heart.org\/de\/wp-json\/wp\/v2\/pages\/2187\/revisions"}],"predecessor-version":[{"id":4007,"href":"https:\/\/www.healthy-heart.org\/de\/wp-json\/wp\/v2\/pages\/2187\/revisions\/4007"}],"up":[{"embeddable":true,"href":"https:\/\/www.healthy-heart.org\/de\/wp-json\/wp\/v2\/pages\/2127"}],"wp:featuredmedia":[{"embeddable":true,"href":"https:\/\/www.healthy-heart.org\/de\/wp-json\/wp\/v2\/media\/612"}],"wp:attachment":[{"href":"https:\/\/www.healthy-heart.org\/de\/wp-json\/wp\/v2\/media?parent=2187"}],"wp:term":[{"taxonomy":"category","embeddable":true,"href":"https:\/\/www.healthy-heart.org\/de\/wp-json\/wp\/v2\/categories?post=2187"},{"taxonomy":"post_tag","embeddable":true,"href":"https:\/\/www.healthy-heart.org\/de\/wp-json\/wp\/v2\/tags?post=2187"}],"curies":[{"name":"wp","href":"https:\/\/api.w.org\/{rel}","templated":true}]}}