{"id":2186,"date":"2019-10-08T10:28:49","date_gmt":"2019-10-08T09:28:49","guid":{"rendered":"https:\/\/www.healthy-heart.org\/das-leben-mit-einer-herzerkrankung\/sex-und-herzkrankheit\/"},"modified":"2021-01-26T12:42:41","modified_gmt":"2021-01-26T12:42:41","slug":"sex-und-herzkrankheit","status":"publish","type":"page","link":"https:\/\/www.healthy-heart.org\/de\/das-leben-mit-einer-herzerkrankung\/sex-und-herzkrankheit\/","title":{"rendered":"Sex und Herzkrankheit"},"content":{"rendered":"<p><img loading=\"lazy\" decoding=\"async\" class=\"alignright size-medium wp-image-586\" src=\"https:\/\/cdn-endpoint-prev.azureedge.net\/healthy-heart\/2019\/07\/iStock-874866632-350x233.jpg\" alt=\"\" width=\"350\" height=\"233\" srcset=\"https:\/\/www.healthy-heart.org\/wp-content\/uploads\/2019\/07\/iStock-874866632-350x233.jpg 350w, https:\/\/cdn-endpoint-prev.azureedge.net\/healthy-heart\/2019\/07\/iStock-874866632-2048x1365.jpg 2048w, https:\/\/cdn-endpoint-prev.azureedge.net\/healthy-heart\/2019\/07\/iStock-874866632-659x439.jpg 659w, https:\/\/www.healthy-heart.org\/wp-content\/uploads\/2019\/07\/iStock-874866632-200x133.jpg 200w, https:\/\/www.healthy-heart.org\/wp-content\/uploads\/2019\/07\/iStock-874866632-768x512.jpg 768w, https:\/\/www.healthy-heart.org\/wp-content\/uploads\/2019\/07\/iStock-874866632-1024x683.jpg 1024w, https:\/\/www.healthy-heart.org\/wp-content\/uploads\/2019\/07\/iStock-874866632-1536x1024.jpg 1536w, https:\/\/www.healthy-heart.org\/wp-content\/uploads\/2019\/07\/iStock-874866632-696x464.jpg 696w\" sizes=\"auto, (max-width: 350px) 100vw, 350px\" \/><a href=\"https:\/\/www.healthy-heart.org\/de\/ihr-herz\/was-ist-eine-herzerkrankung\/\">Herzerkrankungen<\/a> sind in der Regel ein wesentliches Ereignis f\u00fcr Sie und Ihren Partner. Manche Menschen sp\u00fcren Ver\u00e4nderungen in Bezug auf ihre Sexualit\u00e4t oder Vertrautheit. Manchmal finden Paare es schwierig, \u00fcber Intimit\u00e4t und Sexualit\u00e4t zu sprechen. Ihr Arzt oder das medizinische Fachpersonal kann Ihnen <a href=\"https:\/\/www.healthy-heart.org\/de\/das-leben-mit-einer-herzerkrankung\/was-sollte-ich-meinen-kardiologen-fragen\/\">Fragen beantworten<\/a> und etwaige Probleme mit Ihnen besprechen.<\/p>\n<p>Viele Menschen fragen sich, ob sie noch Sex haben k\u00f6nnen und ob das Herz die erh\u00f6hte Anstrengung, die die sexuelle Erregung mit sich bringt, bew\u00e4ltigen kann. Sexuelle Aktivit\u00e4t f\u00fchrt zu einem leichten Anstieg von Herzfrequenz und <a href=\"https:\/\/www.healthy-heart.org\/de\/halten-sie-ihr-herz-gesund\/blutdruck\/\">Blutdruck<\/a>. Doch in der Regel ist davon auszugehen, dass eine Woche nach einem unkomplizierten Myokardinfarkt oder nach einem unkomplizierten Eingriff am Herzen wie ein Stenteinsatz oder acht Wochen nach einer Herzoperation ein sicheres Sexualleben wieder m\u00f6glich ist. <a href=\"https:\/\/www.healthy-heart.org\/de\/das-leben-mit-einer-herzerkrankung\/verbessern-sie-die-gesundheit-ihres-herzens\/\">Herzrehabilitation<\/a> und regelm\u00e4\u00dfige <a href=\"https:\/\/www.healthy-heart.org\/de\/halten-sie-ihr-herz-gesund\/korperliche-aktivitat\/\">k\u00f6rperliche Aktivit\u00e4t<\/a> k\u00f6nnen das Risiko von Komplikationen im Zusammenhang mit sexueller Aktivit\u00e4t reduzieren.<\/p>\n<p>Die Faustregel lautet, dass Sie sicher Sex haben k\u00f6nnen, wenn Sie zwei Treppen hinaufsteigen oder einen z\u00fcgigen Spaziergang ohne Symptome (z. B. Brustschmerzen oder Kurzatmigkeit) machen k\u00f6nnen. Es ist wichtig, dass Sie Ihr eigenes Tempo f\u00fcr Ihre Genesung einhalten und bei etwaigen Symptomen mit Ihrem Arzt sprechen. Einige Menschen verwenden Nitroglycerin, um Symptome zu verhindern oder zu behandeln.<\/p>\n<p>Es gibt Medikamente, die helfen, die sexuelle Leistungsf\u00e4higkeit zu verbessern, wie Sildenafil, Vardenafil und Tadalafil. Die Einnahme eines dieser Medikamente w\u00e4hrend der Anwendung von Nitraten ist aufgrund des Risikos eines viel zu niedrigen Blutdrucks absolut kontraindiziert. Daher ist es ratsam, sich an Ihren Arzt zu wenden, bevor Sie eines dieser Medikamente oder pflanzlichen Heilmittel anwenden.<\/p>\n<p>Einige <a href=\"https:\/\/www.healthy-heart.org\/living-with-heart-disease\/types-of-medication\/\">Medikamente<\/a> (Betablocker), Antidepressiva und Schlaftabletten, die f\u00fcr Herzerkrankungen verschrieben werden, k\u00f6nnen Probleme mit der Erektion (und der Libido) bei M\u00e4nnern und Scheidentrockenheit (vaginale Trockenheit) bei Frauen verursachen, wodurch die Sexualit\u00e4t leiden kann. Wenn Sie vermuten, dass Ihre Medikamente Ihnen Probleme in Ihrem Sexualleben bereiten, lassen Sie sich von Ihrem Arzt beraten, um m\u00f6glicherweise Medikamente auf andere Marken oder Klassen umzustellen. Beenden Sie die Einnahme des Medikamentes nicht ohne die Zustimmung Ihres Arztes. Wenn Sie an sexueller Dysfunktion leiden, wenden Sie sich an Ihren Arzt oder das medizinische Fachpersonal, um zu sehen, ob dies mit Ihrer Herzerkrankung oder Emotionen wie Angst, Depression oder anderen Faktoren zusammenh\u00e4ngen k\u00f6nnte.<\/p>\n","protected":false},"excerpt":{"rendered":"<p>Herzerkrankungen sind in der Regel ein wesentliches Ereignis f\u00fcr Sie und Ihren Partner. Manche Menschen sp\u00fcren Ver\u00e4nderungen in Bezug auf ihre Sexualit\u00e4t oder Vertrautheit. Manchmal finden Paare es schwierig, \u00fcber Intimit\u00e4t und Sexualit\u00e4t zu sprechen. Ihr Arzt oder das medizinische Fachpersonal kann Ihnen Fragen beantworten und etwaige Probleme mit Ihnen besprechen. Viele Menschen fragen sich, [&hellip;]<\/p>\n","protected":false},"author":1,"featured_media":589,"parent":2127,"menu_order":9,"comment_status":"closed","ping_status":"closed","template":"","meta":{"_acf_changed":false,"footnotes":""},"categories":[70],"tags":[],"class_list":["post-2186","page","type-page","status-publish","has-post-thumbnail","hentry","category-das-leben-mit-einer-herzerkrankung"],"acf":[],"yoast_head":"<!-- This site is optimized with the Yoast SEO plugin v24.0 - https:\/\/yoast.com\/wordpress\/plugins\/seo\/ -->\n<title>Sex und Herzkrankheit - Healthy-Heart.org<\/title>\n<meta name=\"description\" content=\"Generell ist die Wiederaufnahme des Geschlechtsverkehrs nach einem unkomplizierten Myokardinfarkt oder nach einem unkomplizierten Herzeingriff wie z.B. ein Stenteinsatz sicher.\" \/>\n<meta name=\"robots\" content=\"index, follow, max-snippet:-1, max-image-preview:large, max-video-preview:-1\" \/>\n<link rel=\"canonical\" href=\"https:\/\/www.healthy-heart.org\/de\/das-leben-mit-einer-herzerkrankung\/sex-und-herzkrankheit\/\" \/>\n<meta property=\"og:locale\" content=\"de_DE\" \/>\n<meta property=\"og:type\" content=\"article\" \/>\n<meta property=\"og:title\" content=\"Sex und Herzkrankheit - Healthy-Heart.org\" \/>\n<meta property=\"og:description\" content=\"Generell ist die Wiederaufnahme des Geschlechtsverkehrs nach einem unkomplizierten Myokardinfarkt oder nach einem unkomplizierten Herzeingriff wie z.B. ein Stenteinsatz sicher.\" \/>\n<meta property=\"og:url\" content=\"https:\/\/www.healthy-heart.org\/de\/das-leben-mit-einer-herzerkrankung\/sex-und-herzkrankheit\/\" \/>\n<meta property=\"og:site_name\" content=\"Healthy-Heart.org\" \/>\n<meta property=\"article:modified_time\" content=\"2021-01-26T12:42:41+00:00\" \/>\n<meta property=\"og:image\" content=\"https:\/\/www.healthy-heart.org\/wp-content\/uploads\/2019\/07\/iStock-874866632-1024x683.jpg\" \/>\n\t<meta property=\"og:image:width\" content=\"1024\" \/>\n\t<meta property=\"og:image:height\" content=\"683\" \/>\n\t<meta property=\"og:image:type\" content=\"image\/jpeg\" \/>\n<meta name=\"twitter:card\" content=\"summary_large_image\" \/>\n<meta name=\"twitter:label1\" content=\"Gesch\u00e4tzte Lesezeit\" \/>\n\t<meta name=\"twitter:data1\" content=\"2\u00a0Minuten\" \/>\n<script type=\"application\/ld+json\" class=\"yoast-schema-graph\">{\"@context\":\"https:\/\/schema.org\",\"@graph\":[{\"@type\":\"WebPage\",\"@id\":\"https:\/\/www.healthy-heart.org\/de\/das-leben-mit-einer-herzerkrankung\/sex-und-herzkrankheit\/\",\"url\":\"https:\/\/www.healthy-heart.org\/de\/das-leben-mit-einer-herzerkrankung\/sex-und-herzkrankheit\/\",\"name\":\"Sex und Herzkrankheit - Healthy-Heart.org\",\"isPartOf\":{\"@id\":\"https:\/\/www.healthy-heart.org\/es\/#website\"},\"primaryImageOfPage\":{\"@id\":\"https:\/\/www.healthy-heart.org\/de\/das-leben-mit-einer-herzerkrankung\/sex-und-herzkrankheit\/#primaryimage\"},\"image\":{\"@id\":\"https:\/\/www.healthy-heart.org\/de\/das-leben-mit-einer-herzerkrankung\/sex-und-herzkrankheit\/#primaryimage\"},\"thumbnailUrl\":\"https:\/\/www.healthy-heart.org\/wp-content\/uploads\/2019\/07\/iStock-874866632.jpg\",\"datePublished\":\"2019-10-08T09:28:49+00:00\",\"dateModified\":\"2021-01-26T12:42:41+00:00\",\"description\":\"Generell ist die Wiederaufnahme des Geschlechtsverkehrs nach einem unkomplizierten Myokardinfarkt oder nach einem unkomplizierten Herzeingriff wie z.B. ein Stenteinsatz sicher.\",\"breadcrumb\":{\"@id\":\"https:\/\/www.healthy-heart.org\/de\/das-leben-mit-einer-herzerkrankung\/sex-und-herzkrankheit\/#breadcrumb\"},\"inLanguage\":\"de\",\"potentialAction\":[{\"@type\":\"ReadAction\",\"target\":[\"https:\/\/www.healthy-heart.org\/de\/das-leben-mit-einer-herzerkrankung\/sex-und-herzkrankheit\/\"]}]},{\"@type\":\"ImageObject\",\"inLanguage\":\"de\",\"@id\":\"https:\/\/www.healthy-heart.org\/de\/das-leben-mit-einer-herzerkrankung\/sex-und-herzkrankheit\/#primaryimage\",\"url\":\"https:\/\/www.healthy-heart.org\/wp-content\/uploads\/2019\/07\/iStock-874866632.jpg\",\"contentUrl\":\"https:\/\/www.healthy-heart.org\/wp-content\/uploads\/2019\/07\/iStock-874866632.jpg\",\"width\":6720,\"height\":4480,\"caption\":\"Shot of a mature couple talking on the sofa at home\"},{\"@type\":\"BreadcrumbList\",\"@id\":\"https:\/\/www.healthy-heart.org\/de\/das-leben-mit-einer-herzerkrankung\/sex-und-herzkrankheit\/#breadcrumb\",\"itemListElement\":[{\"@type\":\"ListItem\",\"position\":1,\"name\":\"Home\",\"item\":\"https:\/\/www.healthy-heart.org\/de\/\"},{\"@type\":\"ListItem\",\"position\":2,\"name\":\"Das Leben mit einer Herzerkrankung\",\"item\":\"https:\/\/www.healthy-heart.org\/de\/das-leben-mit-einer-herzerkrankung\/\"},{\"@type\":\"ListItem\",\"position\":3,\"name\":\"Sex und Herzkrankheit\"}]},{\"@type\":\"WebSite\",\"@id\":\"https:\/\/www.healthy-heart.org\/es\/#website\",\"url\":\"https:\/\/www.healthy-heart.org\/es\/\",\"name\":\"Healthy-Heart.org\",\"description\":\"Practical advice for patients and family care givers on the prevention of cardiovascular disease\",\"potentialAction\":[{\"@type\":\"SearchAction\",\"target\":{\"@type\":\"EntryPoint\",\"urlTemplate\":\"https:\/\/www.healthy-heart.org\/es\/?s={search_term_string}\"},\"query-input\":{\"@type\":\"PropertyValueSpecification\",\"valueRequired\":true,\"valueName\":\"search_term_string\"}}],\"inLanguage\":\"de\"}]}<\/script>\n<!-- \/ Yoast SEO plugin. -->","yoast_head_json":{"title":"Sex und Herzkrankheit - Healthy-Heart.org","description":"Generell ist die Wiederaufnahme des Geschlechtsverkehrs nach einem unkomplizierten Myokardinfarkt oder nach einem unkomplizierten Herzeingriff wie z.B. ein Stenteinsatz sicher.","robots":{"index":"index","follow":"follow","max-snippet":"max-snippet:-1","max-image-preview":"max-image-preview:large","max-video-preview":"max-video-preview:-1"},"canonical":"https:\/\/www.healthy-heart.org\/de\/das-leben-mit-einer-herzerkrankung\/sex-und-herzkrankheit\/","og_locale":"de_DE","og_type":"article","og_title":"Sex und Herzkrankheit - Healthy-Heart.org","og_description":"Generell ist die Wiederaufnahme des Geschlechtsverkehrs nach einem unkomplizierten Myokardinfarkt oder nach einem unkomplizierten Herzeingriff wie z.B. ein Stenteinsatz sicher.","og_url":"https:\/\/www.healthy-heart.org\/de\/das-leben-mit-einer-herzerkrankung\/sex-und-herzkrankheit\/","og_site_name":"Healthy-Heart.org","article_modified_time":"2021-01-26T12:42:41+00:00","og_image":[{"width":1024,"height":683,"url":"https:\/\/www.healthy-heart.org\/wp-content\/uploads\/2019\/07\/iStock-874866632-1024x683.jpg","type":"image\/jpeg"}],"twitter_card":"summary_large_image","twitter_misc":{"Gesch\u00e4tzte Lesezeit":"2\u00a0Minuten"},"schema":{"@context":"https:\/\/schema.org","@graph":[{"@type":"WebPage","@id":"https:\/\/www.healthy-heart.org\/de\/das-leben-mit-einer-herzerkrankung\/sex-und-herzkrankheit\/","url":"https:\/\/www.healthy-heart.org\/de\/das-leben-mit-einer-herzerkrankung\/sex-und-herzkrankheit\/","name":"Sex und Herzkrankheit - Healthy-Heart.org","isPartOf":{"@id":"https:\/\/www.healthy-heart.org\/es\/#website"},"primaryImageOfPage":{"@id":"https:\/\/www.healthy-heart.org\/de\/das-leben-mit-einer-herzerkrankung\/sex-und-herzkrankheit\/#primaryimage"},"image":{"@id":"https:\/\/www.healthy-heart.org\/de\/das-leben-mit-einer-herzerkrankung\/sex-und-herzkrankheit\/#primaryimage"},"thumbnailUrl":"https:\/\/www.healthy-heart.org\/wp-content\/uploads\/2019\/07\/iStock-874866632.jpg","datePublished":"2019-10-08T09:28:49+00:00","dateModified":"2021-01-26T12:42:41+00:00","description":"Generell ist die Wiederaufnahme des Geschlechtsverkehrs nach einem unkomplizierten Myokardinfarkt oder nach einem unkomplizierten Herzeingriff wie z.B. ein Stenteinsatz sicher.","breadcrumb":{"@id":"https:\/\/www.healthy-heart.org\/de\/das-leben-mit-einer-herzerkrankung\/sex-und-herzkrankheit\/#breadcrumb"},"inLanguage":"de","potentialAction":[{"@type":"ReadAction","target":["https:\/\/www.healthy-heart.org\/de\/das-leben-mit-einer-herzerkrankung\/sex-und-herzkrankheit\/"]}]},{"@type":"ImageObject","inLanguage":"de","@id":"https:\/\/www.healthy-heart.org\/de\/das-leben-mit-einer-herzerkrankung\/sex-und-herzkrankheit\/#primaryimage","url":"https:\/\/www.healthy-heart.org\/wp-content\/uploads\/2019\/07\/iStock-874866632.jpg","contentUrl":"https:\/\/www.healthy-heart.org\/wp-content\/uploads\/2019\/07\/iStock-874866632.jpg","width":6720,"height":4480,"caption":"Shot of a mature couple talking on the sofa at home"},{"@type":"BreadcrumbList","@id":"https:\/\/www.healthy-heart.org\/de\/das-leben-mit-einer-herzerkrankung\/sex-und-herzkrankheit\/#breadcrumb","itemListElement":[{"@type":"ListItem","position":1,"name":"Home","item":"https:\/\/www.healthy-heart.org\/de\/"},{"@type":"ListItem","position":2,"name":"Das Leben mit einer Herzerkrankung","item":"https:\/\/www.healthy-heart.org\/de\/das-leben-mit-einer-herzerkrankung\/"},{"@type":"ListItem","position":3,"name":"Sex und Herzkrankheit"}]},{"@type":"WebSite","@id":"https:\/\/www.healthy-heart.org\/es\/#website","url":"https:\/\/www.healthy-heart.org\/es\/","name":"Healthy-Heart.org","description":"Practical advice for patients and family care givers on the prevention of cardiovascular disease","potentialAction":[{"@type":"SearchAction","target":{"@type":"EntryPoint","urlTemplate":"https:\/\/www.healthy-heart.org\/es\/?s={search_term_string}"},"query-input":{"@type":"PropertyValueSpecification","valueRequired":true,"valueName":"search_term_string"}}],"inLanguage":"de"}]}},"_links":{"self":[{"href":"https:\/\/www.healthy-heart.org\/de\/wp-json\/wp\/v2\/pages\/2186","targetHints":{"allow":["GET"]}}],"collection":[{"href":"https:\/\/www.healthy-heart.org\/de\/wp-json\/wp\/v2\/pages"}],"about":[{"href":"https:\/\/www.healthy-heart.org\/de\/wp-json\/wp\/v2\/types\/page"}],"author":[{"embeddable":true,"href":"https:\/\/www.healthy-heart.org\/de\/wp-json\/wp\/v2\/users\/1"}],"replies":[{"embeddable":true,"href":"https:\/\/www.healthy-heart.org\/de\/wp-json\/wp\/v2\/comments?post=2186"}],"version-history":[{"count":3,"href":"https:\/\/www.healthy-heart.org\/de\/wp-json\/wp\/v2\/pages\/2186\/revisions"}],"predecessor-version":[{"id":4989,"href":"https:\/\/www.healthy-heart.org\/de\/wp-json\/wp\/v2\/pages\/2186\/revisions\/4989"}],"up":[{"embeddable":true,"href":"https:\/\/www.healthy-heart.org\/de\/wp-json\/wp\/v2\/pages\/2127"}],"wp:featuredmedia":[{"embeddable":true,"href":"https:\/\/www.healthy-heart.org\/de\/wp-json\/wp\/v2\/media\/589"}],"wp:attachment":[{"href":"https:\/\/www.healthy-heart.org\/de\/wp-json\/wp\/v2\/media?parent=2186"}],"wp:term":[{"taxonomy":"category","embeddable":true,"href":"https:\/\/www.healthy-heart.org\/de\/wp-json\/wp\/v2\/categories?post=2186"},{"taxonomy":"post_tag","embeddable":true,"href":"https:\/\/www.healthy-heart.org\/de\/wp-json\/wp\/v2\/tags?post=2186"}],"curies":[{"name":"wp","href":"https:\/\/api.w.org\/{rel}","templated":true}]}}