{"id":2184,"date":"2019-10-08T10:28:48","date_gmt":"2019-10-08T09:28:48","guid":{"rendered":"https:\/\/www.healthy-heart.org\/das-leben-mit-einer-herzerkrankung\/reisen-nach-einem-herzinfarkt\/"},"modified":"2024-12-10T12:36:22","modified_gmt":"2024-12-10T12:36:22","slug":"reisen-nach-einem-herzinfarkt","status":"publish","type":"page","link":"https:\/\/www.healthy-heart.org\/de\/das-leben-mit-einer-herzerkrankung\/reisen-nach-einem-herzinfarkt\/","title":{"rendered":"Reisen nach einem Herzinfarkt"},"content":{"rendered":"<p><img loading=\"lazy\" decoding=\"async\" class=\"size-medium wp-image-3193 alignright\" src=\"https:\/\/cdn-endpoint-prev.azureedge.net\/healthy-heart\/2019\/10\/Travel-1-350x227.jpg\" alt=\"\" width=\"350\" height=\"227\" srcset=\"https:\/\/cdn-endpoint-prev.azureedge.net\/healthy-heart\/2019\/10\/Travel-1-350x227.jpg 350w, https:\/\/cdn-endpoint-prev.azureedge.net\/healthy-heart\/2019\/10\/Travel-1-1024x665.jpg 1024w, https:\/\/cdn-endpoint-prev.azureedge.net\/healthy-heart\/2019\/10\/Travel-1-676x439.jpg 676w, https:\/\/www.healthy-heart.org\/wp-content\/uploads\/2019\/10\/Travel-1-200x130.jpg 200w, https:\/\/www.healthy-heart.org\/wp-content\/uploads\/2019\/10\/Travel-1-768x499.jpg 768w, https:\/\/www.healthy-heart.org\/wp-content\/uploads\/2019\/10\/Travel-1-1536x998.jpg 1536w, https:\/\/www.healthy-heart.org\/wp-content\/uploads\/2019\/10\/Travel-1-2048x1331.jpg 2048w, https:\/\/www.healthy-heart.org\/wp-content\/uploads\/2019\/10\/Travel-1-700x455.jpg 700w\" sizes=\"auto, (max-width: 350px) 100vw, 350px\" \/><\/p>\n<p>Sie k\u00f6nnen kurz nach Ihrer Entlassung aus dem Krankenhaus als Passagier mit dem Auto oder der Bahn reisen. Wenn Sie mit dem Auto reisen, sollten Sie nicht selbst fahren und bei langen Fahrten h\u00e4ufig Pausen einlegen. Da die gesetzlichen Bestimmungen von Land zu Land unterschiedlich sein k\u00f6nnen, sollten Sie sich vor Reiseantritt immer \u00fcber die \u00f6rtlichen Gesetze in Bezug auf das Fahren und den Gesundheitszustand informieren.<\/p>\n<p>Wenn es ums Fliegen geht, h\u00e4ngt die Flugtauglichkeit von den individuellen Umst\u00e4nden ab. Sie sollten Ihren Arzt konsultieren, um festzustellen, wann Sie wieder sicher fliegen k\u00f6nnen. Diese Entscheidung h\u00e4ngt von Faktoren wie der Schwere Ihres Herzinfarkts, der L\u00e4nge des Fluges und davon ab, ob Sie allein oder mit jemandem reisen. Im Allgemeinen stellt das Fliegen nach einem unkomplizierten Herzinfarkt ein geringes Risiko dar, und viele Patienten d\u00fcrfen bereits drei Tage nach der Entlassung wieder fliegen. Personen, bei denen es w\u00e4hrend des Herzinfarkts zu Komplikationen kam, wird empfohlen, das Fliegen zu verschieben, bis sich ihr Zustand stabilisiert hat. Wenn Sie innerhalb von zwei Wochen nach dem Herzinfarkt reisen m\u00fcssen, empfiehlt Ihr Arzt Ihnen m\u00f6glicherweise, aufgrund der Risiken, die mit einem niedrigen Sauerstoffgehalt in der Kabine verbunden sind, mit einer medizinischen Begleitperson zu reisen. Dar\u00fcber hinaus ist es wichtig, sich vor Reiseantritt mit Ihrer Versicherung und der Fluggesellschaft in Verbindung zu setzen, da die Richtlinien f\u00fcr Flugreisen von Passagieren mit chronischen Erkrankungen erheblich variieren k\u00f6nnen.<\/p>\n","protected":false},"excerpt":{"rendered":"<p>Sie k\u00f6nnen kurz nach Ihrer Entlassung aus dem Krankenhaus als Passagier mit dem Auto oder der Bahn reisen. Wenn Sie mit dem Auto reisen, sollten Sie nicht selbst fahren und bei langen Fahrten h\u00e4ufig Pausen einlegen. Da die gesetzlichen Bestimmungen von Land zu Land unterschiedlich sein k\u00f6nnen, sollten Sie sich vor Reiseantritt immer \u00fcber die [&hellip;]<\/p>\n","protected":false},"author":1,"featured_media":3195,"parent":2127,"menu_order":7,"comment_status":"closed","ping_status":"closed","template":"","meta":{"_acf_changed":false,"footnotes":""},"categories":[70],"tags":[],"class_list":["post-2184","page","type-page","status-publish","has-post-thumbnail","hentry","category-das-leben-mit-einer-herzerkrankung"],"acf":[],"yoast_head":"<!-- This site is optimized with the Yoast SEO plugin v24.0 - https:\/\/yoast.com\/wordpress\/plugins\/seo\/ -->\n<title>Reisen nach einem Herzinfarkt - Healthy-Heart.org<\/title>\n<meta name=\"description\" content=\"Nach einem Herzinfarkt k\u00f6nnen Sie sofort nach der Entlassung als Beifahrer im Auto oder Zug fahren, solange Sie sich dabei nicht \u00fcberanstrengen.\" \/>\n<meta name=\"robots\" content=\"index, follow, max-snippet:-1, max-image-preview:large, max-video-preview:-1\" \/>\n<link rel=\"canonical\" href=\"https:\/\/www.healthy-heart.org\/de\/das-leben-mit-einer-herzerkrankung\/reisen-nach-einem-herzinfarkt\/\" \/>\n<meta property=\"og:locale\" content=\"de_DE\" \/>\n<meta property=\"og:type\" content=\"article\" \/>\n<meta property=\"og:title\" content=\"Reisen nach einem Herzinfarkt - Healthy-Heart.org\" \/>\n<meta property=\"og:description\" content=\"Nach einem Herzinfarkt k\u00f6nnen Sie sofort nach der Entlassung als Beifahrer im Auto oder Zug fahren, solange Sie sich dabei nicht \u00fcberanstrengen.\" \/>\n<meta property=\"og:url\" content=\"https:\/\/www.healthy-heart.org\/de\/das-leben-mit-einer-herzerkrankung\/reisen-nach-einem-herzinfarkt\/\" \/>\n<meta property=\"og:site_name\" content=\"Healthy-Heart.org\" \/>\n<meta property=\"article:modified_time\" content=\"2024-12-10T12:36:22+00:00\" \/>\n<meta property=\"og:image\" content=\"https:\/\/www.healthy-heart.org\/wp-content\/uploads\/2019\/10\/Travel-1.jpg\" \/>\n\t<meta property=\"og:image:width\" content=\"3144\" \/>\n\t<meta property=\"og:image:height\" content=\"2043\" \/>\n\t<meta property=\"og:image:type\" content=\"image\/jpeg\" \/>\n<meta name=\"twitter:card\" content=\"summary_large_image\" \/>\n<meta name=\"twitter:label1\" content=\"Gesch\u00e4tzte Lesezeit\" \/>\n\t<meta name=\"twitter:data1\" content=\"1\u00a0Minute\" \/>\n<script type=\"application\/ld+json\" class=\"yoast-schema-graph\">{\"@context\":\"https:\/\/schema.org\",\"@graph\":[{\"@type\":\"WebPage\",\"@id\":\"https:\/\/www.healthy-heart.org\/de\/das-leben-mit-einer-herzerkrankung\/reisen-nach-einem-herzinfarkt\/\",\"url\":\"https:\/\/www.healthy-heart.org\/de\/das-leben-mit-einer-herzerkrankung\/reisen-nach-einem-herzinfarkt\/\",\"name\":\"Reisen nach einem Herzinfarkt - Healthy-Heart.org\",\"isPartOf\":{\"@id\":\"https:\/\/www.healthy-heart.org\/es\/#website\"},\"primaryImageOfPage\":{\"@id\":\"https:\/\/www.healthy-heart.org\/de\/das-leben-mit-einer-herzerkrankung\/reisen-nach-einem-herzinfarkt\/#primaryimage\"},\"image\":{\"@id\":\"https:\/\/www.healthy-heart.org\/de\/das-leben-mit-einer-herzerkrankung\/reisen-nach-einem-herzinfarkt\/#primaryimage\"},\"thumbnailUrl\":\"https:\/\/www.healthy-heart.org\/wp-content\/uploads\/2019\/10\/Travel-1.jpg\",\"datePublished\":\"2019-10-08T09:28:48+00:00\",\"dateModified\":\"2024-12-10T12:36:22+00:00\",\"description\":\"Nach einem Herzinfarkt k\u00f6nnen Sie sofort nach der Entlassung als Beifahrer im Auto oder Zug fahren, solange Sie sich dabei nicht \u00fcberanstrengen.\",\"breadcrumb\":{\"@id\":\"https:\/\/www.healthy-heart.org\/de\/das-leben-mit-einer-herzerkrankung\/reisen-nach-einem-herzinfarkt\/#breadcrumb\"},\"inLanguage\":\"de\",\"potentialAction\":[{\"@type\":\"ReadAction\",\"target\":[\"https:\/\/www.healthy-heart.org\/de\/das-leben-mit-einer-herzerkrankung\/reisen-nach-einem-herzinfarkt\/\"]}]},{\"@type\":\"ImageObject\",\"inLanguage\":\"de\",\"@id\":\"https:\/\/www.healthy-heart.org\/de\/das-leben-mit-einer-herzerkrankung\/reisen-nach-einem-herzinfarkt\/#primaryimage\",\"url\":\"https:\/\/www.healthy-heart.org\/wp-content\/uploads\/2019\/10\/Travel-1.jpg\",\"contentUrl\":\"https:\/\/www.healthy-heart.org\/wp-content\/uploads\/2019\/10\/Travel-1.jpg\",\"width\":3144,\"height\":2043},{\"@type\":\"BreadcrumbList\",\"@id\":\"https:\/\/www.healthy-heart.org\/de\/das-leben-mit-einer-herzerkrankung\/reisen-nach-einem-herzinfarkt\/#breadcrumb\",\"itemListElement\":[{\"@type\":\"ListItem\",\"position\":1,\"name\":\"Home\",\"item\":\"https:\/\/www.healthy-heart.org\/de\/\"},{\"@type\":\"ListItem\",\"position\":2,\"name\":\"Das Leben mit einer Herzerkrankung\",\"item\":\"https:\/\/www.healthy-heart.org\/de\/das-leben-mit-einer-herzerkrankung\/\"},{\"@type\":\"ListItem\",\"position\":3,\"name\":\"Reisen nach einem Herzinfarkt\"}]},{\"@type\":\"WebSite\",\"@id\":\"https:\/\/www.healthy-heart.org\/es\/#website\",\"url\":\"https:\/\/www.healthy-heart.org\/es\/\",\"name\":\"Healthy-Heart.org\",\"description\":\"Practical advice for patients and family care givers on the prevention of cardiovascular disease\",\"potentialAction\":[{\"@type\":\"SearchAction\",\"target\":{\"@type\":\"EntryPoint\",\"urlTemplate\":\"https:\/\/www.healthy-heart.org\/es\/?s={search_term_string}\"},\"query-input\":{\"@type\":\"PropertyValueSpecification\",\"valueRequired\":true,\"valueName\":\"search_term_string\"}}],\"inLanguage\":\"de\"}]}<\/script>\n<!-- \/ Yoast SEO plugin. -->","yoast_head_json":{"title":"Reisen nach einem Herzinfarkt - Healthy-Heart.org","description":"Nach einem Herzinfarkt k\u00f6nnen Sie sofort nach der Entlassung als Beifahrer im Auto oder Zug fahren, solange Sie sich dabei nicht \u00fcberanstrengen.","robots":{"index":"index","follow":"follow","max-snippet":"max-snippet:-1","max-image-preview":"max-image-preview:large","max-video-preview":"max-video-preview:-1"},"canonical":"https:\/\/www.healthy-heart.org\/de\/das-leben-mit-einer-herzerkrankung\/reisen-nach-einem-herzinfarkt\/","og_locale":"de_DE","og_type":"article","og_title":"Reisen nach einem Herzinfarkt - Healthy-Heart.org","og_description":"Nach einem Herzinfarkt k\u00f6nnen Sie sofort nach der Entlassung als Beifahrer im Auto oder Zug fahren, solange Sie sich dabei nicht \u00fcberanstrengen.","og_url":"https:\/\/www.healthy-heart.org\/de\/das-leben-mit-einer-herzerkrankung\/reisen-nach-einem-herzinfarkt\/","og_site_name":"Healthy-Heart.org","article_modified_time":"2024-12-10T12:36:22+00:00","og_image":[{"width":3144,"height":2043,"url":"https:\/\/www.healthy-heart.org\/wp-content\/uploads\/2019\/10\/Travel-1.jpg","type":"image\/jpeg"}],"twitter_card":"summary_large_image","twitter_misc":{"Gesch\u00e4tzte Lesezeit":"1\u00a0Minute"},"schema":{"@context":"https:\/\/schema.org","@graph":[{"@type":"WebPage","@id":"https:\/\/www.healthy-heart.org\/de\/das-leben-mit-einer-herzerkrankung\/reisen-nach-einem-herzinfarkt\/","url":"https:\/\/www.healthy-heart.org\/de\/das-leben-mit-einer-herzerkrankung\/reisen-nach-einem-herzinfarkt\/","name":"Reisen nach einem Herzinfarkt - Healthy-Heart.org","isPartOf":{"@id":"https:\/\/www.healthy-heart.org\/es\/#website"},"primaryImageOfPage":{"@id":"https:\/\/www.healthy-heart.org\/de\/das-leben-mit-einer-herzerkrankung\/reisen-nach-einem-herzinfarkt\/#primaryimage"},"image":{"@id":"https:\/\/www.healthy-heart.org\/de\/das-leben-mit-einer-herzerkrankung\/reisen-nach-einem-herzinfarkt\/#primaryimage"},"thumbnailUrl":"https:\/\/www.healthy-heart.org\/wp-content\/uploads\/2019\/10\/Travel-1.jpg","datePublished":"2019-10-08T09:28:48+00:00","dateModified":"2024-12-10T12:36:22+00:00","description":"Nach einem Herzinfarkt k\u00f6nnen Sie sofort nach der Entlassung als Beifahrer im Auto oder Zug fahren, solange Sie sich dabei nicht \u00fcberanstrengen.","breadcrumb":{"@id":"https:\/\/www.healthy-heart.org\/de\/das-leben-mit-einer-herzerkrankung\/reisen-nach-einem-herzinfarkt\/#breadcrumb"},"inLanguage":"de","potentialAction":[{"@type":"ReadAction","target":["https:\/\/www.healthy-heart.org\/de\/das-leben-mit-einer-herzerkrankung\/reisen-nach-einem-herzinfarkt\/"]}]},{"@type":"ImageObject","inLanguage":"de","@id":"https:\/\/www.healthy-heart.org\/de\/das-leben-mit-einer-herzerkrankung\/reisen-nach-einem-herzinfarkt\/#primaryimage","url":"https:\/\/www.healthy-heart.org\/wp-content\/uploads\/2019\/10\/Travel-1.jpg","contentUrl":"https:\/\/www.healthy-heart.org\/wp-content\/uploads\/2019\/10\/Travel-1.jpg","width":3144,"height":2043},{"@type":"BreadcrumbList","@id":"https:\/\/www.healthy-heart.org\/de\/das-leben-mit-einer-herzerkrankung\/reisen-nach-einem-herzinfarkt\/#breadcrumb","itemListElement":[{"@type":"ListItem","position":1,"name":"Home","item":"https:\/\/www.healthy-heart.org\/de\/"},{"@type":"ListItem","position":2,"name":"Das Leben mit einer Herzerkrankung","item":"https:\/\/www.healthy-heart.org\/de\/das-leben-mit-einer-herzerkrankung\/"},{"@type":"ListItem","position":3,"name":"Reisen nach einem Herzinfarkt"}]},{"@type":"WebSite","@id":"https:\/\/www.healthy-heart.org\/es\/#website","url":"https:\/\/www.healthy-heart.org\/es\/","name":"Healthy-Heart.org","description":"Practical advice for patients and family care givers on the prevention of cardiovascular disease","potentialAction":[{"@type":"SearchAction","target":{"@type":"EntryPoint","urlTemplate":"https:\/\/www.healthy-heart.org\/es\/?s={search_term_string}"},"query-input":{"@type":"PropertyValueSpecification","valueRequired":true,"valueName":"search_term_string"}}],"inLanguage":"de"}]}},"_links":{"self":[{"href":"https:\/\/www.healthy-heart.org\/de\/wp-json\/wp\/v2\/pages\/2184","targetHints":{"allow":["GET"]}}],"collection":[{"href":"https:\/\/www.healthy-heart.org\/de\/wp-json\/wp\/v2\/pages"}],"about":[{"href":"https:\/\/www.healthy-heart.org\/de\/wp-json\/wp\/v2\/types\/page"}],"author":[{"embeddable":true,"href":"https:\/\/www.healthy-heart.org\/de\/wp-json\/wp\/v2\/users\/1"}],"replies":[{"embeddable":true,"href":"https:\/\/www.healthy-heart.org\/de\/wp-json\/wp\/v2\/comments?post=2184"}],"version-history":[{"count":5,"href":"https:\/\/www.healthy-heart.org\/de\/wp-json\/wp\/v2\/pages\/2184\/revisions"}],"predecessor-version":[{"id":7355,"href":"https:\/\/www.healthy-heart.org\/de\/wp-json\/wp\/v2\/pages\/2184\/revisions\/7355"}],"up":[{"embeddable":true,"href":"https:\/\/www.healthy-heart.org\/de\/wp-json\/wp\/v2\/pages\/2127"}],"wp:featuredmedia":[{"embeddable":true,"href":"https:\/\/www.healthy-heart.org\/de\/wp-json\/wp\/v2\/media\/3195"}],"wp:attachment":[{"href":"https:\/\/www.healthy-heart.org\/de\/wp-json\/wp\/v2\/media?parent=2184"}],"wp:term":[{"taxonomy":"category","embeddable":true,"href":"https:\/\/www.healthy-heart.org\/de\/wp-json\/wp\/v2\/categories?post=2184"},{"taxonomy":"post_tag","embeddable":true,"href":"https:\/\/www.healthy-heart.org\/de\/wp-json\/wp\/v2\/tags?post=2184"}],"curies":[{"name":"wp","href":"https:\/\/api.w.org\/{rel}","templated":true}]}}