{"id":2178,"date":"2019-10-08T10:28:45","date_gmt":"2019-10-08T09:28:45","guid":{"rendered":"https:\/\/www.healthy-heart.org\/das-leben-mit-einer-herzerkrankung\/risikofaktoren-fur-einen-zweiten-herzinfarkt\/"},"modified":"2025-08-29T13:21:46","modified_gmt":"2025-08-29T12:21:46","slug":"risikofaktoren-fur-einen-zweiten-herzinfarkt","status":"publish","type":"page","link":"https:\/\/www.healthy-heart.org\/de\/das-leben-mit-einer-herzerkrankung\/risikofaktoren-fur-einen-zweiten-herzinfarkt\/","title":{"rendered":"Risikofaktoren f\u00fcr einen zweiten Herzinfarkt"},"content":{"rendered":"<p><img loading=\"lazy\" decoding=\"async\" class=\"alignright size-medium wp-image-494\" src=\"https:\/\/cdn-endpoint-prev.azureedge.net\/healthy-heart\/2019\/07\/iStock-908134236-e1565872918492-350x246.jpg\" alt=\"\" width=\"350\" height=\"246\" srcset=\"https:\/\/www.healthy-heart.org\/wp-content\/uploads\/2019\/07\/iStock-908134236-e1565872918492-350x246.jpg 350w, https:\/\/www.healthy-heart.org\/wp-content\/uploads\/2019\/07\/iStock-908134236-e1565872918492-200x140.jpg 200w, https:\/\/www.healthy-heart.org\/wp-content\/uploads\/2019\/07\/iStock-908134236-e1565872918492-768x539.jpg 768w, https:\/\/www.healthy-heart.org\/wp-content\/uploads\/2019\/07\/iStock-908134236-e1565872918492-1024x719.jpg 1024w, https:\/\/www.healthy-heart.org\/wp-content\/uploads\/2019\/07\/iStock-908134236-e1565872918492-1536x1079.jpg 1536w, https:\/\/www.healthy-heart.org\/wp-content\/uploads\/2019\/07\/iStock-908134236-e1565872918492-2048x1438.jpg 2048w, https:\/\/www.healthy-heart.org\/wp-content\/uploads\/2019\/07\/iStock-908134236-e1565872918492-625x439.jpg 625w, https:\/\/www.healthy-heart.org\/wp-content\/uploads\/2019\/07\/iStock-908134236-e1565872918492-661x464.jpg 661w\" sizes=\"auto, (max-width: 350px) 100vw, 350px\" \/><\/p>\n<p>M\u00f6glicherweise wurden Sie behandelt und Sie haben Medikamente erhalten, um die Blut- und Sauerstoffversorgung des Herzmuskels wiederherzustellen. Diese Behandlungen k\u00f6nnen zwar Ihre Symptome lindern, aber das betroffene Blutgef\u00e4\u00df kann sich verengen oder wieder verstopfen. Dieselben Faktoren, die zum ersten Herzinfarkt gef\u00fchrt haben, k\u00f6nnen auch andere Blutgef\u00e4\u00dfe in Ihrem K\u00f6rper sch\u00e4digen. Wenn diese besch\u00e4digten Gef\u00e4\u00dfe Ihr Herz versorgen, k\u00f6nnte dies zu einem weiteren Herzinfarkt f\u00fchren. Wenn sie Ihr Gehirn versorgen, k\u00f6nnte dies zu einem Schlaganfall f\u00fchren. Verstopfte Gef\u00e4\u00dfe in den Beinen k\u00f6nnen eine periphere arterielle Verschlusskrankheit verursachen.<\/p>\n<p>Das Risiko eines zweiten Herzinfarkts oder eines anderen kardiovaskul\u00e4ren Ereignisses ist von Person zu Person unterschiedlich. Das Risiko ist von zahlreichen Faktoren abh\u00e4ngig. Einige davon k\u00f6nnen selbst beeinflusst werden, andere nicht. Die wichtigsten Risikofaktoren sind:<\/p>\n<p><span style=\"text-decoration: underline;\"><strong>Unab\u00e4nderliche Risikofaktoren:<\/strong><\/span><\/p>\n<ul>\n<li>Alter<\/li>\n<li><a href=\"https:\/\/www.healthy-heart.org\/keep-your-heart-healthy\/differences-between-men-and-women\/\">Geschlecht<\/a><\/li>\n<li>Anzahl und Art fr\u00fcherer kardiovaskul\u00e4rer Ereignisse<\/li>\n<li>Verbleibende Pumpkapazit\u00e4t Ihres Herzens<\/li>\n<li>Vorhandensein von Vorhofflimmern (eine Form der Herzrhythmusst\u00f6rung)<\/li>\n<li>Nierenfunktionsst\u00f6rung<\/li>\n<\/ul>\n<p><span style=\"text-decoration: underline;\"><strong>Ver\u00e4nderbare Risikofaktoren:<\/strong><\/span><\/p>\n<ul>\n<li><a href=\"https:\/\/www.healthy-heart.org\/keep-your-heart-healthy\/smoking\/\">Rauchen<\/a><\/li>\n<li><a href=\"https:\/\/www.healthy-heart.org\/keep-your-heart-healthy\/keeping-a-healthy-weight\/\">K\u00f6rpergewicht<\/a><\/li>\n<li><a href=\"https:\/\/www.healthy-heart.org\/keep-your-heart-healthy\/physical-activity\/\">K\u00f6rperliche Bewegung<\/a> gegen\u00fcber k\u00f6rperlicher Inaktivit\u00e4t<\/li>\n<li><a href=\"https:\/\/www.healthy-heart.org\/keep-your-heart-healthy\/heart-friendly-diet\/\">Gesunde gegen\u00fcber ungesunder Ern\u00e4hrung<\/a><\/li>\n<li><a href=\"https:\/\/www.healthy-heart.org\/keep-your-heart-healthy\/stress-and-sleep\/\">Psychosozialer Stress<\/a><\/li>\n<li><a href=\"https:\/\/www.healthy-heart.org\/keep-your-heart-healthy\/cholesterol\/\">Kontrolle des Cholesterinspiegels<\/a><\/li>\n<li><a href=\"https:\/\/www.healthy-heart.org\/keep-your-heart-healthy\/blood-pressure\/\">Kontrolle des Blutdrucks<\/a><\/li>\n<li><a href=\"https:\/\/www.healthy-heart.org\/keep-your-heart-healthy\/diabetes\/\">Vorliegen und Kontrolle von Diabetes<\/a><\/li>\n<li>Chronische Entz\u00fcndungen<\/li>\n<\/ul>\n<p>Die Identifizierung Ihrer Risikofaktoren bestimmt die Verhaltens\u00e4nderungen und <a href=\"https:\/\/www.healthy-heart.org\/living-with-heart-disease\/types-of-medication\/\">Medikamente<\/a>, die erforderlich sind, um neue Herz-Kreislauf-Ereignisse zu verhindern. Unabh\u00e4ngig von Ihrem Risikoniveau ist ein gesunder Lebensstil entscheidend, um einen zweiten Herzinfarkt zu verhindern. Dazu geh\u00f6ren der Verzicht auf <a href=\"https:\/\/www.healthy-heart.org\/keep-your-heart-healthy\/smoking\/\">Rauchen<\/a>, ein <a href=\"https:\/\/www.healthy-heart.org\/keep-your-heart-healthy\/keeping-a-healthy-weight\/\">gesundes Gewicht<\/a> halten, eine <a href=\"https:\/\/www.healthy-heart.org\/keep-your-heart-healthy\/heart-friendly-diet\/\">ausgewogene Ern\u00e4hrung<\/a>, <a href=\"https:\/\/www.healthy-heart.org\/keep-your-heart-healthy\/physical-activity\/\">k\u00f6rperliche Aktivit\u00e4t<\/a> und ein effektiver Umgang mit <a href=\"https:\/\/www.healthy-heart.org\/keep-your-heart-healthy\/stress-and-sleep\/\">Stress<\/a>, <a href=\"https:\/\/www.healthy-heart.org\/keep-your-heart-healthy\/blood-pressure\/\">Blutdruck<\/a>, <a href=\"https:\/\/www.healthy-heart.org\/keep-your-heart-healthy\/cholesterol\/\">Cholesterin<\/a> und <a href=\"https:\/\/www.healthy-heart.org\/keep-your-heart-healthy\/diabetes\/\">Diabetes<\/a>.<\/p>\n","protected":false},"excerpt":{"rendered":"<p>M\u00f6glicherweise wurden Sie behandelt und Sie haben Medikamente erhalten, um die Blut- und Sauerstoffversorgung des Herzmuskels wiederherzustellen. Diese Behandlungen k\u00f6nnen zwar Ihre Symptome lindern, aber das betroffene Blutgef\u00e4\u00df kann sich verengen oder wieder verstopfen. Dieselben Faktoren, die zum ersten Herzinfarkt gef\u00fchrt haben, k\u00f6nnen auch andere Blutgef\u00e4\u00dfe in Ihrem K\u00f6rper sch\u00e4digen. Wenn diese besch\u00e4digten Gef\u00e4\u00dfe Ihr [&hellip;]<\/p>\n","protected":false},"author":1,"featured_media":497,"parent":2127,"menu_order":10,"comment_status":"closed","ping_status":"closed","template":"","meta":{"_acf_changed":false,"footnotes":""},"categories":[70],"tags":[],"class_list":["post-2178","page","type-page","status-publish","has-post-thumbnail","hentry","category-das-leben-mit-einer-herzerkrankung"],"acf":[],"yoast_head":"<!-- This site is optimized with the Yoast SEO plugin v24.0 - https:\/\/yoast.com\/wordpress\/plugins\/seo\/ -->\n<title>Risikofaktoren f\u00fcr einen zweiten Herzinfarkt - Healthy-Heart.org<\/title>\n<meta name=\"description\" content=\"Das Risiko eines zweiten Herzinfarkts ist nicht bei jedem gleich. Das Risiko ist von zahlreichen Faktoren abh\u00e4ngig. Einige davon k\u00f6nnen selbst beeinflusst werden, andere nicht.\" \/>\n<meta name=\"robots\" content=\"index, follow, max-snippet:-1, max-image-preview:large, max-video-preview:-1\" \/>\n<link rel=\"canonical\" href=\"https:\/\/www.healthy-heart.org\/de\/das-leben-mit-einer-herzerkrankung\/risikofaktoren-fur-einen-zweiten-herzinfarkt\/\" \/>\n<meta property=\"og:locale\" content=\"de_DE\" \/>\n<meta property=\"og:type\" content=\"article\" \/>\n<meta property=\"og:title\" content=\"Risikofaktoren f\u00fcr einen zweiten Herzinfarkt - Healthy-Heart.org\" \/>\n<meta property=\"og:description\" content=\"Das Risiko eines zweiten Herzinfarkts ist nicht bei jedem gleich. Das Risiko ist von zahlreichen Faktoren abh\u00e4ngig. Einige davon k\u00f6nnen selbst beeinflusst werden, andere nicht.\" \/>\n<meta property=\"og:url\" content=\"https:\/\/www.healthy-heart.org\/de\/das-leben-mit-einer-herzerkrankung\/risikofaktoren-fur-einen-zweiten-herzinfarkt\/\" \/>\n<meta property=\"og:site_name\" content=\"Healthy-Heart.org\" \/>\n<meta property=\"article:modified_time\" content=\"2025-08-29T12:21:46+00:00\" \/>\n<meta property=\"og:image\" content=\"https:\/\/www.healthy-heart.org\/wp-content\/uploads\/2019\/07\/iStock-908134236-1024x640.jpg\" \/>\n\t<meta property=\"og:image:width\" content=\"1024\" \/>\n\t<meta property=\"og:image:height\" content=\"640\" \/>\n\t<meta property=\"og:image:type\" content=\"image\/jpeg\" \/>\n<meta name=\"twitter:card\" content=\"summary_large_image\" \/>\n<meta name=\"twitter:label1\" content=\"Gesch\u00e4tzte Lesezeit\" \/>\n\t<meta name=\"twitter:data1\" content=\"2\u00a0Minuten\" \/>\n<script type=\"application\/ld+json\" class=\"yoast-schema-graph\">{\"@context\":\"https:\/\/schema.org\",\"@graph\":[{\"@type\":\"WebPage\",\"@id\":\"https:\/\/www.healthy-heart.org\/de\/das-leben-mit-einer-herzerkrankung\/risikofaktoren-fur-einen-zweiten-herzinfarkt\/\",\"url\":\"https:\/\/www.healthy-heart.org\/de\/das-leben-mit-einer-herzerkrankung\/risikofaktoren-fur-einen-zweiten-herzinfarkt\/\",\"name\":\"Risikofaktoren f\u00fcr einen zweiten Herzinfarkt - Healthy-Heart.org\",\"isPartOf\":{\"@id\":\"https:\/\/www.healthy-heart.org\/es\/#website\"},\"primaryImageOfPage\":{\"@id\":\"https:\/\/www.healthy-heart.org\/de\/das-leben-mit-einer-herzerkrankung\/risikofaktoren-fur-einen-zweiten-herzinfarkt\/#primaryimage\"},\"image\":{\"@id\":\"https:\/\/www.healthy-heart.org\/de\/das-leben-mit-einer-herzerkrankung\/risikofaktoren-fur-einen-zweiten-herzinfarkt\/#primaryimage\"},\"thumbnailUrl\":\"https:\/\/www.healthy-heart.org\/wp-content\/uploads\/2019\/07\/iStock-908134236.jpg\",\"datePublished\":\"2019-10-08T09:28:45+00:00\",\"dateModified\":\"2025-08-29T12:21:46+00:00\",\"description\":\"Das Risiko eines zweiten Herzinfarkts ist nicht bei jedem gleich. Das Risiko ist von zahlreichen Faktoren abh\u00e4ngig. Einige davon k\u00f6nnen selbst beeinflusst werden, andere nicht.\",\"breadcrumb\":{\"@id\":\"https:\/\/www.healthy-heart.org\/de\/das-leben-mit-einer-herzerkrankung\/risikofaktoren-fur-einen-zweiten-herzinfarkt\/#breadcrumb\"},\"inLanguage\":\"de\",\"potentialAction\":[{\"@type\":\"ReadAction\",\"target\":[\"https:\/\/www.healthy-heart.org\/de\/das-leben-mit-einer-herzerkrankung\/risikofaktoren-fur-einen-zweiten-herzinfarkt\/\"]}]},{\"@type\":\"ImageObject\",\"inLanguage\":\"de\",\"@id\":\"https:\/\/www.healthy-heart.org\/de\/das-leben-mit-einer-herzerkrankung\/risikofaktoren-fur-einen-zweiten-herzinfarkt\/#primaryimage\",\"url\":\"https:\/\/www.healthy-heart.org\/wp-content\/uploads\/2019\/07\/iStock-908134236.jpg\",\"contentUrl\":\"https:\/\/www.healthy-heart.org\/wp-content\/uploads\/2019\/07\/iStock-908134236.jpg\",\"width\":8000,\"height\":5000},{\"@type\":\"BreadcrumbList\",\"@id\":\"https:\/\/www.healthy-heart.org\/de\/das-leben-mit-einer-herzerkrankung\/risikofaktoren-fur-einen-zweiten-herzinfarkt\/#breadcrumb\",\"itemListElement\":[{\"@type\":\"ListItem\",\"position\":1,\"name\":\"Home\",\"item\":\"https:\/\/www.healthy-heart.org\/de\/\"},{\"@type\":\"ListItem\",\"position\":2,\"name\":\"Das Leben mit einer Herzerkrankung\",\"item\":\"https:\/\/www.healthy-heart.org\/de\/das-leben-mit-einer-herzerkrankung\/\"},{\"@type\":\"ListItem\",\"position\":3,\"name\":\"Risikofaktoren f\u00fcr einen zweiten Herzinfarkt\"}]},{\"@type\":\"WebSite\",\"@id\":\"https:\/\/www.healthy-heart.org\/es\/#website\",\"url\":\"https:\/\/www.healthy-heart.org\/es\/\",\"name\":\"Healthy-Heart.org\",\"description\":\"Practical advice for patients and family care givers on the prevention of cardiovascular disease\",\"potentialAction\":[{\"@type\":\"SearchAction\",\"target\":{\"@type\":\"EntryPoint\",\"urlTemplate\":\"https:\/\/www.healthy-heart.org\/es\/?s={search_term_string}\"},\"query-input\":{\"@type\":\"PropertyValueSpecification\",\"valueRequired\":true,\"valueName\":\"search_term_string\"}}],\"inLanguage\":\"de\"}]}<\/script>\n<!-- \/ Yoast SEO plugin. -->","yoast_head_json":{"title":"Risikofaktoren f\u00fcr einen zweiten Herzinfarkt - Healthy-Heart.org","description":"Das Risiko eines zweiten Herzinfarkts ist nicht bei jedem gleich. Das Risiko ist von zahlreichen Faktoren abh\u00e4ngig. Einige davon k\u00f6nnen selbst beeinflusst werden, andere nicht.","robots":{"index":"index","follow":"follow","max-snippet":"max-snippet:-1","max-image-preview":"max-image-preview:large","max-video-preview":"max-video-preview:-1"},"canonical":"https:\/\/www.healthy-heart.org\/de\/das-leben-mit-einer-herzerkrankung\/risikofaktoren-fur-einen-zweiten-herzinfarkt\/","og_locale":"de_DE","og_type":"article","og_title":"Risikofaktoren f\u00fcr einen zweiten Herzinfarkt - Healthy-Heart.org","og_description":"Das Risiko eines zweiten Herzinfarkts ist nicht bei jedem gleich. Das Risiko ist von zahlreichen Faktoren abh\u00e4ngig. Einige davon k\u00f6nnen selbst beeinflusst werden, andere nicht.","og_url":"https:\/\/www.healthy-heart.org\/de\/das-leben-mit-einer-herzerkrankung\/risikofaktoren-fur-einen-zweiten-herzinfarkt\/","og_site_name":"Healthy-Heart.org","article_modified_time":"2025-08-29T12:21:46+00:00","og_image":[{"width":1024,"height":640,"url":"https:\/\/www.healthy-heart.org\/wp-content\/uploads\/2019\/07\/iStock-908134236-1024x640.jpg","type":"image\/jpeg"}],"twitter_card":"summary_large_image","twitter_misc":{"Gesch\u00e4tzte Lesezeit":"2\u00a0Minuten"},"schema":{"@context":"https:\/\/schema.org","@graph":[{"@type":"WebPage","@id":"https:\/\/www.healthy-heart.org\/de\/das-leben-mit-einer-herzerkrankung\/risikofaktoren-fur-einen-zweiten-herzinfarkt\/","url":"https:\/\/www.healthy-heart.org\/de\/das-leben-mit-einer-herzerkrankung\/risikofaktoren-fur-einen-zweiten-herzinfarkt\/","name":"Risikofaktoren f\u00fcr einen zweiten Herzinfarkt - Healthy-Heart.org","isPartOf":{"@id":"https:\/\/www.healthy-heart.org\/es\/#website"},"primaryImageOfPage":{"@id":"https:\/\/www.healthy-heart.org\/de\/das-leben-mit-einer-herzerkrankung\/risikofaktoren-fur-einen-zweiten-herzinfarkt\/#primaryimage"},"image":{"@id":"https:\/\/www.healthy-heart.org\/de\/das-leben-mit-einer-herzerkrankung\/risikofaktoren-fur-einen-zweiten-herzinfarkt\/#primaryimage"},"thumbnailUrl":"https:\/\/www.healthy-heart.org\/wp-content\/uploads\/2019\/07\/iStock-908134236.jpg","datePublished":"2019-10-08T09:28:45+00:00","dateModified":"2025-08-29T12:21:46+00:00","description":"Das Risiko eines zweiten Herzinfarkts ist nicht bei jedem gleich. Das Risiko ist von zahlreichen Faktoren abh\u00e4ngig. Einige davon k\u00f6nnen selbst beeinflusst werden, andere nicht.","breadcrumb":{"@id":"https:\/\/www.healthy-heart.org\/de\/das-leben-mit-einer-herzerkrankung\/risikofaktoren-fur-einen-zweiten-herzinfarkt\/#breadcrumb"},"inLanguage":"de","potentialAction":[{"@type":"ReadAction","target":["https:\/\/www.healthy-heart.org\/de\/das-leben-mit-einer-herzerkrankung\/risikofaktoren-fur-einen-zweiten-herzinfarkt\/"]}]},{"@type":"ImageObject","inLanguage":"de","@id":"https:\/\/www.healthy-heart.org\/de\/das-leben-mit-einer-herzerkrankung\/risikofaktoren-fur-einen-zweiten-herzinfarkt\/#primaryimage","url":"https:\/\/www.healthy-heart.org\/wp-content\/uploads\/2019\/07\/iStock-908134236.jpg","contentUrl":"https:\/\/www.healthy-heart.org\/wp-content\/uploads\/2019\/07\/iStock-908134236.jpg","width":8000,"height":5000},{"@type":"BreadcrumbList","@id":"https:\/\/www.healthy-heart.org\/de\/das-leben-mit-einer-herzerkrankung\/risikofaktoren-fur-einen-zweiten-herzinfarkt\/#breadcrumb","itemListElement":[{"@type":"ListItem","position":1,"name":"Home","item":"https:\/\/www.healthy-heart.org\/de\/"},{"@type":"ListItem","position":2,"name":"Das Leben mit einer Herzerkrankung","item":"https:\/\/www.healthy-heart.org\/de\/das-leben-mit-einer-herzerkrankung\/"},{"@type":"ListItem","position":3,"name":"Risikofaktoren f\u00fcr einen zweiten Herzinfarkt"}]},{"@type":"WebSite","@id":"https:\/\/www.healthy-heart.org\/es\/#website","url":"https:\/\/www.healthy-heart.org\/es\/","name":"Healthy-Heart.org","description":"Practical advice for patients and family care givers on the prevention of cardiovascular disease","potentialAction":[{"@type":"SearchAction","target":{"@type":"EntryPoint","urlTemplate":"https:\/\/www.healthy-heart.org\/es\/?s={search_term_string}"},"query-input":{"@type":"PropertyValueSpecification","valueRequired":true,"valueName":"search_term_string"}}],"inLanguage":"de"}]}},"_links":{"self":[{"href":"https:\/\/www.healthy-heart.org\/de\/wp-json\/wp\/v2\/pages\/2178","targetHints":{"allow":["GET"]}}],"collection":[{"href":"https:\/\/www.healthy-heart.org\/de\/wp-json\/wp\/v2\/pages"}],"about":[{"href":"https:\/\/www.healthy-heart.org\/de\/wp-json\/wp\/v2\/types\/page"}],"author":[{"embeddable":true,"href":"https:\/\/www.healthy-heart.org\/de\/wp-json\/wp\/v2\/users\/1"}],"replies":[{"embeddable":true,"href":"https:\/\/www.healthy-heart.org\/de\/wp-json\/wp\/v2\/comments?post=2178"}],"version-history":[{"count":12,"href":"https:\/\/www.healthy-heart.org\/de\/wp-json\/wp\/v2\/pages\/2178\/revisions"}],"predecessor-version":[{"id":7837,"href":"https:\/\/www.healthy-heart.org\/de\/wp-json\/wp\/v2\/pages\/2178\/revisions\/7837"}],"up":[{"embeddable":true,"href":"https:\/\/www.healthy-heart.org\/de\/wp-json\/wp\/v2\/pages\/2127"}],"wp:featuredmedia":[{"embeddable":true,"href":"https:\/\/www.healthy-heart.org\/de\/wp-json\/wp\/v2\/media\/497"}],"wp:attachment":[{"href":"https:\/\/www.healthy-heart.org\/de\/wp-json\/wp\/v2\/media?parent=2178"}],"wp:term":[{"taxonomy":"category","embeddable":true,"href":"https:\/\/www.healthy-heart.org\/de\/wp-json\/wp\/v2\/categories?post=2178"},{"taxonomy":"post_tag","embeddable":true,"href":"https:\/\/www.healthy-heart.org\/de\/wp-json\/wp\/v2\/tags?post=2178"}],"curies":[{"name":"wp","href":"https:\/\/api.w.org\/{rel}","templated":true}]}}