{"id":2176,"date":"2019-10-08T10:28:44","date_gmt":"2019-10-08T09:28:44","guid":{"rendered":"https:\/\/www.healthy-heart.org\/das-leben-mit-einer-herzerkrankung\/ruckkehr-zur-arbeit-nach-einem-herzinfarkt\/"},"modified":"2024-12-10T12:36:17","modified_gmt":"2024-12-10T12:36:17","slug":"ruckkehr-zur-arbeit-nach-einem-herzinfarkt","status":"publish","type":"page","link":"https:\/\/www.healthy-heart.org\/de\/das-leben-mit-einer-herzerkrankung\/ruckkehr-zur-arbeit-nach-einem-herzinfarkt\/","title":{"rendered":"R\u00fcckkehr zur Arbeit nach einem Herzinfarkt"},"content":{"rendered":"<p><img loading=\"lazy\" decoding=\"async\" class=\"alignright size-medium wp-image-554\" src=\"https:\/\/cdn-endpoint-prev.azureedge.net\/healthy-heart\/2019\/07\/iStock-75939684-e1565873258225-350x244.jpg\" alt=\"\" width=\"350\" height=\"244\" srcset=\"https:\/\/www.healthy-heart.org\/wp-content\/uploads\/2019\/07\/iStock-75939684-e1565873258225-350x244.jpg 350w, https:\/\/cdn-endpoint-prev.azureedge.net\/healthy-heart\/2019\/07\/iStock-75939684-e1565873258225-2048x1427.jpg 2048w, https:\/\/www.healthy-heart.org\/wp-content\/uploads\/2019\/07\/iStock-75939684-e1565873258225-200x139.jpg 200w, https:\/\/www.healthy-heart.org\/wp-content\/uploads\/2019\/07\/iStock-75939684-e1565873258225-768x535.jpg 768w, https:\/\/www.healthy-heart.org\/wp-content\/uploads\/2019\/07\/iStock-75939684-e1565873258225-1024x713.jpg 1024w, https:\/\/www.healthy-heart.org\/wp-content\/uploads\/2019\/07\/iStock-75939684-e1565873258225-1536x1070.jpg 1536w, https:\/\/www.healthy-heart.org\/wp-content\/uploads\/2019\/07\/iStock-75939684-e1565873258225-630x439.jpg 630w, https:\/\/www.healthy-heart.org\/wp-content\/uploads\/2019\/07\/iStock-75939684-e1565873258225-666x464.jpg 666w\" sizes=\"auto, (max-width: 350px) 100vw, 350px\" \/><\/p>\n<p>Nach Ihrem Krankenhausaufenthalt ist ein umfassendes kardiologisches Rehabilitationsprogramm unerl\u00e4sslich. Dieses Programm hilft Ihnen, Ihre Funktionsf\u00e4higkeit wiederherzustellen, und umfasst einen individuellen Trainingsplan. Nach einem Herzinfarkt sollten Sie f\u00fcr eine kurze Zeit auf anstrengende k\u00f6rperliche Aktivit\u00e4ten verzichten. Die Dauer dieser Zeit kann von Person zu Person variieren und sollte mit Ihrem Kardiologen besprochen werden. Es ist jedoch wichtig, dass Sie sich weiterhin leicht bis m\u00e4\u00dfig k\u00f6rperlich bet\u00e4tigen, um Ihre Genesung zu unterst\u00fctzen und Ihre Lebensqualit\u00e4t zu verbessern. Eine l\u00e4ngere Krankschreibung bringt in der Regel keine Vorteile und es wird geraten, nach der Entlassung aus dem Krankenhaus k\u00f6rperlich aktiv zu bleiben.<\/p>\n<p>Bei T\u00e4tigkeiten, die nur geringe bis m\u00e4\u00dfige k\u00f6rperliche Anstrengung erfordern, ist eine R\u00fcckkehr zur Arbeit in der Regel innerhalb eines Monats m\u00f6glich, wenn die Pumpfunktion des Herzens normal ist und es w\u00e4hrend des Krankenhausaufenthalts oder der Rehabilitation zu keinen Komplikationen kam. Bei k\u00f6rperlich anstrengenden Berufen sind manchmal zus\u00e4tzliche Tests erforderlich, bevor Ihr Kardiologe Ihre R\u00fcckkehr an den Arbeitsplatz genehmigt.<\/p>\n","protected":false},"excerpt":{"rendered":"<p>Nach Ihrem Krankenhausaufenthalt ist ein umfassendes kardiologisches Rehabilitationsprogramm unerl\u00e4sslich. Dieses Programm hilft Ihnen, Ihre Funktionsf\u00e4higkeit wiederherzustellen, und umfasst einen individuellen Trainingsplan. Nach einem Herzinfarkt sollten Sie f\u00fcr eine kurze Zeit auf anstrengende k\u00f6rperliche Aktivit\u00e4ten verzichten. Die Dauer dieser Zeit kann von Person zu Person variieren und sollte mit Ihrem Kardiologen besprochen werden. Es ist jedoch [&hellip;]<\/p>\n","protected":false},"author":1,"featured_media":3206,"parent":2127,"menu_order":8,"comment_status":"closed","ping_status":"closed","template":"","meta":{"_acf_changed":false,"footnotes":""},"categories":[70],"tags":[],"class_list":["post-2176","page","type-page","status-publish","has-post-thumbnail","hentry","category-das-leben-mit-einer-herzerkrankung"],"acf":[],"yoast_head":"<!-- This site is optimized with the Yoast SEO plugin v24.0 - https:\/\/yoast.com\/wordpress\/plugins\/seo\/ -->\n<title>R\u00fcckkehr zur Arbeit nach einem Herzinfarkt - Healthy-Heart.org<\/title>\n<meta name=\"description\" content=\"Die meisten Menschen k\u00f6nnen nach einem Herzinfarkt wieder zur Arbeit gehen, sollten aber im ersten Monat hohe k\u00f6rperliche Anstrengungen vermeiden.\" \/>\n<meta name=\"robots\" content=\"index, follow, max-snippet:-1, max-image-preview:large, max-video-preview:-1\" \/>\n<link rel=\"canonical\" href=\"https:\/\/www.healthy-heart.org\/de\/das-leben-mit-einer-herzerkrankung\/ruckkehr-zur-arbeit-nach-einem-herzinfarkt\/\" \/>\n<meta property=\"og:locale\" content=\"de_DE\" \/>\n<meta property=\"og:type\" content=\"article\" \/>\n<meta property=\"og:title\" content=\"R\u00fcckkehr zur Arbeit nach einem Herzinfarkt - Healthy-Heart.org\" \/>\n<meta property=\"og:description\" content=\"Die meisten Menschen k\u00f6nnen nach einem Herzinfarkt wieder zur Arbeit gehen, sollten aber im ersten Monat hohe k\u00f6rperliche Anstrengungen vermeiden.\" \/>\n<meta property=\"og:url\" content=\"https:\/\/www.healthy-heart.org\/de\/das-leben-mit-einer-herzerkrankung\/ruckkehr-zur-arbeit-nach-einem-herzinfarkt\/\" \/>\n<meta property=\"og:site_name\" content=\"Healthy-Heart.org\" \/>\n<meta property=\"article:modified_time\" content=\"2024-12-10T12:36:17+00:00\" \/>\n<meta property=\"og:image\" content=\"https:\/\/www.healthy-heart.org\/wp-content\/uploads\/2019\/10\/Work1.jpg\" \/>\n\t<meta property=\"og:image:width\" content=\"3804\" \/>\n\t<meta property=\"og:image:height\" content=\"2650\" \/>\n\t<meta property=\"og:image:type\" content=\"image\/jpeg\" \/>\n<meta name=\"twitter:card\" content=\"summary_large_image\" \/>\n<meta name=\"twitter:label1\" content=\"Gesch\u00e4tzte Lesezeit\" \/>\n\t<meta name=\"twitter:data1\" content=\"1\u00a0Minute\" \/>\n<script type=\"application\/ld+json\" class=\"yoast-schema-graph\">{\"@context\":\"https:\/\/schema.org\",\"@graph\":[{\"@type\":\"WebPage\",\"@id\":\"https:\/\/www.healthy-heart.org\/de\/das-leben-mit-einer-herzerkrankung\/ruckkehr-zur-arbeit-nach-einem-herzinfarkt\/\",\"url\":\"https:\/\/www.healthy-heart.org\/de\/das-leben-mit-einer-herzerkrankung\/ruckkehr-zur-arbeit-nach-einem-herzinfarkt\/\",\"name\":\"R\u00fcckkehr zur Arbeit nach einem Herzinfarkt - Healthy-Heart.org\",\"isPartOf\":{\"@id\":\"https:\/\/www.healthy-heart.org\/es\/#website\"},\"primaryImageOfPage\":{\"@id\":\"https:\/\/www.healthy-heart.org\/de\/das-leben-mit-einer-herzerkrankung\/ruckkehr-zur-arbeit-nach-einem-herzinfarkt\/#primaryimage\"},\"image\":{\"@id\":\"https:\/\/www.healthy-heart.org\/de\/das-leben-mit-einer-herzerkrankung\/ruckkehr-zur-arbeit-nach-einem-herzinfarkt\/#primaryimage\"},\"thumbnailUrl\":\"https:\/\/www.healthy-heart.org\/wp-content\/uploads\/2019\/10\/Work1.jpg\",\"datePublished\":\"2019-10-08T09:28:44+00:00\",\"dateModified\":\"2024-12-10T12:36:17+00:00\",\"description\":\"Die meisten Menschen k\u00f6nnen nach einem Herzinfarkt wieder zur Arbeit gehen, sollten aber im ersten Monat hohe k\u00f6rperliche Anstrengungen vermeiden.\",\"breadcrumb\":{\"@id\":\"https:\/\/www.healthy-heart.org\/de\/das-leben-mit-einer-herzerkrankung\/ruckkehr-zur-arbeit-nach-einem-herzinfarkt\/#breadcrumb\"},\"inLanguage\":\"de\",\"potentialAction\":[{\"@type\":\"ReadAction\",\"target\":[\"https:\/\/www.healthy-heart.org\/de\/das-leben-mit-einer-herzerkrankung\/ruckkehr-zur-arbeit-nach-einem-herzinfarkt\/\"]}]},{\"@type\":\"ImageObject\",\"inLanguage\":\"de\",\"@id\":\"https:\/\/www.healthy-heart.org\/de\/das-leben-mit-einer-herzerkrankung\/ruckkehr-zur-arbeit-nach-einem-herzinfarkt\/#primaryimage\",\"url\":\"https:\/\/www.healthy-heart.org\/wp-content\/uploads\/2019\/10\/Work1.jpg\",\"contentUrl\":\"https:\/\/www.healthy-heart.org\/wp-content\/uploads\/2019\/10\/Work1.jpg\",\"width\":3804,\"height\":2650},{\"@type\":\"BreadcrumbList\",\"@id\":\"https:\/\/www.healthy-heart.org\/de\/das-leben-mit-einer-herzerkrankung\/ruckkehr-zur-arbeit-nach-einem-herzinfarkt\/#breadcrumb\",\"itemListElement\":[{\"@type\":\"ListItem\",\"position\":1,\"name\":\"Home\",\"item\":\"https:\/\/www.healthy-heart.org\/de\/\"},{\"@type\":\"ListItem\",\"position\":2,\"name\":\"Das Leben mit einer Herzerkrankung\",\"item\":\"https:\/\/www.healthy-heart.org\/de\/das-leben-mit-einer-herzerkrankung\/\"},{\"@type\":\"ListItem\",\"position\":3,\"name\":\"R\u00fcckkehr zur Arbeit nach einem Herzinfarkt\"}]},{\"@type\":\"WebSite\",\"@id\":\"https:\/\/www.healthy-heart.org\/es\/#website\",\"url\":\"https:\/\/www.healthy-heart.org\/es\/\",\"name\":\"Healthy-Heart.org\",\"description\":\"Practical advice for patients and family care givers on the prevention of cardiovascular disease\",\"potentialAction\":[{\"@type\":\"SearchAction\",\"target\":{\"@type\":\"EntryPoint\",\"urlTemplate\":\"https:\/\/www.healthy-heart.org\/es\/?s={search_term_string}\"},\"query-input\":{\"@type\":\"PropertyValueSpecification\",\"valueRequired\":true,\"valueName\":\"search_term_string\"}}],\"inLanguage\":\"de\"}]}<\/script>\n<!-- \/ Yoast SEO plugin. -->","yoast_head_json":{"title":"R\u00fcckkehr zur Arbeit nach einem Herzinfarkt - Healthy-Heart.org","description":"Die meisten Menschen k\u00f6nnen nach einem Herzinfarkt wieder zur Arbeit gehen, sollten aber im ersten Monat hohe k\u00f6rperliche Anstrengungen vermeiden.","robots":{"index":"index","follow":"follow","max-snippet":"max-snippet:-1","max-image-preview":"max-image-preview:large","max-video-preview":"max-video-preview:-1"},"canonical":"https:\/\/www.healthy-heart.org\/de\/das-leben-mit-einer-herzerkrankung\/ruckkehr-zur-arbeit-nach-einem-herzinfarkt\/","og_locale":"de_DE","og_type":"article","og_title":"R\u00fcckkehr zur Arbeit nach einem Herzinfarkt - Healthy-Heart.org","og_description":"Die meisten Menschen k\u00f6nnen nach einem Herzinfarkt wieder zur Arbeit gehen, sollten aber im ersten Monat hohe k\u00f6rperliche Anstrengungen vermeiden.","og_url":"https:\/\/www.healthy-heart.org\/de\/das-leben-mit-einer-herzerkrankung\/ruckkehr-zur-arbeit-nach-einem-herzinfarkt\/","og_site_name":"Healthy-Heart.org","article_modified_time":"2024-12-10T12:36:17+00:00","og_image":[{"width":3804,"height":2650,"url":"https:\/\/www.healthy-heart.org\/wp-content\/uploads\/2019\/10\/Work1.jpg","type":"image\/jpeg"}],"twitter_card":"summary_large_image","twitter_misc":{"Gesch\u00e4tzte Lesezeit":"1\u00a0Minute"},"schema":{"@context":"https:\/\/schema.org","@graph":[{"@type":"WebPage","@id":"https:\/\/www.healthy-heart.org\/de\/das-leben-mit-einer-herzerkrankung\/ruckkehr-zur-arbeit-nach-einem-herzinfarkt\/","url":"https:\/\/www.healthy-heart.org\/de\/das-leben-mit-einer-herzerkrankung\/ruckkehr-zur-arbeit-nach-einem-herzinfarkt\/","name":"R\u00fcckkehr zur Arbeit nach einem Herzinfarkt - Healthy-Heart.org","isPartOf":{"@id":"https:\/\/www.healthy-heart.org\/es\/#website"},"primaryImageOfPage":{"@id":"https:\/\/www.healthy-heart.org\/de\/das-leben-mit-einer-herzerkrankung\/ruckkehr-zur-arbeit-nach-einem-herzinfarkt\/#primaryimage"},"image":{"@id":"https:\/\/www.healthy-heart.org\/de\/das-leben-mit-einer-herzerkrankung\/ruckkehr-zur-arbeit-nach-einem-herzinfarkt\/#primaryimage"},"thumbnailUrl":"https:\/\/www.healthy-heart.org\/wp-content\/uploads\/2019\/10\/Work1.jpg","datePublished":"2019-10-08T09:28:44+00:00","dateModified":"2024-12-10T12:36:17+00:00","description":"Die meisten Menschen k\u00f6nnen nach einem Herzinfarkt wieder zur Arbeit gehen, sollten aber im ersten Monat hohe k\u00f6rperliche Anstrengungen vermeiden.","breadcrumb":{"@id":"https:\/\/www.healthy-heart.org\/de\/das-leben-mit-einer-herzerkrankung\/ruckkehr-zur-arbeit-nach-einem-herzinfarkt\/#breadcrumb"},"inLanguage":"de","potentialAction":[{"@type":"ReadAction","target":["https:\/\/www.healthy-heart.org\/de\/das-leben-mit-einer-herzerkrankung\/ruckkehr-zur-arbeit-nach-einem-herzinfarkt\/"]}]},{"@type":"ImageObject","inLanguage":"de","@id":"https:\/\/www.healthy-heart.org\/de\/das-leben-mit-einer-herzerkrankung\/ruckkehr-zur-arbeit-nach-einem-herzinfarkt\/#primaryimage","url":"https:\/\/www.healthy-heart.org\/wp-content\/uploads\/2019\/10\/Work1.jpg","contentUrl":"https:\/\/www.healthy-heart.org\/wp-content\/uploads\/2019\/10\/Work1.jpg","width":3804,"height":2650},{"@type":"BreadcrumbList","@id":"https:\/\/www.healthy-heart.org\/de\/das-leben-mit-einer-herzerkrankung\/ruckkehr-zur-arbeit-nach-einem-herzinfarkt\/#breadcrumb","itemListElement":[{"@type":"ListItem","position":1,"name":"Home","item":"https:\/\/www.healthy-heart.org\/de\/"},{"@type":"ListItem","position":2,"name":"Das Leben mit einer Herzerkrankung","item":"https:\/\/www.healthy-heart.org\/de\/das-leben-mit-einer-herzerkrankung\/"},{"@type":"ListItem","position":3,"name":"R\u00fcckkehr zur Arbeit nach einem Herzinfarkt"}]},{"@type":"WebSite","@id":"https:\/\/www.healthy-heart.org\/es\/#website","url":"https:\/\/www.healthy-heart.org\/es\/","name":"Healthy-Heart.org","description":"Practical advice for patients and family care givers on the prevention of cardiovascular disease","potentialAction":[{"@type":"SearchAction","target":{"@type":"EntryPoint","urlTemplate":"https:\/\/www.healthy-heart.org\/es\/?s={search_term_string}"},"query-input":{"@type":"PropertyValueSpecification","valueRequired":true,"valueName":"search_term_string"}}],"inLanguage":"de"}]}},"_links":{"self":[{"href":"https:\/\/www.healthy-heart.org\/de\/wp-json\/wp\/v2\/pages\/2176","targetHints":{"allow":["GET"]}}],"collection":[{"href":"https:\/\/www.healthy-heart.org\/de\/wp-json\/wp\/v2\/pages"}],"about":[{"href":"https:\/\/www.healthy-heart.org\/de\/wp-json\/wp\/v2\/types\/page"}],"author":[{"embeddable":true,"href":"https:\/\/www.healthy-heart.org\/de\/wp-json\/wp\/v2\/users\/1"}],"replies":[{"embeddable":true,"href":"https:\/\/www.healthy-heart.org\/de\/wp-json\/wp\/v2\/comments?post=2176"}],"version-history":[{"count":6,"href":"https:\/\/www.healthy-heart.org\/de\/wp-json\/wp\/v2\/pages\/2176\/revisions"}],"predecessor-version":[{"id":7473,"href":"https:\/\/www.healthy-heart.org\/de\/wp-json\/wp\/v2\/pages\/2176\/revisions\/7473"}],"up":[{"embeddable":true,"href":"https:\/\/www.healthy-heart.org\/de\/wp-json\/wp\/v2\/pages\/2127"}],"wp:featuredmedia":[{"embeddable":true,"href":"https:\/\/www.healthy-heart.org\/de\/wp-json\/wp\/v2\/media\/3206"}],"wp:attachment":[{"href":"https:\/\/www.healthy-heart.org\/de\/wp-json\/wp\/v2\/media?parent=2176"}],"wp:term":[{"taxonomy":"category","embeddable":true,"href":"https:\/\/www.healthy-heart.org\/de\/wp-json\/wp\/v2\/categories?post=2176"},{"taxonomy":"post_tag","embeddable":true,"href":"https:\/\/www.healthy-heart.org\/de\/wp-json\/wp\/v2\/tags?post=2176"}],"curies":[{"name":"wp","href":"https:\/\/api.w.org\/{rel}","templated":true}]}}