{"id":2175,"date":"2019-10-08T10:28:43","date_gmt":"2019-10-08T09:28:43","guid":{"rendered":"https:\/\/www.healthy-heart.org\/das-leben-mit-einer-herzerkrankung\/angst-und-depressionen\/"},"modified":"2021-01-26T12:55:20","modified_gmt":"2021-01-26T12:55:20","slug":"angst-und-depressionen","status":"publish","type":"page","link":"https:\/\/www.healthy-heart.org\/de\/das-leben-mit-einer-herzerkrankung\/angst-und-depressionen\/","title":{"rendered":"Angst und Depressionen"},"content":{"rendered":"<p><img loading=\"lazy\" decoding=\"async\" class=\"alignright size-medium wp-image-515\" src=\"https:\/\/cdn-endpoint-prev.azureedge.net\/healthy-heart\/2019\/07\/iStock-955079812-350x233.jpg\" alt=\"\" width=\"350\" height=\"233\" srcset=\"https:\/\/www.healthy-heart.org\/wp-content\/uploads\/2019\/07\/iStock-955079812-350x233.jpg 350w, https:\/\/cdn-endpoint-prev.azureedge.net\/healthy-heart\/2019\/07\/iStock-955079812-2048x1365.jpg 2048w, https:\/\/cdn-endpoint-prev.azureedge.net\/healthy-heart\/2019\/07\/iStock-955079812-659x439.jpg 659w, https:\/\/www.healthy-heart.org\/wp-content\/uploads\/2019\/07\/iStock-955079812-200x133.jpg 200w, https:\/\/www.healthy-heart.org\/wp-content\/uploads\/2019\/07\/iStock-955079812-768x512.jpg 768w, https:\/\/www.healthy-heart.org\/wp-content\/uploads\/2019\/07\/iStock-955079812-1024x683.jpg 1024w, https:\/\/www.healthy-heart.org\/wp-content\/uploads\/2019\/07\/iStock-955079812-1536x1024.jpg 1536w, https:\/\/www.healthy-heart.org\/wp-content\/uploads\/2019\/07\/iStock-955079812-696x464.jpg 696w\" sizes=\"auto, (max-width: 350px) 100vw, 350px\" \/><br \/>\nEine Herzerkrankung ist ein belastendes Lebensereignis, das oft von Besorgnis, Hilflosigkeit oder Traurigkeit begleitet wird und man kann das Vertrauen in seinen eigenen K\u00f6rper verlieren. Das ist ein Teil des normalen Bew\u00e4ltigungsprozesses. Die meisten Herzpatienten (aber nicht alle) finden das emotionale Gleichgewicht wieder, w\u00e4hrend sie sich an das Leben mit einer Herzerkrankung gew\u00f6hnen.<\/p>\n<p>Bei einigen Herzpatienten treten psychologische Probleme auf, die, wenn sie nicht behandelt werden, die Genesung beeintr\u00e4chtigen und dadurch das Risiko f\u00fcr wiederkehrende Herzprobleme erh\u00f6hen k\u00f6nnen. Apathie, Verlust des Interesses an zuvor angenehmen Aktivit\u00e4ten und d\u00fcstere Gedanken behindern den neuen <a href=\"https:\/\/www.healthy-heart.org\/de\/ihr-herz\/forderung-eines-gesunden-lebensstils\/\">gesunden Lebensstil<\/a>. Angst kann die Vermeidung k\u00f6rperlicher Aktivit\u00e4ten bewirken, was sich negativ auf die k\u00f6rperliche Gesundheit und Lebensqualit\u00e4t auswirkt. Depressionen und Angstzust\u00e4nde sind die h\u00e4ufigsten Reaktionen nach einem kardialen Ereignis. Depressionen treten dreimal h\u00e4ufiger bei Herzpatienten auf als in der Allgemeinbev\u00f6lkerung. Bis zu 40 % der Herzpatienten leiden unter schweren Angstzust\u00e4nden. Patienten, die oft negative Emotionen versp\u00fcren, diese aber nicht ausdr\u00fccken, leiden unter emotionalem Stress und einer verminderten Lebensqualit\u00e4t.<\/p>\n<blockquote><p>Nehmen Sie an <a href=\"https:\/\/www.healthy-heart.org\/living-with-heart-disease\/improve-your-heart-condition\/\">einem Herzrehabilitationsprogramm<\/a> in Ihrer Gegend teil und erfahren Sie, wie Sie psychosoziale Probleme verhindern oder bew\u00e4ltigen k\u00f6nnen.<\/p><\/blockquote>\n<p>Die kardiologische Rehabilitation wird von einem Team aus Kardiologen, Physiotherapeuten, Krankenschwestern, Di\u00e4tassistenten und Psychologen durchgef\u00fchrt, die k\u00f6rperliche und geistige Unterst\u00fctzung f\u00fcr eine optimale Genesung bieten. Ein Psychologe kl\u00e4rt die Schwere Ihrer Symptome auf und erkl\u00e4rt die Rolle und den Einfluss von Stress, Angstzust\u00e4nden und Depressionen w\u00e4hrend Ihrer Genesung. In Gruppen- und Einzelsitzungen erhalten Sie Hinweise darauf, wie Sie Stress durch Entspannung bew\u00e4ltigen und negative Gedanken beseitigen und konstruktive Denkweisen aufbauen k\u00f6nnen. Die Behandlung von Angstzust\u00e4nden und Depressionen ist ein integraler Bestandteil der Herzrehabilitation. Ein Training unter Anleitung eines Physiotherapeuten hilft Ihnen, das k\u00f6rperliche Selbstvertrauen zur\u00fcckzugewinnen, \u00c4ngste zu reduzieren und die Stimmung zu verbessern. Viele Patienten erhalten in diesen Veranstaltungen auch Unterst\u00fctzung und Motivation von anderen Patienten. Internationale Forschungen zeigen, dass multidisziplin\u00e4re kardiovaskul\u00e4re Rehabilitation Depressionen und Angstzust\u00e4nde signifikant verbessert, sich positiv auf Ver\u00e4nderungen des Lebensstils auswirkt und die Lebensqualit\u00e4t verbessert.<\/p>\n","protected":false},"excerpt":{"rendered":"<p>Eine Herzerkrankung ist ein belastendes Lebensereignis, das oft von Besorgnis, Hilflosigkeit oder Traurigkeit begleitet wird und man kann das Vertrauen in seinen eigenen K\u00f6rper verlieren. Das ist ein Teil des normalen Bew\u00e4ltigungsprozesses. Die meisten Herzpatienten (aber nicht alle) finden das emotionale Gleichgewicht wieder, w\u00e4hrend sie sich an das Leben mit einer Herzerkrankung gew\u00f6hnen. Bei einigen [&hellip;]<\/p>\n","protected":false},"author":1,"featured_media":518,"parent":2127,"menu_order":5,"comment_status":"closed","ping_status":"closed","template":"","meta":{"_acf_changed":false,"footnotes":""},"categories":[70],"tags":[],"class_list":["post-2175","page","type-page","status-publish","has-post-thumbnail","hentry","category-das-leben-mit-einer-herzerkrankung"],"acf":[],"yoast_head":"<!-- This site is optimized with the Yoast SEO plugin v24.0 - https:\/\/yoast.com\/wordpress\/plugins\/seo\/ -->\n<title>Angst und Depression - Healthy-Heart.org<\/title>\n<meta name=\"description\" content=\"Lernen Sie, wie psychosoziale Probleme wie Stress, Angst und Depressionen w\u00e4hrend und nach der kardialen Rehabilitation verhindert oder bew\u00e4ltigt werden k\u00f6nnen.\" \/>\n<meta name=\"robots\" content=\"index, follow, max-snippet:-1, max-image-preview:large, max-video-preview:-1\" \/>\n<link rel=\"canonical\" href=\"https:\/\/www.healthy-heart.org\/de\/das-leben-mit-einer-herzerkrankung\/angst-und-depressionen\/\" \/>\n<meta property=\"og:locale\" content=\"de_DE\" \/>\n<meta property=\"og:type\" content=\"article\" \/>\n<meta property=\"og:title\" content=\"Angst und Depression - Healthy-Heart.org\" \/>\n<meta property=\"og:description\" content=\"Lernen Sie, wie psychosoziale Probleme wie Stress, Angst und Depressionen w\u00e4hrend und nach der kardialen Rehabilitation verhindert oder bew\u00e4ltigt werden k\u00f6nnen.\" \/>\n<meta property=\"og:url\" content=\"https:\/\/www.healthy-heart.org\/de\/das-leben-mit-einer-herzerkrankung\/angst-und-depressionen\/\" \/>\n<meta property=\"og:site_name\" content=\"Healthy-Heart.org\" \/>\n<meta property=\"article:modified_time\" content=\"2021-01-26T12:55:20+00:00\" \/>\n<meta property=\"og:image\" content=\"https:\/\/www.healthy-heart.org\/wp-content\/uploads\/2019\/07\/iStock-955079812-1024x683.jpg\" \/>\n\t<meta property=\"og:image:width\" content=\"1024\" \/>\n\t<meta property=\"og:image:height\" content=\"683\" \/>\n\t<meta property=\"og:image:type\" content=\"image\/jpeg\" \/>\n<meta name=\"twitter:card\" content=\"summary_large_image\" \/>\n<meta name=\"twitter:label1\" content=\"Gesch\u00e4tzte Lesezeit\" \/>\n\t<meta name=\"twitter:data1\" content=\"2\u00a0Minuten\" \/>\n<script type=\"application\/ld+json\" class=\"yoast-schema-graph\">{\"@context\":\"https:\/\/schema.org\",\"@graph\":[{\"@type\":\"WebPage\",\"@id\":\"https:\/\/www.healthy-heart.org\/de\/das-leben-mit-einer-herzerkrankung\/angst-und-depressionen\/\",\"url\":\"https:\/\/www.healthy-heart.org\/de\/das-leben-mit-einer-herzerkrankung\/angst-und-depressionen\/\",\"name\":\"Angst und Depression - Healthy-Heart.org\",\"isPartOf\":{\"@id\":\"https:\/\/www.healthy-heart.org\/es\/#website\"},\"primaryImageOfPage\":{\"@id\":\"https:\/\/www.healthy-heart.org\/de\/das-leben-mit-einer-herzerkrankung\/angst-und-depressionen\/#primaryimage\"},\"image\":{\"@id\":\"https:\/\/www.healthy-heart.org\/de\/das-leben-mit-einer-herzerkrankung\/angst-und-depressionen\/#primaryimage\"},\"thumbnailUrl\":\"https:\/\/www.healthy-heart.org\/wp-content\/uploads\/2019\/07\/iStock-955079812.jpg\",\"datePublished\":\"2019-10-08T09:28:43+00:00\",\"dateModified\":\"2021-01-26T12:55:20+00:00\",\"description\":\"Lernen Sie, wie psychosoziale Probleme wie Stress, Angst und Depressionen w\u00e4hrend und nach der kardialen Rehabilitation verhindert oder bew\u00e4ltigt werden k\u00f6nnen.\",\"breadcrumb\":{\"@id\":\"https:\/\/www.healthy-heart.org\/de\/das-leben-mit-einer-herzerkrankung\/angst-und-depressionen\/#breadcrumb\"},\"inLanguage\":\"de\",\"potentialAction\":[{\"@type\":\"ReadAction\",\"target\":[\"https:\/\/www.healthy-heart.org\/de\/das-leben-mit-einer-herzerkrankung\/angst-und-depressionen\/\"]}]},{\"@type\":\"ImageObject\",\"inLanguage\":\"de\",\"@id\":\"https:\/\/www.healthy-heart.org\/de\/das-leben-mit-einer-herzerkrankung\/angst-und-depressionen\/#primaryimage\",\"url\":\"https:\/\/www.healthy-heart.org\/wp-content\/uploads\/2019\/07\/iStock-955079812.jpg\",\"contentUrl\":\"https:\/\/www.healthy-heart.org\/wp-content\/uploads\/2019\/07\/iStock-955079812.jpg\",\"width\":5616,\"height\":3744,\"caption\":\"A young woman is looking outside through the window and thinking something deeply alone.\"},{\"@type\":\"BreadcrumbList\",\"@id\":\"https:\/\/www.healthy-heart.org\/de\/das-leben-mit-einer-herzerkrankung\/angst-und-depressionen\/#breadcrumb\",\"itemListElement\":[{\"@type\":\"ListItem\",\"position\":1,\"name\":\"Home\",\"item\":\"https:\/\/www.healthy-heart.org\/de\/\"},{\"@type\":\"ListItem\",\"position\":2,\"name\":\"Das Leben mit einer Herzerkrankung\",\"item\":\"https:\/\/www.healthy-heart.org\/de\/das-leben-mit-einer-herzerkrankung\/\"},{\"@type\":\"ListItem\",\"position\":3,\"name\":\"Angst und Depressionen\"}]},{\"@type\":\"WebSite\",\"@id\":\"https:\/\/www.healthy-heart.org\/es\/#website\",\"url\":\"https:\/\/www.healthy-heart.org\/es\/\",\"name\":\"Healthy-Heart.org\",\"description\":\"Practical advice for patients and family care givers on the prevention of cardiovascular disease\",\"potentialAction\":[{\"@type\":\"SearchAction\",\"target\":{\"@type\":\"EntryPoint\",\"urlTemplate\":\"https:\/\/www.healthy-heart.org\/es\/?s={search_term_string}\"},\"query-input\":{\"@type\":\"PropertyValueSpecification\",\"valueRequired\":true,\"valueName\":\"search_term_string\"}}],\"inLanguage\":\"de\"}]}<\/script>\n<!-- \/ Yoast SEO plugin. -->","yoast_head_json":{"title":"Angst und Depression - Healthy-Heart.org","description":"Lernen Sie, wie psychosoziale Probleme wie Stress, Angst und Depressionen w\u00e4hrend und nach der kardialen Rehabilitation verhindert oder bew\u00e4ltigt werden k\u00f6nnen.","robots":{"index":"index","follow":"follow","max-snippet":"max-snippet:-1","max-image-preview":"max-image-preview:large","max-video-preview":"max-video-preview:-1"},"canonical":"https:\/\/www.healthy-heart.org\/de\/das-leben-mit-einer-herzerkrankung\/angst-und-depressionen\/","og_locale":"de_DE","og_type":"article","og_title":"Angst und Depression - Healthy-Heart.org","og_description":"Lernen Sie, wie psychosoziale Probleme wie Stress, Angst und Depressionen w\u00e4hrend und nach der kardialen Rehabilitation verhindert oder bew\u00e4ltigt werden k\u00f6nnen.","og_url":"https:\/\/www.healthy-heart.org\/de\/das-leben-mit-einer-herzerkrankung\/angst-und-depressionen\/","og_site_name":"Healthy-Heart.org","article_modified_time":"2021-01-26T12:55:20+00:00","og_image":[{"width":1024,"height":683,"url":"https:\/\/www.healthy-heart.org\/wp-content\/uploads\/2019\/07\/iStock-955079812-1024x683.jpg","type":"image\/jpeg"}],"twitter_card":"summary_large_image","twitter_misc":{"Gesch\u00e4tzte Lesezeit":"2\u00a0Minuten"},"schema":{"@context":"https:\/\/schema.org","@graph":[{"@type":"WebPage","@id":"https:\/\/www.healthy-heart.org\/de\/das-leben-mit-einer-herzerkrankung\/angst-und-depressionen\/","url":"https:\/\/www.healthy-heart.org\/de\/das-leben-mit-einer-herzerkrankung\/angst-und-depressionen\/","name":"Angst und Depression - Healthy-Heart.org","isPartOf":{"@id":"https:\/\/www.healthy-heart.org\/es\/#website"},"primaryImageOfPage":{"@id":"https:\/\/www.healthy-heart.org\/de\/das-leben-mit-einer-herzerkrankung\/angst-und-depressionen\/#primaryimage"},"image":{"@id":"https:\/\/www.healthy-heart.org\/de\/das-leben-mit-einer-herzerkrankung\/angst-und-depressionen\/#primaryimage"},"thumbnailUrl":"https:\/\/www.healthy-heart.org\/wp-content\/uploads\/2019\/07\/iStock-955079812.jpg","datePublished":"2019-10-08T09:28:43+00:00","dateModified":"2021-01-26T12:55:20+00:00","description":"Lernen Sie, wie psychosoziale Probleme wie Stress, Angst und Depressionen w\u00e4hrend und nach der kardialen Rehabilitation verhindert oder bew\u00e4ltigt werden k\u00f6nnen.","breadcrumb":{"@id":"https:\/\/www.healthy-heart.org\/de\/das-leben-mit-einer-herzerkrankung\/angst-und-depressionen\/#breadcrumb"},"inLanguage":"de","potentialAction":[{"@type":"ReadAction","target":["https:\/\/www.healthy-heart.org\/de\/das-leben-mit-einer-herzerkrankung\/angst-und-depressionen\/"]}]},{"@type":"ImageObject","inLanguage":"de","@id":"https:\/\/www.healthy-heart.org\/de\/das-leben-mit-einer-herzerkrankung\/angst-und-depressionen\/#primaryimage","url":"https:\/\/www.healthy-heart.org\/wp-content\/uploads\/2019\/07\/iStock-955079812.jpg","contentUrl":"https:\/\/www.healthy-heart.org\/wp-content\/uploads\/2019\/07\/iStock-955079812.jpg","width":5616,"height":3744,"caption":"A young woman is looking outside through the window and thinking something deeply alone."},{"@type":"BreadcrumbList","@id":"https:\/\/www.healthy-heart.org\/de\/das-leben-mit-einer-herzerkrankung\/angst-und-depressionen\/#breadcrumb","itemListElement":[{"@type":"ListItem","position":1,"name":"Home","item":"https:\/\/www.healthy-heart.org\/de\/"},{"@type":"ListItem","position":2,"name":"Das Leben mit einer Herzerkrankung","item":"https:\/\/www.healthy-heart.org\/de\/das-leben-mit-einer-herzerkrankung\/"},{"@type":"ListItem","position":3,"name":"Angst und Depressionen"}]},{"@type":"WebSite","@id":"https:\/\/www.healthy-heart.org\/es\/#website","url":"https:\/\/www.healthy-heart.org\/es\/","name":"Healthy-Heart.org","description":"Practical advice for patients and family care givers on the prevention of cardiovascular disease","potentialAction":[{"@type":"SearchAction","target":{"@type":"EntryPoint","urlTemplate":"https:\/\/www.healthy-heart.org\/es\/?s={search_term_string}"},"query-input":{"@type":"PropertyValueSpecification","valueRequired":true,"valueName":"search_term_string"}}],"inLanguage":"de"}]}},"_links":{"self":[{"href":"https:\/\/www.healthy-heart.org\/de\/wp-json\/wp\/v2\/pages\/2175","targetHints":{"allow":["GET"]}}],"collection":[{"href":"https:\/\/www.healthy-heart.org\/de\/wp-json\/wp\/v2\/pages"}],"about":[{"href":"https:\/\/www.healthy-heart.org\/de\/wp-json\/wp\/v2\/types\/page"}],"author":[{"embeddable":true,"href":"https:\/\/www.healthy-heart.org\/de\/wp-json\/wp\/v2\/users\/1"}],"replies":[{"embeddable":true,"href":"https:\/\/www.healthy-heart.org\/de\/wp-json\/wp\/v2\/comments?post=2175"}],"version-history":[{"count":6,"href":"https:\/\/www.healthy-heart.org\/de\/wp-json\/wp\/v2\/pages\/2175\/revisions"}],"predecessor-version":[{"id":4998,"href":"https:\/\/www.healthy-heart.org\/de\/wp-json\/wp\/v2\/pages\/2175\/revisions\/4998"}],"up":[{"embeddable":true,"href":"https:\/\/www.healthy-heart.org\/de\/wp-json\/wp\/v2\/pages\/2127"}],"wp:featuredmedia":[{"embeddable":true,"href":"https:\/\/www.healthy-heart.org\/de\/wp-json\/wp\/v2\/media\/518"}],"wp:attachment":[{"href":"https:\/\/www.healthy-heart.org\/de\/wp-json\/wp\/v2\/media?parent=2175"}],"wp:term":[{"taxonomy":"category","embeddable":true,"href":"https:\/\/www.healthy-heart.org\/de\/wp-json\/wp\/v2\/categories?post=2175"},{"taxonomy":"post_tag","embeddable":true,"href":"https:\/\/www.healthy-heart.org\/de\/wp-json\/wp\/v2\/tags?post=2175"}],"curies":[{"name":"wp","href":"https:\/\/api.w.org\/{rel}","templated":true}]}}