{"id":2164,"date":"2019-10-08T10:28:39","date_gmt":"2019-10-08T09:28:39","guid":{"rendered":"https:\/\/www.healthy-heart.org\/das-leben-mit-einer-herzerkrankung\/fahren-nach-einem-herzinfarkt\/"},"modified":"2021-01-26T12:51:50","modified_gmt":"2021-01-26T12:51:50","slug":"fahren-nach-einem-herzinfarkt","status":"publish","type":"page","link":"https:\/\/www.healthy-heart.org\/de\/das-leben-mit-einer-herzerkrankung\/fahren-nach-einem-herzinfarkt\/","title":{"rendered":"Fahren nach einem Herzinfarkt"},"content":{"rendered":"<p><img loading=\"lazy\" decoding=\"async\" class=\"alignright size-medium wp-image-529\" src=\"https:\/\/cdn-endpoint-prev.azureedge.net\/healthy-heart\/2019\/07\/iStock-974943148-350x233.jpg\" alt=\"\" width=\"350\" height=\"233\" srcset=\"https:\/\/www.healthy-heart.org\/wp-content\/uploads\/2019\/07\/iStock-974943148-350x233.jpg 350w, https:\/\/cdn-endpoint-prev.azureedge.net\/healthy-heart\/2019\/07\/iStock-974943148-2048x1365.jpg 2048w, https:\/\/www.healthy-heart.org\/wp-content\/uploads\/2019\/07\/iStock-974943148-200x133.jpg 200w, https:\/\/www.healthy-heart.org\/wp-content\/uploads\/2019\/07\/iStock-974943148-768x512.jpg 768w, https:\/\/www.healthy-heart.org\/wp-content\/uploads\/2019\/07\/iStock-974943148-1024x683.jpg 1024w, https:\/\/www.healthy-heart.org\/wp-content\/uploads\/2019\/07\/iStock-974943148-1536x1024.jpg 1536w, https:\/\/www.healthy-heart.org\/wp-content\/uploads\/2019\/07\/iStock-974943148-658x439.jpg 658w, https:\/\/www.healthy-heart.org\/wp-content\/uploads\/2019\/07\/iStock-974943148-696x464.jpg 696w\" sizes=\"auto, (max-width: 350px) 100vw, 350px\" \/><br \/>\nFahren kann Stress verursachen und ein zus\u00e4tzlicher Risikofaktor f\u00fcr eine <a href=\"https:\/\/www.healthy-heart.org\/de\/ihr-herz\/was-ist-eine-herzerkrankung\/\">Herzerkrankung<\/a> sein. Ihr Kardiologe wird anhand verschiedener Aspekte entscheiden, wann Sie wieder fahren k\u00f6nnen. Dazu geh\u00f6ren die Dauer zwischen dem Auftreten von Brustschmerzen und dem chirurgischen Eingriff, die Lage des Myokardinfarkts, die Pumpf\u00e4higkeit des Herzens, das Verfahren zur Wiederherstellung des Blutflusses zu verengten Gef\u00e4\u00dfen und der Grad der Wiederherstellung, ob es andere verengte Koronararterien gibt, die entweder ge\u00f6ffnet werden m\u00fcssen oder unzug\u00e4nglich verengt sind, die Stabilit\u00e4t des Herzrhythmus, die Dauer des Krankenhausaufenthalts, Komplikationen im Krankenhaus und die Teilnahme an einem Herzrehabilitationsprogramm.<\/p>\n<p>Die Empfehlungen, wann Sie das Autofahren wieder aufnehmen d\u00fcrfen, k\u00f6nnen variieren. Sie sollten warten:<\/p>\n<ul>\n<li>Mindestens vier Wochen, wenn Sie sich einer Koronararterien-Bypass-Operation unterzogen haben (drei Monate f\u00fcr Berufskraftfahrer, die sich zuerst einem Stresstest unterziehen sollten).<\/li>\n<li>Mindestens eine Woche, wenn Sie einen Myokardinfarkt ohne Komplikationen hatten und die Pumpkapazit\u00e4t Ihres Herzens, die sogenannte linksventrikul\u00e4re Ejektionsfraktion (LVEF), \u00fcber 35\u00a0% liegt.<\/li>\n<li>Einen Monat, wenn Sie einen Myokardinfarkt mit Komplikationen wie Herzinsuffizienz, LVEF unter 35 % oder eine Herzrhythmusst\u00f6rung (Arrhythmie) hatten.<\/li>\n<li>Sechs Wochen f\u00fcr Berufskraftfahrer, die einen Herzinfarkt erlitten und eine LVEF von \u00fcber 35 % aufwiesen. Autofahren ist nicht angezeigt, wenn die LVEF unter 35 % liegt.<\/li>\n<li>24 Stunden nach einer geplanten perkutanen Koronarintervention, wenn der Eingriff erfolgreich ist und keine Arrhythmien beobachtet werden (ein Monat bei Berufskraftfahrern).<\/li>\n<\/ul>\n<p>&nbsp;<\/p>\n","protected":false},"excerpt":{"rendered":"<p>Fahren kann Stress verursachen und ein zus\u00e4tzlicher Risikofaktor f\u00fcr eine Herzerkrankung sein. Ihr Kardiologe wird anhand verschiedener Aspekte entscheiden, wann Sie wieder fahren k\u00f6nnen. Dazu geh\u00f6ren die Dauer zwischen dem Auftreten von Brustschmerzen und dem chirurgischen Eingriff, die Lage des Myokardinfarkts, die Pumpf\u00e4higkeit des Herzens, das Verfahren zur Wiederherstellung des Blutflusses zu verengten Gef\u00e4\u00dfen und [&hellip;]<\/p>\n","protected":false},"author":1,"featured_media":532,"parent":2127,"menu_order":6,"comment_status":"closed","ping_status":"closed","template":"","meta":{"_acf_changed":false,"footnotes":""},"categories":[70],"tags":[],"class_list":["post-2164","page","type-page","status-publish","has-post-thumbnail","hentry","category-das-leben-mit-einer-herzerkrankung"],"acf":[],"yoast_head":"<!-- This site is optimized with the Yoast SEO plugin v24.0 - https:\/\/yoast.com\/wordpress\/plugins\/seo\/ -->\n<title>Fahren nach einem Herzinfarkt - Healthy-Heart.org<\/title>\n<meta name=\"description\" content=\"Wann Sie nach einem Herzinfarkt wieder fahren k\u00f6nnen, h\u00e4ngt von der Art der Intervention ab.\" \/>\n<meta name=\"robots\" content=\"index, follow, max-snippet:-1, max-image-preview:large, max-video-preview:-1\" \/>\n<link rel=\"canonical\" href=\"https:\/\/www.healthy-heart.org\/de\/das-leben-mit-einer-herzerkrankung\/fahren-nach-einem-herzinfarkt\/\" \/>\n<meta property=\"og:locale\" content=\"de_DE\" \/>\n<meta property=\"og:type\" content=\"article\" \/>\n<meta property=\"og:title\" content=\"Fahren nach einem Herzinfarkt - Healthy-Heart.org\" \/>\n<meta property=\"og:description\" content=\"Wann Sie nach einem Herzinfarkt wieder fahren k\u00f6nnen, h\u00e4ngt von der Art der Intervention ab.\" \/>\n<meta property=\"og:url\" content=\"https:\/\/www.healthy-heart.org\/de\/das-leben-mit-einer-herzerkrankung\/fahren-nach-einem-herzinfarkt\/\" \/>\n<meta property=\"og:site_name\" content=\"Healthy-Heart.org\" \/>\n<meta property=\"article:modified_time\" content=\"2021-01-26T12:51:50+00:00\" \/>\n<meta property=\"og:image\" content=\"https:\/\/www.healthy-heart.org\/wp-content\/uploads\/2019\/07\/iStock-974943148-1024x683.jpg\" \/>\n\t<meta property=\"og:image:width\" content=\"1024\" \/>\n\t<meta property=\"og:image:height\" content=\"683\" \/>\n\t<meta property=\"og:image:type\" content=\"image\/jpeg\" \/>\n<meta name=\"twitter:card\" content=\"summary_large_image\" \/>\n<meta name=\"twitter:label1\" content=\"Gesch\u00e4tzte Lesezeit\" \/>\n\t<meta name=\"twitter:data1\" content=\"1\u00a0Minute\" \/>\n<script type=\"application\/ld+json\" class=\"yoast-schema-graph\">{\"@context\":\"https:\/\/schema.org\",\"@graph\":[{\"@type\":\"WebPage\",\"@id\":\"https:\/\/www.healthy-heart.org\/de\/das-leben-mit-einer-herzerkrankung\/fahren-nach-einem-herzinfarkt\/\",\"url\":\"https:\/\/www.healthy-heart.org\/de\/das-leben-mit-einer-herzerkrankung\/fahren-nach-einem-herzinfarkt\/\",\"name\":\"Fahren nach einem Herzinfarkt - Healthy-Heart.org\",\"isPartOf\":{\"@id\":\"https:\/\/www.healthy-heart.org\/es\/#website\"},\"primaryImageOfPage\":{\"@id\":\"https:\/\/www.healthy-heart.org\/de\/das-leben-mit-einer-herzerkrankung\/fahren-nach-einem-herzinfarkt\/#primaryimage\"},\"image\":{\"@id\":\"https:\/\/www.healthy-heart.org\/de\/das-leben-mit-einer-herzerkrankung\/fahren-nach-einem-herzinfarkt\/#primaryimage\"},\"thumbnailUrl\":\"https:\/\/www.healthy-heart.org\/wp-content\/uploads\/2019\/07\/iStock-974943148.jpg\",\"datePublished\":\"2019-10-08T09:28:39+00:00\",\"dateModified\":\"2021-01-26T12:51:50+00:00\",\"description\":\"Wann Sie nach einem Herzinfarkt wieder fahren k\u00f6nnen, h\u00e4ngt von der Art der Intervention ab.\",\"breadcrumb\":{\"@id\":\"https:\/\/www.healthy-heart.org\/de\/das-leben-mit-einer-herzerkrankung\/fahren-nach-einem-herzinfarkt\/#breadcrumb\"},\"inLanguage\":\"de\",\"potentialAction\":[{\"@type\":\"ReadAction\",\"target\":[\"https:\/\/www.healthy-heart.org\/de\/das-leben-mit-einer-herzerkrankung\/fahren-nach-einem-herzinfarkt\/\"]}]},{\"@type\":\"ImageObject\",\"inLanguage\":\"de\",\"@id\":\"https:\/\/www.healthy-heart.org\/de\/das-leben-mit-einer-herzerkrankung\/fahren-nach-einem-herzinfarkt\/#primaryimage\",\"url\":\"https:\/\/www.healthy-heart.org\/wp-content\/uploads\/2019\/07\/iStock-974943148.jpg\",\"contentUrl\":\"https:\/\/www.healthy-heart.org\/wp-content\/uploads\/2019\/07\/iStock-974943148.jpg\",\"width\":5200,\"height\":3467,\"caption\":\"Stressed man driving\"},{\"@type\":\"BreadcrumbList\",\"@id\":\"https:\/\/www.healthy-heart.org\/de\/das-leben-mit-einer-herzerkrankung\/fahren-nach-einem-herzinfarkt\/#breadcrumb\",\"itemListElement\":[{\"@type\":\"ListItem\",\"position\":1,\"name\":\"Home\",\"item\":\"https:\/\/www.healthy-heart.org\/de\/\"},{\"@type\":\"ListItem\",\"position\":2,\"name\":\"Das Leben mit einer Herzerkrankung\",\"item\":\"https:\/\/www.healthy-heart.org\/de\/das-leben-mit-einer-herzerkrankung\/\"},{\"@type\":\"ListItem\",\"position\":3,\"name\":\"Fahren nach einem Herzinfarkt\"}]},{\"@type\":\"WebSite\",\"@id\":\"https:\/\/www.healthy-heart.org\/es\/#website\",\"url\":\"https:\/\/www.healthy-heart.org\/es\/\",\"name\":\"Healthy-Heart.org\",\"description\":\"Practical advice for patients and family care givers on the prevention of cardiovascular disease\",\"potentialAction\":[{\"@type\":\"SearchAction\",\"target\":{\"@type\":\"EntryPoint\",\"urlTemplate\":\"https:\/\/www.healthy-heart.org\/es\/?s={search_term_string}\"},\"query-input\":{\"@type\":\"PropertyValueSpecification\",\"valueRequired\":true,\"valueName\":\"search_term_string\"}}],\"inLanguage\":\"de\"}]}<\/script>\n<!-- \/ Yoast SEO plugin. -->","yoast_head_json":{"title":"Fahren nach einem Herzinfarkt - Healthy-Heart.org","description":"Wann Sie nach einem Herzinfarkt wieder fahren k\u00f6nnen, h\u00e4ngt von der Art der Intervention ab.","robots":{"index":"index","follow":"follow","max-snippet":"max-snippet:-1","max-image-preview":"max-image-preview:large","max-video-preview":"max-video-preview:-1"},"canonical":"https:\/\/www.healthy-heart.org\/de\/das-leben-mit-einer-herzerkrankung\/fahren-nach-einem-herzinfarkt\/","og_locale":"de_DE","og_type":"article","og_title":"Fahren nach einem Herzinfarkt - Healthy-Heart.org","og_description":"Wann Sie nach einem Herzinfarkt wieder fahren k\u00f6nnen, h\u00e4ngt von der Art der Intervention ab.","og_url":"https:\/\/www.healthy-heart.org\/de\/das-leben-mit-einer-herzerkrankung\/fahren-nach-einem-herzinfarkt\/","og_site_name":"Healthy-Heart.org","article_modified_time":"2021-01-26T12:51:50+00:00","og_image":[{"width":1024,"height":683,"url":"https:\/\/www.healthy-heart.org\/wp-content\/uploads\/2019\/07\/iStock-974943148-1024x683.jpg","type":"image\/jpeg"}],"twitter_card":"summary_large_image","twitter_misc":{"Gesch\u00e4tzte Lesezeit":"1\u00a0Minute"},"schema":{"@context":"https:\/\/schema.org","@graph":[{"@type":"WebPage","@id":"https:\/\/www.healthy-heart.org\/de\/das-leben-mit-einer-herzerkrankung\/fahren-nach-einem-herzinfarkt\/","url":"https:\/\/www.healthy-heart.org\/de\/das-leben-mit-einer-herzerkrankung\/fahren-nach-einem-herzinfarkt\/","name":"Fahren nach einem Herzinfarkt - Healthy-Heart.org","isPartOf":{"@id":"https:\/\/www.healthy-heart.org\/es\/#website"},"primaryImageOfPage":{"@id":"https:\/\/www.healthy-heart.org\/de\/das-leben-mit-einer-herzerkrankung\/fahren-nach-einem-herzinfarkt\/#primaryimage"},"image":{"@id":"https:\/\/www.healthy-heart.org\/de\/das-leben-mit-einer-herzerkrankung\/fahren-nach-einem-herzinfarkt\/#primaryimage"},"thumbnailUrl":"https:\/\/www.healthy-heart.org\/wp-content\/uploads\/2019\/07\/iStock-974943148.jpg","datePublished":"2019-10-08T09:28:39+00:00","dateModified":"2021-01-26T12:51:50+00:00","description":"Wann Sie nach einem Herzinfarkt wieder fahren k\u00f6nnen, h\u00e4ngt von der Art der Intervention ab.","breadcrumb":{"@id":"https:\/\/www.healthy-heart.org\/de\/das-leben-mit-einer-herzerkrankung\/fahren-nach-einem-herzinfarkt\/#breadcrumb"},"inLanguage":"de","potentialAction":[{"@type":"ReadAction","target":["https:\/\/www.healthy-heart.org\/de\/das-leben-mit-einer-herzerkrankung\/fahren-nach-einem-herzinfarkt\/"]}]},{"@type":"ImageObject","inLanguage":"de","@id":"https:\/\/www.healthy-heart.org\/de\/das-leben-mit-einer-herzerkrankung\/fahren-nach-einem-herzinfarkt\/#primaryimage","url":"https:\/\/www.healthy-heart.org\/wp-content\/uploads\/2019\/07\/iStock-974943148.jpg","contentUrl":"https:\/\/www.healthy-heart.org\/wp-content\/uploads\/2019\/07\/iStock-974943148.jpg","width":5200,"height":3467,"caption":"Stressed man driving"},{"@type":"BreadcrumbList","@id":"https:\/\/www.healthy-heart.org\/de\/das-leben-mit-einer-herzerkrankung\/fahren-nach-einem-herzinfarkt\/#breadcrumb","itemListElement":[{"@type":"ListItem","position":1,"name":"Home","item":"https:\/\/www.healthy-heart.org\/de\/"},{"@type":"ListItem","position":2,"name":"Das Leben mit einer Herzerkrankung","item":"https:\/\/www.healthy-heart.org\/de\/das-leben-mit-einer-herzerkrankung\/"},{"@type":"ListItem","position":3,"name":"Fahren nach einem Herzinfarkt"}]},{"@type":"WebSite","@id":"https:\/\/www.healthy-heart.org\/es\/#website","url":"https:\/\/www.healthy-heart.org\/es\/","name":"Healthy-Heart.org","description":"Practical advice for patients and family care givers on the prevention of cardiovascular disease","potentialAction":[{"@type":"SearchAction","target":{"@type":"EntryPoint","urlTemplate":"https:\/\/www.healthy-heart.org\/es\/?s={search_term_string}"},"query-input":{"@type":"PropertyValueSpecification","valueRequired":true,"valueName":"search_term_string"}}],"inLanguage":"de"}]}},"_links":{"self":[{"href":"https:\/\/www.healthy-heart.org\/de\/wp-json\/wp\/v2\/pages\/2164","targetHints":{"allow":["GET"]}}],"collection":[{"href":"https:\/\/www.healthy-heart.org\/de\/wp-json\/wp\/v2\/pages"}],"about":[{"href":"https:\/\/www.healthy-heart.org\/de\/wp-json\/wp\/v2\/types\/page"}],"author":[{"embeddable":true,"href":"https:\/\/www.healthy-heart.org\/de\/wp-json\/wp\/v2\/users\/1"}],"replies":[{"embeddable":true,"href":"https:\/\/www.healthy-heart.org\/de\/wp-json\/wp\/v2\/comments?post=2164"}],"version-history":[{"count":2,"href":"https:\/\/www.healthy-heart.org\/de\/wp-json\/wp\/v2\/pages\/2164\/revisions"}],"predecessor-version":[{"id":4996,"href":"https:\/\/www.healthy-heart.org\/de\/wp-json\/wp\/v2\/pages\/2164\/revisions\/4996"}],"up":[{"embeddable":true,"href":"https:\/\/www.healthy-heart.org\/de\/wp-json\/wp\/v2\/pages\/2127"}],"wp:featuredmedia":[{"embeddable":true,"href":"https:\/\/www.healthy-heart.org\/de\/wp-json\/wp\/v2\/media\/532"}],"wp:attachment":[{"href":"https:\/\/www.healthy-heart.org\/de\/wp-json\/wp\/v2\/media?parent=2164"}],"wp:term":[{"taxonomy":"category","embeddable":true,"href":"https:\/\/www.healthy-heart.org\/de\/wp-json\/wp\/v2\/categories?post=2164"},{"taxonomy":"post_tag","embeddable":true,"href":"https:\/\/www.healthy-heart.org\/de\/wp-json\/wp\/v2\/tags?post=2164"}],"curies":[{"name":"wp","href":"https:\/\/api.w.org\/{rel}","templated":true}]}}