{"id":2100,"date":"2019-10-08T10:28:29","date_gmt":"2019-10-08T09:28:29","guid":{"rendered":"https:\/\/www.healthy-heart.org\/halten-sie-ihr-herz-gesund\/vorhersage-und-management-des-risikos-von-herzerkrankungen\/"},"modified":"2024-12-10T12:24:08","modified_gmt":"2024-12-10T12:24:08","slug":"vorhersage-und-management-des-risikos-von-herzerkrankungen","status":"publish","type":"page","link":"https:\/\/www.healthy-heart.org\/de\/halten-sie-ihr-herz-gesund\/vorhersage-und-management-des-risikos-von-herzerkrankungen\/","title":{"rendered":"Vorhersage und Management des Risikos von Herzerkrankungen"},"content":{"rendered":"<p><a href=\"\/wp-content\/uploads\/2019\/07\/score-charts.pdf\" target=\"blank\" rel=\"noopener noreferrer\"><img loading=\"lazy\" decoding=\"async\" class=\"size-medium wp-image-663 alignright\" src=\"https:\/\/cdn-endpoint-prev.azureedge.net\/healthy-heart\/2019\/07\/EAPC-Scores-Poster-2018-high-1-235x350.jpg\" alt=\"\" width=\"235\" height=\"350\" srcset=\"https:\/\/www.healthy-heart.org\/wp-content\/uploads\/2019\/07\/EAPC-Scores-Poster-2018-high-1-235x350.jpg 235w, https:\/\/cdn-endpoint-prev.azureedge.net\/healthy-heart\/2019\/07\/EAPC-Scores-Poster-2018-high-1-768x1145.jpg 768w, https:\/\/www.healthy-heart.org\/wp-content\/uploads\/2019\/07\/EAPC-Scores-Poster-2018-high-1-134x200.jpg 134w, https:\/\/www.healthy-heart.org\/wp-content\/uploads\/2019\/07\/EAPC-Scores-Poster-2018-high-1-687x1024.jpg 687w, https:\/\/www.healthy-heart.org\/wp-content\/uploads\/2019\/07\/EAPC-Scores-Poster-2018-high-1-1031x1536.jpg 1031w, https:\/\/www.healthy-heart.org\/wp-content\/uploads\/2019\/07\/EAPC-Scores-Poster-2018-high-1-1374x2048.jpg 1374w, https:\/\/www.healthy-heart.org\/wp-content\/uploads\/2019\/07\/EAPC-Scores-Poster-2018-high-1-295x439.jpg 295w, https:\/\/www.healthy-heart.org\/wp-content\/uploads\/2019\/07\/EAPC-Scores-Poster-2018-high-1-311x464.jpg 311w, https:\/\/cdn-endpoint-prev.azureedge.net\/healthy-heart\/2019\/07\/EAPC-Scores-Poster-2018-high-1-scaled.jpg 1718w\" sizes=\"auto, (max-width: 235px) 100vw, 235px\" \/><\/a><a href=\"\/wp-content\/uploads\/2019\/07\/score-charts.pdf\" target=\"blank\" rel=\"noopener noreferrer\"><img loading=\"lazy\" decoding=\"async\" class=\"alignright wp-image-672 size-medium\" src=\"https:\/\/cdn-endpoint-prev.azureedge.net\/healthy-heart\/2019\/07\/EAPC-Scores-Poster-2018-low-1-235x350.jpg\" alt=\"\" width=\"235\" height=\"350\" srcset=\"https:\/\/www.healthy-heart.org\/wp-content\/uploads\/2019\/07\/EAPC-Scores-Poster-2018-low-1-235x350.jpg 235w, https:\/\/cdn-endpoint-prev.azureedge.net\/healthy-heart\/2019\/07\/EAPC-Scores-Poster-2018-low-1-768x1145.jpg 768w, https:\/\/www.healthy-heart.org\/wp-content\/uploads\/2019\/07\/EAPC-Scores-Poster-2018-low-1-134x200.jpg 134w, https:\/\/www.healthy-heart.org\/wp-content\/uploads\/2019\/07\/EAPC-Scores-Poster-2018-low-1-687x1024.jpg 687w, https:\/\/www.healthy-heart.org\/wp-content\/uploads\/2019\/07\/EAPC-Scores-Poster-2018-low-1-1031x1536.jpg 1031w, https:\/\/www.healthy-heart.org\/wp-content\/uploads\/2019\/07\/EAPC-Scores-Poster-2018-low-1-1374x2048.jpg 1374w, https:\/\/www.healthy-heart.org\/wp-content\/uploads\/2019\/07\/EAPC-Scores-Poster-2018-low-1-295x439.jpg 295w, https:\/\/www.healthy-heart.org\/wp-content\/uploads\/2019\/07\/EAPC-Scores-Poster-2018-low-1-311x464.jpg 311w, https:\/\/cdn-endpoint-prev.azureedge.net\/healthy-heart\/2019\/07\/EAPC-Scores-Poster-2018-low-1-scaled.jpg 1718w\" sizes=\"auto, (max-width: 235px) 100vw, 235px\" \/><\/a><\/p>\n<p>Dies hilft auch Ihrem Arzt zu verstehen, wie sehr Sie von einer Vorbeugung profitieren w\u00fcrden, z. B. von einer Senkung des Blutdrucks, des Cholesterinspiegels oder dem Aufh\u00f6ren von Rauchen. Es stehen viele Methoden oder Tools zur Verf\u00fcgung, mit denen dieses Risiko vorhergesagt werden kann. In Europa wird empfohlen, dass medizinisches Fachpersonal den SCORE2-Algorithmus (Systemic Coronary Risk Estimation 2) verwendet. Um dies abzusch\u00e4tzen, verwendet das Tool Ihre Risikofaktoren, wie z. B. Ihr Alter und Geschlecht, Ihren <a href=\"https:\/\/www.healthy-heart.org\/keep-your-heart-healthy\/blood-pressure\/\">Blutdruck<\/a>, <a href=\"https:\/\/www.healthy-heart.org\/keep-your-heart-healthy\/cholesterol\/\">Cholesterinspiegel<\/a> (Fettgehalt im Blut) und <a href=\"https:\/\/www.healthy-heart.org\/keep-your-heart-healthy\/smoking\/\">Rauchgewohnheiten<\/a>. Wenn Sie diese Risikofaktoren angehen, k\u00f6nnen Sie das Risiko f\u00fcr Herz-Kreislauf-Erkrankungen senken.<\/p>\n<p>SCORE2 zeigt Ihnen, wie diese Risikofaktoren zusammenwirken, um Ihr kardiovaskul\u00e4res Risiko (ausgedr\u00fcckt als Prozentsatz) zu ermitteln, und es zeigt auf, welche Risikofaktoren angegangen werden k\u00f6nnen, um Ihr Risiko zu senken. Die Berechnungen k\u00f6nnen mithilfe der SCORE2-Risikotabellen oder \u00fcber das interaktive Heartscore-Online-Tool durchgef\u00fchrt werden. SCORE2 ist f\u00fcr die Verwendung bei \u201egesunden\u201c Menschen konzipiert, d. h. die Diagramme werden nicht f\u00fcr die Verwendung bei Patienten empfohlen, die bereits in der Vergangenheit an einer Herzerkrankung, einem Schlaganfall oder Diabetes litten. F\u00fcr diese Personen gibt es andere Hilfsmittel, die medizinischen Fachkr\u00e4ften bei der Einsch\u00e4tzung des Risikos f\u00fcr Herz-Kreislauf-Erkrankungen helfen k\u00f6nnen.<\/p>\n<p>Die Risikobewertung erfolgt in drei Kategorien: geringes Risiko, mittleres Risiko oder hohes Risiko. Die Kategorie wird durch Ihre Risikobewertung zusammen mit Ihrem Alter bestimmt. Ihr Arzt wird seine Behandlungsentscheidungen haupts\u00e4chlich auf der Grundlage der Risikokategorie treffen. Es ist wichtig, mit Ihrem Arzt zu besprechen, was dies bedeutet und wie Sie Ihr Risiko senken k\u00f6nnen.<\/p>\n<p>Sehen Sie sich die empfohlenen Ratschl\u00e4ge f\u00fcr <a href=\"https:\/\/www.healthy-heart.org\/keep-your-heart-healthy\/take-control-of-your-lifestyle\/\">einen gesunden Lebensstil an, und<\/a> erfahren Sie, wie Sie Ihr Risiko senken k\u00f6nnen. Sie sollten Ihren Arzt oder medizinischen Fachpersonal um eine pers\u00f6nliche Bewertung nach den SCORE2-Diagrammen oder dem Heartscore-Tool bitten.<\/p>\n","protected":false},"excerpt":{"rendered":"<p>Dies hilft auch Ihrem Arzt zu verstehen, wie sehr Sie von einer Vorbeugung profitieren w\u00fcrden, z. B. von einer Senkung des Blutdrucks, des Cholesterinspiegels oder dem Aufh\u00f6ren von Rauchen. Es stehen viele Methoden oder Tools zur Verf\u00fcgung, mit denen dieses Risiko vorhergesagt werden kann. In Europa wird empfohlen, dass medizinisches Fachpersonal den SCORE2-Algorithmus (Systemic Coronary [&hellip;]<\/p>\n","protected":false},"author":1,"featured_media":1206,"parent":1976,"menu_order":11,"comment_status":"closed","ping_status":"closed","template":"","meta":{"_acf_changed":false,"footnotes":""},"categories":[67],"tags":[],"class_list":["post-2100","page","type-page","status-publish","has-post-thumbnail","hentry","category-halten-sie-ihr-herz-gesund"],"acf":[],"yoast_head":"<!-- This site is optimized with the Yoast SEO plugin v24.0 - https:\/\/yoast.com\/wordpress\/plugins\/seo\/ -->\n<title>Vorhersage und Management des Risikos von Herzerkrankungen - Healthy-Heart.org<\/title>\n<meta name=\"description\" content=\"SCORE oder Systemic Coronary Risk Estimation ist ein Kalkulator zur Bewertung des Risikos, an einem Herzinfarkt, einer Herzinsuffizienz oder einem Schlaganfall zu sterben.\" \/>\n<meta name=\"robots\" content=\"index, follow, max-snippet:-1, max-image-preview:large, max-video-preview:-1\" \/>\n<link rel=\"canonical\" href=\"https:\/\/www.healthy-heart.org\/de\/halten-sie-ihr-herz-gesund\/vorhersage-und-management-des-risikos-von-herzerkrankungen\/\" \/>\n<meta property=\"og:locale\" content=\"de_DE\" \/>\n<meta property=\"og:type\" content=\"article\" \/>\n<meta property=\"og:title\" content=\"Vorhersage und Management des Risikos von Herzerkrankungen - Healthy-Heart.org\" \/>\n<meta property=\"og:description\" content=\"SCORE oder Systemic Coronary Risk Estimation ist ein Kalkulator zur Bewertung des Risikos, an einem Herzinfarkt, einer Herzinsuffizienz oder einem Schlaganfall zu sterben.\" \/>\n<meta property=\"og:url\" content=\"https:\/\/www.healthy-heart.org\/de\/halten-sie-ihr-herz-gesund\/vorhersage-und-management-des-risikos-von-herzerkrankungen\/\" \/>\n<meta property=\"og:site_name\" content=\"Healthy-Heart.org\" \/>\n<meta property=\"article:modified_time\" content=\"2024-12-10T12:24:08+00:00\" \/>\n<meta property=\"og:image\" content=\"https:\/\/www.healthy-heart.org\/wp-content\/uploads\/2019\/08\/cardiovascular-risk.jpg\" \/>\n\t<meta property=\"og:image:width\" content=\"617\" \/>\n\t<meta property=\"og:image:height\" content=\"457\" \/>\n\t<meta property=\"og:image:type\" content=\"image\/jpeg\" \/>\n<meta name=\"twitter:card\" content=\"summary_large_image\" \/>\n<meta name=\"twitter:label1\" content=\"Gesch\u00e4tzte Lesezeit\" \/>\n\t<meta name=\"twitter:data1\" content=\"2\u00a0Minuten\" \/>\n<script type=\"application\/ld+json\" class=\"yoast-schema-graph\">{\"@context\":\"https:\/\/schema.org\",\"@graph\":[{\"@type\":\"WebPage\",\"@id\":\"https:\/\/www.healthy-heart.org\/de\/halten-sie-ihr-herz-gesund\/vorhersage-und-management-des-risikos-von-herzerkrankungen\/\",\"url\":\"https:\/\/www.healthy-heart.org\/de\/halten-sie-ihr-herz-gesund\/vorhersage-und-management-des-risikos-von-herzerkrankungen\/\",\"name\":\"Vorhersage und Management des Risikos von Herzerkrankungen - Healthy-Heart.org\",\"isPartOf\":{\"@id\":\"https:\/\/www.healthy-heart.org\/es\/#website\"},\"primaryImageOfPage\":{\"@id\":\"https:\/\/www.healthy-heart.org\/de\/halten-sie-ihr-herz-gesund\/vorhersage-und-management-des-risikos-von-herzerkrankungen\/#primaryimage\"},\"image\":{\"@id\":\"https:\/\/www.healthy-heart.org\/de\/halten-sie-ihr-herz-gesund\/vorhersage-und-management-des-risikos-von-herzerkrankungen\/#primaryimage\"},\"thumbnailUrl\":\"https:\/\/www.healthy-heart.org\/wp-content\/uploads\/2019\/08\/cardiovascular-risk.jpg\",\"datePublished\":\"2019-10-08T09:28:29+00:00\",\"dateModified\":\"2024-12-10T12:24:08+00:00\",\"description\":\"SCORE oder Systemic Coronary Risk Estimation ist ein Kalkulator zur Bewertung des Risikos, an einem Herzinfarkt, einer Herzinsuffizienz oder einem Schlaganfall zu sterben.\",\"breadcrumb\":{\"@id\":\"https:\/\/www.healthy-heart.org\/de\/halten-sie-ihr-herz-gesund\/vorhersage-und-management-des-risikos-von-herzerkrankungen\/#breadcrumb\"},\"inLanguage\":\"de\",\"potentialAction\":[{\"@type\":\"ReadAction\",\"target\":[\"https:\/\/www.healthy-heart.org\/de\/halten-sie-ihr-herz-gesund\/vorhersage-und-management-des-risikos-von-herzerkrankungen\/\"]}]},{\"@type\":\"ImageObject\",\"inLanguage\":\"de\",\"@id\":\"https:\/\/www.healthy-heart.org\/de\/halten-sie-ihr-herz-gesund\/vorhersage-und-management-des-risikos-von-herzerkrankungen\/#primaryimage\",\"url\":\"https:\/\/www.healthy-heart.org\/wp-content\/uploads\/2019\/08\/cardiovascular-risk.jpg\",\"contentUrl\":\"https:\/\/www.healthy-heart.org\/wp-content\/uploads\/2019\/08\/cardiovascular-risk.jpg\",\"width\":617,\"height\":457},{\"@type\":\"BreadcrumbList\",\"@id\":\"https:\/\/www.healthy-heart.org\/de\/halten-sie-ihr-herz-gesund\/vorhersage-und-management-des-risikos-von-herzerkrankungen\/#breadcrumb\",\"itemListElement\":[{\"@type\":\"ListItem\",\"position\":1,\"name\":\"Home\",\"item\":\"https:\/\/www.healthy-heart.org\/de\/\"},{\"@type\":\"ListItem\",\"position\":2,\"name\":\"Halten Sie Ihr Herz gesund\",\"item\":\"https:\/\/www.healthy-heart.org\/de\/halten-sie-ihr-herz-gesund\/\"},{\"@type\":\"ListItem\",\"position\":3,\"name\":\"Vorhersage und Management des Risikos von Herzerkrankungen\"}]},{\"@type\":\"WebSite\",\"@id\":\"https:\/\/www.healthy-heart.org\/es\/#website\",\"url\":\"https:\/\/www.healthy-heart.org\/es\/\",\"name\":\"Healthy-Heart.org\",\"description\":\"Practical advice for patients and family care givers on the prevention of cardiovascular disease\",\"potentialAction\":[{\"@type\":\"SearchAction\",\"target\":{\"@type\":\"EntryPoint\",\"urlTemplate\":\"https:\/\/www.healthy-heart.org\/es\/?s={search_term_string}\"},\"query-input\":{\"@type\":\"PropertyValueSpecification\",\"valueRequired\":true,\"valueName\":\"search_term_string\"}}],\"inLanguage\":\"de\"}]}<\/script>\n<!-- \/ Yoast SEO plugin. -->","yoast_head_json":{"title":"Vorhersage und Management des Risikos von Herzerkrankungen - Healthy-Heart.org","description":"SCORE oder Systemic Coronary Risk Estimation ist ein Kalkulator zur Bewertung des Risikos, an einem Herzinfarkt, einer Herzinsuffizienz oder einem Schlaganfall zu sterben.","robots":{"index":"index","follow":"follow","max-snippet":"max-snippet:-1","max-image-preview":"max-image-preview:large","max-video-preview":"max-video-preview:-1"},"canonical":"https:\/\/www.healthy-heart.org\/de\/halten-sie-ihr-herz-gesund\/vorhersage-und-management-des-risikos-von-herzerkrankungen\/","og_locale":"de_DE","og_type":"article","og_title":"Vorhersage und Management des Risikos von Herzerkrankungen - Healthy-Heart.org","og_description":"SCORE oder Systemic Coronary Risk Estimation ist ein Kalkulator zur Bewertung des Risikos, an einem Herzinfarkt, einer Herzinsuffizienz oder einem Schlaganfall zu sterben.","og_url":"https:\/\/www.healthy-heart.org\/de\/halten-sie-ihr-herz-gesund\/vorhersage-und-management-des-risikos-von-herzerkrankungen\/","og_site_name":"Healthy-Heart.org","article_modified_time":"2024-12-10T12:24:08+00:00","og_image":[{"width":617,"height":457,"url":"https:\/\/www.healthy-heart.org\/wp-content\/uploads\/2019\/08\/cardiovascular-risk.jpg","type":"image\/jpeg"}],"twitter_card":"summary_large_image","twitter_misc":{"Gesch\u00e4tzte Lesezeit":"2\u00a0Minuten"},"schema":{"@context":"https:\/\/schema.org","@graph":[{"@type":"WebPage","@id":"https:\/\/www.healthy-heart.org\/de\/halten-sie-ihr-herz-gesund\/vorhersage-und-management-des-risikos-von-herzerkrankungen\/","url":"https:\/\/www.healthy-heart.org\/de\/halten-sie-ihr-herz-gesund\/vorhersage-und-management-des-risikos-von-herzerkrankungen\/","name":"Vorhersage und Management des Risikos von Herzerkrankungen - Healthy-Heart.org","isPartOf":{"@id":"https:\/\/www.healthy-heart.org\/es\/#website"},"primaryImageOfPage":{"@id":"https:\/\/www.healthy-heart.org\/de\/halten-sie-ihr-herz-gesund\/vorhersage-und-management-des-risikos-von-herzerkrankungen\/#primaryimage"},"image":{"@id":"https:\/\/www.healthy-heart.org\/de\/halten-sie-ihr-herz-gesund\/vorhersage-und-management-des-risikos-von-herzerkrankungen\/#primaryimage"},"thumbnailUrl":"https:\/\/www.healthy-heart.org\/wp-content\/uploads\/2019\/08\/cardiovascular-risk.jpg","datePublished":"2019-10-08T09:28:29+00:00","dateModified":"2024-12-10T12:24:08+00:00","description":"SCORE oder Systemic Coronary Risk Estimation ist ein Kalkulator zur Bewertung des Risikos, an einem Herzinfarkt, einer Herzinsuffizienz oder einem Schlaganfall zu sterben.","breadcrumb":{"@id":"https:\/\/www.healthy-heart.org\/de\/halten-sie-ihr-herz-gesund\/vorhersage-und-management-des-risikos-von-herzerkrankungen\/#breadcrumb"},"inLanguage":"de","potentialAction":[{"@type":"ReadAction","target":["https:\/\/www.healthy-heart.org\/de\/halten-sie-ihr-herz-gesund\/vorhersage-und-management-des-risikos-von-herzerkrankungen\/"]}]},{"@type":"ImageObject","inLanguage":"de","@id":"https:\/\/www.healthy-heart.org\/de\/halten-sie-ihr-herz-gesund\/vorhersage-und-management-des-risikos-von-herzerkrankungen\/#primaryimage","url":"https:\/\/www.healthy-heart.org\/wp-content\/uploads\/2019\/08\/cardiovascular-risk.jpg","contentUrl":"https:\/\/www.healthy-heart.org\/wp-content\/uploads\/2019\/08\/cardiovascular-risk.jpg","width":617,"height":457},{"@type":"BreadcrumbList","@id":"https:\/\/www.healthy-heart.org\/de\/halten-sie-ihr-herz-gesund\/vorhersage-und-management-des-risikos-von-herzerkrankungen\/#breadcrumb","itemListElement":[{"@type":"ListItem","position":1,"name":"Home","item":"https:\/\/www.healthy-heart.org\/de\/"},{"@type":"ListItem","position":2,"name":"Halten Sie Ihr Herz gesund","item":"https:\/\/www.healthy-heart.org\/de\/halten-sie-ihr-herz-gesund\/"},{"@type":"ListItem","position":3,"name":"Vorhersage und Management des Risikos von Herzerkrankungen"}]},{"@type":"WebSite","@id":"https:\/\/www.healthy-heart.org\/es\/#website","url":"https:\/\/www.healthy-heart.org\/es\/","name":"Healthy-Heart.org","description":"Practical advice for patients and family care givers on the prevention of cardiovascular disease","potentialAction":[{"@type":"SearchAction","target":{"@type":"EntryPoint","urlTemplate":"https:\/\/www.healthy-heart.org\/es\/?s={search_term_string}"},"query-input":{"@type":"PropertyValueSpecification","valueRequired":true,"valueName":"search_term_string"}}],"inLanguage":"de"}]}},"_links":{"self":[{"href":"https:\/\/www.healthy-heart.org\/de\/wp-json\/wp\/v2\/pages\/2100","targetHints":{"allow":["GET"]}}],"collection":[{"href":"https:\/\/www.healthy-heart.org\/de\/wp-json\/wp\/v2\/pages"}],"about":[{"href":"https:\/\/www.healthy-heart.org\/de\/wp-json\/wp\/v2\/types\/page"}],"author":[{"embeddable":true,"href":"https:\/\/www.healthy-heart.org\/de\/wp-json\/wp\/v2\/users\/1"}],"replies":[{"embeddable":true,"href":"https:\/\/www.healthy-heart.org\/de\/wp-json\/wp\/v2\/comments?post=2100"}],"version-history":[{"count":6,"href":"https:\/\/www.healthy-heart.org\/de\/wp-json\/wp\/v2\/pages\/2100\/revisions"}],"predecessor-version":[{"id":7421,"href":"https:\/\/www.healthy-heart.org\/de\/wp-json\/wp\/v2\/pages\/2100\/revisions\/7421"}],"up":[{"embeddable":true,"href":"https:\/\/www.healthy-heart.org\/de\/wp-json\/wp\/v2\/pages\/1976"}],"wp:featuredmedia":[{"embeddable":true,"href":"https:\/\/www.healthy-heart.org\/de\/wp-json\/wp\/v2\/media\/1206"}],"wp:attachment":[{"href":"https:\/\/www.healthy-heart.org\/de\/wp-json\/wp\/v2\/media?parent=2100"}],"wp:term":[{"taxonomy":"category","embeddable":true,"href":"https:\/\/www.healthy-heart.org\/de\/wp-json\/wp\/v2\/categories?post=2100"},{"taxonomy":"post_tag","embeddable":true,"href":"https:\/\/www.healthy-heart.org\/de\/wp-json\/wp\/v2\/tags?post=2100"}],"curies":[{"name":"wp","href":"https:\/\/api.w.org\/{rel}","templated":true}]}}