{"id":2072,"date":"2019-10-08T10:28:24","date_gmt":"2019-10-08T09:28:24","guid":{"rendered":"https:\/\/www.healthy-heart.org\/halten-sie-ihr-herz-gesund\/familiengeschichte-herzkrankheiten\/"},"modified":"2021-01-26T11:56:12","modified_gmt":"2021-01-26T11:56:12","slug":"familiengeschichte-herzkrankheiten","status":"publish","type":"page","link":"https:\/\/www.healthy-heart.org\/de\/halten-sie-ihr-herz-gesund\/familiengeschichte-herzkrankheiten\/","title":{"rendered":"Familiengeschichte Herzkrankheiten"},"content":{"rendered":"<p><img loading=\"lazy\" decoding=\"async\" class=\"size-medium wp-image-635 alignright\" src=\"https:\/\/cdn-endpoint-prev.azureedge.net\/healthy-heart\/2019\/07\/iStock-117150029-3-350x290.jpg\" alt=\"\" width=\"350\" height=\"290\" srcset=\"https:\/\/www.healthy-heart.org\/wp-content\/uploads\/2019\/07\/iStock-117150029-3-350x290.jpg 350w, https:\/\/www.healthy-heart.org\/wp-content\/uploads\/2019\/07\/iStock-117150029-3-200x166.jpg 200w, https:\/\/www.healthy-heart.org\/wp-content\/uploads\/2019\/07\/iStock-117150029-3-768x637.jpg 768w, https:\/\/www.healthy-heart.org\/wp-content\/uploads\/2019\/07\/iStock-117150029-3-1024x849.jpg 1024w, https:\/\/www.healthy-heart.org\/wp-content\/uploads\/2019\/07\/iStock-117150029-3-529x439.jpg 529w, https:\/\/www.healthy-heart.org\/wp-content\/uploads\/2019\/07\/iStock-117150029-3-560x464.jpg 560w\" sizes=\"auto, (max-width: 350px) 100vw, 350px\" \/><\/p>\n<p>Die meisten Lebensstilrisikofaktoren f\u00fcr Herz-Kreislauf-Erkrankungen sind allgemein bekannt. Es ist weniger bekannt, dass ein Familienmitglied, das bereits in jungen Jahren Herz-Kreislauf-Erkrankungen entwickelt hat, auch Ihr Risiko erh\u00f6ht.<\/p>\n<p>Es wird davon ausgegangen, dass bei Ihnen Herz-Kreislauf-Erkrankungen in der Familienanamnese vorliegen, wenn bei Ihrem Vater oder Bruder eine Diagnose unter 55 Jahren oder bei Ihrer Schwester oder Mutter eine Diagnose unter 65 Jahren gestellt wurde.<br \/>\nWarum beeinflusst die Familienanamnese das <a href=\"https:\/\/www.healthy-heart.org\/de\/halten-sie-ihr-herz-gesund\/vorhersage-und-management-des-risikos-von-herzerkrankungen\/\">kardiovaskul\u00e4re Risiko<\/a>? Weil sich die Lebensgewohnheiten verschiedener Familienmitglieder oft \u00e4hneln. Dar\u00fcber hinaus werden Gene von den Eltern an die Nachkommen weitergegeben und k\u00f6nnen manchmal f\u00fcr Erkrankungen wie Bluthochdruck oder hohen <a href=\"https:\/\/www.healthy-heart.org\/de\/halten-sie-ihr-herz-gesund\/cholesterin\/\">Cholesterinspiegel<\/a> verantwortlich sein. Die famili\u00e4re Hypercholesterin\u00e4mie ist eine erbliche Erkrankung, die schon in sehr jungen Jahren zu einem extrem hohen Cholesterinspiegel und Herzerkrankungen f\u00fchren kann, wenn sie unbehandelt bleibt. <a href=\"https:\/\/www.healthy-heart.org\/de\/das-leben-mit-einer-herzerkrankung\/arten-von-medikamenten\/\">Medikamente<\/a> und eine <a href=\"https:\/\/www.healthy-heart.org\/de\/ihr-herz\/forderung-eines-gesunden-lebensstils\/\">gesunde Lebensweise<\/a> k\u00f6nnen das Risiko von Herzerkrankungen senken.<\/p>\n<p>Da kein einzelnes Gen das Herz-Kreislauf-Risiko erh\u00f6ht, liefert die genetische Analyse keine endg\u00fcltige Antwort darauf, ob Sie eine Herz-Kreislauf-Erkrankung entwickeln werden oder nicht.<\/p>\n<p>Sie k\u00f6nnen Ihre Familiengeschichte nicht \u00e4ndern, aber es ist hilfreich, sie zu kennen. Wenn in Ihrer Familienanamnese Herz-Kreislauf-Erkrankungen vorkommen, ist es besonders wichtig, fr\u00fchzeitig <a href=\"https:\/\/www.healthy-heart.org\/keep-your-heart-healthy\/take-control-of-your-lifestyle\/\">vorbeugende Ma\u00dfnahmen<\/a> zu ergreifen. Dazu geh\u00f6ren k\u00f6rperliche Aktivit\u00e4t, gesunde Ern\u00e4hrung, Cholesterin- und Blutdruckkontrolle, Gewichtskontrolle und Beenden des Rauchens.<\/p>\n<blockquote><p>Diese \u00c4nderungen Ihres Verhaltens k\u00f6nnen Ihr zuk\u00fcnftiges kardiovaskul\u00e4res Risiko reduzieren, selbst wenn Sie Herz-Kreislauf-Erkrankungen in Ihrer Familiengeschichte haben.<\/p><\/blockquote>\n<p>Wie k\u00f6nnen Sie sich \u00fcber Ihre eigene Familiengeschichte informieren? Sprechen Sie mit Ihren Eltern und bei Familientreffen dar\u00fcber!<\/p>\n","protected":false},"excerpt":{"rendered":"<p>Die meisten Lebensstilrisikofaktoren f\u00fcr Herz-Kreislauf-Erkrankungen sind allgemein bekannt. Es ist weniger bekannt, dass ein Familienmitglied, das bereits in jungen Jahren Herz-Kreislauf-Erkrankungen entwickelt hat, auch Ihr Risiko erh\u00f6ht. Es wird davon ausgegangen, dass bei Ihnen Herz-Kreislauf-Erkrankungen in der Familienanamnese vorliegen, wenn bei Ihrem Vater oder Bruder eine Diagnose unter 55 Jahren oder bei Ihrer Schwester oder [&hellip;]<\/p>\n","protected":false},"author":1,"featured_media":635,"parent":1976,"menu_order":9,"comment_status":"closed","ping_status":"closed","template":"","meta":{"_acf_changed":false,"footnotes":""},"categories":[67],"tags":[],"class_list":["post-2072","page","type-page","status-publish","has-post-thumbnail","hentry","category-halten-sie-ihr-herz-gesund"],"acf":[],"yoast_head":"<!-- This site is optimized with the Yoast SEO plugin v24.0 - https:\/\/yoast.com\/wordpress\/plugins\/seo\/ -->\n<title>Herzkrankheiten in der Familiengeschichte - Healthy-Heart.org<\/title>\n<meta name=\"description\" content=\"Lernen Sie, wie Sie Ihr Risiko f\u00fcr Herzkrankheiten mit einem gesunden Lebensstil senken, selbst wenn es Herzkrankheiten in Ihrer Familiengeschichte gibt.\" \/>\n<meta name=\"robots\" content=\"index, follow, max-snippet:-1, max-image-preview:large, max-video-preview:-1\" \/>\n<link rel=\"canonical\" href=\"https:\/\/www.healthy-heart.org\/de\/halten-sie-ihr-herz-gesund\/familiengeschichte-herzkrankheiten\/\" \/>\n<meta property=\"og:locale\" content=\"de_DE\" \/>\n<meta property=\"og:type\" content=\"article\" \/>\n<meta property=\"og:title\" content=\"Herzkrankheiten in der Familiengeschichte - Healthy-Heart.org\" \/>\n<meta property=\"og:description\" content=\"Lernen Sie, wie Sie Ihr Risiko f\u00fcr Herzkrankheiten mit einem gesunden Lebensstil senken, selbst wenn es Herzkrankheiten in Ihrer Familiengeschichte gibt.\" \/>\n<meta property=\"og:url\" content=\"https:\/\/www.healthy-heart.org\/de\/halten-sie-ihr-herz-gesund\/familiengeschichte-herzkrankheiten\/\" \/>\n<meta property=\"og:site_name\" content=\"Healthy-Heart.org\" \/>\n<meta property=\"article:modified_time\" content=\"2021-01-26T11:56:12+00:00\" \/>\n<meta property=\"og:image\" content=\"https:\/\/www.healthy-heart.org\/wp-content\/uploads\/2019\/07\/iStock-117150029-3-1024x849.jpg\" \/>\n\t<meta property=\"og:image:width\" content=\"1024\" \/>\n\t<meta property=\"og:image:height\" content=\"849\" \/>\n\t<meta property=\"og:image:type\" content=\"image\/jpeg\" \/>\n<meta name=\"twitter:card\" content=\"summary_large_image\" \/>\n<meta name=\"twitter:label1\" content=\"Gesch\u00e4tzte Lesezeit\" \/>\n\t<meta name=\"twitter:data1\" content=\"1\u00a0Minute\" \/>\n<script type=\"application\/ld+json\" class=\"yoast-schema-graph\">{\"@context\":\"https:\/\/schema.org\",\"@graph\":[{\"@type\":\"WebPage\",\"@id\":\"https:\/\/www.healthy-heart.org\/de\/halten-sie-ihr-herz-gesund\/familiengeschichte-herzkrankheiten\/\",\"url\":\"https:\/\/www.healthy-heart.org\/de\/halten-sie-ihr-herz-gesund\/familiengeschichte-herzkrankheiten\/\",\"name\":\"Herzkrankheiten in der Familiengeschichte - Healthy-Heart.org\",\"isPartOf\":{\"@id\":\"https:\/\/www.healthy-heart.org\/es\/#website\"},\"primaryImageOfPage\":{\"@id\":\"https:\/\/www.healthy-heart.org\/de\/halten-sie-ihr-herz-gesund\/familiengeschichte-herzkrankheiten\/#primaryimage\"},\"image\":{\"@id\":\"https:\/\/www.healthy-heart.org\/de\/halten-sie-ihr-herz-gesund\/familiengeschichte-herzkrankheiten\/#primaryimage\"},\"thumbnailUrl\":\"https:\/\/www.healthy-heart.org\/wp-content\/uploads\/2019\/07\/iStock-117150029-3.jpg\",\"datePublished\":\"2019-10-08T09:28:24+00:00\",\"dateModified\":\"2021-01-26T11:56:12+00:00\",\"description\":\"Lernen Sie, wie Sie Ihr Risiko f\u00fcr Herzkrankheiten mit einem gesunden Lebensstil senken, selbst wenn es Herzkrankheiten in Ihrer Familiengeschichte gibt.\",\"breadcrumb\":{\"@id\":\"https:\/\/www.healthy-heart.org\/de\/halten-sie-ihr-herz-gesund\/familiengeschichte-herzkrankheiten\/#breadcrumb\"},\"inLanguage\":\"de\",\"potentialAction\":[{\"@type\":\"ReadAction\",\"target\":[\"https:\/\/www.healthy-heart.org\/de\/halten-sie-ihr-herz-gesund\/familiengeschichte-herzkrankheiten\/\"]}]},{\"@type\":\"ImageObject\",\"inLanguage\":\"de\",\"@id\":\"https:\/\/www.healthy-heart.org\/de\/halten-sie-ihr-herz-gesund\/familiengeschichte-herzkrankheiten\/#primaryimage\",\"url\":\"https:\/\/www.healthy-heart.org\/wp-content\/uploads\/2019\/07\/iStock-117150029-3.jpg\",\"contentUrl\":\"https:\/\/www.healthy-heart.org\/wp-content\/uploads\/2019\/07\/iStock-117150029-3.jpg\",\"width\":3766,\"height\":3123},{\"@type\":\"BreadcrumbList\",\"@id\":\"https:\/\/www.healthy-heart.org\/de\/halten-sie-ihr-herz-gesund\/familiengeschichte-herzkrankheiten\/#breadcrumb\",\"itemListElement\":[{\"@type\":\"ListItem\",\"position\":1,\"name\":\"Home\",\"item\":\"https:\/\/www.healthy-heart.org\/de\/\"},{\"@type\":\"ListItem\",\"position\":2,\"name\":\"Halten Sie Ihr Herz gesund\",\"item\":\"https:\/\/www.healthy-heart.org\/de\/halten-sie-ihr-herz-gesund\/\"},{\"@type\":\"ListItem\",\"position\":3,\"name\":\"Familiengeschichte Herzkrankheiten\"}]},{\"@type\":\"WebSite\",\"@id\":\"https:\/\/www.healthy-heart.org\/es\/#website\",\"url\":\"https:\/\/www.healthy-heart.org\/es\/\",\"name\":\"Healthy-Heart.org\",\"description\":\"Practical advice for patients and family care givers on the prevention of cardiovascular disease\",\"potentialAction\":[{\"@type\":\"SearchAction\",\"target\":{\"@type\":\"EntryPoint\",\"urlTemplate\":\"https:\/\/www.healthy-heart.org\/es\/?s={search_term_string}\"},\"query-input\":{\"@type\":\"PropertyValueSpecification\",\"valueRequired\":true,\"valueName\":\"search_term_string\"}}],\"inLanguage\":\"de\"}]}<\/script>\n<!-- \/ Yoast SEO plugin. -->","yoast_head_json":{"title":"Herzkrankheiten in der Familiengeschichte - Healthy-Heart.org","description":"Lernen Sie, wie Sie Ihr Risiko f\u00fcr Herzkrankheiten mit einem gesunden Lebensstil senken, selbst wenn es Herzkrankheiten in Ihrer Familiengeschichte gibt.","robots":{"index":"index","follow":"follow","max-snippet":"max-snippet:-1","max-image-preview":"max-image-preview:large","max-video-preview":"max-video-preview:-1"},"canonical":"https:\/\/www.healthy-heart.org\/de\/halten-sie-ihr-herz-gesund\/familiengeschichte-herzkrankheiten\/","og_locale":"de_DE","og_type":"article","og_title":"Herzkrankheiten in der Familiengeschichte - Healthy-Heart.org","og_description":"Lernen Sie, wie Sie Ihr Risiko f\u00fcr Herzkrankheiten mit einem gesunden Lebensstil senken, selbst wenn es Herzkrankheiten in Ihrer Familiengeschichte gibt.","og_url":"https:\/\/www.healthy-heart.org\/de\/halten-sie-ihr-herz-gesund\/familiengeschichte-herzkrankheiten\/","og_site_name":"Healthy-Heart.org","article_modified_time":"2021-01-26T11:56:12+00:00","og_image":[{"width":1024,"height":849,"url":"https:\/\/www.healthy-heart.org\/wp-content\/uploads\/2019\/07\/iStock-117150029-3-1024x849.jpg","type":"image\/jpeg"}],"twitter_card":"summary_large_image","twitter_misc":{"Gesch\u00e4tzte Lesezeit":"1\u00a0Minute"},"schema":{"@context":"https:\/\/schema.org","@graph":[{"@type":"WebPage","@id":"https:\/\/www.healthy-heart.org\/de\/halten-sie-ihr-herz-gesund\/familiengeschichte-herzkrankheiten\/","url":"https:\/\/www.healthy-heart.org\/de\/halten-sie-ihr-herz-gesund\/familiengeschichte-herzkrankheiten\/","name":"Herzkrankheiten in der Familiengeschichte - Healthy-Heart.org","isPartOf":{"@id":"https:\/\/www.healthy-heart.org\/es\/#website"},"primaryImageOfPage":{"@id":"https:\/\/www.healthy-heart.org\/de\/halten-sie-ihr-herz-gesund\/familiengeschichte-herzkrankheiten\/#primaryimage"},"image":{"@id":"https:\/\/www.healthy-heart.org\/de\/halten-sie-ihr-herz-gesund\/familiengeschichte-herzkrankheiten\/#primaryimage"},"thumbnailUrl":"https:\/\/www.healthy-heart.org\/wp-content\/uploads\/2019\/07\/iStock-117150029-3.jpg","datePublished":"2019-10-08T09:28:24+00:00","dateModified":"2021-01-26T11:56:12+00:00","description":"Lernen Sie, wie Sie Ihr Risiko f\u00fcr Herzkrankheiten mit einem gesunden Lebensstil senken, selbst wenn es Herzkrankheiten in Ihrer Familiengeschichte gibt.","breadcrumb":{"@id":"https:\/\/www.healthy-heart.org\/de\/halten-sie-ihr-herz-gesund\/familiengeschichte-herzkrankheiten\/#breadcrumb"},"inLanguage":"de","potentialAction":[{"@type":"ReadAction","target":["https:\/\/www.healthy-heart.org\/de\/halten-sie-ihr-herz-gesund\/familiengeschichte-herzkrankheiten\/"]}]},{"@type":"ImageObject","inLanguage":"de","@id":"https:\/\/www.healthy-heart.org\/de\/halten-sie-ihr-herz-gesund\/familiengeschichte-herzkrankheiten\/#primaryimage","url":"https:\/\/www.healthy-heart.org\/wp-content\/uploads\/2019\/07\/iStock-117150029-3.jpg","contentUrl":"https:\/\/www.healthy-heart.org\/wp-content\/uploads\/2019\/07\/iStock-117150029-3.jpg","width":3766,"height":3123},{"@type":"BreadcrumbList","@id":"https:\/\/www.healthy-heart.org\/de\/halten-sie-ihr-herz-gesund\/familiengeschichte-herzkrankheiten\/#breadcrumb","itemListElement":[{"@type":"ListItem","position":1,"name":"Home","item":"https:\/\/www.healthy-heart.org\/de\/"},{"@type":"ListItem","position":2,"name":"Halten Sie Ihr Herz gesund","item":"https:\/\/www.healthy-heart.org\/de\/halten-sie-ihr-herz-gesund\/"},{"@type":"ListItem","position":3,"name":"Familiengeschichte Herzkrankheiten"}]},{"@type":"WebSite","@id":"https:\/\/www.healthy-heart.org\/es\/#website","url":"https:\/\/www.healthy-heart.org\/es\/","name":"Healthy-Heart.org","description":"Practical advice for patients and family care givers on the prevention of cardiovascular disease","potentialAction":[{"@type":"SearchAction","target":{"@type":"EntryPoint","urlTemplate":"https:\/\/www.healthy-heart.org\/es\/?s={search_term_string}"},"query-input":{"@type":"PropertyValueSpecification","valueRequired":true,"valueName":"search_term_string"}}],"inLanguage":"de"}]}},"_links":{"self":[{"href":"https:\/\/www.healthy-heart.org\/de\/wp-json\/wp\/v2\/pages\/2072","targetHints":{"allow":["GET"]}}],"collection":[{"href":"https:\/\/www.healthy-heart.org\/de\/wp-json\/wp\/v2\/pages"}],"about":[{"href":"https:\/\/www.healthy-heart.org\/de\/wp-json\/wp\/v2\/types\/page"}],"author":[{"embeddable":true,"href":"https:\/\/www.healthy-heart.org\/de\/wp-json\/wp\/v2\/users\/1"}],"replies":[{"embeddable":true,"href":"https:\/\/www.healthy-heart.org\/de\/wp-json\/wp\/v2\/comments?post=2072"}],"version-history":[{"count":5,"href":"https:\/\/www.healthy-heart.org\/de\/wp-json\/wp\/v2\/pages\/2072\/revisions"}],"predecessor-version":[{"id":4975,"href":"https:\/\/www.healthy-heart.org\/de\/wp-json\/wp\/v2\/pages\/2072\/revisions\/4975"}],"up":[{"embeddable":true,"href":"https:\/\/www.healthy-heart.org\/de\/wp-json\/wp\/v2\/pages\/1976"}],"wp:featuredmedia":[{"embeddable":true,"href":"https:\/\/www.healthy-heart.org\/de\/wp-json\/wp\/v2\/media\/635"}],"wp:attachment":[{"href":"https:\/\/www.healthy-heart.org\/de\/wp-json\/wp\/v2\/media?parent=2072"}],"wp:term":[{"taxonomy":"category","embeddable":true,"href":"https:\/\/www.healthy-heart.org\/de\/wp-json\/wp\/v2\/categories?post=2072"},{"taxonomy":"post_tag","embeddable":true,"href":"https:\/\/www.healthy-heart.org\/de\/wp-json\/wp\/v2\/tags?post=2072"}],"curies":[{"name":"wp","href":"https:\/\/api.w.org\/{rel}","templated":true}]}}