{"id":2069,"date":"2019-10-08T10:28:22","date_gmt":"2019-10-08T09:28:22","guid":{"rendered":"https:\/\/www.healthy-heart.org\/halten-sie-ihr-herz-gesund\/unterschiede-zwischen-mannern-und-frauen\/"},"modified":"2024-12-30T12:35:38","modified_gmt":"2024-12-30T12:35:38","slug":"unterschiede-zwischen-mannern-und-frauen","status":"publish","type":"page","link":"https:\/\/www.healthy-heart.org\/de\/halten-sie-ihr-herz-gesund\/unterschiede-zwischen-mannern-und-frauen\/","title":{"rendered":"Herz-Kreislauf-Erkrankungen bei Frauen"},"content":{"rendered":"<p><img loading=\"lazy\" decoding=\"async\" class=\"size-medium wp-image-652 alignright\" src=\"https:\/\/cdn-endpoint-prev.azureedge.net\/healthy-heart\/2019\/07\/iStock-1060172678-2-350x233.jpg\" alt=\"\" width=\"350\" height=\"233\" srcset=\"https:\/\/www.healthy-heart.org\/wp-content\/uploads\/2019\/07\/iStock-1060172678-2-350x233.jpg 350w, https:\/\/cdn-endpoint-prev.azureedge.net\/healthy-heart\/2019\/07\/iStock-1060172678-2-2048x1365.jpg 2048w, https:\/\/cdn-endpoint-prev.azureedge.net\/healthy-heart\/2019\/07\/iStock-1060172678-2-659x439.jpg 659w, https:\/\/www.healthy-heart.org\/wp-content\/uploads\/2019\/07\/iStock-1060172678-2-200x133.jpg 200w, https:\/\/www.healthy-heart.org\/wp-content\/uploads\/2019\/07\/iStock-1060172678-2-768x512.jpg 768w, https:\/\/www.healthy-heart.org\/wp-content\/uploads\/2019\/07\/iStock-1060172678-2-1024x683.jpg 1024w, https:\/\/www.healthy-heart.org\/wp-content\/uploads\/2019\/07\/iStock-1060172678-2-1536x1024.jpg 1536w, https:\/\/www.healthy-heart.org\/wp-content\/uploads\/2019\/07\/iStock-1060172678-2-696x464.jpg 696w\" sizes=\"auto, (max-width: 350px) 100vw, 350px\" \/>Die Auswirkungen einiger traditioneller Risikofaktoren f\u00fcr Herz-Kreislauf-Erkrankungen sind bei M\u00e4nnern und Frauen unterschiedlich. Beispielsweise ist das Risiko f\u00fcr Herz-Kreislauf-Erkrankungen bei Frauen bei einem niedrigeren Blutdruck h\u00f6her als bei M\u00e4nnern, und Diabetes hat bei Frauen einen gr\u00f6\u00dferen Einfluss auf das Herz-Kreislauf-Risiko als bei M\u00e4nnern. Frauen haben auch spezifische Risikofaktoren im Zusammenhang mit Schwangerschaft und Menopause, und diese Lebensereignisse k\u00f6nnten ideale Zeitpunkte f\u00fcr die Beurteilung der kardiovaskul\u00e4ren Gesundheit bei Frauen sein.<\/p>\n<p>Frauen haben nach ihrem f\u00fcnften Lebensjahrzehnt einen h\u00f6heren <a href=\"https:\/\/www.healthy-heart.org\/keep-your-heart-healthy\/cholesterol\/\">Cholesterinspiegel<\/a> als M\u00e4nner, und ihr \u201egutes\u201c Cholesterin (HDL) nimmt nach den Wechseljahren tendenziell ab. Hormonelle Ver\u00e4nderungen nach den Wechseljahren f\u00fchren zu einer H\u00e4ufung mehrerer Risikofaktoren f\u00fcr Herz und Blutgef\u00e4\u00dfe, wie z. B. erh\u00f6hter <a href=\"https:\/\/www.healthy-heart.org\/keep-your-heart-healthy\/blood-pressure\/\">Blutdruck<\/a>, <a href=\"https:\/\/www.healthy-heart.org\/keep-your-heart-healthy\/keeping-a-healthy-weight\/\">Gewichtszunahme<\/a> und erh\u00f6hte Lipidwerte.<\/p>\n<p>Im Vergleich zu M\u00e4nnern weisen weniger Frauen die klassischen Symptome von Brustschmerzen auf. Frauen berichten oft \u00fcber Schmerzen im Arm, R\u00fccken oder Kiefer, Dyspnoe (Atemnot), Schw\u00e4che, Palpitationen, Benommenheit. Erfahren Sie mehr \u00fcber <a href=\"https:\/\/www.healthy-heart.org\/your-heart\/warning-signs-symptoms\/\">Warnzeichen<\/a>.<\/p>\n<p>Herk\u00f6mmliche Risikofaktor-Bewertungssysteme untersch\u00e4tzen h\u00e4ufig das individuelle Risiko von Frauen, daher sollten \u00c4rzte bei der Untersuchung geschlechtsspezifische Unterschiede ber\u00fccksichtigen.<\/p>\n<p>Die Sicherheit und Wirksamkeit der Hormonersatztherapie werden nach wie vor diskutiert. Sie k\u00f6nnen mit Ihrem Arzt besprechen, ob dies eine Option f\u00fcr Sie ist.<\/p>\n","protected":false},"excerpt":{"rendered":"<p>Die Auswirkungen einiger traditioneller Risikofaktoren f\u00fcr Herz-Kreislauf-Erkrankungen sind bei M\u00e4nnern und Frauen unterschiedlich. Beispielsweise ist das Risiko f\u00fcr Herz-Kreislauf-Erkrankungen bei Frauen bei einem niedrigeren Blutdruck h\u00f6her als bei M\u00e4nnern, und Diabetes hat bei Frauen einen gr\u00f6\u00dferen Einfluss auf das Herz-Kreislauf-Risiko als bei M\u00e4nnern. Frauen haben auch spezifische Risikofaktoren im Zusammenhang mit Schwangerschaft und Menopause, und [&hellip;]<\/p>\n","protected":false},"author":1,"featured_media":655,"parent":1976,"menu_order":10,"comment_status":"closed","ping_status":"closed","template":"","meta":{"_acf_changed":false,"footnotes":""},"categories":[67],"tags":[],"class_list":["post-2069","page","type-page","status-publish","has-post-thumbnail","hentry","category-halten-sie-ihr-herz-gesund"],"acf":[],"yoast_head":"<!-- This site is optimized with the Yoast SEO plugin v24.0 - https:\/\/yoast.com\/wordpress\/plugins\/seo\/ -->\n<title>Unterschiede zwischen M\u00e4nnern und Frauen - Healthy-Heart.org<\/title>\n<meta name=\"description\" content=\"Erfahren Sie, wie sich das Risiko f\u00fcr Herz-Kreislauf-Erkrankungen bei Frauen und M\u00e4nnern unterscheidet\" \/>\n<meta name=\"robots\" content=\"index, follow, max-snippet:-1, max-image-preview:large, max-video-preview:-1\" \/>\n<link rel=\"canonical\" href=\"https:\/\/www.healthy-heart.org\/de\/halten-sie-ihr-herz-gesund\/unterschiede-zwischen-mannern-und-frauen\/\" \/>\n<meta property=\"og:locale\" content=\"de_DE\" \/>\n<meta property=\"og:type\" content=\"article\" \/>\n<meta property=\"og:title\" content=\"Unterschiede zwischen M\u00e4nnern und Frauen - Healthy-Heart.org\" \/>\n<meta property=\"og:description\" content=\"Erfahren Sie, wie sich das Risiko f\u00fcr Herz-Kreislauf-Erkrankungen bei Frauen und M\u00e4nnern unterscheidet\" \/>\n<meta property=\"og:url\" content=\"https:\/\/www.healthy-heart.org\/de\/halten-sie-ihr-herz-gesund\/unterschiede-zwischen-mannern-und-frauen\/\" \/>\n<meta property=\"og:site_name\" content=\"Healthy-Heart.org\" \/>\n<meta property=\"article:modified_time\" content=\"2024-12-30T12:35:38+00:00\" \/>\n<meta property=\"og:image\" content=\"https:\/\/www.healthy-heart.org\/wp-content\/uploads\/2019\/07\/iStock-1060172678-2-1024x683.jpg\" \/>\n\t<meta property=\"og:image:width\" content=\"1024\" \/>\n\t<meta property=\"og:image:height\" content=\"683\" \/>\n\t<meta property=\"og:image:type\" content=\"image\/jpeg\" \/>\n<meta name=\"twitter:card\" content=\"summary_large_image\" \/>\n<meta name=\"twitter:label1\" content=\"Gesch\u00e4tzte Lesezeit\" \/>\n\t<meta name=\"twitter:data1\" content=\"2\u00a0Minuten\" \/>\n<script type=\"application\/ld+json\" class=\"yoast-schema-graph\">{\"@context\":\"https:\/\/schema.org\",\"@graph\":[{\"@type\":\"WebPage\",\"@id\":\"https:\/\/www.healthy-heart.org\/de\/halten-sie-ihr-herz-gesund\/unterschiede-zwischen-mannern-und-frauen\/\",\"url\":\"https:\/\/www.healthy-heart.org\/de\/halten-sie-ihr-herz-gesund\/unterschiede-zwischen-mannern-und-frauen\/\",\"name\":\"Unterschiede zwischen M\u00e4nnern und Frauen - Healthy-Heart.org\",\"isPartOf\":{\"@id\":\"https:\/\/www.healthy-heart.org\/es\/#website\"},\"primaryImageOfPage\":{\"@id\":\"https:\/\/www.healthy-heart.org\/de\/halten-sie-ihr-herz-gesund\/unterschiede-zwischen-mannern-und-frauen\/#primaryimage\"},\"image\":{\"@id\":\"https:\/\/www.healthy-heart.org\/de\/halten-sie-ihr-herz-gesund\/unterschiede-zwischen-mannern-und-frauen\/#primaryimage\"},\"thumbnailUrl\":\"https:\/\/www.healthy-heart.org\/wp-content\/uploads\/2019\/07\/iStock-1060172678-2.jpg\",\"datePublished\":\"2019-10-08T09:28:22+00:00\",\"dateModified\":\"2024-12-30T12:35:38+00:00\",\"description\":\"Erfahren Sie, wie sich das Risiko f\u00fcr Herz-Kreislauf-Erkrankungen bei Frauen und M\u00e4nnern unterscheidet\",\"breadcrumb\":{\"@id\":\"https:\/\/www.healthy-heart.org\/de\/halten-sie-ihr-herz-gesund\/unterschiede-zwischen-mannern-und-frauen\/#breadcrumb\"},\"inLanguage\":\"de\",\"potentialAction\":[{\"@type\":\"ReadAction\",\"target\":[\"https:\/\/www.healthy-heart.org\/de\/halten-sie-ihr-herz-gesund\/unterschiede-zwischen-mannern-und-frauen\/\"]}]},{\"@type\":\"ImageObject\",\"inLanguage\":\"de\",\"@id\":\"https:\/\/www.healthy-heart.org\/de\/halten-sie-ihr-herz-gesund\/unterschiede-zwischen-mannern-und-frauen\/#primaryimage\",\"url\":\"https:\/\/www.healthy-heart.org\/wp-content\/uploads\/2019\/07\/iStock-1060172678-2.jpg\",\"contentUrl\":\"https:\/\/www.healthy-heart.org\/wp-content\/uploads\/2019\/07\/iStock-1060172678-2.jpg\",\"width\":6000,\"height\":4000,\"caption\":\"Gender equality concept as woman hands holding a white paper sheet with male and female symbol over a crowded city street background. Sex sign as a metaphor of social issue.\"},{\"@type\":\"BreadcrumbList\",\"@id\":\"https:\/\/www.healthy-heart.org\/de\/halten-sie-ihr-herz-gesund\/unterschiede-zwischen-mannern-und-frauen\/#breadcrumb\",\"itemListElement\":[{\"@type\":\"ListItem\",\"position\":1,\"name\":\"Home\",\"item\":\"https:\/\/www.healthy-heart.org\/de\/\"},{\"@type\":\"ListItem\",\"position\":2,\"name\":\"Halten Sie Ihr Herz gesund\",\"item\":\"https:\/\/www.healthy-heart.org\/de\/halten-sie-ihr-herz-gesund\/\"},{\"@type\":\"ListItem\",\"position\":3,\"name\":\"Herz-Kreislauf-Erkrankungen bei Frauen\"}]},{\"@type\":\"WebSite\",\"@id\":\"https:\/\/www.healthy-heart.org\/es\/#website\",\"url\":\"https:\/\/www.healthy-heart.org\/es\/\",\"name\":\"Healthy-Heart.org\",\"description\":\"Practical advice for patients and family care givers on the prevention of cardiovascular disease\",\"potentialAction\":[{\"@type\":\"SearchAction\",\"target\":{\"@type\":\"EntryPoint\",\"urlTemplate\":\"https:\/\/www.healthy-heart.org\/es\/?s={search_term_string}\"},\"query-input\":{\"@type\":\"PropertyValueSpecification\",\"valueRequired\":true,\"valueName\":\"search_term_string\"}}],\"inLanguage\":\"de\"}]}<\/script>\n<!-- \/ Yoast SEO plugin. -->","yoast_head_json":{"title":"Unterschiede zwischen M\u00e4nnern und Frauen - Healthy-Heart.org","description":"Erfahren Sie, wie sich das Risiko f\u00fcr Herz-Kreislauf-Erkrankungen bei Frauen und M\u00e4nnern unterscheidet","robots":{"index":"index","follow":"follow","max-snippet":"max-snippet:-1","max-image-preview":"max-image-preview:large","max-video-preview":"max-video-preview:-1"},"canonical":"https:\/\/www.healthy-heart.org\/de\/halten-sie-ihr-herz-gesund\/unterschiede-zwischen-mannern-und-frauen\/","og_locale":"de_DE","og_type":"article","og_title":"Unterschiede zwischen M\u00e4nnern und Frauen - Healthy-Heart.org","og_description":"Erfahren Sie, wie sich das Risiko f\u00fcr Herz-Kreislauf-Erkrankungen bei Frauen und M\u00e4nnern unterscheidet","og_url":"https:\/\/www.healthy-heart.org\/de\/halten-sie-ihr-herz-gesund\/unterschiede-zwischen-mannern-und-frauen\/","og_site_name":"Healthy-Heart.org","article_modified_time":"2024-12-30T12:35:38+00:00","og_image":[{"width":1024,"height":683,"url":"https:\/\/www.healthy-heart.org\/wp-content\/uploads\/2019\/07\/iStock-1060172678-2-1024x683.jpg","type":"image\/jpeg"}],"twitter_card":"summary_large_image","twitter_misc":{"Gesch\u00e4tzte Lesezeit":"2\u00a0Minuten"},"schema":{"@context":"https:\/\/schema.org","@graph":[{"@type":"WebPage","@id":"https:\/\/www.healthy-heart.org\/de\/halten-sie-ihr-herz-gesund\/unterschiede-zwischen-mannern-und-frauen\/","url":"https:\/\/www.healthy-heart.org\/de\/halten-sie-ihr-herz-gesund\/unterschiede-zwischen-mannern-und-frauen\/","name":"Unterschiede zwischen M\u00e4nnern und Frauen - Healthy-Heart.org","isPartOf":{"@id":"https:\/\/www.healthy-heart.org\/es\/#website"},"primaryImageOfPage":{"@id":"https:\/\/www.healthy-heart.org\/de\/halten-sie-ihr-herz-gesund\/unterschiede-zwischen-mannern-und-frauen\/#primaryimage"},"image":{"@id":"https:\/\/www.healthy-heart.org\/de\/halten-sie-ihr-herz-gesund\/unterschiede-zwischen-mannern-und-frauen\/#primaryimage"},"thumbnailUrl":"https:\/\/www.healthy-heart.org\/wp-content\/uploads\/2019\/07\/iStock-1060172678-2.jpg","datePublished":"2019-10-08T09:28:22+00:00","dateModified":"2024-12-30T12:35:38+00:00","description":"Erfahren Sie, wie sich das Risiko f\u00fcr Herz-Kreislauf-Erkrankungen bei Frauen und M\u00e4nnern unterscheidet","breadcrumb":{"@id":"https:\/\/www.healthy-heart.org\/de\/halten-sie-ihr-herz-gesund\/unterschiede-zwischen-mannern-und-frauen\/#breadcrumb"},"inLanguage":"de","potentialAction":[{"@type":"ReadAction","target":["https:\/\/www.healthy-heart.org\/de\/halten-sie-ihr-herz-gesund\/unterschiede-zwischen-mannern-und-frauen\/"]}]},{"@type":"ImageObject","inLanguage":"de","@id":"https:\/\/www.healthy-heart.org\/de\/halten-sie-ihr-herz-gesund\/unterschiede-zwischen-mannern-und-frauen\/#primaryimage","url":"https:\/\/www.healthy-heart.org\/wp-content\/uploads\/2019\/07\/iStock-1060172678-2.jpg","contentUrl":"https:\/\/www.healthy-heart.org\/wp-content\/uploads\/2019\/07\/iStock-1060172678-2.jpg","width":6000,"height":4000,"caption":"Gender equality concept as woman hands holding a white paper sheet with male and female symbol over a crowded city street background. Sex sign as a metaphor of social issue."},{"@type":"BreadcrumbList","@id":"https:\/\/www.healthy-heart.org\/de\/halten-sie-ihr-herz-gesund\/unterschiede-zwischen-mannern-und-frauen\/#breadcrumb","itemListElement":[{"@type":"ListItem","position":1,"name":"Home","item":"https:\/\/www.healthy-heart.org\/de\/"},{"@type":"ListItem","position":2,"name":"Halten Sie Ihr Herz gesund","item":"https:\/\/www.healthy-heart.org\/de\/halten-sie-ihr-herz-gesund\/"},{"@type":"ListItem","position":3,"name":"Herz-Kreislauf-Erkrankungen bei Frauen"}]},{"@type":"WebSite","@id":"https:\/\/www.healthy-heart.org\/es\/#website","url":"https:\/\/www.healthy-heart.org\/es\/","name":"Healthy-Heart.org","description":"Practical advice for patients and family care givers on the prevention of cardiovascular disease","potentialAction":[{"@type":"SearchAction","target":{"@type":"EntryPoint","urlTemplate":"https:\/\/www.healthy-heart.org\/es\/?s={search_term_string}"},"query-input":{"@type":"PropertyValueSpecification","valueRequired":true,"valueName":"search_term_string"}}],"inLanguage":"de"}]}},"_links":{"self":[{"href":"https:\/\/www.healthy-heart.org\/de\/wp-json\/wp\/v2\/pages\/2069","targetHints":{"allow":["GET"]}}],"collection":[{"href":"https:\/\/www.healthy-heart.org\/de\/wp-json\/wp\/v2\/pages"}],"about":[{"href":"https:\/\/www.healthy-heart.org\/de\/wp-json\/wp\/v2\/types\/page"}],"author":[{"embeddable":true,"href":"https:\/\/www.healthy-heart.org\/de\/wp-json\/wp\/v2\/users\/1"}],"replies":[{"embeddable":true,"href":"https:\/\/www.healthy-heart.org\/de\/wp-json\/wp\/v2\/comments?post=2069"}],"version-history":[{"count":13,"href":"https:\/\/www.healthy-heart.org\/de\/wp-json\/wp\/v2\/pages\/2069\/revisions"}],"predecessor-version":[{"id":7530,"href":"https:\/\/www.healthy-heart.org\/de\/wp-json\/wp\/v2\/pages\/2069\/revisions\/7530"}],"up":[{"embeddable":true,"href":"https:\/\/www.healthy-heart.org\/de\/wp-json\/wp\/v2\/pages\/1976"}],"wp:featuredmedia":[{"embeddable":true,"href":"https:\/\/www.healthy-heart.org\/de\/wp-json\/wp\/v2\/media\/655"}],"wp:attachment":[{"href":"https:\/\/www.healthy-heart.org\/de\/wp-json\/wp\/v2\/media?parent=2069"}],"wp:term":[{"taxonomy":"category","embeddable":true,"href":"https:\/\/www.healthy-heart.org\/de\/wp-json\/wp\/v2\/categories?post=2069"},{"taxonomy":"post_tag","embeddable":true,"href":"https:\/\/www.healthy-heart.org\/de\/wp-json\/wp\/v2\/tags?post=2069"}],"curies":[{"name":"wp","href":"https:\/\/api.w.org\/{rel}","templated":true}]}}