{"id":2010,"date":"2019-10-08T10:28:14","date_gmt":"2019-10-08T09:28:14","guid":{"rendered":"https:\/\/www.healthy-heart.org\/halten-sie-ihr-herz-gesund\/herzfreundliche-ernahrung\/"},"modified":"2024-12-10T12:36:07","modified_gmt":"2024-12-10T12:36:07","slug":"herzfreundliche-ernahrung","status":"publish","type":"page","link":"https:\/\/www.healthy-heart.org\/de\/halten-sie-ihr-herz-gesund\/herzfreundliche-ernahrung\/","title":{"rendered":"Herzfreundliche Ern\u00e4hrung"},"content":{"rendered":"<p><img loading=\"lazy\" decoding=\"async\" class=\"size-medium wp-image-599 alignright\" src=\"https:\/\/cdn-endpoint-prev.azureedge.net\/healthy-heart\/2019\/07\/iStock-482817556-e1565872053765-350x242.jpg\" alt=\"\" width=\"350\" height=\"242\" srcset=\"https:\/\/www.healthy-heart.org\/wp-content\/uploads\/2019\/07\/iStock-482817556-e1565872053765-350x242.jpg 350w, https:\/\/www.healthy-heart.org\/wp-content\/uploads\/2019\/07\/iStock-482817556-e1565872053765-200x138.jpg 200w, https:\/\/www.healthy-heart.org\/wp-content\/uploads\/2019\/07\/iStock-482817556-e1565872053765-768x532.jpg 768w, https:\/\/www.healthy-heart.org\/wp-content\/uploads\/2019\/07\/iStock-482817556-e1565872053765-1024x709.jpg 1024w, https:\/\/www.healthy-heart.org\/wp-content\/uploads\/2019\/07\/iStock-482817556-e1565872053765-1536x1063.jpg 1536w, https:\/\/www.healthy-heart.org\/wp-content\/uploads\/2019\/07\/iStock-482817556-e1565872053765-2048x1418.jpg 2048w, https:\/\/www.healthy-heart.org\/wp-content\/uploads\/2019\/07\/iStock-482817556-e1565872053765-634x439.jpg 634w, https:\/\/www.healthy-heart.org\/wp-content\/uploads\/2019\/07\/iStock-482817556-e1565872053765-670x464.jpg 670w\" sizes=\"auto, (max-width: 350px) 100vw, 350px\" \/><\/p>\n<p>Studien unterst\u00fctzen die herzsch\u00fctzenden Eigenschaften dieser Ern\u00e4hrung, die reich an Obst, Gem\u00fcse, Vollkorngetreide, Oliven\u00f6l, Fisch und Gefl\u00fcgel ist.<\/p>\n<p>Ungesunde Ern\u00e4hrungsgewohnheiten sind einer der Hauptverursacher von Erkrankungen und Todesf\u00e4llen durch <a href=\"https:\/\/www.healthy-heart.org\/your-heart\/what-is-heart-disease\/\">Herz-Kreislauf-Erkrankungen <\/a> in Europa. Die mediterrane Ern\u00e4hrung ist einer der am meisten untersuchten Ern\u00e4hrungsweisen f\u00fcr ein gesundes Herz. Der Schwerpunkt dieser Ern\u00e4hrung liegt in erster Linie auf dem Verzehr pflanzlicher Lebensmittel wie Obst, Gem\u00fcse, Vollkorn, H\u00fclsenfr\u00fcchten und N\u00fcssen, wobei Oliven\u00f6l anstelle anderer Fette verwendet wird. Fisch wird mindestens zweimal pro Woche gegessen. Statt Salz wird mit Kr\u00e4utern und Gew\u00fcrzen gew\u00fcrzt. Rotes Fleisch und zus\u00e4tzliche Zuckerstoffe gibt es nur in geringen Mengen. Zusammengenommen hat dieses Ern\u00e4hrungsmuster einen hohen Gehalt an ein- und mehrfach unges\u00e4ttigten Fetts\u00e4uren, Ballaststoffen aus Pflanzen, Antioxidantien und entz\u00fcndungshemmenden Faktoren. Die ESC-Leitlinien zur Vorbeugung von Herz-Kreislauf-Erkrankungen aus dem Jahr 2021 empfehlen die Mittelmeerdi\u00e4t nachdr\u00fccklich als wichtiges Ern\u00e4hrungsmuster zur Vorbeugung von Herz-Kreislauf-Erkrankungen (Klasse I, Stufe A).<\/p>\n<p>Die mediterrane Ern\u00e4hrung ist ein nachhaltiges und wirksames Ern\u00e4hrungsmuster zur Verbesserung der allgemeinen Gesundheit und zur Vorbeugung verschiedener chronischer Krankheiten. Die Umstellung auf diese Ern\u00e4hrungsweise kann zu erheblichen Verbesserungen der Herz-Kreislauf-Gesundheit, des Gewichtsmanagements, der Blutzuckerkontrolle, der kognitiven Funktion, der Krebspr\u00e4vention, der Langlebigkeit und der Entz\u00fcndungsreduktion f\u00fchren. Eine wirksame Werbung f\u00fcr die Mittelmeerdi\u00e4t erfordert einen vielschichtigen Ansatz, der Aufkl\u00e4rung, Medien, gesellschaftliches Engagement, politische Ver\u00e4nderungen, Zusammenarbeit mit der Lebensmittelindustrie und kulturelle Anpassung umfasst.<\/p>\n","protected":false},"excerpt":{"rendered":"<p>Studien unterst\u00fctzen die herzsch\u00fctzenden Eigenschaften dieser Ern\u00e4hrung, die reich an Obst, Gem\u00fcse, Vollkorngetreide, Oliven\u00f6l, Fisch und Gefl\u00fcgel ist. Ungesunde Ern\u00e4hrungsgewohnheiten sind einer der Hauptverursacher von Erkrankungen und Todesf\u00e4llen durch Herz-Kreislauf-Erkrankungen in Europa. Die mediterrane Ern\u00e4hrung ist einer der am meisten untersuchten Ern\u00e4hrungsweisen f\u00fcr ein gesundes Herz. Der Schwerpunkt dieser Ern\u00e4hrung liegt in erster Linie auf [&hellip;]<\/p>\n","protected":false},"author":1,"featured_media":602,"parent":1976,"menu_order":5,"comment_status":"closed","ping_status":"closed","template":"","meta":{"_acf_changed":false,"footnotes":""},"categories":[67],"tags":[],"class_list":["post-2010","page","type-page","status-publish","has-post-thumbnail","hentry","category-halten-sie-ihr-herz-gesund"],"acf":[],"yoast_head":"<!-- This site is optimized with the Yoast SEO plugin v24.0 - https:\/\/yoast.com\/wordpress\/plugins\/seo\/ -->\n<title>Herzfreundliche Ern\u00e4hrung - Healthy-Heart.org<\/title>\n<meta name=\"description\" content=\"Die mediterrane Ern\u00e4hrung ist gut f\u00fcr das Herz. Mit einem Ern\u00e4hrungsmuster reich an Obst, Gem\u00fcse, Vollkorngetreide, Oliven\u00f6l, Fisch und Gefl\u00fcgel kann sie Herz-Kreislauf-Erkrankungen vorbeugen.\" \/>\n<meta name=\"robots\" content=\"index, follow, max-snippet:-1, max-image-preview:large, max-video-preview:-1\" \/>\n<link rel=\"canonical\" href=\"https:\/\/www.healthy-heart.org\/de\/halten-sie-ihr-herz-gesund\/herzfreundliche-ernahrung\/\" \/>\n<meta property=\"og:locale\" content=\"de_DE\" \/>\n<meta property=\"og:type\" content=\"article\" \/>\n<meta property=\"og:title\" content=\"Herzfreundliche Ern\u00e4hrung - Healthy-Heart.org\" \/>\n<meta property=\"og:description\" content=\"Die mediterrane Ern\u00e4hrung ist gut f\u00fcr das Herz. Mit einem Ern\u00e4hrungsmuster reich an Obst, Gem\u00fcse, Vollkorngetreide, Oliven\u00f6l, Fisch und Gefl\u00fcgel kann sie Herz-Kreislauf-Erkrankungen vorbeugen.\" \/>\n<meta property=\"og:url\" content=\"https:\/\/www.healthy-heart.org\/de\/halten-sie-ihr-herz-gesund\/herzfreundliche-ernahrung\/\" \/>\n<meta property=\"og:site_name\" content=\"Healthy-Heart.org\" \/>\n<meta property=\"article:modified_time\" content=\"2024-12-10T12:36:07+00:00\" \/>\n<meta property=\"og:image\" content=\"https:\/\/www.healthy-heart.org\/wp-content\/uploads\/2019\/07\/iStock-482817556-1024x768.jpg\" \/>\n\t<meta property=\"og:image:width\" content=\"1024\" \/>\n\t<meta property=\"og:image:height\" content=\"768\" \/>\n\t<meta property=\"og:image:type\" content=\"image\/jpeg\" \/>\n<meta name=\"twitter:card\" content=\"summary_large_image\" \/>\n<meta name=\"twitter:label1\" content=\"Gesch\u00e4tzte Lesezeit\" \/>\n\t<meta name=\"twitter:data1\" content=\"1\u00a0Minute\" \/>\n<script type=\"application\/ld+json\" class=\"yoast-schema-graph\">{\"@context\":\"https:\/\/schema.org\",\"@graph\":[{\"@type\":\"WebPage\",\"@id\":\"https:\/\/www.healthy-heart.org\/de\/halten-sie-ihr-herz-gesund\/herzfreundliche-ernahrung\/\",\"url\":\"https:\/\/www.healthy-heart.org\/de\/halten-sie-ihr-herz-gesund\/herzfreundliche-ernahrung\/\",\"name\":\"Herzfreundliche Ern\u00e4hrung - Healthy-Heart.org\",\"isPartOf\":{\"@id\":\"https:\/\/www.healthy-heart.org\/es\/#website\"},\"primaryImageOfPage\":{\"@id\":\"https:\/\/www.healthy-heart.org\/de\/halten-sie-ihr-herz-gesund\/herzfreundliche-ernahrung\/#primaryimage\"},\"image\":{\"@id\":\"https:\/\/www.healthy-heart.org\/de\/halten-sie-ihr-herz-gesund\/herzfreundliche-ernahrung\/#primaryimage\"},\"thumbnailUrl\":\"https:\/\/www.healthy-heart.org\/wp-content\/uploads\/2019\/07\/iStock-482817556.jpg\",\"datePublished\":\"2019-10-08T09:28:14+00:00\",\"dateModified\":\"2024-12-10T12:36:07+00:00\",\"description\":\"Die mediterrane Ern\u00e4hrung ist gut f\u00fcr das Herz. Mit einem Ern\u00e4hrungsmuster reich an Obst, Gem\u00fcse, Vollkorngetreide, Oliven\u00f6l, Fisch und Gefl\u00fcgel kann sie Herz-Kreislauf-Erkrankungen vorbeugen.\",\"breadcrumb\":{\"@id\":\"https:\/\/www.healthy-heart.org\/de\/halten-sie-ihr-herz-gesund\/herzfreundliche-ernahrung\/#breadcrumb\"},\"inLanguage\":\"de\",\"potentialAction\":[{\"@type\":\"ReadAction\",\"target\":[\"https:\/\/www.healthy-heart.org\/de\/halten-sie-ihr-herz-gesund\/herzfreundliche-ernahrung\/\"]}]},{\"@type\":\"ImageObject\",\"inLanguage\":\"de\",\"@id\":\"https:\/\/www.healthy-heart.org\/de\/halten-sie-ihr-herz-gesund\/herzfreundliche-ernahrung\/#primaryimage\",\"url\":\"https:\/\/www.healthy-heart.org\/wp-content\/uploads\/2019\/07\/iStock-482817556.jpg\",\"contentUrl\":\"https:\/\/www.healthy-heart.org\/wp-content\/uploads\/2019\/07\/iStock-482817556.jpg\",\"width\":5500,\"height\":4125,\"caption\":\"Road with a choice between fast food and healthy food.\"},{\"@type\":\"BreadcrumbList\",\"@id\":\"https:\/\/www.healthy-heart.org\/de\/halten-sie-ihr-herz-gesund\/herzfreundliche-ernahrung\/#breadcrumb\",\"itemListElement\":[{\"@type\":\"ListItem\",\"position\":1,\"name\":\"Home\",\"item\":\"https:\/\/www.healthy-heart.org\/de\/\"},{\"@type\":\"ListItem\",\"position\":2,\"name\":\"Halten Sie Ihr Herz gesund\",\"item\":\"https:\/\/www.healthy-heart.org\/de\/halten-sie-ihr-herz-gesund\/\"},{\"@type\":\"ListItem\",\"position\":3,\"name\":\"Herzfreundliche Ern\u00e4hrung\"}]},{\"@type\":\"WebSite\",\"@id\":\"https:\/\/www.healthy-heart.org\/es\/#website\",\"url\":\"https:\/\/www.healthy-heart.org\/es\/\",\"name\":\"Healthy-Heart.org\",\"description\":\"Practical advice for patients and family care givers on the prevention of cardiovascular disease\",\"potentialAction\":[{\"@type\":\"SearchAction\",\"target\":{\"@type\":\"EntryPoint\",\"urlTemplate\":\"https:\/\/www.healthy-heart.org\/es\/?s={search_term_string}\"},\"query-input\":{\"@type\":\"PropertyValueSpecification\",\"valueRequired\":true,\"valueName\":\"search_term_string\"}}],\"inLanguage\":\"de\"}]}<\/script>\n<!-- \/ Yoast SEO plugin. -->","yoast_head_json":{"title":"Herzfreundliche Ern\u00e4hrung - Healthy-Heart.org","description":"Die mediterrane Ern\u00e4hrung ist gut f\u00fcr das Herz. Mit einem Ern\u00e4hrungsmuster reich an Obst, Gem\u00fcse, Vollkorngetreide, Oliven\u00f6l, Fisch und Gefl\u00fcgel kann sie Herz-Kreislauf-Erkrankungen vorbeugen.","robots":{"index":"index","follow":"follow","max-snippet":"max-snippet:-1","max-image-preview":"max-image-preview:large","max-video-preview":"max-video-preview:-1"},"canonical":"https:\/\/www.healthy-heart.org\/de\/halten-sie-ihr-herz-gesund\/herzfreundliche-ernahrung\/","og_locale":"de_DE","og_type":"article","og_title":"Herzfreundliche Ern\u00e4hrung - Healthy-Heart.org","og_description":"Die mediterrane Ern\u00e4hrung ist gut f\u00fcr das Herz. Mit einem Ern\u00e4hrungsmuster reich an Obst, Gem\u00fcse, Vollkorngetreide, Oliven\u00f6l, Fisch und Gefl\u00fcgel kann sie Herz-Kreislauf-Erkrankungen vorbeugen.","og_url":"https:\/\/www.healthy-heart.org\/de\/halten-sie-ihr-herz-gesund\/herzfreundliche-ernahrung\/","og_site_name":"Healthy-Heart.org","article_modified_time":"2024-12-10T12:36:07+00:00","og_image":[{"width":1024,"height":768,"url":"https:\/\/www.healthy-heart.org\/wp-content\/uploads\/2019\/07\/iStock-482817556-1024x768.jpg","type":"image\/jpeg"}],"twitter_card":"summary_large_image","twitter_misc":{"Gesch\u00e4tzte Lesezeit":"1\u00a0Minute"},"schema":{"@context":"https:\/\/schema.org","@graph":[{"@type":"WebPage","@id":"https:\/\/www.healthy-heart.org\/de\/halten-sie-ihr-herz-gesund\/herzfreundliche-ernahrung\/","url":"https:\/\/www.healthy-heart.org\/de\/halten-sie-ihr-herz-gesund\/herzfreundliche-ernahrung\/","name":"Herzfreundliche Ern\u00e4hrung - Healthy-Heart.org","isPartOf":{"@id":"https:\/\/www.healthy-heart.org\/es\/#website"},"primaryImageOfPage":{"@id":"https:\/\/www.healthy-heart.org\/de\/halten-sie-ihr-herz-gesund\/herzfreundliche-ernahrung\/#primaryimage"},"image":{"@id":"https:\/\/www.healthy-heart.org\/de\/halten-sie-ihr-herz-gesund\/herzfreundliche-ernahrung\/#primaryimage"},"thumbnailUrl":"https:\/\/www.healthy-heart.org\/wp-content\/uploads\/2019\/07\/iStock-482817556.jpg","datePublished":"2019-10-08T09:28:14+00:00","dateModified":"2024-12-10T12:36:07+00:00","description":"Die mediterrane Ern\u00e4hrung ist gut f\u00fcr das Herz. Mit einem Ern\u00e4hrungsmuster reich an Obst, Gem\u00fcse, Vollkorngetreide, Oliven\u00f6l, Fisch und Gefl\u00fcgel kann sie Herz-Kreislauf-Erkrankungen vorbeugen.","breadcrumb":{"@id":"https:\/\/www.healthy-heart.org\/de\/halten-sie-ihr-herz-gesund\/herzfreundliche-ernahrung\/#breadcrumb"},"inLanguage":"de","potentialAction":[{"@type":"ReadAction","target":["https:\/\/www.healthy-heart.org\/de\/halten-sie-ihr-herz-gesund\/herzfreundliche-ernahrung\/"]}]},{"@type":"ImageObject","inLanguage":"de","@id":"https:\/\/www.healthy-heart.org\/de\/halten-sie-ihr-herz-gesund\/herzfreundliche-ernahrung\/#primaryimage","url":"https:\/\/www.healthy-heart.org\/wp-content\/uploads\/2019\/07\/iStock-482817556.jpg","contentUrl":"https:\/\/www.healthy-heart.org\/wp-content\/uploads\/2019\/07\/iStock-482817556.jpg","width":5500,"height":4125,"caption":"Road with a choice between fast food and healthy food."},{"@type":"BreadcrumbList","@id":"https:\/\/www.healthy-heart.org\/de\/halten-sie-ihr-herz-gesund\/herzfreundliche-ernahrung\/#breadcrumb","itemListElement":[{"@type":"ListItem","position":1,"name":"Home","item":"https:\/\/www.healthy-heart.org\/de\/"},{"@type":"ListItem","position":2,"name":"Halten Sie Ihr Herz gesund","item":"https:\/\/www.healthy-heart.org\/de\/halten-sie-ihr-herz-gesund\/"},{"@type":"ListItem","position":3,"name":"Herzfreundliche Ern\u00e4hrung"}]},{"@type":"WebSite","@id":"https:\/\/www.healthy-heart.org\/es\/#website","url":"https:\/\/www.healthy-heart.org\/es\/","name":"Healthy-Heart.org","description":"Practical advice for patients and family care givers on the prevention of cardiovascular disease","potentialAction":[{"@type":"SearchAction","target":{"@type":"EntryPoint","urlTemplate":"https:\/\/www.healthy-heart.org\/es\/?s={search_term_string}"},"query-input":{"@type":"PropertyValueSpecification","valueRequired":true,"valueName":"search_term_string"}}],"inLanguage":"de"}]}},"_links":{"self":[{"href":"https:\/\/www.healthy-heart.org\/de\/wp-json\/wp\/v2\/pages\/2010","targetHints":{"allow":["GET"]}}],"collection":[{"href":"https:\/\/www.healthy-heart.org\/de\/wp-json\/wp\/v2\/pages"}],"about":[{"href":"https:\/\/www.healthy-heart.org\/de\/wp-json\/wp\/v2\/types\/page"}],"author":[{"embeddable":true,"href":"https:\/\/www.healthy-heart.org\/de\/wp-json\/wp\/v2\/users\/1"}],"replies":[{"embeddable":true,"href":"https:\/\/www.healthy-heart.org\/de\/wp-json\/wp\/v2\/comments?post=2010"}],"version-history":[{"count":2,"href":"https:\/\/www.healthy-heart.org\/de\/wp-json\/wp\/v2\/pages\/2010\/revisions"}],"predecessor-version":[{"id":7343,"href":"https:\/\/www.healthy-heart.org\/de\/wp-json\/wp\/v2\/pages\/2010\/revisions\/7343"}],"up":[{"embeddable":true,"href":"https:\/\/www.healthy-heart.org\/de\/wp-json\/wp\/v2\/pages\/1976"}],"wp:featuredmedia":[{"embeddable":true,"href":"https:\/\/www.healthy-heart.org\/de\/wp-json\/wp\/v2\/media\/602"}],"wp:attachment":[{"href":"https:\/\/www.healthy-heart.org\/de\/wp-json\/wp\/v2\/media?parent=2010"}],"wp:term":[{"taxonomy":"category","embeddable":true,"href":"https:\/\/www.healthy-heart.org\/de\/wp-json\/wp\/v2\/categories?post=2010"},{"taxonomy":"post_tag","embeddable":true,"href":"https:\/\/www.healthy-heart.org\/de\/wp-json\/wp\/v2\/tags?post=2010"}],"curies":[{"name":"wp","href":"https:\/\/api.w.org\/{rel}","templated":true}]}}