{"id":1992,"date":"2019-10-08T10:28:10","date_gmt":"2019-10-08T09:28:10","guid":{"rendered":"https:\/\/www.healthy-heart.org\/halten-sie-ihr-herz-gesund\/blutdruck\/"},"modified":"2021-02-02T13:35:58","modified_gmt":"2021-02-02T13:35:58","slug":"blutdruck","status":"publish","type":"page","link":"https:\/\/www.healthy-heart.org\/de\/halten-sie-ihr-herz-gesund\/blutdruck\/","title":{"rendered":"Blutdruck"},"content":{"rendered":"<h3><strong>Was ist Blutdruck?<\/strong><\/h3>\n<p>Wenn das Herz schl\u00e4gt, pumpt es Blut durch den K\u00f6rper und versorgt ihn mit N\u00e4hrstoffen und Sauerstoff. Das zirkulierende Blut dr\u00fcckt gegen die W\u00e4nde der Blutgef\u00e4\u00dfe. Der Druck im arteriellen Kreislauf wird Blutdruck genannt.<\/p>\n<p>Ist der Blutdruck zu hoch, belastet er die Arterienw\u00e4nde und macht sie anf\u00e4lliger f\u00fcr <a href=\"https:\/\/www.healthy-heart.org\/de\/halten-sie-ihr-herz-gesund\/cholesterin\/\">Cholesterinablagerungen<\/a> und die Entwicklung atherosklerotischer Plaques (auch verh\u00e4rtete Arterien genannt).<\/p>\n<p>Seitlich der Plaques kann sich ein Blutgerinnsel bilden, das den Blutfluss in der Arterie ganz oder teilweise blockiert oder die Arterie zum Platzen bringt. Wenn ein Gerinnsel ein Blutgef\u00e4\u00df blockiert, das das Gehirn versorgt, verursacht es einen Schlaganfall. Blockiert ein Gerinnsel ein Blutgef\u00e4\u00df, das das Herz versorgt, verursacht es einen Herzinfarkt. Blutgerinnsel in der Aorta (dem Hauptgef\u00e4\u00df des K\u00f6rpers) k\u00f6nnen eine lebensbedrohliche Dissektion verursachen.<\/p>\n<p>Bei einem hohen Blutdruck muss das Herz schwerer arbeiten. Dadurch verdickt und versteift sich der Herzmuskel, was zu einer Herzinsuffizienz f\u00fchren kann.<\/p>\n<h3><strong>So messen Sie Ihren Blutdruck <\/strong><\/h3>\n<p>Jeder sollte seinen Blutdruck kennen. Um einer <a href=\"https:\/\/www.healthy-heart.org\/de\/ihr-herz\/was-ist-eine-herzerkrankung\/\">Herzerkrankung<\/a> vorzubeugen, ist es wichtig, dass Sie Ihre Werte (Blutdruck, Cholesterinspiegel, Blutzucker und BMI) kennen.<\/p>\n<p><img loading=\"lazy\" decoding=\"async\" class=\"wp-image-485 size-medium alignright\" src=\"https:\/\/cdn-endpoint-prev.azureedge.net\/healthy-heart\/2019\/07\/iStock-133546401-350x233.jpg\" alt=\"\" width=\"350\" height=\"233\" srcset=\"https:\/\/www.healthy-heart.org\/wp-content\/uploads\/2019\/07\/iStock-133546401-350x233.jpg 350w, https:\/\/cdn-endpoint-prev.azureedge.net\/healthy-heart\/2019\/07\/iStock-133546401-2048x1365.jpg 2048w, https:\/\/cdn-endpoint-prev.azureedge.net\/healthy-heart\/2019\/07\/iStock-133546401-659x439.jpg 659w, https:\/\/www.healthy-heart.org\/wp-content\/uploads\/2019\/07\/iStock-133546401-200x133.jpg 200w, https:\/\/www.healthy-heart.org\/wp-content\/uploads\/2019\/07\/iStock-133546401-768x512.jpg 768w, https:\/\/www.healthy-heart.org\/wp-content\/uploads\/2019\/07\/iStock-133546401-1024x683.jpg 1024w, https:\/\/www.healthy-heart.org\/wp-content\/uploads\/2019\/07\/iStock-133546401-1536x1024.jpg 1536w, https:\/\/www.healthy-heart.org\/wp-content\/uploads\/2019\/07\/iStock-133546401-696x464.jpg 696w\" sizes=\"auto, (max-width: 350px) 100vw, 350px\" \/><\/p>\n<ol>\n<li>Bevor der Blutdruck gemessen wird, sollte die jeweilige Person etwa f\u00fcnf Minuten lang bequem in einem ruhigen Bereich sitzen.<\/li>\n<li>Die richtige Gr\u00f6\u00dfe der Manschette ist wichtig: Wenn sie zu gro\u00df oder zu klein ist, kann sie zu einer ungenauen Aufzeichnung f\u00fchren.<\/li>\n<li>Die Manschette sollte in H\u00f6he des Herzens positioniert werden und der Arm sollte auf einem Tisch oder einer Armlehne abgest\u00fctzt werden.<\/li>\n<li>Bei Ihrem ersten Arztbesuch wird der Blutdruck als Durchschnitt aus mindestens zwei Messungen erfasst.<\/li>\n<\/ol>\n<p>&nbsp;<\/p>\n<p><img loading=\"lazy\" decoding=\"async\" class=\"size-medium wp-image-505 alignright\" src=\"https:\/\/cdn-endpoint-prev.azureedge.net\/healthy-heart\/2019\/07\/iStock-664238154-350x233.jpg\" alt=\"\" width=\"350\" height=\"233\" srcset=\"https:\/\/www.healthy-heart.org\/wp-content\/uploads\/2019\/07\/iStock-664238154-350x233.jpg 350w, https:\/\/cdn-endpoint-prev.azureedge.net\/healthy-heart\/2019\/07\/iStock-664238154-2048x1365.jpg 2048w, https:\/\/cdn-endpoint-prev.azureedge.net\/healthy-heart\/2019\/07\/iStock-664238154-659x439.jpg 659w, https:\/\/www.healthy-heart.org\/wp-content\/uploads\/2019\/07\/iStock-664238154-200x133.jpg 200w, https:\/\/www.healthy-heart.org\/wp-content\/uploads\/2019\/07\/iStock-664238154-768x512.jpg 768w, https:\/\/www.healthy-heart.org\/wp-content\/uploads\/2019\/07\/iStock-664238154-1024x683.jpg 1024w, https:\/\/www.healthy-heart.org\/wp-content\/uploads\/2019\/07\/iStock-664238154-1536x1024.jpg 1536w, https:\/\/www.healthy-heart.org\/wp-content\/uploads\/2019\/07\/iStock-664238154-696x464.jpg 696w\" sizes=\"auto, (max-width: 350px) 100vw, 350px\" \/>Der Messwert wird als systolischer Wert \u00fcber dem diastolischen Blutdruck in Millimetern Quecksilber (mmHg) ausgedr\u00fcckt. Der jeweilige Druck spiegelt die Pumpphase (systolische) und Ruhephase (diastolische) eines Herzschlags wider.<\/p>\n<p>&nbsp;<\/p>\n<p>Der obere Wert (120) ist der systolische Blutdruck und der untere Wert (70) ist der diastolische Blutdruck.<\/p>\n<p>&nbsp;<\/p>\n<h3>Hoher Blutdruck<\/h3>\n<p>Bluthochdruck wird diagnostiziert, wenn Ihr Blutdruck konstant \u00fcber dem Wert liegt, der mit einem erh\u00f6hten Risiko f\u00fcr Herz-Kreislauf-Erkrankungen (HKL) verbunden ist. Der Blutdruck wird aus den Werten von systolischem und diastolischem Blutdruck gebildet.<\/p>\n<blockquote><p>Ein normaler Blutdruck sollte je nach Alter 130 bis 140 mmHg systolisch und 80 bis 90 mmHg diastolisch nicht \u00fcberschreiten.<\/p><\/blockquote>\n<p>Bluthochdruck ist ein \u201estiller Killer\u201c, weil er in der Regel keine Beschwerden verursacht. Der erste und entscheidende Schritt besteht darin, dass Sie Ihre Werte kennen! Lassen Sie Ihren Blutdruck bei verschiedenen Gelegenheiten von Ihrem Arzt messen. Sie k\u00f6nnen sich auch von Ihren Arzt oder Apotheker ein zuverl\u00e4ssiges Oberarmger\u00e4t empfehlen lassen, um Ihren Blutdruck mehrmals zu Hause oder kontinuierlich f\u00fcr 24 Stunden zu messen.<\/p>\n<p>Sobald Sie Ihren Blutdruck kennen, k\u00f6nnen Sie eine Behandlungsstrategie mit Ihrem Arzt vereinbaren. Diese h\u00e4ngt von Ihrem Blutdruck und anderen Faktoren ab, die Ihr Gesamtrisiko f\u00fcr die Entwicklung einer kardiovaskul\u00e4ren Erkrankung beeinflussen. Ist Ihr Blutdruck erh\u00f6ht, besteht der erste Schritt darin, Ihren Lebensstil zu verbessern: <a href=\"https:\/\/www.healthy-heart.org\/de\/halten-sie-ihr-herz-gesund\/rauchen\/\">Rauchen<\/a> aufgeben, eine <a href=\"https:\/\/www.healthy-heart.org\/de\/halten-sie-ihr-herz-gesund\/herzfreundliche-ernahrung\/\">gesunde Ern\u00e4hrung<\/a> und <a href=\"https:\/\/www.healthy-heart.org\/de\/halten-sie-ihr-herz-gesund\/korperliche-aktivitat\/\">regelm\u00e4\u00dfige Bewegung<\/a>. Wenn Sie 1 kg an viszeralem Fett (K\u00f6rperfett, das in der Bauchh\u00f6hle um wichtige innere Organe wie Leber, Bauchspeicheldr\u00fcse und Darm herum gespeichert wird) verlieren, k\u00f6nnen Sie Ihren Blutdruck um fast 1 mmHg senken. Wenn Ihr Blutdruck trotz Verhaltens\u00e4nderung hoch bleibt, sollte eine medikament\u00f6se Therapie in Betracht gezogen werden. Die Wahl des Medikaments h\u00e4ngt von Ihrem individuellen Risiko ab. Es ist wichtig, die Medikamente wie verschrieben einzunehmen, um eine kardiovaskul\u00e4re Erkrankung zu verhindern. Denken Sie daran \u2013 Bluthochdruck f\u00fchlen Sie nicht, doch er ist gef\u00e4hrlich. Lebenslange Blutdruck\u00fcberwachung, ein gesunder Lebensstil und Medikamente sind erforderlich.<\/p>\n","protected":false},"excerpt":{"rendered":"<p>Was ist Blutdruck? Wenn das Herz schl\u00e4gt, pumpt es Blut durch den K\u00f6rper und versorgt ihn mit N\u00e4hrstoffen und Sauerstoff. Das zirkulierende Blut dr\u00fcckt gegen die W\u00e4nde der Blutgef\u00e4\u00dfe. Der Druck im arteriellen Kreislauf wird Blutdruck genannt. Ist der Blutdruck zu hoch, belastet er die Arterienw\u00e4nde und macht sie anf\u00e4lliger f\u00fcr Cholesterinablagerungen und die Entwicklung [&hellip;]<\/p>\n","protected":false},"author":1,"featured_media":488,"parent":1976,"menu_order":1,"comment_status":"closed","ping_status":"closed","template":"","meta":{"_acf_changed":false,"footnotes":""},"categories":[67],"tags":[],"class_list":["post-1992","page","type-page","status-publish","has-post-thumbnail","hentry","category-halten-sie-ihr-herz-gesund"],"acf":[],"yoast_head":"<!-- This site is optimized with the Yoast SEO plugin v24.0 - https:\/\/yoast.com\/wordpress\/plugins\/seo\/ -->\n<title>Blutdruck - Healthy-Heart.org<\/title>\n<meta name=\"description\" content=\"Bluthochdruck ist ein starker Risikofaktor f\u00fcr Herz-Kreislauf-Erkrankungen. Lernen Sie, wie Sie Ihren Blutdruck messen.\" \/>\n<meta name=\"robots\" content=\"index, follow, max-snippet:-1, max-image-preview:large, max-video-preview:-1\" \/>\n<link rel=\"canonical\" href=\"https:\/\/www.healthy-heart.org\/de\/halten-sie-ihr-herz-gesund\/blutdruck\/\" \/>\n<meta property=\"og:locale\" content=\"de_DE\" \/>\n<meta property=\"og:type\" content=\"article\" \/>\n<meta property=\"og:title\" content=\"Blutdruck - Healthy-Heart.org\" \/>\n<meta property=\"og:description\" content=\"Bluthochdruck ist ein starker Risikofaktor f\u00fcr Herz-Kreislauf-Erkrankungen. Lernen Sie, wie Sie Ihren Blutdruck messen.\" \/>\n<meta property=\"og:url\" content=\"https:\/\/www.healthy-heart.org\/de\/halten-sie-ihr-herz-gesund\/blutdruck\/\" \/>\n<meta property=\"og:site_name\" content=\"Healthy-Heart.org\" \/>\n<meta property=\"article:modified_time\" content=\"2021-02-02T13:35:58+00:00\" \/>\n<meta property=\"og:image\" content=\"https:\/\/www.healthy-heart.org\/wp-content\/uploads\/2019\/07\/iStock-133546401-1024x683.jpg\" \/>\n\t<meta property=\"og:image:width\" content=\"1024\" \/>\n\t<meta property=\"og:image:height\" content=\"683\" \/>\n\t<meta property=\"og:image:type\" content=\"image\/jpeg\" \/>\n<meta name=\"twitter:card\" content=\"summary_large_image\" \/>\n<meta name=\"twitter:label1\" content=\"Gesch\u00e4tzte Lesezeit\" \/>\n\t<meta name=\"twitter:data1\" content=\"3\u00a0Minuten\" \/>\n<script type=\"application\/ld+json\" class=\"yoast-schema-graph\">{\"@context\":\"https:\/\/schema.org\",\"@graph\":[{\"@type\":\"WebPage\",\"@id\":\"https:\/\/www.healthy-heart.org\/de\/halten-sie-ihr-herz-gesund\/blutdruck\/\",\"url\":\"https:\/\/www.healthy-heart.org\/de\/halten-sie-ihr-herz-gesund\/blutdruck\/\",\"name\":\"Blutdruck - Healthy-Heart.org\",\"isPartOf\":{\"@id\":\"https:\/\/www.healthy-heart.org\/es\/#website\"},\"primaryImageOfPage\":{\"@id\":\"https:\/\/www.healthy-heart.org\/de\/halten-sie-ihr-herz-gesund\/blutdruck\/#primaryimage\"},\"image\":{\"@id\":\"https:\/\/www.healthy-heart.org\/de\/halten-sie-ihr-herz-gesund\/blutdruck\/#primaryimage\"},\"thumbnailUrl\":\"https:\/\/www.healthy-heart.org\/wp-content\/uploads\/2019\/07\/iStock-133546401.jpg\",\"datePublished\":\"2019-10-08T09:28:10+00:00\",\"dateModified\":\"2021-02-02T13:35:58+00:00\",\"description\":\"Bluthochdruck ist ein starker Risikofaktor f\u00fcr Herz-Kreislauf-Erkrankungen. Lernen Sie, wie Sie Ihren Blutdruck messen.\",\"breadcrumb\":{\"@id\":\"https:\/\/www.healthy-heart.org\/de\/halten-sie-ihr-herz-gesund\/blutdruck\/#breadcrumb\"},\"inLanguage\":\"de\",\"potentialAction\":[{\"@type\":\"ReadAction\",\"target\":[\"https:\/\/www.healthy-heart.org\/de\/halten-sie-ihr-herz-gesund\/blutdruck\/\"]}]},{\"@type\":\"ImageObject\",\"inLanguage\":\"de\",\"@id\":\"https:\/\/www.healthy-heart.org\/de\/halten-sie-ihr-herz-gesund\/blutdruck\/#primaryimage\",\"url\":\"https:\/\/www.healthy-heart.org\/wp-content\/uploads\/2019\/07\/iStock-133546401.jpg\",\"contentUrl\":\"https:\/\/www.healthy-heart.org\/wp-content\/uploads\/2019\/07\/iStock-133546401.jpg\",\"width\":6048,\"height\":4032,\"caption\":\"Female doctor measuring blood pressure of senior women\"},{\"@type\":\"BreadcrumbList\",\"@id\":\"https:\/\/www.healthy-heart.org\/de\/halten-sie-ihr-herz-gesund\/blutdruck\/#breadcrumb\",\"itemListElement\":[{\"@type\":\"ListItem\",\"position\":1,\"name\":\"Home\",\"item\":\"https:\/\/www.healthy-heart.org\/de\/\"},{\"@type\":\"ListItem\",\"position\":2,\"name\":\"Halten Sie Ihr Herz gesund\",\"item\":\"https:\/\/www.healthy-heart.org\/de\/halten-sie-ihr-herz-gesund\/\"},{\"@type\":\"ListItem\",\"position\":3,\"name\":\"Blutdruck\"}]},{\"@type\":\"WebSite\",\"@id\":\"https:\/\/www.healthy-heart.org\/es\/#website\",\"url\":\"https:\/\/www.healthy-heart.org\/es\/\",\"name\":\"Healthy-Heart.org\",\"description\":\"Practical advice for patients and family care givers on the prevention of cardiovascular disease\",\"potentialAction\":[{\"@type\":\"SearchAction\",\"target\":{\"@type\":\"EntryPoint\",\"urlTemplate\":\"https:\/\/www.healthy-heart.org\/es\/?s={search_term_string}\"},\"query-input\":{\"@type\":\"PropertyValueSpecification\",\"valueRequired\":true,\"valueName\":\"search_term_string\"}}],\"inLanguage\":\"de\"}]}<\/script>\n<!-- \/ Yoast SEO plugin. -->","yoast_head_json":{"title":"Blutdruck - Healthy-Heart.org","description":"Bluthochdruck ist ein starker Risikofaktor f\u00fcr Herz-Kreislauf-Erkrankungen. Lernen Sie, wie Sie Ihren Blutdruck messen.","robots":{"index":"index","follow":"follow","max-snippet":"max-snippet:-1","max-image-preview":"max-image-preview:large","max-video-preview":"max-video-preview:-1"},"canonical":"https:\/\/www.healthy-heart.org\/de\/halten-sie-ihr-herz-gesund\/blutdruck\/","og_locale":"de_DE","og_type":"article","og_title":"Blutdruck - Healthy-Heart.org","og_description":"Bluthochdruck ist ein starker Risikofaktor f\u00fcr Herz-Kreislauf-Erkrankungen. Lernen Sie, wie Sie Ihren Blutdruck messen.","og_url":"https:\/\/www.healthy-heart.org\/de\/halten-sie-ihr-herz-gesund\/blutdruck\/","og_site_name":"Healthy-Heart.org","article_modified_time":"2021-02-02T13:35:58+00:00","og_image":[{"width":1024,"height":683,"url":"https:\/\/www.healthy-heart.org\/wp-content\/uploads\/2019\/07\/iStock-133546401-1024x683.jpg","type":"image\/jpeg"}],"twitter_card":"summary_large_image","twitter_misc":{"Gesch\u00e4tzte Lesezeit":"3\u00a0Minuten"},"schema":{"@context":"https:\/\/schema.org","@graph":[{"@type":"WebPage","@id":"https:\/\/www.healthy-heart.org\/de\/halten-sie-ihr-herz-gesund\/blutdruck\/","url":"https:\/\/www.healthy-heart.org\/de\/halten-sie-ihr-herz-gesund\/blutdruck\/","name":"Blutdruck - Healthy-Heart.org","isPartOf":{"@id":"https:\/\/www.healthy-heart.org\/es\/#website"},"primaryImageOfPage":{"@id":"https:\/\/www.healthy-heart.org\/de\/halten-sie-ihr-herz-gesund\/blutdruck\/#primaryimage"},"image":{"@id":"https:\/\/www.healthy-heart.org\/de\/halten-sie-ihr-herz-gesund\/blutdruck\/#primaryimage"},"thumbnailUrl":"https:\/\/www.healthy-heart.org\/wp-content\/uploads\/2019\/07\/iStock-133546401.jpg","datePublished":"2019-10-08T09:28:10+00:00","dateModified":"2021-02-02T13:35:58+00:00","description":"Bluthochdruck ist ein starker Risikofaktor f\u00fcr Herz-Kreislauf-Erkrankungen. Lernen Sie, wie Sie Ihren Blutdruck messen.","breadcrumb":{"@id":"https:\/\/www.healthy-heart.org\/de\/halten-sie-ihr-herz-gesund\/blutdruck\/#breadcrumb"},"inLanguage":"de","potentialAction":[{"@type":"ReadAction","target":["https:\/\/www.healthy-heart.org\/de\/halten-sie-ihr-herz-gesund\/blutdruck\/"]}]},{"@type":"ImageObject","inLanguage":"de","@id":"https:\/\/www.healthy-heart.org\/de\/halten-sie-ihr-herz-gesund\/blutdruck\/#primaryimage","url":"https:\/\/www.healthy-heart.org\/wp-content\/uploads\/2019\/07\/iStock-133546401.jpg","contentUrl":"https:\/\/www.healthy-heart.org\/wp-content\/uploads\/2019\/07\/iStock-133546401.jpg","width":6048,"height":4032,"caption":"Female doctor measuring blood pressure of senior women"},{"@type":"BreadcrumbList","@id":"https:\/\/www.healthy-heart.org\/de\/halten-sie-ihr-herz-gesund\/blutdruck\/#breadcrumb","itemListElement":[{"@type":"ListItem","position":1,"name":"Home","item":"https:\/\/www.healthy-heart.org\/de\/"},{"@type":"ListItem","position":2,"name":"Halten Sie Ihr Herz gesund","item":"https:\/\/www.healthy-heart.org\/de\/halten-sie-ihr-herz-gesund\/"},{"@type":"ListItem","position":3,"name":"Blutdruck"}]},{"@type":"WebSite","@id":"https:\/\/www.healthy-heart.org\/es\/#website","url":"https:\/\/www.healthy-heart.org\/es\/","name":"Healthy-Heart.org","description":"Practical advice for patients and family care givers on the prevention of cardiovascular disease","potentialAction":[{"@type":"SearchAction","target":{"@type":"EntryPoint","urlTemplate":"https:\/\/www.healthy-heart.org\/es\/?s={search_term_string}"},"query-input":{"@type":"PropertyValueSpecification","valueRequired":true,"valueName":"search_term_string"}}],"inLanguage":"de"}]}},"_links":{"self":[{"href":"https:\/\/www.healthy-heart.org\/de\/wp-json\/wp\/v2\/pages\/1992","targetHints":{"allow":["GET"]}}],"collection":[{"href":"https:\/\/www.healthy-heart.org\/de\/wp-json\/wp\/v2\/pages"}],"about":[{"href":"https:\/\/www.healthy-heart.org\/de\/wp-json\/wp\/v2\/types\/page"}],"author":[{"embeddable":true,"href":"https:\/\/www.healthy-heart.org\/de\/wp-json\/wp\/v2\/users\/1"}],"replies":[{"embeddable":true,"href":"https:\/\/www.healthy-heart.org\/de\/wp-json\/wp\/v2\/comments?post=1992"}],"version-history":[{"count":6,"href":"https:\/\/www.healthy-heart.org\/de\/wp-json\/wp\/v2\/pages\/1992\/revisions"}],"predecessor-version":[{"id":5066,"href":"https:\/\/www.healthy-heart.org\/de\/wp-json\/wp\/v2\/pages\/1992\/revisions\/5066"}],"up":[{"embeddable":true,"href":"https:\/\/www.healthy-heart.org\/de\/wp-json\/wp\/v2\/pages\/1976"}],"wp:featuredmedia":[{"embeddable":true,"href":"https:\/\/www.healthy-heart.org\/de\/wp-json\/wp\/v2\/media\/488"}],"wp:attachment":[{"href":"https:\/\/www.healthy-heart.org\/de\/wp-json\/wp\/v2\/media?parent=1992"}],"wp:term":[{"taxonomy":"category","embeddable":true,"href":"https:\/\/www.healthy-heart.org\/de\/wp-json\/wp\/v2\/categories?post=1992"},{"taxonomy":"post_tag","embeddable":true,"href":"https:\/\/www.healthy-heart.org\/de\/wp-json\/wp\/v2\/tags?post=1992"}],"curies":[{"name":"wp","href":"https:\/\/api.w.org\/{rel}","templated":true}]}}