{"id":1971,"date":"2019-10-08T10:28:02","date_gmt":"2019-10-08T09:28:02","guid":{"rendered":"https:\/\/www.healthy-heart.org\/ihr-herz\/wie-man-eine-kardiopulmonale-reanimation-durchfuhrt\/"},"modified":"2021-02-25T14:36:38","modified_gmt":"2021-02-25T14:36:38","slug":"wie-man-eine-kardiopulmonale-reanimation-durchfuhrt","status":"publish","type":"page","link":"https:\/\/www.healthy-heart.org\/de\/ihr-herz\/wie-man-eine-kardiopulmonale-reanimation-durchfuhrt\/","title":{"rendered":"Wie man eine kardiopulmonale Reanimation durchf\u00fchrt"},"content":{"rendered":"<p><img loading=\"lazy\" decoding=\"async\" class=\"alignright size-medium wp-image-784\" src=\"https:\/\/cdn-endpoint-prev.azureedge.net\/healthy-heart\/2019\/07\/iStock-915166956-350x233.jpg\" alt=\"\" width=\"350\" height=\"233\" srcset=\"https:\/\/www.healthy-heart.org\/wp-content\/uploads\/2019\/07\/iStock-915166956-350x233.jpg 350w, https:\/\/cdn-endpoint-prev.azureedge.net\/healthy-heart\/2019\/07\/iStock-915166956-2048x1365.jpg 2048w, https:\/\/cdn-endpoint-prev.azureedge.net\/healthy-heart\/2019\/07\/iStock-915166956-659x439.jpg 659w, https:\/\/www.healthy-heart.org\/wp-content\/uploads\/2019\/07\/iStock-915166956-200x133.jpg 200w, https:\/\/www.healthy-heart.org\/wp-content\/uploads\/2019\/07\/iStock-915166956-768x512.jpg 768w, https:\/\/www.healthy-heart.org\/wp-content\/uploads\/2019\/07\/iStock-915166956-1024x683.jpg 1024w, https:\/\/www.healthy-heart.org\/wp-content\/uploads\/2019\/07\/iStock-915166956-1536x1024.jpg 1536w, https:\/\/www.healthy-heart.org\/wp-content\/uploads\/2019\/07\/iStock-915166956-696x464.jpg 696w\" sizes=\"auto, (max-width: 350px) 100vw, 350px\" \/>Die gute Nachricht: Jemandem das Leben zu retten ist einfacher, als Sie denken.<\/p>\n<p>Wenn Sie beobachten, dass jemand zusammenbricht, n\u00e4hern Sie sich dieser Person.<\/p>\n<ol>\n<li>Bitten Sie jemanden, die \u00f6rtliche Notrufnummer anzurufen (wenn diese nicht bekannt ist, dann soll die 112 verst\u00e4ndigt werden. Diese Nummer gilt f\u00fcr ganz Europa und in vielen anderen L\u00e4ndern) und einen AED-Defibrillator zu suchen. Wenn Sie allein sind, veranlassen Sie den Notruf und k\u00fcmmern Sie sich dann um die Person.<\/li>\n<li>Wenn die Person nicht reagiert und nicht richtig atmet, beginnen Sie mit der Herz-Lungen-Wiederbelebung:<br \/>\nLehnen Sie sich \u00fcber die Brust der Person, legen Sie eine Hand in die Mitte der Brust, legen Sie die zweite Hand auf die erste und dr\u00fccken Sie HART UND SCHNELL, bis Hilfe eintrifft. Die Arbeitsfrequenz sollte etwa 100 bis 120 pro Minute entsprechen, was etwa dem Tempo des ber\u00fchmten Bee Gees Songs Stayin\u2019 Alive entspricht. Fahren Sie fort, bis der Rettungswagen eintrifft.<\/li>\n<\/ol>\n<p>NICHT VERGESSEN:<\/p>\n<ol>\n<li>NOTRUF VERANLASSEN<\/li>\n<li>HART UND SCHNELL DR\u00dcCKEN<\/li>\n<\/ol>\n<p>IHR HANDELN KANN DAZU BEITRAGEN, EIN LEBEN ZU RETTEN!<\/p>\n<p>Weitere Informationen finden Sie in <a href=\"https:\/\/www.bhf.org.uk\/how-you-can-help\/how-to-save-a-life\/how-to-do-cpr\/cpr-training-videos\" target=\"_blank\" rel=\"noopener noreferrer\">diesem Video<\/a>, das von der British Heart Foundation erstellt wurde.<\/p>\n","protected":false},"excerpt":{"rendered":"<p>Die gute Nachricht: Jemandem das Leben zu retten ist einfacher, als Sie denken. Wenn Sie beobachten, dass jemand zusammenbricht, n\u00e4hern Sie sich dieser Person. Bitten Sie jemanden, die \u00f6rtliche Notrufnummer anzurufen (wenn diese nicht bekannt ist, dann soll die 112 verst\u00e4ndigt werden. Diese Nummer gilt f\u00fcr ganz Europa und in vielen anderen L\u00e4ndern) und einen [&hellip;]<\/p>\n","protected":false},"author":1,"featured_media":1252,"parent":1905,"menu_order":4,"comment_status":"closed","ping_status":"closed","template":"","meta":{"_acf_changed":false,"footnotes":""},"categories":[64],"tags":[],"class_list":["post-1971","page","type-page","status-publish","has-post-thumbnail","hentry","category-ihr-herz"],"acf":[],"yoast_head":"<!-- This site is optimized with the Yoast SEO plugin v24.0 - https:\/\/yoast.com\/wordpress\/plugins\/seo\/ -->\n<title>Wie man eine kardiopulmonale Reanimation durchf\u00fchrt - Healthy-Heart.org<\/title>\n<meta name=\"description\" content=\"Erfahren Sie, wie Sie durch eine Herzdruckmassage eine kardiopulmonale Reanimation oder Herz-Lungen-Wiederbelebung durchf\u00fchren, wenn jemand einen Herzstillstand hat.\" \/>\n<meta name=\"robots\" content=\"index, follow, max-snippet:-1, max-image-preview:large, max-video-preview:-1\" \/>\n<link rel=\"canonical\" href=\"https:\/\/www.healthy-heart.org\/de\/ihr-herz\/wie-man-eine-kardiopulmonale-reanimation-durchfuhrt\/\" \/>\n<meta property=\"og:locale\" content=\"de_DE\" \/>\n<meta property=\"og:type\" content=\"article\" \/>\n<meta property=\"og:title\" content=\"Wie man eine kardiopulmonale Reanimation durchf\u00fchrt - Healthy-Heart.org\" \/>\n<meta property=\"og:description\" content=\"Erfahren Sie, wie Sie durch eine Herzdruckmassage eine kardiopulmonale Reanimation oder Herz-Lungen-Wiederbelebung durchf\u00fchren, wenn jemand einen Herzstillstand hat.\" \/>\n<meta property=\"og:url\" content=\"https:\/\/www.healthy-heart.org\/de\/ihr-herz\/wie-man-eine-kardiopulmonale-reanimation-durchfuhrt\/\" \/>\n<meta property=\"og:site_name\" content=\"Healthy-Heart.org\" \/>\n<meta property=\"article:modified_time\" content=\"2021-02-25T14:36:38+00:00\" \/>\n<meta property=\"og:image\" content=\"https:\/\/www.healthy-heart.org\/wp-content\/uploads\/2019\/08\/cpr.jpg\" \/>\n\t<meta property=\"og:image:width\" content=\"518\" \/>\n\t<meta property=\"og:image:height\" content=\"345\" \/>\n\t<meta property=\"og:image:type\" content=\"image\/jpeg\" \/>\n<meta name=\"twitter:card\" content=\"summary_large_image\" \/>\n<meta name=\"twitter:label1\" content=\"Gesch\u00e4tzte Lesezeit\" \/>\n\t<meta name=\"twitter:data1\" content=\"1\u00a0Minute\" \/>\n<script type=\"application\/ld+json\" class=\"yoast-schema-graph\">{\"@context\":\"https:\/\/schema.org\",\"@graph\":[{\"@type\":\"WebPage\",\"@id\":\"https:\/\/www.healthy-heart.org\/de\/ihr-herz\/wie-man-eine-kardiopulmonale-reanimation-durchfuhrt\/\",\"url\":\"https:\/\/www.healthy-heart.org\/de\/ihr-herz\/wie-man-eine-kardiopulmonale-reanimation-durchfuhrt\/\",\"name\":\"Wie man eine kardiopulmonale Reanimation durchf\u00fchrt - Healthy-Heart.org\",\"isPartOf\":{\"@id\":\"https:\/\/www.healthy-heart.org\/es\/#website\"},\"primaryImageOfPage\":{\"@id\":\"https:\/\/www.healthy-heart.org\/de\/ihr-herz\/wie-man-eine-kardiopulmonale-reanimation-durchfuhrt\/#primaryimage\"},\"image\":{\"@id\":\"https:\/\/www.healthy-heart.org\/de\/ihr-herz\/wie-man-eine-kardiopulmonale-reanimation-durchfuhrt\/#primaryimage\"},\"thumbnailUrl\":\"https:\/\/www.healthy-heart.org\/wp-content\/uploads\/2019\/08\/cpr.jpg\",\"datePublished\":\"2019-10-08T09:28:02+00:00\",\"dateModified\":\"2021-02-25T14:36:38+00:00\",\"description\":\"Erfahren Sie, wie Sie durch eine Herzdruckmassage eine kardiopulmonale Reanimation oder Herz-Lungen-Wiederbelebung durchf\u00fchren, wenn jemand einen Herzstillstand hat.\",\"breadcrumb\":{\"@id\":\"https:\/\/www.healthy-heart.org\/de\/ihr-herz\/wie-man-eine-kardiopulmonale-reanimation-durchfuhrt\/#breadcrumb\"},\"inLanguage\":\"de\",\"potentialAction\":[{\"@type\":\"ReadAction\",\"target\":[\"https:\/\/www.healthy-heart.org\/de\/ihr-herz\/wie-man-eine-kardiopulmonale-reanimation-durchfuhrt\/\"]}]},{\"@type\":\"ImageObject\",\"inLanguage\":\"de\",\"@id\":\"https:\/\/www.healthy-heart.org\/de\/ihr-herz\/wie-man-eine-kardiopulmonale-reanimation-durchfuhrt\/#primaryimage\",\"url\":\"https:\/\/www.healthy-heart.org\/wp-content\/uploads\/2019\/08\/cpr.jpg\",\"contentUrl\":\"https:\/\/www.healthy-heart.org\/wp-content\/uploads\/2019\/08\/cpr.jpg\",\"width\":518,\"height\":345},{\"@type\":\"BreadcrumbList\",\"@id\":\"https:\/\/www.healthy-heart.org\/de\/ihr-herz\/wie-man-eine-kardiopulmonale-reanimation-durchfuhrt\/#breadcrumb\",\"itemListElement\":[{\"@type\":\"ListItem\",\"position\":1,\"name\":\"Home\",\"item\":\"https:\/\/www.healthy-heart.org\/de\/\"},{\"@type\":\"ListItem\",\"position\":2,\"name\":\"Ihr Herz\",\"item\":\"https:\/\/www.healthy-heart.org\/de\/ihr-herz\/\"},{\"@type\":\"ListItem\",\"position\":3,\"name\":\"Wie man eine kardiopulmonale Reanimation durchf\u00fchrt\"}]},{\"@type\":\"WebSite\",\"@id\":\"https:\/\/www.healthy-heart.org\/es\/#website\",\"url\":\"https:\/\/www.healthy-heart.org\/es\/\",\"name\":\"Healthy-Heart.org\",\"description\":\"Practical advice for patients and family care givers on the prevention of cardiovascular disease\",\"potentialAction\":[{\"@type\":\"SearchAction\",\"target\":{\"@type\":\"EntryPoint\",\"urlTemplate\":\"https:\/\/www.healthy-heart.org\/es\/?s={search_term_string}\"},\"query-input\":{\"@type\":\"PropertyValueSpecification\",\"valueRequired\":true,\"valueName\":\"search_term_string\"}}],\"inLanguage\":\"de\"}]}<\/script>\n<!-- \/ Yoast SEO plugin. -->","yoast_head_json":{"title":"Wie man eine kardiopulmonale Reanimation durchf\u00fchrt - Healthy-Heart.org","description":"Erfahren Sie, wie Sie durch eine Herzdruckmassage eine kardiopulmonale Reanimation oder Herz-Lungen-Wiederbelebung durchf\u00fchren, wenn jemand einen Herzstillstand hat.","robots":{"index":"index","follow":"follow","max-snippet":"max-snippet:-1","max-image-preview":"max-image-preview:large","max-video-preview":"max-video-preview:-1"},"canonical":"https:\/\/www.healthy-heart.org\/de\/ihr-herz\/wie-man-eine-kardiopulmonale-reanimation-durchfuhrt\/","og_locale":"de_DE","og_type":"article","og_title":"Wie man eine kardiopulmonale Reanimation durchf\u00fchrt - Healthy-Heart.org","og_description":"Erfahren Sie, wie Sie durch eine Herzdruckmassage eine kardiopulmonale Reanimation oder Herz-Lungen-Wiederbelebung durchf\u00fchren, wenn jemand einen Herzstillstand hat.","og_url":"https:\/\/www.healthy-heart.org\/de\/ihr-herz\/wie-man-eine-kardiopulmonale-reanimation-durchfuhrt\/","og_site_name":"Healthy-Heart.org","article_modified_time":"2021-02-25T14:36:38+00:00","og_image":[{"width":518,"height":345,"url":"https:\/\/www.healthy-heart.org\/wp-content\/uploads\/2019\/08\/cpr.jpg","type":"image\/jpeg"}],"twitter_card":"summary_large_image","twitter_misc":{"Gesch\u00e4tzte Lesezeit":"1\u00a0Minute"},"schema":{"@context":"https:\/\/schema.org","@graph":[{"@type":"WebPage","@id":"https:\/\/www.healthy-heart.org\/de\/ihr-herz\/wie-man-eine-kardiopulmonale-reanimation-durchfuhrt\/","url":"https:\/\/www.healthy-heart.org\/de\/ihr-herz\/wie-man-eine-kardiopulmonale-reanimation-durchfuhrt\/","name":"Wie man eine kardiopulmonale Reanimation durchf\u00fchrt - Healthy-Heart.org","isPartOf":{"@id":"https:\/\/www.healthy-heart.org\/es\/#website"},"primaryImageOfPage":{"@id":"https:\/\/www.healthy-heart.org\/de\/ihr-herz\/wie-man-eine-kardiopulmonale-reanimation-durchfuhrt\/#primaryimage"},"image":{"@id":"https:\/\/www.healthy-heart.org\/de\/ihr-herz\/wie-man-eine-kardiopulmonale-reanimation-durchfuhrt\/#primaryimage"},"thumbnailUrl":"https:\/\/www.healthy-heart.org\/wp-content\/uploads\/2019\/08\/cpr.jpg","datePublished":"2019-10-08T09:28:02+00:00","dateModified":"2021-02-25T14:36:38+00:00","description":"Erfahren Sie, wie Sie durch eine Herzdruckmassage eine kardiopulmonale Reanimation oder Herz-Lungen-Wiederbelebung durchf\u00fchren, wenn jemand einen Herzstillstand hat.","breadcrumb":{"@id":"https:\/\/www.healthy-heart.org\/de\/ihr-herz\/wie-man-eine-kardiopulmonale-reanimation-durchfuhrt\/#breadcrumb"},"inLanguage":"de","potentialAction":[{"@type":"ReadAction","target":["https:\/\/www.healthy-heart.org\/de\/ihr-herz\/wie-man-eine-kardiopulmonale-reanimation-durchfuhrt\/"]}]},{"@type":"ImageObject","inLanguage":"de","@id":"https:\/\/www.healthy-heart.org\/de\/ihr-herz\/wie-man-eine-kardiopulmonale-reanimation-durchfuhrt\/#primaryimage","url":"https:\/\/www.healthy-heart.org\/wp-content\/uploads\/2019\/08\/cpr.jpg","contentUrl":"https:\/\/www.healthy-heart.org\/wp-content\/uploads\/2019\/08\/cpr.jpg","width":518,"height":345},{"@type":"BreadcrumbList","@id":"https:\/\/www.healthy-heart.org\/de\/ihr-herz\/wie-man-eine-kardiopulmonale-reanimation-durchfuhrt\/#breadcrumb","itemListElement":[{"@type":"ListItem","position":1,"name":"Home","item":"https:\/\/www.healthy-heart.org\/de\/"},{"@type":"ListItem","position":2,"name":"Ihr Herz","item":"https:\/\/www.healthy-heart.org\/de\/ihr-herz\/"},{"@type":"ListItem","position":3,"name":"Wie man eine kardiopulmonale Reanimation durchf\u00fchrt"}]},{"@type":"WebSite","@id":"https:\/\/www.healthy-heart.org\/es\/#website","url":"https:\/\/www.healthy-heart.org\/es\/","name":"Healthy-Heart.org","description":"Practical advice for patients and family care givers on the prevention of cardiovascular disease","potentialAction":[{"@type":"SearchAction","target":{"@type":"EntryPoint","urlTemplate":"https:\/\/www.healthy-heart.org\/es\/?s={search_term_string}"},"query-input":{"@type":"PropertyValueSpecification","valueRequired":true,"valueName":"search_term_string"}}],"inLanguage":"de"}]}},"_links":{"self":[{"href":"https:\/\/www.healthy-heart.org\/de\/wp-json\/wp\/v2\/pages\/1971","targetHints":{"allow":["GET"]}}],"collection":[{"href":"https:\/\/www.healthy-heart.org\/de\/wp-json\/wp\/v2\/pages"}],"about":[{"href":"https:\/\/www.healthy-heart.org\/de\/wp-json\/wp\/v2\/types\/page"}],"author":[{"embeddable":true,"href":"https:\/\/www.healthy-heart.org\/de\/wp-json\/wp\/v2\/users\/1"}],"replies":[{"embeddable":true,"href":"https:\/\/www.healthy-heart.org\/de\/wp-json\/wp\/v2\/comments?post=1971"}],"version-history":[{"count":3,"href":"https:\/\/www.healthy-heart.org\/de\/wp-json\/wp\/v2\/pages\/1971\/revisions"}],"predecessor-version":[{"id":5602,"href":"https:\/\/www.healthy-heart.org\/de\/wp-json\/wp\/v2\/pages\/1971\/revisions\/5602"}],"up":[{"embeddable":true,"href":"https:\/\/www.healthy-heart.org\/de\/wp-json\/wp\/v2\/pages\/1905"}],"wp:featuredmedia":[{"embeddable":true,"href":"https:\/\/www.healthy-heart.org\/de\/wp-json\/wp\/v2\/media\/1252"}],"wp:attachment":[{"href":"https:\/\/www.healthy-heart.org\/de\/wp-json\/wp\/v2\/media?parent=1971"}],"wp:term":[{"taxonomy":"category","embeddable":true,"href":"https:\/\/www.healthy-heart.org\/de\/wp-json\/wp\/v2\/categories?post=1971"},{"taxonomy":"post_tag","embeddable":true,"href":"https:\/\/www.healthy-heart.org\/de\/wp-json\/wp\/v2\/tags?post=1971"}],"curies":[{"name":"wp","href":"https:\/\/api.w.org\/{rel}","templated":true}]}}