{"id":1954,"date":"2019-10-08T10:27:59","date_gmt":"2019-10-08T09:27:59","guid":{"rendered":"https:\/\/www.healthy-heart.org\/ihr-herz\/was-ist-eine-herzerkrankung\/"},"modified":"2021-01-26T11:44:44","modified_gmt":"2021-01-26T11:44:44","slug":"was-ist-eine-herzerkrankung","status":"publish","type":"page","link":"https:\/\/www.healthy-heart.org\/de\/ihr-herz\/was-ist-eine-herzerkrankung\/","title":{"rendered":"Was ist eine Herzerkrankung?"},"content":{"rendered":"<p>Herz-Kreislauf-Erkrankungen sind Erkrankungen <a href=\"https:\/\/www.healthy-heart.org\/de\/ihr-herz\/wie-funktioniert-das-herz\/\">des Herzens und der Blutgef\u00e4\u00dfe<\/a>. Dazu geh\u00f6ren atherosklerotische Erkrankungen, bei denen die Blutgef\u00e4\u00dfe nach und nach durch Fettablagerungen, sogenannte Plaques, verstopft werden. Es gibt verschiedene Arten von atherosklerotischen Erkrankungen, je nachdem welche Blutgef\u00e4\u00dfe verstopft sind.<\/p>\n<ul>\n<li>Die koronare Herzkrankheiten \u2013 wie Herzinfarkt \u2013 betrifft die Koronararterien, die das Herz mit Blut versorgen.<\/li>\n<li>Zerebrovaskul\u00e4re Erkrankungen \u2013 wie Schlaganfall \u2013 betreffen die Blutgef\u00e4\u00dfe des Gehirns.<\/li>\n<li>Die periphere arterielle Verschlusskrankheit betrifft die Gef\u00e4\u00dfe, die die Beine mit Blut versorgen.<\/li>\n<li>Andere Arten von kardiovaskul\u00e4ren Erkrankungen sind Herzinsuffizienz (bei der das Herz nicht richtig pumpen kann), Herzklappenerkrankungen und Erkrankungen des Herzmuskels.<\/li>\n<\/ul>\n<h3>Definition<\/h3>\n<p><img loading=\"lazy\" decoding=\"async\" class=\"alignright wp-image-694 size-medium\" src=\"https:\/\/cdn-endpoint-prev.azureedge.net\/healthy-heart\/2019\/07\/iStock-1026729722-1-350x350.jpg\" alt=\"\" width=\"350\" height=\"350\" srcset=\"https:\/\/www.healthy-heart.org\/wp-content\/uploads\/2019\/07\/iStock-1026729722-1-350x350.jpg 350w, https:\/\/www.healthy-heart.org\/wp-content\/uploads\/2019\/07\/iStock-1026729722-1-200x200.jpg 200w, https:\/\/www.healthy-heart.org\/wp-content\/uploads\/2019\/07\/iStock-1026729722-1-768x768.jpg 768w, https:\/\/www.healthy-heart.org\/wp-content\/uploads\/2019\/07\/iStock-1026729722-1-1024x1024.jpg 1024w, https:\/\/www.healthy-heart.org\/wp-content\/uploads\/2019\/07\/iStock-1026729722-1-1536x1536.jpg 1536w, https:\/\/www.healthy-heart.org\/wp-content\/uploads\/2019\/07\/iStock-1026729722-1-2048x2048.jpg 2048w, https:\/\/www.healthy-heart.org\/wp-content\/uploads\/2019\/07\/iStock-1026729722-1-439x439.jpg 439w, https:\/\/www.healthy-heart.org\/wp-content\/uploads\/2019\/07\/iStock-1026729722-1-464x464.jpg 464w\" sizes=\"auto, (max-width: 350px) 100vw, 350px\" \/><br \/>\nZu den kardiovaskul\u00e4ren Erkrankungen geh\u00f6ren die folgenden atherosklerotischen Erkrankungen: koronare Herzkrankheit (Herzinfarkt), zerebrovaskul\u00e4re Erkrankung (Schlaganfall) und periphere arterielle Verschlusskrankheit, die die Beine betrifft.<\/p>\n<p>Atherosklerose ist eine Erkrankung, die haupts\u00e4chlich durch zu hohe Cholesterinspiegel verursacht wird, insbesondere das \u201eschlechte\u201c LDL-Cholesterin. Cholesterin sammelt sich in der Blutgef\u00e4\u00dfwand an und verursacht Entz\u00fcndungen und Plaquebildung, die die Gef\u00e4\u00dfe verengen k\u00f6nnen. Je enger die Gef\u00e4\u00dfe, desto weniger Blut kann durchflie\u00dfen. Dies kann beim Gehen zu intermittierenden Schmerzen in den Beinen f\u00fchren, wenn die Beinarterien betroffen sind. Wenn sich die Gef\u00e4\u00dfe, die das Herz mit Blut versorgen, verengen, kann dies Brustschmerzen, ein Engegef\u00fchl oder Unwohlsein verursachen \u2013 das nennt man Angina pectoris. Wenn die Gef\u00e4\u00dfe, die das Herz versorgen, sehr eng werden oder vollst\u00e4ndig durch Plaques blockiert sind, kann dies zu einem Herzinfarkt (Myokardinfarkt) f\u00fchren.<\/p>\n<p>Eine kardiovaskul\u00e4re Erkrankung kann durch eine gesunde <a href=\"https:\/\/www.healthy-heart.org\/de\/ihr-herz\/forderung-eines-gesunden-lebensstils\/\">Lebensweise<\/a>, <a href=\"https:\/\/www.healthy-heart.org\/de\/das-leben-mit-einer-herzerkrankung\/arten-von-medikamenten\/\">Medikamente<\/a> und\/oder Operationen verhindert bzw. behandelt werden.<\/p>\n<h3>H\u00e4ufigkeit<\/h3>\n<p><img loading=\"lazy\" decoding=\"async\" class=\"alignright size-medium wp-image-719\" src=\"https:\/\/cdn-endpoint-prev.azureedge.net\/healthy-heart\/2019\/07\/iStock-457380571-350x350.png\" alt=\"\" width=\"350\" height=\"350\" srcset=\"https:\/\/www.healthy-heart.org\/wp-content\/uploads\/2019\/07\/iStock-457380571-350x350.png 350w, https:\/\/www.healthy-heart.org\/wp-content\/uploads\/2019\/07\/iStock-457380571-200x200.png 200w, https:\/\/www.healthy-heart.org\/wp-content\/uploads\/2019\/07\/iStock-457380571-768x768.png 768w, https:\/\/www.healthy-heart.org\/wp-content\/uploads\/2019\/07\/iStock-457380571-439x439.png 439w, https:\/\/www.healthy-heart.org\/wp-content\/uploads\/2019\/07\/iStock-457380571-464x464.png 464w, https:\/\/cdn-endpoint-prev.azureedge.net\/healthy-heart\/2019\/07\/iStock-457380571.png 800w\" sizes=\"auto, (max-width: 350px) 100vw, 350px\" \/>Herz-Kreislauf-Erkrankungen sind die h\u00e4ufigsten Todesursachen in Europa und verursachen j\u00e4hrlich mehr als vier Millionen Todesf\u00e4lle. Dies entspricht 45 % aller Todesf\u00e4lle. Herz-Kreislauf-Erkrankungen verursachen 49 % der Todesf\u00e4lle bei Frauen und 40 % der Todesf\u00e4lle bei M\u00e4nnern. Koronare Herzkrankheit (KHK; haupts\u00e4chlich Herzinfarkt) und zerebrovaskul\u00e4re Erkrankungen (haupts\u00e4chlich Schlaganfall) sind die h\u00e4ufigsten Ursachen f\u00fcr einen kardiovaskul\u00e4ren Tod. Die KHK verursacht j\u00e4hrlich 1,8 Millionen Todesf\u00e4lle, was jedem f\u00fcnften Todesfall entspricht.<\/p>\n<p>In Europa gibt es erhebliche Unterschiede beim Auftreten von Herz-Kreislauf-Erkrankungen. In den letzten zehn Jahren sind Herz-Kreislauf-Erkrankungen in fast ganz Westeuropa stark zur\u00fcckgegangen, wobei in einigen L\u00e4ndern eine Reduzierung um bis zu 30 % bis 50 % zu verzeichnen war. Heute liegt der H\u00e4ufigkeitschwerpunkt der Herz-Kreislauf-Erkrankungen in osteurop\u00e4ischen L\u00e4ndern, wo erh\u00f6hte Erkrankungs- und Sterblichkeitsraten zu verzeichnen sind. Das vorherige Nord-S\u00fcd-Gef\u00e4lle ist zur\u00fcckgegangen.<\/p>\n<p>Der R\u00fcckgang der Herz-Kreislauf-Erkrankungen wird sowohl bei M\u00e4nnern als auch bei Frauen beobachtet. Der Gro\u00dfteil davon ist auf eine bessere Pr\u00e4vention von Herz-Kreislauf-Erkrankungen zur\u00fcckzuf\u00fchren, wodurch <a href=\"https:\/\/www.healthy-heart.org\/de\/halten-sie-ihr-herz-gesund\/vorhersage-und-management-des-risikos-von-herzerkrankungen\/\">kardiovaskul\u00e4re Risikofaktoren<\/a> bei gesunden Menschen und bei Patienten mit Herz-Kreislauf-Erkrankungen reduziert werden.<\/p>\n<p>Jedoch zeigen nicht alle Risikofaktoren einen positiven Trend. Obwohl <a href=\"https:\/\/www.healthy-heart.org\/de\/halten-sie-ihr-herz-gesund\/rauchen\/\">Raucherquoten<\/a> und <a href=\"https:\/\/www.healthy-heart.org\/de\/halten-sie-ihr-herz-gesund\/cholesterin\/\">Cholesterinspiegel<\/a> gesunken sind, nehmen <a href=\"https:\/\/www.healthy-heart.org\/de\/halten-sie-ihr-herz-gesund\/achten-sie-auf-ein-gesundes-gewicht\/\">Fettleibigkeit<\/a> und <a href=\"https:\/\/www.healthy-heart.org\/de\/halten-sie-ihr-herz-gesund\/diabetes\/\">Diabetes<\/a> zu und k\u00f6nnen somit den R\u00fcckgang von Herz-Kreislauf-Erkrankungen stoppen. <a href=\"https:\/\/www.healthy-heart.org\/de\/halten-sie-ihr-herz-gesund\/stress-und-schlaf\/\">Psychosoziale Belastungen<\/a> wie Depressionen, Angstzust\u00e4nde und Burnout werden heute als wichtige Faktoren f\u00fcr das Auftreten und die Prognose von Herz-Kreislauf-Erkrankungen anerkannt und gehen nicht zur\u00fcck.<\/p>\n<blockquote><p>Eine Herz-Kreislauf-Erkrankung ist weitgehend vermeidbar: Die Beseitigung gesundheitsgef\u00e4hrdender Verhaltensweisen w\u00fcrde mindestens 80 % der kardiovaskul\u00e4ren Erkrankungen verhindern.<\/p><\/blockquote>\n<p>Der wichtigste Weg zur Bek\u00e4mpfung von Herz-Kreislauf-Erkrankungen ist daher die Pr\u00e4vention, also erste und nachfolgende Ereignisse zu verhindern. Jeder f\u00fcnfte Herzinfarktpatient erleidet innerhalb des ersten Jahres einen zweiten Herzinfarkt. Angeh\u00f6rige der Gesundheitsberufe und Patienten k\u00f6nnen gemeinsam etwas daf\u00fcr tun, <a href=\"https:\/\/www.healthy-heart.org\/de\/das-leben-mit-einer-herzerkrankung\/risikofaktoren-fur-einen-zweiten-herzinfarkt\/\">um den ersten und zweiten Herzinfarkt zu verhindern<\/a>. Viele Herzinfarktpatienten haben beispielsweise einen nicht diagnostizierten Diabetes, dessen rechtzeitige Feststellung und Behandlung den Herzinfarkt h\u00e4tte verhindern k\u00f6nnen.<\/p>\n<p>Erfahren Sie, welche Schritte Sie unternehmen k\u00f6nnen, um <a href=\"https:\/\/www.healthy-heart.org\/keep-your-heart-healthy\/keeping-healthy-habits\/\">Herz-Kreislauf-Erkrankungen vorzubeugen<\/a>, und was Sie gemeinsam mit Ihren \u00c4rzten und dem medizinischen Fachpersonal erreichen k\u00f6nnen.<\/p>\n","protected":false},"excerpt":{"rendered":"<p>Herz-Kreislauf-Erkrankungen sind Erkrankungen des Herzens und der Blutgef\u00e4\u00dfe. Dazu geh\u00f6ren atherosklerotische Erkrankungen, bei denen die Blutgef\u00e4\u00dfe nach und nach durch Fettablagerungen, sogenannte Plaques, verstopft werden. Es gibt verschiedene Arten von atherosklerotischen Erkrankungen, je nachdem welche Blutgef\u00e4\u00dfe verstopft sind. Die koronare Herzkrankheiten \u2013 wie Herzinfarkt \u2013 betrifft die Koronararterien, die das Herz mit Blut versorgen. Zerebrovaskul\u00e4re [&hellip;]<\/p>\n","protected":false},"author":1,"featured_media":1233,"parent":1905,"menu_order":2,"comment_status":"closed","ping_status":"closed","template":"","meta":{"_acf_changed":false,"footnotes":""},"categories":[64],"tags":[],"class_list":["post-1954","page","type-page","status-publish","has-post-thumbnail","hentry","category-ihr-herz"],"acf":[],"yoast_head":"<!-- This site is optimized with the Yoast SEO plugin v24.0 - https:\/\/yoast.com\/wordpress\/plugins\/seo\/ -->\n<title>Herzerkrankung - Healthy-Heart.org<\/title>\n<meta name=\"description\" content=\"Herzerkrankungen sind Erkrankungen des Herzens und der Blutgef\u00e4\u00dfe wie atherosklerotische Erkrankungen, Herzinfarkt, Schlaganfall, Herzklappenerkrankungen und Erkrankungen des Herzmuskels.\" \/>\n<meta name=\"robots\" content=\"index, follow, max-snippet:-1, max-image-preview:large, max-video-preview:-1\" \/>\n<link rel=\"canonical\" href=\"https:\/\/www.healthy-heart.org\/de\/ihr-herz\/was-ist-eine-herzerkrankung\/\" \/>\n<meta property=\"og:locale\" content=\"de_DE\" \/>\n<meta property=\"og:type\" content=\"article\" \/>\n<meta property=\"og:title\" content=\"Herzerkrankung - Healthy-Heart.org\" \/>\n<meta property=\"og:description\" content=\"Herzerkrankungen sind Erkrankungen des Herzens und der Blutgef\u00e4\u00dfe wie atherosklerotische Erkrankungen, Herzinfarkt, Schlaganfall, Herzklappenerkrankungen und Erkrankungen des Herzmuskels.\" \/>\n<meta property=\"og:url\" content=\"https:\/\/www.healthy-heart.org\/de\/ihr-herz\/was-ist-eine-herzerkrankung\/\" \/>\n<meta property=\"og:site_name\" content=\"Healthy-Heart.org\" \/>\n<meta property=\"article:modified_time\" content=\"2021-01-26T11:44:44+00:00\" \/>\n<meta property=\"og:image\" content=\"https:\/\/www.healthy-heart.org\/wp-content\/uploads\/2019\/08\/what-is-cardiovascular-disease.jpg\" \/>\n\t<meta property=\"og:image:width\" content=\"518\" \/>\n\t<meta property=\"og:image:height\" content=\"345\" \/>\n\t<meta property=\"og:image:type\" content=\"image\/jpeg\" \/>\n<meta name=\"twitter:card\" content=\"summary_large_image\" \/>\n<meta name=\"twitter:label1\" content=\"Gesch\u00e4tzte Lesezeit\" \/>\n\t<meta name=\"twitter:data1\" content=\"3\u00a0Minuten\" \/>\n<script type=\"application\/ld+json\" class=\"yoast-schema-graph\">{\"@context\":\"https:\/\/schema.org\",\"@graph\":[{\"@type\":\"WebPage\",\"@id\":\"https:\/\/www.healthy-heart.org\/de\/ihr-herz\/was-ist-eine-herzerkrankung\/\",\"url\":\"https:\/\/www.healthy-heart.org\/de\/ihr-herz\/was-ist-eine-herzerkrankung\/\",\"name\":\"Herzerkrankung - Healthy-Heart.org\",\"isPartOf\":{\"@id\":\"https:\/\/www.healthy-heart.org\/es\/#website\"},\"primaryImageOfPage\":{\"@id\":\"https:\/\/www.healthy-heart.org\/de\/ihr-herz\/was-ist-eine-herzerkrankung\/#primaryimage\"},\"image\":{\"@id\":\"https:\/\/www.healthy-heart.org\/de\/ihr-herz\/was-ist-eine-herzerkrankung\/#primaryimage\"},\"thumbnailUrl\":\"https:\/\/www.healthy-heart.org\/wp-content\/uploads\/2019\/08\/what-is-cardiovascular-disease.jpg\",\"datePublished\":\"2019-10-08T09:27:59+00:00\",\"dateModified\":\"2021-01-26T11:44:44+00:00\",\"description\":\"Herzerkrankungen sind Erkrankungen des Herzens und der Blutgef\u00e4\u00dfe wie atherosklerotische Erkrankungen, Herzinfarkt, Schlaganfall, Herzklappenerkrankungen und Erkrankungen des Herzmuskels.\",\"breadcrumb\":{\"@id\":\"https:\/\/www.healthy-heart.org\/de\/ihr-herz\/was-ist-eine-herzerkrankung\/#breadcrumb\"},\"inLanguage\":\"de\",\"potentialAction\":[{\"@type\":\"ReadAction\",\"target\":[\"https:\/\/www.healthy-heart.org\/de\/ihr-herz\/was-ist-eine-herzerkrankung\/\"]}]},{\"@type\":\"ImageObject\",\"inLanguage\":\"de\",\"@id\":\"https:\/\/www.healthy-heart.org\/de\/ihr-herz\/was-ist-eine-herzerkrankung\/#primaryimage\",\"url\":\"https:\/\/www.healthy-heart.org\/wp-content\/uploads\/2019\/08\/what-is-cardiovascular-disease.jpg\",\"contentUrl\":\"https:\/\/www.healthy-heart.org\/wp-content\/uploads\/2019\/08\/what-is-cardiovascular-disease.jpg\",\"width\":518,\"height\":345},{\"@type\":\"BreadcrumbList\",\"@id\":\"https:\/\/www.healthy-heart.org\/de\/ihr-herz\/was-ist-eine-herzerkrankung\/#breadcrumb\",\"itemListElement\":[{\"@type\":\"ListItem\",\"position\":1,\"name\":\"Home\",\"item\":\"https:\/\/www.healthy-heart.org\/de\/\"},{\"@type\":\"ListItem\",\"position\":2,\"name\":\"Ihr Herz\",\"item\":\"https:\/\/www.healthy-heart.org\/de\/ihr-herz\/\"},{\"@type\":\"ListItem\",\"position\":3,\"name\":\"Was ist eine Herzerkrankung?\"}]},{\"@type\":\"WebSite\",\"@id\":\"https:\/\/www.healthy-heart.org\/es\/#website\",\"url\":\"https:\/\/www.healthy-heart.org\/es\/\",\"name\":\"Healthy-Heart.org\",\"description\":\"Practical advice for patients and family care givers on the prevention of cardiovascular disease\",\"potentialAction\":[{\"@type\":\"SearchAction\",\"target\":{\"@type\":\"EntryPoint\",\"urlTemplate\":\"https:\/\/www.healthy-heart.org\/es\/?s={search_term_string}\"},\"query-input\":{\"@type\":\"PropertyValueSpecification\",\"valueRequired\":true,\"valueName\":\"search_term_string\"}}],\"inLanguage\":\"de\"}]}<\/script>\n<!-- \/ Yoast SEO plugin. -->","yoast_head_json":{"title":"Herzerkrankung - Healthy-Heart.org","description":"Herzerkrankungen sind Erkrankungen des Herzens und der Blutgef\u00e4\u00dfe wie atherosklerotische Erkrankungen, Herzinfarkt, Schlaganfall, Herzklappenerkrankungen und Erkrankungen des Herzmuskels.","robots":{"index":"index","follow":"follow","max-snippet":"max-snippet:-1","max-image-preview":"max-image-preview:large","max-video-preview":"max-video-preview:-1"},"canonical":"https:\/\/www.healthy-heart.org\/de\/ihr-herz\/was-ist-eine-herzerkrankung\/","og_locale":"de_DE","og_type":"article","og_title":"Herzerkrankung - Healthy-Heart.org","og_description":"Herzerkrankungen sind Erkrankungen des Herzens und der Blutgef\u00e4\u00dfe wie atherosklerotische Erkrankungen, Herzinfarkt, Schlaganfall, Herzklappenerkrankungen und Erkrankungen des Herzmuskels.","og_url":"https:\/\/www.healthy-heart.org\/de\/ihr-herz\/was-ist-eine-herzerkrankung\/","og_site_name":"Healthy-Heart.org","article_modified_time":"2021-01-26T11:44:44+00:00","og_image":[{"width":518,"height":345,"url":"https:\/\/www.healthy-heart.org\/wp-content\/uploads\/2019\/08\/what-is-cardiovascular-disease.jpg","type":"image\/jpeg"}],"twitter_card":"summary_large_image","twitter_misc":{"Gesch\u00e4tzte Lesezeit":"3\u00a0Minuten"},"schema":{"@context":"https:\/\/schema.org","@graph":[{"@type":"WebPage","@id":"https:\/\/www.healthy-heart.org\/de\/ihr-herz\/was-ist-eine-herzerkrankung\/","url":"https:\/\/www.healthy-heart.org\/de\/ihr-herz\/was-ist-eine-herzerkrankung\/","name":"Herzerkrankung - Healthy-Heart.org","isPartOf":{"@id":"https:\/\/www.healthy-heart.org\/es\/#website"},"primaryImageOfPage":{"@id":"https:\/\/www.healthy-heart.org\/de\/ihr-herz\/was-ist-eine-herzerkrankung\/#primaryimage"},"image":{"@id":"https:\/\/www.healthy-heart.org\/de\/ihr-herz\/was-ist-eine-herzerkrankung\/#primaryimage"},"thumbnailUrl":"https:\/\/www.healthy-heart.org\/wp-content\/uploads\/2019\/08\/what-is-cardiovascular-disease.jpg","datePublished":"2019-10-08T09:27:59+00:00","dateModified":"2021-01-26T11:44:44+00:00","description":"Herzerkrankungen sind Erkrankungen des Herzens und der Blutgef\u00e4\u00dfe wie atherosklerotische Erkrankungen, Herzinfarkt, Schlaganfall, Herzklappenerkrankungen und Erkrankungen des Herzmuskels.","breadcrumb":{"@id":"https:\/\/www.healthy-heart.org\/de\/ihr-herz\/was-ist-eine-herzerkrankung\/#breadcrumb"},"inLanguage":"de","potentialAction":[{"@type":"ReadAction","target":["https:\/\/www.healthy-heart.org\/de\/ihr-herz\/was-ist-eine-herzerkrankung\/"]}]},{"@type":"ImageObject","inLanguage":"de","@id":"https:\/\/www.healthy-heart.org\/de\/ihr-herz\/was-ist-eine-herzerkrankung\/#primaryimage","url":"https:\/\/www.healthy-heart.org\/wp-content\/uploads\/2019\/08\/what-is-cardiovascular-disease.jpg","contentUrl":"https:\/\/www.healthy-heart.org\/wp-content\/uploads\/2019\/08\/what-is-cardiovascular-disease.jpg","width":518,"height":345},{"@type":"BreadcrumbList","@id":"https:\/\/www.healthy-heart.org\/de\/ihr-herz\/was-ist-eine-herzerkrankung\/#breadcrumb","itemListElement":[{"@type":"ListItem","position":1,"name":"Home","item":"https:\/\/www.healthy-heart.org\/de\/"},{"@type":"ListItem","position":2,"name":"Ihr Herz","item":"https:\/\/www.healthy-heart.org\/de\/ihr-herz\/"},{"@type":"ListItem","position":3,"name":"Was ist eine Herzerkrankung?"}]},{"@type":"WebSite","@id":"https:\/\/www.healthy-heart.org\/es\/#website","url":"https:\/\/www.healthy-heart.org\/es\/","name":"Healthy-Heart.org","description":"Practical advice for patients and family care givers on the prevention of cardiovascular disease","potentialAction":[{"@type":"SearchAction","target":{"@type":"EntryPoint","urlTemplate":"https:\/\/www.healthy-heart.org\/es\/?s={search_term_string}"},"query-input":{"@type":"PropertyValueSpecification","valueRequired":true,"valueName":"search_term_string"}}],"inLanguage":"de"}]}},"_links":{"self":[{"href":"https:\/\/www.healthy-heart.org\/de\/wp-json\/wp\/v2\/pages\/1954","targetHints":{"allow":["GET"]}}],"collection":[{"href":"https:\/\/www.healthy-heart.org\/de\/wp-json\/wp\/v2\/pages"}],"about":[{"href":"https:\/\/www.healthy-heart.org\/de\/wp-json\/wp\/v2\/types\/page"}],"author":[{"embeddable":true,"href":"https:\/\/www.healthy-heart.org\/de\/wp-json\/wp\/v2\/users\/1"}],"replies":[{"embeddable":true,"href":"https:\/\/www.healthy-heart.org\/de\/wp-json\/wp\/v2\/comments?post=1954"}],"version-history":[{"count":4,"href":"https:\/\/www.healthy-heart.org\/de\/wp-json\/wp\/v2\/pages\/1954\/revisions"}],"predecessor-version":[{"id":4972,"href":"https:\/\/www.healthy-heart.org\/de\/wp-json\/wp\/v2\/pages\/1954\/revisions\/4972"}],"up":[{"embeddable":true,"href":"https:\/\/www.healthy-heart.org\/de\/wp-json\/wp\/v2\/pages\/1905"}],"wp:featuredmedia":[{"embeddable":true,"href":"https:\/\/www.healthy-heart.org\/de\/wp-json\/wp\/v2\/media\/1233"}],"wp:attachment":[{"href":"https:\/\/www.healthy-heart.org\/de\/wp-json\/wp\/v2\/media?parent=1954"}],"wp:term":[{"taxonomy":"category","embeddable":true,"href":"https:\/\/www.healthy-heart.org\/de\/wp-json\/wp\/v2\/categories?post=1954"},{"taxonomy":"post_tag","embeddable":true,"href":"https:\/\/www.healthy-heart.org\/de\/wp-json\/wp\/v2\/tags?post=1954"}],"curies":[{"name":"wp","href":"https:\/\/api.w.org\/{rel}","templated":true}]}}