{"id":1908,"date":"2019-10-08T10:27:52","date_gmt":"2019-10-08T09:27:52","guid":{"rendered":"https:\/\/www.healthy-heart.org\/warnzeichen-und-symptome\/"},"modified":"2021-01-26T11:37:54","modified_gmt":"2021-01-26T11:37:54","slug":"warnzeichen-und-symptome","status":"publish","type":"page","link":"https:\/\/www.healthy-heart.org\/de\/ihr-herz\/warnzeichen-und-symptome\/","title":{"rendered":"Warnzeichen und Symptome"},"content":{"rendered":"<p><img loading=\"lazy\" decoding=\"async\" class=\"alignright size-medium wp-image-729\" src=\"https:\/\/cdn-endpoint-prev.azureedge.net\/healthy-heart\/2019\/07\/iStock-529054845-350x233.jpg\" alt=\"\" width=\"350\" height=\"233\" srcset=\"https:\/\/www.healthy-heart.org\/wp-content\/uploads\/2019\/07\/iStock-529054845-350x233.jpg 350w, https:\/\/cdn-endpoint-prev.azureedge.net\/healthy-heart\/2019\/07\/iStock-529054845-2048x1365.jpg 2048w, https:\/\/cdn-endpoint-prev.azureedge.net\/healthy-heart\/2019\/07\/iStock-529054845-659x439.jpg 659w, https:\/\/www.healthy-heart.org\/wp-content\/uploads\/2019\/07\/iStock-529054845-200x133.jpg 200w, https:\/\/www.healthy-heart.org\/wp-content\/uploads\/2019\/07\/iStock-529054845-768x512.jpg 768w, https:\/\/www.healthy-heart.org\/wp-content\/uploads\/2019\/07\/iStock-529054845-1024x683.jpg 1024w, https:\/\/www.healthy-heart.org\/wp-content\/uploads\/2019\/07\/iStock-529054845-1536x1024.jpg 1536w, https:\/\/www.healthy-heart.org\/wp-content\/uploads\/2019\/07\/iStock-529054845-696x464.jpg 696w\" sizes=\"auto, (max-width: 350px) 100vw, 350px\" \/><br \/>\nEines der Alarmsignale f\u00fcr einen <a href=\"https:\/\/www.healthy-heart.org\/de\/ihr-herz\/was-ist-eine-herzerkrankung\/\">Herzinfarkt<\/a> sind Brustschmerzen. Die Schmerzen k\u00f6nnen nur wenige Minuten oder auch l\u00e4nger anhalten. Normalerweise f\u00fchlt sich der Schmerz an, als ob Sie ein schweres Gewicht auf der Brust haben oder als ob die Brust zusammengedr\u00fcckt wird. Doch er kann sich auch als subtile Brustbeschwerden oder als brennendes Gef\u00fchl bemerkbar machen. Der gr\u00f6\u00dfte Schmerzbereich befindet sich in der Mitte der Brust. Er kann von kaltem Schwei\u00df und \u00dcbelkeit begleitet werden. Der Schmerz kann auch zu anderen Bereichen des Oberk\u00f6rpers ausstrahlen, zum Beispiel in die Arme (mehr links als rechts), in den R\u00fccken und sogar bis hin zum Kiefer.<\/p>\n<blockquote><p>Wenn die Brustschmerzen l\u00e4nger als 10 Minuten dauern, sollten Sie sofort einen Rettungswagen rufen.<br \/>\nFahren Sie nicht selbst ins Krankenhaus, da Ihr n\u00e4chstgelegenes Krankenhaus m\u00f6glicherweise nicht rund um die Uhr f\u00fcr eine Herzinfarktbehandlung ausger\u00fcstet ist.<\/p><\/blockquote>\n<p>&nbsp;<\/p>\n<h2>Warnzeichen und Symptome von Herzrasen und Ohnmachtsanf\u00e4llen<\/h2>\n<p class=\"intro\">Was sollten Sie tun, wenn Sie Herzrasen oder Ohnmachtsanf\u00e4lle erleben?<\/p>\n<p>&nbsp;<\/p>\n<h3>Herzrasen<\/h3>\n<p><img loading=\"lazy\" decoding=\"async\" class=\"alignright size-medium wp-image-739\" src=\"https:\/\/cdn-endpoint-prev.azureedge.net\/healthy-heart\/2019\/07\/iStock-1147153827-350x233.jpg\" alt=\"\" width=\"350\" height=\"233\" srcset=\"https:\/\/www.healthy-heart.org\/wp-content\/uploads\/2019\/07\/iStock-1147153827-350x233.jpg 350w, https:\/\/cdn-endpoint-prev.azureedge.net\/healthy-heart\/2019\/07\/iStock-1147153827-2048x1365.jpg 2048w, https:\/\/cdn-endpoint-prev.azureedge.net\/healthy-heart\/2019\/07\/iStock-1147153827-659x439.jpg 659w, https:\/\/www.healthy-heart.org\/wp-content\/uploads\/2019\/07\/iStock-1147153827-200x133.jpg 200w, https:\/\/www.healthy-heart.org\/wp-content\/uploads\/2019\/07\/iStock-1147153827-768x512.jpg 768w, https:\/\/www.healthy-heart.org\/wp-content\/uploads\/2019\/07\/iStock-1147153827-1024x683.jpg 1024w, https:\/\/www.healthy-heart.org\/wp-content\/uploads\/2019\/07\/iStock-1147153827-1536x1024.jpg 1536w, https:\/\/www.healthy-heart.org\/wp-content\/uploads\/2019\/07\/iStock-1147153827-696x464.jpg 696w\" sizes=\"auto, (max-width: 350px) 100vw, 350px\" \/><br \/>\nUnter Herzrasen versteht man, wenn Ihr Herz unregelm\u00e4\u00dfig und schneller als normal schl\u00e4gt oder wenn es stark klopft und Sie Ihren Herzschlag bewusster als normal wahrnehmen. Herzrasen dauert in der Regel einige Sekunden oder Minuten an, es kann aber auch l\u00e4nger dauern. Es kann sein, dass das Herz einige Schl\u00e4ge aussetzt, aber das ist normal und passiert oft, ohne dass man es merkt.<\/p>\n<p>Herzrasen ist in der Regel harmlos. Menschen neigen dazu, Ihren Herzschlag bewusster wahrzunehmen, wenn Sie unter Stress stehen. Koffein, <a href=\"https:\/\/www.healthy-heart.org\/de\/halten-sie-ihr-herz-gesund\/rauchen\/\">Rauchen<\/a>, Alkohol und illegale Drogen k\u00f6nnen Herzrasen verursachen. Andere Ursachen sind Hormonver\u00e4nderungen, starke Emotionen, anstrengende Bewegung und bestimmte Medikamente.<\/p>\n<blockquote><p>Die Reduzierung oder Vermeidung des Ausl\u00f6sers sollte das Herzrasen beenden. Wenn Sie denken, dass ein Medikament der Ausl\u00f6ser ist, dann suchen Sie bitte zuerst \u00e4rztlichen Rat. Wenden Sie sich auch an einen Arzt, wenn das Herzrasen andauert, die H\u00e4ufigkeit zunimmt oder mit anderen Symptomen wie Benommenheit auftritt.<\/p><\/blockquote>\n<p>&nbsp;<\/p>\n<h3>Synkope<\/h3>\n<p>Eine Synkope ist besser als Ohnmacht bekannt. Damit wird eine vor\u00fcbergehende Bewusstlosigkeit beschrieben, bei der die betroffene Person in der Regel umf\u00e4llt. Blutdruckabfall ist die h\u00e4ufigste Ursache und Synkopen treten oft bei M\u00e4dchen im Teenageralter und jungen Frauen auf. Einige Menschen bemerken Warnzeichen, wie Schwindel, Benommenheit, \u00dcbelkeit oder Schw\u00e4che, bevor sie f\u00fcr ein paar Sekunden ohnm\u00e4chtig werden.<\/p>\n<blockquote><p>Falls Sie das Gef\u00fchl haben, dass Sie ohnm\u00e4chtig werden, setzen oder legen Sie sich hin, damit Ihr Blutdruck sich wieder normalisiert. Wenn Sie ohnm\u00e4chtig werden, sollten Sie danach Ihren Arzt aufsuchen, um andere Ursachen wie Herzrhythmusst\u00f6rungen, verengte Blutgef\u00e4\u00dfe, Herzklappenprobleme und andere Erkrankungen auszuschlie\u00dfen.<\/p><\/blockquote>\n<p>&nbsp;<\/p>\n<h2>Was m\u00fcssen Sie tun, wenn Sie sich benommen f\u00fchlen?<\/h2>\n<p class=\"intro\">Benommenheit kann ein wichtiges Symptom f\u00fcr eine Herzerkrankung sein.<\/p>\n<p><img loading=\"lazy\" decoding=\"async\" class=\"alignright size-medium wp-image-750\" src=\"https:\/\/cdn-endpoint-prev.azureedge.net\/healthy-heart\/2019\/07\/iStock-1124415619-350x234.jpg\" alt=\"\" width=\"350\" height=\"234\" srcset=\"https:\/\/www.healthy-heart.org\/wp-content\/uploads\/2019\/07\/iStock-1124415619-350x234.jpg 350w, https:\/\/cdn-endpoint-prev.azureedge.net\/healthy-heart\/2019\/07\/iStock-1124415619-1024x683.jpg 1024w, https:\/\/cdn-endpoint-prev.azureedge.net\/healthy-heart\/2019\/07\/iStock-1124415619-200x133.jpg 200w, https:\/\/www.healthy-heart.org\/wp-content\/uploads\/2019\/07\/iStock-1124415619-768x513.jpg 768w, https:\/\/www.healthy-heart.org\/wp-content\/uploads\/2019\/07\/iStock-1124415619-1536x1025.jpg 1536w, https:\/\/www.healthy-heart.org\/wp-content\/uploads\/2019\/07\/iStock-1124415619-2048x1367.jpg 2048w, https:\/\/www.healthy-heart.org\/wp-content\/uploads\/2019\/07\/iStock-1124415619-658x439.jpg 658w, https:\/\/www.healthy-heart.org\/wp-content\/uploads\/2019\/07\/iStock-1124415619-695x464.jpg 695w\" sizes=\"auto, (max-width: 350px) 100vw, 350px\" \/>Benommenheit ist oftmals ein Warnzeichen f\u00fcr einen zuk\u00fcnftigen Herzinfarkt. Es ist ein gel\u00e4ufiges und unangenehmes Gef\u00fchl, als ob Sie ohnm\u00e4chtig werden, und es wird oft von einem Schwindelgef\u00fchl begleitet. Benommenheit kann viele Ursachen haben und h\u00e4ngt nicht immer mit einem Herzproblem zusammen. Ein vor\u00fcbergehend niedriger Blutdruck oder ein niedriger Blutzuckerspiegel k\u00f6nnen zum Beispiel Benommenheit verursachen.<\/p>\n<blockquote><p>Wenn Sie sich benommen f\u00fchlen, setzen Sie sich, trinken Sie ein Glas Wasser und nehmen Sie, wenn m\u00f6glich, etwas Zucker zu sich. Wenn es Ihnen nicht innerhalb weniger Minuten besser geht oder wenn Sie anfangen_ auch Herzrasen oder andere Warnzeichen eines Herzinfarkts (wie Brustschmerzen oder Unwohlsein) wahrnehmen, suchen Sie \u00e4rztliche Hilfe auf.<\/p><\/blockquote>\n<p>&nbsp;<\/p>\n<h2>Das sollten Sie \u00fcber \u00dcbelkeit wissen<\/h2>\n<p class=\"intro\">\u00dcbelkeit und Erbrechen k\u00f6nnen Begleiterscheinungen eines Herzinfarkts sein.<\/p>\n<p><img loading=\"lazy\" decoding=\"async\" class=\"alignright size-medium wp-image-759\" src=\"https:\/\/cdn-endpoint-prev.azureedge.net\/healthy-heart\/2019\/07\/iStock-875091172-350x233.jpg\" alt=\"\" width=\"350\" height=\"233\" srcset=\"https:\/\/www.healthy-heart.org\/wp-content\/uploads\/2019\/07\/iStock-875091172-350x233.jpg 350w, https:\/\/cdn-endpoint-prev.azureedge.net\/healthy-heart\/2019\/07\/iStock-875091172-2048x1365.jpg 2048w, https:\/\/cdn-endpoint-prev.azureedge.net\/healthy-heart\/2019\/07\/iStock-875091172-659x439.jpg 659w, https:\/\/www.healthy-heart.org\/wp-content\/uploads\/2019\/07\/iStock-875091172-200x133.jpg 200w, https:\/\/www.healthy-heart.org\/wp-content\/uploads\/2019\/07\/iStock-875091172-768x512.jpg 768w, https:\/\/www.healthy-heart.org\/wp-content\/uploads\/2019\/07\/iStock-875091172-1024x683.jpg 1024w, https:\/\/www.healthy-heart.org\/wp-content\/uploads\/2019\/07\/iStock-875091172-1536x1024.jpg 1536w, https:\/\/www.healthy-heart.org\/wp-content\/uploads\/2019\/07\/iStock-875091172-696x464.jpg 696w\" sizes=\"auto, (max-width: 350px) 100vw, 350px\" \/><br \/>\n\u00dcbelkeit ist ein h\u00e4ufiges Symptom f\u00fcr einen Herzinfarkt. Wenn Sie bereits einen Herzinfarkt erlitten haben oder wenn bei Ihnen ein hohes Risiko vorliegt (zum Beispiel wenn Sie <a href=\"https:\/\/www.healthy-heart.org\/de\/halten-sie-ihr-herz-gesund\/diabetes\/\">Diabetes<\/a> haben, <a href=\"https:\/\/www.healthy-heart.org\/de\/halten-sie-ihr-herz-gesund\/achten-sie-auf-ein-gesundes-gewicht\/\">\u00fcbergewichtig<\/a> sind und rauchen), beachten Sie, dass \u00dcbelkeit und Erbrechen Warnzeichen f\u00fcr einen Herzinfarkt sein k\u00f6nnen.<\/p>\n<blockquote><p>Holen Sie sich \u00e4rztlichen Rat ein, wenn Ihnen \u00fcbel ist und Sie dabei noch andere Herzinfarktsymptome, wie Brustschmerzen, haben.<\/p><\/blockquote>\n<p>&nbsp;<\/p>\n<h2>Das sollten Sie \u00fcber Atemnot wissen<\/h2>\n<p class=\"intro\">Atemnot ist ein typisches Herzinfarktsymptom<\/p>\n<p><img loading=\"lazy\" decoding=\"async\" class=\"alignright size-medium wp-image-769\" src=\"https:\/\/cdn-endpoint-prev.azureedge.net\/healthy-heart\/2019\/07\/iStock-986556596-350x270.jpg\" alt=\"\" width=\"350\" height=\"270\" srcset=\"https:\/\/www.healthy-heart.org\/wp-content\/uploads\/2019\/07\/iStock-986556596-350x270.jpg 350w, https:\/\/www.healthy-heart.org\/wp-content\/uploads\/2019\/07\/iStock-986556596-200x154.jpg 200w, https:\/\/www.healthy-heart.org\/wp-content\/uploads\/2019\/07\/iStock-986556596-768x592.jpg 768w, https:\/\/www.healthy-heart.org\/wp-content\/uploads\/2019\/07\/iStock-986556596-1024x789.jpg 1024w, https:\/\/www.healthy-heart.org\/wp-content\/uploads\/2019\/07\/iStock-986556596-1536x1184.jpg 1536w, https:\/\/www.healthy-heart.org\/wp-content\/uploads\/2019\/07\/iStock-986556596-2048x1578.jpg 2048w, https:\/\/www.healthy-heart.org\/wp-content\/uploads\/2019\/07\/iStock-986556596-570x439.jpg 570w, https:\/\/www.healthy-heart.org\/wp-content\/uploads\/2019\/07\/iStock-986556596-602x464.jpg 602w\" sizes=\"auto, (max-width: 350px) 100vw, 350px\" \/><br \/>\nAtemnot ist das Gef\u00fchl, nicht genug Luft bekommen zu k\u00f6nnen. Sie kann pl\u00f6tzlich w\u00e4hrend des Sports auftreten, aber auch im Ruhezustand. Es gibt verschiedene Ursachen, wichtig ist jedoch, dass Sie Ihren Arzt oder Kardiologen informieren, wenn Sie Anf\u00e4lle von Atemnot haben \u2013 selbst wenn es nur w\u00e4hrend des Sports ist.<\/p>\n<blockquote><p>Suchen Sie dringend \u00e4rztliche Hilfe auf, wenn bei Ihnen Atemnot und andere Herzinfarktsymptome wie Brustschmerzen oder Engegef\u00fchl gemeinsam auftreten.<\/p><\/blockquote>\n","protected":false},"excerpt":{"rendered":"<p>Eines der Alarmsignale f\u00fcr einen Herzinfarkt sind Brustschmerzen. Die Schmerzen k\u00f6nnen nur wenige Minuten oder auch l\u00e4nger anhalten. Normalerweise f\u00fchlt sich der Schmerz an, als ob Sie ein schweres Gewicht auf der Brust haben oder als ob die Brust zusammengedr\u00fcckt wird. Doch er kann sich auch als subtile Brustbeschwerden oder als brennendes Gef\u00fchl bemerkbar machen. [&hellip;]<\/p>\n","protected":false},"author":1,"featured_media":1242,"parent":1905,"menu_order":3,"comment_status":"closed","ping_status":"closed","template":"","meta":{"_acf_changed":false,"footnotes":""},"categories":[64],"tags":[],"class_list":["post-1908","page","type-page","status-publish","has-post-thumbnail","hentry","category-ihr-herz"],"acf":[],"yoast_head":"<!-- This site is optimized with the Yoast SEO plugin v24.0 - https:\/\/yoast.com\/wordpress\/plugins\/seo\/ -->\n<title>Warnungen, Anzeichen und Symptome - Healthy-Heart.org<\/title>\n<meta name=\"description\" content=\"Achten Sie auf Anzeichen und Symptome eines Herzinfarkts wie Brustschmerzen, Herzklopfen, \u00dcbelkeit und Erbrechen.\" \/>\n<meta name=\"robots\" content=\"index, follow, max-snippet:-1, max-image-preview:large, max-video-preview:-1\" \/>\n<link rel=\"canonical\" href=\"https:\/\/www.healthy-heart.org\/de\/ihr-herz\/warnzeichen-und-symptome\/\" \/>\n<meta property=\"og:locale\" content=\"de_DE\" \/>\n<meta property=\"og:type\" content=\"article\" \/>\n<meta property=\"og:title\" content=\"Warnungen, Anzeichen und Symptome - Healthy-Heart.org\" \/>\n<meta property=\"og:description\" content=\"Achten Sie auf Anzeichen und Symptome eines Herzinfarkts wie Brustschmerzen, Herzklopfen, \u00dcbelkeit und Erbrechen.\" \/>\n<meta property=\"og:url\" content=\"https:\/\/www.healthy-heart.org\/de\/ihr-herz\/warnzeichen-und-symptome\/\" \/>\n<meta property=\"og:site_name\" content=\"Healthy-Heart.org\" \/>\n<meta property=\"article:modified_time\" content=\"2021-01-26T11:37:54+00:00\" \/>\n<meta property=\"og:image\" content=\"https:\/\/www.healthy-heart.org\/wp-content\/uploads\/2019\/08\/signs-and-symptoms.jpg\" \/>\n\t<meta property=\"og:image:width\" content=\"518\" \/>\n\t<meta property=\"og:image:height\" content=\"345\" \/>\n\t<meta property=\"og:image:type\" content=\"image\/jpeg\" \/>\n<meta name=\"twitter:card\" content=\"summary_large_image\" \/>\n<meta name=\"twitter:label1\" content=\"Gesch\u00e4tzte Lesezeit\" \/>\n\t<meta name=\"twitter:data1\" content=\"4\u00a0Minuten\" \/>\n<script type=\"application\/ld+json\" class=\"yoast-schema-graph\">{\"@context\":\"https:\/\/schema.org\",\"@graph\":[{\"@type\":\"WebPage\",\"@id\":\"https:\/\/www.healthy-heart.org\/de\/ihr-herz\/warnzeichen-und-symptome\/\",\"url\":\"https:\/\/www.healthy-heart.org\/de\/ihr-herz\/warnzeichen-und-symptome\/\",\"name\":\"Warnungen, Anzeichen und Symptome - Healthy-Heart.org\",\"isPartOf\":{\"@id\":\"https:\/\/www.healthy-heart.org\/es\/#website\"},\"primaryImageOfPage\":{\"@id\":\"https:\/\/www.healthy-heart.org\/de\/ihr-herz\/warnzeichen-und-symptome\/#primaryimage\"},\"image\":{\"@id\":\"https:\/\/www.healthy-heart.org\/de\/ihr-herz\/warnzeichen-und-symptome\/#primaryimage\"},\"thumbnailUrl\":\"https:\/\/www.healthy-heart.org\/wp-content\/uploads\/2019\/08\/signs-and-symptoms.jpg\",\"datePublished\":\"2019-10-08T09:27:52+00:00\",\"dateModified\":\"2021-01-26T11:37:54+00:00\",\"description\":\"Achten Sie auf Anzeichen und Symptome eines Herzinfarkts wie Brustschmerzen, Herzklopfen, \u00dcbelkeit und Erbrechen.\",\"breadcrumb\":{\"@id\":\"https:\/\/www.healthy-heart.org\/de\/ihr-herz\/warnzeichen-und-symptome\/#breadcrumb\"},\"inLanguage\":\"de\",\"potentialAction\":[{\"@type\":\"ReadAction\",\"target\":[\"https:\/\/www.healthy-heart.org\/de\/ihr-herz\/warnzeichen-und-symptome\/\"]}]},{\"@type\":\"ImageObject\",\"inLanguage\":\"de\",\"@id\":\"https:\/\/www.healthy-heart.org\/de\/ihr-herz\/warnzeichen-und-symptome\/#primaryimage\",\"url\":\"https:\/\/www.healthy-heart.org\/wp-content\/uploads\/2019\/08\/signs-and-symptoms.jpg\",\"contentUrl\":\"https:\/\/www.healthy-heart.org\/wp-content\/uploads\/2019\/08\/signs-and-symptoms.jpg\",\"width\":518,\"height\":345},{\"@type\":\"BreadcrumbList\",\"@id\":\"https:\/\/www.healthy-heart.org\/de\/ihr-herz\/warnzeichen-und-symptome\/#breadcrumb\",\"itemListElement\":[{\"@type\":\"ListItem\",\"position\":1,\"name\":\"Home\",\"item\":\"https:\/\/www.healthy-heart.org\/de\/\"},{\"@type\":\"ListItem\",\"position\":2,\"name\":\"Ihr Herz\",\"item\":\"https:\/\/www.healthy-heart.org\/de\/ihr-herz\/\"},{\"@type\":\"ListItem\",\"position\":3,\"name\":\"Warnzeichen und Symptome\"}]},{\"@type\":\"WebSite\",\"@id\":\"https:\/\/www.healthy-heart.org\/es\/#website\",\"url\":\"https:\/\/www.healthy-heart.org\/es\/\",\"name\":\"Healthy-Heart.org\",\"description\":\"Practical advice for patients and family care givers on the prevention of cardiovascular disease\",\"potentialAction\":[{\"@type\":\"SearchAction\",\"target\":{\"@type\":\"EntryPoint\",\"urlTemplate\":\"https:\/\/www.healthy-heart.org\/es\/?s={search_term_string}\"},\"query-input\":{\"@type\":\"PropertyValueSpecification\",\"valueRequired\":true,\"valueName\":\"search_term_string\"}}],\"inLanguage\":\"de\"}]}<\/script>\n<!-- \/ Yoast SEO plugin. -->","yoast_head_json":{"title":"Warnungen, Anzeichen und Symptome - Healthy-Heart.org","description":"Achten Sie auf Anzeichen und Symptome eines Herzinfarkts wie Brustschmerzen, Herzklopfen, \u00dcbelkeit und Erbrechen.","robots":{"index":"index","follow":"follow","max-snippet":"max-snippet:-1","max-image-preview":"max-image-preview:large","max-video-preview":"max-video-preview:-1"},"canonical":"https:\/\/www.healthy-heart.org\/de\/ihr-herz\/warnzeichen-und-symptome\/","og_locale":"de_DE","og_type":"article","og_title":"Warnungen, Anzeichen und Symptome - Healthy-Heart.org","og_description":"Achten Sie auf Anzeichen und Symptome eines Herzinfarkts wie Brustschmerzen, Herzklopfen, \u00dcbelkeit und Erbrechen.","og_url":"https:\/\/www.healthy-heart.org\/de\/ihr-herz\/warnzeichen-und-symptome\/","og_site_name":"Healthy-Heart.org","article_modified_time":"2021-01-26T11:37:54+00:00","og_image":[{"width":518,"height":345,"url":"https:\/\/www.healthy-heart.org\/wp-content\/uploads\/2019\/08\/signs-and-symptoms.jpg","type":"image\/jpeg"}],"twitter_card":"summary_large_image","twitter_misc":{"Gesch\u00e4tzte Lesezeit":"4\u00a0Minuten"},"schema":{"@context":"https:\/\/schema.org","@graph":[{"@type":"WebPage","@id":"https:\/\/www.healthy-heart.org\/de\/ihr-herz\/warnzeichen-und-symptome\/","url":"https:\/\/www.healthy-heart.org\/de\/ihr-herz\/warnzeichen-und-symptome\/","name":"Warnungen, Anzeichen und Symptome - Healthy-Heart.org","isPartOf":{"@id":"https:\/\/www.healthy-heart.org\/es\/#website"},"primaryImageOfPage":{"@id":"https:\/\/www.healthy-heart.org\/de\/ihr-herz\/warnzeichen-und-symptome\/#primaryimage"},"image":{"@id":"https:\/\/www.healthy-heart.org\/de\/ihr-herz\/warnzeichen-und-symptome\/#primaryimage"},"thumbnailUrl":"https:\/\/www.healthy-heart.org\/wp-content\/uploads\/2019\/08\/signs-and-symptoms.jpg","datePublished":"2019-10-08T09:27:52+00:00","dateModified":"2021-01-26T11:37:54+00:00","description":"Achten Sie auf Anzeichen und Symptome eines Herzinfarkts wie Brustschmerzen, Herzklopfen, \u00dcbelkeit und Erbrechen.","breadcrumb":{"@id":"https:\/\/www.healthy-heart.org\/de\/ihr-herz\/warnzeichen-und-symptome\/#breadcrumb"},"inLanguage":"de","potentialAction":[{"@type":"ReadAction","target":["https:\/\/www.healthy-heart.org\/de\/ihr-herz\/warnzeichen-und-symptome\/"]}]},{"@type":"ImageObject","inLanguage":"de","@id":"https:\/\/www.healthy-heart.org\/de\/ihr-herz\/warnzeichen-und-symptome\/#primaryimage","url":"https:\/\/www.healthy-heart.org\/wp-content\/uploads\/2019\/08\/signs-and-symptoms.jpg","contentUrl":"https:\/\/www.healthy-heart.org\/wp-content\/uploads\/2019\/08\/signs-and-symptoms.jpg","width":518,"height":345},{"@type":"BreadcrumbList","@id":"https:\/\/www.healthy-heart.org\/de\/ihr-herz\/warnzeichen-und-symptome\/#breadcrumb","itemListElement":[{"@type":"ListItem","position":1,"name":"Home","item":"https:\/\/www.healthy-heart.org\/de\/"},{"@type":"ListItem","position":2,"name":"Ihr Herz","item":"https:\/\/www.healthy-heart.org\/de\/ihr-herz\/"},{"@type":"ListItem","position":3,"name":"Warnzeichen und Symptome"}]},{"@type":"WebSite","@id":"https:\/\/www.healthy-heart.org\/es\/#website","url":"https:\/\/www.healthy-heart.org\/es\/","name":"Healthy-Heart.org","description":"Practical advice for patients and family care givers on the prevention of cardiovascular disease","potentialAction":[{"@type":"SearchAction","target":{"@type":"EntryPoint","urlTemplate":"https:\/\/www.healthy-heart.org\/es\/?s={search_term_string}"},"query-input":{"@type":"PropertyValueSpecification","valueRequired":true,"valueName":"search_term_string"}}],"inLanguage":"de"}]}},"_links":{"self":[{"href":"https:\/\/www.healthy-heart.org\/de\/wp-json\/wp\/v2\/pages\/1908","targetHints":{"allow":["GET"]}}],"collection":[{"href":"https:\/\/www.healthy-heart.org\/de\/wp-json\/wp\/v2\/pages"}],"about":[{"href":"https:\/\/www.healthy-heart.org\/de\/wp-json\/wp\/v2\/types\/page"}],"author":[{"embeddable":true,"href":"https:\/\/www.healthy-heart.org\/de\/wp-json\/wp\/v2\/users\/1"}],"replies":[{"embeddable":true,"href":"https:\/\/www.healthy-heart.org\/de\/wp-json\/wp\/v2\/comments?post=1908"}],"version-history":[{"count":4,"href":"https:\/\/www.healthy-heart.org\/de\/wp-json\/wp\/v2\/pages\/1908\/revisions"}],"predecessor-version":[{"id":4970,"href":"https:\/\/www.healthy-heart.org\/de\/wp-json\/wp\/v2\/pages\/1908\/revisions\/4970"}],"up":[{"embeddable":true,"href":"https:\/\/www.healthy-heart.org\/de\/wp-json\/wp\/v2\/pages\/1905"}],"wp:featuredmedia":[{"embeddable":true,"href":"https:\/\/www.healthy-heart.org\/de\/wp-json\/wp\/v2\/media\/1242"}],"wp:attachment":[{"href":"https:\/\/www.healthy-heart.org\/de\/wp-json\/wp\/v2\/media?parent=1908"}],"wp:term":[{"taxonomy":"category","embeddable":true,"href":"https:\/\/www.healthy-heart.org\/de\/wp-json\/wp\/v2\/categories?post=1908"},{"taxonomy":"post_tag","embeddable":true,"href":"https:\/\/www.healthy-heart.org\/de\/wp-json\/wp\/v2\/tags?post=1908"}],"curies":[{"name":"wp","href":"https:\/\/api.w.org\/{rel}","templated":true}]}}