{"id":1886,"date":"2019-10-08T10:27:49","date_gmt":"2019-10-08T09:27:49","guid":{"rendered":"https:\/\/www.healthy-heart.org\/datenschutzerklarung\/"},"modified":"2022-01-18T11:10:50","modified_gmt":"2022-01-18T11:10:50","slug":"datenschutzerklarung","status":"publish","type":"page","link":"https:\/\/www.healthy-heart.org\/de\/datenschutzerklarung\/","title":{"rendered":"Datenschutzerkl\u00e4rung"},"content":{"rendered":"<p>In der folgenden Datenschutzerkl\u00e4rung erfahren Sie, wie diese Daten verarbeitet werden. Die Datenschutzerkl\u00e4rung kann sich von Zeit zu Zeit \u00e4ndern. Lesen Sie daher hier regelm\u00e4\u00dfig nach.<\/p>\n<h3>Welche Daten werden von der ESC erhoben?<\/h3>\n<p>Die ESC erhebt die folgenden Daten von den Besuchern unserer Website: Welche Seiten, wann aufgerufen werden, sowie freiwillig bereitgestellte Daten (wie zum Beispiel Umfragedaten).<\/p>\n<h3>Wie nutzt die ESC diese Daten?<\/h3>\n<p>Wir verwenden die erhobenen Daten, um besser zu verstehen, wie unsere Website genutzt wird, und um die Website entsprechend zu verbessern.<\/p>\n<p>Die ESC kann gelegentlich anonyme Daten (wie Umfrageergebnisse) Dritten zug\u00e4nglich machen.<\/p>\n<p> Welche Sicherheitsvorkehrungen bestehen zum Schutz vor Verlust, Missbrauch oder \u00c4nderung von Daten? Es ist nicht m\u00f6glich, die \u00dcbermittlung von Daten \u00fcber das Internet hundertprozentig sicher zu gestalten. Die ESC kann die Sicherheit der von Ihnen an uns \u00fcbermittelten Daten nicht gew\u00e4hrleisten. Sie \u00fcbermitteln Ihre Daten auf eigenes Risiko. Nachdem wir die von Ihnen \u00fcbermittelten Daten erhalten haben, unternehmen wir alle Anstrengungen, um die Sicherheit auf unseren Systemen zu gew\u00e4hrleisten. <\/p>\n<h3>Verwendung von Cookies<\/h3>\n<p> Cookies sind kleine Textdateien, die eine Website auf der Festplatte Ihres Computers speichert, um bestimmte Informationen aufzuzeichnen. Cookies k\u00f6nnen zum Beispiel wiederkehrende Nutzer erkennen, um deren weiteren Zugriff auf die Website und ihre Nutzung zu erleichtern. Sie stellen keine Gefahr f\u00fcr Ihr System oder Ihre Dateien dar. Die Verwendung von Cookies ist ein Industriestandard, und viele Websites verwenden sie, um n\u00fctzliche Funktionen bereitzustellen. Cookies an sich identifizieren die Nutzer nicht pers\u00f6nlich, sind aber in der Lage einen Computer zu identifizieren. Die meisten Browser sind so eingestellt, dass sie Cookies akzeptieren. Sie k\u00f6nnen Ihren Computer aber auch so einstellen, dass Cookies abgelehnt werden. <\/p>\n<p>Die European Society of Cardiology ist eine gemeinn\u00fctzige Vereinigung, die 1901 nach franz\u00f6sischem Recht gegr\u00fcndet wurde und sich schwerpunktm\u00e4\u00dfig mit der Pr\u00e4vention, Diagnose und Behandlung von Herz-, Kreislauf- und Gef\u00e4\u00dferkrankungen besch\u00e4ftigt.\n<\/p>\n<p><!-- OneTrust Cookies Settings button start --><br \/>\n<button id=\"ot-sdk-btn\" class=\"ot-sdk-show-settings\">Cookie Settings<\/button><br \/>\n<!-- OneTrust Cookies Settings button end --><\/p>\n<p><!-- OneTrust Cookies List start --><\/p>\n<div id=\"ot-sdk-cookie-policy\"><\/div>\n<p><!-- OneTrust Cookies List end --><\/p>\n","protected":false},"excerpt":{"rendered":"<p>In der folgenden Datenschutzerkl\u00e4rung erfahren Sie, wie diese Daten verarbeitet werden. Die Datenschutzerkl\u00e4rung kann sich von Zeit zu Zeit \u00e4ndern. Lesen Sie daher hier regelm\u00e4\u00dfig nach. Welche Daten werden von der ESC erhoben? Die ESC erhebt die folgenden Daten von den Besuchern unserer Website: Welche Seiten, wann aufgerufen werden, sowie freiwillig bereitgestellte Daten (wie zum [&hellip;]<\/p>\n","protected":false},"author":1,"featured_media":0,"parent":0,"menu_order":0,"comment_status":"closed","ping_status":"open","template":"templates\/full.php","meta":{"_acf_changed":false,"footnotes":""},"categories":[],"tags":[],"class_list":["post-1886","page","type-page","status-publish","hentry"],"acf":[],"yoast_head":"<!-- This site is optimized with the Yoast SEO plugin v24.0 - https:\/\/yoast.com\/wordpress\/plugins\/seo\/ -->\n<title>Datenschutzerkl\u00e4rung - Healthy-Heart.org<\/title>\n<meta name=\"description\" content=\"Healthy-Heart sammelt die folgenden Informationen zu den Besuchern unserer Website: welche Seiten, wann aufgerufen werden, sowie freiwillig bereitgestellte Daten (wie zum Beispiel Umfragedaten).\" \/>\n<meta name=\"robots\" content=\"index, follow, max-snippet:-1, max-image-preview:large, max-video-preview:-1\" \/>\n<link rel=\"canonical\" href=\"https:\/\/www.healthy-heart.org\/de\/datenschutzerklarung\/\" \/>\n<meta property=\"og:locale\" content=\"de_DE\" \/>\n<meta property=\"og:type\" content=\"article\" \/>\n<meta property=\"og:title\" content=\"Datenschutzerkl\u00e4rung - Healthy-Heart.org\" \/>\n<meta property=\"og:description\" content=\"Healthy-Heart sammelt die folgenden Informationen zu den Besuchern unserer Website: welche Seiten, wann aufgerufen werden, sowie freiwillig bereitgestellte Daten (wie zum Beispiel Umfragedaten).\" \/>\n<meta property=\"og:url\" content=\"https:\/\/www.healthy-heart.org\/de\/datenschutzerklarung\/\" \/>\n<meta property=\"og:site_name\" content=\"Healthy-Heart.org\" \/>\n<meta property=\"article:modified_time\" content=\"2022-01-18T11:10:50+00:00\" \/>\n<meta name=\"twitter:card\" content=\"summary_large_image\" \/>\n<meta name=\"twitter:label1\" content=\"Gesch\u00e4tzte Lesezeit\" \/>\n\t<meta name=\"twitter:data1\" content=\"2\u00a0Minuten\" \/>\n<script type=\"application\/ld+json\" class=\"yoast-schema-graph\">{\"@context\":\"https:\/\/schema.org\",\"@graph\":[{\"@type\":\"WebPage\",\"@id\":\"https:\/\/www.healthy-heart.org\/de\/datenschutzerklarung\/\",\"url\":\"https:\/\/www.healthy-heart.org\/de\/datenschutzerklarung\/\",\"name\":\"Datenschutzerkl\u00e4rung - Healthy-Heart.org\",\"isPartOf\":{\"@id\":\"https:\/\/www.healthy-heart.org\/es\/#website\"},\"datePublished\":\"2019-10-08T09:27:49+00:00\",\"dateModified\":\"2022-01-18T11:10:50+00:00\",\"description\":\"Healthy-Heart sammelt die folgenden Informationen zu den Besuchern unserer Website: welche Seiten, wann aufgerufen werden, sowie freiwillig bereitgestellte Daten (wie zum Beispiel Umfragedaten).\",\"breadcrumb\":{\"@id\":\"https:\/\/www.healthy-heart.org\/de\/datenschutzerklarung\/#breadcrumb\"},\"inLanguage\":\"de\",\"potentialAction\":[{\"@type\":\"ReadAction\",\"target\":[\"https:\/\/www.healthy-heart.org\/de\/datenschutzerklarung\/\"]}]},{\"@type\":\"BreadcrumbList\",\"@id\":\"https:\/\/www.healthy-heart.org\/de\/datenschutzerklarung\/#breadcrumb\",\"itemListElement\":[{\"@type\":\"ListItem\",\"position\":1,\"name\":\"Home\",\"item\":\"https:\/\/www.healthy-heart.org\/de\/\"},{\"@type\":\"ListItem\",\"position\":2,\"name\":\"Datenschutzerkl\u00e4rung\"}]},{\"@type\":\"WebSite\",\"@id\":\"https:\/\/www.healthy-heart.org\/es\/#website\",\"url\":\"https:\/\/www.healthy-heart.org\/es\/\",\"name\":\"Healthy-Heart.org\",\"description\":\"Practical advice for patients and family care givers on the prevention of cardiovascular disease\",\"potentialAction\":[{\"@type\":\"SearchAction\",\"target\":{\"@type\":\"EntryPoint\",\"urlTemplate\":\"https:\/\/www.healthy-heart.org\/es\/?s={search_term_string}\"},\"query-input\":{\"@type\":\"PropertyValueSpecification\",\"valueRequired\":true,\"valueName\":\"search_term_string\"}}],\"inLanguage\":\"de\"}]}<\/script>\n<!-- \/ Yoast SEO plugin. -->","yoast_head_json":{"title":"Datenschutzerkl\u00e4rung - Healthy-Heart.org","description":"Healthy-Heart sammelt die folgenden Informationen zu den Besuchern unserer Website: welche Seiten, wann aufgerufen werden, sowie freiwillig bereitgestellte Daten (wie zum Beispiel Umfragedaten).","robots":{"index":"index","follow":"follow","max-snippet":"max-snippet:-1","max-image-preview":"max-image-preview:large","max-video-preview":"max-video-preview:-1"},"canonical":"https:\/\/www.healthy-heart.org\/de\/datenschutzerklarung\/","og_locale":"de_DE","og_type":"article","og_title":"Datenschutzerkl\u00e4rung - Healthy-Heart.org","og_description":"Healthy-Heart sammelt die folgenden Informationen zu den Besuchern unserer Website: welche Seiten, wann aufgerufen werden, sowie freiwillig bereitgestellte Daten (wie zum Beispiel Umfragedaten).","og_url":"https:\/\/www.healthy-heart.org\/de\/datenschutzerklarung\/","og_site_name":"Healthy-Heart.org","article_modified_time":"2022-01-18T11:10:50+00:00","twitter_card":"summary_large_image","twitter_misc":{"Gesch\u00e4tzte Lesezeit":"2\u00a0Minuten"},"schema":{"@context":"https:\/\/schema.org","@graph":[{"@type":"WebPage","@id":"https:\/\/www.healthy-heart.org\/de\/datenschutzerklarung\/","url":"https:\/\/www.healthy-heart.org\/de\/datenschutzerklarung\/","name":"Datenschutzerkl\u00e4rung - Healthy-Heart.org","isPartOf":{"@id":"https:\/\/www.healthy-heart.org\/es\/#website"},"datePublished":"2019-10-08T09:27:49+00:00","dateModified":"2022-01-18T11:10:50+00:00","description":"Healthy-Heart sammelt die folgenden Informationen zu den Besuchern unserer Website: welche Seiten, wann aufgerufen werden, sowie freiwillig bereitgestellte Daten (wie zum Beispiel Umfragedaten).","breadcrumb":{"@id":"https:\/\/www.healthy-heart.org\/de\/datenschutzerklarung\/#breadcrumb"},"inLanguage":"de","potentialAction":[{"@type":"ReadAction","target":["https:\/\/www.healthy-heart.org\/de\/datenschutzerklarung\/"]}]},{"@type":"BreadcrumbList","@id":"https:\/\/www.healthy-heart.org\/de\/datenschutzerklarung\/#breadcrumb","itemListElement":[{"@type":"ListItem","position":1,"name":"Home","item":"https:\/\/www.healthy-heart.org\/de\/"},{"@type":"ListItem","position":2,"name":"Datenschutzerkl\u00e4rung"}]},{"@type":"WebSite","@id":"https:\/\/www.healthy-heart.org\/es\/#website","url":"https:\/\/www.healthy-heart.org\/es\/","name":"Healthy-Heart.org","description":"Practical advice for patients and family care givers on the prevention of cardiovascular disease","potentialAction":[{"@type":"SearchAction","target":{"@type":"EntryPoint","urlTemplate":"https:\/\/www.healthy-heart.org\/es\/?s={search_term_string}"},"query-input":{"@type":"PropertyValueSpecification","valueRequired":true,"valueName":"search_term_string"}}],"inLanguage":"de"}]}},"_links":{"self":[{"href":"https:\/\/www.healthy-heart.org\/de\/wp-json\/wp\/v2\/pages\/1886","targetHints":{"allow":["GET"]}}],"collection":[{"href":"https:\/\/www.healthy-heart.org\/de\/wp-json\/wp\/v2\/pages"}],"about":[{"href":"https:\/\/www.healthy-heart.org\/de\/wp-json\/wp\/v2\/types\/page"}],"author":[{"embeddable":true,"href":"https:\/\/www.healthy-heart.org\/de\/wp-json\/wp\/v2\/users\/1"}],"replies":[{"embeddable":true,"href":"https:\/\/www.healthy-heart.org\/de\/wp-json\/wp\/v2\/comments?post=1886"}],"version-history":[{"count":3,"href":"https:\/\/www.healthy-heart.org\/de\/wp-json\/wp\/v2\/pages\/1886\/revisions"}],"predecessor-version":[{"id":5908,"href":"https:\/\/www.healthy-heart.org\/de\/wp-json\/wp\/v2\/pages\/1886\/revisions\/5908"}],"wp:attachment":[{"href":"https:\/\/www.healthy-heart.org\/de\/wp-json\/wp\/v2\/media?parent=1886"}],"wp:term":[{"taxonomy":"category","embeddable":true,"href":"https:\/\/www.healthy-heart.org\/de\/wp-json\/wp\/v2\/categories?post=1886"},{"taxonomy":"post_tag","embeddable":true,"href":"https:\/\/www.healthy-heart.org\/de\/wp-json\/wp\/v2\/tags?post=1886"}],"curies":[{"name":"wp","href":"https:\/\/api.w.org\/{rel}","templated":true}]}}