{"id":1882,"date":"2019-10-08T10:27:47","date_gmt":"2019-10-08T09:27:47","guid":{"rendered":"https:\/\/www.healthy-heart.org\/wie-funktioniert-das-herz\/"},"modified":"2020-02-14T10:54:17","modified_gmt":"2020-02-14T10:54:17","slug":"wie-funktioniert-das-herz","status":"publish","type":"page","link":"https:\/\/www.healthy-heart.org\/de\/ihr-herz\/wie-funktioniert-das-herz\/","title":{"rendered":"Wie funktioniert das Herz?"},"content":{"rendered":"<p><img loading=\"lazy\" decoding=\"async\" class=\"size-medium wp-image-4162 alignright\" src=\"https:\/\/cdn-endpoint-prev.azureedge.net\/healthy-heart\/2020\/02\/German-350x321.png\" alt=\"\" width=\"350\" height=\"321\" srcset=\"https:\/\/cdn-endpoint-prev.azureedge.net\/healthy-heart\/2020\/02\/German-350x321.png 350w, https:\/\/cdn-endpoint-prev.azureedge.net\/healthy-heart\/2020\/02\/German-1024x940.png 1024w, https:\/\/cdn-endpoint-prev.azureedge.net\/healthy-heart\/2020\/02\/German-200x184.png 200w, https:\/\/cdn-endpoint-prev.azureedge.net\/healthy-heart\/2020\/02\/German-768x705.png 768w, https:\/\/cdn-endpoint-prev.azureedge.net\/healthy-heart\/2020\/02\/German-1536x1409.png 1536w, https:\/\/cdn-endpoint-prev.azureedge.net\/healthy-heart\/2020\/02\/German-2048x1879.png 2048w, https:\/\/cdn-endpoint-prev.azureedge.net\/healthy-heart\/2020\/02\/German-478x439.png 478w, https:\/\/cdn-endpoint-prev.azureedge.net\/healthy-heart\/2020\/02\/German-506x464.png 506w\" sizes=\"auto, (max-width: 350px) 100vw, 350px\" \/>Das Herz ist in zwei H\u00e4lften geteilt, die durch eine Muskelwand (das Septum) getrennt sind. Jede H\u00e4lfte besteht aus einem Vorhof und einer Herzkammer (Ventrikel). Die rechte Herzh\u00e4lfte erh\u00e4lt durch die Venen sauerstoffarmes Blut vom K\u00f6rper. Dieses Blut wird dann von der rechten Herzh\u00e4lfte zur Lunge gepumpt, wo es mit Sauerstoff angereichert wird. Die linke Herzh\u00e4lfte empf\u00e4ngt das Blut aus der Lunge und pumpt es \u00fcber die sogenannten Arterien in alle Organe des K\u00f6rpers, beginnend an der gr\u00f6\u00dften Arterie des K\u00f6rpers. Diese wird Aorta genannt. Die Klappen zwischen Vorhof und Ventrikel werden atrioventrikul\u00e4re Klappen genannt (Mitralklappe links, Trikuspidalklappe rechts). Diese verhindern, dass das Blut in die falsche Richtung flie\u00dft. Die Pulmonalklappe und die Aortenklappe steuern den Blutaustritt aus dem rechten bzw. linken Ventrikel. Diese Klappen \u00f6ffnen sich, wenn ein bestimmter Druck innerhalb des Ventrikels erreicht wird, wodurch Blut in die Lunge (aus dem rechten Ventrikel) oder in den K\u00f6rper und seine Organe (aus dem linken Ventrikel) flie\u00dfen kann.<\/p>\n<p>Das Herz ist ein Muskel, der Ihr ganzes Leben lang 60 bis 80 Mal pro Minute pumpt. Daher ben\u00f6tigt das Herz gro\u00dfe Mengen an Sauerstoff und N\u00e4hrstoffen, um richtig funktionieren zu k\u00f6nnen. Die Koronararterien versorgen das Herz mit dem dringend ben\u00f6tigten Blut.<\/p>\n","protected":false},"excerpt":{"rendered":"<p>Das Herz ist in zwei H\u00e4lften geteilt, die durch eine Muskelwand (das Septum) getrennt sind. Jede H\u00e4lfte besteht aus einem Vorhof und einer Herzkammer (Ventrikel). Die rechte Herzh\u00e4lfte erh\u00e4lt durch die Venen sauerstoffarmes Blut vom K\u00f6rper. Dieses Blut wird dann von der rechten Herzh\u00e4lfte zur Lunge gepumpt, wo es mit Sauerstoff angereichert wird. Die linke [&hellip;]<\/p>\n","protected":false},"author":1,"featured_media":1224,"parent":1905,"menu_order":1,"comment_status":"closed","ping_status":"closed","template":"","meta":{"_acf_changed":false,"footnotes":""},"categories":[64],"tags":[],"class_list":["post-1882","page","type-page","status-publish","has-post-thumbnail","hentry","category-ihr-herz"],"acf":[],"yoast_head":"<!-- This site is optimized with the Yoast SEO plugin v24.0 - https:\/\/yoast.com\/wordpress\/plugins\/seo\/ -->\n<title>Wie funktioniert das Herz - Healthy-Heart.org<\/title>\n<meta name=\"description\" content=\"Erfahren Sie, wie ein Herz funktioniert, welche Rolle es spielt und welche Herzfrequenz als gesund gilt.\" \/>\n<meta name=\"robots\" content=\"index, follow, max-snippet:-1, max-image-preview:large, max-video-preview:-1\" \/>\n<link rel=\"canonical\" href=\"https:\/\/www.healthy-heart.org\/de\/ihr-herz\/wie-funktioniert-das-herz\/\" \/>\n<meta property=\"og:locale\" content=\"de_DE\" \/>\n<meta property=\"og:type\" content=\"article\" \/>\n<meta property=\"og:title\" content=\"Wie funktioniert das Herz - Healthy-Heart.org\" \/>\n<meta property=\"og:description\" content=\"Erfahren Sie, wie ein Herz funktioniert, welche Rolle es spielt und welche Herzfrequenz als gesund gilt.\" \/>\n<meta property=\"og:url\" content=\"https:\/\/www.healthy-heart.org\/de\/ihr-herz\/wie-funktioniert-das-herz\/\" \/>\n<meta property=\"og:site_name\" content=\"Healthy-Heart.org\" \/>\n<meta property=\"article:modified_time\" content=\"2020-02-14T10:54:17+00:00\" \/>\n<meta property=\"og:image\" content=\"https:\/\/www.healthy-heart.org\/wp-content\/uploads\/2019\/08\/how-dos-the-heart-work.jpg\" \/>\n\t<meta property=\"og:image:width\" content=\"518\" \/>\n\t<meta property=\"og:image:height\" content=\"345\" \/>\n\t<meta property=\"og:image:type\" content=\"image\/jpeg\" \/>\n<meta name=\"twitter:card\" content=\"summary_large_image\" \/>\n<meta name=\"twitter:label1\" content=\"Gesch\u00e4tzte Lesezeit\" \/>\n\t<meta name=\"twitter:data1\" content=\"1\u00a0Minute\" \/>\n<script type=\"application\/ld+json\" class=\"yoast-schema-graph\">{\"@context\":\"https:\/\/schema.org\",\"@graph\":[{\"@type\":\"WebPage\",\"@id\":\"https:\/\/www.healthy-heart.org\/de\/ihr-herz\/wie-funktioniert-das-herz\/\",\"url\":\"https:\/\/www.healthy-heart.org\/de\/ihr-herz\/wie-funktioniert-das-herz\/\",\"name\":\"Wie funktioniert das Herz - Healthy-Heart.org\",\"isPartOf\":{\"@id\":\"https:\/\/www.healthy-heart.org\/es\/#website\"},\"primaryImageOfPage\":{\"@id\":\"https:\/\/www.healthy-heart.org\/de\/ihr-herz\/wie-funktioniert-das-herz\/#primaryimage\"},\"image\":{\"@id\":\"https:\/\/www.healthy-heart.org\/de\/ihr-herz\/wie-funktioniert-das-herz\/#primaryimage\"},\"thumbnailUrl\":\"https:\/\/www.healthy-heart.org\/wp-content\/uploads\/2019\/08\/how-dos-the-heart-work.jpg\",\"datePublished\":\"2019-10-08T09:27:47+00:00\",\"dateModified\":\"2020-02-14T10:54:17+00:00\",\"description\":\"Erfahren Sie, wie ein Herz funktioniert, welche Rolle es spielt und welche Herzfrequenz als gesund gilt.\",\"breadcrumb\":{\"@id\":\"https:\/\/www.healthy-heart.org\/de\/ihr-herz\/wie-funktioniert-das-herz\/#breadcrumb\"},\"inLanguage\":\"de\",\"potentialAction\":[{\"@type\":\"ReadAction\",\"target\":[\"https:\/\/www.healthy-heart.org\/de\/ihr-herz\/wie-funktioniert-das-herz\/\"]}]},{\"@type\":\"ImageObject\",\"inLanguage\":\"de\",\"@id\":\"https:\/\/www.healthy-heart.org\/de\/ihr-herz\/wie-funktioniert-das-herz\/#primaryimage\",\"url\":\"https:\/\/www.healthy-heart.org\/wp-content\/uploads\/2019\/08\/how-dos-the-heart-work.jpg\",\"contentUrl\":\"https:\/\/www.healthy-heart.org\/wp-content\/uploads\/2019\/08\/how-dos-the-heart-work.jpg\",\"width\":518,\"height\":345},{\"@type\":\"BreadcrumbList\",\"@id\":\"https:\/\/www.healthy-heart.org\/de\/ihr-herz\/wie-funktioniert-das-herz\/#breadcrumb\",\"itemListElement\":[{\"@type\":\"ListItem\",\"position\":1,\"name\":\"Home\",\"item\":\"https:\/\/www.healthy-heart.org\/de\/\"},{\"@type\":\"ListItem\",\"position\":2,\"name\":\"Ihr Herz\",\"item\":\"https:\/\/www.healthy-heart.org\/de\/ihr-herz\/\"},{\"@type\":\"ListItem\",\"position\":3,\"name\":\"Wie funktioniert das Herz?\"}]},{\"@type\":\"WebSite\",\"@id\":\"https:\/\/www.healthy-heart.org\/es\/#website\",\"url\":\"https:\/\/www.healthy-heart.org\/es\/\",\"name\":\"Healthy-Heart.org\",\"description\":\"Practical advice for patients and family care givers on the prevention of cardiovascular disease\",\"potentialAction\":[{\"@type\":\"SearchAction\",\"target\":{\"@type\":\"EntryPoint\",\"urlTemplate\":\"https:\/\/www.healthy-heart.org\/es\/?s={search_term_string}\"},\"query-input\":{\"@type\":\"PropertyValueSpecification\",\"valueRequired\":true,\"valueName\":\"search_term_string\"}}],\"inLanguage\":\"de\"}]}<\/script>\n<!-- \/ Yoast SEO plugin. -->","yoast_head_json":{"title":"Wie funktioniert das Herz - Healthy-Heart.org","description":"Erfahren Sie, wie ein Herz funktioniert, welche Rolle es spielt und welche Herzfrequenz als gesund gilt.","robots":{"index":"index","follow":"follow","max-snippet":"max-snippet:-1","max-image-preview":"max-image-preview:large","max-video-preview":"max-video-preview:-1"},"canonical":"https:\/\/www.healthy-heart.org\/de\/ihr-herz\/wie-funktioniert-das-herz\/","og_locale":"de_DE","og_type":"article","og_title":"Wie funktioniert das Herz - Healthy-Heart.org","og_description":"Erfahren Sie, wie ein Herz funktioniert, welche Rolle es spielt und welche Herzfrequenz als gesund gilt.","og_url":"https:\/\/www.healthy-heart.org\/de\/ihr-herz\/wie-funktioniert-das-herz\/","og_site_name":"Healthy-Heart.org","article_modified_time":"2020-02-14T10:54:17+00:00","og_image":[{"width":518,"height":345,"url":"https:\/\/www.healthy-heart.org\/wp-content\/uploads\/2019\/08\/how-dos-the-heart-work.jpg","type":"image\/jpeg"}],"twitter_card":"summary_large_image","twitter_misc":{"Gesch\u00e4tzte Lesezeit":"1\u00a0Minute"},"schema":{"@context":"https:\/\/schema.org","@graph":[{"@type":"WebPage","@id":"https:\/\/www.healthy-heart.org\/de\/ihr-herz\/wie-funktioniert-das-herz\/","url":"https:\/\/www.healthy-heart.org\/de\/ihr-herz\/wie-funktioniert-das-herz\/","name":"Wie funktioniert das Herz - Healthy-Heart.org","isPartOf":{"@id":"https:\/\/www.healthy-heart.org\/es\/#website"},"primaryImageOfPage":{"@id":"https:\/\/www.healthy-heart.org\/de\/ihr-herz\/wie-funktioniert-das-herz\/#primaryimage"},"image":{"@id":"https:\/\/www.healthy-heart.org\/de\/ihr-herz\/wie-funktioniert-das-herz\/#primaryimage"},"thumbnailUrl":"https:\/\/www.healthy-heart.org\/wp-content\/uploads\/2019\/08\/how-dos-the-heart-work.jpg","datePublished":"2019-10-08T09:27:47+00:00","dateModified":"2020-02-14T10:54:17+00:00","description":"Erfahren Sie, wie ein Herz funktioniert, welche Rolle es spielt und welche Herzfrequenz als gesund gilt.","breadcrumb":{"@id":"https:\/\/www.healthy-heart.org\/de\/ihr-herz\/wie-funktioniert-das-herz\/#breadcrumb"},"inLanguage":"de","potentialAction":[{"@type":"ReadAction","target":["https:\/\/www.healthy-heart.org\/de\/ihr-herz\/wie-funktioniert-das-herz\/"]}]},{"@type":"ImageObject","inLanguage":"de","@id":"https:\/\/www.healthy-heart.org\/de\/ihr-herz\/wie-funktioniert-das-herz\/#primaryimage","url":"https:\/\/www.healthy-heart.org\/wp-content\/uploads\/2019\/08\/how-dos-the-heart-work.jpg","contentUrl":"https:\/\/www.healthy-heart.org\/wp-content\/uploads\/2019\/08\/how-dos-the-heart-work.jpg","width":518,"height":345},{"@type":"BreadcrumbList","@id":"https:\/\/www.healthy-heart.org\/de\/ihr-herz\/wie-funktioniert-das-herz\/#breadcrumb","itemListElement":[{"@type":"ListItem","position":1,"name":"Home","item":"https:\/\/www.healthy-heart.org\/de\/"},{"@type":"ListItem","position":2,"name":"Ihr Herz","item":"https:\/\/www.healthy-heart.org\/de\/ihr-herz\/"},{"@type":"ListItem","position":3,"name":"Wie funktioniert das Herz?"}]},{"@type":"WebSite","@id":"https:\/\/www.healthy-heart.org\/es\/#website","url":"https:\/\/www.healthy-heart.org\/es\/","name":"Healthy-Heart.org","description":"Practical advice for patients and family care givers on the prevention of cardiovascular disease","potentialAction":[{"@type":"SearchAction","target":{"@type":"EntryPoint","urlTemplate":"https:\/\/www.healthy-heart.org\/es\/?s={search_term_string}"},"query-input":{"@type":"PropertyValueSpecification","valueRequired":true,"valueName":"search_term_string"}}],"inLanguage":"de"}]}},"_links":{"self":[{"href":"https:\/\/www.healthy-heart.org\/de\/wp-json\/wp\/v2\/pages\/1882","targetHints":{"allow":["GET"]}}],"collection":[{"href":"https:\/\/www.healthy-heart.org\/de\/wp-json\/wp\/v2\/pages"}],"about":[{"href":"https:\/\/www.healthy-heart.org\/de\/wp-json\/wp\/v2\/types\/page"}],"author":[{"embeddable":true,"href":"https:\/\/www.healthy-heart.org\/de\/wp-json\/wp\/v2\/users\/1"}],"replies":[{"embeddable":true,"href":"https:\/\/www.healthy-heart.org\/de\/wp-json\/wp\/v2\/comments?post=1882"}],"version-history":[{"count":4,"href":"https:\/\/www.healthy-heart.org\/de\/wp-json\/wp\/v2\/pages\/1882\/revisions"}],"predecessor-version":[{"id":4172,"href":"https:\/\/www.healthy-heart.org\/de\/wp-json\/wp\/v2\/pages\/1882\/revisions\/4172"}],"up":[{"embeddable":true,"href":"https:\/\/www.healthy-heart.org\/de\/wp-json\/wp\/v2\/pages\/1905"}],"wp:featuredmedia":[{"embeddable":true,"href":"https:\/\/www.healthy-heart.org\/de\/wp-json\/wp\/v2\/media\/1224"}],"wp:attachment":[{"href":"https:\/\/www.healthy-heart.org\/de\/wp-json\/wp\/v2\/media?parent=1882"}],"wp:term":[{"taxonomy":"category","embeddable":true,"href":"https:\/\/www.healthy-heart.org\/de\/wp-json\/wp\/v2\/categories?post=1882"},{"taxonomy":"post_tag","embeddable":true,"href":"https:\/\/www.healthy-heart.org\/de\/wp-json\/wp\/v2\/tags?post=1882"}],"curies":[{"name":"wp","href":"https:\/\/api.w.org\/{rel}","templated":true}]}}