{"id":7089,"date":"2024-01-15T12:15:37","date_gmt":"2024-01-15T12:15:37","guid":{"rendered":"https:\/\/www.healthy-heart.org\/sitemap\/"},"modified":"2024-01-15T12:25:24","modified_gmt":"2024-01-15T12:25:24","slug":"sitemap","status":"publish","type":"page","link":"https:\/\/www.healthy-heart.org\/cs\/sitemap\/","title":{"rendered":"Sitemap"},"content":{"rendered":"<div id=\"simple-sitemap-container-69e1a1ed8cc37\" class=\"simple-sitemap-container simple-sitemap-container-69e1a1ed8cc37 tab-disabled\"><div class=\"simple-sitemap-wrap\"><h3 class=\"post-type\">Str\u00e1nky<\/h3><ul class=\"simple-sitemap-page main\"><li class=\"sitemap-item page_item page-item-6964\"><a href=\"https:\/\/www.healthy-heart.org\/cs\/financni-podpora\/\">Finan\u010dn\u00ed podpora<\/a><\/li>\n<li class=\"sitemap-item page_item page-item-6893\"><a href=\"https:\/\/www.healthy-heart.org\/cs\/\">Healthy-Heart.org<\/a><\/li>\n<li class=\"sitemap-item page_item page-item-6955\"><a href=\"https:\/\/www.healthy-heart.org\/cs\/kontaktujte-nas\/\">Kontaktujte n\u00e1s<\/a><\/li>\n<li class=\"sitemap-item page_item page-item-6940\"><a href=\"https:\/\/www.healthy-heart.org\/cs\/nejcastejsi-dotazy\/\">Nej\u010dast\u011bj\u0161\u00ed dotazy<\/a><\/li>\n<li class=\"sitemap-item page_item page-item-6963\"><a href=\"https:\/\/www.healthy-heart.org\/cs\/o-esc\/\">O ESC<\/a><\/li>\n<li class=\"sitemap-item page_item page-item-6960\"><a href=\"https:\/\/www.healthy-heart.org\/cs\/podekovani-autorum\/\">Pod\u011bkov\u00e1n\u00ed autor\u016fm<\/a><\/li>\n<li class=\"sitemap-item page_item page-item-6947\"><a href=\"https:\/\/www.healthy-heart.org\/cs\/podminky-pouzivani\/\">Podm\u00ednky pou\u017e\u00edv\u00e1n\u00ed<\/a><\/li>\n<li class=\"sitemap-item page_item page-item-7089\"><a href=\"https:\/\/www.healthy-heart.org\/cs\/sitemap\/\">Sitemap<\/a><\/li>\n<li class=\"sitemap-item page_item page-item-6912 page_item_has_children\"><a href=\"https:\/\/www.healthy-heart.org\/cs\/udrzujte-sve-srdce-zdrave\/\">Udr\u017eujte sv\u00e9 srdce zdrav\u00e9<\/a>\n<ul class='children'>\n\t<li class=\"sitemap-item page_item page-item-6919\"><a href=\"https:\/\/www.healthy-heart.org\/cs\/udrzujte-sve-srdce-zdrave\/krevni-tlak\/\">Krevn\u00ed tlak<\/a><\/li>\n\t<li class=\"sitemap-item page_item page-item-6874\"><a href=\"https:\/\/www.healthy-heart.org\/cs\/udrzujte-sve-srdce-zdrave\/cholesterol\/\">Cholesterol<\/a><\/li>\n\t<li class=\"sitemap-item page_item page-item-6889\"><a href=\"https:\/\/www.healthy-heart.org\/cs\/udrzujte-sve-srdce-zdrave\/cukrovka\/\">Cukrovka<\/a><\/li>\n\t<li class=\"sitemap-item page_item page-item-6899\"><a href=\"https:\/\/www.healthy-heart.org\/cs\/udrzujte-sve-srdce-zdrave\/udrzovani-optimalni-telesne-hmotnosti\/\">Udr\u017eov\u00e1n\u00ed optim\u00e1ln\u00ed t\u011blesn\u00e9 hmotnosti<\/a><\/li>\n\t<li class=\"sitemap-item page_item page-item-6909\"><a href=\"https:\/\/www.healthy-heart.org\/cs\/udrzujte-sve-srdce-zdrave\/dieta-setrna-k-srdci\/\">Dieta \u0161etrn\u00e1 k srdci<\/a><\/li>\n\t<li class=\"sitemap-item page_item page-item-6920\"><a href=\"https:\/\/www.healthy-heart.org\/cs\/udrzujte-sve-srdce-zdrave\/stres-a-spanek\/\">Stres a sp\u00e1nek<\/a><\/li>\n\t<li class=\"sitemap-item page_item page-item-6877\"><a href=\"https:\/\/www.healthy-heart.org\/cs\/udrzujte-sve-srdce-zdrave\/koureni\/\">Kou\u0159en\u00ed<\/a><\/li>\n\t<li class=\"sitemap-item page_item page-item-6890\"><a href=\"https:\/\/www.healthy-heart.org\/cs\/udrzujte-sve-srdce-zdrave\/fyzicka-aktivita\/\">Fyzick\u00e1 aktivita<\/a><\/li>\n\t<li class=\"sitemap-item page_item page-item-6900\"><a href=\"https:\/\/www.healthy-heart.org\/cs\/udrzujte-sve-srdce-zdrave\/srdecni-onemocneni-v-rodinne-anamneze\/\">Srde\u010dn\u00ed onemocn\u011bn\u00ed v rodinn\u00e9 anamn\u00e9ze<\/a><\/li>\n\t<li class=\"sitemap-item page_item page-item-6911\"><a href=\"https:\/\/www.healthy-heart.org\/cs\/udrzujte-sve-srdce-zdrave\/rozdily-mezi-muzi-a-zenami\/\">Kardiovaskul\u00e1rn\u00ed onemocn\u011bn\u00ed u \u017een<\/a><\/li>\n\t<li class=\"sitemap-item page_item page-item-6922\"><a href=\"https:\/\/www.healthy-heart.org\/cs\/udrzujte-sve-srdce-zdrave\/predvidani-a-rizeni-rizika-srdecnich-onemocneni\/\">P\u0159edv\u00edd\u00e1n\u00ed a \u0159\u00edzen\u00ed rizika srde\u010dn\u00edch onemocn\u011bn\u00ed<\/a><\/li>\n\t<li class=\"sitemap-item page_item page-item-6873\"><a href=\"https:\/\/www.healthy-heart.org\/cs\/udrzujte-sve-srdce-zdrave\/prevezmete-kontrolu-nad-svym-zivotnim-stylem\/\">P\u0159evezm\u011bte kontrolu nad sv\u00fdm \u017eivotn\u00edm stylem<\/a><\/li>\n\t<li class=\"sitemap-item page_item page-item-6888\"><a href=\"https:\/\/www.healthy-heart.org\/cs\/udrzujte-sve-srdce-zdrave\/udrzovani-zdravych-navyku\/\">Udr\u017eov\u00e1n\u00ed zdrav\u00fdch n\u00e1vyk\u016f<\/a><\/li>\n<\/ul>\n<\/li>\n<li class=\"sitemap-item page_item page-item-6942\"><a href=\"https:\/\/www.healthy-heart.org\/cs\/uzitecne-odkazy\/\">U\u017eite\u010dn\u00e9 odkazy<\/a><\/li>\n<li class=\"sitemap-item page_item page-item-6903 page_item_has_children\"><a href=\"https:\/\/www.healthy-heart.org\/cs\/vase-srdce\/\">Va\u0161e srdce<\/a>\n<ul class='children'>\n\t<li class=\"sitemap-item page_item page-item-6913\"><a href=\"https:\/\/www.healthy-heart.org\/cs\/vase-srdce\/jak-funguje-srdce\/\">Jak funguje srdce?<\/a><\/li>\n\t<li class=\"sitemap-item page_item page-item-6927\"><a href=\"https:\/\/www.healthy-heart.org\/cs\/vase-srdce\/co-je-srdecni-onemocneni\/\">Co je srde\u010dn\u00ed onemocn\u011bn\u00ed?<\/a><\/li>\n\t<li class=\"sitemap-item page_item page-item-6875\"><a href=\"https:\/\/www.healthy-heart.org\/cs\/vase-srdce\/vystrazne-signaly-a-priznaky\/\">V\u00fdstra\u017en\u00e9 sign\u00e1ly a p\u0159\u00edznaky<\/a><\/li>\n\t<li class=\"sitemap-item page_item page-item-6891\"><a href=\"https:\/\/www.healthy-heart.org\/cs\/vase-srdce\/jak-provadet-kpr-kardiopulmonalni-resuscitaci\/\">Jak prov\u00e1d\u011bt KPR (kardiopulmon\u00e1ln\u00ed resuscitaci)<\/a><\/li>\n\t<li class=\"sitemap-item page_item page-item-6901\"><a href=\"https:\/\/www.healthy-heart.org\/cs\/vase-srdce\/podpora-zdraveho-zivotniho-stylu\/\">Podpora zdrav\u00e9ho \u017eivotn\u00edho stylu<\/a><\/li>\n<\/ul>\n<\/li>\n<li class=\"sitemap-item page_item page-item-6876\"><a href=\"https:\/\/www.healthy-heart.org\/cs\/zasady-ochrany-osobnich-udaju\/\">Z\u00e1sady ochrany osobn\u00edch \u00fadaj\u016f<\/a><\/li>\n<li class=\"sitemap-item page_item page-item-6898 page_item_has_children\"><a href=\"https:\/\/www.healthy-heart.org\/cs\/zivot-se-srdecni-chorobou\/\">\u017divot se srde\u010dn\u00ed chorobou<\/a>\n<ul class='children'>\n\t<li class=\"sitemap-item page_item page-item-6907\"><a href=\"https:\/\/www.healthy-heart.org\/cs\/zivot-se-srdecni-chorobou\/zlepsete-stav-sveho-srdce\/\">Zlep\u0161ete stav sv\u00e9ho srdce<\/a><\/li>\n\t<li class=\"sitemap-item page_item page-item-6917\"><a href=\"https:\/\/www.healthy-heart.org\/cs\/zivot-se-srdecni-chorobou\/druhy-leku\/\">Druhy l\u00e9k\u016f<\/a><\/li>\n\t<li class=\"sitemap-item page_item page-item-6937\"><a href=\"https:\/\/www.healthy-heart.org\/cs\/zivot-se-srdecni-chorobou\/cviceni\/\">Cvi\u010den\u00ed<\/a><\/li>\n\t<li class=\"sitemap-item page_item page-item-6948\"><a href=\"https:\/\/www.healthy-heart.org\/cs\/zivot-se-srdecni-chorobou\/uzkost-a-deprese\/\">\u00dazkost a deprese<\/a><\/li>\n\t<li class=\"sitemap-item page_item page-item-6953\"><a href=\"https:\/\/www.healthy-heart.org\/cs\/zivot-se-srdecni-chorobou\/rizeni-motorovych-vozidel-po-infarktu\/\">\u0158\u00edzen\u00ed motorov\u00fdch vozidel po infarktu<\/a><\/li>\n\t<li class=\"sitemap-item page_item page-item-6958\"><a href=\"https:\/\/www.healthy-heart.org\/cs\/zivot-se-srdecni-chorobou\/cestovani-po-infarktu\/\">Cestov\u00e1n\u00ed po infarktu<\/a><\/li>\n\t<li class=\"sitemap-item page_item page-item-6938\"><a href=\"https:\/\/www.healthy-heart.org\/cs\/zivot-se-srdecni-chorobou\/navrat-do-prace-po-infarktu\/\">N\u00e1vrat do pr\u00e1ce po infarktu<\/a><\/li>\n\t<li class=\"sitemap-item page_item page-item-6944\"><a href=\"https:\/\/www.healthy-heart.org\/cs\/zivot-se-srdecni-chorobou\/podpora-rodiny\/\">Podpora rodiny<\/a><\/li>\n\t<li class=\"sitemap-item page_item page-item-6949\"><a href=\"https:\/\/www.healthy-heart.org\/cs\/zivot-se-srdecni-chorobou\/sex-a-srdecni-choroba\/\">Sex a srde\u010dn\u00ed choroba<\/a><\/li>\n\t<li class=\"sitemap-item page_item page-item-6943\"><a href=\"https:\/\/www.healthy-heart.org\/cs\/zivot-se-srdecni-chorobou\/rizikove-faktory-druheho-infarktu\/\">Rizikov\u00e9 faktory druh\u00e9ho infarktu<\/a><\/li>\n\t<li class=\"sitemap-item page_item page-item-6954\"><a href=\"https:\/\/www.healthy-heart.org\/cs\/zivot-se-srdecni-chorobou\/odhad-zbytkoveho-rizika-po-infarktu\/\">Odhad zbytkov\u00e9ho rizika po infarktu<\/a><\/li>\n\t<li class=\"sitemap-item page_item page-item-6959\"><a href=\"https:\/\/www.healthy-heart.org\/cs\/zivot-se-srdecni-chorobou\/na-co-se-mam-zeptat-sveho-kardiologa\/\">Na co se m\u00e1m zeptat sv\u00e9ho kardiologa?<\/a><\/li>\n<\/ul>\n<\/li>\n<\/ul><\/div><\/div><br style=\"clear: both;\">\n","protected":false},"excerpt":{"rendered":"","protected":false},"author":2,"featured_media":0,"parent":0,"menu_order":0,"comment_status":"closed","ping_status":"closed","template":"","meta":{"_acf_changed":false,"footnotes":""},"categories":[],"tags":[],"class_list":["post-7089","page","type-page","status-publish","hentry"],"acf":[],"yoast_head":"<!-- This site is optimized with the Yoast SEO plugin v24.0 - https:\/\/yoast.com\/wordpress\/plugins\/seo\/ -->\n<title>Sitemap - Healthy-Heart.org<\/title>\n<meta name=\"robots\" content=\"index, follow, max-snippet:-1, max-image-preview:large, max-video-preview:-1\" \/>\n<link rel=\"canonical\" href=\"https:\/\/www.healthy-heart.org\/cs\/sitemap\/\" \/>\n<meta property=\"og:locale\" content=\"cs_CZ\" \/>\n<meta property=\"og:type\" content=\"article\" \/>\n<meta property=\"og:title\" content=\"Sitemap - Healthy-Heart.org\" \/>\n<meta property=\"og:url\" content=\"https:\/\/www.healthy-heart.org\/cs\/sitemap\/\" \/>\n<meta property=\"og:site_name\" content=\"Healthy-Heart.org\" \/>\n<meta property=\"article:modified_time\" content=\"2024-01-15T12:25:24+00:00\" \/>\n<meta name=\"twitter:card\" content=\"summary_large_image\" \/>\n<meta name=\"twitter:label1\" content=\"Odhadovan\u00e1 doba \u010dten\u00ed\" \/>\n\t<meta name=\"twitter:data1\" content=\"1 minuta\" \/>\n<script type=\"application\/ld+json\" class=\"yoast-schema-graph\">{\"@context\":\"https:\/\/schema.org\",\"@graph\":[{\"@type\":\"WebPage\",\"@id\":\"https:\/\/www.healthy-heart.org\/cs\/sitemap\/\",\"url\":\"https:\/\/www.healthy-heart.org\/cs\/sitemap\/\",\"name\":\"Sitemap - Healthy-Heart.org\",\"isPartOf\":{\"@id\":\"https:\/\/www.healthy-heart.org\/es\/#website\"},\"datePublished\":\"2024-01-15T12:15:37+00:00\",\"dateModified\":\"2024-01-15T12:25:24+00:00\",\"breadcrumb\":{\"@id\":\"https:\/\/www.healthy-heart.org\/cs\/sitemap\/#breadcrumb\"},\"inLanguage\":\"cs\",\"potentialAction\":[{\"@type\":\"ReadAction\",\"target\":[\"https:\/\/www.healthy-heart.org\/cs\/sitemap\/\"]}]},{\"@type\":\"BreadcrumbList\",\"@id\":\"https:\/\/www.healthy-heart.org\/cs\/sitemap\/#breadcrumb\",\"itemListElement\":[{\"@type\":\"ListItem\",\"position\":1,\"name\":\"Home\",\"item\":\"https:\/\/www.healthy-heart.org\/cs\/\"},{\"@type\":\"ListItem\",\"position\":2,\"name\":\"Sitemap\"}]},{\"@type\":\"WebSite\",\"@id\":\"https:\/\/www.healthy-heart.org\/es\/#website\",\"url\":\"https:\/\/www.healthy-heart.org\/es\/\",\"name\":\"Healthy-Heart.org\",\"description\":\"Practical advice for patients and family care givers on the prevention of cardiovascular disease\",\"potentialAction\":[{\"@type\":\"SearchAction\",\"target\":{\"@type\":\"EntryPoint\",\"urlTemplate\":\"https:\/\/www.healthy-heart.org\/es\/?s={search_term_string}\"},\"query-input\":{\"@type\":\"PropertyValueSpecification\",\"valueRequired\":true,\"valueName\":\"search_term_string\"}}],\"inLanguage\":\"cs\"}]}<\/script>\n<!-- \/ Yoast SEO plugin. -->","yoast_head_json":{"title":"Sitemap - Healthy-Heart.org","robots":{"index":"index","follow":"follow","max-snippet":"max-snippet:-1","max-image-preview":"max-image-preview:large","max-video-preview":"max-video-preview:-1"},"canonical":"https:\/\/www.healthy-heart.org\/cs\/sitemap\/","og_locale":"cs_CZ","og_type":"article","og_title":"Sitemap - Healthy-Heart.org","og_url":"https:\/\/www.healthy-heart.org\/cs\/sitemap\/","og_site_name":"Healthy-Heart.org","article_modified_time":"2024-01-15T12:25:24+00:00","twitter_card":"summary_large_image","twitter_misc":{"Odhadovan\u00e1 doba \u010dten\u00ed":"1 minuta"},"schema":{"@context":"https:\/\/schema.org","@graph":[{"@type":"WebPage","@id":"https:\/\/www.healthy-heart.org\/cs\/sitemap\/","url":"https:\/\/www.healthy-heart.org\/cs\/sitemap\/","name":"Sitemap - Healthy-Heart.org","isPartOf":{"@id":"https:\/\/www.healthy-heart.org\/es\/#website"},"datePublished":"2024-01-15T12:15:37+00:00","dateModified":"2024-01-15T12:25:24+00:00","breadcrumb":{"@id":"https:\/\/www.healthy-heart.org\/cs\/sitemap\/#breadcrumb"},"inLanguage":"cs","potentialAction":[{"@type":"ReadAction","target":["https:\/\/www.healthy-heart.org\/cs\/sitemap\/"]}]},{"@type":"BreadcrumbList","@id":"https:\/\/www.healthy-heart.org\/cs\/sitemap\/#breadcrumb","itemListElement":[{"@type":"ListItem","position":1,"name":"Home","item":"https:\/\/www.healthy-heart.org\/cs\/"},{"@type":"ListItem","position":2,"name":"Sitemap"}]},{"@type":"WebSite","@id":"https:\/\/www.healthy-heart.org\/es\/#website","url":"https:\/\/www.healthy-heart.org\/es\/","name":"Healthy-Heart.org","description":"Practical advice for patients and family care givers on the prevention of cardiovascular disease","potentialAction":[{"@type":"SearchAction","target":{"@type":"EntryPoint","urlTemplate":"https:\/\/www.healthy-heart.org\/es\/?s={search_term_string}"},"query-input":{"@type":"PropertyValueSpecification","valueRequired":true,"valueName":"search_term_string"}}],"inLanguage":"cs"}]}},"_links":{"self":[{"href":"https:\/\/www.healthy-heart.org\/cs\/wp-json\/wp\/v2\/pages\/7089","targetHints":{"allow":["GET"]}}],"collection":[{"href":"https:\/\/www.healthy-heart.org\/cs\/wp-json\/wp\/v2\/pages"}],"about":[{"href":"https:\/\/www.healthy-heart.org\/cs\/wp-json\/wp\/v2\/types\/page"}],"author":[{"embeddable":true,"href":"https:\/\/www.healthy-heart.org\/cs\/wp-json\/wp\/v2\/users\/2"}],"replies":[{"embeddable":true,"href":"https:\/\/www.healthy-heart.org\/cs\/wp-json\/wp\/v2\/comments?post=7089"}],"version-history":[{"count":1,"href":"https:\/\/www.healthy-heart.org\/cs\/wp-json\/wp\/v2\/pages\/7089\/revisions"}],"predecessor-version":[{"id":7101,"href":"https:\/\/www.healthy-heart.org\/cs\/wp-json\/wp\/v2\/pages\/7089\/revisions\/7101"}],"wp:attachment":[{"href":"https:\/\/www.healthy-heart.org\/cs\/wp-json\/wp\/v2\/media?parent=7089"}],"wp:term":[{"taxonomy":"category","embeddable":true,"href":"https:\/\/www.healthy-heart.org\/cs\/wp-json\/wp\/v2\/categories?post=7089"},{"taxonomy":"post_tag","embeddable":true,"href":"https:\/\/www.healthy-heart.org\/cs\/wp-json\/wp\/v2\/tags?post=7089"}],"curies":[{"name":"wp","href":"https:\/\/api.w.org\/{rel}","templated":true}]}}