{"id":6963,"date":"2023-08-16T14:54:57","date_gmt":"2023-08-16T13:54:57","guid":{"rendered":"https:\/\/www.healthy-heart.org\/o-esc\/"},"modified":"2023-08-16T14:54:57","modified_gmt":"2023-08-16T13:54:57","slug":"o-esc","status":"publish","type":"page","link":"https:\/\/www.healthy-heart.org\/cs\/o-esc\/","title":{"rendered":"O ESC"},"content":{"rendered":"<p>Jsme neziskov\u00e1 l\u00e9ka\u0159sk\u00e1 spole\u010dnost veden\u00e1 kardiovaskul\u00e1rn\u00edmi profesion\u00e1ly, kte\u0159\u00ed dobrovoln\u011b poskytuj\u00ed sv\u016fj \u010das a odborn\u00e9 znalosti.<br \/>\nZam\u011b\u0159ujeme se na prevenci, diagnostiku a l\u00e9\u010dbu onemocn\u011bn\u00ed srdce a c\u00e9v.<br \/>\nV\u011b\u0159\u00edme, \u017ee \u010detnost kardiovaskul\u00e1rn\u00edch onemocn\u011bn\u00ed lze sn\u00ed\u017eit spoluprac\u00ed a v\u00fdzkumem. Proto sdru\u017eujeme n\u00e1rodn\u00ed kardiologick\u00e9 spole\u010dnosti, kardiovaskul\u00e1rn\u00ed subspecializace a jednotliv\u00e9 \u010dleny ESC z cel\u00e9ho sv\u011bta.<br \/>\n\u0160\u00ed\u0159\u00edme nejnov\u011bj\u0161\u00ed v\u011bdeck\u00e9 poznatky zalo\u017een\u00e9 na d\u016fkazech mezi kardiovaskul\u00e1rn\u00ed odborn\u00edky, aby se mohli l\u00e9pe starat o sv\u00e9 pacienty.<\/p>\n<p>Evropsk\u00e1 kardiologick\u00e1 spole\u010dnost (ESC) je organizace registrovan\u00e1 podle francouzsk\u00e9ho z\u00e1kona o sdru\u017een\u00edch z roku 1901 pod \u010d\u00edslem W061005017.<br \/>\nRegistrovan\u00e1 kancel\u00e1\u0159: Soci\u00e9t\u00e9 Europ\u00e9enne de Cardiologie, 2035 route des Colles, Les Templiers, CS 80179 Biot, 06903 Sophia Antipolis, Francie.<\/p>\n<p>Pro v\u00edce informac\u00ed nav\u0161tivte <a href=\"https:\/\/www.escardio.org\/\">web ESC<\/a>.<\/p>\n<p>&nbsp;<\/p>\n<h2>O health-heart.org<\/h2>\n<p>Velk\u00e9mu po\u010dtu lid\u00ed na cel\u00e9m sv\u011bt\u011b hroz\u00ed kardiovaskul\u00e1rn\u00ed p\u0159\u00edhoda, v\u010detn\u011b infarktu myokardu a mrtvice. Pravd\u011bpodobnost, \u017ee k takov\u00e9 p\u0159\u00edhod\u011b dojde a zem\u0159ou na ni, je vy\u0161\u0161\u00ed u pacient\u016f, kte\u0159\u00ed nezlep\u0161uj\u00ed sv\u016fj \u017eivotn\u00ed styl nebo neu\u017e\u00edvaj\u00ed l\u00e9ky na sn\u00ed\u017een\u00ed krevn\u00edho tlaku nebo hladiny \u0161kodliv\u00e9ho cholesterolu.<\/p>\n<p>C\u00edlem t\u011bchto webov\u00fdch str\u00e1nek je poskytnout ve\u0159ejnosti jasn\u00e9 a praktick\u00e9 rady, jak p\u0159edch\u00e1zet kardiovaskul\u00e1rn\u00edm onemocn\u011bn\u00edm. Ty jsou zalo\u017eeny na sou\u010dasn\u00fdch doporu\u010den\u00edch pro klinickou praxi a byly seps\u00e1ny p\u0159edn\u00edmi odborn\u00edky na kardiovaskul\u00e1rn\u00ed prevenci.<\/p>\n<p>Tyto informace jsou navr\u017eeny tak, aby sp\u00ed\u0161e dopl\u0148ovaly ne\u017e nahrazovaly podporu a p\u00e9\u010di, kterou v\u00e1m poskytuje v\u00e1\u0161 l\u00e9ka\u0159 nebo jin\u00fd poskytovatel zdravotn\u00ed p\u00e9\u010de.<\/p>\n","protected":false},"excerpt":{"rendered":"<p>Jsme neziskov\u00e1 l\u00e9ka\u0159sk\u00e1 spole\u010dnost veden\u00e1 kardiovaskul\u00e1rn\u00edmi profesion\u00e1ly, kte\u0159\u00ed dobrovoln\u011b poskytuj\u00ed sv\u016fj \u010das a odborn\u00e9 znalosti. Zam\u011b\u0159ujeme se na prevenci, diagnostiku a l\u00e9\u010dbu onemocn\u011bn\u00ed srdce a c\u00e9v. V\u011b\u0159\u00edme, \u017ee \u010detnost kardiovaskul\u00e1rn\u00edch onemocn\u011bn\u00ed lze sn\u00ed\u017eit spoluprac\u00ed a v\u00fdzkumem. Proto sdru\u017eujeme n\u00e1rodn\u00ed kardiologick\u00e9 spole\u010dnosti, kardiovaskul\u00e1rn\u00ed subspecializace a jednotliv\u00e9 \u010dleny ESC z cel\u00e9ho sv\u011bta. \u0160\u00ed\u0159\u00edme nejnov\u011bj\u0161\u00ed v\u011bdeck\u00e9 poznatky zalo\u017een\u00e9 [&hellip;]<\/p>\n","protected":false},"author":1,"featured_media":6418,"parent":0,"menu_order":0,"comment_status":"closed","ping_status":"closed","template":"templates\/full.php","meta":{"_acf_changed":false,"footnotes":""},"categories":[],"tags":[],"class_list":["post-6963","page","type-page","status-publish","has-post-thumbnail","hentry"],"acf":[],"yoast_head":"<!-- This site is optimized with the Yoast SEO plugin v24.0 - https:\/\/yoast.com\/wordpress\/plugins\/seo\/ -->\n<title>O ESC - Healthy-Heart.org<\/title>\n<meta name=\"description\" content=\"Neziskov\u00e1 l\u00e9ka\u0159sk\u00e1 spole\u010dnost veden\u00e1 kardiovaskul\u00e1rn\u00edmi odborn\u00edky zam\u011b\u0159en\u00e1 na prevenci, diagnostiku a l\u00e9\u010dbu srde\u010dn\u00edch chorob.\" \/>\n<meta name=\"robots\" content=\"index, follow, max-snippet:-1, max-image-preview:large, max-video-preview:-1\" \/>\n<link rel=\"canonical\" href=\"https:\/\/www.healthy-heart.org\/cs\/o-esc\/\" \/>\n<meta property=\"og:locale\" content=\"cs_CZ\" \/>\n<meta property=\"og:type\" content=\"article\" \/>\n<meta property=\"og:title\" content=\"O ESC - Healthy-Heart.org\" \/>\n<meta property=\"og:description\" content=\"Neziskov\u00e1 l\u00e9ka\u0159sk\u00e1 spole\u010dnost veden\u00e1 kardiovaskul\u00e1rn\u00edmi odborn\u00edky zam\u011b\u0159en\u00e1 na prevenci, diagnostiku a l\u00e9\u010dbu srde\u010dn\u00edch chorob.\" \/>\n<meta property=\"og:url\" content=\"https:\/\/www.healthy-heart.org\/cs\/o-esc\/\" \/>\n<meta property=\"og:site_name\" content=\"Healthy-Heart.org\" \/>\n<meta property=\"og:image\" content=\"https:\/\/www.healthy-heart.org\/wp-content\/uploads\/2019\/07\/iStock-953674568-scaled.jpg\" \/>\n\t<meta property=\"og:image:width\" content=\"2560\" \/>\n\t<meta property=\"og:image:height\" content=\"1706\" \/>\n\t<meta property=\"og:image:type\" content=\"image\/jpeg\" \/>\n<meta name=\"twitter:card\" content=\"summary_large_image\" \/>\n<meta name=\"twitter:label1\" content=\"Odhadovan\u00e1 doba \u010dten\u00ed\" \/>\n\t<meta name=\"twitter:data1\" content=\"1 minuta\" \/>\n<script type=\"application\/ld+json\" class=\"yoast-schema-graph\">{\"@context\":\"https:\/\/schema.org\",\"@graph\":[{\"@type\":\"WebPage\",\"@id\":\"https:\/\/www.healthy-heart.org\/cs\/o-esc\/\",\"url\":\"https:\/\/www.healthy-heart.org\/cs\/o-esc\/\",\"name\":\"O ESC - Healthy-Heart.org\",\"isPartOf\":{\"@id\":\"https:\/\/www.healthy-heart.org\/es\/#website\"},\"primaryImageOfPage\":{\"@id\":\"https:\/\/www.healthy-heart.org\/cs\/o-esc\/#primaryimage\"},\"image\":{\"@id\":\"https:\/\/www.healthy-heart.org\/cs\/o-esc\/#primaryimage\"},\"thumbnailUrl\":\"https:\/\/www.healthy-heart.org\/wp-content\/uploads\/2019\/07\/iStock-953674568-scaled.jpg\",\"datePublished\":\"2023-08-16T13:54:57+00:00\",\"dateModified\":\"2023-08-16T13:54:57+00:00\",\"description\":\"Neziskov\u00e1 l\u00e9ka\u0159sk\u00e1 spole\u010dnost veden\u00e1 kardiovaskul\u00e1rn\u00edmi odborn\u00edky zam\u011b\u0159en\u00e1 na prevenci, diagnostiku a l\u00e9\u010dbu srde\u010dn\u00edch chorob.\",\"breadcrumb\":{\"@id\":\"https:\/\/www.healthy-heart.org\/cs\/o-esc\/#breadcrumb\"},\"inLanguage\":\"cs\",\"potentialAction\":[{\"@type\":\"ReadAction\",\"target\":[\"https:\/\/www.healthy-heart.org\/cs\/o-esc\/\"]}]},{\"@type\":\"ImageObject\",\"inLanguage\":\"cs\",\"@id\":\"https:\/\/www.healthy-heart.org\/cs\/o-esc\/#primaryimage\",\"url\":\"https:\/\/www.healthy-heart.org\/wp-content\/uploads\/2019\/07\/iStock-953674568-scaled.jpg\",\"contentUrl\":\"https:\/\/www.healthy-heart.org\/wp-content\/uploads\/2019\/07\/iStock-953674568-scaled.jpg\",\"width\":2560,\"height\":1706},{\"@type\":\"BreadcrumbList\",\"@id\":\"https:\/\/www.healthy-heart.org\/cs\/o-esc\/#breadcrumb\",\"itemListElement\":[{\"@type\":\"ListItem\",\"position\":1,\"name\":\"Home\",\"item\":\"https:\/\/www.healthy-heart.org\/cs\/\"},{\"@type\":\"ListItem\",\"position\":2,\"name\":\"O ESC\"}]},{\"@type\":\"WebSite\",\"@id\":\"https:\/\/www.healthy-heart.org\/es\/#website\",\"url\":\"https:\/\/www.healthy-heart.org\/es\/\",\"name\":\"Healthy-Heart.org\",\"description\":\"Practical advice for patients and family care givers on the prevention of cardiovascular disease\",\"potentialAction\":[{\"@type\":\"SearchAction\",\"target\":{\"@type\":\"EntryPoint\",\"urlTemplate\":\"https:\/\/www.healthy-heart.org\/es\/?s={search_term_string}\"},\"query-input\":{\"@type\":\"PropertyValueSpecification\",\"valueRequired\":true,\"valueName\":\"search_term_string\"}}],\"inLanguage\":\"cs\"}]}<\/script>\n<!-- \/ Yoast SEO plugin. -->","yoast_head_json":{"title":"O ESC - Healthy-Heart.org","description":"Neziskov\u00e1 l\u00e9ka\u0159sk\u00e1 spole\u010dnost veden\u00e1 kardiovaskul\u00e1rn\u00edmi odborn\u00edky zam\u011b\u0159en\u00e1 na prevenci, diagnostiku a l\u00e9\u010dbu srde\u010dn\u00edch chorob.","robots":{"index":"index","follow":"follow","max-snippet":"max-snippet:-1","max-image-preview":"max-image-preview:large","max-video-preview":"max-video-preview:-1"},"canonical":"https:\/\/www.healthy-heart.org\/cs\/o-esc\/","og_locale":"cs_CZ","og_type":"article","og_title":"O ESC - Healthy-Heart.org","og_description":"Neziskov\u00e1 l\u00e9ka\u0159sk\u00e1 spole\u010dnost veden\u00e1 kardiovaskul\u00e1rn\u00edmi odborn\u00edky zam\u011b\u0159en\u00e1 na prevenci, diagnostiku a l\u00e9\u010dbu srde\u010dn\u00edch chorob.","og_url":"https:\/\/www.healthy-heart.org\/cs\/o-esc\/","og_site_name":"Healthy-Heart.org","og_image":[{"width":2560,"height":1706,"url":"https:\/\/www.healthy-heart.org\/wp-content\/uploads\/2019\/07\/iStock-953674568-scaled.jpg","type":"image\/jpeg"}],"twitter_card":"summary_large_image","twitter_misc":{"Odhadovan\u00e1 doba \u010dten\u00ed":"1 minuta"},"schema":{"@context":"https:\/\/schema.org","@graph":[{"@type":"WebPage","@id":"https:\/\/www.healthy-heart.org\/cs\/o-esc\/","url":"https:\/\/www.healthy-heart.org\/cs\/o-esc\/","name":"O ESC - Healthy-Heart.org","isPartOf":{"@id":"https:\/\/www.healthy-heart.org\/es\/#website"},"primaryImageOfPage":{"@id":"https:\/\/www.healthy-heart.org\/cs\/o-esc\/#primaryimage"},"image":{"@id":"https:\/\/www.healthy-heart.org\/cs\/o-esc\/#primaryimage"},"thumbnailUrl":"https:\/\/www.healthy-heart.org\/wp-content\/uploads\/2019\/07\/iStock-953674568-scaled.jpg","datePublished":"2023-08-16T13:54:57+00:00","dateModified":"2023-08-16T13:54:57+00:00","description":"Neziskov\u00e1 l\u00e9ka\u0159sk\u00e1 spole\u010dnost veden\u00e1 kardiovaskul\u00e1rn\u00edmi odborn\u00edky zam\u011b\u0159en\u00e1 na prevenci, diagnostiku a l\u00e9\u010dbu srde\u010dn\u00edch chorob.","breadcrumb":{"@id":"https:\/\/www.healthy-heart.org\/cs\/o-esc\/#breadcrumb"},"inLanguage":"cs","potentialAction":[{"@type":"ReadAction","target":["https:\/\/www.healthy-heart.org\/cs\/o-esc\/"]}]},{"@type":"ImageObject","inLanguage":"cs","@id":"https:\/\/www.healthy-heart.org\/cs\/o-esc\/#primaryimage","url":"https:\/\/www.healthy-heart.org\/wp-content\/uploads\/2019\/07\/iStock-953674568-scaled.jpg","contentUrl":"https:\/\/www.healthy-heart.org\/wp-content\/uploads\/2019\/07\/iStock-953674568-scaled.jpg","width":2560,"height":1706},{"@type":"BreadcrumbList","@id":"https:\/\/www.healthy-heart.org\/cs\/o-esc\/#breadcrumb","itemListElement":[{"@type":"ListItem","position":1,"name":"Home","item":"https:\/\/www.healthy-heart.org\/cs\/"},{"@type":"ListItem","position":2,"name":"O ESC"}]},{"@type":"WebSite","@id":"https:\/\/www.healthy-heart.org\/es\/#website","url":"https:\/\/www.healthy-heart.org\/es\/","name":"Healthy-Heart.org","description":"Practical advice for patients and family care givers on the prevention of cardiovascular disease","potentialAction":[{"@type":"SearchAction","target":{"@type":"EntryPoint","urlTemplate":"https:\/\/www.healthy-heart.org\/es\/?s={search_term_string}"},"query-input":{"@type":"PropertyValueSpecification","valueRequired":true,"valueName":"search_term_string"}}],"inLanguage":"cs"}]}},"_links":{"self":[{"href":"https:\/\/www.healthy-heart.org\/cs\/wp-json\/wp\/v2\/pages\/6963","targetHints":{"allow":["GET"]}}],"collection":[{"href":"https:\/\/www.healthy-heart.org\/cs\/wp-json\/wp\/v2\/pages"}],"about":[{"href":"https:\/\/www.healthy-heart.org\/cs\/wp-json\/wp\/v2\/types\/page"}],"author":[{"embeddable":true,"href":"https:\/\/www.healthy-heart.org\/cs\/wp-json\/wp\/v2\/users\/1"}],"replies":[{"embeddable":true,"href":"https:\/\/www.healthy-heart.org\/cs\/wp-json\/wp\/v2\/comments?post=6963"}],"version-history":[{"count":0,"href":"https:\/\/www.healthy-heart.org\/cs\/wp-json\/wp\/v2\/pages\/6963\/revisions"}],"wp:featuredmedia":[{"embeddable":true,"href":"https:\/\/www.healthy-heart.org\/cs\/wp-json\/wp\/v2\/media\/6418"}],"wp:attachment":[{"href":"https:\/\/www.healthy-heart.org\/cs\/wp-json\/wp\/v2\/media?parent=6963"}],"wp:term":[{"taxonomy":"category","embeddable":true,"href":"https:\/\/www.healthy-heart.org\/cs\/wp-json\/wp\/v2\/categories?post=6963"},{"taxonomy":"post_tag","embeddable":true,"href":"https:\/\/www.healthy-heart.org\/cs\/wp-json\/wp\/v2\/tags?post=6963"}],"curies":[{"name":"wp","href":"https:\/\/api.w.org\/{rel}","templated":true}]}}