{"id":6960,"date":"2023-08-16T14:54:54","date_gmt":"2023-08-16T13:54:54","guid":{"rendered":"https:\/\/www.healthy-heart.org\/podekovani-autorum\/"},"modified":"2023-08-16T14:54:54","modified_gmt":"2023-08-16T13:54:54","slug":"podekovani-autorum","status":"publish","type":"page","link":"https:\/\/www.healthy-heart.org\/cs\/podekovani-autorum\/","title":{"rendered":"Pod\u011bkov\u00e1n\u00ed autor\u016fm"},"content":{"rendered":"<p>Tyto webov\u00e9 str\u00e1nky byly vytvo\u0159eny jako sou\u010d\u00e1st ESC Prevention of CVD Program (Program prevence KVO Evropsk\u00e9 kardiologick\u00e9 spole\u010dnosti), kter\u00fd vede Evropsk\u00e1 asociace preventivn\u00ed kardiologie (EAPC) ve spolupr\u00e1ci s Asociac\u00ed pro akutn\u00ed kardiovaskul\u00e1rn\u00ed p\u00e9\u010di (ACVC) a Asociac\u00ed kardiovaskul\u00e1rn\u00edch o\u0161et\u0159ovatelsk\u00fdch a p\u0159\u00edbuzn\u00fdch profes\u00ed (ACNAP).<\/p>\n<p>Obsah t\u00e9to webov\u00e9 str\u00e1nky je p\u016fvodn\u00ed a je zalo\u017een na doporu\u010den\u00edch v souladu s ESC European Practice Guidelines.<\/p>\n<p>Jsme vd\u011b\u010dni n\u00e1sleduj\u00edc\u00edm dobrovoln\u00fdm autor\u016fm za jejich p\u0159\u00edsp\u011bvky p\u0159i vytv\u00e1\u0159en\u00ed obsahu tohoto webu:<\/p>\n<table class=\"no-border\">\n<tbody>\n<tr>\n<td>\n<ul>\n<li>Neil Angus<\/li>\n<li>Maria B\u00e4ck<\/li>\n<li>Ugo Corra<\/li>\n<li>Flavio D&#8217;Ascenzi<\/li>\n<li>Guy de Backer<\/li>\n<li>Tine de Backer<\/li>\n<li>Silvia Castelletti<\/li>\n<li>Mark Cobain<\/li>\n<li>Karen De Munck<\/li>\n<li>Paul Dendale<\/li>\n<li>Jannick A.N. Dorresteijn<\/li>\n<li>Ines Frederix<\/li>\n<li>Andreas Gevaert<\/li>\n<li>Ian Graham<\/li>\n<li>Dominique Hansen<\/li>\n<li>Jeroen Hendriks<\/li>\n<li>Stefan H\u00f6fer<\/li>\n<li>Kees Hovingh<\/li>\n<li>Tiny Jaarsma<\/li>\n<li>Arne Janssen<\/li>\n<li>Claire Kerins<\/li>\n<li>Mary Kerins<\/li>\n<li>Konstantin Krychtiuk<\/li>\n<\/ul>\n<\/td>\n<td>\n<ul>\n<li>Gerry Lee<\/li>\n<li>Sergio Leonardi<\/li>\n<li>Dassy Levy<\/li>\n<li>Carolina Lombardi<\/li>\n<li>Gabrielle McKee<\/li>\n<li>Alexandru Mischie<\/li>\n<li>Lis Neubeck<\/li>\n<li>Josef Niebauer<\/li>\n<li>Demosthenes Panagiotakos<\/li>\n<li>Gianfranco Parati<\/li>\n<li>Lene Pedersen<\/li>\n<li>Martino Pengo<\/li>\n<li>Massimo F Piepoli<\/li>\n<li>Eva Prescott<\/li>\n<li>Gabriele Riccardi<\/li>\n<li>Martijn Scherreberg<\/li>\n<li>Walter Speidl<\/li>\n<li>Izabella Uchmanowicz<\/li>\n<li>Frank Vandereyt<\/li>\n<li>Vass Vassiliou<\/li>\n<li>Monique Verschuren<\/li>\n<li>Frank L.J. Visseren<\/li>\n<li>Christian Vrints<\/li>\n<\/ul>\n<\/td>\n<\/tr>\n<\/tbody>\n<\/table>\n<p>&nbsp;<\/p>\n<p style=\"font-weight: 400;\">Jsme vd\u011b\u010dn\u00ed n\u00e1sleduj\u00edc\u00edm \u010dlen\u016fm ESC Patient Forum, kte\u0159\u00ed p\u0159isp\u011bli k rozvoji t\u011bchto webov\u00fdch str\u00e1nek:<\/p>\n<ul style=\"font-weight: 400;\">\n<li>Inga Drossart<\/li>\n<li>Dan Foldager<\/li>\n<li>Henrik Norrild<\/li>\n<li>James Ainslie<\/li>\n<\/ul>\n<p>&nbsp;<\/p>\n<p>Jsme vd\u011b\u010dni n\u00e1sleduj\u00edc\u00edm dobrovoln\u00edk\u016fm za jejich p\u0159\u00ednos p\u0159i kontrole obsahu tohoto webu:<\/p>\n<table class=\"no-border\">\n<tbody>\n<tr>\n<td>\n<ul>\n<li>Marie-Christine Iliou (francouz\u0161tina)<\/li>\n<li>Salvatore Novo (ital\u0161tina)<\/li>\n<li>Regina Dalmau (\u0161pan\u011bl\u0161tina)<\/li>\n<li>Piotr Jankowski (pol\u0161tina)<\/li>\n<li>Vincent Aengevaeren (nizozem\u0161tina)<\/li>\n<li>Dan Gaita (rumun\u0161tina)<\/li>\n<li>Stefan Busnatu (rumun\u0161tina)<\/li>\n<\/ul>\n<\/td>\n<td>\n<ul>\n<li>Iulia Kulcsar (rumun\u0161tina)<\/li>\n<li>Olga Sokolova (ru\u0161tina)<\/li>\n<li>Oksana Sivakova (ru\u0161tina)<\/li>\n<li>Ana Abreu (portugal\u0161tina)<\/li>\n<li>Filipa Homem (portugal\u0161tina)<\/li>\n<li>Linh Phung (n\u011bm\u010dina)<\/li>\n<li>Daniel Forndron (n\u011bm\u010dina)<\/li>\n<\/ul>\n<\/td>\n<\/tr>\n<\/tbody>\n<\/table>\n<p>&nbsp;<\/p>\n","protected":false},"excerpt":{"rendered":"<p>Tyto webov\u00e9 str\u00e1nky byly vytvo\u0159eny jako sou\u010d\u00e1st ESC Prevention of CVD Program (Program prevence KVO Evropsk\u00e9 kardiologick\u00e9 spole\u010dnosti), kter\u00fd vede Evropsk\u00e1 asociace preventivn\u00ed kardiologie (EAPC) ve spolupr\u00e1ci s Asociac\u00ed pro akutn\u00ed kardiovaskul\u00e1rn\u00ed p\u00e9\u010di (ACVC) a Asociac\u00ed kardiovaskul\u00e1rn\u00edch o\u0161et\u0159ovatelsk\u00fdch a p\u0159\u00edbuzn\u00fdch profes\u00ed (ACNAP). Obsah t\u00e9to webov\u00e9 str\u00e1nky je p\u016fvodn\u00ed a je zalo\u017een na doporu\u010den\u00edch v souladu [&hellip;]<\/p>\n","protected":false},"author":1,"featured_media":6706,"parent":0,"menu_order":0,"comment_status":"closed","ping_status":"closed","template":"templates\/full.php","meta":{"_acf_changed":false,"footnotes":""},"categories":[],"tags":[],"class_list":["post-6960","page","type-page","status-publish","has-post-thumbnail","hentry"],"acf":[],"yoast_head":"<!-- This site is optimized with the Yoast SEO plugin v24.0 - https:\/\/yoast.com\/wordpress\/plugins\/seo\/ -->\n<title>Pod\u011bkov\u00e1n\u00ed autor\u016f - Healthy-Heart.org<\/title>\n<meta name=\"description\" content=\"Tyto webov\u00e9 str\u00e1nky byly vytvo\u0159eny Evropskou kardiologickou spole\u010dnost\u00ed jako sou\u010d\u00e1st programu ESC prevence KVO.\" \/>\n<meta name=\"robots\" content=\"index, follow, max-snippet:-1, max-image-preview:large, max-video-preview:-1\" \/>\n<link rel=\"canonical\" href=\"https:\/\/www.healthy-heart.org\/cs\/podekovani-autorum\/\" \/>\n<meta property=\"og:locale\" content=\"cs_CZ\" \/>\n<meta property=\"og:type\" content=\"article\" \/>\n<meta property=\"og:title\" content=\"Pod\u011bkov\u00e1n\u00ed autor\u016f - Healthy-Heart.org\" \/>\n<meta property=\"og:description\" content=\"Tyto webov\u00e9 str\u00e1nky byly vytvo\u0159eny Evropskou kardiologickou spole\u010dnost\u00ed jako sou\u010d\u00e1st programu ESC prevence KVO.\" \/>\n<meta property=\"og:url\" content=\"https:\/\/www.healthy-heart.org\/cs\/podekovani-autorum\/\" \/>\n<meta property=\"og:site_name\" content=\"Healthy-Heart.org\" \/>\n<meta property=\"og:image\" content=\"https:\/\/www.healthy-heart.org\/wp-content\/uploads\/2019\/07\/EAPC-BOGO-e1564135828320.png\" \/>\n\t<meta property=\"og:image:width\" content=\"253\" \/>\n\t<meta property=\"og:image:height\" content=\"125\" \/>\n\t<meta property=\"og:image:type\" content=\"image\/png\" \/>\n<meta name=\"twitter:card\" content=\"summary_large_image\" \/>\n<meta name=\"twitter:label1\" content=\"Odhadovan\u00e1 doba \u010dten\u00ed\" \/>\n\t<meta name=\"twitter:data1\" content=\"2 minuty\" \/>\n<script type=\"application\/ld+json\" class=\"yoast-schema-graph\">{\"@context\":\"https:\/\/schema.org\",\"@graph\":[{\"@type\":\"WebPage\",\"@id\":\"https:\/\/www.healthy-heart.org\/cs\/podekovani-autorum\/\",\"url\":\"https:\/\/www.healthy-heart.org\/cs\/podekovani-autorum\/\",\"name\":\"Pod\u011bkov\u00e1n\u00ed autor\u016f - Healthy-Heart.org\",\"isPartOf\":{\"@id\":\"https:\/\/www.healthy-heart.org\/es\/#website\"},\"primaryImageOfPage\":{\"@id\":\"https:\/\/www.healthy-heart.org\/cs\/podekovani-autorum\/#primaryimage\"},\"image\":{\"@id\":\"https:\/\/www.healthy-heart.org\/cs\/podekovani-autorum\/#primaryimage\"},\"thumbnailUrl\":\"https:\/\/www.healthy-heart.org\/wp-content\/uploads\/2019\/07\/EAPC-BOGO-e1564135828320.png\",\"datePublished\":\"2023-08-16T13:54:54+00:00\",\"dateModified\":\"2023-08-16T13:54:54+00:00\",\"description\":\"Tyto webov\u00e9 str\u00e1nky byly vytvo\u0159eny Evropskou kardiologickou spole\u010dnost\u00ed jako sou\u010d\u00e1st programu ESC prevence KVO.\",\"breadcrumb\":{\"@id\":\"https:\/\/www.healthy-heart.org\/cs\/podekovani-autorum\/#breadcrumb\"},\"inLanguage\":\"cs\",\"potentialAction\":[{\"@type\":\"ReadAction\",\"target\":[\"https:\/\/www.healthy-heart.org\/cs\/podekovani-autorum\/\"]}]},{\"@type\":\"ImageObject\",\"inLanguage\":\"cs\",\"@id\":\"https:\/\/www.healthy-heart.org\/cs\/podekovani-autorum\/#primaryimage\",\"url\":\"https:\/\/www.healthy-heart.org\/wp-content\/uploads\/2019\/07\/EAPC-BOGO-e1564135828320.png\",\"contentUrl\":\"https:\/\/www.healthy-heart.org\/wp-content\/uploads\/2019\/07\/EAPC-BOGO-e1564135828320.png\",\"width\":253,\"height\":125},{\"@type\":\"BreadcrumbList\",\"@id\":\"https:\/\/www.healthy-heart.org\/cs\/podekovani-autorum\/#breadcrumb\",\"itemListElement\":[{\"@type\":\"ListItem\",\"position\":1,\"name\":\"Home\",\"item\":\"https:\/\/www.healthy-heart.org\/cs\/\"},{\"@type\":\"ListItem\",\"position\":2,\"name\":\"Pod\u011bkov\u00e1n\u00ed autor\u016fm\"}]},{\"@type\":\"WebSite\",\"@id\":\"https:\/\/www.healthy-heart.org\/es\/#website\",\"url\":\"https:\/\/www.healthy-heart.org\/es\/\",\"name\":\"Healthy-Heart.org\",\"description\":\"Practical advice for patients and family care givers on the prevention of cardiovascular disease\",\"potentialAction\":[{\"@type\":\"SearchAction\",\"target\":{\"@type\":\"EntryPoint\",\"urlTemplate\":\"https:\/\/www.healthy-heart.org\/es\/?s={search_term_string}\"},\"query-input\":{\"@type\":\"PropertyValueSpecification\",\"valueRequired\":true,\"valueName\":\"search_term_string\"}}],\"inLanguage\":\"cs\"}]}<\/script>\n<!-- \/ Yoast SEO plugin. -->","yoast_head_json":{"title":"Pod\u011bkov\u00e1n\u00ed autor\u016f - Healthy-Heart.org","description":"Tyto webov\u00e9 str\u00e1nky byly vytvo\u0159eny Evropskou kardiologickou spole\u010dnost\u00ed jako sou\u010d\u00e1st programu ESC prevence KVO.","robots":{"index":"index","follow":"follow","max-snippet":"max-snippet:-1","max-image-preview":"max-image-preview:large","max-video-preview":"max-video-preview:-1"},"canonical":"https:\/\/www.healthy-heart.org\/cs\/podekovani-autorum\/","og_locale":"cs_CZ","og_type":"article","og_title":"Pod\u011bkov\u00e1n\u00ed autor\u016f - Healthy-Heart.org","og_description":"Tyto webov\u00e9 str\u00e1nky byly vytvo\u0159eny Evropskou kardiologickou spole\u010dnost\u00ed jako sou\u010d\u00e1st programu ESC prevence KVO.","og_url":"https:\/\/www.healthy-heart.org\/cs\/podekovani-autorum\/","og_site_name":"Healthy-Heart.org","og_image":[{"width":253,"height":125,"url":"https:\/\/www.healthy-heart.org\/wp-content\/uploads\/2019\/07\/EAPC-BOGO-e1564135828320.png","type":"image\/png"}],"twitter_card":"summary_large_image","twitter_misc":{"Odhadovan\u00e1 doba \u010dten\u00ed":"2 minuty"},"schema":{"@context":"https:\/\/schema.org","@graph":[{"@type":"WebPage","@id":"https:\/\/www.healthy-heart.org\/cs\/podekovani-autorum\/","url":"https:\/\/www.healthy-heart.org\/cs\/podekovani-autorum\/","name":"Pod\u011bkov\u00e1n\u00ed autor\u016f - Healthy-Heart.org","isPartOf":{"@id":"https:\/\/www.healthy-heart.org\/es\/#website"},"primaryImageOfPage":{"@id":"https:\/\/www.healthy-heart.org\/cs\/podekovani-autorum\/#primaryimage"},"image":{"@id":"https:\/\/www.healthy-heart.org\/cs\/podekovani-autorum\/#primaryimage"},"thumbnailUrl":"https:\/\/www.healthy-heart.org\/wp-content\/uploads\/2019\/07\/EAPC-BOGO-e1564135828320.png","datePublished":"2023-08-16T13:54:54+00:00","dateModified":"2023-08-16T13:54:54+00:00","description":"Tyto webov\u00e9 str\u00e1nky byly vytvo\u0159eny Evropskou kardiologickou spole\u010dnost\u00ed jako sou\u010d\u00e1st programu ESC prevence KVO.","breadcrumb":{"@id":"https:\/\/www.healthy-heart.org\/cs\/podekovani-autorum\/#breadcrumb"},"inLanguage":"cs","potentialAction":[{"@type":"ReadAction","target":["https:\/\/www.healthy-heart.org\/cs\/podekovani-autorum\/"]}]},{"@type":"ImageObject","inLanguage":"cs","@id":"https:\/\/www.healthy-heart.org\/cs\/podekovani-autorum\/#primaryimage","url":"https:\/\/www.healthy-heart.org\/wp-content\/uploads\/2019\/07\/EAPC-BOGO-e1564135828320.png","contentUrl":"https:\/\/www.healthy-heart.org\/wp-content\/uploads\/2019\/07\/EAPC-BOGO-e1564135828320.png","width":253,"height":125},{"@type":"BreadcrumbList","@id":"https:\/\/www.healthy-heart.org\/cs\/podekovani-autorum\/#breadcrumb","itemListElement":[{"@type":"ListItem","position":1,"name":"Home","item":"https:\/\/www.healthy-heart.org\/cs\/"},{"@type":"ListItem","position":2,"name":"Pod\u011bkov\u00e1n\u00ed autor\u016fm"}]},{"@type":"WebSite","@id":"https:\/\/www.healthy-heart.org\/es\/#website","url":"https:\/\/www.healthy-heart.org\/es\/","name":"Healthy-Heart.org","description":"Practical advice for patients and family care givers on the prevention of cardiovascular disease","potentialAction":[{"@type":"SearchAction","target":{"@type":"EntryPoint","urlTemplate":"https:\/\/www.healthy-heart.org\/es\/?s={search_term_string}"},"query-input":{"@type":"PropertyValueSpecification","valueRequired":true,"valueName":"search_term_string"}}],"inLanguage":"cs"}]}},"_links":{"self":[{"href":"https:\/\/www.healthy-heart.org\/cs\/wp-json\/wp\/v2\/pages\/6960","targetHints":{"allow":["GET"]}}],"collection":[{"href":"https:\/\/www.healthy-heart.org\/cs\/wp-json\/wp\/v2\/pages"}],"about":[{"href":"https:\/\/www.healthy-heart.org\/cs\/wp-json\/wp\/v2\/types\/page"}],"author":[{"embeddable":true,"href":"https:\/\/www.healthy-heart.org\/cs\/wp-json\/wp\/v2\/users\/1"}],"replies":[{"embeddable":true,"href":"https:\/\/www.healthy-heart.org\/cs\/wp-json\/wp\/v2\/comments?post=6960"}],"version-history":[{"count":0,"href":"https:\/\/www.healthy-heart.org\/cs\/wp-json\/wp\/v2\/pages\/6960\/revisions"}],"wp:featuredmedia":[{"embeddable":true,"href":"https:\/\/www.healthy-heart.org\/cs\/wp-json\/wp\/v2\/media\/6706"}],"wp:attachment":[{"href":"https:\/\/www.healthy-heart.org\/cs\/wp-json\/wp\/v2\/media?parent=6960"}],"wp:term":[{"taxonomy":"category","embeddable":true,"href":"https:\/\/www.healthy-heart.org\/cs\/wp-json\/wp\/v2\/categories?post=6960"},{"taxonomy":"post_tag","embeddable":true,"href":"https:\/\/www.healthy-heart.org\/cs\/wp-json\/wp\/v2\/tags?post=6960"}],"curies":[{"name":"wp","href":"https:\/\/api.w.org\/{rel}","templated":true}]}}