{"id":6959,"date":"2023-08-16T14:54:54","date_gmt":"2023-08-16T13:54:54","guid":{"rendered":"https:\/\/www.healthy-heart.org\/zivot-se-srdecni-chorobou\/na-co-se-mam-zeptat-sveho-kardiologa\/"},"modified":"2023-08-16T14:54:54","modified_gmt":"2023-08-16T13:54:54","slug":"na-co-se-mam-zeptat-sveho-kardiologa","status":"publish","type":"page","link":"https:\/\/www.healthy-heart.org\/cs\/zivot-se-srdecni-chorobou\/na-co-se-mam-zeptat-sveho-kardiologa\/","title":{"rendered":"Na co se m\u00e1m zeptat sv\u00e9ho kardiologa?"},"content":{"rendered":"<p><img loading=\"lazy\" decoding=\"async\" class=\"alignright size-medium wp-image-641\" src=\"https:\/\/cdn-endpoint-prev.azureedge.net\/healthy-heart\/2019\/07\/iStock-481073822-5-350x234.jpg\" alt=\"\" width=\"350\" height=\"234\" srcset=\"https:\/\/www.healthy-heart.org\/wp-content\/uploads\/2019\/07\/iStock-481073822-5-350x234.jpg 350w, https:\/\/cdn-endpoint-prev.azureedge.net\/healthy-heart\/2019\/07\/iStock-481073822-5-1024x683.jpg 1024w, https:\/\/cdn-endpoint-prev.azureedge.net\/healthy-heart\/2019\/07\/iStock-481073822-5-200x133.jpg 200w, https:\/\/www.healthy-heart.org\/wp-content\/uploads\/2019\/07\/iStock-481073822-5-768x513.jpg 768w, https:\/\/www.healthy-heart.org\/wp-content\/uploads\/2019\/07\/iStock-481073822-5-1536x1025.jpg 1536w, https:\/\/www.healthy-heart.org\/wp-content\/uploads\/2019\/07\/iStock-481073822-5-2048x1367.jpg 2048w, https:\/\/www.healthy-heart.org\/wp-content\/uploads\/2019\/07\/iStock-481073822-5-658x439.jpg 658w, https:\/\/www.healthy-heart.org\/wp-content\/uploads\/2019\/07\/iStock-481073822-5-695x464.jpg 695w\" sizes=\"auto, (max-width: 350px) 100vw, 350px\" \/>Srde\u010dn\u00ed onemocn\u011bn\u00ed ovliv\u0148uje t\u011blo i mysl. Zapojen\u00ed do otev\u0159en\u00fdch a up\u0159\u00edmn\u00fdch diskus\u00ed s l\u00e9ka\u0159em v\u00e1m pom\u016f\u017ee \u00fasp\u011b\u0161n\u011b zvl\u00e1dnout pl\u00e1n l\u00e9\u010dby a zdravotn\u00ed stav po infarktu. Kardiolog v\u00e1m m\u016f\u017ee vysv\u011btlit, co se stalo a pro\u010d, co bylo doposud provedeno a co je t\u0159eba ud\u011blat nyn\u00ed. Kdy\u017e porozum\u00edte p\u0159\u00ed\u010din\u00e1m srde\u010dn\u00ed p\u0159\u00edhody a tomu, jak byla l\u00e9\u010dena, pom\u016f\u017ee v\u00e1m to pochopit, co m\u016f\u017eete ud\u011blat, abyste se vyhnuli dal\u0161\u00ed p\u0159\u00edhod\u011b. Ot\u00e1zky, kter\u00e9 byste m\u011bli polo\u017eit sv\u00e9mu kardiologovi, zahrnuj\u00ed:<\/p>\n<p>1. Pro\u010d jsem dostal\/a infarkt?<br \/>\n2. Mohl\/a jsem tomu zabr\u00e1nit?<br \/>\n3. Budu moci d\u011blat v\u0161echny v\u011bci, kter\u00e9 jsem d\u011blal\/a p\u0159edt\u00edm?<br \/>\n4. Je mo\u017en\u00e9, \u017ee se ucpan\u00e1 tepna op\u011bt z\u00fa\u017e\u00ed a zp\u016fsob\u00ed dal\u0161\u00ed p\u0159\u00edhodu?<br \/>\n5. Pokud je stent um\u00edst\u011bn do tepny, jak dlouho bych m\u011bl u\u017e\u00edvat l\u00e9ky na \u0159ed\u011bn\u00ed krve? Z\u016fstane tepna otev\u0159en\u00e1 po zbytek m\u00e9ho \u017eivota?<br \/>\n6. Kter\u00fd <a href=\"https:\/\/www.healthy-heart.org\/living-with-heart-disease\/types-of-medication\/\">l\u00e9k<\/a> je nezbytn\u00fd a jak dlouho ho mus\u00edm u\u017e\u00edvat?<br \/>\n7. Kter\u00e9 l\u00e9ky by se nem\u011bly ani jednou vynechat?<br \/>\n8. Jak \u010dasto bych m\u011bl\/a po infarktu nav\u0161t\u011bvovat l\u00e9ka\u0159e?<br \/>\n9. Co mohu ve sv\u00e9m ka\u017edodenn\u00edm \u017eivot\u011b ud\u011blat, abych zabr\u00e1nil\/a dal\u0161\u00edmu infarktu?<br \/>\n10. Jak d\u016fle\u017eit\u00e9 je hubnut\u00ed? M\u00e1m zm\u011bnit <a href=\"https:\/\/www.healthy-heart.org\/keep-your-heart-healthy\/heart-friendly-diet\/\">styl stravov\u00e1n\u00ed<\/a>?<br \/>\n11. Kdy mohu za\u010d\u00edt <a href=\"https:\/\/www.healthy-heart.org\/keep-your-heart-healthy\/physical-activity\/\">cvi\u010dit<\/a>?<br \/>\n12. M\u00e1m se p\u0159ihl\u00e1sit na <a href=\"https:\/\/www.healthy-heart.org\/living-with-heart-disease\/improve-your-heart-condition\/\">srde\u010dn\u00ed rehabilitaci<\/a>?<br \/>\n13. Jak \u010dasto si m\u00e1m m\u011b\u0159it <a href=\"https:\/\/www.healthy-heart.org\/keep-your-heart-healthy\/blood-pressure\/\">krevn\u00ed tlak<\/a>?<br \/>\n14. Kdy mohu <a href=\"https:\/\/www.healthy-heart.org\/living-with-heart-disease\/sex-and-heart-disease\/\">obnovit sexu\u00e1ln\u00ed aktivitu<\/a> a kdy se mohu vr\u00e1tit do pr\u00e1ce?<br \/>\n15. Mohu <a href=\"https:\/\/www.healthy-heart.org\/living-with-heart-disease\/travelling-after-a-heart-attack\/\">cestovat<\/a>? Mohu jet na hory?<br \/>\n16. Jak\u00e9 p\u0159\u00edznaky by m\u011bly v\u00e9st k okam\u017eit\u00e9 n\u00e1v\u0161t\u011bv\u011b pohotovosti?<\/p>\n","protected":false},"excerpt":{"rendered":"<p>Srde\u010dn\u00ed onemocn\u011bn\u00ed ovliv\u0148uje t\u011blo i mysl. Zapojen\u00ed do otev\u0159en\u00fdch a up\u0159\u00edmn\u00fdch diskus\u00ed s l\u00e9ka\u0159em v\u00e1m pom\u016f\u017ee \u00fasp\u011b\u0161n\u011b zvl\u00e1dnout pl\u00e1n l\u00e9\u010dby a zdravotn\u00ed stav po infarktu. Kardiolog v\u00e1m m\u016f\u017ee vysv\u011btlit, co se stalo a pro\u010d, co bylo doposud provedeno a co je t\u0159eba ud\u011blat nyn\u00ed. Kdy\u017e porozum\u00edte p\u0159\u00ed\u010din\u00e1m srde\u010dn\u00ed p\u0159\u00edhody a tomu, jak byla l\u00e9\u010dena, pom\u016f\u017ee [&hellip;]<\/p>\n","protected":false},"author":1,"featured_media":6962,"parent":6898,"menu_order":12,"comment_status":"closed","ping_status":"closed","template":"","meta":{"_acf_changed":false,"footnotes":""},"categories":[146],"tags":[],"class_list":["post-6959","page","type-page","status-publish","has-post-thumbnail","hentry","category-zivot-se-srdecni-chorobou"],"acf":[],"yoast_head":"<!-- This site is optimized with the Yoast SEO plugin v24.0 - https:\/\/yoast.com\/wordpress\/plugins\/seo\/ -->\n<title>Na co se m\u00e1m zeptat sv\u00e9ho kardiologa? - Healthy-Heart.org<\/title>\n<meta name=\"description\" content=\"Kardiolog v\u00e1m m\u016f\u017ee vysv\u011btlit, co se stalo a pro\u010d, co bylo doposud provedeno a co je t\u0159eba ud\u011blat nyn\u00ed. Pod\u00edvejte se na ot\u00e1zky, kter\u00e9 m\u016f\u017eete polo\u017eit sv\u00e9mu l\u00e9ka\u0159i.\" \/>\n<meta name=\"robots\" content=\"index, follow, max-snippet:-1, max-image-preview:large, max-video-preview:-1\" \/>\n<link rel=\"canonical\" href=\"https:\/\/www.healthy-heart.org\/cs\/zivot-se-srdecni-chorobou\/na-co-se-mam-zeptat-sveho-kardiologa\/\" \/>\n<meta property=\"og:locale\" content=\"cs_CZ\" \/>\n<meta property=\"og:type\" content=\"article\" \/>\n<meta property=\"og:title\" content=\"Na co se m\u00e1m zeptat sv\u00e9ho kardiologa? - Healthy-Heart.org\" \/>\n<meta property=\"og:description\" content=\"Kardiolog v\u00e1m m\u016f\u017ee vysv\u011btlit, co se stalo a pro\u010d, co bylo doposud provedeno a co je t\u0159eba ud\u011blat nyn\u00ed. Pod\u00edvejte se na ot\u00e1zky, kter\u00e9 m\u016f\u017eete polo\u017eit sv\u00e9mu l\u00e9ka\u0159i.\" \/>\n<meta property=\"og:url\" content=\"https:\/\/www.healthy-heart.org\/cs\/zivot-se-srdecni-chorobou\/na-co-se-mam-zeptat-sveho-kardiologa\/\" \/>\n<meta property=\"og:site_name\" content=\"Healthy-Heart.org\" \/>\n<meta property=\"og:image\" content=\"https:\/\/www.healthy-heart.org\/wp-content\/uploads\/2019\/07\/iStock-481073822-5-scaled.jpg\" \/>\n\t<meta property=\"og:image:width\" content=\"2560\" \/>\n\t<meta property=\"og:image:height\" content=\"1709\" \/>\n\t<meta property=\"og:image:type\" content=\"image\/jpeg\" \/>\n<meta name=\"twitter:card\" content=\"summary_large_image\" \/>\n<meta name=\"twitter:label1\" content=\"Odhadovan\u00e1 doba \u010dten\u00ed\" \/>\n\t<meta name=\"twitter:data1\" content=\"2 minuty\" \/>\n<script type=\"application\/ld+json\" class=\"yoast-schema-graph\">{\"@context\":\"https:\/\/schema.org\",\"@graph\":[{\"@type\":\"WebPage\",\"@id\":\"https:\/\/www.healthy-heart.org\/cs\/zivot-se-srdecni-chorobou\/na-co-se-mam-zeptat-sveho-kardiologa\/\",\"url\":\"https:\/\/www.healthy-heart.org\/cs\/zivot-se-srdecni-chorobou\/na-co-se-mam-zeptat-sveho-kardiologa\/\",\"name\":\"Na co se m\u00e1m zeptat sv\u00e9ho kardiologa? - Healthy-Heart.org\",\"isPartOf\":{\"@id\":\"https:\/\/www.healthy-heart.org\/es\/#website\"},\"primaryImageOfPage\":{\"@id\":\"https:\/\/www.healthy-heart.org\/cs\/zivot-se-srdecni-chorobou\/na-co-se-mam-zeptat-sveho-kardiologa\/#primaryimage\"},\"image\":{\"@id\":\"https:\/\/www.healthy-heart.org\/cs\/zivot-se-srdecni-chorobou\/na-co-se-mam-zeptat-sveho-kardiologa\/#primaryimage\"},\"thumbnailUrl\":\"https:\/\/www.healthy-heart.org\/wp-content\/uploads\/2019\/07\/iStock-481073822-5-scaled.jpg\",\"datePublished\":\"2023-08-16T13:54:54+00:00\",\"dateModified\":\"2023-08-16T13:54:54+00:00\",\"description\":\"Kardiolog v\u00e1m m\u016f\u017ee vysv\u011btlit, co se stalo a pro\u010d, co bylo doposud provedeno a co je t\u0159eba ud\u011blat nyn\u00ed. Pod\u00edvejte se na ot\u00e1zky, kter\u00e9 m\u016f\u017eete polo\u017eit sv\u00e9mu l\u00e9ka\u0159i.\",\"breadcrumb\":{\"@id\":\"https:\/\/www.healthy-heart.org\/cs\/zivot-se-srdecni-chorobou\/na-co-se-mam-zeptat-sveho-kardiologa\/#breadcrumb\"},\"inLanguage\":\"cs\",\"potentialAction\":[{\"@type\":\"ReadAction\",\"target\":[\"https:\/\/www.healthy-heart.org\/cs\/zivot-se-srdecni-chorobou\/na-co-se-mam-zeptat-sveho-kardiologa\/\"]}]},{\"@type\":\"ImageObject\",\"inLanguage\":\"cs\",\"@id\":\"https:\/\/www.healthy-heart.org\/cs\/zivot-se-srdecni-chorobou\/na-co-se-mam-zeptat-sveho-kardiologa\/#primaryimage\",\"url\":\"https:\/\/www.healthy-heart.org\/wp-content\/uploads\/2019\/07\/iStock-481073822-5-scaled.jpg\",\"contentUrl\":\"https:\/\/www.healthy-heart.org\/wp-content\/uploads\/2019\/07\/iStock-481073822-5-scaled.jpg\",\"width\":2560,\"height\":1709},{\"@type\":\"BreadcrumbList\",\"@id\":\"https:\/\/www.healthy-heart.org\/cs\/zivot-se-srdecni-chorobou\/na-co-se-mam-zeptat-sveho-kardiologa\/#breadcrumb\",\"itemListElement\":[{\"@type\":\"ListItem\",\"position\":1,\"name\":\"Home\",\"item\":\"https:\/\/www.healthy-heart.org\/cs\/\"},{\"@type\":\"ListItem\",\"position\":2,\"name\":\"\u017divot se srde\u010dn\u00ed chorobou\",\"item\":\"https:\/\/www.healthy-heart.org\/cs\/zivot-se-srdecni-chorobou\/\"},{\"@type\":\"ListItem\",\"position\":3,\"name\":\"Na co se m\u00e1m zeptat sv\u00e9ho kardiologa?\"}]},{\"@type\":\"WebSite\",\"@id\":\"https:\/\/www.healthy-heart.org\/es\/#website\",\"url\":\"https:\/\/www.healthy-heart.org\/es\/\",\"name\":\"Healthy-Heart.org\",\"description\":\"Practical advice for patients and family care givers on the prevention of cardiovascular disease\",\"potentialAction\":[{\"@type\":\"SearchAction\",\"target\":{\"@type\":\"EntryPoint\",\"urlTemplate\":\"https:\/\/www.healthy-heart.org\/es\/?s={search_term_string}\"},\"query-input\":{\"@type\":\"PropertyValueSpecification\",\"valueRequired\":true,\"valueName\":\"search_term_string\"}}],\"inLanguage\":\"cs\"}]}<\/script>\n<!-- \/ Yoast SEO plugin. -->","yoast_head_json":{"title":"Na co se m\u00e1m zeptat sv\u00e9ho kardiologa? - Healthy-Heart.org","description":"Kardiolog v\u00e1m m\u016f\u017ee vysv\u011btlit, co se stalo a pro\u010d, co bylo doposud provedeno a co je t\u0159eba ud\u011blat nyn\u00ed. Pod\u00edvejte se na ot\u00e1zky, kter\u00e9 m\u016f\u017eete polo\u017eit sv\u00e9mu l\u00e9ka\u0159i.","robots":{"index":"index","follow":"follow","max-snippet":"max-snippet:-1","max-image-preview":"max-image-preview:large","max-video-preview":"max-video-preview:-1"},"canonical":"https:\/\/www.healthy-heart.org\/cs\/zivot-se-srdecni-chorobou\/na-co-se-mam-zeptat-sveho-kardiologa\/","og_locale":"cs_CZ","og_type":"article","og_title":"Na co se m\u00e1m zeptat sv\u00e9ho kardiologa? - Healthy-Heart.org","og_description":"Kardiolog v\u00e1m m\u016f\u017ee vysv\u011btlit, co se stalo a pro\u010d, co bylo doposud provedeno a co je t\u0159eba ud\u011blat nyn\u00ed. Pod\u00edvejte se na ot\u00e1zky, kter\u00e9 m\u016f\u017eete polo\u017eit sv\u00e9mu l\u00e9ka\u0159i.","og_url":"https:\/\/www.healthy-heart.org\/cs\/zivot-se-srdecni-chorobou\/na-co-se-mam-zeptat-sveho-kardiologa\/","og_site_name":"Healthy-Heart.org","og_image":[{"width":2560,"height":1709,"url":"https:\/\/www.healthy-heart.org\/wp-content\/uploads\/2019\/07\/iStock-481073822-5-scaled.jpg","type":"image\/jpeg"}],"twitter_card":"summary_large_image","twitter_misc":{"Odhadovan\u00e1 doba \u010dten\u00ed":"2 minuty"},"schema":{"@context":"https:\/\/schema.org","@graph":[{"@type":"WebPage","@id":"https:\/\/www.healthy-heart.org\/cs\/zivot-se-srdecni-chorobou\/na-co-se-mam-zeptat-sveho-kardiologa\/","url":"https:\/\/www.healthy-heart.org\/cs\/zivot-se-srdecni-chorobou\/na-co-se-mam-zeptat-sveho-kardiologa\/","name":"Na co se m\u00e1m zeptat sv\u00e9ho kardiologa? - Healthy-Heart.org","isPartOf":{"@id":"https:\/\/www.healthy-heart.org\/es\/#website"},"primaryImageOfPage":{"@id":"https:\/\/www.healthy-heart.org\/cs\/zivot-se-srdecni-chorobou\/na-co-se-mam-zeptat-sveho-kardiologa\/#primaryimage"},"image":{"@id":"https:\/\/www.healthy-heart.org\/cs\/zivot-se-srdecni-chorobou\/na-co-se-mam-zeptat-sveho-kardiologa\/#primaryimage"},"thumbnailUrl":"https:\/\/www.healthy-heart.org\/wp-content\/uploads\/2019\/07\/iStock-481073822-5-scaled.jpg","datePublished":"2023-08-16T13:54:54+00:00","dateModified":"2023-08-16T13:54:54+00:00","description":"Kardiolog v\u00e1m m\u016f\u017ee vysv\u011btlit, co se stalo a pro\u010d, co bylo doposud provedeno a co je t\u0159eba ud\u011blat nyn\u00ed. Pod\u00edvejte se na ot\u00e1zky, kter\u00e9 m\u016f\u017eete polo\u017eit sv\u00e9mu l\u00e9ka\u0159i.","breadcrumb":{"@id":"https:\/\/www.healthy-heart.org\/cs\/zivot-se-srdecni-chorobou\/na-co-se-mam-zeptat-sveho-kardiologa\/#breadcrumb"},"inLanguage":"cs","potentialAction":[{"@type":"ReadAction","target":["https:\/\/www.healthy-heart.org\/cs\/zivot-se-srdecni-chorobou\/na-co-se-mam-zeptat-sveho-kardiologa\/"]}]},{"@type":"ImageObject","inLanguage":"cs","@id":"https:\/\/www.healthy-heart.org\/cs\/zivot-se-srdecni-chorobou\/na-co-se-mam-zeptat-sveho-kardiologa\/#primaryimage","url":"https:\/\/www.healthy-heart.org\/wp-content\/uploads\/2019\/07\/iStock-481073822-5-scaled.jpg","contentUrl":"https:\/\/www.healthy-heart.org\/wp-content\/uploads\/2019\/07\/iStock-481073822-5-scaled.jpg","width":2560,"height":1709},{"@type":"BreadcrumbList","@id":"https:\/\/www.healthy-heart.org\/cs\/zivot-se-srdecni-chorobou\/na-co-se-mam-zeptat-sveho-kardiologa\/#breadcrumb","itemListElement":[{"@type":"ListItem","position":1,"name":"Home","item":"https:\/\/www.healthy-heart.org\/cs\/"},{"@type":"ListItem","position":2,"name":"\u017divot se srde\u010dn\u00ed chorobou","item":"https:\/\/www.healthy-heart.org\/cs\/zivot-se-srdecni-chorobou\/"},{"@type":"ListItem","position":3,"name":"Na co se m\u00e1m zeptat sv\u00e9ho kardiologa?"}]},{"@type":"WebSite","@id":"https:\/\/www.healthy-heart.org\/es\/#website","url":"https:\/\/www.healthy-heart.org\/es\/","name":"Healthy-Heart.org","description":"Practical advice for patients and family care givers on the prevention of cardiovascular disease","potentialAction":[{"@type":"SearchAction","target":{"@type":"EntryPoint","urlTemplate":"https:\/\/www.healthy-heart.org\/es\/?s={search_term_string}"},"query-input":{"@type":"PropertyValueSpecification","valueRequired":true,"valueName":"search_term_string"}}],"inLanguage":"cs"}]}},"_links":{"self":[{"href":"https:\/\/www.healthy-heart.org\/cs\/wp-json\/wp\/v2\/pages\/6959","targetHints":{"allow":["GET"]}}],"collection":[{"href":"https:\/\/www.healthy-heart.org\/cs\/wp-json\/wp\/v2\/pages"}],"about":[{"href":"https:\/\/www.healthy-heart.org\/cs\/wp-json\/wp\/v2\/types\/page"}],"author":[{"embeddable":true,"href":"https:\/\/www.healthy-heart.org\/cs\/wp-json\/wp\/v2\/users\/1"}],"replies":[{"embeddable":true,"href":"https:\/\/www.healthy-heart.org\/cs\/wp-json\/wp\/v2\/comments?post=6959"}],"version-history":[{"count":0,"href":"https:\/\/www.healthy-heart.org\/cs\/wp-json\/wp\/v2\/pages\/6959\/revisions"}],"up":[{"embeddable":true,"href":"https:\/\/www.healthy-heart.org\/cs\/wp-json\/wp\/v2\/pages\/6898"}],"wp:featuredmedia":[{"embeddable":true,"href":"https:\/\/www.healthy-heart.org\/cs\/wp-json\/wp\/v2\/media\/6962"}],"wp:attachment":[{"href":"https:\/\/www.healthy-heart.org\/cs\/wp-json\/wp\/v2\/media?parent=6959"}],"wp:term":[{"taxonomy":"category","embeddable":true,"href":"https:\/\/www.healthy-heart.org\/cs\/wp-json\/wp\/v2\/categories?post=6959"},{"taxonomy":"post_tag","embeddable":true,"href":"https:\/\/www.healthy-heart.org\/cs\/wp-json\/wp\/v2\/tags?post=6959"}],"curies":[{"name":"wp","href":"https:\/\/api.w.org\/{rel}","templated":true}]}}