{"id":6958,"date":"2023-08-16T14:54:54","date_gmt":"2023-08-16T13:54:54","guid":{"rendered":"https:\/\/www.healthy-heart.org\/zivot-se-srdecni-chorobou\/cestovani-po-infarktu\/"},"modified":"2024-12-10T12:24:23","modified_gmt":"2024-12-10T12:24:23","slug":"cestovani-po-infarktu","status":"publish","type":"page","link":"https:\/\/www.healthy-heart.org\/cs\/zivot-se-srdecni-chorobou\/cestovani-po-infarktu\/","title":{"rendered":"Cestov\u00e1n\u00ed po infarktu"},"content":{"rendered":"<p><img loading=\"lazy\" decoding=\"async\" class=\"size-medium wp-image-3193 alignright\" src=\"https:\/\/cdn-endpoint-prev.azureedge.net\/healthy-heart\/2019\/10\/Travel-1-350x227.jpg\" alt=\"\" width=\"350\" height=\"227\" srcset=\"https:\/\/cdn-endpoint-prev.azureedge.net\/healthy-heart\/2019\/10\/Travel-1-350x227.jpg 350w, https:\/\/cdn-endpoint-prev.azureedge.net\/healthy-heart\/2019\/10\/Travel-1-1024x665.jpg 1024w, https:\/\/cdn-endpoint-prev.azureedge.net\/healthy-heart\/2019\/10\/Travel-1-676x439.jpg 676w, https:\/\/www.healthy-heart.org\/wp-content\/uploads\/2019\/10\/Travel-1-200x130.jpg 200w, https:\/\/www.healthy-heart.org\/wp-content\/uploads\/2019\/10\/Travel-1-768x499.jpg 768w, https:\/\/www.healthy-heart.org\/wp-content\/uploads\/2019\/10\/Travel-1-1536x998.jpg 1536w, https:\/\/www.healthy-heart.org\/wp-content\/uploads\/2019\/10\/Travel-1-2048x1331.jpg 2048w, https:\/\/www.healthy-heart.org\/wp-content\/uploads\/2019\/10\/Travel-1-700x455.jpg 700w\" sizes=\"auto, (max-width: 350px) 100vw, 350px\" \/><\/p>\n<p>Brzy po propu\u0161t\u011bn\u00ed z nemocnice m\u016f\u017eete cestovat autem jako spolujezdec nebo vlakem. Cestujete-li autem, je d\u016fle\u017eit\u00e9, abyste ne\u0159\u00eddili vy a abyste si b\u011bhem dlouh\u00fdch cest \u010dasto d\u011blali p\u0159est\u00e1vky. Vzhledem k tomu, \u017ee pr\u00e1vn\u00ed p\u0159edpisy se mohou v jednotliv\u00fdch zem\u00edch li\u0161it, ne\u017e se vyd\u00e1te na cestu, v\u017edy si zjist\u011bte, co ohledn\u011b \u0159\u00edzen\u00ed a zdravotn\u00edho stavu stanovuj\u00ed z\u00e1kony.<\/p>\n<p>Pokud jde o cestov\u00e1n\u00ed letadlem, va\u0161e zp\u016fsobilost z\u00e1vis\u00ed na individu\u00e1ln\u00edch okolnostech. O tom, zda je pro v\u00e1s cestov\u00e1n\u00ed letadlem bezpe\u010dn\u00e9, byste se m\u011bli poradit se sv\u00fdm l\u00e9ka\u0159em. Toto rozhodnut\u00ed bude z\u00e1viset na faktorech, jako je z\u00e1va\u017enost infarktu, d\u00e9lka letu a to, zda budete cestovat sami nebo s n\u011bk\u00fdm jin\u00fdm. Obecn\u011b plat\u00ed, \u017ee l\u00e9t\u00e1n\u00ed po nekomplikovan\u00e9m infarktu p\u0159edstavuje n\u00edzk\u00e9 riziko a mnoho pacient\u016f m\u016f\u017ee l\u00e9tat ji\u017e t\u0159i dny po propu\u0161t\u011bn\u00ed. T\u011bm, u nich\u017e se b\u011bhem infarktu vyskytly komplikace, se doporu\u010duje let odlo\u017eit, dokud se jejich stav nestabilizuje. Pokud pot\u0159ebujete letadlem cestovat do dvou t\u00fddn\u016f po infarktu, m\u016f\u017ee v\u00e1m l\u00e9ka\u0159 kv\u016fli rizik\u016fm spojen\u00fdm s n\u00edzkou hladinou kysl\u00edku v kabin\u011b doporu\u010dit cestov\u00e1n\u00ed se zdravotnick\u00fdm doprovodem. P\u0159ed cestou je nav\u00edc nutn\u00e9 situaci prodiskutovat s poji\u0161\u0165ovnou a leteckou spole\u010dnost\u00ed, proto\u017ee podm\u00ednky t\u00fdkaj\u00edc\u00ed se cestov\u00e1n\u00ed letadlem se pro cestuj\u00edc\u00ed s chronick\u00fdm onemocn\u011bn\u00edm mohou v\u00fdrazn\u011b li\u0161it.<\/p>\n","protected":false},"excerpt":{"rendered":"<p>Brzy po propu\u0161t\u011bn\u00ed z nemocnice m\u016f\u017eete cestovat autem jako spolujezdec nebo vlakem. Cestujete-li autem, je d\u016fle\u017eit\u00e9, abyste ne\u0159\u00eddili vy a abyste si b\u011bhem dlouh\u00fdch cest \u010dasto d\u011blali p\u0159est\u00e1vky. Vzhledem k tomu, \u017ee pr\u00e1vn\u00ed p\u0159edpisy se mohou v jednotliv\u00fdch zem\u00edch li\u0161it, ne\u017e se vyd\u00e1te na cestu, v\u017edy si zjist\u011bte, co ohledn\u011b \u0159\u00edzen\u00ed a zdravotn\u00edho stavu stanovuj\u00ed [&hellip;]<\/p>\n","protected":false},"author":1,"featured_media":6961,"parent":6898,"menu_order":7,"comment_status":"closed","ping_status":"closed","template":"","meta":{"_acf_changed":false,"footnotes":""},"categories":[146],"tags":[],"class_list":["post-6958","page","type-page","status-publish","has-post-thumbnail","hentry","category-zivot-se-srdecni-chorobou"],"acf":[],"yoast_head":"<!-- This site is optimized with the Yoast SEO plugin v24.0 - https:\/\/yoast.com\/wordpress\/plugins\/seo\/ -->\n<title>Cestov\u00e1n\u00ed po infarktu - Healthy-Heart.org<\/title>\n<meta name=\"description\" content=\"Po infarktu m\u016f\u017eete cestovat autem nebo vlakem ihned po propu\u0161t\u011bn\u00ed, pokud ne\u0159\u00edd\u00edte a nep\u0159et\u011b\u017eujete se.\" \/>\n<meta name=\"robots\" content=\"index, follow, max-snippet:-1, max-image-preview:large, max-video-preview:-1\" \/>\n<link rel=\"canonical\" href=\"https:\/\/www.healthy-heart.org\/cs\/zivot-se-srdecni-chorobou\/cestovani-po-infarktu\/\" \/>\n<meta property=\"og:locale\" content=\"cs_CZ\" \/>\n<meta property=\"og:type\" content=\"article\" \/>\n<meta property=\"og:title\" content=\"Cestov\u00e1n\u00ed po infarktu - Healthy-Heart.org\" \/>\n<meta property=\"og:description\" content=\"Po infarktu m\u016f\u017eete cestovat autem nebo vlakem ihned po propu\u0161t\u011bn\u00ed, pokud ne\u0159\u00edd\u00edte a nep\u0159et\u011b\u017eujete se.\" \/>\n<meta property=\"og:url\" content=\"https:\/\/www.healthy-heart.org\/cs\/zivot-se-srdecni-chorobou\/cestovani-po-infarktu\/\" \/>\n<meta property=\"og:site_name\" content=\"Healthy-Heart.org\" \/>\n<meta property=\"article:modified_time\" content=\"2024-12-10T12:24:23+00:00\" \/>\n<meta property=\"og:image\" content=\"https:\/\/www.healthy-heart.org\/wp-content\/uploads\/2019\/07\/iStock-897748630-e1565873299719-scaled.jpg\" \/>\n\t<meta property=\"og:image:width\" content=\"2560\" \/>\n\t<meta property=\"og:image:height\" content=\"1664\" \/>\n\t<meta property=\"og:image:type\" content=\"image\/jpeg\" \/>\n<meta name=\"twitter:card\" content=\"summary_large_image\" \/>\n<meta name=\"twitter:label1\" content=\"Odhadovan\u00e1 doba \u010dten\u00ed\" \/>\n\t<meta name=\"twitter:data1\" content=\"1 minuta\" \/>\n<script type=\"application\/ld+json\" class=\"yoast-schema-graph\">{\"@context\":\"https:\/\/schema.org\",\"@graph\":[{\"@type\":\"WebPage\",\"@id\":\"https:\/\/www.healthy-heart.org\/cs\/zivot-se-srdecni-chorobou\/cestovani-po-infarktu\/\",\"url\":\"https:\/\/www.healthy-heart.org\/cs\/zivot-se-srdecni-chorobou\/cestovani-po-infarktu\/\",\"name\":\"Cestov\u00e1n\u00ed po infarktu - Healthy-Heart.org\",\"isPartOf\":{\"@id\":\"https:\/\/www.healthy-heart.org\/es\/#website\"},\"primaryImageOfPage\":{\"@id\":\"https:\/\/www.healthy-heart.org\/cs\/zivot-se-srdecni-chorobou\/cestovani-po-infarktu\/#primaryimage\"},\"image\":{\"@id\":\"https:\/\/www.healthy-heart.org\/cs\/zivot-se-srdecni-chorobou\/cestovani-po-infarktu\/#primaryimage\"},\"thumbnailUrl\":\"https:\/\/www.healthy-heart.org\/wp-content\/uploads\/2019\/07\/iStock-897748630-e1565873299719-scaled.jpg\",\"datePublished\":\"2023-08-16T13:54:54+00:00\",\"dateModified\":\"2024-12-10T12:24:23+00:00\",\"description\":\"Po infarktu m\u016f\u017eete cestovat autem nebo vlakem ihned po propu\u0161t\u011bn\u00ed, pokud ne\u0159\u00edd\u00edte a nep\u0159et\u011b\u017eujete se.\",\"breadcrumb\":{\"@id\":\"https:\/\/www.healthy-heart.org\/cs\/zivot-se-srdecni-chorobou\/cestovani-po-infarktu\/#breadcrumb\"},\"inLanguage\":\"cs\",\"potentialAction\":[{\"@type\":\"ReadAction\",\"target\":[\"https:\/\/www.healthy-heart.org\/cs\/zivot-se-srdecni-chorobou\/cestovani-po-infarktu\/\"]}]},{\"@type\":\"ImageObject\",\"inLanguage\":\"cs\",\"@id\":\"https:\/\/www.healthy-heart.org\/cs\/zivot-se-srdecni-chorobou\/cestovani-po-infarktu\/#primaryimage\",\"url\":\"https:\/\/www.healthy-heart.org\/wp-content\/uploads\/2019\/07\/iStock-897748630-e1565873299719-scaled.jpg\",\"contentUrl\":\"https:\/\/www.healthy-heart.org\/wp-content\/uploads\/2019\/07\/iStock-897748630-e1565873299719-scaled.jpg\",\"width\":2560,\"height\":1664},{\"@type\":\"BreadcrumbList\",\"@id\":\"https:\/\/www.healthy-heart.org\/cs\/zivot-se-srdecni-chorobou\/cestovani-po-infarktu\/#breadcrumb\",\"itemListElement\":[{\"@type\":\"ListItem\",\"position\":1,\"name\":\"Home\",\"item\":\"https:\/\/www.healthy-heart.org\/cs\/\"},{\"@type\":\"ListItem\",\"position\":2,\"name\":\"\u017divot se srde\u010dn\u00ed chorobou\",\"item\":\"https:\/\/www.healthy-heart.org\/cs\/zivot-se-srdecni-chorobou\/\"},{\"@type\":\"ListItem\",\"position\":3,\"name\":\"Cestov\u00e1n\u00ed po infarktu\"}]},{\"@type\":\"WebSite\",\"@id\":\"https:\/\/www.healthy-heart.org\/es\/#website\",\"url\":\"https:\/\/www.healthy-heart.org\/es\/\",\"name\":\"Healthy-Heart.org\",\"description\":\"Practical advice for patients and family care givers on the prevention of cardiovascular disease\",\"potentialAction\":[{\"@type\":\"SearchAction\",\"target\":{\"@type\":\"EntryPoint\",\"urlTemplate\":\"https:\/\/www.healthy-heart.org\/es\/?s={search_term_string}\"},\"query-input\":{\"@type\":\"PropertyValueSpecification\",\"valueRequired\":true,\"valueName\":\"search_term_string\"}}],\"inLanguage\":\"cs\"}]}<\/script>\n<!-- \/ Yoast SEO plugin. -->","yoast_head_json":{"title":"Cestov\u00e1n\u00ed po infarktu - Healthy-Heart.org","description":"Po infarktu m\u016f\u017eete cestovat autem nebo vlakem ihned po propu\u0161t\u011bn\u00ed, pokud ne\u0159\u00edd\u00edte a nep\u0159et\u011b\u017eujete se.","robots":{"index":"index","follow":"follow","max-snippet":"max-snippet:-1","max-image-preview":"max-image-preview:large","max-video-preview":"max-video-preview:-1"},"canonical":"https:\/\/www.healthy-heart.org\/cs\/zivot-se-srdecni-chorobou\/cestovani-po-infarktu\/","og_locale":"cs_CZ","og_type":"article","og_title":"Cestov\u00e1n\u00ed po infarktu - Healthy-Heart.org","og_description":"Po infarktu m\u016f\u017eete cestovat autem nebo vlakem ihned po propu\u0161t\u011bn\u00ed, pokud ne\u0159\u00edd\u00edte a nep\u0159et\u011b\u017eujete se.","og_url":"https:\/\/www.healthy-heart.org\/cs\/zivot-se-srdecni-chorobou\/cestovani-po-infarktu\/","og_site_name":"Healthy-Heart.org","article_modified_time":"2024-12-10T12:24:23+00:00","og_image":[{"width":2560,"height":1664,"url":"https:\/\/www.healthy-heart.org\/wp-content\/uploads\/2019\/07\/iStock-897748630-e1565873299719-scaled.jpg","type":"image\/jpeg"}],"twitter_card":"summary_large_image","twitter_misc":{"Odhadovan\u00e1 doba \u010dten\u00ed":"1 minuta"},"schema":{"@context":"https:\/\/schema.org","@graph":[{"@type":"WebPage","@id":"https:\/\/www.healthy-heart.org\/cs\/zivot-se-srdecni-chorobou\/cestovani-po-infarktu\/","url":"https:\/\/www.healthy-heart.org\/cs\/zivot-se-srdecni-chorobou\/cestovani-po-infarktu\/","name":"Cestov\u00e1n\u00ed po infarktu - Healthy-Heart.org","isPartOf":{"@id":"https:\/\/www.healthy-heart.org\/es\/#website"},"primaryImageOfPage":{"@id":"https:\/\/www.healthy-heart.org\/cs\/zivot-se-srdecni-chorobou\/cestovani-po-infarktu\/#primaryimage"},"image":{"@id":"https:\/\/www.healthy-heart.org\/cs\/zivot-se-srdecni-chorobou\/cestovani-po-infarktu\/#primaryimage"},"thumbnailUrl":"https:\/\/www.healthy-heart.org\/wp-content\/uploads\/2019\/07\/iStock-897748630-e1565873299719-scaled.jpg","datePublished":"2023-08-16T13:54:54+00:00","dateModified":"2024-12-10T12:24:23+00:00","description":"Po infarktu m\u016f\u017eete cestovat autem nebo vlakem ihned po propu\u0161t\u011bn\u00ed, pokud ne\u0159\u00edd\u00edte a nep\u0159et\u011b\u017eujete se.","breadcrumb":{"@id":"https:\/\/www.healthy-heart.org\/cs\/zivot-se-srdecni-chorobou\/cestovani-po-infarktu\/#breadcrumb"},"inLanguage":"cs","potentialAction":[{"@type":"ReadAction","target":["https:\/\/www.healthy-heart.org\/cs\/zivot-se-srdecni-chorobou\/cestovani-po-infarktu\/"]}]},{"@type":"ImageObject","inLanguage":"cs","@id":"https:\/\/www.healthy-heart.org\/cs\/zivot-se-srdecni-chorobou\/cestovani-po-infarktu\/#primaryimage","url":"https:\/\/www.healthy-heart.org\/wp-content\/uploads\/2019\/07\/iStock-897748630-e1565873299719-scaled.jpg","contentUrl":"https:\/\/www.healthy-heart.org\/wp-content\/uploads\/2019\/07\/iStock-897748630-e1565873299719-scaled.jpg","width":2560,"height":1664},{"@type":"BreadcrumbList","@id":"https:\/\/www.healthy-heart.org\/cs\/zivot-se-srdecni-chorobou\/cestovani-po-infarktu\/#breadcrumb","itemListElement":[{"@type":"ListItem","position":1,"name":"Home","item":"https:\/\/www.healthy-heart.org\/cs\/"},{"@type":"ListItem","position":2,"name":"\u017divot se srde\u010dn\u00ed chorobou","item":"https:\/\/www.healthy-heart.org\/cs\/zivot-se-srdecni-chorobou\/"},{"@type":"ListItem","position":3,"name":"Cestov\u00e1n\u00ed po infarktu"}]},{"@type":"WebSite","@id":"https:\/\/www.healthy-heart.org\/es\/#website","url":"https:\/\/www.healthy-heart.org\/es\/","name":"Healthy-Heart.org","description":"Practical advice for patients and family care givers on the prevention of cardiovascular disease","potentialAction":[{"@type":"SearchAction","target":{"@type":"EntryPoint","urlTemplate":"https:\/\/www.healthy-heart.org\/es\/?s={search_term_string}"},"query-input":{"@type":"PropertyValueSpecification","valueRequired":true,"valueName":"search_term_string"}}],"inLanguage":"cs"}]}},"_links":{"self":[{"href":"https:\/\/www.healthy-heart.org\/cs\/wp-json\/wp\/v2\/pages\/6958","targetHints":{"allow":["GET"]}}],"collection":[{"href":"https:\/\/www.healthy-heart.org\/cs\/wp-json\/wp\/v2\/pages"}],"about":[{"href":"https:\/\/www.healthy-heart.org\/cs\/wp-json\/wp\/v2\/types\/page"}],"author":[{"embeddable":true,"href":"https:\/\/www.healthy-heart.org\/cs\/wp-json\/wp\/v2\/users\/1"}],"replies":[{"embeddable":true,"href":"https:\/\/www.healthy-heart.org\/cs\/wp-json\/wp\/v2\/comments?post=6958"}],"version-history":[{"count":1,"href":"https:\/\/www.healthy-heart.org\/cs\/wp-json\/wp\/v2\/pages\/6958\/revisions"}],"predecessor-version":[{"id":7390,"href":"https:\/\/www.healthy-heart.org\/cs\/wp-json\/wp\/v2\/pages\/6958\/revisions\/7390"}],"up":[{"embeddable":true,"href":"https:\/\/www.healthy-heart.org\/cs\/wp-json\/wp\/v2\/pages\/6898"}],"wp:featuredmedia":[{"embeddable":true,"href":"https:\/\/www.healthy-heart.org\/cs\/wp-json\/wp\/v2\/media\/6961"}],"wp:attachment":[{"href":"https:\/\/www.healthy-heart.org\/cs\/wp-json\/wp\/v2\/media?parent=6958"}],"wp:term":[{"taxonomy":"category","embeddable":true,"href":"https:\/\/www.healthy-heart.org\/cs\/wp-json\/wp\/v2\/categories?post=6958"},{"taxonomy":"post_tag","embeddable":true,"href":"https:\/\/www.healthy-heart.org\/cs\/wp-json\/wp\/v2\/tags?post=6958"}],"curies":[{"name":"wp","href":"https:\/\/api.w.org\/{rel}","templated":true}]}}