{"id":6953,"date":"2023-08-16T14:54:52","date_gmt":"2023-08-16T13:54:52","guid":{"rendered":"https:\/\/www.healthy-heart.org\/zivot-se-srdecni-chorobou\/rizeni-motorovych-vozidel-po-infarktu\/"},"modified":"2023-08-16T14:54:52","modified_gmt":"2023-08-16T13:54:52","slug":"rizeni-motorovych-vozidel-po-infarktu","status":"publish","type":"page","link":"https:\/\/www.healthy-heart.org\/cs\/zivot-se-srdecni-chorobou\/rizeni-motorovych-vozidel-po-infarktu\/","title":{"rendered":"\u0158\u00edzen\u00ed motorov\u00fdch vozidel po infarktu"},"content":{"rendered":"<p><img loading=\"lazy\" decoding=\"async\" class=\"alignright size-medium wp-image-529\" src=\"https:\/\/cdn-endpoint-prev.azureedge.net\/healthy-heart\/2019\/07\/iStock-974943148-350x233.jpg\" alt=\"\" width=\"350\" height=\"233\" srcset=\"https:\/\/www.healthy-heart.org\/wp-content\/uploads\/2019\/07\/iStock-974943148-350x233.jpg 350w, https:\/\/cdn-endpoint-prev.azureedge.net\/healthy-heart\/2019\/07\/iStock-974943148-2048x1365.jpg 2048w, https:\/\/www.healthy-heart.org\/wp-content\/uploads\/2019\/07\/iStock-974943148-200x133.jpg 200w, https:\/\/www.healthy-heart.org\/wp-content\/uploads\/2019\/07\/iStock-974943148-768x512.jpg 768w, https:\/\/www.healthy-heart.org\/wp-content\/uploads\/2019\/07\/iStock-974943148-1024x683.jpg 1024w, https:\/\/www.healthy-heart.org\/wp-content\/uploads\/2019\/07\/iStock-974943148-1536x1024.jpg 1536w, https:\/\/www.healthy-heart.org\/wp-content\/uploads\/2019\/07\/iStock-974943148-658x439.jpg 658w, https:\/\/www.healthy-heart.org\/wp-content\/uploads\/2019\/07\/iStock-974943148-696x464.jpg 696w\" sizes=\"auto, (max-width: 350px) 100vw, 350px\" \/><br \/>\n\u0158\u00edzen\u00ed m\u016f\u017ee b\u00fdt stresuj\u00edc\u00ed a m\u016f\u017ee b\u00fdt dal\u0161\u00edm rizikov\u00fdm faktorem pro <a href=\"https:\/\/www.healthy-heart.org\/your-heart\/what-is-heart-disease\/\">srde\u010dn\u00ed onemocn\u011bn\u00ed<\/a>. V\u00e1\u0161 kardiolog rozhodne, kdy m\u016f\u017eete pokra\u010dovat v \u0159\u00edzen\u00ed, na z\u00e1klad\u011b n\u011bkolika skute\u010dnost\u00ed. Pat\u0159\u00ed mezi n\u011b doba mezi n\u00e1stupem bolesti na hrudi a z\u00e1sahem, m\u00edsto infarktu myokardu, schopnost srdce pumpovat krev, postup pou\u017eit\u00fd k obnoven\u00ed pr\u016ftoku krve z\u00fa\u017een\u00fdmi c\u00e9vami a stupe\u0148 obnovy, v\u00fdskyt dal\u0161\u00edch z\u00fa\u017een\u00fdch koron\u00e1rn\u00edch tepen, kter\u00e9 je t\u0159eba roz\u0161\u00ed\u0159it, nebo neo\u0161et\u0159iteln\u00e9ho z\u00fa\u017een\u00ed, stabilita srde\u010dn\u00edho rytmu, d\u00e9lka pobytu v nemocnici, komplikace v nemocnici a zapojen\u00ed do srde\u010dn\u00ed rehabilitace.<\/p>\n<p>Doporu\u010den\u00ed ohledn\u011b usednut\u00ed za volant se li\u0161\u00ed. M\u011bli byste po\u010dkat:<\/p>\n<ul>\n<li>Nejm\u00e9n\u011b \u010dty\u0159i t\u00fddny, pokud jste podstoupili operaci bypass koron\u00e1rn\u00ed tepny (t\u0159i m\u011bs\u00edce pro profesion\u00e1ln\u00ed \u0159idi\u010de, kte\u0159\u00ed by m\u011bli nejprve podstoupit z\u00e1t\u011b\u017eov\u00fd test).<\/li>\n<li>Nejm\u00e9n\u011b jeden t\u00fdden, pokud jste prod\u011blali infarkt myokardu bez komplikac\u00ed a pumpovac\u00ed schopnost va\u0161eho srdce, naz\u00fdvan\u00e1 ejek\u010dn\u00ed frakce lev\u00e9 komory (LVEF), je vy\u0161\u0161\u00ed ne\u017e 35 %.<\/li>\n<li>Jeden m\u011bs\u00edc, pokud jste prod\u011blali infarkt myokardu s komplikacemi, jako je srde\u010dn\u00ed selh\u00e1n\u00ed, LVEF pod 35 % nebo porucha srde\u010dn\u00edho rytmu (arytmie).<\/li>\n<li>\u0160est t\u00fddn\u016f pro profesion\u00e1ln\u00ed \u0159idi\u010de, kte\u0159\u00ed m\u011bli infarkt myokardu a LVEF je vy\u0161\u0161\u00ed ne\u017e 35 %. \u0158\u00edzen\u00ed motorov\u00fdch vozidel nelze doporu\u010dit, pokud je LVEF ni\u017e\u0161\u00ed ne\u017e 35 %.<\/li>\n<li>24 hodin po pl\u00e1novan\u00e9 perkut\u00e1nn\u00ed koron\u00e1rn\u00ed intervenci, pokud je v\u00fdkon \u00fasp\u011b\u0161n\u00fd a nejsou pozorov\u00e1ny \u017e\u00e1dn\u00e9 arytmie (jeden m\u011bs\u00edc pro profesion\u00e1ln\u00ed \u0159idi\u010de).<\/li>\n<\/ul>\n<p>&nbsp;<\/p>\n","protected":false},"excerpt":{"rendered":"<p>\u0158\u00edzen\u00ed m\u016f\u017ee b\u00fdt stresuj\u00edc\u00ed a m\u016f\u017ee b\u00fdt dal\u0161\u00edm rizikov\u00fdm faktorem pro srde\u010dn\u00ed onemocn\u011bn\u00ed. V\u00e1\u0161 kardiolog rozhodne, kdy m\u016f\u017eete pokra\u010dovat v \u0159\u00edzen\u00ed, na z\u00e1klad\u011b n\u011bkolika skute\u010dnost\u00ed. Pat\u0159\u00ed mezi n\u011b doba mezi n\u00e1stupem bolesti na hrudi a z\u00e1sahem, m\u00edsto infarktu myokardu, schopnost srdce pumpovat krev, postup pou\u017eit\u00fd k obnoven\u00ed pr\u016ftoku krve z\u00fa\u017een\u00fdmi c\u00e9vami a stupe\u0148 obnovy, v\u00fdskyt [&hellip;]<\/p>\n","protected":false},"author":1,"featured_media":6956,"parent":6898,"menu_order":6,"comment_status":"closed","ping_status":"closed","template":"","meta":{"_acf_changed":false,"footnotes":""},"categories":[146],"tags":[],"class_list":["post-6953","page","type-page","status-publish","has-post-thumbnail","hentry","category-zivot-se-srdecni-chorobou"],"acf":[],"yoast_head":"<!-- This site is optimized with the Yoast SEO plugin v24.0 - https:\/\/yoast.com\/wordpress\/plugins\/seo\/ -->\n<title>\u0158\u00edzen\u00ed motorov\u00fdch vozidel po infarktu - Healthy-Heart.org<\/title>\n<meta name=\"description\" content=\"Doporu\u010den\u00e1 doba vynech\u00e1n\u00ed \u0159\u00edzen\u00ed po infarktu z\u00e1vis\u00ed na typu z\u00e1sahu.\" \/>\n<meta name=\"robots\" content=\"index, follow, max-snippet:-1, max-image-preview:large, max-video-preview:-1\" \/>\n<link rel=\"canonical\" href=\"https:\/\/www.healthy-heart.org\/cs\/zivot-se-srdecni-chorobou\/rizeni-motorovych-vozidel-po-infarktu\/\" \/>\n<meta property=\"og:locale\" content=\"cs_CZ\" \/>\n<meta property=\"og:type\" content=\"article\" \/>\n<meta property=\"og:title\" content=\"\u0158\u00edzen\u00ed motorov\u00fdch vozidel po infarktu - Healthy-Heart.org\" \/>\n<meta property=\"og:description\" content=\"Doporu\u010den\u00e1 doba vynech\u00e1n\u00ed \u0159\u00edzen\u00ed po infarktu z\u00e1vis\u00ed na typu z\u00e1sahu.\" \/>\n<meta property=\"og:url\" content=\"https:\/\/www.healthy-heart.org\/cs\/zivot-se-srdecni-chorobou\/rizeni-motorovych-vozidel-po-infarktu\/\" \/>\n<meta property=\"og:site_name\" content=\"Healthy-Heart.org\" \/>\n<meta property=\"og:image\" content=\"https:\/\/www.healthy-heart.org\/wp-content\/uploads\/2019\/07\/iStock-974943148-scaled.jpg\" \/>\n\t<meta property=\"og:image:width\" content=\"2560\" \/>\n\t<meta property=\"og:image:height\" content=\"1707\" \/>\n\t<meta property=\"og:image:type\" content=\"image\/jpeg\" \/>\n<meta name=\"twitter:card\" content=\"summary_large_image\" \/>\n<meta name=\"twitter:label1\" content=\"Odhadovan\u00e1 doba \u010dten\u00ed\" \/>\n\t<meta name=\"twitter:data1\" content=\"1 minuta\" \/>\n<script type=\"application\/ld+json\" class=\"yoast-schema-graph\">{\"@context\":\"https:\/\/schema.org\",\"@graph\":[{\"@type\":\"WebPage\",\"@id\":\"https:\/\/www.healthy-heart.org\/cs\/zivot-se-srdecni-chorobou\/rizeni-motorovych-vozidel-po-infarktu\/\",\"url\":\"https:\/\/www.healthy-heart.org\/cs\/zivot-se-srdecni-chorobou\/rizeni-motorovych-vozidel-po-infarktu\/\",\"name\":\"\u0158\u00edzen\u00ed motorov\u00fdch vozidel po infarktu - Healthy-Heart.org\",\"isPartOf\":{\"@id\":\"https:\/\/www.healthy-heart.org\/es\/#website\"},\"primaryImageOfPage\":{\"@id\":\"https:\/\/www.healthy-heart.org\/cs\/zivot-se-srdecni-chorobou\/rizeni-motorovych-vozidel-po-infarktu\/#primaryimage\"},\"image\":{\"@id\":\"https:\/\/www.healthy-heart.org\/cs\/zivot-se-srdecni-chorobou\/rizeni-motorovych-vozidel-po-infarktu\/#primaryimage\"},\"thumbnailUrl\":\"https:\/\/www.healthy-heart.org\/wp-content\/uploads\/2019\/07\/iStock-974943148-scaled.jpg\",\"datePublished\":\"2023-08-16T13:54:52+00:00\",\"dateModified\":\"2023-08-16T13:54:52+00:00\",\"description\":\"Doporu\u010den\u00e1 doba vynech\u00e1n\u00ed \u0159\u00edzen\u00ed po infarktu z\u00e1vis\u00ed na typu z\u00e1sahu.\",\"breadcrumb\":{\"@id\":\"https:\/\/www.healthy-heart.org\/cs\/zivot-se-srdecni-chorobou\/rizeni-motorovych-vozidel-po-infarktu\/#breadcrumb\"},\"inLanguage\":\"cs\",\"potentialAction\":[{\"@type\":\"ReadAction\",\"target\":[\"https:\/\/www.healthy-heart.org\/cs\/zivot-se-srdecni-chorobou\/rizeni-motorovych-vozidel-po-infarktu\/\"]}]},{\"@type\":\"ImageObject\",\"inLanguage\":\"cs\",\"@id\":\"https:\/\/www.healthy-heart.org\/cs\/zivot-se-srdecni-chorobou\/rizeni-motorovych-vozidel-po-infarktu\/#primaryimage\",\"url\":\"https:\/\/www.healthy-heart.org\/wp-content\/uploads\/2019\/07\/iStock-974943148-scaled.jpg\",\"contentUrl\":\"https:\/\/www.healthy-heart.org\/wp-content\/uploads\/2019\/07\/iStock-974943148-scaled.jpg\",\"width\":2560,\"height\":1707},{\"@type\":\"BreadcrumbList\",\"@id\":\"https:\/\/www.healthy-heart.org\/cs\/zivot-se-srdecni-chorobou\/rizeni-motorovych-vozidel-po-infarktu\/#breadcrumb\",\"itemListElement\":[{\"@type\":\"ListItem\",\"position\":1,\"name\":\"Home\",\"item\":\"https:\/\/www.healthy-heart.org\/cs\/\"},{\"@type\":\"ListItem\",\"position\":2,\"name\":\"\u017divot se srde\u010dn\u00ed chorobou\",\"item\":\"https:\/\/www.healthy-heart.org\/cs\/zivot-se-srdecni-chorobou\/\"},{\"@type\":\"ListItem\",\"position\":3,\"name\":\"\u0158\u00edzen\u00ed motorov\u00fdch vozidel po infarktu\"}]},{\"@type\":\"WebSite\",\"@id\":\"https:\/\/www.healthy-heart.org\/es\/#website\",\"url\":\"https:\/\/www.healthy-heart.org\/es\/\",\"name\":\"Healthy-Heart.org\",\"description\":\"Practical advice for patients and family care givers on the prevention of cardiovascular disease\",\"potentialAction\":[{\"@type\":\"SearchAction\",\"target\":{\"@type\":\"EntryPoint\",\"urlTemplate\":\"https:\/\/www.healthy-heart.org\/es\/?s={search_term_string}\"},\"query-input\":{\"@type\":\"PropertyValueSpecification\",\"valueRequired\":true,\"valueName\":\"search_term_string\"}}],\"inLanguage\":\"cs\"}]}<\/script>\n<!-- \/ Yoast SEO plugin. -->","yoast_head_json":{"title":"\u0158\u00edzen\u00ed motorov\u00fdch vozidel po infarktu - Healthy-Heart.org","description":"Doporu\u010den\u00e1 doba vynech\u00e1n\u00ed \u0159\u00edzen\u00ed po infarktu z\u00e1vis\u00ed na typu z\u00e1sahu.","robots":{"index":"index","follow":"follow","max-snippet":"max-snippet:-1","max-image-preview":"max-image-preview:large","max-video-preview":"max-video-preview:-1"},"canonical":"https:\/\/www.healthy-heart.org\/cs\/zivot-se-srdecni-chorobou\/rizeni-motorovych-vozidel-po-infarktu\/","og_locale":"cs_CZ","og_type":"article","og_title":"\u0158\u00edzen\u00ed motorov\u00fdch vozidel po infarktu - Healthy-Heart.org","og_description":"Doporu\u010den\u00e1 doba vynech\u00e1n\u00ed \u0159\u00edzen\u00ed po infarktu z\u00e1vis\u00ed na typu z\u00e1sahu.","og_url":"https:\/\/www.healthy-heart.org\/cs\/zivot-se-srdecni-chorobou\/rizeni-motorovych-vozidel-po-infarktu\/","og_site_name":"Healthy-Heart.org","og_image":[{"width":2560,"height":1707,"url":"https:\/\/www.healthy-heart.org\/wp-content\/uploads\/2019\/07\/iStock-974943148-scaled.jpg","type":"image\/jpeg"}],"twitter_card":"summary_large_image","twitter_misc":{"Odhadovan\u00e1 doba \u010dten\u00ed":"1 minuta"},"schema":{"@context":"https:\/\/schema.org","@graph":[{"@type":"WebPage","@id":"https:\/\/www.healthy-heart.org\/cs\/zivot-se-srdecni-chorobou\/rizeni-motorovych-vozidel-po-infarktu\/","url":"https:\/\/www.healthy-heart.org\/cs\/zivot-se-srdecni-chorobou\/rizeni-motorovych-vozidel-po-infarktu\/","name":"\u0158\u00edzen\u00ed motorov\u00fdch vozidel po infarktu - Healthy-Heart.org","isPartOf":{"@id":"https:\/\/www.healthy-heart.org\/es\/#website"},"primaryImageOfPage":{"@id":"https:\/\/www.healthy-heart.org\/cs\/zivot-se-srdecni-chorobou\/rizeni-motorovych-vozidel-po-infarktu\/#primaryimage"},"image":{"@id":"https:\/\/www.healthy-heart.org\/cs\/zivot-se-srdecni-chorobou\/rizeni-motorovych-vozidel-po-infarktu\/#primaryimage"},"thumbnailUrl":"https:\/\/www.healthy-heart.org\/wp-content\/uploads\/2019\/07\/iStock-974943148-scaled.jpg","datePublished":"2023-08-16T13:54:52+00:00","dateModified":"2023-08-16T13:54:52+00:00","description":"Doporu\u010den\u00e1 doba vynech\u00e1n\u00ed \u0159\u00edzen\u00ed po infarktu z\u00e1vis\u00ed na typu z\u00e1sahu.","breadcrumb":{"@id":"https:\/\/www.healthy-heart.org\/cs\/zivot-se-srdecni-chorobou\/rizeni-motorovych-vozidel-po-infarktu\/#breadcrumb"},"inLanguage":"cs","potentialAction":[{"@type":"ReadAction","target":["https:\/\/www.healthy-heart.org\/cs\/zivot-se-srdecni-chorobou\/rizeni-motorovych-vozidel-po-infarktu\/"]}]},{"@type":"ImageObject","inLanguage":"cs","@id":"https:\/\/www.healthy-heart.org\/cs\/zivot-se-srdecni-chorobou\/rizeni-motorovych-vozidel-po-infarktu\/#primaryimage","url":"https:\/\/www.healthy-heart.org\/wp-content\/uploads\/2019\/07\/iStock-974943148-scaled.jpg","contentUrl":"https:\/\/www.healthy-heart.org\/wp-content\/uploads\/2019\/07\/iStock-974943148-scaled.jpg","width":2560,"height":1707},{"@type":"BreadcrumbList","@id":"https:\/\/www.healthy-heart.org\/cs\/zivot-se-srdecni-chorobou\/rizeni-motorovych-vozidel-po-infarktu\/#breadcrumb","itemListElement":[{"@type":"ListItem","position":1,"name":"Home","item":"https:\/\/www.healthy-heart.org\/cs\/"},{"@type":"ListItem","position":2,"name":"\u017divot se srde\u010dn\u00ed chorobou","item":"https:\/\/www.healthy-heart.org\/cs\/zivot-se-srdecni-chorobou\/"},{"@type":"ListItem","position":3,"name":"\u0158\u00edzen\u00ed motorov\u00fdch vozidel po infarktu"}]},{"@type":"WebSite","@id":"https:\/\/www.healthy-heart.org\/es\/#website","url":"https:\/\/www.healthy-heart.org\/es\/","name":"Healthy-Heart.org","description":"Practical advice for patients and family care givers on the prevention of cardiovascular disease","potentialAction":[{"@type":"SearchAction","target":{"@type":"EntryPoint","urlTemplate":"https:\/\/www.healthy-heart.org\/es\/?s={search_term_string}"},"query-input":{"@type":"PropertyValueSpecification","valueRequired":true,"valueName":"search_term_string"}}],"inLanguage":"cs"}]}},"_links":{"self":[{"href":"https:\/\/www.healthy-heart.org\/cs\/wp-json\/wp\/v2\/pages\/6953","targetHints":{"allow":["GET"]}}],"collection":[{"href":"https:\/\/www.healthy-heart.org\/cs\/wp-json\/wp\/v2\/pages"}],"about":[{"href":"https:\/\/www.healthy-heart.org\/cs\/wp-json\/wp\/v2\/types\/page"}],"author":[{"embeddable":true,"href":"https:\/\/www.healthy-heart.org\/cs\/wp-json\/wp\/v2\/users\/1"}],"replies":[{"embeddable":true,"href":"https:\/\/www.healthy-heart.org\/cs\/wp-json\/wp\/v2\/comments?post=6953"}],"version-history":[{"count":0,"href":"https:\/\/www.healthy-heart.org\/cs\/wp-json\/wp\/v2\/pages\/6953\/revisions"}],"up":[{"embeddable":true,"href":"https:\/\/www.healthy-heart.org\/cs\/wp-json\/wp\/v2\/pages\/6898"}],"wp:featuredmedia":[{"embeddable":true,"href":"https:\/\/www.healthy-heart.org\/cs\/wp-json\/wp\/v2\/media\/6956"}],"wp:attachment":[{"href":"https:\/\/www.healthy-heart.org\/cs\/wp-json\/wp\/v2\/media?parent=6953"}],"wp:term":[{"taxonomy":"category","embeddable":true,"href":"https:\/\/www.healthy-heart.org\/cs\/wp-json\/wp\/v2\/categories?post=6953"},{"taxonomy":"post_tag","embeddable":true,"href":"https:\/\/www.healthy-heart.org\/cs\/wp-json\/wp\/v2\/tags?post=6953"}],"curies":[{"name":"wp","href":"https:\/\/api.w.org\/{rel}","templated":true}]}}