{"id":6949,"date":"2023-08-16T14:54:49","date_gmt":"2023-08-16T13:54:49","guid":{"rendered":"https:\/\/www.healthy-heart.org\/zivot-se-srdecni-chorobou\/sex-a-srdecni-choroba\/"},"modified":"2023-08-16T14:54:49","modified_gmt":"2023-08-16T13:54:49","slug":"sex-a-srdecni-choroba","status":"publish","type":"page","link":"https:\/\/www.healthy-heart.org\/cs\/zivot-se-srdecni-chorobou\/sex-a-srdecni-choroba\/","title":{"rendered":"Sex a srde\u010dn\u00ed choroba"},"content":{"rendered":"<p><img loading=\"lazy\" decoding=\"async\" class=\"alignright size-medium wp-image-586\" src=\"https:\/\/cdn-endpoint-prev.azureedge.net\/healthy-heart\/2019\/07\/iStock-874866632-350x233.jpg\" alt=\"\" width=\"350\" height=\"233\" srcset=\"https:\/\/www.healthy-heart.org\/wp-content\/uploads\/2019\/07\/iStock-874866632-350x233.jpg 350w, https:\/\/cdn-endpoint-prev.azureedge.net\/healthy-heart\/2019\/07\/iStock-874866632-2048x1365.jpg 2048w, https:\/\/cdn-endpoint-prev.azureedge.net\/healthy-heart\/2019\/07\/iStock-874866632-659x439.jpg 659w, https:\/\/www.healthy-heart.org\/wp-content\/uploads\/2019\/07\/iStock-874866632-200x133.jpg 200w, https:\/\/www.healthy-heart.org\/wp-content\/uploads\/2019\/07\/iStock-874866632-768x512.jpg 768w, https:\/\/www.healthy-heart.org\/wp-content\/uploads\/2019\/07\/iStock-874866632-1024x683.jpg 1024w, https:\/\/www.healthy-heart.org\/wp-content\/uploads\/2019\/07\/iStock-874866632-1536x1024.jpg 1536w, https:\/\/www.healthy-heart.org\/wp-content\/uploads\/2019\/07\/iStock-874866632-696x464.jpg 696w\" sizes=\"auto, (max-width: 350px) 100vw, 350px\" \/><a href=\"https:\/\/www.healthy-heart.org\/your-heart\/what-is-heart-disease\/\">Srde\u010dn\u00ed onemocn\u011bn\u00ed<\/a> je pro v\u00e1s a va\u0161eho partnera obvykle v\u00fdznamnou ud\u00e1lost\u00ed. N\u011bkte\u0159\u00ed lid\u00e9 poci\u0165uj\u00ed zm\u011bny v oblasti sexuality \u010di jejich pocitech intimity. Pro p\u00e1ry je n\u011bkdy t\u011b\u017ek\u00e9 mluvit o intimit\u011b a sexualit\u011b. V\u00e1\u0161 l\u00e9ka\u0159 nebo odborn\u00e1 sestra v\u00e1m m\u016f\u017ee <a href=\"https:\/\/www.healthy-heart.org\/living-with-heart-disease\/what-should-i-ask-my-cardiologist\/\">odpov\u011bd\u011bt na ot\u00e1zky<\/a> a probrat va\u0161e probl\u00e9my.<\/p>\n<p>Mnoho lid\u00ed si klade ot\u00e1zku, zda je\u0161t\u011b mohou m\u00edt sex a zda se srdce vyrovn\u00e1 se zv\u00fd\u0161enou n\u00e1mahou, kter\u00e1 sexu\u00e1ln\u00ed vzru\u0161en\u00ed doprov\u00e1z\u00ed. Sexu\u00e1ln\u00ed aktivita vede k m\u00edrn\u00e9mu zv\u00fd\u0161en\u00ed srde\u010dn\u00ed frekvence a <a href=\"https:\/\/www.healthy-heart.org\/keep-your-heart-healthy\/blood-pressure\/\">krevn\u00edho tlaku<\/a>. Obecn\u011b je v\u0161ak bezpe\u010dn\u00e9 obnovit sexu\u00e1ln\u00ed aktivity jeden t\u00fdden po nekomplikovan\u00e9m infarktu myokardu nebo nekomplikovan\u00e9m srde\u010dn\u00edm z\u00e1kroku, jako je zaveden\u00ed stentu, nebo osm t\u00fddn\u016f po operaci srdce. <a href=\"https:\/\/www.healthy-heart.org\/living-with-heart-disease\/improve-your-heart-condition\/\">Srde\u010dn\u00ed rehabilitace<\/a> a pravideln\u00e1 <a href=\"https:\/\/www.healthy-heart.org\/keep-your-heart-healthy\/physical-activity\/\">fyzick\u00e1 aktivita<\/a> mohou sn\u00ed\u017eit riziko komplikac\u00ed souvisej\u00edc\u00edch se sexu\u00e1ln\u00ed aktivitou.<\/p>\n<p>Pravidlem je, \u017ee pokud dok\u00e1\u017eete vyj\u00edt dv\u011b patra schod\u016f nebo se rychle proj\u00edt bez p\u0159\u00edznak\u016f (nap\u0159. bolesti na hrudi nebo du\u0161nosti), je pro v\u00e1s bezpe\u010dn\u00e9 m\u00edt sex. Je d\u016fle\u017eit\u00e9 respektovat sv\u00e9 vlastn\u00ed tempo zotavov\u00e1n\u00ed a pokud m\u00e1te p\u0159\u00edznaky, promluvte si se sv\u00fdm poskytovatelem zdravotn\u00ed p\u00e9\u010de. N\u011bkte\u0159\u00ed lid\u00e9 pou\u017e\u00edvaj\u00ed nitroglycerin k prevenci nebo l\u00e9\u010db\u011b p\u0159\u00edznak\u016f.<\/p>\n<p>Existuj\u00ed l\u00e9ky, kter\u00e9 pom\u00e1haj\u00ed zlep\u0161it sexu\u00e1ln\u00ed v\u00fdkonnost, jako je sildenafil, vardenafil a tadalafil. U\u017e\u00edv\u00e1n\u00ed n\u011bkter\u00fdch z t\u011bchto l\u00e9k\u016f p\u0159i u\u017e\u00edv\u00e1n\u00ed nitr\u00e1t\u016f je absolutn\u011b kontraindikov\u00e1no kv\u016fli riziku nebezpe\u010dn\u011b n\u00edzk\u00e9ho krevn\u00edho tlaku. Proto je vhodn\u00e9 d\u0159\u00edve, ne\u017e za\u010dnete u\u017e\u00edvat n\u011bkter\u00fd z t\u011bchto l\u00e9k\u016f nebo bylinn\u00fdch prost\u0159edk\u016f, poradit se s l\u00e9ka\u0159em.<\/p>\n<p>N\u011bkter\u00e9 <a href=\"https:\/\/www.healthy-heart.org\/living-with-heart-disease\/types-of-medication\/\">l\u00e9ky<\/a> p\u0159edepsan\u00e9 na srde\u010dn\u00ed onemocn\u011bn\u00ed (betablok\u00e1tory), antidepresiva a pr\u00e1\u0161ky na span\u00ed mohou u mu\u017e\u016f zp\u016fsobit probl\u00e9my s erekc\u00ed (a sexu\u00e1ln\u00ed apetenc\u00ed) a u \u017een vagin\u00e1ln\u00ed suchost, co\u017e m\u016f\u017ee negativn\u011b ovlivnit va\u0161i sexu\u00e1ln\u00ed aktivitu. Pokud m\u00e1te podez\u0159en\u00ed, \u017ee v\u00e1m l\u00e9ky zp\u016fsobuj\u00ed probl\u00e9my v sexu\u00e1ln\u00edm \u017eivot\u011b, nechte si poradit od l\u00e9ka\u0159e ohledn\u011b mo\u017en\u00e9 zm\u011bny l\u00e9k\u016f na jin\u00e9 zna\u010dky nebo t\u0159\u00eddy. Nikdy sami n\u00e1hle nevysazujte l\u00e9ky. Pokud trp\u00edte sexu\u00e1ln\u00ed dysfunkc\u00ed, pora\u010fte se s l\u00e9ka\u0159em nebo zdravotn\u00ed sestrou, zda by to mohlo souviset s va\u0161\u00edm srde\u010dn\u00edm onemocn\u011bn\u00edm nebo emocemi, jako je \u00fazkost, deprese nebo jin\u00e9 faktory.<\/p>\n","protected":false},"excerpt":{"rendered":"<p>Srde\u010dn\u00ed onemocn\u011bn\u00ed je pro v\u00e1s a va\u0161eho partnera obvykle v\u00fdznamnou ud\u00e1lost\u00ed. N\u011bkte\u0159\u00ed lid\u00e9 poci\u0165uj\u00ed zm\u011bny v oblasti sexuality \u010di jejich pocitech intimity. Pro p\u00e1ry je n\u011bkdy t\u011b\u017ek\u00e9 mluvit o intimit\u011b a sexualit\u011b. V\u00e1\u0161 l\u00e9ka\u0159 nebo odborn\u00e1 sestra v\u00e1m m\u016f\u017ee odpov\u011bd\u011bt na ot\u00e1zky a probrat va\u0161e probl\u00e9my. Mnoho lid\u00ed si klade ot\u00e1zku, zda je\u0161t\u011b mohou m\u00edt [&hellip;]<\/p>\n","protected":false},"author":1,"featured_media":6952,"parent":6898,"menu_order":9,"comment_status":"closed","ping_status":"closed","template":"","meta":{"_acf_changed":false,"footnotes":""},"categories":[146],"tags":[],"class_list":["post-6949","page","type-page","status-publish","has-post-thumbnail","hentry","category-zivot-se-srdecni-chorobou"],"acf":[],"yoast_head":"<!-- This site is optimized with the Yoast SEO plugin v24.0 - https:\/\/yoast.com\/wordpress\/plugins\/seo\/ -->\n<title>Sex a srde\u010dn\u00ed choroba - Healthy-Heart.org<\/title>\n<meta name=\"description\" content=\"Obecn\u011b je bezpe\u010dn\u00e9 obnovit sexu\u00e1ln\u00ed aktivity po nekomplikovan\u00e9m infarktu myokardu nebo nekomplikovan\u00e9m srde\u010dn\u00edm z\u00e1kroku, jako je zaveden\u00ed stentu.\" \/>\n<meta name=\"robots\" content=\"index, follow, max-snippet:-1, max-image-preview:large, max-video-preview:-1\" \/>\n<link rel=\"canonical\" href=\"https:\/\/www.healthy-heart.org\/cs\/zivot-se-srdecni-chorobou\/sex-a-srdecni-choroba\/\" \/>\n<meta property=\"og:locale\" content=\"cs_CZ\" \/>\n<meta property=\"og:type\" content=\"article\" \/>\n<meta property=\"og:title\" content=\"Sex a srde\u010dn\u00ed choroba - Healthy-Heart.org\" \/>\n<meta property=\"og:description\" content=\"Obecn\u011b je bezpe\u010dn\u00e9 obnovit sexu\u00e1ln\u00ed aktivity po nekomplikovan\u00e9m infarktu myokardu nebo nekomplikovan\u00e9m srde\u010dn\u00edm z\u00e1kroku, jako je zaveden\u00ed stentu.\" \/>\n<meta property=\"og:url\" content=\"https:\/\/www.healthy-heart.org\/cs\/zivot-se-srdecni-chorobou\/sex-a-srdecni-choroba\/\" \/>\n<meta property=\"og:site_name\" content=\"Healthy-Heart.org\" \/>\n<meta property=\"og:image\" content=\"https:\/\/www.healthy-heart.org\/wp-content\/uploads\/2019\/07\/iStock-874866632-scaled.jpg\" \/>\n\t<meta property=\"og:image:width\" content=\"2560\" \/>\n\t<meta property=\"og:image:height\" content=\"1707\" \/>\n\t<meta property=\"og:image:type\" content=\"image\/jpeg\" \/>\n<meta name=\"twitter:card\" content=\"summary_large_image\" \/>\n<meta name=\"twitter:label1\" content=\"Odhadovan\u00e1 doba \u010dten\u00ed\" \/>\n\t<meta name=\"twitter:data1\" content=\"2 minuty\" \/>\n<script type=\"application\/ld+json\" class=\"yoast-schema-graph\">{\"@context\":\"https:\/\/schema.org\",\"@graph\":[{\"@type\":\"WebPage\",\"@id\":\"https:\/\/www.healthy-heart.org\/cs\/zivot-se-srdecni-chorobou\/sex-a-srdecni-choroba\/\",\"url\":\"https:\/\/www.healthy-heart.org\/cs\/zivot-se-srdecni-chorobou\/sex-a-srdecni-choroba\/\",\"name\":\"Sex a srde\u010dn\u00ed choroba - Healthy-Heart.org\",\"isPartOf\":{\"@id\":\"https:\/\/www.healthy-heart.org\/es\/#website\"},\"primaryImageOfPage\":{\"@id\":\"https:\/\/www.healthy-heart.org\/cs\/zivot-se-srdecni-chorobou\/sex-a-srdecni-choroba\/#primaryimage\"},\"image\":{\"@id\":\"https:\/\/www.healthy-heart.org\/cs\/zivot-se-srdecni-chorobou\/sex-a-srdecni-choroba\/#primaryimage\"},\"thumbnailUrl\":\"https:\/\/www.healthy-heart.org\/wp-content\/uploads\/2019\/07\/iStock-874866632-scaled.jpg\",\"datePublished\":\"2023-08-16T13:54:49+00:00\",\"dateModified\":\"2023-08-16T13:54:49+00:00\",\"description\":\"Obecn\u011b je bezpe\u010dn\u00e9 obnovit sexu\u00e1ln\u00ed aktivity po nekomplikovan\u00e9m infarktu myokardu nebo nekomplikovan\u00e9m srde\u010dn\u00edm z\u00e1kroku, jako je zaveden\u00ed stentu.\",\"breadcrumb\":{\"@id\":\"https:\/\/www.healthy-heart.org\/cs\/zivot-se-srdecni-chorobou\/sex-a-srdecni-choroba\/#breadcrumb\"},\"inLanguage\":\"cs\",\"potentialAction\":[{\"@type\":\"ReadAction\",\"target\":[\"https:\/\/www.healthy-heart.org\/cs\/zivot-se-srdecni-chorobou\/sex-a-srdecni-choroba\/\"]}]},{\"@type\":\"ImageObject\",\"inLanguage\":\"cs\",\"@id\":\"https:\/\/www.healthy-heart.org\/cs\/zivot-se-srdecni-chorobou\/sex-a-srdecni-choroba\/#primaryimage\",\"url\":\"https:\/\/www.healthy-heart.org\/wp-content\/uploads\/2019\/07\/iStock-874866632-scaled.jpg\",\"contentUrl\":\"https:\/\/www.healthy-heart.org\/wp-content\/uploads\/2019\/07\/iStock-874866632-scaled.jpg\",\"width\":2560,\"height\":1707},{\"@type\":\"BreadcrumbList\",\"@id\":\"https:\/\/www.healthy-heart.org\/cs\/zivot-se-srdecni-chorobou\/sex-a-srdecni-choroba\/#breadcrumb\",\"itemListElement\":[{\"@type\":\"ListItem\",\"position\":1,\"name\":\"Home\",\"item\":\"https:\/\/www.healthy-heart.org\/cs\/\"},{\"@type\":\"ListItem\",\"position\":2,\"name\":\"\u017divot se srde\u010dn\u00ed chorobou\",\"item\":\"https:\/\/www.healthy-heart.org\/cs\/zivot-se-srdecni-chorobou\/\"},{\"@type\":\"ListItem\",\"position\":3,\"name\":\"Sex a srde\u010dn\u00ed choroba\"}]},{\"@type\":\"WebSite\",\"@id\":\"https:\/\/www.healthy-heart.org\/es\/#website\",\"url\":\"https:\/\/www.healthy-heart.org\/es\/\",\"name\":\"Healthy-Heart.org\",\"description\":\"Practical advice for patients and family care givers on the prevention of cardiovascular disease\",\"potentialAction\":[{\"@type\":\"SearchAction\",\"target\":{\"@type\":\"EntryPoint\",\"urlTemplate\":\"https:\/\/www.healthy-heart.org\/es\/?s={search_term_string}\"},\"query-input\":{\"@type\":\"PropertyValueSpecification\",\"valueRequired\":true,\"valueName\":\"search_term_string\"}}],\"inLanguage\":\"cs\"}]}<\/script>\n<!-- \/ Yoast SEO plugin. -->","yoast_head_json":{"title":"Sex a srde\u010dn\u00ed choroba - Healthy-Heart.org","description":"Obecn\u011b je bezpe\u010dn\u00e9 obnovit sexu\u00e1ln\u00ed aktivity po nekomplikovan\u00e9m infarktu myokardu nebo nekomplikovan\u00e9m srde\u010dn\u00edm z\u00e1kroku, jako je zaveden\u00ed stentu.","robots":{"index":"index","follow":"follow","max-snippet":"max-snippet:-1","max-image-preview":"max-image-preview:large","max-video-preview":"max-video-preview:-1"},"canonical":"https:\/\/www.healthy-heart.org\/cs\/zivot-se-srdecni-chorobou\/sex-a-srdecni-choroba\/","og_locale":"cs_CZ","og_type":"article","og_title":"Sex a srde\u010dn\u00ed choroba - Healthy-Heart.org","og_description":"Obecn\u011b je bezpe\u010dn\u00e9 obnovit sexu\u00e1ln\u00ed aktivity po nekomplikovan\u00e9m infarktu myokardu nebo nekomplikovan\u00e9m srde\u010dn\u00edm z\u00e1kroku, jako je zaveden\u00ed stentu.","og_url":"https:\/\/www.healthy-heart.org\/cs\/zivot-se-srdecni-chorobou\/sex-a-srdecni-choroba\/","og_site_name":"Healthy-Heart.org","og_image":[{"width":2560,"height":1707,"url":"https:\/\/www.healthy-heart.org\/wp-content\/uploads\/2019\/07\/iStock-874866632-scaled.jpg","type":"image\/jpeg"}],"twitter_card":"summary_large_image","twitter_misc":{"Odhadovan\u00e1 doba \u010dten\u00ed":"2 minuty"},"schema":{"@context":"https:\/\/schema.org","@graph":[{"@type":"WebPage","@id":"https:\/\/www.healthy-heart.org\/cs\/zivot-se-srdecni-chorobou\/sex-a-srdecni-choroba\/","url":"https:\/\/www.healthy-heart.org\/cs\/zivot-se-srdecni-chorobou\/sex-a-srdecni-choroba\/","name":"Sex a srde\u010dn\u00ed choroba - Healthy-Heart.org","isPartOf":{"@id":"https:\/\/www.healthy-heart.org\/es\/#website"},"primaryImageOfPage":{"@id":"https:\/\/www.healthy-heart.org\/cs\/zivot-se-srdecni-chorobou\/sex-a-srdecni-choroba\/#primaryimage"},"image":{"@id":"https:\/\/www.healthy-heart.org\/cs\/zivot-se-srdecni-chorobou\/sex-a-srdecni-choroba\/#primaryimage"},"thumbnailUrl":"https:\/\/www.healthy-heart.org\/wp-content\/uploads\/2019\/07\/iStock-874866632-scaled.jpg","datePublished":"2023-08-16T13:54:49+00:00","dateModified":"2023-08-16T13:54:49+00:00","description":"Obecn\u011b je bezpe\u010dn\u00e9 obnovit sexu\u00e1ln\u00ed aktivity po nekomplikovan\u00e9m infarktu myokardu nebo nekomplikovan\u00e9m srde\u010dn\u00edm z\u00e1kroku, jako je zaveden\u00ed stentu.","breadcrumb":{"@id":"https:\/\/www.healthy-heart.org\/cs\/zivot-se-srdecni-chorobou\/sex-a-srdecni-choroba\/#breadcrumb"},"inLanguage":"cs","potentialAction":[{"@type":"ReadAction","target":["https:\/\/www.healthy-heart.org\/cs\/zivot-se-srdecni-chorobou\/sex-a-srdecni-choroba\/"]}]},{"@type":"ImageObject","inLanguage":"cs","@id":"https:\/\/www.healthy-heart.org\/cs\/zivot-se-srdecni-chorobou\/sex-a-srdecni-choroba\/#primaryimage","url":"https:\/\/www.healthy-heart.org\/wp-content\/uploads\/2019\/07\/iStock-874866632-scaled.jpg","contentUrl":"https:\/\/www.healthy-heart.org\/wp-content\/uploads\/2019\/07\/iStock-874866632-scaled.jpg","width":2560,"height":1707},{"@type":"BreadcrumbList","@id":"https:\/\/www.healthy-heart.org\/cs\/zivot-se-srdecni-chorobou\/sex-a-srdecni-choroba\/#breadcrumb","itemListElement":[{"@type":"ListItem","position":1,"name":"Home","item":"https:\/\/www.healthy-heart.org\/cs\/"},{"@type":"ListItem","position":2,"name":"\u017divot se srde\u010dn\u00ed chorobou","item":"https:\/\/www.healthy-heart.org\/cs\/zivot-se-srdecni-chorobou\/"},{"@type":"ListItem","position":3,"name":"Sex a srde\u010dn\u00ed choroba"}]},{"@type":"WebSite","@id":"https:\/\/www.healthy-heart.org\/es\/#website","url":"https:\/\/www.healthy-heart.org\/es\/","name":"Healthy-Heart.org","description":"Practical advice for patients and family care givers on the prevention of cardiovascular disease","potentialAction":[{"@type":"SearchAction","target":{"@type":"EntryPoint","urlTemplate":"https:\/\/www.healthy-heart.org\/es\/?s={search_term_string}"},"query-input":{"@type":"PropertyValueSpecification","valueRequired":true,"valueName":"search_term_string"}}],"inLanguage":"cs"}]}},"_links":{"self":[{"href":"https:\/\/www.healthy-heart.org\/cs\/wp-json\/wp\/v2\/pages\/6949","targetHints":{"allow":["GET"]}}],"collection":[{"href":"https:\/\/www.healthy-heart.org\/cs\/wp-json\/wp\/v2\/pages"}],"about":[{"href":"https:\/\/www.healthy-heart.org\/cs\/wp-json\/wp\/v2\/types\/page"}],"author":[{"embeddable":true,"href":"https:\/\/www.healthy-heart.org\/cs\/wp-json\/wp\/v2\/users\/1"}],"replies":[{"embeddable":true,"href":"https:\/\/www.healthy-heart.org\/cs\/wp-json\/wp\/v2\/comments?post=6949"}],"version-history":[{"count":0,"href":"https:\/\/www.healthy-heart.org\/cs\/wp-json\/wp\/v2\/pages\/6949\/revisions"}],"up":[{"embeddable":true,"href":"https:\/\/www.healthy-heart.org\/cs\/wp-json\/wp\/v2\/pages\/6898"}],"wp:featuredmedia":[{"embeddable":true,"href":"https:\/\/www.healthy-heart.org\/cs\/wp-json\/wp\/v2\/media\/6952"}],"wp:attachment":[{"href":"https:\/\/www.healthy-heart.org\/cs\/wp-json\/wp\/v2\/media?parent=6949"}],"wp:term":[{"taxonomy":"category","embeddable":true,"href":"https:\/\/www.healthy-heart.org\/cs\/wp-json\/wp\/v2\/categories?post=6949"},{"taxonomy":"post_tag","embeddable":true,"href":"https:\/\/www.healthy-heart.org\/cs\/wp-json\/wp\/v2\/tags?post=6949"}],"curies":[{"name":"wp","href":"https:\/\/api.w.org\/{rel}","templated":true}]}}