{"id":6947,"date":"2023-08-16T14:54:49","date_gmt":"2023-08-16T13:54:49","guid":{"rendered":"https:\/\/www.healthy-heart.org\/podminky-pouzivani\/"},"modified":"2023-08-16T14:54:49","modified_gmt":"2023-08-16T13:54:49","slug":"podminky-pouzivani","status":"publish","type":"page","link":"https:\/\/www.healthy-heart.org\/cs\/podminky-pouzivani\/","title":{"rendered":"Podm\u00ednky pou\u017e\u00edv\u00e1n\u00ed"},"content":{"rendered":"<h2>Posl\u00e1n\u00ed tohoto webu:<\/h2>\n<ul>\n<li>Poskytovat spolehliv\u00e9 informace a praktick\u00e9 rady o kardiovaskul\u00e1rn\u00edch onemocn\u011bn\u00edch a jak jim p\u0159edch\u00e1zet.<\/li>\n<li>Zlep\u0161it znalosti o kardiovaskul\u00e1rn\u00edch onemocn\u011bn\u00edch a propagovat v\u00fdhody zdrav\u00e9ho \u017eivotn\u00edho stylu.<\/li>\n<\/ul>\n<p>V\u0161echna doporu\u010den\u00ed na t\u011bchto str\u00e1nk\u00e1ch jsou v souladu s evropsk\u00fdmi sm\u011brnicemi (<a href=\"https:\/\/www.escardio.org\/Guidelines\/Clinical-Practice-Guidelines\/CVD-Prevention-in-clinical-practice-European-Guidelines-on\">viz Evropsk\u00e1 doporu\u010den\u00ed pro prevenci KVO v klinick\u00e9 praxi zde<\/a>).<\/p>\n<h3>1. Podm\u00ednky pou\u017e\u00edv\u00e1n\u00ed<\/h3>\n<p>Web health-heart.org byl vytvo\u0159en pod veden\u00edm Evropsk\u00e9 asociace preventivn\u00ed kardiologie (EAPC), ve spolupr\u00e1ci s Asociac\u00ed pro akutn\u00ed kardiovaskul\u00e1rn\u00ed p\u00e9\u010di (ACVC) a Asociac\u00ed kardiovaskul\u00e1rn\u00edho o\u0161et\u0159ovatelstv\u00ed a sp\u0159\u00edzn\u011bn\u00fdch profes\u00ed (ACNAP), kter\u00e9 jsou pobo\u010dkami Evropsk\u00e9 kardiologick\u00e9 spole\u010dnosti (ESC). P\u0159\u00edstup a pou\u017e\u00edv\u00e1n\u00ed t\u011bchto webov\u00fdch str\u00e1nek poskytuje ESC za n\u00e1sleduj\u00edc\u00edch podm\u00ednek pou\u017e\u00edv\u00e1n\u00ed:<\/p>\n<ol>\n<li>Sv\u00fdm pou\u017e\u00edv\u00e1n\u00edm t\u011bchto webov\u00fdch str\u00e1nek vyjad\u0159ujete souhlas s t\u011bmito Podm\u00ednkami pou\u017eit\u00ed k datu va\u0161eho prvn\u00edho pou\u017eit\u00ed t\u011bchto str\u00e1nek.<\/li>\n<li>ESC si vyhrazuje pr\u00e1vo kdykoli zm\u011bnit tyto Podm\u00ednky pou\u017e\u00edv\u00e1n\u00ed zve\u0159ejn\u011bn\u00edm zm\u011bn online. Va\u0161e dal\u0161\u00ed pou\u017e\u00edv\u00e1n\u00ed t\u011bchto webov\u00fdch str\u00e1nek po zve\u0159ejn\u011bn\u00ed zm\u011bn p\u0159edstavuje v\u00e1\u0161 souhlas s touto dohodou v upraven\u00e9 podob\u011b.<\/li>\n<li>Souhlas\u00edte s t\u00edm, \u017ee budete tyto webov\u00e9 str\u00e1nky pou\u017e\u00edvat pouze pro z\u00e1konn\u00e9 \u00fa\u010dely a zp\u016fsobem, kter\u00fd neporu\u0161uje pr\u00e1va ani neomezuje \u010di nebr\u00e1n\u00ed pou\u017e\u00edv\u00e1n\u00ed a u\u017e\u00edv\u00e1n\u00ed str\u00e1nek jakoukoli t\u0159et\u00ed stranou.<\/li>\n<\/ol>\n<h3>2. Odm\u00edtnut\u00ed odpov\u011bdnosti<\/h3>\n<ol>\n<li>ESC v \u017e\u00e1dn\u00e9m p\u0159\u00edpad\u011b nenese odpov\u011bdnost v\u016f\u010di u\u017eivateli nebo komukoli jin\u00e9mu za jak\u00e9koli rozhodnut\u00ed nebo akci u\u010din\u011bnou na z\u00e1klad\u011b informac\u00ed obsa\u017een\u00fdch na t\u011bchto webov\u00fdch str\u00e1nk\u00e1ch nebo poskytnut\u00fdch jejich prost\u0159ednictv\u00edm, ani za jak\u00e9koli n\u00e1hodn\u00e9, nep\u0159\u00edm\u00e9, zvl\u00e1\u0161tn\u00ed nebo n\u00e1sledn\u00e9 \u0161kody.<\/li>\n<li>Informace obsa\u017een\u00e9 na t\u011bchto webov\u00fdch str\u00e1nk\u00e1ch jsou ur\u010deny k dopln\u011bn\u00ed p\u00e9\u010de poskytovan\u00e9 kvalifikovan\u00fdmi l\u00e9ka\u0159sk\u00fdmi odborn\u00edky. Tyto webov\u00e9 str\u00e1nky nejsou ur\u010deny ani doporu\u010deny jako n\u00e1hrada za odbornou l\u00e9ka\u0159skou pomoc nebo l\u00e9ka\u0159skou p\u00e9\u010di. P\u0159ed zah\u00e1jen\u00edm (nebo p\u0159eru\u0161en\u00edm) jak\u00e9koli formy l\u00e9ka\u0159sk\u00e9ho o\u0161et\u0159en\u00ed je t\u0159eba v\u017edy vyhledat radu l\u00e9ka\u0159e. Za t\u00edmto \u00fa\u010delem jsou ve\u0161ker\u00e9 informace obsa\u017een\u00e9 na webov\u00fdch str\u00e1nk\u00e1ch poskytov\u00e1ny v\u00fdhradn\u011b pro vzd\u011bl\u00e1vac\u00ed \u00fa\u010dely.<\/li>\n<li>P\u0159esto\u017ee ESC p\u0159ijala ve\u0161ker\u00e1 opat\u0159en\u00ed p\u0159i sestavov\u00e1n\u00ed t\u011bchto webov\u00fdch str\u00e1nek, nem\u016f\u017ee zkontrolovat v\u0161echny informace, aby ur\u010dila jejich pravdivost, p\u0159esnost, spolehlivost, \u00faplnost nebo relevanci. ESC nebude v \u017e\u00e1dn\u00e9m p\u0159\u00edpad\u011b odpov\u011bdn\u00e1 za jak\u00e9koli \u0161kody v\u010detn\u011b, a bez omezen\u00ed, nep\u0159\u00edm\u00fdch nebo n\u00e1sledn\u00fdch \u0161kod nebo jak\u00fdchkoli \u0161kod nebo ztr\u00e1t na zisku, a\u0165 u\u017e v d\u016fsledku pou\u017e\u00edv\u00e1n\u00ed t\u011bchto webov\u00fdch str\u00e1nk\u00e1ch nebo v souvislosti s takov\u00fdm pou\u017e\u00edv\u00e1n\u00edm a jakoukoliv ztr\u00e1tou, a\u0165 u\u017e na z\u00e1klad\u011b smlouvy nebo z nedbalosti.<\/li>\n<li>ESC ani \u017e\u00e1dn\u00fd p\u0159idru\u017een\u00fd person\u00e1l nebo p\u0159isp\u011bvatel\u00e9 webov\u00fdch str\u00e1nek nebudou za \u017e\u00e1dn\u00fdch okolnost\u00ed v\u016f\u010di v\u00e1m jako n\u00e1v\u0161t\u011bvn\u00edkovi webov\u00fdch str\u00e1nek nebo jak\u00e9koli jin\u00e9 osob\u011b \u010di org\u00e1nu odpov\u011bdn\u00ed za jak\u00e9koli p\u0159ijat\u00e9 rozhodnut\u00ed nebo jedn\u00e1n\u00ed na z\u00e1klad\u011b spol\u00e9h\u00e1n\u00ed se na informace obsa\u017een\u00e9 na t\u011bchto webov\u00fdch str\u00e1nk\u00e1ch. Souhlas\u00edte s t\u00edm, \u017ee ESC ani \u017e\u00e1dn\u00fd p\u0159idru\u017een\u00fd person\u00e1l nebo p\u0159isp\u011bvatel\u00e9 webov\u00fdch str\u00e1nek nebudou odpov\u011bdn\u00ed za \u017e\u00e1dn\u00e9 \u0161kody (v\u010detn\u011b, bez omezen\u00ed, p\u0159\u00edm\u00fdch, nep\u0159\u00edm\u00fdch, n\u00e1hodn\u00fdch, zvl\u00e1\u0161tn\u00edch nebo n\u00e1sledn\u00fdch \u0161kod), nebo ztr\u00e1tu dat nebo ztr\u00e1tu zisku, a to ani tehdy, pokud byla ESC nebo jak\u00fdkoli p\u0159idru\u017een\u00fd person\u00e1l nebo p\u0159isp\u011bvatel\u00e9 webov\u00fdch str\u00e1nek upozorn\u011bni na mo\u017enost takov\u00e9 ztr\u00e1ty.<\/li>\n<li>ESC nezaru\u010duje, \u017ee technick\u00e9 funkce obsa\u017een\u00e9 v materi\u00e1lech na t\u011bchto webov\u00fdch str\u00e1nk\u00e1ch budou nep\u0159eru\u0161en\u00e9 nebo bezchybn\u00e9, \u017ee vady budou opraveny nebo \u017ee tyto webov\u00e9 str\u00e1nky nebo server, kter\u00fd je zp\u0159\u00edstup\u0148uje, neobsahuj\u00ed viry nebo chyby nebo \u017ee p\u0159edstavuj\u00ed plnou funk\u010dnost, p\u0159esnost a spolehlivost materi\u00e1l\u016f.<\/li>\n<\/ol>\n<h3>3. Omezen\u00ed autorsk\u00fdch pr\u00e1v<\/h3>\n<ol>\n<li>Web healthy-heart.org vlastn\u00ed Evropsk\u00e1 kardiologick\u00e1 spole\u010dnost (ESC). Komer\u010dn\u00ed pou\u017eit\u00ed nebo zve\u0159ejn\u011bn\u00ed v\u0161ech nebo jak\u00e9koli zobrazen\u00e9 polo\u017eky je p\u0159\u00edsn\u011b zak\u00e1z\u00e1no bez p\u0159edchoz\u00edho p\u00edsemn\u00e9ho souhlasu ESC.<br \/>\nDokumenty na t\u00e9to webov\u00e9 str\u00e1nce mohou b\u00fdt kop\u00edrov\u00e1ny pro osobn\u00ed, nekomer\u010dn\u00ed pou\u017eit\u00ed pouze za podm\u00ednky, \u017ee budou zkop\u00edrov\u00e1na i autorsk\u00e1 pr\u00e1va a ozna\u010den\u00ed zdroje, nebudou prov\u00e1d\u011bny \u017e\u00e1dn\u00e9 \u00fapravy a dokument bude zkop\u00edrov\u00e1n cel\u00fd. N\u011bkter\u00e9 dokumenty a fotografie v\u0161ak byly na t\u011bchto str\u00e1nk\u00e1ch zve\u0159ejn\u011bny se svolen\u00edm p\u0159\u00edslu\u0161n\u00fdch vlastn\u00edk\u016f autorsk\u00fdch pr\u00e1v (kte\u0159\u00ed nejsou ESC). Ve\u0161ker\u00e1 pr\u00e1va k t\u011bmto dokument\u016fm jsou vyhrazena a povolen\u00ed k jejich kop\u00edrov\u00e1n\u00ed je nutn\u00e9 vy\u017e\u00e1dat si od vlastn\u00edk\u016f autorsk\u00fdch pr\u00e1v (zdroje jsou uvedeny v t\u011bchto dokumentech\/fotografi\u00edch).<\/li>\n<li>Jak\u00e9koli neschv\u00e1len\u00e9 pou\u017eit\u00ed m\u016f\u017ee v\u00e9st k tomu, \u017ee ESC podnikne kroky po\u017eaduj\u00edc\u00ed odstran\u011bn\u00ed dot\u010den\u00e9ho materi\u00e1lu ze zobrazen\u00ed\/distribuce a p\u0159\u00edpadn\u00e9 pr\u00e1vn\u00ed kroky.<\/li>\n<li>Webov\u00e9 str\u00e1nky obsahuj\u00ed odkazy na webov\u00e9 str\u00e1nky provozovan\u00e9 jin\u00fdmi stranami ne\u017e ESC. Takov\u00e9 odkazy jsou poskytov\u00e1ny pouze pro pohodl\u00ed u\u017eivatele. ESC takov\u00e9 webov\u00e9 str\u00e1nky nekontroluje a nenese odpov\u011bdnost za jejich obsah. Zahrnut\u00ed odkaz\u016f na takov\u00e9 webov\u00e9 str\u00e1nky ESC neznamen\u00e1 \u017e\u00e1dnou podporu materi\u00e1l\u016f na takov\u00fdch webov\u00fdch str\u00e1nk\u00e1ch nebo jak\u00e9koli spojen\u00ed s jejich provozovateli. U\u017eivatel je v\u00fdhradn\u011b odpov\u011bdn\u00fd za vyhodnocen\u00ed p\u0159esnosti a \u00faplnosti jak\u00fdchkoli informac\u00ed obsa\u017een\u00fdch na webov\u00fdch str\u00e1nk\u00e1ch t\u0159et\u00edch stran a tak\u00e9 za hodnotu a integritu jak\u00e9hokoli zbo\u017e\u00ed a slu\u017eeb nab\u00edzen\u00fdch t\u011bmito webov\u00fdmi str\u00e1nkami.<br \/>\nPokud tyto Podm\u00ednky pou\u017e\u00edv\u00e1n\u00ed nebudou p\u0159ijaty v pln\u00e9m rozsahu, mus\u00ed b\u00fdt pou\u017e\u00edv\u00e1n\u00ed t\u011bchto str\u00e1nek okam\u017eit\u011b ukon\u010deno.<\/li>\n<li>Ochrana \u00fadaj\u016f<\/li>\n<\/ol>\n<p>P\u0159i pou\u017e\u00edv\u00e1n\u00ed t\u011bchto webov\u00fdch str\u00e1nek mohou b\u00fdt shroma\u017e\u010fov\u00e1ny \u00fadaje o u\u017eivateli. Dal\u0161\u00ed informace naleznete v na\u0161ich <a href=\"https:\/\/www.healthy-heart.org\/privacy-policy\/\">Z\u00e1sad\u00e1ch ochrany osobn\u00edch \u00fadaj\u016f<\/a>.<\/p>\n<p>Datum posledn\u00ed aktualizace: \u010dervenec\/2019<\/p>\n","protected":false},"excerpt":{"rendered":"<p>Posl\u00e1n\u00ed tohoto webu: Poskytovat spolehliv\u00e9 informace a praktick\u00e9 rady o kardiovaskul\u00e1rn\u00edch onemocn\u011bn\u00edch a jak jim p\u0159edch\u00e1zet. Zlep\u0161it znalosti o kardiovaskul\u00e1rn\u00edch onemocn\u011bn\u00edch a propagovat v\u00fdhody zdrav\u00e9ho \u017eivotn\u00edho stylu. V\u0161echna doporu\u010den\u00ed na t\u011bchto str\u00e1nk\u00e1ch jsou v souladu s evropsk\u00fdmi sm\u011brnicemi (viz Evropsk\u00e1 doporu\u010den\u00ed pro prevenci KVO v klinick\u00e9 praxi zde). 1. Podm\u00ednky pou\u017e\u00edv\u00e1n\u00ed Web health-heart.org byl vytvo\u0159en [&hellip;]<\/p>\n","protected":false},"author":1,"featured_media":6342,"parent":0,"menu_order":0,"comment_status":"closed","ping_status":"closed","template":"templates\/full.php","meta":{"_acf_changed":false,"footnotes":""},"categories":[],"tags":[],"class_list":["post-6947","page","type-page","status-publish","has-post-thumbnail","hentry"],"acf":[],"yoast_head":"<!-- This site is optimized with the Yoast SEO plugin v24.0 - https:\/\/yoast.com\/wordpress\/plugins\/seo\/ -->\n<title>Podm\u00ednky pou\u017e\u00edv\u00e1n\u00ed - Healthy-Heart.org<\/title>\n<meta name=\"description\" content=\"V\u0161echna doporu\u010den\u00ed na t\u011bchto str\u00e1nk\u00e1ch jsou v souladu s evropsk\u00fdmi sm\u011brnicemi.\" \/>\n<meta name=\"robots\" content=\"index, follow, max-snippet:-1, max-image-preview:large, max-video-preview:-1\" \/>\n<link rel=\"canonical\" href=\"https:\/\/www.healthy-heart.org\/cs\/podminky-pouzivani\/\" \/>\n<meta property=\"og:locale\" content=\"cs_CZ\" \/>\n<meta property=\"og:type\" content=\"article\" \/>\n<meta property=\"og:title\" content=\"Podm\u00ednky pou\u017e\u00edv\u00e1n\u00ed - Healthy-Heart.org\" \/>\n<meta property=\"og:description\" content=\"V\u0161echna doporu\u010den\u00ed na t\u011bchto str\u00e1nk\u00e1ch jsou v souladu s evropsk\u00fdmi sm\u011brnicemi.\" \/>\n<meta property=\"og:url\" content=\"https:\/\/www.healthy-heart.org\/cs\/podminky-pouzivani\/\" \/>\n<meta property=\"og:site_name\" content=\"Healthy-Heart.org\" \/>\n<meta property=\"og:image\" content=\"https:\/\/www.healthy-heart.org\/wp-content\/uploads\/2019\/07\/primary.jpg\" \/>\n\t<meta property=\"og:image:width\" content=\"700\" \/>\n\t<meta property=\"og:image:height\" content=\"466\" \/>\n\t<meta property=\"og:image:type\" content=\"image\/jpeg\" \/>\n<meta name=\"twitter:card\" content=\"summary_large_image\" \/>\n<meta name=\"twitter:label1\" content=\"Odhadovan\u00e1 doba \u010dten\u00ed\" \/>\n\t<meta name=\"twitter:data1\" content=\"6 minut\" \/>\n<script type=\"application\/ld+json\" class=\"yoast-schema-graph\">{\"@context\":\"https:\/\/schema.org\",\"@graph\":[{\"@type\":\"WebPage\",\"@id\":\"https:\/\/www.healthy-heart.org\/cs\/podminky-pouzivani\/\",\"url\":\"https:\/\/www.healthy-heart.org\/cs\/podminky-pouzivani\/\",\"name\":\"Podm\u00ednky pou\u017e\u00edv\u00e1n\u00ed - Healthy-Heart.org\",\"isPartOf\":{\"@id\":\"https:\/\/www.healthy-heart.org\/es\/#website\"},\"primaryImageOfPage\":{\"@id\":\"https:\/\/www.healthy-heart.org\/cs\/podminky-pouzivani\/#primaryimage\"},\"image\":{\"@id\":\"https:\/\/www.healthy-heart.org\/cs\/podminky-pouzivani\/#primaryimage\"},\"thumbnailUrl\":\"https:\/\/www.healthy-heart.org\/wp-content\/uploads\/2019\/07\/primary.jpg\",\"datePublished\":\"2023-08-16T13:54:49+00:00\",\"dateModified\":\"2023-08-16T13:54:49+00:00\",\"description\":\"V\u0161echna doporu\u010den\u00ed na t\u011bchto str\u00e1nk\u00e1ch jsou v souladu s evropsk\u00fdmi sm\u011brnicemi.\",\"breadcrumb\":{\"@id\":\"https:\/\/www.healthy-heart.org\/cs\/podminky-pouzivani\/#breadcrumb\"},\"inLanguage\":\"cs\",\"potentialAction\":[{\"@type\":\"ReadAction\",\"target\":[\"https:\/\/www.healthy-heart.org\/cs\/podminky-pouzivani\/\"]}]},{\"@type\":\"ImageObject\",\"inLanguage\":\"cs\",\"@id\":\"https:\/\/www.healthy-heart.org\/cs\/podminky-pouzivani\/#primaryimage\",\"url\":\"https:\/\/www.healthy-heart.org\/wp-content\/uploads\/2019\/07\/primary.jpg\",\"contentUrl\":\"https:\/\/www.healthy-heart.org\/wp-content\/uploads\/2019\/07\/primary.jpg\",\"width\":700,\"height\":466},{\"@type\":\"BreadcrumbList\",\"@id\":\"https:\/\/www.healthy-heart.org\/cs\/podminky-pouzivani\/#breadcrumb\",\"itemListElement\":[{\"@type\":\"ListItem\",\"position\":1,\"name\":\"Home\",\"item\":\"https:\/\/www.healthy-heart.org\/cs\/\"},{\"@type\":\"ListItem\",\"position\":2,\"name\":\"Podm\u00ednky pou\u017e\u00edv\u00e1n\u00ed\"}]},{\"@type\":\"WebSite\",\"@id\":\"https:\/\/www.healthy-heart.org\/es\/#website\",\"url\":\"https:\/\/www.healthy-heart.org\/es\/\",\"name\":\"Healthy-Heart.org\",\"description\":\"Practical advice for patients and family care givers on the prevention of cardiovascular disease\",\"potentialAction\":[{\"@type\":\"SearchAction\",\"target\":{\"@type\":\"EntryPoint\",\"urlTemplate\":\"https:\/\/www.healthy-heart.org\/es\/?s={search_term_string}\"},\"query-input\":{\"@type\":\"PropertyValueSpecification\",\"valueRequired\":true,\"valueName\":\"search_term_string\"}}],\"inLanguage\":\"cs\"}]}<\/script>\n<!-- \/ Yoast SEO plugin. -->","yoast_head_json":{"title":"Podm\u00ednky pou\u017e\u00edv\u00e1n\u00ed - Healthy-Heart.org","description":"V\u0161echna doporu\u010den\u00ed na t\u011bchto str\u00e1nk\u00e1ch jsou v souladu s evropsk\u00fdmi sm\u011brnicemi.","robots":{"index":"index","follow":"follow","max-snippet":"max-snippet:-1","max-image-preview":"max-image-preview:large","max-video-preview":"max-video-preview:-1"},"canonical":"https:\/\/www.healthy-heart.org\/cs\/podminky-pouzivani\/","og_locale":"cs_CZ","og_type":"article","og_title":"Podm\u00ednky pou\u017e\u00edv\u00e1n\u00ed - Healthy-Heart.org","og_description":"V\u0161echna doporu\u010den\u00ed na t\u011bchto str\u00e1nk\u00e1ch jsou v souladu s evropsk\u00fdmi sm\u011brnicemi.","og_url":"https:\/\/www.healthy-heart.org\/cs\/podminky-pouzivani\/","og_site_name":"Healthy-Heart.org","og_image":[{"width":700,"height":466,"url":"https:\/\/www.healthy-heart.org\/wp-content\/uploads\/2019\/07\/primary.jpg","type":"image\/jpeg"}],"twitter_card":"summary_large_image","twitter_misc":{"Odhadovan\u00e1 doba \u010dten\u00ed":"6 minut"},"schema":{"@context":"https:\/\/schema.org","@graph":[{"@type":"WebPage","@id":"https:\/\/www.healthy-heart.org\/cs\/podminky-pouzivani\/","url":"https:\/\/www.healthy-heart.org\/cs\/podminky-pouzivani\/","name":"Podm\u00ednky pou\u017e\u00edv\u00e1n\u00ed - Healthy-Heart.org","isPartOf":{"@id":"https:\/\/www.healthy-heart.org\/es\/#website"},"primaryImageOfPage":{"@id":"https:\/\/www.healthy-heart.org\/cs\/podminky-pouzivani\/#primaryimage"},"image":{"@id":"https:\/\/www.healthy-heart.org\/cs\/podminky-pouzivani\/#primaryimage"},"thumbnailUrl":"https:\/\/www.healthy-heart.org\/wp-content\/uploads\/2019\/07\/primary.jpg","datePublished":"2023-08-16T13:54:49+00:00","dateModified":"2023-08-16T13:54:49+00:00","description":"V\u0161echna doporu\u010den\u00ed na t\u011bchto str\u00e1nk\u00e1ch jsou v souladu s evropsk\u00fdmi sm\u011brnicemi.","breadcrumb":{"@id":"https:\/\/www.healthy-heart.org\/cs\/podminky-pouzivani\/#breadcrumb"},"inLanguage":"cs","potentialAction":[{"@type":"ReadAction","target":["https:\/\/www.healthy-heart.org\/cs\/podminky-pouzivani\/"]}]},{"@type":"ImageObject","inLanguage":"cs","@id":"https:\/\/www.healthy-heart.org\/cs\/podminky-pouzivani\/#primaryimage","url":"https:\/\/www.healthy-heart.org\/wp-content\/uploads\/2019\/07\/primary.jpg","contentUrl":"https:\/\/www.healthy-heart.org\/wp-content\/uploads\/2019\/07\/primary.jpg","width":700,"height":466},{"@type":"BreadcrumbList","@id":"https:\/\/www.healthy-heart.org\/cs\/podminky-pouzivani\/#breadcrumb","itemListElement":[{"@type":"ListItem","position":1,"name":"Home","item":"https:\/\/www.healthy-heart.org\/cs\/"},{"@type":"ListItem","position":2,"name":"Podm\u00ednky pou\u017e\u00edv\u00e1n\u00ed"}]},{"@type":"WebSite","@id":"https:\/\/www.healthy-heart.org\/es\/#website","url":"https:\/\/www.healthy-heart.org\/es\/","name":"Healthy-Heart.org","description":"Practical advice for patients and family care givers on the prevention of cardiovascular disease","potentialAction":[{"@type":"SearchAction","target":{"@type":"EntryPoint","urlTemplate":"https:\/\/www.healthy-heart.org\/es\/?s={search_term_string}"},"query-input":{"@type":"PropertyValueSpecification","valueRequired":true,"valueName":"search_term_string"}}],"inLanguage":"cs"}]}},"_links":{"self":[{"href":"https:\/\/www.healthy-heart.org\/cs\/wp-json\/wp\/v2\/pages\/6947","targetHints":{"allow":["GET"]}}],"collection":[{"href":"https:\/\/www.healthy-heart.org\/cs\/wp-json\/wp\/v2\/pages"}],"about":[{"href":"https:\/\/www.healthy-heart.org\/cs\/wp-json\/wp\/v2\/types\/page"}],"author":[{"embeddable":true,"href":"https:\/\/www.healthy-heart.org\/cs\/wp-json\/wp\/v2\/users\/1"}],"replies":[{"embeddable":true,"href":"https:\/\/www.healthy-heart.org\/cs\/wp-json\/wp\/v2\/comments?post=6947"}],"version-history":[{"count":0,"href":"https:\/\/www.healthy-heart.org\/cs\/wp-json\/wp\/v2\/pages\/6947\/revisions"}],"wp:featuredmedia":[{"embeddable":true,"href":"https:\/\/www.healthy-heart.org\/cs\/wp-json\/wp\/v2\/media\/6342"}],"wp:attachment":[{"href":"https:\/\/www.healthy-heart.org\/cs\/wp-json\/wp\/v2\/media?parent=6947"}],"wp:term":[{"taxonomy":"category","embeddable":true,"href":"https:\/\/www.healthy-heart.org\/cs\/wp-json\/wp\/v2\/categories?post=6947"},{"taxonomy":"post_tag","embeddable":true,"href":"https:\/\/www.healthy-heart.org\/cs\/wp-json\/wp\/v2\/tags?post=6947"}],"curies":[{"name":"wp","href":"https:\/\/api.w.org\/{rel}","templated":true}]}}