{"id":6944,"date":"2023-08-16T14:54:46","date_gmt":"2023-08-16T13:54:46","guid":{"rendered":"https:\/\/www.healthy-heart.org\/zivot-se-srdecni-chorobou\/podpora-rodiny\/"},"modified":"2023-08-16T14:54:46","modified_gmt":"2023-08-16T13:54:46","slug":"podpora-rodiny","status":"publish","type":"page","link":"https:\/\/www.healthy-heart.org\/cs\/zivot-se-srdecni-chorobou\/podpora-rodiny\/","title":{"rendered":"Podpora rodiny"},"content":{"rendered":"<p><img loading=\"lazy\" decoding=\"async\" class=\"alignright size-medium wp-image-565\" src=\"https:\/\/cdn-endpoint-prev.azureedge.net\/healthy-heart\/2019\/07\/iStock-1055062378-350x233.jpg\" alt=\"\" width=\"350\" height=\"233\"><br \/>\nV\u00e1\u0161 partner a nejbli\u017e\u0161\u00ed rodina mohou b\u00fdt z\u00e1kladn\u00edm zdrojem podpory, povzbuzen\u00ed a motivace p\u0159i zotavov\u00e1n\u00ed po srde\u010dn\u00edm onemocn\u011bn\u00ed. Mnoho p\u00e1r\u016f uvedlo, \u017ee je srde\u010dn\u00ed probl\u00e9m sbl\u00ed\u017eil.<\/p>\n<p>Kardiovaskul\u00e1rn\u00ed p\u0159\u00edhody mohou b\u00fdt zni\u010duj\u00edc\u00ed pro rodiny, kter\u00e9 se \u010dasto c\u00edt\u00ed bezmocn\u00e9 a \u00fazkostn\u00e9 z nemoci, hospitalizace a l\u00e9\u010dby. Partne\u0159i mohou m\u00edt obavy z dal\u0161\u00edch krok\u016f pro zdrav\u00ed jejich bl\u00edzk\u00e9ho. Mohou se objevit negativn\u00ed pocity v\u010detn\u011b viny (kdybych jen j\u00e1\u2026), zm\u011bn n\u00e1lad a obav z finan\u010dn\u00edch d\u016fsledk\u016f. To m\u016f\u017ee ovlivnit kvalitu vztahu a perspektivu uzdraven\u00ed pacienta. Je proto kl\u00ed\u010dov\u00e9, aby se o sebe \u010dlenov\u00e9 rodiny i nad\u00e1le dob\u0159e starali. To znamen\u00e1 dostatek sp\u00e1nku a relaxace, <a href=\"https:\/\/www.healthy-heart.org\/keep-your-heart-healthy\/take-control-of-your-lifestyle\/\">zdrav\u00fd \u017eivotn\u00ed styl<\/a> a aktivity, kter\u00e9 je bav\u00ed.<\/p>\n<p>Partne\u0159i se \u010dasto c\u00edt\u00ed zodpov\u011bdn\u00ed za zdrav\u00ed pacienta a ignoruj\u00ed sv\u00e9 vlastn\u00ed pot\u0159eby. Mohou p\u0159evz\u00edt dal\u0161\u00ed dom\u00e1c\u00ed role, sna\u017eit se b\u00fdt neust\u00e1le k dispozici a omezovat pacientovy aktivity, proto\u017ee se ob\u00e1vaj\u00ed negativn\u00edch \u00fa\u010dink\u016f na srdce. Pacienti to mohou vn\u00edmat jako p\u0159ehnanou ochranu a kontrolu a mohou skr\u00fdvat sv\u00e9 pocity a my\u0161lenky, aby ochr\u00e1nili partnera p\u0159ed obavami. M\u016f\u017ee doj\u00edt k vz\u00e1jemn\u00e9mu podr\u00e1\u017ed\u011bn\u00ed, kter\u00e9 nen\u00ed p\u0159\u00ednosn\u00e9 pro vztah ani pro proces rekonvalescence. \u00dasp\u011b\u0161n\u00e1 adaptace na \u017eivot se srde\u010dn\u00edm onemocn\u011bn\u00edm vy\u017eaduje otev\u0159enost a up\u0159\u00edmnost a vz\u00e1jemn\u00e9 uzn\u00e1n\u00ed individuality.<\/p>\n<p>Zapojen\u00ed partnera a nejbli\u017e\u0161\u00ed rodiny do programu <a href=\"https:\/\/www.healthy-heart.org\/living-with-heart-disease\/improve-your-heart-condition\/\">srde\u010dn\u00ed rehabilitace<\/a> je jedine\u010dnou p\u0159\u00edle\u017eitost\u00ed spojit s\u00edly v procesu rekonvalescence a spole\u010dn\u011b se rozhodovat o \u00faprav\u00e1ch v oblasti osobn\u00edho zdrav\u00ed. Koneckonc\u016f, kdy\u017e se nech\u00e1me spole\u010dn\u011b informovat o l\u00e9ka\u0159sk\u00fdch aspektech srde\u010dn\u00edho probl\u00e9mu, dost\u00e1v\u00e1me rady o <a href=\"https:\/\/www.healthy-heart.org\/keep-your-heart-healthy\/heart-friendly-diet\/\">zdrav\u00e9 v\u00fd\u017eiv\u011b<\/a>a vid\u00edme, jak pacient postupuje p\u0159i cvi\u010den\u00ed; stimuluje to ka\u017ed\u00e9ho \u010dlena rodiny, aby p\u0159evzal odpov\u011bdnost za svou vlastn\u00ed roli. N\u011bkter\u00e9 rehabilita\u010dn\u00ed programy nab\u00edzej\u00ed partnersk\u00e9 rozhovory, p\u0159i kter\u00fdch se prob\u00edraj\u00ed t\u00e9mata jako komunikace, \u0159e\u0161en\u00ed kardiologick\u00e9ho probl\u00e9mu v p\u00e1ru i <a href=\"https:\/\/www.healthy-heart.org\/living-with-heart-disease\/sex-and-heart-disease\/\">obavy v oblasti<\/a> sexuality.<\/p>\n","protected":false},"excerpt":{"rendered":"<p>V\u00e1\u0161 partner a nejbli\u017e\u0161\u00ed rodina mohou b\u00fdt z\u00e1kladn\u00edm zdrojem podpory, povzbuzen\u00ed a motivace p\u0159i zotavov\u00e1n\u00ed po srde\u010dn\u00edm onemocn\u011bn\u00ed. Mnoho p\u00e1r\u016f uvedlo, \u017ee je srde\u010dn\u00ed probl\u00e9m sbl\u00ed\u017eil. Kardiovaskul\u00e1rn\u00ed p\u0159\u00edhody mohou b\u00fdt zni\u010duj\u00edc\u00ed pro rodiny, kter\u00e9 se \u010dasto c\u00edt\u00ed bezmocn\u00e9 a \u00fazkostn\u00e9 z nemoci, hospitalizace a l\u00e9\u010dby. Partne\u0159i mohou m\u00edt obavy z dal\u0161\u00edch krok\u016f pro zdrav\u00ed jejich [&hellip;]<\/p>\n","protected":false},"author":1,"featured_media":6946,"parent":6898,"menu_order":9,"comment_status":"closed","ping_status":"closed","template":"","meta":{"_acf_changed":false,"footnotes":""},"categories":[146],"tags":[],"class_list":["post-6944","page","type-page","status-publish","has-post-thumbnail","hentry","category-zivot-se-srdecni-chorobou"],"acf":[],"yoast_head":"<!-- This site is optimized with the Yoast SEO plugin v24.0 - https:\/\/yoast.com\/wordpress\/plugins\/seo\/ -->\n<title>Podpora rodiny - Healthy-Heart.org<\/title>\n<meta name=\"description\" content=\"Partner nebo rodina mohou b\u00fdt z\u00e1kladn\u00edm zdrojem podpory a motivace p\u0159i zotavov\u00e1n\u00ed ze srde\u010dn\u00ed choroby.\" \/>\n<meta name=\"robots\" content=\"index, follow, max-snippet:-1, max-image-preview:large, max-video-preview:-1\" \/>\n<link rel=\"canonical\" href=\"https:\/\/www.healthy-heart.org\/cs\/zivot-se-srdecni-chorobou\/podpora-rodiny\/\" \/>\n<meta property=\"og:locale\" content=\"cs_CZ\" \/>\n<meta property=\"og:type\" content=\"article\" \/>\n<meta property=\"og:title\" content=\"Podpora rodiny - Healthy-Heart.org\" \/>\n<meta property=\"og:description\" content=\"Partner nebo rodina mohou b\u00fdt z\u00e1kladn\u00edm zdrojem podpory a motivace p\u0159i zotavov\u00e1n\u00ed ze srde\u010dn\u00ed choroby.\" \/>\n<meta property=\"og:url\" content=\"https:\/\/www.healthy-heart.org\/cs\/zivot-se-srdecni-chorobou\/podpora-rodiny\/\" \/>\n<meta property=\"og:site_name\" content=\"Healthy-Heart.org\" \/>\n<meta property=\"og:image\" content=\"https:\/\/www.healthy-heart.org\/wp-content\/uploads\/2019\/07\/iStock-1055062378-scaled.jpg\" \/>\n\t<meta property=\"og:image:width\" content=\"2560\" \/>\n\t<meta property=\"og:image:height\" content=\"1707\" \/>\n\t<meta property=\"og:image:type\" content=\"image\/jpeg\" \/>\n<meta name=\"twitter:card\" content=\"summary_large_image\" \/>\n<meta name=\"twitter:label1\" content=\"Odhadovan\u00e1 doba \u010dten\u00ed\" \/>\n\t<meta name=\"twitter:data1\" content=\"2 minuty\" \/>\n<script type=\"application\/ld+json\" class=\"yoast-schema-graph\">{\"@context\":\"https:\/\/schema.org\",\"@graph\":[{\"@type\":\"WebPage\",\"@id\":\"https:\/\/www.healthy-heart.org\/cs\/zivot-se-srdecni-chorobou\/podpora-rodiny\/\",\"url\":\"https:\/\/www.healthy-heart.org\/cs\/zivot-se-srdecni-chorobou\/podpora-rodiny\/\",\"name\":\"Podpora rodiny - Healthy-Heart.org\",\"isPartOf\":{\"@id\":\"https:\/\/www.healthy-heart.org\/es\/#website\"},\"primaryImageOfPage\":{\"@id\":\"https:\/\/www.healthy-heart.org\/cs\/zivot-se-srdecni-chorobou\/podpora-rodiny\/#primaryimage\"},\"image\":{\"@id\":\"https:\/\/www.healthy-heart.org\/cs\/zivot-se-srdecni-chorobou\/podpora-rodiny\/#primaryimage\"},\"thumbnailUrl\":\"https:\/\/www.healthy-heart.org\/wp-content\/uploads\/2019\/07\/iStock-1055062378-scaled.jpg\",\"datePublished\":\"2023-08-16T13:54:46+00:00\",\"dateModified\":\"2023-08-16T13:54:46+00:00\",\"description\":\"Partner nebo rodina mohou b\u00fdt z\u00e1kladn\u00edm zdrojem podpory a motivace p\u0159i zotavov\u00e1n\u00ed ze srde\u010dn\u00ed choroby.\",\"breadcrumb\":{\"@id\":\"https:\/\/www.healthy-heart.org\/cs\/zivot-se-srdecni-chorobou\/podpora-rodiny\/#breadcrumb\"},\"inLanguage\":\"cs\",\"potentialAction\":[{\"@type\":\"ReadAction\",\"target\":[\"https:\/\/www.healthy-heart.org\/cs\/zivot-se-srdecni-chorobou\/podpora-rodiny\/\"]}]},{\"@type\":\"ImageObject\",\"inLanguage\":\"cs\",\"@id\":\"https:\/\/www.healthy-heart.org\/cs\/zivot-se-srdecni-chorobou\/podpora-rodiny\/#primaryimage\",\"url\":\"https:\/\/www.healthy-heart.org\/wp-content\/uploads\/2019\/07\/iStock-1055062378-scaled.jpg\",\"contentUrl\":\"https:\/\/www.healthy-heart.org\/wp-content\/uploads\/2019\/07\/iStock-1055062378-scaled.jpg\",\"width\":2560,\"height\":1707},{\"@type\":\"BreadcrumbList\",\"@id\":\"https:\/\/www.healthy-heart.org\/cs\/zivot-se-srdecni-chorobou\/podpora-rodiny\/#breadcrumb\",\"itemListElement\":[{\"@type\":\"ListItem\",\"position\":1,\"name\":\"Home\",\"item\":\"https:\/\/www.healthy-heart.org\/cs\/\"},{\"@type\":\"ListItem\",\"position\":2,\"name\":\"\u017divot se srde\u010dn\u00ed chorobou\",\"item\":\"https:\/\/www.healthy-heart.org\/cs\/zivot-se-srdecni-chorobou\/\"},{\"@type\":\"ListItem\",\"position\":3,\"name\":\"Podpora rodiny\"}]},{\"@type\":\"WebSite\",\"@id\":\"https:\/\/www.healthy-heart.org\/es\/#website\",\"url\":\"https:\/\/www.healthy-heart.org\/es\/\",\"name\":\"Healthy-Heart.org\",\"description\":\"Practical advice for patients and family care givers on the prevention of cardiovascular disease\",\"potentialAction\":[{\"@type\":\"SearchAction\",\"target\":{\"@type\":\"EntryPoint\",\"urlTemplate\":\"https:\/\/www.healthy-heart.org\/es\/?s={search_term_string}\"},\"query-input\":{\"@type\":\"PropertyValueSpecification\",\"valueRequired\":true,\"valueName\":\"search_term_string\"}}],\"inLanguage\":\"cs\"}]}<\/script>\n<!-- \/ Yoast SEO plugin. -->","yoast_head_json":{"title":"Podpora rodiny - Healthy-Heart.org","description":"Partner nebo rodina mohou b\u00fdt z\u00e1kladn\u00edm zdrojem podpory a motivace p\u0159i zotavov\u00e1n\u00ed ze srde\u010dn\u00ed choroby.","robots":{"index":"index","follow":"follow","max-snippet":"max-snippet:-1","max-image-preview":"max-image-preview:large","max-video-preview":"max-video-preview:-1"},"canonical":"https:\/\/www.healthy-heart.org\/cs\/zivot-se-srdecni-chorobou\/podpora-rodiny\/","og_locale":"cs_CZ","og_type":"article","og_title":"Podpora rodiny - Healthy-Heart.org","og_description":"Partner nebo rodina mohou b\u00fdt z\u00e1kladn\u00edm zdrojem podpory a motivace p\u0159i zotavov\u00e1n\u00ed ze srde\u010dn\u00ed choroby.","og_url":"https:\/\/www.healthy-heart.org\/cs\/zivot-se-srdecni-chorobou\/podpora-rodiny\/","og_site_name":"Healthy-Heart.org","og_image":[{"width":2560,"height":1707,"url":"https:\/\/www.healthy-heart.org\/wp-content\/uploads\/2019\/07\/iStock-1055062378-scaled.jpg","type":"image\/jpeg"}],"twitter_card":"summary_large_image","twitter_misc":{"Odhadovan\u00e1 doba \u010dten\u00ed":"2 minuty"},"schema":{"@context":"https:\/\/schema.org","@graph":[{"@type":"WebPage","@id":"https:\/\/www.healthy-heart.org\/cs\/zivot-se-srdecni-chorobou\/podpora-rodiny\/","url":"https:\/\/www.healthy-heart.org\/cs\/zivot-se-srdecni-chorobou\/podpora-rodiny\/","name":"Podpora rodiny - Healthy-Heart.org","isPartOf":{"@id":"https:\/\/www.healthy-heart.org\/es\/#website"},"primaryImageOfPage":{"@id":"https:\/\/www.healthy-heart.org\/cs\/zivot-se-srdecni-chorobou\/podpora-rodiny\/#primaryimage"},"image":{"@id":"https:\/\/www.healthy-heart.org\/cs\/zivot-se-srdecni-chorobou\/podpora-rodiny\/#primaryimage"},"thumbnailUrl":"https:\/\/www.healthy-heart.org\/wp-content\/uploads\/2019\/07\/iStock-1055062378-scaled.jpg","datePublished":"2023-08-16T13:54:46+00:00","dateModified":"2023-08-16T13:54:46+00:00","description":"Partner nebo rodina mohou b\u00fdt z\u00e1kladn\u00edm zdrojem podpory a motivace p\u0159i zotavov\u00e1n\u00ed ze srde\u010dn\u00ed choroby.","breadcrumb":{"@id":"https:\/\/www.healthy-heart.org\/cs\/zivot-se-srdecni-chorobou\/podpora-rodiny\/#breadcrumb"},"inLanguage":"cs","potentialAction":[{"@type":"ReadAction","target":["https:\/\/www.healthy-heart.org\/cs\/zivot-se-srdecni-chorobou\/podpora-rodiny\/"]}]},{"@type":"ImageObject","inLanguage":"cs","@id":"https:\/\/www.healthy-heart.org\/cs\/zivot-se-srdecni-chorobou\/podpora-rodiny\/#primaryimage","url":"https:\/\/www.healthy-heart.org\/wp-content\/uploads\/2019\/07\/iStock-1055062378-scaled.jpg","contentUrl":"https:\/\/www.healthy-heart.org\/wp-content\/uploads\/2019\/07\/iStock-1055062378-scaled.jpg","width":2560,"height":1707},{"@type":"BreadcrumbList","@id":"https:\/\/www.healthy-heart.org\/cs\/zivot-se-srdecni-chorobou\/podpora-rodiny\/#breadcrumb","itemListElement":[{"@type":"ListItem","position":1,"name":"Home","item":"https:\/\/www.healthy-heart.org\/cs\/"},{"@type":"ListItem","position":2,"name":"\u017divot se srde\u010dn\u00ed chorobou","item":"https:\/\/www.healthy-heart.org\/cs\/zivot-se-srdecni-chorobou\/"},{"@type":"ListItem","position":3,"name":"Podpora rodiny"}]},{"@type":"WebSite","@id":"https:\/\/www.healthy-heart.org\/es\/#website","url":"https:\/\/www.healthy-heart.org\/es\/","name":"Healthy-Heart.org","description":"Practical advice for patients and family care givers on the prevention of cardiovascular disease","potentialAction":[{"@type":"SearchAction","target":{"@type":"EntryPoint","urlTemplate":"https:\/\/www.healthy-heart.org\/es\/?s={search_term_string}"},"query-input":{"@type":"PropertyValueSpecification","valueRequired":true,"valueName":"search_term_string"}}],"inLanguage":"cs"}]}},"_links":{"self":[{"href":"https:\/\/www.healthy-heart.org\/cs\/wp-json\/wp\/v2\/pages\/6944","targetHints":{"allow":["GET"]}}],"collection":[{"href":"https:\/\/www.healthy-heart.org\/cs\/wp-json\/wp\/v2\/pages"}],"about":[{"href":"https:\/\/www.healthy-heart.org\/cs\/wp-json\/wp\/v2\/types\/page"}],"author":[{"embeddable":true,"href":"https:\/\/www.healthy-heart.org\/cs\/wp-json\/wp\/v2\/users\/1"}],"replies":[{"embeddable":true,"href":"https:\/\/www.healthy-heart.org\/cs\/wp-json\/wp\/v2\/comments?post=6944"}],"version-history":[{"count":0,"href":"https:\/\/www.healthy-heart.org\/cs\/wp-json\/wp\/v2\/pages\/6944\/revisions"}],"up":[{"embeddable":true,"href":"https:\/\/www.healthy-heart.org\/cs\/wp-json\/wp\/v2\/pages\/6898"}],"wp:featuredmedia":[{"embeddable":true,"href":"https:\/\/www.healthy-heart.org\/cs\/wp-json\/wp\/v2\/media\/6946"}],"wp:attachment":[{"href":"https:\/\/www.healthy-heart.org\/cs\/wp-json\/wp\/v2\/media?parent=6944"}],"wp:term":[{"taxonomy":"category","embeddable":true,"href":"https:\/\/www.healthy-heart.org\/cs\/wp-json\/wp\/v2\/categories?post=6944"},{"taxonomy":"post_tag","embeddable":true,"href":"https:\/\/www.healthy-heart.org\/cs\/wp-json\/wp\/v2\/tags?post=6944"}],"curies":[{"name":"wp","href":"https:\/\/api.w.org\/{rel}","templated":true}]}}