{"id":6943,"date":"2023-08-16T14:54:46","date_gmt":"2023-08-16T13:54:46","guid":{"rendered":"https:\/\/www.healthy-heart.org\/zivot-se-srdecni-chorobou\/rizikove-faktory-druheho-infarktu\/"},"modified":"2025-08-29T13:20:52","modified_gmt":"2025-08-29T12:20:52","slug":"rizikove-faktory-druheho-infarktu","status":"publish","type":"page","link":"https:\/\/www.healthy-heart.org\/cs\/zivot-se-srdecni-chorobou\/rizikove-faktory-druheho-infarktu\/","title":{"rendered":"Rizikov\u00e9 faktory druh\u00e9ho infarktu"},"content":{"rendered":"<p><img loading=\"lazy\" decoding=\"async\" class=\"alignright size-medium wp-image-494\" src=\"https:\/\/cdn-endpoint-prev.azureedge.net\/healthy-heart\/2019\/07\/iStock-908134236-e1565872918492-350x246.jpg\" alt=\"\" width=\"350\" height=\"246\" srcset=\"https:\/\/www.healthy-heart.org\/wp-content\/uploads\/2019\/07\/iStock-908134236-e1565872918492-350x246.jpg 350w, https:\/\/www.healthy-heart.org\/wp-content\/uploads\/2019\/07\/iStock-908134236-e1565872918492-200x140.jpg 200w, https:\/\/www.healthy-heart.org\/wp-content\/uploads\/2019\/07\/iStock-908134236-e1565872918492-768x539.jpg 768w, https:\/\/www.healthy-heart.org\/wp-content\/uploads\/2019\/07\/iStock-908134236-e1565872918492-1024x719.jpg 1024w, https:\/\/www.healthy-heart.org\/wp-content\/uploads\/2019\/07\/iStock-908134236-e1565872918492-1536x1079.jpg 1536w, https:\/\/www.healthy-heart.org\/wp-content\/uploads\/2019\/07\/iStock-908134236-e1565872918492-2048x1438.jpg 2048w, https:\/\/www.healthy-heart.org\/wp-content\/uploads\/2019\/07\/iStock-908134236-e1565872918492-625x439.jpg 625w, https:\/\/www.healthy-heart.org\/wp-content\/uploads\/2019\/07\/iStock-908134236-e1565872918492-661x464.jpg 661w\" sizes=\"auto, (max-width: 350px) 100vw, 350px\" \/><\/p>\n<p>Mo\u017en\u00e1 jste podstoupili proceduru a u\u017e\u00edv\u00e1te l\u00e9ky k obnoven\u00ed dod\u00e1vky krve a kysl\u00edku do srde\u010dn\u00edho svalu. I kdy\u017e lze prost\u0159ednictv\u00edm t\u00e9to l\u00e9\u010dby zm\u00edrnit va\u0161e p\u0159\u00edznaky, zasa\u017een\u00e1 c\u00e9va se m\u016f\u017ee z\u00fa\u017eit nebo op\u011bt ucpat. Tak\u00e9 stejn\u00e9 faktory, kter\u00e9 vedly k va\u0161emu prvn\u00edmu srde\u010dn\u00edmu infarktu, ji\u017e mohou po\u0161kozovat jin\u00e9 krevn\u00ed c\u00e9vy ve va\u0161em t\u011ble. Pokud tyto c\u00e9vy z\u00e1sobuj\u00ed srdce, m\u016f\u017ee to v\u00e9st k dal\u0161\u00edmu infarktu. Pokud z\u00e1sobuj\u00ed mozek, m\u016f\u017ee doj\u00edt k mrtvici. Ucpan\u00e9 c\u00e9vy v nohou mohou zp\u016fsobit onemocn\u011bn\u00ed perifern\u00edch tepen.<\/p>\n<p>Riziko druh\u00e9ho infarktu nebo jin\u00e9 kardiovaskul\u00e1rn\u00ed p\u0159\u00edhody je u ka\u017ed\u00e9ho \u010dlov\u011bka jin\u00e9. Z\u00e1le\u017e\u00ed na mnoha faktorech, z nich\u017e n\u011bkter\u00e9 ovlivnit lze, a jin\u00e9 nikoli. Nejrelevantn\u011bj\u0161\u00ed rizikov\u00e9 faktory jsou:<\/p>\n<p><span style=\"text-decoration: underline;\"><strong>Neovlivniteln\u00e9 rizikov\u00e9 faktory:<\/strong><\/span><\/p>\n<ul>\n<li>V\u011bk<\/li>\n<li><a href=\"https:\/\/www.healthy-heart.org\/keep-your-heart-healthy\/differences-between-men-and-women\/\">Pohlav\u00ed<\/a><\/li>\n<li>Po\u010det a typ p\u0159edchoz\u00edch kardiovaskul\u00e1rn\u00edch p\u0159\u00edhod<\/li>\n<li>Zb\u00fdvaj\u00edc\u00ed pumpovac\u00ed kapacita va\u0161eho srdce<\/li>\n<li>P\u0159\u00edtomnost fibrilace s\u00edn\u00ed (forma poruchy rytmu)<\/li>\n<li>Dysfunkce ledvin<\/li>\n<\/ul>\n<p><span style=\"text-decoration: underline;\"><strong>Ovlivniteln\u00e9 rizikov\u00e9 faktory:<\/strong><\/span><\/p>\n<ul>\n<li><a href=\"https:\/\/www.healthy-heart.org\/keep-your-heart-healthy\/smoking\/\">Kou\u0159en\u00ed<\/a><\/li>\n<li><a href=\"https:\/\/www.healthy-heart.org\/keep-your-heart-healthy\/keeping-a-healthy-weight\/\">T\u011blesn\u00e1 hmotnost<\/a><\/li>\n<li><a href=\"https:\/\/www.healthy-heart.org\/keep-your-heart-healthy\/physical-activity\/\">Fyzick\u00e1 aktivita<\/a> versus fyzick\u00e1 ne\u010dinnost<\/li>\n<li><a href=\"https:\/\/www.healthy-heart.org\/keep-your-heart-healthy\/heart-friendly-diet\/\">Zdrav\u00e1 versus nezdrav\u00e1 strava<\/a><\/li>\n<li><a href=\"https:\/\/www.healthy-heart.org\/keep-your-heart-healthy\/stress-and-sleep\/\">Psychosoci\u00e1ln\u00ed stres<\/a><\/li>\n<li><a href=\"https:\/\/www.healthy-heart.org\/keep-your-heart-healthy\/cholesterol\/\">Kontrola cholesterolu v krvi<\/a><\/li>\n<li><a href=\"https:\/\/www.healthy-heart.org\/keep-your-heart-healthy\/blood-pressure\/\">Kontrola krevn\u00edho tlaku<\/a><\/li>\n<li><a href=\"https:\/\/www.healthy-heart.org\/keep-your-heart-healthy\/diabetes\/\">P\u0159\u00edtomnost a kontrola cukrovky<\/a><\/li>\n<li>Chronick\u00fd z\u00e1n\u011bt<\/li>\n<\/ul>\n<p>Identifikace va\u0161ich rizikov\u00fdch faktor\u016f ur\u010d\u00ed zm\u011bny v n\u00e1vyc\u00edch a <a href=\"https:\/\/www.healthy-heart.org\/living-with-heart-disease\/types-of-medication\/\">l\u00e9ky<\/a> pot\u0159ebn\u00e9 k prevenci nov\u00fdch kardiovaskul\u00e1rn\u00edch p\u0159\u00edhod. A\u0165 u\u017e je va\u0161e \u00farove\u0148 rizika jak\u00e1koli, pro prevenci druh\u00e9ho infarktu je v\u017edy z\u00e1sadn\u00ed zdrav\u00fd \u017eivotn\u00ed styl. To obn\u00e1\u0161\u00ed <a href=\"https:\/\/www.healthy-heart.org\/keep-your-heart-healthy\/smoking\/\">vyvarov\u00e1n\u00ed se kou\u0159en\u00ed<\/a>, udr\u017eov\u00e1n\u00ed si <a href=\"https:\/\/www.healthy-heart.org\/keep-your-heart-healthy\/keeping-a-healthy-weight\/\">zdrav\u00e9 v\u00e1hy<\/a>, <a href=\"https:\/\/www.healthy-heart.org\/keep-your-heart-healthy\/heart-friendly-diet\/\">zdravou stravu<\/a>, <a href=\"https:\/\/www.healthy-heart.org\/keep-your-heart-healthy\/physical-activity\/\">fyzickou aktivitu<\/a>, efektivn\u00ed <a href=\"https:\/\/www.healthy-heart.org\/keep-your-heart-healthy\/stress-and-sleep\/\">zvl\u00e1d\u00e1n\u00ed stresu<\/a> a udr\u017eov\u00e1n\u00ed <a href=\"https:\/\/www.healthy-heart.org\/keep-your-heart-healthy\/blood-pressure\/\">krevn\u00edho tlaku<\/a>, <a href=\"https:\/\/www.healthy-heart.org\/keep-your-heart-healthy\/cholesterol\/\">cholesterolu<\/a> a <a href=\"https:\/\/www.healthy-heart.org\/keep-your-heart-healthy\/diabetes\/\">cukrovky<\/a> pod kontrolou.<\/p>\n","protected":false},"excerpt":{"rendered":"<p>Mo\u017en\u00e1 jste podstoupili proceduru a u\u017e\u00edv\u00e1te l\u00e9ky k obnoven\u00ed dod\u00e1vky krve a kysl\u00edku do srde\u010dn\u00edho svalu. I kdy\u017e lze prost\u0159ednictv\u00edm t\u00e9to l\u00e9\u010dby zm\u00edrnit va\u0161e p\u0159\u00edznaky, zasa\u017een\u00e1 c\u00e9va se m\u016f\u017ee z\u00fa\u017eit nebo op\u011bt ucpat. Tak\u00e9 stejn\u00e9 faktory, kter\u00e9 vedly k va\u0161emu prvn\u00edmu srde\u010dn\u00edmu infarktu, ji\u017e mohou po\u0161kozovat jin\u00e9 krevn\u00ed c\u00e9vy ve va\u0161em t\u011ble. Pokud tyto c\u00e9vy [&hellip;]<\/p>\n","protected":false},"author":1,"featured_media":6945,"parent":6898,"menu_order":10,"comment_status":"closed","ping_status":"closed","template":"","meta":{"_acf_changed":false,"footnotes":""},"categories":[146],"tags":[],"class_list":["post-6943","page","type-page","status-publish","has-post-thumbnail","hentry","category-zivot-se-srdecni-chorobou"],"acf":[],"yoast_head":"<!-- This site is optimized with the Yoast SEO plugin v24.0 - https:\/\/yoast.com\/wordpress\/plugins\/seo\/ -->\n<title>Rizikov\u00e9 faktory druh\u00e9ho infarktu myokardu - Healthy-Heart.org<\/title>\n<meta name=\"description\" content=\"Riziko druh\u00e9ho infarktu nen\u00ed u ka\u017ed\u00e9ho stejn\u00e9. Z\u00e1le\u017e\u00ed na mnoha faktorech, z nich\u017e n\u011bkter\u00e9 ovlivnit lze a jin\u00e9 ne.\" \/>\n<meta name=\"robots\" content=\"index, follow, max-snippet:-1, max-image-preview:large, max-video-preview:-1\" \/>\n<link rel=\"canonical\" href=\"https:\/\/www.healthy-heart.org\/cs\/zivot-se-srdecni-chorobou\/rizikove-faktory-druheho-infarktu\/\" \/>\n<meta property=\"og:locale\" content=\"cs_CZ\" \/>\n<meta property=\"og:type\" content=\"article\" \/>\n<meta property=\"og:title\" content=\"Rizikov\u00e9 faktory druh\u00e9ho infarktu myokardu - Healthy-Heart.org\" \/>\n<meta property=\"og:description\" content=\"Riziko druh\u00e9ho infarktu nen\u00ed u ka\u017ed\u00e9ho stejn\u00e9. Z\u00e1le\u017e\u00ed na mnoha faktorech, z nich\u017e n\u011bkter\u00e9 ovlivnit lze a jin\u00e9 ne.\" \/>\n<meta property=\"og:url\" content=\"https:\/\/www.healthy-heart.org\/cs\/zivot-se-srdecni-chorobou\/rizikove-faktory-druheho-infarktu\/\" \/>\n<meta property=\"og:site_name\" content=\"Healthy-Heart.org\" \/>\n<meta property=\"article:modified_time\" content=\"2025-08-29T12:20:52+00:00\" \/>\n<meta property=\"og:image\" content=\"https:\/\/www.healthy-heart.org\/wp-content\/uploads\/2019\/07\/iStock-908134236-e1565872918492-scaled.jpg\" \/>\n\t<meta property=\"og:image:width\" content=\"2560\" \/>\n\t<meta property=\"og:image:height\" content=\"1798\" \/>\n\t<meta property=\"og:image:type\" content=\"image\/jpeg\" \/>\n<meta name=\"twitter:card\" content=\"summary_large_image\" \/>\n<meta name=\"twitter:label1\" content=\"Odhadovan\u00e1 doba \u010dten\u00ed\" \/>\n\t<meta name=\"twitter:data1\" content=\"2 minuty\" \/>\n<script type=\"application\/ld+json\" class=\"yoast-schema-graph\">{\"@context\":\"https:\/\/schema.org\",\"@graph\":[{\"@type\":\"WebPage\",\"@id\":\"https:\/\/www.healthy-heart.org\/cs\/zivot-se-srdecni-chorobou\/rizikove-faktory-druheho-infarktu\/\",\"url\":\"https:\/\/www.healthy-heart.org\/cs\/zivot-se-srdecni-chorobou\/rizikove-faktory-druheho-infarktu\/\",\"name\":\"Rizikov\u00e9 faktory druh\u00e9ho infarktu myokardu - Healthy-Heart.org\",\"isPartOf\":{\"@id\":\"https:\/\/www.healthy-heart.org\/es\/#website\"},\"primaryImageOfPage\":{\"@id\":\"https:\/\/www.healthy-heart.org\/cs\/zivot-se-srdecni-chorobou\/rizikove-faktory-druheho-infarktu\/#primaryimage\"},\"image\":{\"@id\":\"https:\/\/www.healthy-heart.org\/cs\/zivot-se-srdecni-chorobou\/rizikove-faktory-druheho-infarktu\/#primaryimage\"},\"thumbnailUrl\":\"https:\/\/www.healthy-heart.org\/wp-content\/uploads\/2019\/07\/iStock-908134236-e1565872918492-scaled.jpg\",\"datePublished\":\"2023-08-16T13:54:46+00:00\",\"dateModified\":\"2025-08-29T12:20:52+00:00\",\"description\":\"Riziko druh\u00e9ho infarktu nen\u00ed u ka\u017ed\u00e9ho stejn\u00e9. Z\u00e1le\u017e\u00ed na mnoha faktorech, z nich\u017e n\u011bkter\u00e9 ovlivnit lze a jin\u00e9 ne.\",\"breadcrumb\":{\"@id\":\"https:\/\/www.healthy-heart.org\/cs\/zivot-se-srdecni-chorobou\/rizikove-faktory-druheho-infarktu\/#breadcrumb\"},\"inLanguage\":\"cs\",\"potentialAction\":[{\"@type\":\"ReadAction\",\"target\":[\"https:\/\/www.healthy-heart.org\/cs\/zivot-se-srdecni-chorobou\/rizikove-faktory-druheho-infarktu\/\"]}]},{\"@type\":\"ImageObject\",\"inLanguage\":\"cs\",\"@id\":\"https:\/\/www.healthy-heart.org\/cs\/zivot-se-srdecni-chorobou\/rizikove-faktory-druheho-infarktu\/#primaryimage\",\"url\":\"https:\/\/www.healthy-heart.org\/wp-content\/uploads\/2019\/07\/iStock-908134236-e1565872918492-scaled.jpg\",\"contentUrl\":\"https:\/\/www.healthy-heart.org\/wp-content\/uploads\/2019\/07\/iStock-908134236-e1565872918492-scaled.jpg\",\"width\":2560,\"height\":1798},{\"@type\":\"BreadcrumbList\",\"@id\":\"https:\/\/www.healthy-heart.org\/cs\/zivot-se-srdecni-chorobou\/rizikove-faktory-druheho-infarktu\/#breadcrumb\",\"itemListElement\":[{\"@type\":\"ListItem\",\"position\":1,\"name\":\"Home\",\"item\":\"https:\/\/www.healthy-heart.org\/cs\/\"},{\"@type\":\"ListItem\",\"position\":2,\"name\":\"\u017divot se srde\u010dn\u00ed chorobou\",\"item\":\"https:\/\/www.healthy-heart.org\/cs\/zivot-se-srdecni-chorobou\/\"},{\"@type\":\"ListItem\",\"position\":3,\"name\":\"Rizikov\u00e9 faktory druh\u00e9ho infarktu\"}]},{\"@type\":\"WebSite\",\"@id\":\"https:\/\/www.healthy-heart.org\/es\/#website\",\"url\":\"https:\/\/www.healthy-heart.org\/es\/\",\"name\":\"Healthy-Heart.org\",\"description\":\"Practical advice for patients and family care givers on the prevention of cardiovascular disease\",\"potentialAction\":[{\"@type\":\"SearchAction\",\"target\":{\"@type\":\"EntryPoint\",\"urlTemplate\":\"https:\/\/www.healthy-heart.org\/es\/?s={search_term_string}\"},\"query-input\":{\"@type\":\"PropertyValueSpecification\",\"valueRequired\":true,\"valueName\":\"search_term_string\"}}],\"inLanguage\":\"cs\"}]}<\/script>\n<!-- \/ Yoast SEO plugin. -->","yoast_head_json":{"title":"Rizikov\u00e9 faktory druh\u00e9ho infarktu myokardu - Healthy-Heart.org","description":"Riziko druh\u00e9ho infarktu nen\u00ed u ka\u017ed\u00e9ho stejn\u00e9. Z\u00e1le\u017e\u00ed na mnoha faktorech, z nich\u017e n\u011bkter\u00e9 ovlivnit lze a jin\u00e9 ne.","robots":{"index":"index","follow":"follow","max-snippet":"max-snippet:-1","max-image-preview":"max-image-preview:large","max-video-preview":"max-video-preview:-1"},"canonical":"https:\/\/www.healthy-heart.org\/cs\/zivot-se-srdecni-chorobou\/rizikove-faktory-druheho-infarktu\/","og_locale":"cs_CZ","og_type":"article","og_title":"Rizikov\u00e9 faktory druh\u00e9ho infarktu myokardu - Healthy-Heart.org","og_description":"Riziko druh\u00e9ho infarktu nen\u00ed u ka\u017ed\u00e9ho stejn\u00e9. Z\u00e1le\u017e\u00ed na mnoha faktorech, z nich\u017e n\u011bkter\u00e9 ovlivnit lze a jin\u00e9 ne.","og_url":"https:\/\/www.healthy-heart.org\/cs\/zivot-se-srdecni-chorobou\/rizikove-faktory-druheho-infarktu\/","og_site_name":"Healthy-Heart.org","article_modified_time":"2025-08-29T12:20:52+00:00","og_image":[{"width":2560,"height":1798,"url":"https:\/\/www.healthy-heart.org\/wp-content\/uploads\/2019\/07\/iStock-908134236-e1565872918492-scaled.jpg","type":"image\/jpeg"}],"twitter_card":"summary_large_image","twitter_misc":{"Odhadovan\u00e1 doba \u010dten\u00ed":"2 minuty"},"schema":{"@context":"https:\/\/schema.org","@graph":[{"@type":"WebPage","@id":"https:\/\/www.healthy-heart.org\/cs\/zivot-se-srdecni-chorobou\/rizikove-faktory-druheho-infarktu\/","url":"https:\/\/www.healthy-heart.org\/cs\/zivot-se-srdecni-chorobou\/rizikove-faktory-druheho-infarktu\/","name":"Rizikov\u00e9 faktory druh\u00e9ho infarktu myokardu - Healthy-Heart.org","isPartOf":{"@id":"https:\/\/www.healthy-heart.org\/es\/#website"},"primaryImageOfPage":{"@id":"https:\/\/www.healthy-heart.org\/cs\/zivot-se-srdecni-chorobou\/rizikove-faktory-druheho-infarktu\/#primaryimage"},"image":{"@id":"https:\/\/www.healthy-heart.org\/cs\/zivot-se-srdecni-chorobou\/rizikove-faktory-druheho-infarktu\/#primaryimage"},"thumbnailUrl":"https:\/\/www.healthy-heart.org\/wp-content\/uploads\/2019\/07\/iStock-908134236-e1565872918492-scaled.jpg","datePublished":"2023-08-16T13:54:46+00:00","dateModified":"2025-08-29T12:20:52+00:00","description":"Riziko druh\u00e9ho infarktu nen\u00ed u ka\u017ed\u00e9ho stejn\u00e9. Z\u00e1le\u017e\u00ed na mnoha faktorech, z nich\u017e n\u011bkter\u00e9 ovlivnit lze a jin\u00e9 ne.","breadcrumb":{"@id":"https:\/\/www.healthy-heart.org\/cs\/zivot-se-srdecni-chorobou\/rizikove-faktory-druheho-infarktu\/#breadcrumb"},"inLanguage":"cs","potentialAction":[{"@type":"ReadAction","target":["https:\/\/www.healthy-heart.org\/cs\/zivot-se-srdecni-chorobou\/rizikove-faktory-druheho-infarktu\/"]}]},{"@type":"ImageObject","inLanguage":"cs","@id":"https:\/\/www.healthy-heart.org\/cs\/zivot-se-srdecni-chorobou\/rizikove-faktory-druheho-infarktu\/#primaryimage","url":"https:\/\/www.healthy-heart.org\/wp-content\/uploads\/2019\/07\/iStock-908134236-e1565872918492-scaled.jpg","contentUrl":"https:\/\/www.healthy-heart.org\/wp-content\/uploads\/2019\/07\/iStock-908134236-e1565872918492-scaled.jpg","width":2560,"height":1798},{"@type":"BreadcrumbList","@id":"https:\/\/www.healthy-heart.org\/cs\/zivot-se-srdecni-chorobou\/rizikove-faktory-druheho-infarktu\/#breadcrumb","itemListElement":[{"@type":"ListItem","position":1,"name":"Home","item":"https:\/\/www.healthy-heart.org\/cs\/"},{"@type":"ListItem","position":2,"name":"\u017divot se srde\u010dn\u00ed chorobou","item":"https:\/\/www.healthy-heart.org\/cs\/zivot-se-srdecni-chorobou\/"},{"@type":"ListItem","position":3,"name":"Rizikov\u00e9 faktory druh\u00e9ho infarktu"}]},{"@type":"WebSite","@id":"https:\/\/www.healthy-heart.org\/es\/#website","url":"https:\/\/www.healthy-heart.org\/es\/","name":"Healthy-Heart.org","description":"Practical advice for patients and family care givers on the prevention of cardiovascular disease","potentialAction":[{"@type":"SearchAction","target":{"@type":"EntryPoint","urlTemplate":"https:\/\/www.healthy-heart.org\/es\/?s={search_term_string}"},"query-input":{"@type":"PropertyValueSpecification","valueRequired":true,"valueName":"search_term_string"}}],"inLanguage":"cs"}]}},"_links":{"self":[{"href":"https:\/\/www.healthy-heart.org\/cs\/wp-json\/wp\/v2\/pages\/6943","targetHints":{"allow":["GET"]}}],"collection":[{"href":"https:\/\/www.healthy-heart.org\/cs\/wp-json\/wp\/v2\/pages"}],"about":[{"href":"https:\/\/www.healthy-heart.org\/cs\/wp-json\/wp\/v2\/types\/page"}],"author":[{"embeddable":true,"href":"https:\/\/www.healthy-heart.org\/cs\/wp-json\/wp\/v2\/users\/1"}],"replies":[{"embeddable":true,"href":"https:\/\/www.healthy-heart.org\/cs\/wp-json\/wp\/v2\/comments?post=6943"}],"version-history":[{"count":3,"href":"https:\/\/www.healthy-heart.org\/cs\/wp-json\/wp\/v2\/pages\/6943\/revisions"}],"predecessor-version":[{"id":7833,"href":"https:\/\/www.healthy-heart.org\/cs\/wp-json\/wp\/v2\/pages\/6943\/revisions\/7833"}],"up":[{"embeddable":true,"href":"https:\/\/www.healthy-heart.org\/cs\/wp-json\/wp\/v2\/pages\/6898"}],"wp:featuredmedia":[{"embeddable":true,"href":"https:\/\/www.healthy-heart.org\/cs\/wp-json\/wp\/v2\/media\/6945"}],"wp:attachment":[{"href":"https:\/\/www.healthy-heart.org\/cs\/wp-json\/wp\/v2\/media?parent=6943"}],"wp:term":[{"taxonomy":"category","embeddable":true,"href":"https:\/\/www.healthy-heart.org\/cs\/wp-json\/wp\/v2\/categories?post=6943"},{"taxonomy":"post_tag","embeddable":true,"href":"https:\/\/www.healthy-heart.org\/cs\/wp-json\/wp\/v2\/tags?post=6943"}],"curies":[{"name":"wp","href":"https:\/\/api.w.org\/{rel}","templated":true}]}}