{"id":6942,"date":"2023-08-16T14:54:46","date_gmt":"2023-08-16T13:54:46","guid":{"rendered":"https:\/\/www.healthy-heart.org\/uzitecne-odkazy\/"},"modified":"2024-02-27T16:13:22","modified_gmt":"2024-02-27T16:13:22","slug":"uzitecne-odkazy","status":"publish","type":"page","link":"https:\/\/www.healthy-heart.org\/cs\/uzitecne-odkazy\/","title":{"rendered":"U\u017eite\u010dn\u00e9 odkazy"},"content":{"rendered":"<h3><a href=\"https:\/\/www.afibmatters.org\">www.AfibMatters.org<\/a><\/h3>\n<p>Trp\u00edte vy nebo n\u011bkdo z va\u0161ich zn\u00e1m\u00fdch fibrilac\u00ed s\u00edn\u00ed? V\u0161echny pot\u0159ebn\u00e9 informace najdete na tomto vzd\u011bl\u00e1vac\u00edm webu vytvo\u0159en\u00e9m zdravotn\u00edky.<\/p>\n<p>&nbsp;<\/p>\n<h3><a href=\"https:\/\/www.heartfailurematters.org\">www.HeartFailureMatters.org<\/a><\/h3>\n<p>Praktick\u00e9 informace o srde\u010dn\u00edm selh\u00e1n\u00ed pro pacienty, rodiny a pe\u010dovatele poskytuje Asociace srde\u010dn\u00edho selh\u00e1n\u00ed Evropsk\u00e9 kardiologick\u00e9 spole\u010dnosti.<\/p>\n<p>&nbsp;<\/p>\n<h3><a href=\"https:\/\/www.escardio.org\/Guidelines\/guidelines-for-patients\" target=\"_blank\" rel=\"noopener\">Pokyny ESC pro pacienty<\/a><\/h3>\n<p>Na z\u00e1klad\u011b pokyn\u016f pro klinickou praxi ESC maj\u00ed tyto dokumenty p\u0159isp\u011bt k pochopen\u00ed va\u0161eho stavu, poskytnout v\u00e1m znalosti a sebed\u016fv\u011bru, abyste se mohli pod\u00edlet na spole\u010dn\u00e9m rozhodov\u00e1n\u00ed se sv\u00fdmi poskytovateli zdravotn\u00ed p\u00e9\u010de.<br \/>\n<a href=\"https:\/\/www.escardio.org\/static-file\/Escardio\/Guidelines\/Documents\/ESC%20Patient%20Guidelines%20CVD%20in%20patients%20with%20diabetes\"><img loading=\"lazy\" decoding=\"async\" class=\"size-full wp-image-7162 alignright\" src=\"https:\/\/cdn-endpoint-prev.azureedge.net\/healthy-heart\/2024\/02\/CVD_diabetes_patient_GL_cover_escardio-vPhotoMedium.png\" alt=\"\" width=\"176\" height=\"250\" srcset=\"https:\/\/cdn-endpoint-prev.azureedge.net\/healthy-heart\/2024\/02\/CVD_diabetes_patient_GL_cover_escardio-vPhotoMedium.png 176w, https:\/\/cdn-endpoint-prev.azureedge.net\/healthy-heart\/2024\/02\/CVD_diabetes_patient_GL_cover_escardio-vPhotoMedium-141x200.png 141w\" sizes=\"auto, (max-width: 176px) 100vw, 176px\" \/><\/a><\/p>\n<h4><a href=\"https:\/\/www.escardio.org\/static-file\/Escardio\/Guidelines\/Documents\/ESC%20Patient%20Guidelines%20CVD%20in%20patients%20with%20diabetes\">Cukrovka<\/a><\/h4>\n<p>U pacient\u016f s cukrovkou je vy\u0161\u0161\u00ed riziko rozvoje kardiovaskul\u00e1rn\u00edch onemocn\u011bn\u00ed a kardiovaskul\u00e1rn\u00edch p\u0159\u00edhod, jako je srde\u010dn\u00ed infarkt, ne\u017e u pacient\u016f bez diabetu.<\/p>\n<p>Tato p\u0159\u00edru\u010dka poskytuje p\u0159ehled nejnov\u011bj\u0161\u00edch doporu\u010den\u00ed zalo\u017een\u00fdch na d\u016fkazech ohledn\u011b kardiovaskul\u00e1rn\u00edch onemocn\u011bn\u00ed a diabetu. P\u0159edev\u0161\u00edm by v\u00e1m m\u011bla pomoci prozum\u011bt:<\/p>\n<ul>\n<li>R\u016fzn\u00fdm chorob\u00e1m, kter\u00e9 zvy\u0161uj\u00ed riziko kardiovaskul\u00e1rn\u00edch onemocn\u011bn\u00ed u pacient\u016f s cukrovkou.<\/li>\n<li>Doporu\u010den\u00fdm l\u00e9\u010debn\u00fdm postup\u016fm ke sn\u00ed\u017een\u00ed kardiovaskul\u00e1rn\u00edho rizika<\/li>\n<li>Zm\u011bn\u00e1m \u017eivotn\u00edho stylu, kter\u00e9 mohou sn\u00ed\u017eit kardiovaskul\u00e1rn\u00ed riziko.<\/li>\n<\/ul>\n<p>&nbsp;<\/p>\n<h4><a href=\"https:\/\/www.escardio.org\/static-file\/Escardio\/Advocacy\/Documents\/ESC%20CVD%20prevention%20guidelines%20-%20final%20PDF.pdf\">Prevence kardiovaskul\u00e1rn\u00edch onemocn\u011bn\u00ed<\/a><a href=\"https:\/\/www.escardio.org\/static-file\/Escardio\/Advocacy\/Documents\/ESC%20CVD%20prevention%20guidelines%20-%20final%20PDF.pdf\"><img loading=\"lazy\" decoding=\"async\" class=\"alignright wp-image-7149 size-full\" src=\"https:\/\/cdn-endpoint-prev.azureedge.net\/healthy-heart\/2024\/02\/Cover-image-CVDPrevention_escardio-hPhotoSmall.png\" alt=\"\" width=\"178\" height=\"250\" srcset=\"https:\/\/cdn-endpoint-prev.azureedge.net\/healthy-heart\/2024\/02\/Cover-image-CVDPrevention_escardio-hPhotoSmall.png 178w, https:\/\/www.healthy-heart.org\/wp-content\/uploads\/2024\/02\/Cover-image-CVDPrevention_escardio-hPhotoSmall-142x200.png 142w\" sizes=\"auto, (max-width: 178px) 100vw, 178px\" \/><\/a><\/h4>\n<p>Tato p\u0159\u00edru\u010dka poskytuje p\u0159ehled nejnov\u011bj\u0161\u00edch doporu\u010den\u00ed zalo\u017een\u00fdch na d\u016fkazech pro prevenci kardiovaskul\u00e1rn\u00edch onemocn\u011bn\u00ed a diabetu. P\u0159edev\u0161\u00edm by v\u00e1m m\u011bla pomoci prozum\u011bt:<\/p>\n<ul>\n<li>Jak se kardiovaskul\u00e1rn\u00ed onemocn\u011bn\u00ed posuzuje.<\/li>\n<li>V\u00fdznamu zm\u011bny \u017eivotn\u00edho stylu pro prevenci kardiovaskul\u00e1rn\u00edho onemocn\u011bn\u00ed.<\/li>\n<li>L\u00e9\u010debn\u00fdm postup\u016fm a c\u00edl\u016fm l\u00e9\u010dby, kter\u00e9 je vhodn\u00e9 zv\u00e1\u017eit vzhledem k va\u0161emu rizikov\u00e9mu profilu.<\/li>\n<\/ul>\n<p>&nbsp;<\/p>\n<p>&nbsp;<\/p>\n<p>&nbsp;<\/p>\n<p>&nbsp;<\/p>\n","protected":false},"excerpt":{"rendered":"<p>www.AfibMatters.org Trp\u00edte vy nebo n\u011bkdo z va\u0161ich zn\u00e1m\u00fdch fibrilac\u00ed s\u00edn\u00ed? V\u0161echny pot\u0159ebn\u00e9 informace najdete na tomto vzd\u011bl\u00e1vac\u00edm webu vytvo\u0159en\u00e9m zdravotn\u00edky. &nbsp; www.HeartFailureMatters.org Praktick\u00e9 informace o srde\u010dn\u00edm selh\u00e1n\u00ed pro pacienty, rodiny a pe\u010dovatele poskytuje Asociace srde\u010dn\u00edho selh\u00e1n\u00ed Evropsk\u00e9 kardiologick\u00e9 spole\u010dnosti. &nbsp; Pokyny ESC pro pacienty Na z\u00e1klad\u011b pokyn\u016f pro klinickou praxi ESC maj\u00ed tyto dokumenty p\u0159isp\u011bt [&hellip;]<\/p>\n","protected":false},"author":1,"featured_media":6879,"parent":0,"menu_order":0,"comment_status":"closed","ping_status":"closed","template":"templates\/full.php","meta":{"_acf_changed":false,"footnotes":""},"categories":[],"tags":[],"class_list":["post-6942","page","type-page","status-publish","has-post-thumbnail","hentry"],"acf":[],"yoast_head":"<!-- This site is optimized with the Yoast SEO plugin v24.0 - https:\/\/yoast.com\/wordpress\/plugins\/seo\/ -->\n<title>U\u017eite\u010dn\u00e9 odkazy - Healthy-Heart.org<\/title>\n<meta name=\"description\" content=\"Odkazy souvisej\u00edc\u00ed se srdcem, kter\u00e9 nab\u00edzej\u00ed dal\u0161\u00ed u\u017eite\u010dn\u00e9 informace.\" \/>\n<meta name=\"robots\" content=\"index, follow, max-snippet:-1, max-image-preview:large, max-video-preview:-1\" \/>\n<link rel=\"canonical\" href=\"https:\/\/www.healthy-heart.org\/cs\/uzitecne-odkazy\/\" \/>\n<meta property=\"og:locale\" content=\"cs_CZ\" \/>\n<meta property=\"og:type\" content=\"article\" \/>\n<meta property=\"og:title\" content=\"U\u017eite\u010dn\u00e9 odkazy - Healthy-Heart.org\" \/>\n<meta property=\"og:description\" content=\"Odkazy souvisej\u00edc\u00ed se srdcem, kter\u00e9 nab\u00edzej\u00ed dal\u0161\u00ed u\u017eite\u010dn\u00e9 informace.\" \/>\n<meta property=\"og:url\" content=\"https:\/\/www.healthy-heart.org\/cs\/uzitecne-odkazy\/\" \/>\n<meta property=\"og:site_name\" content=\"Healthy-Heart.org\" \/>\n<meta property=\"article:modified_time\" content=\"2024-02-27T16:13:22+00:00\" \/>\n<meta property=\"og:image\" content=\"https:\/\/www.healthy-heart.org\/wp-content\/uploads\/2019\/07\/iStock-475709316-e1565872544506-scaled.jpg\" \/>\n\t<meta property=\"og:image:width\" content=\"2560\" \/>\n\t<meta property=\"og:image:height\" content=\"1689\" \/>\n\t<meta property=\"og:image:type\" content=\"image\/jpeg\" \/>\n<meta name=\"twitter:card\" content=\"summary_large_image\" \/>\n<meta name=\"twitter:label1\" content=\"Odhadovan\u00e1 doba \u010dten\u00ed\" \/>\n\t<meta name=\"twitter:data1\" content=\"2 minuty\" \/>\n<script type=\"application\/ld+json\" class=\"yoast-schema-graph\">{\"@context\":\"https:\/\/schema.org\",\"@graph\":[{\"@type\":\"WebPage\",\"@id\":\"https:\/\/www.healthy-heart.org\/cs\/uzitecne-odkazy\/\",\"url\":\"https:\/\/www.healthy-heart.org\/cs\/uzitecne-odkazy\/\",\"name\":\"U\u017eite\u010dn\u00e9 odkazy - Healthy-Heart.org\",\"isPartOf\":{\"@id\":\"https:\/\/www.healthy-heart.org\/es\/#website\"},\"primaryImageOfPage\":{\"@id\":\"https:\/\/www.healthy-heart.org\/cs\/uzitecne-odkazy\/#primaryimage\"},\"image\":{\"@id\":\"https:\/\/www.healthy-heart.org\/cs\/uzitecne-odkazy\/#primaryimage\"},\"thumbnailUrl\":\"https:\/\/www.healthy-heart.org\/wp-content\/uploads\/2019\/07\/iStock-475709316-e1565872544506-scaled.jpg\",\"datePublished\":\"2023-08-16T13:54:46+00:00\",\"dateModified\":\"2024-02-27T16:13:22+00:00\",\"description\":\"Odkazy souvisej\u00edc\u00ed se srdcem, kter\u00e9 nab\u00edzej\u00ed dal\u0161\u00ed u\u017eite\u010dn\u00e9 informace.\",\"breadcrumb\":{\"@id\":\"https:\/\/www.healthy-heart.org\/cs\/uzitecne-odkazy\/#breadcrumb\"},\"inLanguage\":\"cs\",\"potentialAction\":[{\"@type\":\"ReadAction\",\"target\":[\"https:\/\/www.healthy-heart.org\/cs\/uzitecne-odkazy\/\"]}]},{\"@type\":\"ImageObject\",\"inLanguage\":\"cs\",\"@id\":\"https:\/\/www.healthy-heart.org\/cs\/uzitecne-odkazy\/#primaryimage\",\"url\":\"https:\/\/www.healthy-heart.org\/wp-content\/uploads\/2019\/07\/iStock-475709316-e1565872544506-scaled.jpg\",\"contentUrl\":\"https:\/\/www.healthy-heart.org\/wp-content\/uploads\/2019\/07\/iStock-475709316-e1565872544506-scaled.jpg\",\"width\":2560,\"height\":1689},{\"@type\":\"BreadcrumbList\",\"@id\":\"https:\/\/www.healthy-heart.org\/cs\/uzitecne-odkazy\/#breadcrumb\",\"itemListElement\":[{\"@type\":\"ListItem\",\"position\":1,\"name\":\"Home\",\"item\":\"https:\/\/www.healthy-heart.org\/cs\/\"},{\"@type\":\"ListItem\",\"position\":2,\"name\":\"U\u017eite\u010dn\u00e9 odkazy\"}]},{\"@type\":\"WebSite\",\"@id\":\"https:\/\/www.healthy-heart.org\/es\/#website\",\"url\":\"https:\/\/www.healthy-heart.org\/es\/\",\"name\":\"Healthy-Heart.org\",\"description\":\"Practical advice for patients and family care givers on the prevention of cardiovascular disease\",\"potentialAction\":[{\"@type\":\"SearchAction\",\"target\":{\"@type\":\"EntryPoint\",\"urlTemplate\":\"https:\/\/www.healthy-heart.org\/es\/?s={search_term_string}\"},\"query-input\":{\"@type\":\"PropertyValueSpecification\",\"valueRequired\":true,\"valueName\":\"search_term_string\"}}],\"inLanguage\":\"cs\"}]}<\/script>\n<!-- \/ Yoast SEO plugin. -->","yoast_head_json":{"title":"U\u017eite\u010dn\u00e9 odkazy - Healthy-Heart.org","description":"Odkazy souvisej\u00edc\u00ed se srdcem, kter\u00e9 nab\u00edzej\u00ed dal\u0161\u00ed u\u017eite\u010dn\u00e9 informace.","robots":{"index":"index","follow":"follow","max-snippet":"max-snippet:-1","max-image-preview":"max-image-preview:large","max-video-preview":"max-video-preview:-1"},"canonical":"https:\/\/www.healthy-heart.org\/cs\/uzitecne-odkazy\/","og_locale":"cs_CZ","og_type":"article","og_title":"U\u017eite\u010dn\u00e9 odkazy - Healthy-Heart.org","og_description":"Odkazy souvisej\u00edc\u00ed se srdcem, kter\u00e9 nab\u00edzej\u00ed dal\u0161\u00ed u\u017eite\u010dn\u00e9 informace.","og_url":"https:\/\/www.healthy-heart.org\/cs\/uzitecne-odkazy\/","og_site_name":"Healthy-Heart.org","article_modified_time":"2024-02-27T16:13:22+00:00","og_image":[{"width":2560,"height":1689,"url":"https:\/\/www.healthy-heart.org\/wp-content\/uploads\/2019\/07\/iStock-475709316-e1565872544506-scaled.jpg","type":"image\/jpeg"}],"twitter_card":"summary_large_image","twitter_misc":{"Odhadovan\u00e1 doba \u010dten\u00ed":"2 minuty"},"schema":{"@context":"https:\/\/schema.org","@graph":[{"@type":"WebPage","@id":"https:\/\/www.healthy-heart.org\/cs\/uzitecne-odkazy\/","url":"https:\/\/www.healthy-heart.org\/cs\/uzitecne-odkazy\/","name":"U\u017eite\u010dn\u00e9 odkazy - Healthy-Heart.org","isPartOf":{"@id":"https:\/\/www.healthy-heart.org\/es\/#website"},"primaryImageOfPage":{"@id":"https:\/\/www.healthy-heart.org\/cs\/uzitecne-odkazy\/#primaryimage"},"image":{"@id":"https:\/\/www.healthy-heart.org\/cs\/uzitecne-odkazy\/#primaryimage"},"thumbnailUrl":"https:\/\/www.healthy-heart.org\/wp-content\/uploads\/2019\/07\/iStock-475709316-e1565872544506-scaled.jpg","datePublished":"2023-08-16T13:54:46+00:00","dateModified":"2024-02-27T16:13:22+00:00","description":"Odkazy souvisej\u00edc\u00ed se srdcem, kter\u00e9 nab\u00edzej\u00ed dal\u0161\u00ed u\u017eite\u010dn\u00e9 informace.","breadcrumb":{"@id":"https:\/\/www.healthy-heart.org\/cs\/uzitecne-odkazy\/#breadcrumb"},"inLanguage":"cs","potentialAction":[{"@type":"ReadAction","target":["https:\/\/www.healthy-heart.org\/cs\/uzitecne-odkazy\/"]}]},{"@type":"ImageObject","inLanguage":"cs","@id":"https:\/\/www.healthy-heart.org\/cs\/uzitecne-odkazy\/#primaryimage","url":"https:\/\/www.healthy-heart.org\/wp-content\/uploads\/2019\/07\/iStock-475709316-e1565872544506-scaled.jpg","contentUrl":"https:\/\/www.healthy-heart.org\/wp-content\/uploads\/2019\/07\/iStock-475709316-e1565872544506-scaled.jpg","width":2560,"height":1689},{"@type":"BreadcrumbList","@id":"https:\/\/www.healthy-heart.org\/cs\/uzitecne-odkazy\/#breadcrumb","itemListElement":[{"@type":"ListItem","position":1,"name":"Home","item":"https:\/\/www.healthy-heart.org\/cs\/"},{"@type":"ListItem","position":2,"name":"U\u017eite\u010dn\u00e9 odkazy"}]},{"@type":"WebSite","@id":"https:\/\/www.healthy-heart.org\/es\/#website","url":"https:\/\/www.healthy-heart.org\/es\/","name":"Healthy-Heart.org","description":"Practical advice for patients and family care givers on the prevention of cardiovascular disease","potentialAction":[{"@type":"SearchAction","target":{"@type":"EntryPoint","urlTemplate":"https:\/\/www.healthy-heart.org\/es\/?s={search_term_string}"},"query-input":{"@type":"PropertyValueSpecification","valueRequired":true,"valueName":"search_term_string"}}],"inLanguage":"cs"}]}},"_links":{"self":[{"href":"https:\/\/www.healthy-heart.org\/cs\/wp-json\/wp\/v2\/pages\/6942","targetHints":{"allow":["GET"]}}],"collection":[{"href":"https:\/\/www.healthy-heart.org\/cs\/wp-json\/wp\/v2\/pages"}],"about":[{"href":"https:\/\/www.healthy-heart.org\/cs\/wp-json\/wp\/v2\/types\/page"}],"author":[{"embeddable":true,"href":"https:\/\/www.healthy-heart.org\/cs\/wp-json\/wp\/v2\/users\/1"}],"replies":[{"embeddable":true,"href":"https:\/\/www.healthy-heart.org\/cs\/wp-json\/wp\/v2\/comments?post=6942"}],"version-history":[{"count":1,"href":"https:\/\/www.healthy-heart.org\/cs\/wp-json\/wp\/v2\/pages\/6942\/revisions"}],"predecessor-version":[{"id":7199,"href":"https:\/\/www.healthy-heart.org\/cs\/wp-json\/wp\/v2\/pages\/6942\/revisions\/7199"}],"wp:featuredmedia":[{"embeddable":true,"href":"https:\/\/www.healthy-heart.org\/cs\/wp-json\/wp\/v2\/media\/6879"}],"wp:attachment":[{"href":"https:\/\/www.healthy-heart.org\/cs\/wp-json\/wp\/v2\/media?parent=6942"}],"wp:term":[{"taxonomy":"category","embeddable":true,"href":"https:\/\/www.healthy-heart.org\/cs\/wp-json\/wp\/v2\/categories?post=6942"},{"taxonomy":"post_tag","embeddable":true,"href":"https:\/\/www.healthy-heart.org\/cs\/wp-json\/wp\/v2\/tags?post=6942"}],"curies":[{"name":"wp","href":"https:\/\/api.w.org\/{rel}","templated":true}]}}