{"id":6940,"date":"2023-08-16T14:54:43","date_gmt":"2023-08-16T13:54:43","guid":{"rendered":"https:\/\/www.healthy-heart.org\/nejcastejsi-dotazy\/"},"modified":"2023-08-16T15:07:58","modified_gmt":"2023-08-16T14:07:58","slug":"nejcastejsi-dotazy","status":"publish","type":"page","link":"https:\/\/www.healthy-heart.org\/cs\/nejcastejsi-dotazy\/","title":{"rendered":"Nej\u010dast\u011bj\u0161\u00ed dotazy"},"content":{"rendered":"","protected":false},"excerpt":{"rendered":"","protected":false},"author":1,"featured_media":0,"parent":0,"menu_order":0,"comment_status":"closed","ping_status":"closed","template":"templates\/faq.php","meta":{"_acf_changed":false,"footnotes":""},"categories":[],"tags":[],"class_list":["post-6940","page","type-page","status-publish","hentry"],"acf":[],"yoast_head":"<!-- This site is optimized with the Yoast SEO plugin v24.0 - https:\/\/yoast.com\/wordpress\/plugins\/seo\/ -->\n<title>\u010casto kladen\u00e9 ot\u00e1zky - Healthy-Heart.org<\/title>\n<meta name=\"description\" content=\"Seznam \u010dasto kladen\u00fdch ot\u00e1zek o srde\u010dn\u00edch chorob\u00e1ch.\" \/>\n<meta name=\"robots\" content=\"index, follow, max-snippet:-1, max-image-preview:large, max-video-preview:-1\" \/>\n<link rel=\"canonical\" href=\"https:\/\/www.healthy-heart.org\/cs\/nejcastejsi-dotazy\/\" \/>\n<meta property=\"og:locale\" content=\"cs_CZ\" \/>\n<meta property=\"og:type\" content=\"article\" \/>\n<meta property=\"og:title\" content=\"\u010casto kladen\u00e9 ot\u00e1zky - Healthy-Heart.org\" \/>\n<meta property=\"og:description\" content=\"Seznam \u010dasto kladen\u00fdch ot\u00e1zek o srde\u010dn\u00edch chorob\u00e1ch.\" \/>\n<meta property=\"og:url\" content=\"https:\/\/www.healthy-heart.org\/cs\/nejcastejsi-dotazy\/\" \/>\n<meta property=\"og:site_name\" content=\"Healthy-Heart.org\" \/>\n<meta property=\"article:modified_time\" content=\"2023-08-16T14:07:58+00:00\" \/>\n<meta name=\"twitter:card\" content=\"summary_large_image\" \/>\n<script type=\"application\/ld+json\" class=\"yoast-schema-graph\">{\"@context\":\"https:\/\/schema.org\",\"@graph\":[{\"@type\":\"WebPage\",\"@id\":\"https:\/\/www.healthy-heart.org\/cs\/nejcastejsi-dotazy\/\",\"url\":\"https:\/\/www.healthy-heart.org\/cs\/nejcastejsi-dotazy\/\",\"name\":\"\u010casto kladen\u00e9 ot\u00e1zky - Healthy-Heart.org\",\"isPartOf\":{\"@id\":\"https:\/\/www.healthy-heart.org\/es\/#website\"},\"datePublished\":\"2023-08-16T13:54:43+00:00\",\"dateModified\":\"2023-08-16T14:07:58+00:00\",\"description\":\"Seznam \u010dasto kladen\u00fdch ot\u00e1zek o srde\u010dn\u00edch chorob\u00e1ch.\",\"breadcrumb\":{\"@id\":\"https:\/\/www.healthy-heart.org\/cs\/nejcastejsi-dotazy\/#breadcrumb\"},\"inLanguage\":\"cs\",\"potentialAction\":[{\"@type\":\"ReadAction\",\"target\":[\"https:\/\/www.healthy-heart.org\/cs\/nejcastejsi-dotazy\/\"]}]},{\"@type\":\"BreadcrumbList\",\"@id\":\"https:\/\/www.healthy-heart.org\/cs\/nejcastejsi-dotazy\/#breadcrumb\",\"itemListElement\":[{\"@type\":\"ListItem\",\"position\":1,\"name\":\"Home\",\"item\":\"https:\/\/www.healthy-heart.org\/cs\/\"},{\"@type\":\"ListItem\",\"position\":2,\"name\":\"Nej\u010dast\u011bj\u0161\u00ed dotazy\"}]},{\"@type\":\"WebSite\",\"@id\":\"https:\/\/www.healthy-heart.org\/es\/#website\",\"url\":\"https:\/\/www.healthy-heart.org\/es\/\",\"name\":\"Healthy-Heart.org\",\"description\":\"Practical advice for patients and family care givers on the prevention of cardiovascular disease\",\"potentialAction\":[{\"@type\":\"SearchAction\",\"target\":{\"@type\":\"EntryPoint\",\"urlTemplate\":\"https:\/\/www.healthy-heart.org\/es\/?s={search_term_string}\"},\"query-input\":{\"@type\":\"PropertyValueSpecification\",\"valueRequired\":true,\"valueName\":\"search_term_string\"}}],\"inLanguage\":\"cs\"}]}<\/script>\n<!-- \/ Yoast SEO plugin. -->","yoast_head_json":{"title":"\u010casto kladen\u00e9 ot\u00e1zky - Healthy-Heart.org","description":"Seznam \u010dasto kladen\u00fdch ot\u00e1zek o srde\u010dn\u00edch chorob\u00e1ch.","robots":{"index":"index","follow":"follow","max-snippet":"max-snippet:-1","max-image-preview":"max-image-preview:large","max-video-preview":"max-video-preview:-1"},"canonical":"https:\/\/www.healthy-heart.org\/cs\/nejcastejsi-dotazy\/","og_locale":"cs_CZ","og_type":"article","og_title":"\u010casto kladen\u00e9 ot\u00e1zky - Healthy-Heart.org","og_description":"Seznam \u010dasto kladen\u00fdch ot\u00e1zek o srde\u010dn\u00edch chorob\u00e1ch.","og_url":"https:\/\/www.healthy-heart.org\/cs\/nejcastejsi-dotazy\/","og_site_name":"Healthy-Heart.org","article_modified_time":"2023-08-16T14:07:58+00:00","twitter_card":"summary_large_image","schema":{"@context":"https:\/\/schema.org","@graph":[{"@type":"WebPage","@id":"https:\/\/www.healthy-heart.org\/cs\/nejcastejsi-dotazy\/","url":"https:\/\/www.healthy-heart.org\/cs\/nejcastejsi-dotazy\/","name":"\u010casto kladen\u00e9 ot\u00e1zky - Healthy-Heart.org","isPartOf":{"@id":"https:\/\/www.healthy-heart.org\/es\/#website"},"datePublished":"2023-08-16T13:54:43+00:00","dateModified":"2023-08-16T14:07:58+00:00","description":"Seznam \u010dasto kladen\u00fdch ot\u00e1zek o srde\u010dn\u00edch chorob\u00e1ch.","breadcrumb":{"@id":"https:\/\/www.healthy-heart.org\/cs\/nejcastejsi-dotazy\/#breadcrumb"},"inLanguage":"cs","potentialAction":[{"@type":"ReadAction","target":["https:\/\/www.healthy-heart.org\/cs\/nejcastejsi-dotazy\/"]}]},{"@type":"BreadcrumbList","@id":"https:\/\/www.healthy-heart.org\/cs\/nejcastejsi-dotazy\/#breadcrumb","itemListElement":[{"@type":"ListItem","position":1,"name":"Home","item":"https:\/\/www.healthy-heart.org\/cs\/"},{"@type":"ListItem","position":2,"name":"Nej\u010dast\u011bj\u0161\u00ed dotazy"}]},{"@type":"WebSite","@id":"https:\/\/www.healthy-heart.org\/es\/#website","url":"https:\/\/www.healthy-heart.org\/es\/","name":"Healthy-Heart.org","description":"Practical advice for patients and family care givers on the prevention of cardiovascular disease","potentialAction":[{"@type":"SearchAction","target":{"@type":"EntryPoint","urlTemplate":"https:\/\/www.healthy-heart.org\/es\/?s={search_term_string}"},"query-input":{"@type":"PropertyValueSpecification","valueRequired":true,"valueName":"search_term_string"}}],"inLanguage":"cs"}]}},"_links":{"self":[{"href":"https:\/\/www.healthy-heart.org\/cs\/wp-json\/wp\/v2\/pages\/6940","targetHints":{"allow":["GET"]}}],"collection":[{"href":"https:\/\/www.healthy-heart.org\/cs\/wp-json\/wp\/v2\/pages"}],"about":[{"href":"https:\/\/www.healthy-heart.org\/cs\/wp-json\/wp\/v2\/types\/page"}],"author":[{"embeddable":true,"href":"https:\/\/www.healthy-heart.org\/cs\/wp-json\/wp\/v2\/users\/1"}],"replies":[{"embeddable":true,"href":"https:\/\/www.healthy-heart.org\/cs\/wp-json\/wp\/v2\/comments?post=6940"}],"version-history":[{"count":2,"href":"https:\/\/www.healthy-heart.org\/cs\/wp-json\/wp\/v2\/pages\/6940\/revisions"}],"predecessor-version":[{"id":6999,"href":"https:\/\/www.healthy-heart.org\/cs\/wp-json\/wp\/v2\/pages\/6940\/revisions\/6999"}],"wp:attachment":[{"href":"https:\/\/www.healthy-heart.org\/cs\/wp-json\/wp\/v2\/media?parent=6940"}],"wp:term":[{"taxonomy":"category","embeddable":true,"href":"https:\/\/www.healthy-heart.org\/cs\/wp-json\/wp\/v2\/categories?post=6940"},{"taxonomy":"post_tag","embeddable":true,"href":"https:\/\/www.healthy-heart.org\/cs\/wp-json\/wp\/v2\/tags?post=6940"}],"curies":[{"name":"wp","href":"https:\/\/api.w.org\/{rel}","templated":true}]}}