{"id":6938,"date":"2023-08-16T14:54:43","date_gmt":"2023-08-16T13:54:43","guid":{"rendered":"https:\/\/www.healthy-heart.org\/zivot-se-srdecni-chorobou\/navrat-do-prace-po-infarktu\/"},"modified":"2024-12-10T12:24:25","modified_gmt":"2024-12-10T12:24:25","slug":"navrat-do-prace-po-infarktu","status":"publish","type":"page","link":"https:\/\/www.healthy-heart.org\/cs\/zivot-se-srdecni-chorobou\/navrat-do-prace-po-infarktu\/","title":{"rendered":"N\u00e1vrat do pr\u00e1ce po infarktu"},"content":{"rendered":"<p><img loading=\"lazy\" decoding=\"async\" class=\"alignright size-medium wp-image-554\" src=\"https:\/\/cdn-endpoint-prev.azureedge.net\/healthy-heart\/2019\/07\/iStock-75939684-e1565873258225-350x244.jpg\" alt=\"\" width=\"350\" height=\"244\" srcset=\"https:\/\/www.healthy-heart.org\/wp-content\/uploads\/2019\/07\/iStock-75939684-e1565873258225-350x244.jpg 350w, https:\/\/cdn-endpoint-prev.azureedge.net\/healthy-heart\/2019\/07\/iStock-75939684-e1565873258225-2048x1427.jpg 2048w, https:\/\/www.healthy-heart.org\/wp-content\/uploads\/2019\/07\/iStock-75939684-e1565873258225-200x139.jpg 200w, https:\/\/www.healthy-heart.org\/wp-content\/uploads\/2019\/07\/iStock-75939684-e1565873258225-768x535.jpg 768w, https:\/\/www.healthy-heart.org\/wp-content\/uploads\/2019\/07\/iStock-75939684-e1565873258225-1024x713.jpg 1024w, https:\/\/www.healthy-heart.org\/wp-content\/uploads\/2019\/07\/iStock-75939684-e1565873258225-1536x1070.jpg 1536w, https:\/\/www.healthy-heart.org\/wp-content\/uploads\/2019\/07\/iStock-75939684-e1565873258225-630x439.jpg 630w, https:\/\/www.healthy-heart.org\/wp-content\/uploads\/2019\/07\/iStock-75939684-e1565873258225-666x464.jpg 666w\" sizes=\"auto, (max-width: 350px) 100vw, 350px\" \/><\/p>\n<p>Pot\u00e9, co opust\u00edte nemocnici, bude m\u00edt z\u00e1sadn\u00ed d\u016fle\u017eitost komplexn\u00ed kardiologick\u00fd rehabilita\u010dn\u00ed program. Tento program v\u00e1m pom\u016f\u017ee obnovit funk\u010dn\u00ed kapacitu srdce a jeho sou\u010d\u00e1st\u00ed bude pl\u00e1n cvi\u010den\u00ed, kter\u00fd v\u00e1m bude uzp\u016fsoben na m\u00edru. Po infarktu je t\u0159eba se na kr\u00e1tkou dobu vyvarovat n\u00e1ro\u010dn\u00e9 fyzick\u00e9 aktivity \u2013 jak dlouho to bude, m\u016f\u017ee b\u00fdt u ka\u017ed\u00e9ho jedince jin\u00e9 a je t\u0159eba to probrat s kardiologem. Pravideln\u00e1 lehk\u00e1 a\u017e st\u0159edn\u011b intenzivn\u00ed fyzick\u00e1 aktivita v\u00e1m v\u0161ak v\u00fdrazn\u011b pom\u016f\u017ee p\u0159i zotaven\u00ed a zlep\u0161en\u00ed kvality \u017eivota. Del\u0161\u00ed nemocensk\u00e1 nen\u00ed obvykle prosp\u011b\u0161n\u00e1 a doporu\u010duje se po propu\u0161t\u011bn\u00ed z nemocnice z\u016fstat aktivn\u00ed.<\/p>\n<p>Pokud je \u010derpac\u00ed funkce srdce norm\u00e1ln\u00ed a b\u011bhem pobytu v nemocnici nebo rehabilitace nedo\u0161lo k \u017e\u00e1dn\u00fdm komplikac\u00edm, je u osob, kter\u00e9 vykon\u00e1vaj\u00ed zam\u011bstn\u00e1n\u00ed vy\u017eaduj\u00edc\u00ed malou a\u017e st\u0159edn\u00ed fyzickou n\u00e1mahu, n\u00e1vrat do pr\u00e1ce obvykle mo\u017en\u00fd do jednoho m\u011bs\u00edce. U lid\u00ed s fyzicky n\u00e1ro\u010dnou prac\u00ed je n\u011bkdy t\u0159eba p\u0159ed t\u00edm, ne\u017e v\u00e1\u0161 kardiolog n\u00e1vrat do zam\u011bstn\u00e1n\u00ed potvrd\u00ed, prov\u00e9st dopl\u0148uj\u00edc\u00ed testy.<\/p>\n","protected":false},"excerpt":{"rendered":"<p>Pot\u00e9, co opust\u00edte nemocnici, bude m\u00edt z\u00e1sadn\u00ed d\u016fle\u017eitost komplexn\u00ed kardiologick\u00fd rehabilita\u010dn\u00ed program. Tento program v\u00e1m pom\u016f\u017ee obnovit funk\u010dn\u00ed kapacitu srdce a jeho sou\u010d\u00e1st\u00ed bude pl\u00e1n cvi\u010den\u00ed, kter\u00fd v\u00e1m bude uzp\u016fsoben na m\u00edru. Po infarktu je t\u0159eba se na kr\u00e1tkou dobu vyvarovat n\u00e1ro\u010dn\u00e9 fyzick\u00e9 aktivity \u2013 jak dlouho to bude, m\u016f\u017ee b\u00fdt u ka\u017ed\u00e9ho jedince jin\u00e9 [&hellip;]<\/p>\n","protected":false},"author":1,"featured_media":6941,"parent":6898,"menu_order":8,"comment_status":"closed","ping_status":"closed","template":"","meta":{"_acf_changed":false,"footnotes":""},"categories":[146],"tags":[],"class_list":["post-6938","page","type-page","status-publish","has-post-thumbnail","hentry","category-zivot-se-srdecni-chorobou"],"acf":[],"yoast_head":"<!-- This site is optimized with the Yoast SEO plugin v24.0 - https:\/\/yoast.com\/wordpress\/plugins\/seo\/ -->\n<title>N\u00e1vrat do pr\u00e1ce po infarktu - Healthy-Heart.org<\/title>\n<meta name=\"description\" content=\"V\u011bt\u0161ina lid\u00ed se m\u016f\u017ee po infarktu vr\u00e1tit do pr\u00e1ce, ale b\u011bhem prvn\u00edho m\u011bs\u00edce by se m\u011bli vyvarovat velk\u00e9 fyzick\u00e9 n\u00e1mahy.\" \/>\n<meta name=\"robots\" content=\"index, follow, max-snippet:-1, max-image-preview:large, max-video-preview:-1\" \/>\n<link rel=\"canonical\" href=\"https:\/\/www.healthy-heart.org\/cs\/zivot-se-srdecni-chorobou\/navrat-do-prace-po-infarktu\/\" \/>\n<meta property=\"og:locale\" content=\"cs_CZ\" \/>\n<meta property=\"og:type\" content=\"article\" \/>\n<meta property=\"og:title\" content=\"N\u00e1vrat do pr\u00e1ce po infarktu - Healthy-Heart.org\" \/>\n<meta property=\"og:description\" content=\"V\u011bt\u0161ina lid\u00ed se m\u016f\u017ee po infarktu vr\u00e1tit do pr\u00e1ce, ale b\u011bhem prvn\u00edho m\u011bs\u00edce by se m\u011bli vyvarovat velk\u00e9 fyzick\u00e9 n\u00e1mahy.\" \/>\n<meta property=\"og:url\" content=\"https:\/\/www.healthy-heart.org\/cs\/zivot-se-srdecni-chorobou\/navrat-do-prace-po-infarktu\/\" \/>\n<meta property=\"og:site_name\" content=\"Healthy-Heart.org\" \/>\n<meta property=\"article:modified_time\" content=\"2024-12-10T12:24:25+00:00\" \/>\n<meta property=\"og:image\" content=\"https:\/\/www.healthy-heart.org\/wp-content\/uploads\/2019\/07\/iStock-75939684-e1565873258225-scaled.jpg\" \/>\n\t<meta property=\"og:image:width\" content=\"2560\" \/>\n\t<meta property=\"og:image:height\" content=\"1783\" \/>\n\t<meta property=\"og:image:type\" content=\"image\/jpeg\" \/>\n<meta name=\"twitter:card\" content=\"summary_large_image\" \/>\n<meta name=\"twitter:label1\" content=\"Odhadovan\u00e1 doba \u010dten\u00ed\" \/>\n\t<meta name=\"twitter:data1\" content=\"1 minuta\" \/>\n<script type=\"application\/ld+json\" class=\"yoast-schema-graph\">{\"@context\":\"https:\/\/schema.org\",\"@graph\":[{\"@type\":\"WebPage\",\"@id\":\"https:\/\/www.healthy-heart.org\/cs\/zivot-se-srdecni-chorobou\/navrat-do-prace-po-infarktu\/\",\"url\":\"https:\/\/www.healthy-heart.org\/cs\/zivot-se-srdecni-chorobou\/navrat-do-prace-po-infarktu\/\",\"name\":\"N\u00e1vrat do pr\u00e1ce po infarktu - Healthy-Heart.org\",\"isPartOf\":{\"@id\":\"https:\/\/www.healthy-heart.org\/es\/#website\"},\"primaryImageOfPage\":{\"@id\":\"https:\/\/www.healthy-heart.org\/cs\/zivot-se-srdecni-chorobou\/navrat-do-prace-po-infarktu\/#primaryimage\"},\"image\":{\"@id\":\"https:\/\/www.healthy-heart.org\/cs\/zivot-se-srdecni-chorobou\/navrat-do-prace-po-infarktu\/#primaryimage\"},\"thumbnailUrl\":\"https:\/\/www.healthy-heart.org\/wp-content\/uploads\/2019\/07\/iStock-75939684-e1565873258225-scaled.jpg\",\"datePublished\":\"2023-08-16T13:54:43+00:00\",\"dateModified\":\"2024-12-10T12:24:25+00:00\",\"description\":\"V\u011bt\u0161ina lid\u00ed se m\u016f\u017ee po infarktu vr\u00e1tit do pr\u00e1ce, ale b\u011bhem prvn\u00edho m\u011bs\u00edce by se m\u011bli vyvarovat velk\u00e9 fyzick\u00e9 n\u00e1mahy.\",\"breadcrumb\":{\"@id\":\"https:\/\/www.healthy-heart.org\/cs\/zivot-se-srdecni-chorobou\/navrat-do-prace-po-infarktu\/#breadcrumb\"},\"inLanguage\":\"cs\",\"potentialAction\":[{\"@type\":\"ReadAction\",\"target\":[\"https:\/\/www.healthy-heart.org\/cs\/zivot-se-srdecni-chorobou\/navrat-do-prace-po-infarktu\/\"]}]},{\"@type\":\"ImageObject\",\"inLanguage\":\"cs\",\"@id\":\"https:\/\/www.healthy-heart.org\/cs\/zivot-se-srdecni-chorobou\/navrat-do-prace-po-infarktu\/#primaryimage\",\"url\":\"https:\/\/www.healthy-heart.org\/wp-content\/uploads\/2019\/07\/iStock-75939684-e1565873258225-scaled.jpg\",\"contentUrl\":\"https:\/\/www.healthy-heart.org\/wp-content\/uploads\/2019\/07\/iStock-75939684-e1565873258225-scaled.jpg\",\"width\":2560,\"height\":1783},{\"@type\":\"BreadcrumbList\",\"@id\":\"https:\/\/www.healthy-heart.org\/cs\/zivot-se-srdecni-chorobou\/navrat-do-prace-po-infarktu\/#breadcrumb\",\"itemListElement\":[{\"@type\":\"ListItem\",\"position\":1,\"name\":\"Home\",\"item\":\"https:\/\/www.healthy-heart.org\/cs\/\"},{\"@type\":\"ListItem\",\"position\":2,\"name\":\"\u017divot se srde\u010dn\u00ed chorobou\",\"item\":\"https:\/\/www.healthy-heart.org\/cs\/zivot-se-srdecni-chorobou\/\"},{\"@type\":\"ListItem\",\"position\":3,\"name\":\"N\u00e1vrat do pr\u00e1ce po infarktu\"}]},{\"@type\":\"WebSite\",\"@id\":\"https:\/\/www.healthy-heart.org\/es\/#website\",\"url\":\"https:\/\/www.healthy-heart.org\/es\/\",\"name\":\"Healthy-Heart.org\",\"description\":\"Practical advice for patients and family care givers on the prevention of cardiovascular disease\",\"potentialAction\":[{\"@type\":\"SearchAction\",\"target\":{\"@type\":\"EntryPoint\",\"urlTemplate\":\"https:\/\/www.healthy-heart.org\/es\/?s={search_term_string}\"},\"query-input\":{\"@type\":\"PropertyValueSpecification\",\"valueRequired\":true,\"valueName\":\"search_term_string\"}}],\"inLanguage\":\"cs\"}]}<\/script>\n<!-- \/ Yoast SEO plugin. -->","yoast_head_json":{"title":"N\u00e1vrat do pr\u00e1ce po infarktu - Healthy-Heart.org","description":"V\u011bt\u0161ina lid\u00ed se m\u016f\u017ee po infarktu vr\u00e1tit do pr\u00e1ce, ale b\u011bhem prvn\u00edho m\u011bs\u00edce by se m\u011bli vyvarovat velk\u00e9 fyzick\u00e9 n\u00e1mahy.","robots":{"index":"index","follow":"follow","max-snippet":"max-snippet:-1","max-image-preview":"max-image-preview:large","max-video-preview":"max-video-preview:-1"},"canonical":"https:\/\/www.healthy-heart.org\/cs\/zivot-se-srdecni-chorobou\/navrat-do-prace-po-infarktu\/","og_locale":"cs_CZ","og_type":"article","og_title":"N\u00e1vrat do pr\u00e1ce po infarktu - Healthy-Heart.org","og_description":"V\u011bt\u0161ina lid\u00ed se m\u016f\u017ee po infarktu vr\u00e1tit do pr\u00e1ce, ale b\u011bhem prvn\u00edho m\u011bs\u00edce by se m\u011bli vyvarovat velk\u00e9 fyzick\u00e9 n\u00e1mahy.","og_url":"https:\/\/www.healthy-heart.org\/cs\/zivot-se-srdecni-chorobou\/navrat-do-prace-po-infarktu\/","og_site_name":"Healthy-Heart.org","article_modified_time":"2024-12-10T12:24:25+00:00","og_image":[{"width":2560,"height":1783,"url":"https:\/\/www.healthy-heart.org\/wp-content\/uploads\/2019\/07\/iStock-75939684-e1565873258225-scaled.jpg","type":"image\/jpeg"}],"twitter_card":"summary_large_image","twitter_misc":{"Odhadovan\u00e1 doba \u010dten\u00ed":"1 minuta"},"schema":{"@context":"https:\/\/schema.org","@graph":[{"@type":"WebPage","@id":"https:\/\/www.healthy-heart.org\/cs\/zivot-se-srdecni-chorobou\/navrat-do-prace-po-infarktu\/","url":"https:\/\/www.healthy-heart.org\/cs\/zivot-se-srdecni-chorobou\/navrat-do-prace-po-infarktu\/","name":"N\u00e1vrat do pr\u00e1ce po infarktu - Healthy-Heart.org","isPartOf":{"@id":"https:\/\/www.healthy-heart.org\/es\/#website"},"primaryImageOfPage":{"@id":"https:\/\/www.healthy-heart.org\/cs\/zivot-se-srdecni-chorobou\/navrat-do-prace-po-infarktu\/#primaryimage"},"image":{"@id":"https:\/\/www.healthy-heart.org\/cs\/zivot-se-srdecni-chorobou\/navrat-do-prace-po-infarktu\/#primaryimage"},"thumbnailUrl":"https:\/\/www.healthy-heart.org\/wp-content\/uploads\/2019\/07\/iStock-75939684-e1565873258225-scaled.jpg","datePublished":"2023-08-16T13:54:43+00:00","dateModified":"2024-12-10T12:24:25+00:00","description":"V\u011bt\u0161ina lid\u00ed se m\u016f\u017ee po infarktu vr\u00e1tit do pr\u00e1ce, ale b\u011bhem prvn\u00edho m\u011bs\u00edce by se m\u011bli vyvarovat velk\u00e9 fyzick\u00e9 n\u00e1mahy.","breadcrumb":{"@id":"https:\/\/www.healthy-heart.org\/cs\/zivot-se-srdecni-chorobou\/navrat-do-prace-po-infarktu\/#breadcrumb"},"inLanguage":"cs","potentialAction":[{"@type":"ReadAction","target":["https:\/\/www.healthy-heart.org\/cs\/zivot-se-srdecni-chorobou\/navrat-do-prace-po-infarktu\/"]}]},{"@type":"ImageObject","inLanguage":"cs","@id":"https:\/\/www.healthy-heart.org\/cs\/zivot-se-srdecni-chorobou\/navrat-do-prace-po-infarktu\/#primaryimage","url":"https:\/\/www.healthy-heart.org\/wp-content\/uploads\/2019\/07\/iStock-75939684-e1565873258225-scaled.jpg","contentUrl":"https:\/\/www.healthy-heart.org\/wp-content\/uploads\/2019\/07\/iStock-75939684-e1565873258225-scaled.jpg","width":2560,"height":1783},{"@type":"BreadcrumbList","@id":"https:\/\/www.healthy-heart.org\/cs\/zivot-se-srdecni-chorobou\/navrat-do-prace-po-infarktu\/#breadcrumb","itemListElement":[{"@type":"ListItem","position":1,"name":"Home","item":"https:\/\/www.healthy-heart.org\/cs\/"},{"@type":"ListItem","position":2,"name":"\u017divot se srde\u010dn\u00ed chorobou","item":"https:\/\/www.healthy-heart.org\/cs\/zivot-se-srdecni-chorobou\/"},{"@type":"ListItem","position":3,"name":"N\u00e1vrat do pr\u00e1ce po infarktu"}]},{"@type":"WebSite","@id":"https:\/\/www.healthy-heart.org\/es\/#website","url":"https:\/\/www.healthy-heart.org\/es\/","name":"Healthy-Heart.org","description":"Practical advice for patients and family care givers on the prevention of cardiovascular disease","potentialAction":[{"@type":"SearchAction","target":{"@type":"EntryPoint","urlTemplate":"https:\/\/www.healthy-heart.org\/es\/?s={search_term_string}"},"query-input":{"@type":"PropertyValueSpecification","valueRequired":true,"valueName":"search_term_string"}}],"inLanguage":"cs"}]}},"_links":{"self":[{"href":"https:\/\/www.healthy-heart.org\/cs\/wp-json\/wp\/v2\/pages\/6938","targetHints":{"allow":["GET"]}}],"collection":[{"href":"https:\/\/www.healthy-heart.org\/cs\/wp-json\/wp\/v2\/pages"}],"about":[{"href":"https:\/\/www.healthy-heart.org\/cs\/wp-json\/wp\/v2\/types\/page"}],"author":[{"embeddable":true,"href":"https:\/\/www.healthy-heart.org\/cs\/wp-json\/wp\/v2\/users\/1"}],"replies":[{"embeddable":true,"href":"https:\/\/www.healthy-heart.org\/cs\/wp-json\/wp\/v2\/comments?post=6938"}],"version-history":[{"count":2,"href":"https:\/\/www.healthy-heart.org\/cs\/wp-json\/wp\/v2\/pages\/6938\/revisions"}],"predecessor-version":[{"id":7443,"href":"https:\/\/www.healthy-heart.org\/cs\/wp-json\/wp\/v2\/pages\/6938\/revisions\/7443"}],"up":[{"embeddable":true,"href":"https:\/\/www.healthy-heart.org\/cs\/wp-json\/wp\/v2\/pages\/6898"}],"wp:featuredmedia":[{"embeddable":true,"href":"https:\/\/www.healthy-heart.org\/cs\/wp-json\/wp\/v2\/media\/6941"}],"wp:attachment":[{"href":"https:\/\/www.healthy-heart.org\/cs\/wp-json\/wp\/v2\/media?parent=6938"}],"wp:term":[{"taxonomy":"category","embeddable":true,"href":"https:\/\/www.healthy-heart.org\/cs\/wp-json\/wp\/v2\/categories?post=6938"},{"taxonomy":"post_tag","embeddable":true,"href":"https:\/\/www.healthy-heart.org\/cs\/wp-json\/wp\/v2\/tags?post=6938"}],"curies":[{"name":"wp","href":"https:\/\/api.w.org\/{rel}","templated":true}]}}