{"id":6922,"date":"2023-08-16T14:54:39","date_gmt":"2023-08-16T13:54:39","guid":{"rendered":"https:\/\/www.healthy-heart.org\/udrzujte-sve-srdce-zdrave\/predvidani-a-rizeni-rizika-srdecnich-onemocneni\/"},"modified":"2024-12-10T12:36:33","modified_gmt":"2024-12-10T12:36:33","slug":"predvidani-a-rizeni-rizika-srdecnich-onemocneni","status":"publish","type":"page","link":"https:\/\/www.healthy-heart.org\/cs\/udrzujte-sve-srdce-zdrave\/predvidani-a-rizeni-rizika-srdecnich-onemocneni\/","title":{"rendered":"P\u0159edv\u00edd\u00e1n\u00ed a \u0159\u00edzen\u00ed rizika srde\u010dn\u00edch onemocn\u011bn\u00ed"},"content":{"rendered":"<p><a href=\"\/wp-content\/uploads\/2019\/07\/score-charts.pdf\" target=\"blank\" rel=\"noopener noreferrer\"><img loading=\"lazy\" decoding=\"async\" class=\"size-medium wp-image-663 alignright\" src=\"https:\/\/cdn-endpoint-prev.azureedge.net\/healthy-heart\/2019\/07\/EAPC-Scores-Poster-2018-high-1-235x350.jpg\" alt=\"\" width=\"235\" height=\"350\" srcset=\"https:\/\/www.healthy-heart.org\/wp-content\/uploads\/2019\/07\/EAPC-Scores-Poster-2018-high-1-235x350.jpg 235w, https:\/\/cdn-endpoint-prev.azureedge.net\/healthy-heart\/2019\/07\/EAPC-Scores-Poster-2018-high-1-768x1145.jpg 768w, https:\/\/www.healthy-heart.org\/wp-content\/uploads\/2019\/07\/EAPC-Scores-Poster-2018-high-1-134x200.jpg 134w, https:\/\/www.healthy-heart.org\/wp-content\/uploads\/2019\/07\/EAPC-Scores-Poster-2018-high-1-687x1024.jpg 687w, https:\/\/www.healthy-heart.org\/wp-content\/uploads\/2019\/07\/EAPC-Scores-Poster-2018-high-1-1031x1536.jpg 1031w, https:\/\/www.healthy-heart.org\/wp-content\/uploads\/2019\/07\/EAPC-Scores-Poster-2018-high-1-1374x2048.jpg 1374w, https:\/\/www.healthy-heart.org\/wp-content\/uploads\/2019\/07\/EAPC-Scores-Poster-2018-high-1-295x439.jpg 295w, https:\/\/www.healthy-heart.org\/wp-content\/uploads\/2019\/07\/EAPC-Scores-Poster-2018-high-1-311x464.jpg 311w, https:\/\/cdn-endpoint-prev.azureedge.net\/healthy-heart\/2019\/07\/EAPC-Scores-Poster-2018-high-1-scaled.jpg 1718w\" sizes=\"auto, (max-width: 235px) 100vw, 235px\" \/><\/a><a href=\"\/wp-content\/uploads\/2019\/07\/score-charts.pdf\" target=\"blank\" rel=\"noopener noreferrer\"><img loading=\"lazy\" decoding=\"async\" class=\"alignright wp-image-672 size-medium\" src=\"https:\/\/cdn-endpoint-prev.azureedge.net\/healthy-heart\/2019\/07\/EAPC-Scores-Poster-2018-low-1-235x350.jpg\" alt=\"\" width=\"235\" height=\"350\" srcset=\"https:\/\/www.healthy-heart.org\/wp-content\/uploads\/2019\/07\/EAPC-Scores-Poster-2018-low-1-235x350.jpg 235w, https:\/\/cdn-endpoint-prev.azureedge.net\/healthy-heart\/2019\/07\/EAPC-Scores-Poster-2018-low-1-768x1145.jpg 768w, https:\/\/www.healthy-heart.org\/wp-content\/uploads\/2019\/07\/EAPC-Scores-Poster-2018-low-1-134x200.jpg 134w, https:\/\/www.healthy-heart.org\/wp-content\/uploads\/2019\/07\/EAPC-Scores-Poster-2018-low-1-687x1024.jpg 687w, https:\/\/www.healthy-heart.org\/wp-content\/uploads\/2019\/07\/EAPC-Scores-Poster-2018-low-1-1031x1536.jpg 1031w, https:\/\/www.healthy-heart.org\/wp-content\/uploads\/2019\/07\/EAPC-Scores-Poster-2018-low-1-1374x2048.jpg 1374w, https:\/\/www.healthy-heart.org\/wp-content\/uploads\/2019\/07\/EAPC-Scores-Poster-2018-low-1-295x439.jpg 295w, https:\/\/www.healthy-heart.org\/wp-content\/uploads\/2019\/07\/EAPC-Scores-Poster-2018-low-1-311x464.jpg 311w, https:\/\/cdn-endpoint-prev.azureedge.net\/healthy-heart\/2019\/07\/EAPC-Scores-Poster-2018-low-1-scaled.jpg 1718w\" sizes=\"auto, (max-width: 235px) 100vw, 235px\" \/><\/a><\/p>\n<p>Pom\u016f\u017ee tak\u00e9 va\u0161emu l\u00e9ka\u0159i pochopit, jak velk\u00fd p\u0159\u00ednos pro v\u00e1s bude m\u00edt prevence, nap\u0159\u00edklad sni\u017eov\u00e1n\u00ed krevn\u00edho tlaku, sni\u017eov\u00e1n\u00ed hladiny cholesterolu nebo odvyk\u00e1n\u00ed kou\u0159en\u00ed. Existuje mnoho dostupn\u00fdch metod nebo n\u00e1stroj\u016f, kter\u00e9 lze pou\u017e\u00edt k p\u0159edpov\u011bdi tohoto rizika. V Evrop\u011b se doporu\u010duje, aby l\u00e9ka\u0159i pou\u017e\u00edvali algoritmus SCORE2 (Systemic Coronary Risk Estimation 2 \u2013 odhad syst\u00e9mov\u00e9ho rizika koron\u00e1rn\u00edch p\u0159\u00edhod). P\u0159i vypracov\u00e1n\u00ed odhadu pomoc\u00ed tohoto n\u00e1stroje se zkoumaj\u00ed rizikov\u00e9 faktory, nap\u0159\u00edklad v\u00e1\u0161 v\u011bk a pohlav\u00ed, <a href=\"https:\/\/www.healthy-heart.org\/keep-your-heart-healthy\/blood-pressure\/\">krevn\u00ed tlak<\/a>, <a href=\"https:\/\/www.healthy-heart.org\/keep-your-heart-healthy\/cholesterol\/\">cholesterol<\/a> (hladina tuk\u016f v krvi) a to, zda <a href=\"https:\/\/www.healthy-heart.org\/keep-your-heart-healthy\/smoking\/\">kou\u0159\u00edte<\/a>. Podchycen\u00edm t\u011bchto rizikov\u00fdch faktor\u016f lze riziko kardiovaskul\u00e1rn\u00edch onemocn\u011bn\u00ed sn\u00ed\u017eit.<\/p>\n<p>Pomoc\u00ed syst\u00e9mu SCORE2 zjist\u00edte, jak u v\u00e1s tyto rizikov\u00e9 faktory spole\u010dn\u011b p\u0159isp\u00edvaj\u00ed ke vzniku rizika kardiovaskul\u00e1rn\u00ed p\u0159\u00edhody (vyj\u00e1d\u0159en\u00e9ho v procentech), a bude ur\u010deno, kter\u00e9 rizikov\u00e9 faktory lze odstranit, aby se u v\u00e1s riziko sn\u00ed\u017eilo. V\u00fdpo\u010dty lze prov\u00e1d\u011bt pomoc\u00ed tabulek rizik SCORE2 nebo prost\u0159ednictv\u00edm interaktivn\u00edho online n\u00e1stroje Heartscore . SCORE2 je navr\u017een pro pou\u017eit\u00ed u \u201ezdrav\u00fdch\u201c lid\u00ed, co\u017e znamen\u00e1, \u017ee grafy se nedoporu\u010duje pou\u017e\u00edvat u pacient\u016f, kte\u0159\u00ed ji\u017e maj\u00ed srde\u010dn\u00ed onemocn\u011bn\u00ed \u010di v minulosti prod\u011blali mrtvici nebo u kter\u00fdch byla diagnostikov\u00e1na cukrovka. Tyto osoby mohou vyu\u017e\u00edt dal\u0161\u00ed n\u00e1stroje, kter\u00e9 mohou l\u00e9ka\u0159\u016fm pomoci riziko kardiovaskul\u00e1rn\u00edch onemocn\u011bn\u00ed odhadnout.<\/p>\n<p>Sk\u00f3re rizika je rozd\u011bleno do t\u0159\u00ed kategori\u00ed: n\u00edzk\u00e9 riziko, st\u0159edn\u00ed riziko a vysok\u00e9 riziko. Kategorie se ur\u010duje podle va\u0161eho sk\u00f3re rizika spolu s va\u0161\u00edm v\u011bkem. V\u00e1\u0161 l\u00e9ka\u0159 rozhodne o l\u00e9\u010db\u011b v\u011bt\u0161inou na z\u00e1klad\u011b kategorie rizika. Je d\u016fle\u017eit\u00e9 prodiskutovat s l\u00e9ka\u0159em, co to znamen\u00e1 a co m\u016f\u017eete ud\u011blat pro sn\u00ed\u017een\u00ed rizika.<\/p>\n<p>Pod\u00edvejte se na doporu\u010den\u00e9 rady pro <a href=\"https:\/\/www.healthy-heart.org\/keep-your-heart-healthy\/take-control-of-your-lifestyle\/\">zdrav\u00fd \u017eivotn\u00ed styl<\/a> a zjist\u011bte, jak m\u016f\u017eete sn\u00ed\u017eit riziko. M\u011bli byste sv\u00e9ho l\u00e9ka\u0159e nebo zdravotn\u00edka po\u017e\u00e1dat o posouzen\u00ed sv\u00e9 situace pomoc\u00ed tabulek SCORE2 nebo n\u00e1stroje Heartscore.<\/p>\n","protected":false},"excerpt":{"rendered":"<p>Pom\u016f\u017ee tak\u00e9 va\u0161emu l\u00e9ka\u0159i pochopit, jak velk\u00fd p\u0159\u00ednos pro v\u00e1s bude m\u00edt prevence, nap\u0159\u00edklad sni\u017eov\u00e1n\u00ed krevn\u00edho tlaku, sni\u017eov\u00e1n\u00ed hladiny cholesterolu nebo odvyk\u00e1n\u00ed kou\u0159en\u00ed. Existuje mnoho dostupn\u00fdch metod nebo n\u00e1stroj\u016f, kter\u00e9 lze pou\u017e\u00edt k p\u0159edpov\u011bdi tohoto rizika. V Evrop\u011b se doporu\u010duje, aby l\u00e9ka\u0159i pou\u017e\u00edvali algoritmus SCORE2 (Systemic Coronary Risk Estimation 2 \u2013 odhad syst\u00e9mov\u00e9ho rizika koron\u00e1rn\u00edch [&hellip;]<\/p>\n","protected":false},"author":1,"featured_media":6935,"parent":6912,"menu_order":11,"comment_status":"closed","ping_status":"closed","template":"","meta":{"_acf_changed":false,"footnotes":""},"categories":[144],"tags":[],"class_list":["post-6922","page","type-page","status-publish","has-post-thumbnail","hentry","category-udrzujte-sve-srdce-zdrave"],"acf":[],"yoast_head":"<!-- This site is optimized with the Yoast SEO plugin v24.0 - https:\/\/yoast.com\/wordpress\/plugins\/seo\/ -->\n<title>V\u00fdpo\u010det a l\u00e9\u010dba rizika srde\u010dn\u00edch onemocn\u011bn\u00ed - Healthy-Heart.org<\/title>\n<meta name=\"description\" content=\"SCORE (Systemic Coronary Risk Estimation) je tabulkov\u00fd syst\u00e9m faktor\u016f umo\u017e\u0148uj\u00edc\u00ed posouzen\u00ed rizika \u00famrt\u00ed na infarkt myokardu, srde\u010dn\u00ed selh\u00e1n\u00ed nebo mrtvici.\" \/>\n<meta name=\"robots\" content=\"index, follow, max-snippet:-1, max-image-preview:large, max-video-preview:-1\" \/>\n<link rel=\"canonical\" href=\"https:\/\/www.healthy-heart.org\/cs\/udrzujte-sve-srdce-zdrave\/predvidani-a-rizeni-rizika-srdecnich-onemocneni\/\" \/>\n<meta property=\"og:locale\" content=\"cs_CZ\" \/>\n<meta property=\"og:type\" content=\"article\" \/>\n<meta property=\"og:title\" content=\"V\u00fdpo\u010det a l\u00e9\u010dba rizika srde\u010dn\u00edch onemocn\u011bn\u00ed - Healthy-Heart.org\" \/>\n<meta property=\"og:description\" content=\"SCORE (Systemic Coronary Risk Estimation) je tabulkov\u00fd syst\u00e9m faktor\u016f umo\u017e\u0148uj\u00edc\u00ed posouzen\u00ed rizika \u00famrt\u00ed na infarkt myokardu, srde\u010dn\u00ed selh\u00e1n\u00ed nebo mrtvici.\" \/>\n<meta property=\"og:url\" content=\"https:\/\/www.healthy-heart.org\/cs\/udrzujte-sve-srdce-zdrave\/predvidani-a-rizeni-rizika-srdecnich-onemocneni\/\" \/>\n<meta property=\"og:site_name\" content=\"Healthy-Heart.org\" \/>\n<meta property=\"article:modified_time\" content=\"2024-12-10T12:36:33+00:00\" \/>\n<meta property=\"og:image\" content=\"https:\/\/www.healthy-heart.org\/wp-content\/uploads\/2019\/08\/cardiovascular-risk.jpg\" \/>\n\t<meta property=\"og:image:width\" content=\"617\" \/>\n\t<meta property=\"og:image:height\" content=\"457\" \/>\n\t<meta property=\"og:image:type\" content=\"image\/jpeg\" \/>\n<meta name=\"twitter:card\" content=\"summary_large_image\" \/>\n<meta name=\"twitter:label1\" content=\"Odhadovan\u00e1 doba \u010dten\u00ed\" \/>\n\t<meta name=\"twitter:data1\" content=\"2 minuty\" \/>\n<script type=\"application\/ld+json\" class=\"yoast-schema-graph\">{\"@context\":\"https:\/\/schema.org\",\"@graph\":[{\"@type\":\"WebPage\",\"@id\":\"https:\/\/www.healthy-heart.org\/cs\/udrzujte-sve-srdce-zdrave\/predvidani-a-rizeni-rizika-srdecnich-onemocneni\/\",\"url\":\"https:\/\/www.healthy-heart.org\/cs\/udrzujte-sve-srdce-zdrave\/predvidani-a-rizeni-rizika-srdecnich-onemocneni\/\",\"name\":\"V\u00fdpo\u010det a l\u00e9\u010dba rizika srde\u010dn\u00edch onemocn\u011bn\u00ed - Healthy-Heart.org\",\"isPartOf\":{\"@id\":\"https:\/\/www.healthy-heart.org\/es\/#website\"},\"primaryImageOfPage\":{\"@id\":\"https:\/\/www.healthy-heart.org\/cs\/udrzujte-sve-srdce-zdrave\/predvidani-a-rizeni-rizika-srdecnich-onemocneni\/#primaryimage\"},\"image\":{\"@id\":\"https:\/\/www.healthy-heart.org\/cs\/udrzujte-sve-srdce-zdrave\/predvidani-a-rizeni-rizika-srdecnich-onemocneni\/#primaryimage\"},\"thumbnailUrl\":\"https:\/\/www.healthy-heart.org\/wp-content\/uploads\/2019\/08\/cardiovascular-risk.jpg\",\"datePublished\":\"2023-08-16T13:54:39+00:00\",\"dateModified\":\"2024-12-10T12:36:33+00:00\",\"description\":\"SCORE (Systemic Coronary Risk Estimation) je tabulkov\u00fd syst\u00e9m faktor\u016f umo\u017e\u0148uj\u00edc\u00ed posouzen\u00ed rizika \u00famrt\u00ed na infarkt myokardu, srde\u010dn\u00ed selh\u00e1n\u00ed nebo mrtvici.\",\"breadcrumb\":{\"@id\":\"https:\/\/www.healthy-heart.org\/cs\/udrzujte-sve-srdce-zdrave\/predvidani-a-rizeni-rizika-srdecnich-onemocneni\/#breadcrumb\"},\"inLanguage\":\"cs\",\"potentialAction\":[{\"@type\":\"ReadAction\",\"target\":[\"https:\/\/www.healthy-heart.org\/cs\/udrzujte-sve-srdce-zdrave\/predvidani-a-rizeni-rizika-srdecnich-onemocneni\/\"]}]},{\"@type\":\"ImageObject\",\"inLanguage\":\"cs\",\"@id\":\"https:\/\/www.healthy-heart.org\/cs\/udrzujte-sve-srdce-zdrave\/predvidani-a-rizeni-rizika-srdecnich-onemocneni\/#primaryimage\",\"url\":\"https:\/\/www.healthy-heart.org\/wp-content\/uploads\/2019\/08\/cardiovascular-risk.jpg\",\"contentUrl\":\"https:\/\/www.healthy-heart.org\/wp-content\/uploads\/2019\/08\/cardiovascular-risk.jpg\",\"width\":617,\"height\":457},{\"@type\":\"BreadcrumbList\",\"@id\":\"https:\/\/www.healthy-heart.org\/cs\/udrzujte-sve-srdce-zdrave\/predvidani-a-rizeni-rizika-srdecnich-onemocneni\/#breadcrumb\",\"itemListElement\":[{\"@type\":\"ListItem\",\"position\":1,\"name\":\"Home\",\"item\":\"https:\/\/www.healthy-heart.org\/cs\/\"},{\"@type\":\"ListItem\",\"position\":2,\"name\":\"Udr\u017eujte sv\u00e9 srdce zdrav\u00e9\",\"item\":\"https:\/\/www.healthy-heart.org\/cs\/udrzujte-sve-srdce-zdrave\/\"},{\"@type\":\"ListItem\",\"position\":3,\"name\":\"P\u0159edv\u00edd\u00e1n\u00ed a \u0159\u00edzen\u00ed rizika srde\u010dn\u00edch onemocn\u011bn\u00ed\"}]},{\"@type\":\"WebSite\",\"@id\":\"https:\/\/www.healthy-heart.org\/es\/#website\",\"url\":\"https:\/\/www.healthy-heart.org\/es\/\",\"name\":\"Healthy-Heart.org\",\"description\":\"Practical advice for patients and family care givers on the prevention of cardiovascular disease\",\"potentialAction\":[{\"@type\":\"SearchAction\",\"target\":{\"@type\":\"EntryPoint\",\"urlTemplate\":\"https:\/\/www.healthy-heart.org\/es\/?s={search_term_string}\"},\"query-input\":{\"@type\":\"PropertyValueSpecification\",\"valueRequired\":true,\"valueName\":\"search_term_string\"}}],\"inLanguage\":\"cs\"}]}<\/script>\n<!-- \/ Yoast SEO plugin. -->","yoast_head_json":{"title":"V\u00fdpo\u010det a l\u00e9\u010dba rizika srde\u010dn\u00edch onemocn\u011bn\u00ed - Healthy-Heart.org","description":"SCORE (Systemic Coronary Risk Estimation) je tabulkov\u00fd syst\u00e9m faktor\u016f umo\u017e\u0148uj\u00edc\u00ed posouzen\u00ed rizika \u00famrt\u00ed na infarkt myokardu, srde\u010dn\u00ed selh\u00e1n\u00ed nebo mrtvici.","robots":{"index":"index","follow":"follow","max-snippet":"max-snippet:-1","max-image-preview":"max-image-preview:large","max-video-preview":"max-video-preview:-1"},"canonical":"https:\/\/www.healthy-heart.org\/cs\/udrzujte-sve-srdce-zdrave\/predvidani-a-rizeni-rizika-srdecnich-onemocneni\/","og_locale":"cs_CZ","og_type":"article","og_title":"V\u00fdpo\u010det a l\u00e9\u010dba rizika srde\u010dn\u00edch onemocn\u011bn\u00ed - Healthy-Heart.org","og_description":"SCORE (Systemic Coronary Risk Estimation) je tabulkov\u00fd syst\u00e9m faktor\u016f umo\u017e\u0148uj\u00edc\u00ed posouzen\u00ed rizika \u00famrt\u00ed na infarkt myokardu, srde\u010dn\u00ed selh\u00e1n\u00ed nebo mrtvici.","og_url":"https:\/\/www.healthy-heart.org\/cs\/udrzujte-sve-srdce-zdrave\/predvidani-a-rizeni-rizika-srdecnich-onemocneni\/","og_site_name":"Healthy-Heart.org","article_modified_time":"2024-12-10T12:36:33+00:00","og_image":[{"width":617,"height":457,"url":"https:\/\/www.healthy-heart.org\/wp-content\/uploads\/2019\/08\/cardiovascular-risk.jpg","type":"image\/jpeg"}],"twitter_card":"summary_large_image","twitter_misc":{"Odhadovan\u00e1 doba \u010dten\u00ed":"2 minuty"},"schema":{"@context":"https:\/\/schema.org","@graph":[{"@type":"WebPage","@id":"https:\/\/www.healthy-heart.org\/cs\/udrzujte-sve-srdce-zdrave\/predvidani-a-rizeni-rizika-srdecnich-onemocneni\/","url":"https:\/\/www.healthy-heart.org\/cs\/udrzujte-sve-srdce-zdrave\/predvidani-a-rizeni-rizika-srdecnich-onemocneni\/","name":"V\u00fdpo\u010det a l\u00e9\u010dba rizika srde\u010dn\u00edch onemocn\u011bn\u00ed - Healthy-Heart.org","isPartOf":{"@id":"https:\/\/www.healthy-heart.org\/es\/#website"},"primaryImageOfPage":{"@id":"https:\/\/www.healthy-heart.org\/cs\/udrzujte-sve-srdce-zdrave\/predvidani-a-rizeni-rizika-srdecnich-onemocneni\/#primaryimage"},"image":{"@id":"https:\/\/www.healthy-heart.org\/cs\/udrzujte-sve-srdce-zdrave\/predvidani-a-rizeni-rizika-srdecnich-onemocneni\/#primaryimage"},"thumbnailUrl":"https:\/\/www.healthy-heart.org\/wp-content\/uploads\/2019\/08\/cardiovascular-risk.jpg","datePublished":"2023-08-16T13:54:39+00:00","dateModified":"2024-12-10T12:36:33+00:00","description":"SCORE (Systemic Coronary Risk Estimation) je tabulkov\u00fd syst\u00e9m faktor\u016f umo\u017e\u0148uj\u00edc\u00ed posouzen\u00ed rizika \u00famrt\u00ed na infarkt myokardu, srde\u010dn\u00ed selh\u00e1n\u00ed nebo mrtvici.","breadcrumb":{"@id":"https:\/\/www.healthy-heart.org\/cs\/udrzujte-sve-srdce-zdrave\/predvidani-a-rizeni-rizika-srdecnich-onemocneni\/#breadcrumb"},"inLanguage":"cs","potentialAction":[{"@type":"ReadAction","target":["https:\/\/www.healthy-heart.org\/cs\/udrzujte-sve-srdce-zdrave\/predvidani-a-rizeni-rizika-srdecnich-onemocneni\/"]}]},{"@type":"ImageObject","inLanguage":"cs","@id":"https:\/\/www.healthy-heart.org\/cs\/udrzujte-sve-srdce-zdrave\/predvidani-a-rizeni-rizika-srdecnich-onemocneni\/#primaryimage","url":"https:\/\/www.healthy-heart.org\/wp-content\/uploads\/2019\/08\/cardiovascular-risk.jpg","contentUrl":"https:\/\/www.healthy-heart.org\/wp-content\/uploads\/2019\/08\/cardiovascular-risk.jpg","width":617,"height":457},{"@type":"BreadcrumbList","@id":"https:\/\/www.healthy-heart.org\/cs\/udrzujte-sve-srdce-zdrave\/predvidani-a-rizeni-rizika-srdecnich-onemocneni\/#breadcrumb","itemListElement":[{"@type":"ListItem","position":1,"name":"Home","item":"https:\/\/www.healthy-heart.org\/cs\/"},{"@type":"ListItem","position":2,"name":"Udr\u017eujte sv\u00e9 srdce zdrav\u00e9","item":"https:\/\/www.healthy-heart.org\/cs\/udrzujte-sve-srdce-zdrave\/"},{"@type":"ListItem","position":3,"name":"P\u0159edv\u00edd\u00e1n\u00ed a \u0159\u00edzen\u00ed rizika srde\u010dn\u00edch onemocn\u011bn\u00ed"}]},{"@type":"WebSite","@id":"https:\/\/www.healthy-heart.org\/es\/#website","url":"https:\/\/www.healthy-heart.org\/es\/","name":"Healthy-Heart.org","description":"Practical advice for patients and family care givers on the prevention of cardiovascular disease","potentialAction":[{"@type":"SearchAction","target":{"@type":"EntryPoint","urlTemplate":"https:\/\/www.healthy-heart.org\/es\/?s={search_term_string}"},"query-input":{"@type":"PropertyValueSpecification","valueRequired":true,"valueName":"search_term_string"}}],"inLanguage":"cs"}]}},"_links":{"self":[{"href":"https:\/\/www.healthy-heart.org\/cs\/wp-json\/wp\/v2\/pages\/6922","targetHints":{"allow":["GET"]}}],"collection":[{"href":"https:\/\/www.healthy-heart.org\/cs\/wp-json\/wp\/v2\/pages"}],"about":[{"href":"https:\/\/www.healthy-heart.org\/cs\/wp-json\/wp\/v2\/types\/page"}],"author":[{"embeddable":true,"href":"https:\/\/www.healthy-heart.org\/cs\/wp-json\/wp\/v2\/users\/1"}],"replies":[{"embeddable":true,"href":"https:\/\/www.healthy-heart.org\/cs\/wp-json\/wp\/v2\/comments?post=6922"}],"version-history":[{"count":1,"href":"https:\/\/www.healthy-heart.org\/cs\/wp-json\/wp\/v2\/pages\/6922\/revisions"}],"predecessor-version":[{"id":7499,"href":"https:\/\/www.healthy-heart.org\/cs\/wp-json\/wp\/v2\/pages\/6922\/revisions\/7499"}],"up":[{"embeddable":true,"href":"https:\/\/www.healthy-heart.org\/cs\/wp-json\/wp\/v2\/pages\/6912"}],"wp:featuredmedia":[{"embeddable":true,"href":"https:\/\/www.healthy-heart.org\/cs\/wp-json\/wp\/v2\/media\/6935"}],"wp:attachment":[{"href":"https:\/\/www.healthy-heart.org\/cs\/wp-json\/wp\/v2\/media?parent=6922"}],"wp:term":[{"taxonomy":"category","embeddable":true,"href":"https:\/\/www.healthy-heart.org\/cs\/wp-json\/wp\/v2\/categories?post=6922"},{"taxonomy":"post_tag","embeddable":true,"href":"https:\/\/www.healthy-heart.org\/cs\/wp-json\/wp\/v2\/tags?post=6922"}],"curies":[{"name":"wp","href":"https:\/\/api.w.org\/{rel}","templated":true}]}}