{"id":6912,"date":"2023-08-16T14:54:37","date_gmt":"2023-08-16T13:54:37","guid":{"rendered":"https:\/\/www.healthy-heart.org\/udrzujte-sve-srdce-zdrave\/"},"modified":"2023-08-16T14:54:37","modified_gmt":"2023-08-16T13:54:37","slug":"udrzujte-sve-srdce-zdrave","status":"publish","type":"page","link":"https:\/\/www.healthy-heart.org\/cs\/udrzujte-sve-srdce-zdrave\/","title":{"rendered":"Udr\u017eujte sv\u00e9 srdce zdrav\u00e9"},"content":{"rendered":"","protected":false},"excerpt":{"rendered":"","protected":false},"author":1,"featured_media":0,"parent":0,"menu_order":0,"comment_status":"closed","ping_status":"closed","template":"","meta":{"_acf_changed":false,"footnotes":""},"categories":[144],"tags":[],"class_list":["post-6912","page","type-page","status-publish","hentry","category-udrzujte-sve-srdce-zdrave"],"acf":[],"yoast_head":"<!-- This site is optimized with the Yoast SEO plugin v24.0 - https:\/\/yoast.com\/wordpress\/plugins\/seo\/ -->\n<title>Udr\u017eujte sv\u00e9 srdce zdrav\u00e9 - Healthy-Heart.org<\/title>\n<meta name=\"description\" content=\"Nejlep\u0161\u00ed zp\u016fsob, jak pe\u010dovat o sv\u00e9 srdce, je zdrav\u00fd \u017eivotn\u00ed styl: p\u0159e\u010dt\u011bte si o rizikov\u00fdch faktorech a o tom, jak sledovat a udr\u017eovat sv\u00e9 kardiovaskul\u00e1rn\u00ed zdrav\u00ed.\" \/>\n<meta name=\"robots\" content=\"index, follow, max-snippet:-1, max-image-preview:large, max-video-preview:-1\" \/>\n<link rel=\"canonical\" href=\"https:\/\/www.healthy-heart.org\/cs\/udrzujte-sve-srdce-zdrave\/\" \/>\n<meta property=\"og:locale\" content=\"cs_CZ\" \/>\n<meta property=\"og:type\" content=\"article\" \/>\n<meta property=\"og:title\" content=\"Udr\u017eujte sv\u00e9 srdce zdrav\u00e9 - Healthy-Heart.org\" \/>\n<meta property=\"og:description\" content=\"Nejlep\u0161\u00ed zp\u016fsob, jak pe\u010dovat o sv\u00e9 srdce, je zdrav\u00fd \u017eivotn\u00ed styl: p\u0159e\u010dt\u011bte si o rizikov\u00fdch faktorech a o tom, jak sledovat a udr\u017eovat sv\u00e9 kardiovaskul\u00e1rn\u00ed zdrav\u00ed.\" \/>\n<meta property=\"og:url\" content=\"https:\/\/www.healthy-heart.org\/cs\/udrzujte-sve-srdce-zdrave\/\" \/>\n<meta property=\"og:site_name\" content=\"Healthy-Heart.org\" \/>\n<meta name=\"twitter:card\" content=\"summary_large_image\" \/>\n<script type=\"application\/ld+json\" class=\"yoast-schema-graph\">{\"@context\":\"https:\/\/schema.org\",\"@graph\":[{\"@type\":\"WebPage\",\"@id\":\"https:\/\/www.healthy-heart.org\/cs\/udrzujte-sve-srdce-zdrave\/\",\"url\":\"https:\/\/www.healthy-heart.org\/cs\/udrzujte-sve-srdce-zdrave\/\",\"name\":\"Udr\u017eujte sv\u00e9 srdce zdrav\u00e9 - Healthy-Heart.org\",\"isPartOf\":{\"@id\":\"https:\/\/www.healthy-heart.org\/es\/#website\"},\"datePublished\":\"2023-08-16T13:54:37+00:00\",\"dateModified\":\"2023-08-16T13:54:37+00:00\",\"description\":\"Nejlep\u0161\u00ed zp\u016fsob, jak pe\u010dovat o sv\u00e9 srdce, je zdrav\u00fd \u017eivotn\u00ed styl: p\u0159e\u010dt\u011bte si o rizikov\u00fdch faktorech a o tom, jak sledovat a udr\u017eovat sv\u00e9 kardiovaskul\u00e1rn\u00ed zdrav\u00ed.\",\"breadcrumb\":{\"@id\":\"https:\/\/www.healthy-heart.org\/cs\/udrzujte-sve-srdce-zdrave\/#breadcrumb\"},\"inLanguage\":\"cs\",\"potentialAction\":[{\"@type\":\"ReadAction\",\"target\":[\"https:\/\/www.healthy-heart.org\/cs\/udrzujte-sve-srdce-zdrave\/\"]}]},{\"@type\":\"BreadcrumbList\",\"@id\":\"https:\/\/www.healthy-heart.org\/cs\/udrzujte-sve-srdce-zdrave\/#breadcrumb\",\"itemListElement\":[{\"@type\":\"ListItem\",\"position\":1,\"name\":\"Home\",\"item\":\"https:\/\/www.healthy-heart.org\/cs\/\"},{\"@type\":\"ListItem\",\"position\":2,\"name\":\"Udr\u017eujte sv\u00e9 srdce zdrav\u00e9\"}]},{\"@type\":\"WebSite\",\"@id\":\"https:\/\/www.healthy-heart.org\/es\/#website\",\"url\":\"https:\/\/www.healthy-heart.org\/es\/\",\"name\":\"Healthy-Heart.org\",\"description\":\"Practical advice for patients and family care givers on the prevention of cardiovascular disease\",\"potentialAction\":[{\"@type\":\"SearchAction\",\"target\":{\"@type\":\"EntryPoint\",\"urlTemplate\":\"https:\/\/www.healthy-heart.org\/es\/?s={search_term_string}\"},\"query-input\":{\"@type\":\"PropertyValueSpecification\",\"valueRequired\":true,\"valueName\":\"search_term_string\"}}],\"inLanguage\":\"cs\"}]}<\/script>\n<!-- \/ Yoast SEO plugin. -->","yoast_head_json":{"title":"Udr\u017eujte sv\u00e9 srdce zdrav\u00e9 - Healthy-Heart.org","description":"Nejlep\u0161\u00ed zp\u016fsob, jak pe\u010dovat o sv\u00e9 srdce, je zdrav\u00fd \u017eivotn\u00ed styl: p\u0159e\u010dt\u011bte si o rizikov\u00fdch faktorech a o tom, jak sledovat a udr\u017eovat sv\u00e9 kardiovaskul\u00e1rn\u00ed zdrav\u00ed.","robots":{"index":"index","follow":"follow","max-snippet":"max-snippet:-1","max-image-preview":"max-image-preview:large","max-video-preview":"max-video-preview:-1"},"canonical":"https:\/\/www.healthy-heart.org\/cs\/udrzujte-sve-srdce-zdrave\/","og_locale":"cs_CZ","og_type":"article","og_title":"Udr\u017eujte sv\u00e9 srdce zdrav\u00e9 - Healthy-Heart.org","og_description":"Nejlep\u0161\u00ed zp\u016fsob, jak pe\u010dovat o sv\u00e9 srdce, je zdrav\u00fd \u017eivotn\u00ed styl: p\u0159e\u010dt\u011bte si o rizikov\u00fdch faktorech a o tom, jak sledovat a udr\u017eovat sv\u00e9 kardiovaskul\u00e1rn\u00ed zdrav\u00ed.","og_url":"https:\/\/www.healthy-heart.org\/cs\/udrzujte-sve-srdce-zdrave\/","og_site_name":"Healthy-Heart.org","twitter_card":"summary_large_image","schema":{"@context":"https:\/\/schema.org","@graph":[{"@type":"WebPage","@id":"https:\/\/www.healthy-heart.org\/cs\/udrzujte-sve-srdce-zdrave\/","url":"https:\/\/www.healthy-heart.org\/cs\/udrzujte-sve-srdce-zdrave\/","name":"Udr\u017eujte sv\u00e9 srdce zdrav\u00e9 - Healthy-Heart.org","isPartOf":{"@id":"https:\/\/www.healthy-heart.org\/es\/#website"},"datePublished":"2023-08-16T13:54:37+00:00","dateModified":"2023-08-16T13:54:37+00:00","description":"Nejlep\u0161\u00ed zp\u016fsob, jak pe\u010dovat o sv\u00e9 srdce, je zdrav\u00fd \u017eivotn\u00ed styl: p\u0159e\u010dt\u011bte si o rizikov\u00fdch faktorech a o tom, jak sledovat a udr\u017eovat sv\u00e9 kardiovaskul\u00e1rn\u00ed zdrav\u00ed.","breadcrumb":{"@id":"https:\/\/www.healthy-heart.org\/cs\/udrzujte-sve-srdce-zdrave\/#breadcrumb"},"inLanguage":"cs","potentialAction":[{"@type":"ReadAction","target":["https:\/\/www.healthy-heart.org\/cs\/udrzujte-sve-srdce-zdrave\/"]}]},{"@type":"BreadcrumbList","@id":"https:\/\/www.healthy-heart.org\/cs\/udrzujte-sve-srdce-zdrave\/#breadcrumb","itemListElement":[{"@type":"ListItem","position":1,"name":"Home","item":"https:\/\/www.healthy-heart.org\/cs\/"},{"@type":"ListItem","position":2,"name":"Udr\u017eujte sv\u00e9 srdce zdrav\u00e9"}]},{"@type":"WebSite","@id":"https:\/\/www.healthy-heart.org\/es\/#website","url":"https:\/\/www.healthy-heart.org\/es\/","name":"Healthy-Heart.org","description":"Practical advice for patients and family care givers on the prevention of cardiovascular disease","potentialAction":[{"@type":"SearchAction","target":{"@type":"EntryPoint","urlTemplate":"https:\/\/www.healthy-heart.org\/es\/?s={search_term_string}"},"query-input":{"@type":"PropertyValueSpecification","valueRequired":true,"valueName":"search_term_string"}}],"inLanguage":"cs"}]}},"_links":{"self":[{"href":"https:\/\/www.healthy-heart.org\/cs\/wp-json\/wp\/v2\/pages\/6912","targetHints":{"allow":["GET"]}}],"collection":[{"href":"https:\/\/www.healthy-heart.org\/cs\/wp-json\/wp\/v2\/pages"}],"about":[{"href":"https:\/\/www.healthy-heart.org\/cs\/wp-json\/wp\/v2\/types\/page"}],"author":[{"embeddable":true,"href":"https:\/\/www.healthy-heart.org\/cs\/wp-json\/wp\/v2\/users\/1"}],"replies":[{"embeddable":true,"href":"https:\/\/www.healthy-heart.org\/cs\/wp-json\/wp\/v2\/comments?post=6912"}],"version-history":[{"count":0,"href":"https:\/\/www.healthy-heart.org\/cs\/wp-json\/wp\/v2\/pages\/6912\/revisions"}],"wp:attachment":[{"href":"https:\/\/www.healthy-heart.org\/cs\/wp-json\/wp\/v2\/media?parent=6912"}],"wp:term":[{"taxonomy":"category","embeddable":true,"href":"https:\/\/www.healthy-heart.org\/cs\/wp-json\/wp\/v2\/categories?post=6912"},{"taxonomy":"post_tag","embeddable":true,"href":"https:\/\/www.healthy-heart.org\/cs\/wp-json\/wp\/v2\/tags?post=6912"}],"curies":[{"name":"wp","href":"https:\/\/api.w.org\/{rel}","templated":true}]}}