{"id":6911,"date":"2023-08-16T14:54:37","date_gmt":"2023-08-16T13:54:37","guid":{"rendered":"https:\/\/www.healthy-heart.org\/rozdily-mezi-muzi-a-zenami\/"},"modified":"2024-12-24T11:37:18","modified_gmt":"2024-12-24T11:37:18","slug":"rozdily-mezi-muzi-a-zenami","status":"publish","type":"page","link":"https:\/\/www.healthy-heart.org\/cs\/udrzujte-sve-srdce-zdrave\/rozdily-mezi-muzi-a-zenami\/","title":{"rendered":"Kardiovaskul\u00e1rn\u00ed onemocn\u011bn\u00ed u \u017een"},"content":{"rendered":"<p><img loading=\"lazy\" decoding=\"async\" class=\"size-medium wp-image-652 alignright\" src=\"https:\/\/cdn-endpoint-prev.azureedge.net\/healthy-heart\/2019\/07\/iStock-1060172678-2-350x233.jpg\" alt=\"\" width=\"350\" height=\"233\" srcset=\"https:\/\/www.healthy-heart.org\/wp-content\/uploads\/2019\/07\/iStock-1060172678-2-350x233.jpg 350w, https:\/\/cdn-endpoint-prev.azureedge.net\/healthy-heart\/2019\/07\/iStock-1060172678-2-2048x1365.jpg 2048w, https:\/\/cdn-endpoint-prev.azureedge.net\/healthy-heart\/2019\/07\/iStock-1060172678-2-659x439.jpg 659w, https:\/\/www.healthy-heart.org\/wp-content\/uploads\/2019\/07\/iStock-1060172678-2-200x133.jpg 200w, https:\/\/www.healthy-heart.org\/wp-content\/uploads\/2019\/07\/iStock-1060172678-2-768x512.jpg 768w, https:\/\/www.healthy-heart.org\/wp-content\/uploads\/2019\/07\/iStock-1060172678-2-1024x683.jpg 1024w, https:\/\/www.healthy-heart.org\/wp-content\/uploads\/2019\/07\/iStock-1060172678-2-1536x1024.jpg 1536w, https:\/\/www.healthy-heart.org\/wp-content\/uploads\/2019\/07\/iStock-1060172678-2-696x464.jpg 696w\" sizes=\"auto, (max-width: 350px) 100vw, 350px\" \/>Vliv n\u011bkter\u00fdch tradi\u010dn\u00edch rizikov\u00fdch faktor\u016f kardiovaskul\u00e1rn\u00edch onemocn\u011bn\u00ed se u obou pohlav\u00ed li\u0161\u00ed. Nap\u0159\u00edklad riziko kardiovaskul\u00e1rn\u00edch onemocn\u011bn\u00ed p\u0159i ni\u017e\u0161\u00edm krevn\u00edm tlaku je u \u017een vy\u0161\u0161\u00ed ne\u017e u mu\u017e\u016f a diabetes m\u00e1 na kardiovaskul\u00e1rn\u00ed riziko rovn\u011b\u017e v\u011bt\u0161\u00ed vliv u \u017een. U \u017een se tak\u00e9 vyskytuj\u00ed specifick\u00e9 rizikov\u00e9 faktory spojen\u00e9 s t\u011bhotenstv\u00edm a menopauzou, a proto by tyto \u017eivotn\u00ed etapy mohly b\u00fdt u \u017een ide\u00e1ln\u00edm momentem pro posouzen\u00ed kardiovaskul\u00e1rn\u00edho zdrav\u00ed.<\/p>\n<p>\u017deny maj\u00ed po p\u00e1t\u00e9 dek\u00e1d\u011b \u017eivota vy\u0161\u0161\u00ed hladiny <a href=\"https:\/\/www.healthy-heart.org\/keep-your-heart-healthy\/cholesterol\/\">cholesterolu<\/a> ne\u017e mu\u017ei a jejich \u201edobr\u00fd\u201c cholesterol m\u00e1 tendenci po menopauze klesat. Hormon\u00e1ln\u00ed zm\u011bny po menopauze vyvol\u00e1vaj\u00ed kumulaci n\u011bkolika rizikov\u00fdch faktor\u016f pro srdce a c\u00e9vy, jako je zv\u00fd\u0161en\u00fd <a href=\"https:\/\/www.healthy-heart.org\/keep-your-heart-healthy\/blood-pressure\/\">krevn\u00ed tlak<\/a>, p\u0159ib\u00fdv\u00e1n\u00ed na <a href=\"https:\/\/www.healthy-heart.org\/keep-your-heart-healthy\/keeping-a-healthy-weight\/\">v\u00e1ze<\/a> a zv\u00fd\u0161en\u00e9 hladiny lipid\u016f.<\/p>\n<p>M\u00e9n\u011b \u017een m\u00e1 ve srovn\u00e1n\u00ed s mu\u017ei klasick\u00e9 p\u0159\u00edznaky bolesti na hrudi. \u010casto uv\u00e1d\u011bj\u00ed bolesti pa\u017e\u00ed, zad nebo \u010delist\u00ed, du\u0161nost (dyspnoe), slabost, bu\u0161en\u00ed srdce, to\u010den\u00ed hlavy. P\u0159e\u010dt\u011bte si v\u00edce o <a href=\"https:\/\/www.healthy-heart.org\/your-heart\/warning-signs-symptoms\/\">v\u00fdstra\u017en\u00fdch sign\u00e1lech<\/a>.<\/p>\n<p>Konven\u010dn\u00ed syst\u00e9my posuzov\u00e1n\u00ed rizikov\u00fdch faktor\u016f \u010dasto podce\u0148uj\u00ed individu\u00e1ln\u00ed riziko \u017een, proto by l\u00e9ka\u0159i m\u011bli pou\u017e\u00edvat sk\u00f3re specifick\u00e1 pro pohlav\u00ed.<\/p>\n<p>O bezpe\u010dnosti a \u00fa\u010dinnosti substitu\u010dn\u00ed hormon\u00e1ln\u00ed l\u00e9\u010dby se st\u00e1le diskutuje. M\u016f\u017eete se poradit se sv\u00fdm l\u00e9ka\u0159em, zda je to pro v\u00e1s vhodn\u00e1 volba.<\/p>\n","protected":false},"excerpt":{"rendered":"<p>Vliv n\u011bkter\u00fdch tradi\u010dn\u00edch rizikov\u00fdch faktor\u016f kardiovaskul\u00e1rn\u00edch onemocn\u011bn\u00ed se u obou pohlav\u00ed li\u0161\u00ed. Nap\u0159\u00edklad riziko kardiovaskul\u00e1rn\u00edch onemocn\u011bn\u00ed p\u0159i ni\u017e\u0161\u00edm krevn\u00edm tlaku je u \u017een vy\u0161\u0161\u00ed ne\u017e u mu\u017e\u016f a diabetes m\u00e1 na kardiovaskul\u00e1rn\u00ed riziko rovn\u011b\u017e v\u011bt\u0161\u00ed vliv u \u017een. U \u017een se tak\u00e9 vyskytuj\u00ed specifick\u00e9 rizikov\u00e9 faktory spojen\u00e9 s t\u011bhotenstv\u00edm a menopauzou, a proto by tyto [&hellip;]<\/p>\n","protected":false},"author":1,"featured_media":6915,"parent":6912,"menu_order":10,"comment_status":"closed","ping_status":"closed","template":"","meta":{"_acf_changed":false,"footnotes":""},"categories":[144],"tags":[],"class_list":["post-6911","page","type-page","status-publish","has-post-thumbnail","hentry","category-udrzujte-sve-srdce-zdrave"],"acf":[],"yoast_head":"<!-- This site is optimized with the Yoast SEO plugin v24.0 - https:\/\/yoast.com\/wordpress\/plugins\/seo\/ -->\n<title>Rozd\u00edly mezi mu\u017ei a \u017eenami - Healthy-Heart.org<\/title>\n<meta name=\"description\" content=\"Zjist\u011bte, jak se li\u0161\u00ed riziko kardiovaskul\u00e1rn\u00edch onemocn\u011bn\u00ed u \u017een a mu\u017e\u016f,\" \/>\n<meta name=\"robots\" content=\"index, follow, max-snippet:-1, max-image-preview:large, max-video-preview:-1\" \/>\n<link rel=\"canonical\" href=\"https:\/\/www.healthy-heart.org\/cs\/udrzujte-sve-srdce-zdrave\/rozdily-mezi-muzi-a-zenami\/\" \/>\n<meta property=\"og:locale\" content=\"cs_CZ\" \/>\n<meta property=\"og:type\" content=\"article\" \/>\n<meta property=\"og:title\" content=\"Rozd\u00edly mezi mu\u017ei a \u017eenami - Healthy-Heart.org\" \/>\n<meta property=\"og:description\" content=\"Zjist\u011bte, jak se li\u0161\u00ed riziko kardiovaskul\u00e1rn\u00edch onemocn\u011bn\u00ed u \u017een a mu\u017e\u016f,\" \/>\n<meta property=\"og:url\" content=\"https:\/\/www.healthy-heart.org\/cs\/udrzujte-sve-srdce-zdrave\/rozdily-mezi-muzi-a-zenami\/\" \/>\n<meta property=\"og:site_name\" content=\"Healthy-Heart.org\" \/>\n<meta property=\"article:modified_time\" content=\"2024-12-24T11:37:18+00:00\" \/>\n<meta property=\"og:image\" content=\"https:\/\/www.healthy-heart.org\/wp-content\/uploads\/2019\/07\/iStock-1060172678-2-scaled.jpg\" \/>\n\t<meta property=\"og:image:width\" content=\"2560\" \/>\n\t<meta property=\"og:image:height\" content=\"1707\" \/>\n\t<meta property=\"og:image:type\" content=\"image\/jpeg\" \/>\n<meta name=\"twitter:card\" content=\"summary_large_image\" \/>\n<meta name=\"twitter:label1\" content=\"Odhadovan\u00e1 doba \u010dten\u00ed\" \/>\n\t<meta name=\"twitter:data1\" content=\"2 minuty\" \/>\n<script type=\"application\/ld+json\" class=\"yoast-schema-graph\">{\"@context\":\"https:\/\/schema.org\",\"@graph\":[{\"@type\":\"WebPage\",\"@id\":\"https:\/\/www.healthy-heart.org\/cs\/udrzujte-sve-srdce-zdrave\/rozdily-mezi-muzi-a-zenami\/\",\"url\":\"https:\/\/www.healthy-heart.org\/cs\/udrzujte-sve-srdce-zdrave\/rozdily-mezi-muzi-a-zenami\/\",\"name\":\"Rozd\u00edly mezi mu\u017ei a \u017eenami - Healthy-Heart.org\",\"isPartOf\":{\"@id\":\"https:\/\/www.healthy-heart.org\/es\/#website\"},\"primaryImageOfPage\":{\"@id\":\"https:\/\/www.healthy-heart.org\/cs\/udrzujte-sve-srdce-zdrave\/rozdily-mezi-muzi-a-zenami\/#primaryimage\"},\"image\":{\"@id\":\"https:\/\/www.healthy-heart.org\/cs\/udrzujte-sve-srdce-zdrave\/rozdily-mezi-muzi-a-zenami\/#primaryimage\"},\"thumbnailUrl\":\"https:\/\/www.healthy-heart.org\/wp-content\/uploads\/2019\/07\/iStock-1060172678-2-scaled.jpg\",\"datePublished\":\"2023-08-16T13:54:37+00:00\",\"dateModified\":\"2024-12-24T11:37:18+00:00\",\"description\":\"Zjist\u011bte, jak se li\u0161\u00ed riziko kardiovaskul\u00e1rn\u00edch onemocn\u011bn\u00ed u \u017een a mu\u017e\u016f,\",\"breadcrumb\":{\"@id\":\"https:\/\/www.healthy-heart.org\/cs\/udrzujte-sve-srdce-zdrave\/rozdily-mezi-muzi-a-zenami\/#breadcrumb\"},\"inLanguage\":\"cs\",\"potentialAction\":[{\"@type\":\"ReadAction\",\"target\":[\"https:\/\/www.healthy-heart.org\/cs\/udrzujte-sve-srdce-zdrave\/rozdily-mezi-muzi-a-zenami\/\"]}]},{\"@type\":\"ImageObject\",\"inLanguage\":\"cs\",\"@id\":\"https:\/\/www.healthy-heart.org\/cs\/udrzujte-sve-srdce-zdrave\/rozdily-mezi-muzi-a-zenami\/#primaryimage\",\"url\":\"https:\/\/www.healthy-heart.org\/wp-content\/uploads\/2019\/07\/iStock-1060172678-2-scaled.jpg\",\"contentUrl\":\"https:\/\/www.healthy-heart.org\/wp-content\/uploads\/2019\/07\/iStock-1060172678-2-scaled.jpg\",\"width\":2560,\"height\":1707},{\"@type\":\"BreadcrumbList\",\"@id\":\"https:\/\/www.healthy-heart.org\/cs\/udrzujte-sve-srdce-zdrave\/rozdily-mezi-muzi-a-zenami\/#breadcrumb\",\"itemListElement\":[{\"@type\":\"ListItem\",\"position\":1,\"name\":\"Home\",\"item\":\"https:\/\/www.healthy-heart.org\/cs\/\"},{\"@type\":\"ListItem\",\"position\":2,\"name\":\"Udr\u017eujte sv\u00e9 srdce zdrav\u00e9\",\"item\":\"https:\/\/www.healthy-heart.org\/cs\/udrzujte-sve-srdce-zdrave\/\"},{\"@type\":\"ListItem\",\"position\":3,\"name\":\"Kardiovaskul\u00e1rn\u00ed onemocn\u011bn\u00ed u \u017een\"}]},{\"@type\":\"WebSite\",\"@id\":\"https:\/\/www.healthy-heart.org\/es\/#website\",\"url\":\"https:\/\/www.healthy-heart.org\/es\/\",\"name\":\"Healthy-Heart.org\",\"description\":\"Practical advice for patients and family care givers on the prevention of cardiovascular disease\",\"potentialAction\":[{\"@type\":\"SearchAction\",\"target\":{\"@type\":\"EntryPoint\",\"urlTemplate\":\"https:\/\/www.healthy-heart.org\/es\/?s={search_term_string}\"},\"query-input\":{\"@type\":\"PropertyValueSpecification\",\"valueRequired\":true,\"valueName\":\"search_term_string\"}}],\"inLanguage\":\"cs\"}]}<\/script>\n<!-- \/ Yoast SEO plugin. -->","yoast_head_json":{"title":"Rozd\u00edly mezi mu\u017ei a \u017eenami - Healthy-Heart.org","description":"Zjist\u011bte, jak se li\u0161\u00ed riziko kardiovaskul\u00e1rn\u00edch onemocn\u011bn\u00ed u \u017een a mu\u017e\u016f,","robots":{"index":"index","follow":"follow","max-snippet":"max-snippet:-1","max-image-preview":"max-image-preview:large","max-video-preview":"max-video-preview:-1"},"canonical":"https:\/\/www.healthy-heart.org\/cs\/udrzujte-sve-srdce-zdrave\/rozdily-mezi-muzi-a-zenami\/","og_locale":"cs_CZ","og_type":"article","og_title":"Rozd\u00edly mezi mu\u017ei a \u017eenami - Healthy-Heart.org","og_description":"Zjist\u011bte, jak se li\u0161\u00ed riziko kardiovaskul\u00e1rn\u00edch onemocn\u011bn\u00ed u \u017een a mu\u017e\u016f,","og_url":"https:\/\/www.healthy-heart.org\/cs\/udrzujte-sve-srdce-zdrave\/rozdily-mezi-muzi-a-zenami\/","og_site_name":"Healthy-Heart.org","article_modified_time":"2024-12-24T11:37:18+00:00","og_image":[{"width":2560,"height":1707,"url":"https:\/\/www.healthy-heart.org\/wp-content\/uploads\/2019\/07\/iStock-1060172678-2-scaled.jpg","type":"image\/jpeg"}],"twitter_card":"summary_large_image","twitter_misc":{"Odhadovan\u00e1 doba \u010dten\u00ed":"2 minuty"},"schema":{"@context":"https:\/\/schema.org","@graph":[{"@type":"WebPage","@id":"https:\/\/www.healthy-heart.org\/cs\/udrzujte-sve-srdce-zdrave\/rozdily-mezi-muzi-a-zenami\/","url":"https:\/\/www.healthy-heart.org\/cs\/udrzujte-sve-srdce-zdrave\/rozdily-mezi-muzi-a-zenami\/","name":"Rozd\u00edly mezi mu\u017ei a \u017eenami - Healthy-Heart.org","isPartOf":{"@id":"https:\/\/www.healthy-heart.org\/es\/#website"},"primaryImageOfPage":{"@id":"https:\/\/www.healthy-heart.org\/cs\/udrzujte-sve-srdce-zdrave\/rozdily-mezi-muzi-a-zenami\/#primaryimage"},"image":{"@id":"https:\/\/www.healthy-heart.org\/cs\/udrzujte-sve-srdce-zdrave\/rozdily-mezi-muzi-a-zenami\/#primaryimage"},"thumbnailUrl":"https:\/\/www.healthy-heart.org\/wp-content\/uploads\/2019\/07\/iStock-1060172678-2-scaled.jpg","datePublished":"2023-08-16T13:54:37+00:00","dateModified":"2024-12-24T11:37:18+00:00","description":"Zjist\u011bte, jak se li\u0161\u00ed riziko kardiovaskul\u00e1rn\u00edch onemocn\u011bn\u00ed u \u017een a mu\u017e\u016f,","breadcrumb":{"@id":"https:\/\/www.healthy-heart.org\/cs\/udrzujte-sve-srdce-zdrave\/rozdily-mezi-muzi-a-zenami\/#breadcrumb"},"inLanguage":"cs","potentialAction":[{"@type":"ReadAction","target":["https:\/\/www.healthy-heart.org\/cs\/udrzujte-sve-srdce-zdrave\/rozdily-mezi-muzi-a-zenami\/"]}]},{"@type":"ImageObject","inLanguage":"cs","@id":"https:\/\/www.healthy-heart.org\/cs\/udrzujte-sve-srdce-zdrave\/rozdily-mezi-muzi-a-zenami\/#primaryimage","url":"https:\/\/www.healthy-heart.org\/wp-content\/uploads\/2019\/07\/iStock-1060172678-2-scaled.jpg","contentUrl":"https:\/\/www.healthy-heart.org\/wp-content\/uploads\/2019\/07\/iStock-1060172678-2-scaled.jpg","width":2560,"height":1707},{"@type":"BreadcrumbList","@id":"https:\/\/www.healthy-heart.org\/cs\/udrzujte-sve-srdce-zdrave\/rozdily-mezi-muzi-a-zenami\/#breadcrumb","itemListElement":[{"@type":"ListItem","position":1,"name":"Home","item":"https:\/\/www.healthy-heart.org\/cs\/"},{"@type":"ListItem","position":2,"name":"Udr\u017eujte sv\u00e9 srdce zdrav\u00e9","item":"https:\/\/www.healthy-heart.org\/cs\/udrzujte-sve-srdce-zdrave\/"},{"@type":"ListItem","position":3,"name":"Kardiovaskul\u00e1rn\u00ed onemocn\u011bn\u00ed u \u017een"}]},{"@type":"WebSite","@id":"https:\/\/www.healthy-heart.org\/es\/#website","url":"https:\/\/www.healthy-heart.org\/es\/","name":"Healthy-Heart.org","description":"Practical advice for patients and family care givers on the prevention of cardiovascular disease","potentialAction":[{"@type":"SearchAction","target":{"@type":"EntryPoint","urlTemplate":"https:\/\/www.healthy-heart.org\/es\/?s={search_term_string}"},"query-input":{"@type":"PropertyValueSpecification","valueRequired":true,"valueName":"search_term_string"}}],"inLanguage":"cs"}]}},"_links":{"self":[{"href":"https:\/\/www.healthy-heart.org\/cs\/wp-json\/wp\/v2\/pages\/6911","targetHints":{"allow":["GET"]}}],"collection":[{"href":"https:\/\/www.healthy-heart.org\/cs\/wp-json\/wp\/v2\/pages"}],"about":[{"href":"https:\/\/www.healthy-heart.org\/cs\/wp-json\/wp\/v2\/types\/page"}],"author":[{"embeddable":true,"href":"https:\/\/www.healthy-heart.org\/cs\/wp-json\/wp\/v2\/users\/1"}],"replies":[{"embeddable":true,"href":"https:\/\/www.healthy-heart.org\/cs\/wp-json\/wp\/v2\/comments?post=6911"}],"version-history":[{"count":4,"href":"https:\/\/www.healthy-heart.org\/cs\/wp-json\/wp\/v2\/pages\/6911\/revisions"}],"predecessor-version":[{"id":7509,"href":"https:\/\/www.healthy-heart.org\/cs\/wp-json\/wp\/v2\/pages\/6911\/revisions\/7509"}],"up":[{"embeddable":true,"href":"https:\/\/www.healthy-heart.org\/cs\/wp-json\/wp\/v2\/pages\/6912"}],"wp:featuredmedia":[{"embeddable":true,"href":"https:\/\/www.healthy-heart.org\/cs\/wp-json\/wp\/v2\/media\/6915"}],"wp:attachment":[{"href":"https:\/\/www.healthy-heart.org\/cs\/wp-json\/wp\/v2\/media?parent=6911"}],"wp:term":[{"taxonomy":"category","embeddable":true,"href":"https:\/\/www.healthy-heart.org\/cs\/wp-json\/wp\/v2\/categories?post=6911"},{"taxonomy":"post_tag","embeddable":true,"href":"https:\/\/www.healthy-heart.org\/cs\/wp-json\/wp\/v2\/tags?post=6911"}],"curies":[{"name":"wp","href":"https:\/\/api.w.org\/{rel}","templated":true}]}}