{"id":6909,"date":"2023-08-16T14:54:36","date_gmt":"2023-08-16T13:54:36","guid":{"rendered":"https:\/\/www.healthy-heart.org\/dieta-setrna-k-srdci\/"},"modified":"2024-12-10T12:24:21","modified_gmt":"2024-12-10T12:24:21","slug":"dieta-setrna-k-srdci","status":"publish","type":"page","link":"https:\/\/www.healthy-heart.org\/cs\/udrzujte-sve-srdce-zdrave\/dieta-setrna-k-srdci\/","title":{"rendered":"Dieta \u0161etrn\u00e1 k srdci"},"content":{"rendered":"<p><img loading=\"lazy\" decoding=\"async\" class=\"size-medium wp-image-599 alignright\" src=\"https:\/\/cdn-endpoint-prev.azureedge.net\/healthy-heart\/2019\/07\/iStock-482817556-e1565872053765-350x242.jpg\" alt=\"\" width=\"350\" height=\"242\" srcset=\"https:\/\/www.healthy-heart.org\/wp-content\/uploads\/2019\/07\/iStock-482817556-e1565872053765-350x242.jpg 350w, https:\/\/www.healthy-heart.org\/wp-content\/uploads\/2019\/07\/iStock-482817556-e1565872053765-200x138.jpg 200w, https:\/\/www.healthy-heart.org\/wp-content\/uploads\/2019\/07\/iStock-482817556-e1565872053765-768x532.jpg 768w, https:\/\/www.healthy-heart.org\/wp-content\/uploads\/2019\/07\/iStock-482817556-e1565872053765-1024x709.jpg 1024w, https:\/\/www.healthy-heart.org\/wp-content\/uploads\/2019\/07\/iStock-482817556-e1565872053765-1536x1063.jpg 1536w, https:\/\/www.healthy-heart.org\/wp-content\/uploads\/2019\/07\/iStock-482817556-e1565872053765-2048x1418.jpg 2048w, https:\/\/www.healthy-heart.org\/wp-content\/uploads\/2019\/07\/iStock-482817556-e1565872053765-634x439.jpg 634w, https:\/\/www.healthy-heart.org\/wp-content\/uploads\/2019\/07\/iStock-482817556-e1565872053765-670x464.jpg 670w\" sizes=\"auto, (max-width: 350px) 100vw, 350px\" \/><\/p>\n<p>Jej\u00ed p\u0159\u00edzniv\u00fd vliv na srdce a c\u00e9vy prokazuje \u0159ada studi\u00ed, kter\u00e9 zd\u016fraz\u0148uj\u00ed v\u00fdznam dietn\u00edho re\u017eimu bohat\u00e9ho na ovoce, zeleninu, celozrnn\u00e9 v\u00fdrobky, olivov\u00fd olej, ryby a dr\u016fbe\u017e.<\/p>\n<p>Nezdrav\u00e9 stravovac\u00ed n\u00e1vyky jsou jedn\u00edm z hlavn\u00edch faktor\u016f <a href=\"https:\/\/www.healthy-heart.org\/your-heart\/what-is-heart-disease\/\">kardiovaskul\u00e1rn\u00edch onemocn\u011bn\u00ed <\/a> a \u00famrt\u00ed na tyto choroby v Evrop\u011b. St\u0159edomo\u0159sk\u00e1 strava je jedn\u00edm z nejv\u00edce studovan\u00fdch styl\u016f stravov\u00e1n\u00ed pro sv\u016fj p\u0159\u00edzniv\u00fd vliv na zdrav\u00ed srdce. Klade d\u016fraz p\u0159edev\u0161\u00edm na konzumaci rostlinn\u00fdch potravin, jako je ovoce, zelenina, celozrnn\u00e9 v\u00fdrobky, lu\u0161t\u011bniny a o\u0159echy, pou\u017e\u00edv\u00e1n\u00ed olivov\u00e9ho oleje nam\u00edsto jin\u00fdch tuk\u016f a konzumaci ryb alespo\u0148 dvakr\u00e1t t\u00fddn\u011b. K dochucen\u00ed j\u00eddel se m\u00edsto soli pou\u017e\u00edvaj\u00ed bylinky a ko\u0159en\u00ed, omezuje se \u010derven\u00e9 maso a p\u0159idan\u00e9 cukry. Celkov\u011b tento dietn\u00ed vzorec znamen\u00e1 vysok\u00fd p\u0159\u00edjem mono- a poly-nenasycen\u00fdch tuk\u016f, rostlinn\u00e9 vl\u00e1kniny, antioxidant\u016f a protiz\u00e1n\u011btliv\u00fdch l\u00e1tek. Pokyny ESC pro prevenci KVO z roku 2021 jako hlavn\u00ed zp\u016fsob stravov\u00e1n\u00ed pro p\u0159edch\u00e1zen\u00ed kardiovaskul\u00e1rn\u00edm onemocn\u011bn\u00edm (t\u0159\u00eddy I, \u00farovn\u011b A) d\u016frazn\u011b doporu\u010duj\u00ed st\u0159edomo\u0159skou stravu.<\/p>\n<p>St\u0159edomo\u0159sk\u00e1 strava je udr\u017eiteln\u00fd a \u00fa\u010dinn\u00fd zp\u016fsob stravov\u00e1n\u00ed pro zlep\u0161en\u00ed celkov\u00e9ho zdrav\u00ed a prevenci r\u016fzn\u00fdch chronick\u00fdch onemocn\u011bn\u00ed. P\u0159\u00edklon k tomuto zp\u016fsobu stravov\u00e1n\u00ed m\u016f\u017ee v\u00e9st k v\u00fdrazn\u00e9mu zlep\u0161en\u00ed, pokud jde o kardiovaskul\u00e1rn\u00ed zdrav\u00ed, regulaci hmotnosti, glyk\u00e9mii, kognitivn\u00ed funkce, prevenci rakoviny, dlouhov\u011bkost a sn\u00ed\u017een\u00ed z\u00e1n\u011bt\u016f. Aby byla propagace st\u0159edomo\u0159sk\u00e9 stravy \u00fa\u010dinn\u00e1, je t\u0159eba uplatnit mnohostrann\u00fd p\u0159\u00edstup zahrnuj\u00edc\u00ed vzd\u011bl\u00e1v\u00e1n\u00ed, m\u00e9dia, zapojen\u00ed komunity, politick\u00e9 zm\u011bny, spolupr\u00e1ci s potravin\u00e1\u0159sk\u00fdm pr\u016fmyslem a kulturn\u00ed p\u0159izp\u016fsoben\u00ed.<\/p>\n","protected":false},"excerpt":{"rendered":"<p>Jej\u00ed p\u0159\u00edzniv\u00fd vliv na srdce a c\u00e9vy prokazuje \u0159ada studi\u00ed, kter\u00e9 zd\u016fraz\u0148uj\u00ed v\u00fdznam dietn\u00edho re\u017eimu bohat\u00e9ho na ovoce, zeleninu, celozrnn\u00e9 v\u00fdrobky, olivov\u00fd olej, ryby a dr\u016fbe\u017e. Nezdrav\u00e9 stravovac\u00ed n\u00e1vyky jsou jedn\u00edm z hlavn\u00edch faktor\u016f kardiovaskul\u00e1rn\u00edch onemocn\u011bn\u00ed a \u00famrt\u00ed na tyto choroby v Evrop\u011b. St\u0159edomo\u0159sk\u00e1 strava je jedn\u00edm z nejv\u00edce studovan\u00fdch styl\u016f stravov\u00e1n\u00ed pro sv\u016fj p\u0159\u00edzniv\u00fd [&hellip;]<\/p>\n","protected":false},"author":1,"featured_media":6914,"parent":6912,"menu_order":5,"comment_status":"closed","ping_status":"closed","template":"","meta":{"_acf_changed":false,"footnotes":""},"categories":[144],"tags":[],"class_list":["post-6909","page","type-page","status-publish","has-post-thumbnail","hentry","category-udrzujte-sve-srdce-zdrave"],"acf":[],"yoast_head":"<!-- This site is optimized with the Yoast SEO plugin v24.0 - https:\/\/yoast.com\/wordpress\/plugins\/seo\/ -->\n<title>Dieta \u0161etrn\u00e1 k srdci - Healthy-Heart.org<\/title>\n<meta name=\"description\" content=\"Tzv. st\u0159edomo\u0159sk\u00e1 strava je \u0161etrn\u00e1 k srdci a pom\u00e1h\u00e1 zabr\u00e1nit kardiovaskul\u00e1rn\u00edm onemocn\u011bn\u00edm. Je charakteristick\u00e1 vysok\u00fdm pod\u00edlem ovoce, zeleniny, celozrnn\u00fdch v\u00fdrobk\u016f, olivov\u00e9ho oleje, ryb a dr\u016fbe\u017ee.\" \/>\n<meta name=\"robots\" content=\"index, follow, max-snippet:-1, max-image-preview:large, max-video-preview:-1\" \/>\n<link rel=\"canonical\" href=\"https:\/\/www.healthy-heart.org\/cs\/udrzujte-sve-srdce-zdrave\/dieta-setrna-k-srdci\/\" \/>\n<meta property=\"og:locale\" content=\"cs_CZ\" \/>\n<meta property=\"og:type\" content=\"article\" \/>\n<meta property=\"og:title\" content=\"Dieta \u0161etrn\u00e1 k srdci - Healthy-Heart.org\" \/>\n<meta property=\"og:description\" content=\"Tzv. st\u0159edomo\u0159sk\u00e1 strava je \u0161etrn\u00e1 k srdci a pom\u00e1h\u00e1 zabr\u00e1nit kardiovaskul\u00e1rn\u00edm onemocn\u011bn\u00edm. Je charakteristick\u00e1 vysok\u00fdm pod\u00edlem ovoce, zeleniny, celozrnn\u00fdch v\u00fdrobk\u016f, olivov\u00e9ho oleje, ryb a dr\u016fbe\u017ee.\" \/>\n<meta property=\"og:url\" content=\"https:\/\/www.healthy-heart.org\/cs\/udrzujte-sve-srdce-zdrave\/dieta-setrna-k-srdci\/\" \/>\n<meta property=\"og:site_name\" content=\"Healthy-Heart.org\" \/>\n<meta property=\"article:modified_time\" content=\"2024-12-10T12:24:21+00:00\" \/>\n<meta property=\"og:image\" content=\"https:\/\/www.healthy-heart.org\/wp-content\/uploads\/2019\/07\/iStock-482817556-e1565872053765-scaled.jpg\" \/>\n\t<meta property=\"og:image:width\" content=\"2560\" \/>\n\t<meta property=\"og:image:height\" content=\"1772\" \/>\n\t<meta property=\"og:image:type\" content=\"image\/jpeg\" \/>\n<meta name=\"twitter:card\" content=\"summary_large_image\" \/>\n<meta name=\"twitter:label1\" content=\"Odhadovan\u00e1 doba \u010dten\u00ed\" \/>\n\t<meta name=\"twitter:data1\" content=\"2 minuty\" \/>\n<script type=\"application\/ld+json\" class=\"yoast-schema-graph\">{\"@context\":\"https:\/\/schema.org\",\"@graph\":[{\"@type\":\"WebPage\",\"@id\":\"https:\/\/www.healthy-heart.org\/cs\/udrzujte-sve-srdce-zdrave\/dieta-setrna-k-srdci\/\",\"url\":\"https:\/\/www.healthy-heart.org\/cs\/udrzujte-sve-srdce-zdrave\/dieta-setrna-k-srdci\/\",\"name\":\"Dieta \u0161etrn\u00e1 k srdci - Healthy-Heart.org\",\"isPartOf\":{\"@id\":\"https:\/\/www.healthy-heart.org\/es\/#website\"},\"primaryImageOfPage\":{\"@id\":\"https:\/\/www.healthy-heart.org\/cs\/udrzujte-sve-srdce-zdrave\/dieta-setrna-k-srdci\/#primaryimage\"},\"image\":{\"@id\":\"https:\/\/www.healthy-heart.org\/cs\/udrzujte-sve-srdce-zdrave\/dieta-setrna-k-srdci\/#primaryimage\"},\"thumbnailUrl\":\"https:\/\/www.healthy-heart.org\/wp-content\/uploads\/2019\/07\/iStock-482817556-e1565872053765-scaled.jpg\",\"datePublished\":\"2023-08-16T13:54:36+00:00\",\"dateModified\":\"2024-12-10T12:24:21+00:00\",\"description\":\"Tzv. st\u0159edomo\u0159sk\u00e1 strava je \u0161etrn\u00e1 k srdci a pom\u00e1h\u00e1 zabr\u00e1nit kardiovaskul\u00e1rn\u00edm onemocn\u011bn\u00edm. Je charakteristick\u00e1 vysok\u00fdm pod\u00edlem ovoce, zeleniny, celozrnn\u00fdch v\u00fdrobk\u016f, olivov\u00e9ho oleje, ryb a dr\u016fbe\u017ee.\",\"breadcrumb\":{\"@id\":\"https:\/\/www.healthy-heart.org\/cs\/udrzujte-sve-srdce-zdrave\/dieta-setrna-k-srdci\/#breadcrumb\"},\"inLanguage\":\"cs\",\"potentialAction\":[{\"@type\":\"ReadAction\",\"target\":[\"https:\/\/www.healthy-heart.org\/cs\/udrzujte-sve-srdce-zdrave\/dieta-setrna-k-srdci\/\"]}]},{\"@type\":\"ImageObject\",\"inLanguage\":\"cs\",\"@id\":\"https:\/\/www.healthy-heart.org\/cs\/udrzujte-sve-srdce-zdrave\/dieta-setrna-k-srdci\/#primaryimage\",\"url\":\"https:\/\/www.healthy-heart.org\/wp-content\/uploads\/2019\/07\/iStock-482817556-e1565872053765-scaled.jpg\",\"contentUrl\":\"https:\/\/www.healthy-heart.org\/wp-content\/uploads\/2019\/07\/iStock-482817556-e1565872053765-scaled.jpg\",\"width\":2560,\"height\":1772},{\"@type\":\"BreadcrumbList\",\"@id\":\"https:\/\/www.healthy-heart.org\/cs\/udrzujte-sve-srdce-zdrave\/dieta-setrna-k-srdci\/#breadcrumb\",\"itemListElement\":[{\"@type\":\"ListItem\",\"position\":1,\"name\":\"Home\",\"item\":\"https:\/\/www.healthy-heart.org\/cs\/\"},{\"@type\":\"ListItem\",\"position\":2,\"name\":\"Udr\u017eujte sv\u00e9 srdce zdrav\u00e9\",\"item\":\"https:\/\/www.healthy-heart.org\/cs\/udrzujte-sve-srdce-zdrave\/\"},{\"@type\":\"ListItem\",\"position\":3,\"name\":\"Dieta \u0161etrn\u00e1 k srdci\"}]},{\"@type\":\"WebSite\",\"@id\":\"https:\/\/www.healthy-heart.org\/es\/#website\",\"url\":\"https:\/\/www.healthy-heart.org\/es\/\",\"name\":\"Healthy-Heart.org\",\"description\":\"Practical advice for patients and family care givers on the prevention of cardiovascular disease\",\"potentialAction\":[{\"@type\":\"SearchAction\",\"target\":{\"@type\":\"EntryPoint\",\"urlTemplate\":\"https:\/\/www.healthy-heart.org\/es\/?s={search_term_string}\"},\"query-input\":{\"@type\":\"PropertyValueSpecification\",\"valueRequired\":true,\"valueName\":\"search_term_string\"}}],\"inLanguage\":\"cs\"}]}<\/script>\n<!-- \/ Yoast SEO plugin. -->","yoast_head_json":{"title":"Dieta \u0161etrn\u00e1 k srdci - Healthy-Heart.org","description":"Tzv. st\u0159edomo\u0159sk\u00e1 strava je \u0161etrn\u00e1 k srdci a pom\u00e1h\u00e1 zabr\u00e1nit kardiovaskul\u00e1rn\u00edm onemocn\u011bn\u00edm. Je charakteristick\u00e1 vysok\u00fdm pod\u00edlem ovoce, zeleniny, celozrnn\u00fdch v\u00fdrobk\u016f, olivov\u00e9ho oleje, ryb a dr\u016fbe\u017ee.","robots":{"index":"index","follow":"follow","max-snippet":"max-snippet:-1","max-image-preview":"max-image-preview:large","max-video-preview":"max-video-preview:-1"},"canonical":"https:\/\/www.healthy-heart.org\/cs\/udrzujte-sve-srdce-zdrave\/dieta-setrna-k-srdci\/","og_locale":"cs_CZ","og_type":"article","og_title":"Dieta \u0161etrn\u00e1 k srdci - Healthy-Heart.org","og_description":"Tzv. st\u0159edomo\u0159sk\u00e1 strava je \u0161etrn\u00e1 k srdci a pom\u00e1h\u00e1 zabr\u00e1nit kardiovaskul\u00e1rn\u00edm onemocn\u011bn\u00edm. Je charakteristick\u00e1 vysok\u00fdm pod\u00edlem ovoce, zeleniny, celozrnn\u00fdch v\u00fdrobk\u016f, olivov\u00e9ho oleje, ryb a dr\u016fbe\u017ee.","og_url":"https:\/\/www.healthy-heart.org\/cs\/udrzujte-sve-srdce-zdrave\/dieta-setrna-k-srdci\/","og_site_name":"Healthy-Heart.org","article_modified_time":"2024-12-10T12:24:21+00:00","og_image":[{"width":2560,"height":1772,"url":"https:\/\/www.healthy-heart.org\/wp-content\/uploads\/2019\/07\/iStock-482817556-e1565872053765-scaled.jpg","type":"image\/jpeg"}],"twitter_card":"summary_large_image","twitter_misc":{"Odhadovan\u00e1 doba \u010dten\u00ed":"2 minuty"},"schema":{"@context":"https:\/\/schema.org","@graph":[{"@type":"WebPage","@id":"https:\/\/www.healthy-heart.org\/cs\/udrzujte-sve-srdce-zdrave\/dieta-setrna-k-srdci\/","url":"https:\/\/www.healthy-heart.org\/cs\/udrzujte-sve-srdce-zdrave\/dieta-setrna-k-srdci\/","name":"Dieta \u0161etrn\u00e1 k srdci - Healthy-Heart.org","isPartOf":{"@id":"https:\/\/www.healthy-heart.org\/es\/#website"},"primaryImageOfPage":{"@id":"https:\/\/www.healthy-heart.org\/cs\/udrzujte-sve-srdce-zdrave\/dieta-setrna-k-srdci\/#primaryimage"},"image":{"@id":"https:\/\/www.healthy-heart.org\/cs\/udrzujte-sve-srdce-zdrave\/dieta-setrna-k-srdci\/#primaryimage"},"thumbnailUrl":"https:\/\/www.healthy-heart.org\/wp-content\/uploads\/2019\/07\/iStock-482817556-e1565872053765-scaled.jpg","datePublished":"2023-08-16T13:54:36+00:00","dateModified":"2024-12-10T12:24:21+00:00","description":"Tzv. st\u0159edomo\u0159sk\u00e1 strava je \u0161etrn\u00e1 k srdci a pom\u00e1h\u00e1 zabr\u00e1nit kardiovaskul\u00e1rn\u00edm onemocn\u011bn\u00edm. Je charakteristick\u00e1 vysok\u00fdm pod\u00edlem ovoce, zeleniny, celozrnn\u00fdch v\u00fdrobk\u016f, olivov\u00e9ho oleje, ryb a dr\u016fbe\u017ee.","breadcrumb":{"@id":"https:\/\/www.healthy-heart.org\/cs\/udrzujte-sve-srdce-zdrave\/dieta-setrna-k-srdci\/#breadcrumb"},"inLanguage":"cs","potentialAction":[{"@type":"ReadAction","target":["https:\/\/www.healthy-heart.org\/cs\/udrzujte-sve-srdce-zdrave\/dieta-setrna-k-srdci\/"]}]},{"@type":"ImageObject","inLanguage":"cs","@id":"https:\/\/www.healthy-heart.org\/cs\/udrzujte-sve-srdce-zdrave\/dieta-setrna-k-srdci\/#primaryimage","url":"https:\/\/www.healthy-heart.org\/wp-content\/uploads\/2019\/07\/iStock-482817556-e1565872053765-scaled.jpg","contentUrl":"https:\/\/www.healthy-heart.org\/wp-content\/uploads\/2019\/07\/iStock-482817556-e1565872053765-scaled.jpg","width":2560,"height":1772},{"@type":"BreadcrumbList","@id":"https:\/\/www.healthy-heart.org\/cs\/udrzujte-sve-srdce-zdrave\/dieta-setrna-k-srdci\/#breadcrumb","itemListElement":[{"@type":"ListItem","position":1,"name":"Home","item":"https:\/\/www.healthy-heart.org\/cs\/"},{"@type":"ListItem","position":2,"name":"Udr\u017eujte sv\u00e9 srdce zdrav\u00e9","item":"https:\/\/www.healthy-heart.org\/cs\/udrzujte-sve-srdce-zdrave\/"},{"@type":"ListItem","position":3,"name":"Dieta \u0161etrn\u00e1 k srdci"}]},{"@type":"WebSite","@id":"https:\/\/www.healthy-heart.org\/es\/#website","url":"https:\/\/www.healthy-heart.org\/es\/","name":"Healthy-Heart.org","description":"Practical advice for patients and family care givers on the prevention of cardiovascular disease","potentialAction":[{"@type":"SearchAction","target":{"@type":"EntryPoint","urlTemplate":"https:\/\/www.healthy-heart.org\/es\/?s={search_term_string}"},"query-input":{"@type":"PropertyValueSpecification","valueRequired":true,"valueName":"search_term_string"}}],"inLanguage":"cs"}]}},"_links":{"self":[{"href":"https:\/\/www.healthy-heart.org\/cs\/wp-json\/wp\/v2\/pages\/6909","targetHints":{"allow":["GET"]}}],"collection":[{"href":"https:\/\/www.healthy-heart.org\/cs\/wp-json\/wp\/v2\/pages"}],"about":[{"href":"https:\/\/www.healthy-heart.org\/cs\/wp-json\/wp\/v2\/types\/page"}],"author":[{"embeddable":true,"href":"https:\/\/www.healthy-heart.org\/cs\/wp-json\/wp\/v2\/users\/1"}],"replies":[{"embeddable":true,"href":"https:\/\/www.healthy-heart.org\/cs\/wp-json\/wp\/v2\/comments?post=6909"}],"version-history":[{"count":1,"href":"https:\/\/www.healthy-heart.org\/cs\/wp-json\/wp\/v2\/pages\/6909\/revisions"}],"predecessor-version":[{"id":7377,"href":"https:\/\/www.healthy-heart.org\/cs\/wp-json\/wp\/v2\/pages\/6909\/revisions\/7377"}],"up":[{"embeddable":true,"href":"https:\/\/www.healthy-heart.org\/cs\/wp-json\/wp\/v2\/pages\/6912"}],"wp:featuredmedia":[{"embeddable":true,"href":"https:\/\/www.healthy-heart.org\/cs\/wp-json\/wp\/v2\/media\/6914"}],"wp:attachment":[{"href":"https:\/\/www.healthy-heart.org\/cs\/wp-json\/wp\/v2\/media?parent=6909"}],"wp:term":[{"taxonomy":"category","embeddable":true,"href":"https:\/\/www.healthy-heart.org\/cs\/wp-json\/wp\/v2\/categories?post=6909"},{"taxonomy":"post_tag","embeddable":true,"href":"https:\/\/www.healthy-heart.org\/cs\/wp-json\/wp\/v2\/tags?post=6909"}],"curies":[{"name":"wp","href":"https:\/\/api.w.org\/{rel}","templated":true}]}}