{"id":6901,"date":"2023-08-16T14:54:33","date_gmt":"2023-08-16T13:54:33","guid":{"rendered":"https:\/\/www.healthy-heart.org\/podpora-zdraveho-zivotniho-stylu\/"},"modified":"2023-08-16T14:54:33","modified_gmt":"2023-08-16T13:54:33","slug":"podpora-zdraveho-zivotniho-stylu","status":"publish","type":"page","link":"https:\/\/www.healthy-heart.org\/cs\/vase-srdce\/podpora-zdraveho-zivotniho-stylu\/","title":{"rendered":"Podpora zdrav\u00e9ho \u017eivotn\u00edho stylu"},"content":{"rendered":"<p><img loading=\"lazy\" decoding=\"async\" class=\"alignright size-medium wp-image-795\" src=\"https:\/\/cdn-endpoint-prev.azureedge.net\/healthy-heart\/2019\/07\/iStock-618870216-350x165.jpg\" alt=\"\" width=\"350\" height=\"165\" srcset=\"https:\/\/www.healthy-heart.org\/wp-content\/uploads\/2019\/07\/iStock-618870216-350x165.jpg 350w, https:\/\/www.healthy-heart.org\/wp-content\/uploads\/2019\/07\/iStock-618870216-200x95.jpg 200w, https:\/\/www.healthy-heart.org\/wp-content\/uploads\/2019\/07\/iStock-618870216-768x363.jpg 768w, https:\/\/www.healthy-heart.org\/wp-content\/uploads\/2019\/07\/iStock-618870216-1024x484.jpg 1024w, https:\/\/www.healthy-heart.org\/wp-content\/uploads\/2019\/07\/iStock-618870216-1536x726.jpg 1536w, https:\/\/www.healthy-heart.org\/wp-content\/uploads\/2019\/07\/iStock-618870216-2048x968.jpg 2048w, https:\/\/www.healthy-heart.org\/wp-content\/uploads\/2019\/07\/iStock-618870216-929x439.jpg 929w, https:\/\/www.healthy-heart.org\/wp-content\/uploads\/2019\/07\/iStock-618870216-700x331.jpg 700w\" sizes=\"auto, (max-width: 350px) 100vw, 350px\" \/>Na mezin\u00e1rodn\u00ed, n\u00e1rodn\u00ed a m\u00edstn\u00ed \u00farovni existuj\u00ed vl\u00e1dn\u00ed i nevl\u00e1dn\u00ed organizace , kter\u00e9 se zab\u00fdvaj\u00ed podporou p\u0159echodu na zdrav\u00fd \u017eivotn\u00ed styl. Pat\u0159\u00ed mezi n\u011b Sv\u011btov\u00e1 zdravotnick\u00e1 organizace, Evropsk\u00e1 unie, n\u00e1rodn\u00ed a m\u00edstn\u00ed vl\u00e1dy, zdravotnick\u00e1 za\u0159\u00edzen\u00ed, nadace zam\u011b\u0159en\u00e9 na prevenci a l\u00e9\u010dbu kardiovaskul\u00e1rn\u00edch onemocn\u011bn\u00ed, spot\u0159ebitelsk\u00e1 sdru\u017een\u00ed a organizace pacient\u016f.<\/p>\n<p>\u0160koly by m\u011bly vytv\u00e1\u0159et aktivn\u00ed a zdrav\u00e9 prost\u0159ed\u00ed pro studenty a z\u00e1rove\u0148 je vychov\u00e1vat a stimulovat k osvojen\u00ed a udr\u017eov\u00e1n\u00ed zdrav\u00e9ho \u017eivotn\u00edho stylu. Podobn\u011b by zam\u011bstnavatel\u00e9 m\u011bli podporovat <a href=\"https:\/\/www.healthy-heart.org\/keep-your-heart-healthy\/physical-activity\/\">fyzickou aktivitu<\/a> a zdrav\u00e9 stravov\u00e1n\u00ed a odrazovat od <a href=\"https:\/\/www.healthy-heart.org\/keep-your-heart-healthy\/smoking\/\">kou\u0159en\u00ed<\/a>. Urbanist\u00e9 mohou lidem usnadnit cestov\u00e1n\u00ed do \u0161koly nebo do pr\u00e1ce p\u011b\u0161ky nebo na kole.<\/p>\n<h3>Strava<\/h3>\n<p><img loading=\"lazy\" decoding=\"async\" class=\"alignright size-medium wp-image-805\" src=\"https:\/\/cdn-endpoint-prev.azureedge.net\/healthy-heart\/2019\/07\/iStock-953674568-1-350x233.jpg\" alt=\"\" width=\"350\" height=\"233\" srcset=\"https:\/\/www.healthy-heart.org\/wp-content\/uploads\/2019\/07\/iStock-953674568-1-350x233.jpg 350w, https:\/\/cdn-endpoint-prev.azureedge.net\/healthy-heart\/2019\/07\/iStock-953674568-1-1024x683.jpg 1024w, https:\/\/www.healthy-heart.org\/wp-content\/uploads\/2019\/07\/iStock-953674568-1-200x133.jpg 200w, https:\/\/www.healthy-heart.org\/wp-content\/uploads\/2019\/07\/iStock-953674568-1-768x512.jpg 768w, https:\/\/www.healthy-heart.org\/wp-content\/uploads\/2019\/07\/iStock-953674568-1-1536x1024.jpg 1536w, https:\/\/www.healthy-heart.org\/wp-content\/uploads\/2019\/07\/iStock-953674568-1-2048x1365.jpg 2048w, https:\/\/www.healthy-heart.org\/wp-content\/uploads\/2019\/07\/iStock-953674568-1-659x439.jpg 659w, https:\/\/www.healthy-heart.org\/wp-content\/uploads\/2019\/07\/iStock-953674568-1-696x464.jpg 696w\" sizes=\"auto, (max-width: 350px) 100vw, 350px\" \/>Omezen\u00ed obsahu tuku, cukru a soli ve zpracovan\u00fdch potravin\u00e1ch je \u00fa\u010dinn\u00fd zp\u016fsob, jak zlep\u0161it to, jak se lid\u00e9 stravuji, n\u011bkdy ani\u017e by si toho v\u0161imli. N\u011bkter\u00e9 zem\u011b zak\u00e1zaly trans tuky v potravin\u00e1ch. Mnoho zem\u00ed spolupracuje s potravin\u00e1\u0159sk\u00fdm pr\u016fmyslem na sn\u00ed\u017een\u00ed hladiny soli a cukru. Tak\u00e9 ceny tak\u00e9 ovliv\u0148uj\u00ed chov\u00e1n\u00ed spot\u0159ebitel\u016f. Zdan\u011bn\u00ed nezdrav\u00fdch potravin (nap\u0159\u00edklad da\u0148 z tuku nebo cukru) nebo dotov\u00e1n\u00ed zdrav\u00fdch alternativ m\u016f\u017ee vyvolat zm\u011bny stravovac\u00edch n\u00e1vyk\u016f. Kampan\u011b na zvy\u0161ov\u00e1n\u00ed pov\u011bdom\u00ed spot\u0159ebitel\u016f o zdrav\u00fdch potravin\u00e1ch a jasn\u00e9 etikety potravin mohou lidem pomoci nakupovat v\u00fd\u017eivn\u00e9 potraviny.<\/p>\n<h3>Fyzick\u00e1 aktivita<\/h3>\n<p>Prost\u0159ed\u00ed, ve kter\u00e9m se lid\u00e9 pohybuj\u00ed, m\u016f\u017ee podporovat fyzickou aktivitu. Nap\u0159\u00edklad dob\u0159e viditeln\u00e9 schodi\u0161t\u011b stimuluje lidi, aby ho pou\u017eili m\u00edsto v\u00fdtahu. Podpora ch\u016fze nebo j\u00edzdy na kole i na kr\u00e1tk\u00e9 vzd\u00e1lenosti pom\u00e1h\u00e1 za\u010dlenit fyzickou aktivitu do ka\u017edodenn\u00ed rutiny. Budov\u00e1n\u00ed pov\u011bdom\u00ed o d\u016fle\u017eitosti fyzick\u00e9 aktivity pro zdrav\u00ed by m\u011blo za\u010d\u00edt ji\u017e v ran\u00e9m d\u011btstv\u00ed. Pracovi\u0161t\u011b mohou nab\u00eddnout fitness centra, stoly umo\u017e\u0148uj\u00edc\u00ed zam\u011bstnanc\u016fm pracovat vestoje nebo rotopedy ke stol\u016fm.<\/p>\n<h3>Kou\u0159en\u00ed<\/h3>\n<p>V\u0161echny druhy kou\u0159en\u00ed, v\u010detn\u011b pasivn\u00edho, zvy\u0161uj\u00ed riziko kardiovaskul\u00e1rn\u00edch onemocn\u011bn\u00ed. Legislativa je mocn\u00fdm n\u00e1strojem prevence a omezen\u00ed kou\u0159en\u00ed. Opat\u0159en\u00ed zahrnuj\u00ed z\u00e1kaz kou\u0159en\u00ed, vysok\u00e9 dan\u011b, omezenou reklamu a pou\u017e\u00edv\u00e1n\u00ed oby\u010dejn\u00fdch obal\u016f. Kampan\u011b v massm\u00e9di\u00edch zv\u00fd\u0161ily pov\u011bdom\u00ed o \u0161kodliv\u00fdch \u00fa\u010dinc\u00edch kou\u0159en\u00ed. Zvl\u00e1\u0161t\u011b d\u016fle\u017eit\u00e9 je ochr\u00e1nit mladistv\u00e9 a dosp\u00edvaj\u00edc\u00ed, aby neza\u010dali kou\u0159it.<\/p>\n<h3>Nadm\u011brn\u00e9 pit\u00ed alkoholu<\/h3>\n<p>Nadm\u011brn\u00e1 konzumace alkoholu zvy\u0161uje <a href=\"https:\/\/www.healthy-heart.org\/keep-your-heart-healthy\/predicting-managing-risk-of-heart-disease\/\">riziko kardiovaskul\u00e1rn\u00edho onemocn\u011bn\u00ed<\/a>. Legislativa m\u016f\u017ee \u00fa\u010dinn\u011b slou\u017eit k prevenci \u0161kodliv\u00e9ho u\u017e\u00edv\u00e1n\u00ed alkoholu prost\u0159ednictv\u00edm n\u011bkolika opat\u0159en\u00ed: nap\u0159\u00edklad minim\u00e1ln\u00ed v\u011bk pro n\u00e1kup nebo pod\u00e1v\u00e1n\u00ed alkoholu, z\u00e1kony o \u0159\u00edzen\u00ed pod vlivem alkoholu, dan\u011b a z\u00e1kaz reklamy, propagace a sponzorov\u00e1n\u00ed akc\u00ed. Prosp\u011b\u0161n\u00e9 jsou tak\u00e9 p\u0159edpisy t\u00fdkaj\u00edc\u00ed se alkoholu na pracovi\u0161t\u00edch a ve \u0161kol\u00e1ch.<\/p>\n","protected":false},"excerpt":{"rendered":"<p>Na mezin\u00e1rodn\u00ed, n\u00e1rodn\u00ed a m\u00edstn\u00ed \u00farovni existuj\u00ed vl\u00e1dn\u00ed i nevl\u00e1dn\u00ed organizace , kter\u00e9 se zab\u00fdvaj\u00ed podporou p\u0159echodu na zdrav\u00fd \u017eivotn\u00ed styl. Pat\u0159\u00ed mezi n\u011b Sv\u011btov\u00e1 zdravotnick\u00e1 organizace, Evropsk\u00e1 unie, n\u00e1rodn\u00ed a m\u00edstn\u00ed vl\u00e1dy, zdravotnick\u00e1 za\u0159\u00edzen\u00ed, nadace zam\u011b\u0159en\u00e9 na prevenci a l\u00e9\u010dbu kardiovaskul\u00e1rn\u00edch onemocn\u011bn\u00ed, spot\u0159ebitelsk\u00e1 sdru\u017een\u00ed a organizace pacient\u016f. \u0160koly by m\u011bly vytv\u00e1\u0159et aktivn\u00ed a zdrav\u00e9 [&hellip;]<\/p>\n","protected":false},"author":1,"featured_media":6908,"parent":6903,"menu_order":5,"comment_status":"closed","ping_status":"closed","template":"","meta":{"_acf_changed":false,"footnotes":""},"categories":[145],"tags":[],"class_list":["post-6901","page","type-page","status-publish","has-post-thumbnail","hentry","category-vase-srdce"],"acf":[],"yoast_head":"<!-- This site is optimized with the Yoast SEO plugin v24.0 - https:\/\/yoast.com\/wordpress\/plugins\/seo\/ -->\n<title>Podpora zdrav\u00e9ho \u017eivotn\u00edho stylu - Healthy-Heart.org<\/title>\n<meta name=\"description\" content=\"Zvolte si zdrav\u00fd \u017eivotn\u00ed styl. Bu\u010fte fyzicky aktivn\u00ed, jezte zdrav\u011bji, p\u0159esta\u0148te kou\u0159it a omezte konzumaci alkoholu.\" \/>\n<meta name=\"robots\" content=\"index, follow, max-snippet:-1, max-image-preview:large, max-video-preview:-1\" \/>\n<link rel=\"canonical\" href=\"https:\/\/www.healthy-heart.org\/cs\/vase-srdce\/podpora-zdraveho-zivotniho-stylu\/\" \/>\n<meta property=\"og:locale\" content=\"cs_CZ\" \/>\n<meta property=\"og:type\" content=\"article\" \/>\n<meta property=\"og:title\" content=\"Podpora zdrav\u00e9ho \u017eivotn\u00edho stylu - Healthy-Heart.org\" \/>\n<meta property=\"og:description\" content=\"Zvolte si zdrav\u00fd \u017eivotn\u00ed styl. Bu\u010fte fyzicky aktivn\u00ed, jezte zdrav\u011bji, p\u0159esta\u0148te kou\u0159it a omezte konzumaci alkoholu.\" \/>\n<meta property=\"og:url\" content=\"https:\/\/www.healthy-heart.org\/cs\/vase-srdce\/podpora-zdraveho-zivotniho-stylu\/\" \/>\n<meta property=\"og:site_name\" content=\"Healthy-Heart.org\" \/>\n<meta property=\"og:image\" content=\"https:\/\/www.healthy-heart.org\/wp-content\/uploads\/2019\/08\/healthy-lifestyle.jpg\" \/>\n\t<meta property=\"og:image:width\" content=\"518\" \/>\n\t<meta property=\"og:image:height\" content=\"345\" \/>\n\t<meta property=\"og:image:type\" content=\"image\/jpeg\" \/>\n<meta name=\"twitter:card\" content=\"summary_large_image\" \/>\n<meta name=\"twitter:label1\" content=\"Odhadovan\u00e1 doba \u010dten\u00ed\" \/>\n\t<meta name=\"twitter:data1\" content=\"3 minuty\" \/>\n<script type=\"application\/ld+json\" class=\"yoast-schema-graph\">{\"@context\":\"https:\/\/schema.org\",\"@graph\":[{\"@type\":\"WebPage\",\"@id\":\"https:\/\/www.healthy-heart.org\/cs\/vase-srdce\/podpora-zdraveho-zivotniho-stylu\/\",\"url\":\"https:\/\/www.healthy-heart.org\/cs\/vase-srdce\/podpora-zdraveho-zivotniho-stylu\/\",\"name\":\"Podpora zdrav\u00e9ho \u017eivotn\u00edho stylu - Healthy-Heart.org\",\"isPartOf\":{\"@id\":\"https:\/\/www.healthy-heart.org\/es\/#website\"},\"primaryImageOfPage\":{\"@id\":\"https:\/\/www.healthy-heart.org\/cs\/vase-srdce\/podpora-zdraveho-zivotniho-stylu\/#primaryimage\"},\"image\":{\"@id\":\"https:\/\/www.healthy-heart.org\/cs\/vase-srdce\/podpora-zdraveho-zivotniho-stylu\/#primaryimage\"},\"thumbnailUrl\":\"https:\/\/www.healthy-heart.org\/wp-content\/uploads\/2019\/08\/healthy-lifestyle.jpg\",\"datePublished\":\"2023-08-16T13:54:33+00:00\",\"dateModified\":\"2023-08-16T13:54:33+00:00\",\"description\":\"Zvolte si zdrav\u00fd \u017eivotn\u00ed styl. Bu\u010fte fyzicky aktivn\u00ed, jezte zdrav\u011bji, p\u0159esta\u0148te kou\u0159it a omezte konzumaci alkoholu.\",\"breadcrumb\":{\"@id\":\"https:\/\/www.healthy-heart.org\/cs\/vase-srdce\/podpora-zdraveho-zivotniho-stylu\/#breadcrumb\"},\"inLanguage\":\"cs\",\"potentialAction\":[{\"@type\":\"ReadAction\",\"target\":[\"https:\/\/www.healthy-heart.org\/cs\/vase-srdce\/podpora-zdraveho-zivotniho-stylu\/\"]}]},{\"@type\":\"ImageObject\",\"inLanguage\":\"cs\",\"@id\":\"https:\/\/www.healthy-heart.org\/cs\/vase-srdce\/podpora-zdraveho-zivotniho-stylu\/#primaryimage\",\"url\":\"https:\/\/www.healthy-heart.org\/wp-content\/uploads\/2019\/08\/healthy-lifestyle.jpg\",\"contentUrl\":\"https:\/\/www.healthy-heart.org\/wp-content\/uploads\/2019\/08\/healthy-lifestyle.jpg\",\"width\":518,\"height\":345},{\"@type\":\"BreadcrumbList\",\"@id\":\"https:\/\/www.healthy-heart.org\/cs\/vase-srdce\/podpora-zdraveho-zivotniho-stylu\/#breadcrumb\",\"itemListElement\":[{\"@type\":\"ListItem\",\"position\":1,\"name\":\"Home\",\"item\":\"https:\/\/www.healthy-heart.org\/cs\/\"},{\"@type\":\"ListItem\",\"position\":2,\"name\":\"Va\u0161e srdce\",\"item\":\"https:\/\/www.healthy-heart.org\/cs\/vase-srdce\/\"},{\"@type\":\"ListItem\",\"position\":3,\"name\":\"Podpora zdrav\u00e9ho \u017eivotn\u00edho stylu\"}]},{\"@type\":\"WebSite\",\"@id\":\"https:\/\/www.healthy-heart.org\/es\/#website\",\"url\":\"https:\/\/www.healthy-heart.org\/es\/\",\"name\":\"Healthy-Heart.org\",\"description\":\"Practical advice for patients and family care givers on the prevention of cardiovascular disease\",\"potentialAction\":[{\"@type\":\"SearchAction\",\"target\":{\"@type\":\"EntryPoint\",\"urlTemplate\":\"https:\/\/www.healthy-heart.org\/es\/?s={search_term_string}\"},\"query-input\":{\"@type\":\"PropertyValueSpecification\",\"valueRequired\":true,\"valueName\":\"search_term_string\"}}],\"inLanguage\":\"cs\"}]}<\/script>\n<!-- \/ Yoast SEO plugin. -->","yoast_head_json":{"title":"Podpora zdrav\u00e9ho \u017eivotn\u00edho stylu - Healthy-Heart.org","description":"Zvolte si zdrav\u00fd \u017eivotn\u00ed styl. Bu\u010fte fyzicky aktivn\u00ed, jezte zdrav\u011bji, p\u0159esta\u0148te kou\u0159it a omezte konzumaci alkoholu.","robots":{"index":"index","follow":"follow","max-snippet":"max-snippet:-1","max-image-preview":"max-image-preview:large","max-video-preview":"max-video-preview:-1"},"canonical":"https:\/\/www.healthy-heart.org\/cs\/vase-srdce\/podpora-zdraveho-zivotniho-stylu\/","og_locale":"cs_CZ","og_type":"article","og_title":"Podpora zdrav\u00e9ho \u017eivotn\u00edho stylu - Healthy-Heart.org","og_description":"Zvolte si zdrav\u00fd \u017eivotn\u00ed styl. Bu\u010fte fyzicky aktivn\u00ed, jezte zdrav\u011bji, p\u0159esta\u0148te kou\u0159it a omezte konzumaci alkoholu.","og_url":"https:\/\/www.healthy-heart.org\/cs\/vase-srdce\/podpora-zdraveho-zivotniho-stylu\/","og_site_name":"Healthy-Heart.org","og_image":[{"width":518,"height":345,"url":"https:\/\/www.healthy-heart.org\/wp-content\/uploads\/2019\/08\/healthy-lifestyle.jpg","type":"image\/jpeg"}],"twitter_card":"summary_large_image","twitter_misc":{"Odhadovan\u00e1 doba \u010dten\u00ed":"3 minuty"},"schema":{"@context":"https:\/\/schema.org","@graph":[{"@type":"WebPage","@id":"https:\/\/www.healthy-heart.org\/cs\/vase-srdce\/podpora-zdraveho-zivotniho-stylu\/","url":"https:\/\/www.healthy-heart.org\/cs\/vase-srdce\/podpora-zdraveho-zivotniho-stylu\/","name":"Podpora zdrav\u00e9ho \u017eivotn\u00edho stylu - Healthy-Heart.org","isPartOf":{"@id":"https:\/\/www.healthy-heart.org\/es\/#website"},"primaryImageOfPage":{"@id":"https:\/\/www.healthy-heart.org\/cs\/vase-srdce\/podpora-zdraveho-zivotniho-stylu\/#primaryimage"},"image":{"@id":"https:\/\/www.healthy-heart.org\/cs\/vase-srdce\/podpora-zdraveho-zivotniho-stylu\/#primaryimage"},"thumbnailUrl":"https:\/\/www.healthy-heart.org\/wp-content\/uploads\/2019\/08\/healthy-lifestyle.jpg","datePublished":"2023-08-16T13:54:33+00:00","dateModified":"2023-08-16T13:54:33+00:00","description":"Zvolte si zdrav\u00fd \u017eivotn\u00ed styl. Bu\u010fte fyzicky aktivn\u00ed, jezte zdrav\u011bji, p\u0159esta\u0148te kou\u0159it a omezte konzumaci alkoholu.","breadcrumb":{"@id":"https:\/\/www.healthy-heart.org\/cs\/vase-srdce\/podpora-zdraveho-zivotniho-stylu\/#breadcrumb"},"inLanguage":"cs","potentialAction":[{"@type":"ReadAction","target":["https:\/\/www.healthy-heart.org\/cs\/vase-srdce\/podpora-zdraveho-zivotniho-stylu\/"]}]},{"@type":"ImageObject","inLanguage":"cs","@id":"https:\/\/www.healthy-heart.org\/cs\/vase-srdce\/podpora-zdraveho-zivotniho-stylu\/#primaryimage","url":"https:\/\/www.healthy-heart.org\/wp-content\/uploads\/2019\/08\/healthy-lifestyle.jpg","contentUrl":"https:\/\/www.healthy-heart.org\/wp-content\/uploads\/2019\/08\/healthy-lifestyle.jpg","width":518,"height":345},{"@type":"BreadcrumbList","@id":"https:\/\/www.healthy-heart.org\/cs\/vase-srdce\/podpora-zdraveho-zivotniho-stylu\/#breadcrumb","itemListElement":[{"@type":"ListItem","position":1,"name":"Home","item":"https:\/\/www.healthy-heart.org\/cs\/"},{"@type":"ListItem","position":2,"name":"Va\u0161e srdce","item":"https:\/\/www.healthy-heart.org\/cs\/vase-srdce\/"},{"@type":"ListItem","position":3,"name":"Podpora zdrav\u00e9ho \u017eivotn\u00edho stylu"}]},{"@type":"WebSite","@id":"https:\/\/www.healthy-heart.org\/es\/#website","url":"https:\/\/www.healthy-heart.org\/es\/","name":"Healthy-Heart.org","description":"Practical advice for patients and family care givers on the prevention of cardiovascular disease","potentialAction":[{"@type":"SearchAction","target":{"@type":"EntryPoint","urlTemplate":"https:\/\/www.healthy-heart.org\/es\/?s={search_term_string}"},"query-input":{"@type":"PropertyValueSpecification","valueRequired":true,"valueName":"search_term_string"}}],"inLanguage":"cs"}]}},"_links":{"self":[{"href":"https:\/\/www.healthy-heart.org\/cs\/wp-json\/wp\/v2\/pages\/6901","targetHints":{"allow":["GET"]}}],"collection":[{"href":"https:\/\/www.healthy-heart.org\/cs\/wp-json\/wp\/v2\/pages"}],"about":[{"href":"https:\/\/www.healthy-heart.org\/cs\/wp-json\/wp\/v2\/types\/page"}],"author":[{"embeddable":true,"href":"https:\/\/www.healthy-heart.org\/cs\/wp-json\/wp\/v2\/users\/1"}],"replies":[{"embeddable":true,"href":"https:\/\/www.healthy-heart.org\/cs\/wp-json\/wp\/v2\/comments?post=6901"}],"version-history":[{"count":0,"href":"https:\/\/www.healthy-heart.org\/cs\/wp-json\/wp\/v2\/pages\/6901\/revisions"}],"up":[{"embeddable":true,"href":"https:\/\/www.healthy-heart.org\/cs\/wp-json\/wp\/v2\/pages\/6903"}],"wp:featuredmedia":[{"embeddable":true,"href":"https:\/\/www.healthy-heart.org\/cs\/wp-json\/wp\/v2\/media\/6908"}],"wp:attachment":[{"href":"https:\/\/www.healthy-heart.org\/cs\/wp-json\/wp\/v2\/media?parent=6901"}],"wp:term":[{"taxonomy":"category","embeddable":true,"href":"https:\/\/www.healthy-heart.org\/cs\/wp-json\/wp\/v2\/categories?post=6901"},{"taxonomy":"post_tag","embeddable":true,"href":"https:\/\/www.healthy-heart.org\/cs\/wp-json\/wp\/v2\/tags?post=6901"}],"curies":[{"name":"wp","href":"https:\/\/api.w.org\/{rel}","templated":true}]}}