{"id":6900,"date":"2023-08-16T14:54:33","date_gmt":"2023-08-16T13:54:33","guid":{"rendered":"https:\/\/www.healthy-heart.org\/srdecni-onemocneni-v-rodinne-anamneze\/"},"modified":"2023-08-16T14:54:33","modified_gmt":"2023-08-16T13:54:33","slug":"srdecni-onemocneni-v-rodinne-anamneze","status":"publish","type":"page","link":"https:\/\/www.healthy-heart.org\/cs\/udrzujte-sve-srdce-zdrave\/srdecni-onemocneni-v-rodinne-anamneze\/","title":{"rendered":"Srde\u010dn\u00ed onemocn\u011bn\u00ed v rodinn\u00e9 anamn\u00e9ze"},"content":{"rendered":"<p><img loading=\"lazy\" decoding=\"async\" class=\"size-medium wp-image-632 alignright\" src=\"https:\/\/cdn-endpoint-prev.azureedge.net\/healthy-heart\/2019\/07\/iStock-117150029-3-e1565872500736-350x241.jpg\" alt=\"\" width=\"350\" height=\"241\" srcset=\"https:\/\/www.healthy-heart.org\/wp-content\/uploads\/2019\/07\/iStock-117150029-3-e1565872500736-350x241.jpg 350w, https:\/\/cdn-endpoint-prev.azureedge.net\/healthy-heart\/2019\/07\/iStock-117150029-3-e1565872500736-200x137.jpg 200w, https:\/\/www.healthy-heart.org\/wp-content\/uploads\/2019\/07\/iStock-117150029-3-e1565872500736-768x528.jpg 768w, https:\/\/www.healthy-heart.org\/wp-content\/uploads\/2019\/07\/iStock-117150029-3-e1565872500736-1024x704.jpg 1024w, https:\/\/www.healthy-heart.org\/wp-content\/uploads\/2019\/07\/iStock-117150029-3-e1565872500736-1536x1056.jpg 1536w, https:\/\/www.healthy-heart.org\/wp-content\/uploads\/2019\/07\/iStock-117150029-3-e1565872500736-2048x1408.jpg 2048w, https:\/\/www.healthy-heart.org\/wp-content\/uploads\/2019\/07\/iStock-117150029-3-e1565872500736-639x439.jpg 639w, https:\/\/www.healthy-heart.org\/wp-content\/uploads\/2019\/07\/iStock-117150029-3-e1565872500736-675x464.jpg 675w\" sizes=\"auto, (max-width: 350px) 100vw, 350px\" \/>V\u011bt\u0161ina rizikov\u00fdch faktor\u016f \u017eivotn\u00edho stylu s dopadem na v\u00fdskyt kardiovaskul\u00e1rn\u00edch onemocn\u011bn\u00ed je v\u0161eobecn\u011b zn\u00e1m\u00e1. M\u00e9n\u011b zn\u00e1m\u00e9 je, \u017ee pokud m\u00e1te \u010dlena rodiny, u kter\u00e9ho se v ran\u00e9m v\u011bku rozvinulo kardiovaskul\u00e1rn\u00ed onemocn\u011bn\u00ed, zvy\u0161uje to i va\u0161e riziko.<\/p>\n<p>Kardiovaskul\u00e1rn\u00ed onemocn\u011bn\u00ed m\u00e1te v rodinn\u00e9 anamn\u00e9ze tehdy, pokud onemocn\u011bl v\u00e1\u0161 otec nebo bratr do v\u011bku 55 let nebo va\u0161e sestra nebo matka do v\u011bku 65 let.<br \/>\nPro\u010d rodinn\u00e1 anamn\u00e9za ovliv\u0148uje <a href=\"https:\/\/www.healthy-heart.org\/keep-your-heart-healthy\/predicting-managing-risk-of-heart-disease\/\">kardiovaskul\u00e1rn\u00ed riziko<\/a>? Proto\u017ee \u017eivotn\u00ed styly jsou v r\u00e1mci rodiny \u010dasto podobn\u00e9. Krom\u011b toho se geny p\u0159ed\u00e1vaj\u00ed z rodi\u010d\u016f na potomky a n\u011bkdy mohou b\u00fdt zodpov\u011bdn\u00e9 za onemocn\u011bn\u00ed, jako je vysok\u00fd krevn\u00ed tlak nebo vysok\u00fd <a href=\"https:\/\/www.healthy-heart.org\/keep-your-heart-healthy\/cholesterol\/\">cholesterol <\/a>. Famili\u00e1rn\u00ed hypercholesterol\u00e9mie je d\u011bdi\u010dn\u00e9 onemocn\u011bn\u00ed, kter\u00e9 m\u016f\u017ee v\u00e9st k extr\u00e9mn\u011b vysok\u00fdm hladin\u00e1m cholesterolu a srde\u010dn\u00edm onemocn\u011bn\u00edm ve velmi mlad\u00e9m v\u011bku, pokud nen\u00ed l\u00e9\u010dena. <a href=\"https:\/\/www.healthy-heart.org\/living-with-heart-disease\/types-of-medication\/\">L\u00e9ky<\/a>a <a href=\"https:\/\/www.healthy-heart.org\/your-heart\/encouraging-a-healthy-lifestyle\/\">zdrav\u00fd \u017eivotn\u00ed styl<\/a> mohou sn\u00ed\u017eit riziko srde\u010dn\u00edch onemocn\u011bn\u00ed.<\/p>\n<p>Proto\u017ee \u017e\u00e1dn\u00fd jeden konkr\u00e9tn\u00ed gen nezvy\u0161uje s\u00e1m o sob\u011b riziko kardiovaskul\u00e1rn\u00edho onemocn\u011bn\u00ed, neposkytuje genetick\u00e1 anal\u00fdza definitivn\u00ed odpov\u011b\u010f na to, zda se u v\u00e1s rozvine kardiovaskul\u00e1rn\u00ed onemocn\u011bn\u00ed nebo ne.<\/p>\n<p>Svou rodinnou historii nem\u016f\u017eete zm\u011bnit, ale je dobr\u00e9 ji zn\u00e1t. Pokud m\u00e1te v rodinn\u00e9 anamn\u00e9ze kardiovaskul\u00e1rn\u00ed onemocn\u011bn\u00ed, je zvl\u00e1\u0161t\u011b d\u016fle\u017eit\u00e9 p\u0159ijmout v\u010das <a href=\"https:\/\/www.healthy-heart.org\/keep-your-heart-healthy\/take-control-of-your-lifestyle\/\">preventivn\u00ed opat\u0159en\u00ed<\/a>. Pat\u0159\u00ed mezi n\u011b b\u00fdt fyzicky aktivn\u00ed, j\u00edst zdrav\u011b, nechat si kontrolovat cholesterol a krevn\u00ed tlak, p\u0159estat kou\u0159it a kontrolovat svou t\u011blesnou hmotnost.<\/p>\n<blockquote><p>Zm\u011bny v chov\u00e1n\u00ed mohou sn\u00ed\u017eit va\u0161e budouc\u00ed riziko kardiovaskul\u00e1rn\u00edho onemocn\u011bn\u00ed, i kdy\u017e m\u00e1te rodinnou anamn\u00e9zu.<\/p><\/blockquote>\n<p>Jak se m\u016f\u017eete dozv\u011bd\u011bt o sv\u00e9 vlastn\u00ed rodinn\u00e9 historii? Promluvte si o tom s rodi\u010di a na rodinn\u00fdch setk\u00e1n\u00edch!<\/p>\n","protected":false},"excerpt":{"rendered":"<p>V\u011bt\u0161ina rizikov\u00fdch faktor\u016f \u017eivotn\u00edho stylu s dopadem na v\u00fdskyt kardiovaskul\u00e1rn\u00edch onemocn\u011bn\u00ed je v\u0161eobecn\u011b zn\u00e1m\u00e1. M\u00e9n\u011b zn\u00e1m\u00e9 je, \u017ee pokud m\u00e1te \u010dlena rodiny, u kter\u00e9ho se v ran\u00e9m v\u011bku rozvinulo kardiovaskul\u00e1rn\u00ed onemocn\u011bn\u00ed, zvy\u0161uje to i va\u0161e riziko. Kardiovaskul\u00e1rn\u00ed onemocn\u011bn\u00ed m\u00e1te v rodinn\u00e9 anamn\u00e9ze tehdy, pokud onemocn\u011bl v\u00e1\u0161 otec nebo bratr do v\u011bku 55 let nebo va\u0161e [&hellip;]<\/p>\n","protected":false},"author":1,"featured_media":6905,"parent":6912,"menu_order":9,"comment_status":"closed","ping_status":"closed","template":"","meta":{"_acf_changed":false,"footnotes":""},"categories":[144],"tags":[],"class_list":["post-6900","page","type-page","status-publish","has-post-thumbnail","hentry","category-udrzujte-sve-srdce-zdrave"],"acf":[],"yoast_head":"<!-- This site is optimized with the Yoast SEO plugin v24.0 - https:\/\/yoast.com\/wordpress\/plugins\/seo\/ -->\n<title>Rodinn\u00e1 anamn\u00e9za srde\u010dn\u00edho onemocn\u011bn\u00ed - Healthy-Heart.org<\/title>\n<meta name=\"description\" content=\"Nau\u010dte se, jak sn\u00ed\u017eit riziko srde\u010dn\u00edch onemocn\u011bn\u00ed pomoc\u00ed zdrav\u00e9ho \u017eivotn\u00edho stylu, i kdy\u017e m\u00e1te rodinnou anamn\u00e9zu pozitivn\u00ed.\" \/>\n<meta name=\"robots\" content=\"index, follow, max-snippet:-1, max-image-preview:large, max-video-preview:-1\" \/>\n<link rel=\"canonical\" href=\"https:\/\/www.healthy-heart.org\/cs\/udrzujte-sve-srdce-zdrave\/srdecni-onemocneni-v-rodinne-anamneze\/\" \/>\n<meta property=\"og:locale\" content=\"cs_CZ\" \/>\n<meta property=\"og:type\" content=\"article\" \/>\n<meta property=\"og:title\" content=\"Rodinn\u00e1 anamn\u00e9za srde\u010dn\u00edho onemocn\u011bn\u00ed - Healthy-Heart.org\" \/>\n<meta property=\"og:description\" content=\"Nau\u010dte se, jak sn\u00ed\u017eit riziko srde\u010dn\u00edch onemocn\u011bn\u00ed pomoc\u00ed zdrav\u00e9ho \u017eivotn\u00edho stylu, i kdy\u017e m\u00e1te rodinnou anamn\u00e9zu pozitivn\u00ed.\" \/>\n<meta property=\"og:url\" content=\"https:\/\/www.healthy-heart.org\/cs\/udrzujte-sve-srdce-zdrave\/srdecni-onemocneni-v-rodinne-anamneze\/\" \/>\n<meta property=\"og:site_name\" content=\"Healthy-Heart.org\" \/>\n<meta property=\"og:image\" content=\"https:\/\/www.healthy-heart.org\/wp-content\/uploads\/2019\/07\/iStock-117150029-3-e1565872500736-scaled.jpg\" \/>\n\t<meta property=\"og:image:width\" content=\"2560\" \/>\n\t<meta property=\"og:image:height\" content=\"1760\" \/>\n\t<meta property=\"og:image:type\" content=\"image\/jpeg\" \/>\n<meta name=\"twitter:card\" content=\"summary_large_image\" \/>\n<meta name=\"twitter:label1\" content=\"Odhadovan\u00e1 doba \u010dten\u00ed\" \/>\n\t<meta name=\"twitter:data1\" content=\"2 minuty\" \/>\n<script type=\"application\/ld+json\" class=\"yoast-schema-graph\">{\"@context\":\"https:\/\/schema.org\",\"@graph\":[{\"@type\":\"WebPage\",\"@id\":\"https:\/\/www.healthy-heart.org\/cs\/udrzujte-sve-srdce-zdrave\/srdecni-onemocneni-v-rodinne-anamneze\/\",\"url\":\"https:\/\/www.healthy-heart.org\/cs\/udrzujte-sve-srdce-zdrave\/srdecni-onemocneni-v-rodinne-anamneze\/\",\"name\":\"Rodinn\u00e1 anamn\u00e9za srde\u010dn\u00edho onemocn\u011bn\u00ed - Healthy-Heart.org\",\"isPartOf\":{\"@id\":\"https:\/\/www.healthy-heart.org\/es\/#website\"},\"primaryImageOfPage\":{\"@id\":\"https:\/\/www.healthy-heart.org\/cs\/udrzujte-sve-srdce-zdrave\/srdecni-onemocneni-v-rodinne-anamneze\/#primaryimage\"},\"image\":{\"@id\":\"https:\/\/www.healthy-heart.org\/cs\/udrzujte-sve-srdce-zdrave\/srdecni-onemocneni-v-rodinne-anamneze\/#primaryimage\"},\"thumbnailUrl\":\"https:\/\/www.healthy-heart.org\/wp-content\/uploads\/2019\/07\/iStock-117150029-3-e1565872500736-scaled.jpg\",\"datePublished\":\"2023-08-16T13:54:33+00:00\",\"dateModified\":\"2023-08-16T13:54:33+00:00\",\"description\":\"Nau\u010dte se, jak sn\u00ed\u017eit riziko srde\u010dn\u00edch onemocn\u011bn\u00ed pomoc\u00ed zdrav\u00e9ho \u017eivotn\u00edho stylu, i kdy\u017e m\u00e1te rodinnou anamn\u00e9zu pozitivn\u00ed.\",\"breadcrumb\":{\"@id\":\"https:\/\/www.healthy-heart.org\/cs\/udrzujte-sve-srdce-zdrave\/srdecni-onemocneni-v-rodinne-anamneze\/#breadcrumb\"},\"inLanguage\":\"cs\",\"potentialAction\":[{\"@type\":\"ReadAction\",\"target\":[\"https:\/\/www.healthy-heart.org\/cs\/udrzujte-sve-srdce-zdrave\/srdecni-onemocneni-v-rodinne-anamneze\/\"]}]},{\"@type\":\"ImageObject\",\"inLanguage\":\"cs\",\"@id\":\"https:\/\/www.healthy-heart.org\/cs\/udrzujte-sve-srdce-zdrave\/srdecni-onemocneni-v-rodinne-anamneze\/#primaryimage\",\"url\":\"https:\/\/www.healthy-heart.org\/wp-content\/uploads\/2019\/07\/iStock-117150029-3-e1565872500736-scaled.jpg\",\"contentUrl\":\"https:\/\/www.healthy-heart.org\/wp-content\/uploads\/2019\/07\/iStock-117150029-3-e1565872500736-scaled.jpg\",\"width\":2560,\"height\":1760},{\"@type\":\"BreadcrumbList\",\"@id\":\"https:\/\/www.healthy-heart.org\/cs\/udrzujte-sve-srdce-zdrave\/srdecni-onemocneni-v-rodinne-anamneze\/#breadcrumb\",\"itemListElement\":[{\"@type\":\"ListItem\",\"position\":1,\"name\":\"Home\",\"item\":\"https:\/\/www.healthy-heart.org\/cs\/\"},{\"@type\":\"ListItem\",\"position\":2,\"name\":\"Udr\u017eujte sv\u00e9 srdce zdrav\u00e9\",\"item\":\"https:\/\/www.healthy-heart.org\/cs\/udrzujte-sve-srdce-zdrave\/\"},{\"@type\":\"ListItem\",\"position\":3,\"name\":\"Srde\u010dn\u00ed onemocn\u011bn\u00ed v rodinn\u00e9 anamn\u00e9ze\"}]},{\"@type\":\"WebSite\",\"@id\":\"https:\/\/www.healthy-heart.org\/es\/#website\",\"url\":\"https:\/\/www.healthy-heart.org\/es\/\",\"name\":\"Healthy-Heart.org\",\"description\":\"Practical advice for patients and family care givers on the prevention of cardiovascular disease\",\"potentialAction\":[{\"@type\":\"SearchAction\",\"target\":{\"@type\":\"EntryPoint\",\"urlTemplate\":\"https:\/\/www.healthy-heart.org\/es\/?s={search_term_string}\"},\"query-input\":{\"@type\":\"PropertyValueSpecification\",\"valueRequired\":true,\"valueName\":\"search_term_string\"}}],\"inLanguage\":\"cs\"}]}<\/script>\n<!-- \/ Yoast SEO plugin. -->","yoast_head_json":{"title":"Rodinn\u00e1 anamn\u00e9za srde\u010dn\u00edho onemocn\u011bn\u00ed - Healthy-Heart.org","description":"Nau\u010dte se, jak sn\u00ed\u017eit riziko srde\u010dn\u00edch onemocn\u011bn\u00ed pomoc\u00ed zdrav\u00e9ho \u017eivotn\u00edho stylu, i kdy\u017e m\u00e1te rodinnou anamn\u00e9zu pozitivn\u00ed.","robots":{"index":"index","follow":"follow","max-snippet":"max-snippet:-1","max-image-preview":"max-image-preview:large","max-video-preview":"max-video-preview:-1"},"canonical":"https:\/\/www.healthy-heart.org\/cs\/udrzujte-sve-srdce-zdrave\/srdecni-onemocneni-v-rodinne-anamneze\/","og_locale":"cs_CZ","og_type":"article","og_title":"Rodinn\u00e1 anamn\u00e9za srde\u010dn\u00edho onemocn\u011bn\u00ed - Healthy-Heart.org","og_description":"Nau\u010dte se, jak sn\u00ed\u017eit riziko srde\u010dn\u00edch onemocn\u011bn\u00ed pomoc\u00ed zdrav\u00e9ho \u017eivotn\u00edho stylu, i kdy\u017e m\u00e1te rodinnou anamn\u00e9zu pozitivn\u00ed.","og_url":"https:\/\/www.healthy-heart.org\/cs\/udrzujte-sve-srdce-zdrave\/srdecni-onemocneni-v-rodinne-anamneze\/","og_site_name":"Healthy-Heart.org","og_image":[{"width":2560,"height":1760,"url":"https:\/\/www.healthy-heart.org\/wp-content\/uploads\/2019\/07\/iStock-117150029-3-e1565872500736-scaled.jpg","type":"image\/jpeg"}],"twitter_card":"summary_large_image","twitter_misc":{"Odhadovan\u00e1 doba \u010dten\u00ed":"2 minuty"},"schema":{"@context":"https:\/\/schema.org","@graph":[{"@type":"WebPage","@id":"https:\/\/www.healthy-heart.org\/cs\/udrzujte-sve-srdce-zdrave\/srdecni-onemocneni-v-rodinne-anamneze\/","url":"https:\/\/www.healthy-heart.org\/cs\/udrzujte-sve-srdce-zdrave\/srdecni-onemocneni-v-rodinne-anamneze\/","name":"Rodinn\u00e1 anamn\u00e9za srde\u010dn\u00edho onemocn\u011bn\u00ed - Healthy-Heart.org","isPartOf":{"@id":"https:\/\/www.healthy-heart.org\/es\/#website"},"primaryImageOfPage":{"@id":"https:\/\/www.healthy-heart.org\/cs\/udrzujte-sve-srdce-zdrave\/srdecni-onemocneni-v-rodinne-anamneze\/#primaryimage"},"image":{"@id":"https:\/\/www.healthy-heart.org\/cs\/udrzujte-sve-srdce-zdrave\/srdecni-onemocneni-v-rodinne-anamneze\/#primaryimage"},"thumbnailUrl":"https:\/\/www.healthy-heart.org\/wp-content\/uploads\/2019\/07\/iStock-117150029-3-e1565872500736-scaled.jpg","datePublished":"2023-08-16T13:54:33+00:00","dateModified":"2023-08-16T13:54:33+00:00","description":"Nau\u010dte se, jak sn\u00ed\u017eit riziko srde\u010dn\u00edch onemocn\u011bn\u00ed pomoc\u00ed zdrav\u00e9ho \u017eivotn\u00edho stylu, i kdy\u017e m\u00e1te rodinnou anamn\u00e9zu pozitivn\u00ed.","breadcrumb":{"@id":"https:\/\/www.healthy-heart.org\/cs\/udrzujte-sve-srdce-zdrave\/srdecni-onemocneni-v-rodinne-anamneze\/#breadcrumb"},"inLanguage":"cs","potentialAction":[{"@type":"ReadAction","target":["https:\/\/www.healthy-heart.org\/cs\/udrzujte-sve-srdce-zdrave\/srdecni-onemocneni-v-rodinne-anamneze\/"]}]},{"@type":"ImageObject","inLanguage":"cs","@id":"https:\/\/www.healthy-heart.org\/cs\/udrzujte-sve-srdce-zdrave\/srdecni-onemocneni-v-rodinne-anamneze\/#primaryimage","url":"https:\/\/www.healthy-heart.org\/wp-content\/uploads\/2019\/07\/iStock-117150029-3-e1565872500736-scaled.jpg","contentUrl":"https:\/\/www.healthy-heart.org\/wp-content\/uploads\/2019\/07\/iStock-117150029-3-e1565872500736-scaled.jpg","width":2560,"height":1760},{"@type":"BreadcrumbList","@id":"https:\/\/www.healthy-heart.org\/cs\/udrzujte-sve-srdce-zdrave\/srdecni-onemocneni-v-rodinne-anamneze\/#breadcrumb","itemListElement":[{"@type":"ListItem","position":1,"name":"Home","item":"https:\/\/www.healthy-heart.org\/cs\/"},{"@type":"ListItem","position":2,"name":"Udr\u017eujte sv\u00e9 srdce zdrav\u00e9","item":"https:\/\/www.healthy-heart.org\/cs\/udrzujte-sve-srdce-zdrave\/"},{"@type":"ListItem","position":3,"name":"Srde\u010dn\u00ed onemocn\u011bn\u00ed v rodinn\u00e9 anamn\u00e9ze"}]},{"@type":"WebSite","@id":"https:\/\/www.healthy-heart.org\/es\/#website","url":"https:\/\/www.healthy-heart.org\/es\/","name":"Healthy-Heart.org","description":"Practical advice for patients and family care givers on the prevention of cardiovascular disease","potentialAction":[{"@type":"SearchAction","target":{"@type":"EntryPoint","urlTemplate":"https:\/\/www.healthy-heart.org\/es\/?s={search_term_string}"},"query-input":{"@type":"PropertyValueSpecification","valueRequired":true,"valueName":"search_term_string"}}],"inLanguage":"cs"}]}},"_links":{"self":[{"href":"https:\/\/www.healthy-heart.org\/cs\/wp-json\/wp\/v2\/pages\/6900","targetHints":{"allow":["GET"]}}],"collection":[{"href":"https:\/\/www.healthy-heart.org\/cs\/wp-json\/wp\/v2\/pages"}],"about":[{"href":"https:\/\/www.healthy-heart.org\/cs\/wp-json\/wp\/v2\/types\/page"}],"author":[{"embeddable":true,"href":"https:\/\/www.healthy-heart.org\/cs\/wp-json\/wp\/v2\/users\/1"}],"replies":[{"embeddable":true,"href":"https:\/\/www.healthy-heart.org\/cs\/wp-json\/wp\/v2\/comments?post=6900"}],"version-history":[{"count":0,"href":"https:\/\/www.healthy-heart.org\/cs\/wp-json\/wp\/v2\/pages\/6900\/revisions"}],"up":[{"embeddable":true,"href":"https:\/\/www.healthy-heart.org\/cs\/wp-json\/wp\/v2\/pages\/6912"}],"wp:featuredmedia":[{"embeddable":true,"href":"https:\/\/www.healthy-heart.org\/cs\/wp-json\/wp\/v2\/media\/6905"}],"wp:attachment":[{"href":"https:\/\/www.healthy-heart.org\/cs\/wp-json\/wp\/v2\/media?parent=6900"}],"wp:term":[{"taxonomy":"category","embeddable":true,"href":"https:\/\/www.healthy-heart.org\/cs\/wp-json\/wp\/v2\/categories?post=6900"},{"taxonomy":"post_tag","embeddable":true,"href":"https:\/\/www.healthy-heart.org\/cs\/wp-json\/wp\/v2\/tags?post=6900"}],"curies":[{"name":"wp","href":"https:\/\/api.w.org\/{rel}","templated":true}]}}