{"id":6898,"date":"2023-08-16T14:54:32","date_gmt":"2023-08-16T13:54:32","guid":{"rendered":"https:\/\/www.healthy-heart.org\/zivot-se-srdecni-chorobou\/"},"modified":"2023-08-16T14:54:32","modified_gmt":"2023-08-16T13:54:32","slug":"zivot-se-srdecni-chorobou","status":"publish","type":"page","link":"https:\/\/www.healthy-heart.org\/cs\/zivot-se-srdecni-chorobou\/","title":{"rendered":"\u017divot se srde\u010dn\u00ed chorobou"},"content":{"rendered":"","protected":false},"excerpt":{"rendered":"","protected":false},"author":1,"featured_media":0,"parent":0,"menu_order":0,"comment_status":"closed","ping_status":"closed","template":"","meta":{"_acf_changed":false,"footnotes":""},"categories":[146],"tags":[],"class_list":["post-6898","page","type-page","status-publish","hentry","category-zivot-se-srdecni-chorobou"],"acf":[],"yoast_head":"<!-- This site is optimized with the Yoast SEO plugin v24.0 - https:\/\/yoast.com\/wordpress\/plugins\/seo\/ -->\n<title>\u017divot se srde\u010dn\u00ed chorobou - Healthy-Heart.org<\/title>\n<meta name=\"description\" content=\"Zjist\u011bte, co m\u016f\u017eete ud\u011blat pro zlep\u0161en\u00ed zdrav\u00ed sv\u00e9ho srdce, vra\u0165te se ke sv\u00fdm pravideln\u00fdm aktivit\u00e1m a zjist\u011bte, jak funguj\u00ed l\u00e9ky.\" \/>\n<meta name=\"robots\" content=\"index, follow, max-snippet:-1, max-image-preview:large, max-video-preview:-1\" \/>\n<link rel=\"canonical\" href=\"https:\/\/www.healthy-heart.org\/cs\/zivot-se-srdecni-chorobou\/\" \/>\n<meta property=\"og:locale\" content=\"cs_CZ\" \/>\n<meta property=\"og:type\" content=\"article\" \/>\n<meta property=\"og:title\" content=\"\u017divot se srde\u010dn\u00ed chorobou - Healthy-Heart.org\" \/>\n<meta property=\"og:description\" content=\"Zjist\u011bte, co m\u016f\u017eete ud\u011blat pro zlep\u0161en\u00ed zdrav\u00ed sv\u00e9ho srdce, vra\u0165te se ke sv\u00fdm pravideln\u00fdm aktivit\u00e1m a zjist\u011bte, jak funguj\u00ed l\u00e9ky.\" \/>\n<meta property=\"og:url\" content=\"https:\/\/www.healthy-heart.org\/cs\/zivot-se-srdecni-chorobou\/\" \/>\n<meta property=\"og:site_name\" content=\"Healthy-Heart.org\" \/>\n<meta name=\"twitter:card\" content=\"summary_large_image\" \/>\n<script type=\"application\/ld+json\" class=\"yoast-schema-graph\">{\"@context\":\"https:\/\/schema.org\",\"@graph\":[{\"@type\":\"WebPage\",\"@id\":\"https:\/\/www.healthy-heart.org\/cs\/zivot-se-srdecni-chorobou\/\",\"url\":\"https:\/\/www.healthy-heart.org\/cs\/zivot-se-srdecni-chorobou\/\",\"name\":\"\u017divot se srde\u010dn\u00ed chorobou - Healthy-Heart.org\",\"isPartOf\":{\"@id\":\"https:\/\/www.healthy-heart.org\/es\/#website\"},\"datePublished\":\"2023-08-16T13:54:32+00:00\",\"dateModified\":\"2023-08-16T13:54:32+00:00\",\"description\":\"Zjist\u011bte, co m\u016f\u017eete ud\u011blat pro zlep\u0161en\u00ed zdrav\u00ed sv\u00e9ho srdce, vra\u0165te se ke sv\u00fdm pravideln\u00fdm aktivit\u00e1m a zjist\u011bte, jak funguj\u00ed l\u00e9ky.\",\"breadcrumb\":{\"@id\":\"https:\/\/www.healthy-heart.org\/cs\/zivot-se-srdecni-chorobou\/#breadcrumb\"},\"inLanguage\":\"cs\",\"potentialAction\":[{\"@type\":\"ReadAction\",\"target\":[\"https:\/\/www.healthy-heart.org\/cs\/zivot-se-srdecni-chorobou\/\"]}]},{\"@type\":\"BreadcrumbList\",\"@id\":\"https:\/\/www.healthy-heart.org\/cs\/zivot-se-srdecni-chorobou\/#breadcrumb\",\"itemListElement\":[{\"@type\":\"ListItem\",\"position\":1,\"name\":\"Home\",\"item\":\"https:\/\/www.healthy-heart.org\/cs\/\"},{\"@type\":\"ListItem\",\"position\":2,\"name\":\"\u017divot se srde\u010dn\u00ed chorobou\"}]},{\"@type\":\"WebSite\",\"@id\":\"https:\/\/www.healthy-heart.org\/es\/#website\",\"url\":\"https:\/\/www.healthy-heart.org\/es\/\",\"name\":\"Healthy-Heart.org\",\"description\":\"Practical advice for patients and family care givers on the prevention of cardiovascular disease\",\"potentialAction\":[{\"@type\":\"SearchAction\",\"target\":{\"@type\":\"EntryPoint\",\"urlTemplate\":\"https:\/\/www.healthy-heart.org\/es\/?s={search_term_string}\"},\"query-input\":{\"@type\":\"PropertyValueSpecification\",\"valueRequired\":true,\"valueName\":\"search_term_string\"}}],\"inLanguage\":\"cs\"}]}<\/script>\n<!-- \/ Yoast SEO plugin. -->","yoast_head_json":{"title":"\u017divot se srde\u010dn\u00ed chorobou - Healthy-Heart.org","description":"Zjist\u011bte, co m\u016f\u017eete ud\u011blat pro zlep\u0161en\u00ed zdrav\u00ed sv\u00e9ho srdce, vra\u0165te se ke sv\u00fdm pravideln\u00fdm aktivit\u00e1m a zjist\u011bte, jak funguj\u00ed l\u00e9ky.","robots":{"index":"index","follow":"follow","max-snippet":"max-snippet:-1","max-image-preview":"max-image-preview:large","max-video-preview":"max-video-preview:-1"},"canonical":"https:\/\/www.healthy-heart.org\/cs\/zivot-se-srdecni-chorobou\/","og_locale":"cs_CZ","og_type":"article","og_title":"\u017divot se srde\u010dn\u00ed chorobou - Healthy-Heart.org","og_description":"Zjist\u011bte, co m\u016f\u017eete ud\u011blat pro zlep\u0161en\u00ed zdrav\u00ed sv\u00e9ho srdce, vra\u0165te se ke sv\u00fdm pravideln\u00fdm aktivit\u00e1m a zjist\u011bte, jak funguj\u00ed l\u00e9ky.","og_url":"https:\/\/www.healthy-heart.org\/cs\/zivot-se-srdecni-chorobou\/","og_site_name":"Healthy-Heart.org","twitter_card":"summary_large_image","schema":{"@context":"https:\/\/schema.org","@graph":[{"@type":"WebPage","@id":"https:\/\/www.healthy-heart.org\/cs\/zivot-se-srdecni-chorobou\/","url":"https:\/\/www.healthy-heart.org\/cs\/zivot-se-srdecni-chorobou\/","name":"\u017divot se srde\u010dn\u00ed chorobou - Healthy-Heart.org","isPartOf":{"@id":"https:\/\/www.healthy-heart.org\/es\/#website"},"datePublished":"2023-08-16T13:54:32+00:00","dateModified":"2023-08-16T13:54:32+00:00","description":"Zjist\u011bte, co m\u016f\u017eete ud\u011blat pro zlep\u0161en\u00ed zdrav\u00ed sv\u00e9ho srdce, vra\u0165te se ke sv\u00fdm pravideln\u00fdm aktivit\u00e1m a zjist\u011bte, jak funguj\u00ed l\u00e9ky.","breadcrumb":{"@id":"https:\/\/www.healthy-heart.org\/cs\/zivot-se-srdecni-chorobou\/#breadcrumb"},"inLanguage":"cs","potentialAction":[{"@type":"ReadAction","target":["https:\/\/www.healthy-heart.org\/cs\/zivot-se-srdecni-chorobou\/"]}]},{"@type":"BreadcrumbList","@id":"https:\/\/www.healthy-heart.org\/cs\/zivot-se-srdecni-chorobou\/#breadcrumb","itemListElement":[{"@type":"ListItem","position":1,"name":"Home","item":"https:\/\/www.healthy-heart.org\/cs\/"},{"@type":"ListItem","position":2,"name":"\u017divot se srde\u010dn\u00ed chorobou"}]},{"@type":"WebSite","@id":"https:\/\/www.healthy-heart.org\/es\/#website","url":"https:\/\/www.healthy-heart.org\/es\/","name":"Healthy-Heart.org","description":"Practical advice for patients and family care givers on the prevention of cardiovascular disease","potentialAction":[{"@type":"SearchAction","target":{"@type":"EntryPoint","urlTemplate":"https:\/\/www.healthy-heart.org\/es\/?s={search_term_string}"},"query-input":{"@type":"PropertyValueSpecification","valueRequired":true,"valueName":"search_term_string"}}],"inLanguage":"cs"}]}},"_links":{"self":[{"href":"https:\/\/www.healthy-heart.org\/cs\/wp-json\/wp\/v2\/pages\/6898","targetHints":{"allow":["GET"]}}],"collection":[{"href":"https:\/\/www.healthy-heart.org\/cs\/wp-json\/wp\/v2\/pages"}],"about":[{"href":"https:\/\/www.healthy-heart.org\/cs\/wp-json\/wp\/v2\/types\/page"}],"author":[{"embeddable":true,"href":"https:\/\/www.healthy-heart.org\/cs\/wp-json\/wp\/v2\/users\/1"}],"replies":[{"embeddable":true,"href":"https:\/\/www.healthy-heart.org\/cs\/wp-json\/wp\/v2\/comments?post=6898"}],"version-history":[{"count":0,"href":"https:\/\/www.healthy-heart.org\/cs\/wp-json\/wp\/v2\/pages\/6898\/revisions"}],"wp:attachment":[{"href":"https:\/\/www.healthy-heart.org\/cs\/wp-json\/wp\/v2\/media?parent=6898"}],"wp:term":[{"taxonomy":"category","embeddable":true,"href":"https:\/\/www.healthy-heart.org\/cs\/wp-json\/wp\/v2\/categories?post=6898"},{"taxonomy":"post_tag","embeddable":true,"href":"https:\/\/www.healthy-heart.org\/cs\/wp-json\/wp\/v2\/tags?post=6898"}],"curies":[{"name":"wp","href":"https:\/\/api.w.org\/{rel}","templated":true}]}}