{"id":6891,"date":"2023-08-16T14:54:31","date_gmt":"2023-08-16T13:54:31","guid":{"rendered":"https:\/\/www.healthy-heart.org\/jak-provadet-kpr-kardiopulmonalni-resuscitaci\/"},"modified":"2023-08-16T14:54:31","modified_gmt":"2023-08-16T13:54:31","slug":"jak-provadet-kpr-kardiopulmonalni-resuscitaci","status":"publish","type":"page","link":"https:\/\/www.healthy-heart.org\/cs\/vase-srdce\/jak-provadet-kpr-kardiopulmonalni-resuscitaci\/","title":{"rendered":"Jak prov\u00e1d\u011bt KPR (kardiopulmon\u00e1ln\u00ed resuscitaci)"},"content":{"rendered":"<p><img loading=\"lazy\" decoding=\"async\" class=\"alignright size-medium wp-image-784\" src=\"https:\/\/cdn-endpoint-prev.azureedge.net\/healthy-heart\/2019\/07\/iStock-915166956-350x233.jpg\" alt=\"\" width=\"350\" height=\"233\" srcset=\"https:\/\/www.healthy-heart.org\/wp-content\/uploads\/2019\/07\/iStock-915166956-350x233.jpg 350w, https:\/\/cdn-endpoint-prev.azureedge.net\/healthy-heart\/2019\/07\/iStock-915166956-2048x1365.jpg 2048w, https:\/\/cdn-endpoint-prev.azureedge.net\/healthy-heart\/2019\/07\/iStock-915166956-659x439.jpg 659w, https:\/\/www.healthy-heart.org\/wp-content\/uploads\/2019\/07\/iStock-915166956-200x133.jpg 200w, https:\/\/www.healthy-heart.org\/wp-content\/uploads\/2019\/07\/iStock-915166956-768x512.jpg 768w, https:\/\/www.healthy-heart.org\/wp-content\/uploads\/2019\/07\/iStock-915166956-1024x683.jpg 1024w, https:\/\/www.healthy-heart.org\/wp-content\/uploads\/2019\/07\/iStock-915166956-1536x1024.jpg 1536w, https:\/\/www.healthy-heart.org\/wp-content\/uploads\/2019\/07\/iStock-915166956-696x464.jpg 696w\" sizes=\"auto, (max-width: 350px) 100vw, 350px\" \/>Dobr\u00e9 zpr\u00e1vy: Pomoci zachr\u00e1nit n\u011b\u010d\u00ed \u017eivot je jednodu\u0161\u0161\u00ed, ne\u017e si mysl\u00edte.<\/p>\n<p>Pokud uvid\u00edte n\u011bkoho kolabovat, p\u0159istupte k n\u011bmu.<\/p>\n<ol>\n<li>\u0158ekn\u011bte n\u011bkomu, aby zavolal na m\u00edstn\u00ed \u010d\u00edslo t\u00eds\u0148ov\u00e9 linky (pokud nezn\u00e1te m\u00edstn\u00ed \u010d\u00edslo, 112 funguje v cel\u00e9 Evrop\u011b a mnoha dal\u0161\u00edch zem\u00edch) a pokuste se naj\u00edt defibril\u00e1tor. Pokud jste sami, zavolejte pohotovost a z\u016fsta\u0148te s posti\u017een\u00fdm.<\/li>\n<li>Pokud osoba nereaguje a ned\u00fdch\u00e1 spr\u00e1vn\u011b \u2013 zahajte KPR:<br \/>\nNaklo\u0148te se nad hrudn\u00edk dan\u00e9 osoby, polo\u017ete jednu ruku do st\u0159edu hrudn\u00edku, druhou ruku polo\u017ete na prvn\u00ed a prov\u00e1d\u011bjte SILNN\u00c1 A RYCHL\u00c1 STLA\u010cEN\u00cd HRUDN\u00cdKU, DOKUD NEDORAZ\u00cd POMOC. M\u011bli byste prov\u00e1d\u011bt asi 100 a\u017e 120 stla\u010den\u00ed za minutu, co\u017e je p\u0159ibli\u017en\u011b stejn\u00e9 tempo jako m\u00e1 slavn\u00e1 p\u00edse\u0148 Bee Gees Stayin&#8216; Alive. Pokra\u010dujte, dokud nedoraz\u00ed sanitka.<\/li>\n<\/ol>\n<p>PAMATUJTE SI:<\/p>\n<ol>\n<li>V\u017dDY ZAVOLEJTE RYCHLOU Z\u00c1CHRANNOU SLU\u017dBU<\/li>\n<li>PROV\u00c1D\u011aJTE RYCHL\u00c9 A SILN\u00c9 KOMPRESE<\/li>\n<\/ol>\n<p>VA\u0160E AKTIVITA M\u016e\u017dE POMOCI ZACHR\u00c1NIT \u017dIVOT!<\/p>\n<p>Dal\u0161\u00ed informace najdete v tomto <a href=\"https:\/\/www.bhf.org.uk\/how-you-can-help\/how-to-save-a-life\/how-to-do-cpr\/cpr-training-videos\" target=\"_blank\" rel=\"noopener noreferrer\">videu<\/a>, kter\u00e9 vytvo\u0159ila British Heart Foundation.<\/p>\n","protected":false},"excerpt":{"rendered":"<p>Dobr\u00e9 zpr\u00e1vy: Pomoci zachr\u00e1nit n\u011b\u010d\u00ed \u017eivot je jednodu\u0161\u0161\u00ed, ne\u017e si mysl\u00edte. Pokud uvid\u00edte n\u011bkoho kolabovat, p\u0159istupte k n\u011bmu. \u0158ekn\u011bte n\u011bkomu, aby zavolal na m\u00edstn\u00ed \u010d\u00edslo t\u00eds\u0148ov\u00e9 linky (pokud nezn\u00e1te m\u00edstn\u00ed \u010d\u00edslo, 112 funguje v cel\u00e9 Evrop\u011b a mnoha dal\u0161\u00edch zem\u00edch) a pokuste se naj\u00edt defibril\u00e1tor. Pokud jste sami, zavolejte pohotovost a z\u016fsta\u0148te s posti\u017een\u00fdm. Pokud [&hellip;]<\/p>\n","protected":false},"author":1,"featured_media":6897,"parent":6903,"menu_order":4,"comment_status":"closed","ping_status":"closed","template":"","meta":{"_acf_changed":false,"footnotes":""},"categories":[145],"tags":[],"class_list":["post-6891","page","type-page","status-publish","has-post-thumbnail","hentry","category-vase-srdce"],"acf":[],"yoast_head":"<!-- This site is optimized with the Yoast SEO plugin v24.0 - https:\/\/yoast.com\/wordpress\/plugins\/seo\/ -->\n<title>Jak prov\u00e9st KPR - Healthy-Heart.org<\/title>\n<meta name=\"description\" content=\"Nau\u010dte se, jak prov\u00e1d\u011bt KPR neboli kardiopulmon\u00e1ln\u00ed resuscitaci pomoc\u00ed kompres\u00ed hrudn\u00edku, kdy\u017e m\u00e1 n\u011bkdo srde\u010dn\u00ed z\u00e1stavu.\" \/>\n<meta name=\"robots\" content=\"index, follow, max-snippet:-1, max-image-preview:large, max-video-preview:-1\" \/>\n<link rel=\"canonical\" href=\"https:\/\/www.healthy-heart.org\/cs\/vase-srdce\/jak-provadet-kpr-kardiopulmonalni-resuscitaci\/\" \/>\n<meta property=\"og:locale\" content=\"cs_CZ\" \/>\n<meta property=\"og:type\" content=\"article\" \/>\n<meta property=\"og:title\" content=\"Jak prov\u00e9st KPR - Healthy-Heart.org\" \/>\n<meta property=\"og:description\" content=\"Nau\u010dte se, jak prov\u00e1d\u011bt KPR neboli kardiopulmon\u00e1ln\u00ed resuscitaci pomoc\u00ed kompres\u00ed hrudn\u00edku, kdy\u017e m\u00e1 n\u011bkdo srde\u010dn\u00ed z\u00e1stavu.\" \/>\n<meta property=\"og:url\" content=\"https:\/\/www.healthy-heart.org\/cs\/vase-srdce\/jak-provadet-kpr-kardiopulmonalni-resuscitaci\/\" \/>\n<meta property=\"og:site_name\" content=\"Healthy-Heart.org\" \/>\n<meta property=\"og:image\" content=\"https:\/\/www.healthy-heart.org\/wp-content\/uploads\/2019\/08\/cpr.jpg\" \/>\n\t<meta property=\"og:image:width\" content=\"518\" \/>\n\t<meta property=\"og:image:height\" content=\"345\" \/>\n\t<meta property=\"og:image:type\" content=\"image\/jpeg\" \/>\n<meta name=\"twitter:card\" content=\"summary_large_image\" \/>\n<meta name=\"twitter:label1\" content=\"Odhadovan\u00e1 doba \u010dten\u00ed\" \/>\n\t<meta name=\"twitter:data1\" content=\"1 minuta\" \/>\n<script type=\"application\/ld+json\" class=\"yoast-schema-graph\">{\"@context\":\"https:\/\/schema.org\",\"@graph\":[{\"@type\":\"WebPage\",\"@id\":\"https:\/\/www.healthy-heart.org\/cs\/vase-srdce\/jak-provadet-kpr-kardiopulmonalni-resuscitaci\/\",\"url\":\"https:\/\/www.healthy-heart.org\/cs\/vase-srdce\/jak-provadet-kpr-kardiopulmonalni-resuscitaci\/\",\"name\":\"Jak prov\u00e9st KPR - Healthy-Heart.org\",\"isPartOf\":{\"@id\":\"https:\/\/www.healthy-heart.org\/es\/#website\"},\"primaryImageOfPage\":{\"@id\":\"https:\/\/www.healthy-heart.org\/cs\/vase-srdce\/jak-provadet-kpr-kardiopulmonalni-resuscitaci\/#primaryimage\"},\"image\":{\"@id\":\"https:\/\/www.healthy-heart.org\/cs\/vase-srdce\/jak-provadet-kpr-kardiopulmonalni-resuscitaci\/#primaryimage\"},\"thumbnailUrl\":\"https:\/\/www.healthy-heart.org\/wp-content\/uploads\/2019\/08\/cpr.jpg\",\"datePublished\":\"2023-08-16T13:54:31+00:00\",\"dateModified\":\"2023-08-16T13:54:31+00:00\",\"description\":\"Nau\u010dte se, jak prov\u00e1d\u011bt KPR neboli kardiopulmon\u00e1ln\u00ed resuscitaci pomoc\u00ed kompres\u00ed hrudn\u00edku, kdy\u017e m\u00e1 n\u011bkdo srde\u010dn\u00ed z\u00e1stavu.\",\"breadcrumb\":{\"@id\":\"https:\/\/www.healthy-heart.org\/cs\/vase-srdce\/jak-provadet-kpr-kardiopulmonalni-resuscitaci\/#breadcrumb\"},\"inLanguage\":\"cs\",\"potentialAction\":[{\"@type\":\"ReadAction\",\"target\":[\"https:\/\/www.healthy-heart.org\/cs\/vase-srdce\/jak-provadet-kpr-kardiopulmonalni-resuscitaci\/\"]}]},{\"@type\":\"ImageObject\",\"inLanguage\":\"cs\",\"@id\":\"https:\/\/www.healthy-heart.org\/cs\/vase-srdce\/jak-provadet-kpr-kardiopulmonalni-resuscitaci\/#primaryimage\",\"url\":\"https:\/\/www.healthy-heart.org\/wp-content\/uploads\/2019\/08\/cpr.jpg\",\"contentUrl\":\"https:\/\/www.healthy-heart.org\/wp-content\/uploads\/2019\/08\/cpr.jpg\",\"width\":518,\"height\":345},{\"@type\":\"BreadcrumbList\",\"@id\":\"https:\/\/www.healthy-heart.org\/cs\/vase-srdce\/jak-provadet-kpr-kardiopulmonalni-resuscitaci\/#breadcrumb\",\"itemListElement\":[{\"@type\":\"ListItem\",\"position\":1,\"name\":\"Home\",\"item\":\"https:\/\/www.healthy-heart.org\/cs\/\"},{\"@type\":\"ListItem\",\"position\":2,\"name\":\"Va\u0161e srdce\",\"item\":\"https:\/\/www.healthy-heart.org\/cs\/vase-srdce\/\"},{\"@type\":\"ListItem\",\"position\":3,\"name\":\"Jak prov\u00e1d\u011bt KPR (kardiopulmon\u00e1ln\u00ed resuscitaci)\"}]},{\"@type\":\"WebSite\",\"@id\":\"https:\/\/www.healthy-heart.org\/es\/#website\",\"url\":\"https:\/\/www.healthy-heart.org\/es\/\",\"name\":\"Healthy-Heart.org\",\"description\":\"Practical advice for patients and family care givers on the prevention of cardiovascular disease\",\"potentialAction\":[{\"@type\":\"SearchAction\",\"target\":{\"@type\":\"EntryPoint\",\"urlTemplate\":\"https:\/\/www.healthy-heart.org\/es\/?s={search_term_string}\"},\"query-input\":{\"@type\":\"PropertyValueSpecification\",\"valueRequired\":true,\"valueName\":\"search_term_string\"}}],\"inLanguage\":\"cs\"}]}<\/script>\n<!-- \/ Yoast SEO plugin. -->","yoast_head_json":{"title":"Jak prov\u00e9st KPR - Healthy-Heart.org","description":"Nau\u010dte se, jak prov\u00e1d\u011bt KPR neboli kardiopulmon\u00e1ln\u00ed resuscitaci pomoc\u00ed kompres\u00ed hrudn\u00edku, kdy\u017e m\u00e1 n\u011bkdo srde\u010dn\u00ed z\u00e1stavu.","robots":{"index":"index","follow":"follow","max-snippet":"max-snippet:-1","max-image-preview":"max-image-preview:large","max-video-preview":"max-video-preview:-1"},"canonical":"https:\/\/www.healthy-heart.org\/cs\/vase-srdce\/jak-provadet-kpr-kardiopulmonalni-resuscitaci\/","og_locale":"cs_CZ","og_type":"article","og_title":"Jak prov\u00e9st KPR - Healthy-Heart.org","og_description":"Nau\u010dte se, jak prov\u00e1d\u011bt KPR neboli kardiopulmon\u00e1ln\u00ed resuscitaci pomoc\u00ed kompres\u00ed hrudn\u00edku, kdy\u017e m\u00e1 n\u011bkdo srde\u010dn\u00ed z\u00e1stavu.","og_url":"https:\/\/www.healthy-heart.org\/cs\/vase-srdce\/jak-provadet-kpr-kardiopulmonalni-resuscitaci\/","og_site_name":"Healthy-Heart.org","og_image":[{"width":518,"height":345,"url":"https:\/\/www.healthy-heart.org\/wp-content\/uploads\/2019\/08\/cpr.jpg","type":"image\/jpeg"}],"twitter_card":"summary_large_image","twitter_misc":{"Odhadovan\u00e1 doba \u010dten\u00ed":"1 minuta"},"schema":{"@context":"https:\/\/schema.org","@graph":[{"@type":"WebPage","@id":"https:\/\/www.healthy-heart.org\/cs\/vase-srdce\/jak-provadet-kpr-kardiopulmonalni-resuscitaci\/","url":"https:\/\/www.healthy-heart.org\/cs\/vase-srdce\/jak-provadet-kpr-kardiopulmonalni-resuscitaci\/","name":"Jak prov\u00e9st KPR - Healthy-Heart.org","isPartOf":{"@id":"https:\/\/www.healthy-heart.org\/es\/#website"},"primaryImageOfPage":{"@id":"https:\/\/www.healthy-heart.org\/cs\/vase-srdce\/jak-provadet-kpr-kardiopulmonalni-resuscitaci\/#primaryimage"},"image":{"@id":"https:\/\/www.healthy-heart.org\/cs\/vase-srdce\/jak-provadet-kpr-kardiopulmonalni-resuscitaci\/#primaryimage"},"thumbnailUrl":"https:\/\/www.healthy-heart.org\/wp-content\/uploads\/2019\/08\/cpr.jpg","datePublished":"2023-08-16T13:54:31+00:00","dateModified":"2023-08-16T13:54:31+00:00","description":"Nau\u010dte se, jak prov\u00e1d\u011bt KPR neboli kardiopulmon\u00e1ln\u00ed resuscitaci pomoc\u00ed kompres\u00ed hrudn\u00edku, kdy\u017e m\u00e1 n\u011bkdo srde\u010dn\u00ed z\u00e1stavu.","breadcrumb":{"@id":"https:\/\/www.healthy-heart.org\/cs\/vase-srdce\/jak-provadet-kpr-kardiopulmonalni-resuscitaci\/#breadcrumb"},"inLanguage":"cs","potentialAction":[{"@type":"ReadAction","target":["https:\/\/www.healthy-heart.org\/cs\/vase-srdce\/jak-provadet-kpr-kardiopulmonalni-resuscitaci\/"]}]},{"@type":"ImageObject","inLanguage":"cs","@id":"https:\/\/www.healthy-heart.org\/cs\/vase-srdce\/jak-provadet-kpr-kardiopulmonalni-resuscitaci\/#primaryimage","url":"https:\/\/www.healthy-heart.org\/wp-content\/uploads\/2019\/08\/cpr.jpg","contentUrl":"https:\/\/www.healthy-heart.org\/wp-content\/uploads\/2019\/08\/cpr.jpg","width":518,"height":345},{"@type":"BreadcrumbList","@id":"https:\/\/www.healthy-heart.org\/cs\/vase-srdce\/jak-provadet-kpr-kardiopulmonalni-resuscitaci\/#breadcrumb","itemListElement":[{"@type":"ListItem","position":1,"name":"Home","item":"https:\/\/www.healthy-heart.org\/cs\/"},{"@type":"ListItem","position":2,"name":"Va\u0161e srdce","item":"https:\/\/www.healthy-heart.org\/cs\/vase-srdce\/"},{"@type":"ListItem","position":3,"name":"Jak prov\u00e1d\u011bt KPR (kardiopulmon\u00e1ln\u00ed resuscitaci)"}]},{"@type":"WebSite","@id":"https:\/\/www.healthy-heart.org\/es\/#website","url":"https:\/\/www.healthy-heart.org\/es\/","name":"Healthy-Heart.org","description":"Practical advice for patients and family care givers on the prevention of cardiovascular disease","potentialAction":[{"@type":"SearchAction","target":{"@type":"EntryPoint","urlTemplate":"https:\/\/www.healthy-heart.org\/es\/?s={search_term_string}"},"query-input":{"@type":"PropertyValueSpecification","valueRequired":true,"valueName":"search_term_string"}}],"inLanguage":"cs"}]}},"_links":{"self":[{"href":"https:\/\/www.healthy-heart.org\/cs\/wp-json\/wp\/v2\/pages\/6891","targetHints":{"allow":["GET"]}}],"collection":[{"href":"https:\/\/www.healthy-heart.org\/cs\/wp-json\/wp\/v2\/pages"}],"about":[{"href":"https:\/\/www.healthy-heart.org\/cs\/wp-json\/wp\/v2\/types\/page"}],"author":[{"embeddable":true,"href":"https:\/\/www.healthy-heart.org\/cs\/wp-json\/wp\/v2\/users\/1"}],"replies":[{"embeddable":true,"href":"https:\/\/www.healthy-heart.org\/cs\/wp-json\/wp\/v2\/comments?post=6891"}],"version-history":[{"count":0,"href":"https:\/\/www.healthy-heart.org\/cs\/wp-json\/wp\/v2\/pages\/6891\/revisions"}],"up":[{"embeddable":true,"href":"https:\/\/www.healthy-heart.org\/cs\/wp-json\/wp\/v2\/pages\/6903"}],"wp:featuredmedia":[{"embeddable":true,"href":"https:\/\/www.healthy-heart.org\/cs\/wp-json\/wp\/v2\/media\/6897"}],"wp:attachment":[{"href":"https:\/\/www.healthy-heart.org\/cs\/wp-json\/wp\/v2\/media?parent=6891"}],"wp:term":[{"taxonomy":"category","embeddable":true,"href":"https:\/\/www.healthy-heart.org\/cs\/wp-json\/wp\/v2\/categories?post=6891"},{"taxonomy":"post_tag","embeddable":true,"href":"https:\/\/www.healthy-heart.org\/cs\/wp-json\/wp\/v2\/tags?post=6891"}],"curies":[{"name":"wp","href":"https:\/\/api.w.org\/{rel}","templated":true}]}}